{"id":5847,"date":"2023-05-04T16:03:31","date_gmt":"2023-05-04T14:03:31","guid":{"rendered":"https:\/\/www.bastillehostel.com\/?page_id=5847"},"modified":"2023-05-04T16:14:27","modified_gmt":"2023-05-04T14:14:27","slug":"movimente-se-pelo-quartier-latin","status":"publish","type":"page","link":"https:\/\/www.bastillehostel.com\/pt-pt\/dicas-paris\/discover-latin-quarter\/movimente-se-pelo-quartier-latin\/","title":{"rendered":"Movimente-se pelo Quartier Latin"},"content":{"rendered":"<p>Algumas institui\u00e7\u00f5es do bairro, como Lut\u00e8ce ou o cais do Sena, recebem os atletas de bra\u00e7os abertos, permitindo-lhes treinar num cen\u00e1rio deslumbrante. Mas se voc\u00ea prefere esportes indoor, saiba que a maioria das academias oferece descontos para alunos.<\/p>\n\t\t\t<style type=\"text\/css\">\n\t\t\t\t#content-block-background-1912 { background-image: url(); background-position: 50% 0; background-repeat: repeat; background-color: transparent; background-attachment: scroll; background-size: auto; }\n\t\t\t\t#content-block-body-1912 { padding: 40px 0; color: inherit; }\n\t\t\t\t.content-block-body { margin-left: auto; margin-right: auto; position: relative; }\n\t\t\t<\/style>\n\t\t\t\t\t\t\t<style type=\"text\/css\">\n\t\t\t\t\t#wrapper-1 { overflow-x: hidden; }\n\t\t\t\t\t#content-block-background-1912 { margin: 0 -10000px; padding: 0 10000px; }\n\t\t\t\t<\/style>\n\t\t\t\n\t\t\t\t\t\t<script type=\"text\/javascript\">\n\t\t\t\t\/\/ <![CDATA[\n\t\t\t\tjQuery(document).ready(function($){\n\t\t\t\t\t\"use strict\";\n\t\t\t\t\tif( ! $(\"body\").hasClass( \"mobile-detected\" ) ){\n\t\t\t\t\t\t$(\"#content-block-background-\"+1912).each(function(){\n\t\t\t\t\t\t\tvar $bgobj = $(this); \/\/ Assigning the object.\n\t\t\t\t\t\t\tvar xPos = '50%'; \/\/ x bg position value from the user shortcode.\n\t\t\t\t\t\t\t$(window).scroll(function() {\n\t\t\t\t\t\t\t\tvar yPos = -($(window).scrollTop() \/ 3);\n\t\t\t\t\t\t\t\t\/\/ Put together our final background position.\n\t\t\t\t\t\t\t\tvar coords = xPos+' '+yPos+'px';\n\t\t\t\t\t\t\t\t\/\/ Move the background.\n\t\t\t\t\t\t\t\t$bgobj.css({ backgroundPosition: coords });\n\t\t\t\t\t\t\t});\n\t\t\t\t\t\t});\n\t\t\t\t\t}\n\t\t\t\t});\n\t\t\t\t\/\/ ]]>\n\t\t\t<\/script>\n\t\t\t\n\t\t\t<div class=\"clear\"><\/div>\n\t\t\t<div id=\"content-block-background-1912\" class=\"content-block-background \">\n\t\t\t\t<div id=\"content-block-body-1912\" class=\"content-block-body\">\n\t\t\t\t\t<div class=\"clear\"><\/div>\n\t\t\t\t\t\n<div class=\"one_fourth\">\n<img decoding=\"async\" class=\"aligncenter size-full wp-image-779\" alt=\"ArenesDuLutece\" src=\"https:\/\/www.bastillehostel.com\/wp-content\/uploads\/2018\/06\/ArenesDuLutece.jpg\" width=\"150\" height=\"150\" \/><\/p>\n<h4 class=\"title\">Boulodrome des ar\u00e8ne de Lut\u00e8ce<\/h4>\n<p><strong>47 rue Monge-8 rue de Navarre &#8211; 75005 Paris &#8211; M\u00e9tro : Place-Monge<\/strong><\/p>\n<p>Quase todo arrondissement tem seu campo de petanca ou boliche. Mas voc\u00ea n\u00e3o encontrar\u00e1 uma sele\u00e7\u00e3o t\u00e3o ampla para desfrutar em nenhum outro lugar. Na arena de Lut\u00e8ce, os restos de um anfiteatro galo-romano constru\u00eddo no s\u00e9culo I, voc\u00ea pode participar de um feroz jogo de boliche no terreno que j\u00e1 abrigou as feras e os gladiadores. Algo para alimentar seu esp\u00edrito competitivo\u2026<\/p>\n<p>&nbsp;<\/p>\n<\/div>\n<div class=\"one_fourth\">\n<img decoding=\"async\" class=\"aligncenter size-full wp-image-780\" alt=\"gymnase_amyot1\" src=\"https:\/\/www.bastillehostel.com\/wp-content\/uploads\/2018\/06\/gymnase_amyot1.jpg\" width=\"150\" height=\"100\" \/><br \/>\n<a href=\"http:\/\/equipement.paris.fr\/gymnase-amyot-3187\" target=\"_blank\" rel=\"noopener\"><\/p>\n<h4 class=\"title\">Gymnase Amyot<\/h4>\n<p><\/a><\/p>\n<p><strong>3 rue Amyot &#8211; 75005 Paris &#8211; M\u00e9tro : Place-Monge<\/strong><\/p>\n<p>O Gin\u00e1sio Amyot, perto da Rue Mouffetard, aluga quartos a associa\u00e7\u00f5es desportivas ou a professores particulares, especialmente os que ensinam dan\u00e7a, ioga e artes marciais. Basta ir at\u00e9 a recep\u00e7\u00e3o da academia para conhecer a grade de cursos e as disciplinas oferecidas: karate, aikido, taekwondo e outras. Se voc\u00ea gosta mais de basquete, v\u00f4lei ou badminton, vai preferir o vizinho Gymnasium Lavoisier<\/p>\n<p>&nbsp;<\/p>\n<\/div>\n<div class=\"one_fourth\">\n<img decoding=\"async\" class=\"aligncenter size-thumbnail wp-image-782\" alt=\"piscinePontoise\" src=\"https:\/\/www.bastillehostel.com\/wp-content\/uploads\/2018\/06\/piscinePontoise-150x150.jpg\" width=\"150\" height=\"150\" \/><br \/>\n<a href=\"http:\/\/equipement.paris.fr\/piscine-pontoise-2918\" target=\"_blank\" rel=\"noopener\"><\/p>\n<h4 class=\"title\">Piscine Pontoise<\/h4>\n<p><\/a><\/p>\n<p><strong>19 rue Pontoise &#8211; 75005 Paris &#8211; M\u00e9tro : Maubert-Mutualist\u00e9<\/strong><\/p>\n<p>Localizada no interior do complexo esportivo Club Quartier Latin, a piscina Pontoise provavelmente n\u00e3o \u00e9 a melhor piscina de Paris. No entanto, a sua not\u00e1vel arquitetura Art Deco, a sua localiza\u00e7\u00e3o no cora\u00e7\u00e3o do bairro universit\u00e1rio e o seu hor\u00e1rio alargado (fecha \u00e0s 23h45 durante a semana) tornam-no num local ideal para um mergulho noturno.<\/p>\n<p>&nbsp;<\/p>\n<\/div>\n<div class=\"one_fourth last_column\">\n<img decoding=\"async\" class=\"aligncenter size-full wp-image-785\" alt=\"petits-bal\" src=\"https:\/\/www.bastillehostel.com\/wp-content\/uploads\/2018\/06\/petits-bal.jpg\" width=\"150\" height=\"150\" \/><\/p>\n<h4 class=\"title\">Petit bals en plein air <\/h4>\n<p><strong>Quai Saint-Bernard &#8211; 75005 Paris &#8211; M\u00e9tro : Jussieu<\/strong><\/p>\n<p>Dan\u00e7ar um tango sob as estrelas, junto ao Sena, \u00e0 luz dos projectores dos Bateaux-Mouches\u2026 N\u00e3o \u00e9 uma cena de com\u00e9dia rom\u00e2ntica, \u00e9 mesmo o que acontece todas as noites de ver\u00e3o nas docas entre Sully e le pont d&#8217;Austerlitz. Esta zona chamada \u201cpetits amphis\u201d por causa das quatro pequenas arenas, rodeadas de esplanadas (para assistir ou recuperar o f\u00f4lego) \u00e9 dedicada \u00e0 dan\u00e7a, seja salsa, rock ou dan\u00e7as tradicionais bret\u00e3s. Todos podem experiment\u00e1-lo gratuitamente. Para iniciantes, h\u00e1 aulas gratuitas das 19h \u00e0s 21h. Atmosfera m\u00e1gica.<\/p>\n<p>&nbsp;<\/p>\n<\/div>\n\t\t\t\t\t<div class=\"clear\"><\/div>\n\t\t\t\t<\/div>\n\t\t\t<\/div>\n\t\t\t<div class=\"clear\"><\/div>\n\t\t\t\n<div class=\"clear\"><\/div>\n\t\t\t<style type=\"text\/css\">\n\t\t\t\t#content-block-background-1988 { background-image: url(); background-position: 50% 0; background-repeat: repeat; background-color: transparent; background-attachment: scroll; background-size: auto; }\n\t\t\t\t#content-block-body-1988 { padding: 40px 0; color: inherit; }\n\t\t\t\t.content-block-body { margin-left: auto; margin-right: auto; position: relative; }\n\t\t\t<\/style>\n\t\t\t\t\t\t\t<style type=\"text\/css\">\n\t\t\t\t\t#wrapper-1 { overflow-x: hidden; }\n\t\t\t\t\t#content-block-background-1988 { margin: 0 -10000px; padding: 0 10000px; }\n\t\t\t\t<\/style>\n\t\t\t\n\t\t\t\t\t\t<script type=\"text\/javascript\">\n\t\t\t\t\/\/ <![CDATA[\n\t\t\t\tjQuery(document).ready(function($){\n\t\t\t\t\t\"use strict\";\n\t\t\t\t\tif( ! $(\"body\").hasClass( \"mobile-detected\" ) ){\n\t\t\t\t\t\t$(\"#content-block-background-\"+1988).each(function(){\n\t\t\t\t\t\t\tvar $bgobj = $(this); \/\/ Assigning the object.\n\t\t\t\t\t\t\tvar xPos = '50%'; \/\/ x bg position value from the user shortcode.\n\t\t\t\t\t\t\t$(window).scroll(function() {\n\t\t\t\t\t\t\t\tvar yPos = -($(window).scrollTop() \/ 3);\n\t\t\t\t\t\t\t\t\/\/ Put together our final background position.\n\t\t\t\t\t\t\t\tvar coords = xPos+' '+yPos+'px';\n\t\t\t\t\t\t\t\t\/\/ Move the background.\n\t\t\t\t\t\t\t\t$bgobj.css({ backgroundPosition: coords });\n\t\t\t\t\t\t\t});\n\t\t\t\t\t\t});\n\t\t\t\t\t}\n\t\t\t\t});\n\t\t\t\t\/\/ ]]>\n\t\t\t<\/script>\n\t\t\t\n\t\t\t<div class=\"clear\"><\/div>\n\t\t\t<div id=\"content-block-background-1988\" class=\"content-block-background \">\n\t\t\t\t<div id=\"content-block-body-1988\" class=\"content-block-body\">\n\t\t\t\t\t<div class=\"clear\"><\/div>\n\t\t\t\t\t\n<div class=\"one_third\">\n<a class=\"btn orange survol\" href=\"https:\/\/www.bastillehostel.com\/pt-pt\/dicas-paris\/discover-latin-quarter\/bares-no-quartier-latin\/\"> <i class=\"fa fa-glass\" aria-hidden=\"true\"><\/i>\u00a0Bares no Quartier Latin &gt;<\/a><br \/>\n<a class=\"btn orange survol\" href=\"https:\/\/www.bastillehostel.com\/pt-pt\/dicas-paris\/discover-latin-quarter\/comer-no-quartier-latin\/\"><i class=\"fa fa-cutlery\" aria-hidden=\"true\"><\/i>\u00a0Comer no Quartier Latin &gt;<\/a><br \/>\n<\/div>\n<div class=\"one_third\">\n<a class=\"btn orange survol\" href=\"https:\/\/www.bastillehostel.com\/pt-pt\/dicas-paris\/discover-latin-quarter\/dancar-no-quartier-latin\/\"><i class=\"fa fa-music\" aria-hidden=\"true\"><\/i>\u00a0Dan\u00e7ar no Quartier Latin &gt;<\/a><br \/>\n<a class=\"btn orange survol\" href=\"https:\/\/www.bastillehostel.com\/pt-pt\/dicas-paris\/discover-latin-quarter\/sala-de-concertos-no-quartier-latin\/\"><i class=\"fa fa-music\" aria-hidden=\"true\"><\/i>\u00a0Salas de concertos no Quartier Latin&gt;<\/a><br \/>\n<\/div>\n<div class=\"one_third last_column\">\n<a class=\"btn orange survol\" href=\"https:\/\/www.bastillehostel.com\/pt-pt\/dicas-paris\/discover-latin-quarter\/movimente-se-pelo-quartier-latin\/\"><i class=\"fa fa-bicycle\" aria-hidden=\"true\"><\/i>Movimente-se pelo Quartier Latin &gt;<\/a><\/p>\n<\/div>\n\t\t\t\t\t<div class=\"clear\"><\/div>\n\t\t\t\t<\/div>\n\t\t\t<\/div>\n\t\t\t<div class=\"clear\"><\/div>\n\t\t\t\n","protected":false},"excerpt":{"rendered":"<p>Algumas institui\u00e7\u00f5es do bairro, como Lut\u00e8ce ou o cais do Sena, recebem os atletas de bra\u00e7os abertos, permitindo-lhes treinar num cen\u00e1rio deslumbrante. Mas se voc\u00ea prefere esportes indoor, saiba que a maioria das academias oferece descontos para alunos.<\/p>\n","protected":false},"author":6,"featured_media":0,"parent":5840,"menu_order":0,"comment_status":"closed","ping_status":"closed","template":"","meta":{"footnotes":""},"class_list":["post-5847","page","type-page","status-publish","hentry"],"yoast_head":"<!-- This site is optimized with the Yoast SEO plugin v27.6 - https:\/\/yoast.com\/product\/yoast-seo-wordpress\/ -->\n<title>Movimente-se pelo Quartier Latin - Bastille Hostel - Pousada da Juventude em Paris<\/title>\n<meta name=\"robots\" content=\"index, follow, max-snippet:-1, max-image-preview:large, max-video-preview:-1\" \/>\n<link rel=\"canonical\" href=\"https:\/\/www.bastillehostel.com\/pt-pt\/dicas-paris\/discover-latin-quarter\/movimente-se-pelo-quartier-latin\/\" \/>\n<meta property=\"og:locale\" content=\"pt_PT\" \/>\n<meta property=\"og:type\" content=\"article\" \/>\n<meta property=\"og:title\" content=\"Movimente-se pelo Quartier Latin - Bastille Hostel - Pousada da Juventude em Paris\" \/>\n<meta property=\"og:description\" content=\"Algumas institui\u00e7\u00f5es do bairro, como Lut\u00e8ce ou o cais do Sena, recebem os atletas de bra\u00e7os abertos, permitindo-lhes treinar num cen\u00e1rio deslumbrante. Mas se voc\u00ea prefere esportes indoor, saiba que a maioria das academias oferece descontos para alunos.\" \/>\n<meta property=\"og:url\" content=\"https:\/\/www.bastillehostel.com\/pt-pt\/dicas-paris\/discover-latin-quarter\/movimente-se-pelo-quartier-latin\/\" \/>\n<meta property=\"og:site_name\" content=\"Bastille Hostel - Pousada da Juventude em Paris\" \/>\n<meta property=\"article:modified_time\" content=\"2023-05-04T14:14:27+00:00\" \/>\n<meta property=\"og:image\" content=\"https:\/\/www.bastillehostel.com\/wp-content\/uploads\/2018\/06\/ArenesDuLutece.jpg\" \/>\n<meta name=\"twitter:card\" content=\"summary_large_image\" \/>\n<meta name=\"twitter:label1\" content=\"Tempo estimado de leitura\" \/>\n\t<meta name=\"twitter:data1\" content=\"3 minutos\" \/>\n<script type=\"application\/ld+json\" class=\"yoast-schema-graph\">{\"@context\":\"https:\\\/\\\/schema.org\",\"@graph\":[{\"@type\":\"WebPage\",\"@id\":\"https:\\\/\\\/www.bastillehostel.com\\\/pt-pt\\\/dicas-paris\\\/discover-latin-quarter\\\/movimente-se-pelo-quartier-latin\\\/\",\"url\":\"https:\\\/\\\/www.bastillehostel.com\\\/pt-pt\\\/dicas-paris\\\/discover-latin-quarter\\\/movimente-se-pelo-quartier-latin\\\/\",\"name\":\"Movimente-se pelo Quartier Latin - Bastille Hostel - Pousada da Juventude em Paris\",\"isPartOf\":{\"@id\":\"https:\\\/\\\/www.bastillehostel.com\\\/fr\\\/#website\"},\"primaryImageOfPage\":{\"@id\":\"https:\\\/\\\/www.bastillehostel.com\\\/pt-pt\\\/dicas-paris\\\/discover-latin-quarter\\\/movimente-se-pelo-quartier-latin\\\/#primaryimage\"},\"image\":{\"@id\":\"https:\\\/\\\/www.bastillehostel.com\\\/pt-pt\\\/dicas-paris\\\/discover-latin-quarter\\\/movimente-se-pelo-quartier-latin\\\/#primaryimage\"},\"thumbnailUrl\":\"https:\\\/\\\/www.bastillehostel.com\\\/wp-content\\\/uploads\\\/2018\\\/06\\\/ArenesDuLutece.jpg\",\"datePublished\":\"2023-05-04T14:03:31+00:00\",\"dateModified\":\"2023-05-04T14:14:27+00:00\",\"breadcrumb\":{\"@id\":\"https:\\\/\\\/www.bastillehostel.com\\\/pt-pt\\\/dicas-paris\\\/discover-latin-quarter\\\/movimente-se-pelo-quartier-latin\\\/#breadcrumb\"},\"inLanguage\":\"pt-PT\",\"potentialAction\":[{\"@type\":\"ReadAction\",\"target\":[\"https:\\\/\\\/www.bastillehostel.com\\\/pt-pt\\\/dicas-paris\\\/discover-latin-quarter\\\/movimente-se-pelo-quartier-latin\\\/\"]}]},{\"@type\":\"ImageObject\",\"inLanguage\":\"pt-PT\",\"@id\":\"https:\\\/\\\/www.bastillehostel.com\\\/pt-pt\\\/dicas-paris\\\/discover-latin-quarter\\\/movimente-se-pelo-quartier-latin\\\/#primaryimage\",\"url\":\"https:\\\/\\\/www.bastillehostel.com\\\/wp-content\\\/uploads\\\/2018\\\/06\\\/ArenesDuLutece.jpg\",\"contentUrl\":\"https:\\\/\\\/www.bastillehostel.com\\\/wp-content\\\/uploads\\\/2018\\\/06\\\/ArenesDuLutece.jpg\"},{\"@type\":\"BreadcrumbList\",\"@id\":\"https:\\\/\\\/www.bastillehostel.com\\\/pt-pt\\\/dicas-paris\\\/discover-latin-quarter\\\/movimente-se-pelo-quartier-latin\\\/#breadcrumb\",\"itemListElement\":[{\"@type\":\"ListItem\",\"position\":1,\"name\":\"Home\",\"item\":\"https:\\\/\\\/www.bastillehostel.com\\\/pt-pt\\\/\"},{\"@type\":\"ListItem\",\"position\":2,\"name\":\"As dicas de Paris\",\"item\":\"https:\\\/\\\/www.bastillehostel.com\\\/pt-pt\\\/dicas-paris\\\/\"},{\"@type\":\"ListItem\",\"position\":3,\"name\":\"Descubra o Quartier Latin\",\"item\":\"https:\\\/\\\/www.bastillehostel.com\\\/pt-pt\\\/dicas-paris\\\/discover-latin-quarter\\\/\"},{\"@type\":\"ListItem\",\"position\":4,\"name\":\"Movimente-se pelo Quartier Latin\"}]},{\"@type\":\"WebSite\",\"@id\":\"https:\\\/\\\/www.bastillehostel.com\\\/fr\\\/#website\",\"url\":\"https:\\\/\\\/www.bastillehostel.com\\\/fr\\\/\",\"name\":\"Bastille Hostel - Pousada da Juventude em Paris\",\"description\":\"Bastille Hostel - Pousada da Juventude em Paris\",\"potentialAction\":[{\"@type\":\"SearchAction\",\"target\":{\"@type\":\"EntryPoint\",\"urlTemplate\":\"https:\\\/\\\/www.bastillehostel.com\\\/fr\\\/?s={search_term_string}\"},\"query-input\":{\"@type\":\"PropertyValueSpecification\",\"valueRequired\":true,\"valueName\":\"search_term_string\"}}],\"inLanguage\":\"pt-PT\"}]}<\/script>\n<!-- \/ Yoast SEO plugin. -->","yoast_head_json":{"title":"Movimente-se pelo Quartier Latin - Bastille Hostel - Pousada da Juventude em Paris","robots":{"index":"index","follow":"follow","max-snippet":"max-snippet:-1","max-image-preview":"max-image-preview:large","max-video-preview":"max-video-preview:-1"},"canonical":"https:\/\/www.bastillehostel.com\/pt-pt\/dicas-paris\/discover-latin-quarter\/movimente-se-pelo-quartier-latin\/","og_locale":"pt_PT","og_type":"article","og_title":"Movimente-se pelo Quartier Latin - Bastille Hostel - Pousada da Juventude em Paris","og_description":"Algumas institui\u00e7\u00f5es do bairro, como Lut\u00e8ce ou o cais do Sena, recebem os atletas de bra\u00e7os abertos, permitindo-lhes treinar num cen\u00e1rio deslumbrante. Mas se voc\u00ea prefere esportes indoor, saiba que a maioria das academias oferece descontos para alunos.","og_url":"https:\/\/www.bastillehostel.com\/pt-pt\/dicas-paris\/discover-latin-quarter\/movimente-se-pelo-quartier-latin\/","og_site_name":"Bastille Hostel - Pousada da Juventude em Paris","article_modified_time":"2023-05-04T14:14:27+00:00","og_image":[{"url":"https:\/\/www.bastillehostel.com\/wp-content\/uploads\/2018\/06\/ArenesDuLutece.jpg","type":"","width":"","height":""}],"twitter_card":"summary_large_image","twitter_misc":{"Tempo estimado de leitura":"3 minutos"},"schema":{"@context":"https:\/\/schema.org","@graph":[{"@type":"WebPage","@id":"https:\/\/www.bastillehostel.com\/pt-pt\/dicas-paris\/discover-latin-quarter\/movimente-se-pelo-quartier-latin\/","url":"https:\/\/www.bastillehostel.com\/pt-pt\/dicas-paris\/discover-latin-quarter\/movimente-se-pelo-quartier-latin\/","name":"Movimente-se pelo Quartier Latin - Bastille Hostel - Pousada da Juventude em Paris","isPartOf":{"@id":"https:\/\/www.bastillehostel.com\/fr\/#website"},"primaryImageOfPage":{"@id":"https:\/\/www.bastillehostel.com\/pt-pt\/dicas-paris\/discover-latin-quarter\/movimente-se-pelo-quartier-latin\/#primaryimage"},"image":{"@id":"https:\/\/www.bastillehostel.com\/pt-pt\/dicas-paris\/discover-latin-quarter\/movimente-se-pelo-quartier-latin\/#primaryimage"},"thumbnailUrl":"https:\/\/www.bastillehostel.com\/wp-content\/uploads\/2018\/06\/ArenesDuLutece.jpg","datePublished":"2023-05-04T14:03:31+00:00","dateModified":"2023-05-04T14:14:27+00:00","breadcrumb":{"@id":"https:\/\/www.bastillehostel.com\/pt-pt\/dicas-paris\/discover-latin-quarter\/movimente-se-pelo-quartier-latin\/#breadcrumb"},"inLanguage":"pt-PT","potentialAction":[{"@type":"ReadAction","target":["https:\/\/www.bastillehostel.com\/pt-pt\/dicas-paris\/discover-latin-quarter\/movimente-se-pelo-quartier-latin\/"]}]},{"@type":"ImageObject","inLanguage":"pt-PT","@id":"https:\/\/www.bastillehostel.com\/pt-pt\/dicas-paris\/discover-latin-quarter\/movimente-se-pelo-quartier-latin\/#primaryimage","url":"https:\/\/www.bastillehostel.com\/wp-content\/uploads\/2018\/06\/ArenesDuLutece.jpg","contentUrl":"https:\/\/www.bastillehostel.com\/wp-content\/uploads\/2018\/06\/ArenesDuLutece.jpg"},{"@type":"BreadcrumbList","@id":"https:\/\/www.bastillehostel.com\/pt-pt\/dicas-paris\/discover-latin-quarter\/movimente-se-pelo-quartier-latin\/#breadcrumb","itemListElement":[{"@type":"ListItem","position":1,"name":"Home","item":"https:\/\/www.bastillehostel.com\/pt-pt\/"},{"@type":"ListItem","position":2,"name":"As dicas de Paris","item":"https:\/\/www.bastillehostel.com\/pt-pt\/dicas-paris\/"},{"@type":"ListItem","position":3,"name":"Descubra o Quartier Latin","item":"https:\/\/www.bastillehostel.com\/pt-pt\/dicas-paris\/discover-latin-quarter\/"},{"@type":"ListItem","position":4,"name":"Movimente-se pelo Quartier Latin"}]},{"@type":"WebSite","@id":"https:\/\/www.bastillehostel.com\/fr\/#website","url":"https:\/\/www.bastillehostel.com\/fr\/","name":"Bastille Hostel - Pousada da Juventude em Paris","description":"Bastille Hostel - Pousada da Juventude em Paris","potentialAction":[{"@type":"SearchAction","target":{"@type":"EntryPoint","urlTemplate":"https:\/\/www.bastillehostel.com\/fr\/?s={search_term_string}"},"query-input":{"@type":"PropertyValueSpecification","valueRequired":true,"valueName":"search_term_string"}}],"inLanguage":"pt-PT"}]}},"_links":{"self":[{"href":"https:\/\/www.bastillehostel.com\/pt-pt\/wp-json\/wp\/v2\/pages\/5847","targetHints":{"allow":["GET"]}}],"collection":[{"href":"https:\/\/www.bastillehostel.com\/pt-pt\/wp-json\/wp\/v2\/pages"}],"about":[{"href":"https:\/\/www.bastillehostel.com\/pt-pt\/wp-json\/wp\/v2\/types\/page"}],"author":[{"embeddable":true,"href":"https:\/\/www.bastillehostel.com\/pt-pt\/wp-json\/wp\/v2\/users\/6"}],"replies":[{"embeddable":true,"href":"https:\/\/www.bastillehostel.com\/pt-pt\/wp-json\/wp\/v2\/comments?post=5847"}],"version-history":[{"count":5,"href":"https:\/\/www.bastillehostel.com\/pt-pt\/wp-json\/wp\/v2\/pages\/5847\/revisions"}],"predecessor-version":[{"id":5874,"href":"https:\/\/www.bastillehostel.com\/pt-pt\/wp-json\/wp\/v2\/pages\/5847\/revisions\/5874"}],"up":[{"embeddable":true,"href":"https:\/\/www.bastillehostel.com\/pt-pt\/wp-json\/wp\/v2\/pages\/5840"}],"wp:attachment":[{"href":"https:\/\/www.bastillehostel.com\/pt-pt\/wp-json\/wp\/v2\/media?parent=5847"}],"curies":[{"name":"wp","href":"https:\/\/api.w.org\/{rel}","templated":true}]}}