{"id":5846,"date":"2023-05-04T16:03:14","date_gmt":"2023-05-04T14:03:14","guid":{"rendered":"https:\/\/www.bastillehostel.com\/?page_id=5846"},"modified":"2023-05-04T16:13:14","modified_gmt":"2023-05-04T14:13:14","slug":"comer-no-quartier-latin","status":"publish","type":"page","link":"https:\/\/www.bastillehostel.com\/pt-pt\/dicas-paris\/discover-latin-quarter\/comer-no-quartier-latin\/","title":{"rendered":"Comer no Quartier Latin"},"content":{"rendered":"<p>Encontrar o s\u00edtio certo para uma refei\u00e7\u00e3o de conv\u00edvio com os amigos aqui n\u00e3o \u00e9 t\u00e3o f\u00e1cil. \u00c9 melhor evitar a rue de la Harpe e Huchette, que foram invadidas por restaurantes com armadilhas para turistas.<\/p>\n\t\t\t<style type=\"text\/css\">\n\t\t\t\t#content-block-background-1051 { background-image: url(); background-position: 50% 0; background-repeat: repeat; background-color: transparent; background-attachment: scroll; background-size: auto; }\n\t\t\t\t#content-block-body-1051 { padding: 40px 0; color: inherit; }\n\t\t\t\t.content-block-body { margin-left: auto; margin-right: auto; position: relative; }\n\t\t\t<\/style>\n\t\t\t\t\t\t\t<style type=\"text\/css\">\n\t\t\t\t\t#wrapper-1 { overflow-x: hidden; }\n\t\t\t\t\t#content-block-background-1051 { margin: 0 -10000px; padding: 0 10000px; }\n\t\t\t\t<\/style>\n\t\t\t\n\t\t\t\t\t\t<script type=\"text\/javascript\">\n\t\t\t\t\/\/ <![CDATA[\n\t\t\t\tjQuery(document).ready(function($){\n\t\t\t\t\t\"use strict\";\n\t\t\t\t\tif( ! $(\"body\").hasClass( \"mobile-detected\" ) ){\n\t\t\t\t\t\t$(\"#content-block-background-\"+1051).each(function(){\n\t\t\t\t\t\t\tvar $bgobj = $(this); \/\/ Assigning the object.\n\t\t\t\t\t\t\tvar xPos = '50%'; \/\/ x bg position value from the user shortcode.\n\t\t\t\t\t\t\t$(window).scroll(function() {\n\t\t\t\t\t\t\t\tvar yPos = -($(window).scrollTop() \/ 3);\n\t\t\t\t\t\t\t\t\/\/ Put together our final background position.\n\t\t\t\t\t\t\t\tvar coords = xPos+' '+yPos+'px';\n\t\t\t\t\t\t\t\t\/\/ Move the background.\n\t\t\t\t\t\t\t\t$bgobj.css({ backgroundPosition: coords });\n\t\t\t\t\t\t\t});\n\t\t\t\t\t\t});\n\t\t\t\t\t}\n\t\t\t\t});\n\t\t\t\t\/\/ ]]>\n\t\t\t<\/script>\n\t\t\t\n\t\t\t<div class=\"clear\"><\/div>\n\t\t\t<div id=\"content-block-background-1051\" class=\"content-block-background \">\n\t\t\t\t<div id=\"content-block-body-1051\" class=\"content-block-body\">\n\t\t\t\t\t<div class=\"clear\"><\/div>\n\t\t\t\t\t\n<div class=\"one_third\">\n<img decoding=\"async\" class=\"aligncenter size-full wp-image-790\" alt=\"patisserie-viennoise\" src=\"https:\/\/www.bastillehostel.com\/wp-content\/uploads\/2013\/10\/patisserie-viennoise.jpg\" width=\"150\" height=\"150\" \/><\/p>\n<h4 class=\"title\"><a href=\"https:\/\/plus.google.com\/109955611821597846852\/about?gl=fr&amp;hl=fr\" target=\"_blank\" rel=\"noopener\">P\u00e2tisserie viennoise (Gourmandises) <\/a><\/h4>\n<p><strong>8 rue de l&#8217;Ecole-de-M\u00e9decine &#8211; 75006 Paris &#8211; M\u00e9tro : Od\u00e9on<\/strong><\/p>\n<p>Desde 1928, esta vitrine gourmet da Pastelaria Vienense atrai constantemente a aten\u00e7\u00e3o dos transeuntes. Alunos de universidades pr\u00f3ximas relaxam nos bancos de uma sala liliputiana, decorada em estilo retr\u00f4, para saborear o strudel de ma\u00e7\u00e3 com canela ou a deliciosa Sachertorte acompanhada de uma x\u00edcara de chocolate caseiro. H\u00e1 petiscos e sandes ao almo\u00e7o e bebidas quentes e pastelaria para levar a qualquer hora. Sem cart\u00f5es de cr\u00e9dito.<\/p>\n<p>&nbsp;<\/p>\n<\/div>\n<div class=\"one_third\">\n<img decoding=\"async\" class=\"aligncenter size-full wp-image-791\" alt=\"i love burger\" src=\"https:\/\/www.bastillehostel.com\/wp-content\/uploads\/2013\/10\/i-love-burger.jpg\" width=\"150\" height=\"150\" \/><\/p>\n<h4 class=\"title\"><a href=\"http:\/\/www.iloveburger.fr\/index.html\" target=\"_blank\" rel=\"noopener\">I Love Burger (Fast food)<\/a><\/h4>\n<p><strong>20 rue des Boulangers &#8211; 75005 Paris &#8211; M\u00e9tro : Jussieu<\/strong><\/p>\n<p>Escondido em um beco perto de Jussieu, o I Love Burger \u00e9 um delicioso restaurante fast-food criado pela jovem equipe da vizinha galeria 24. Capaz de oscilar entre arte visual e hamb\u00fargueres, burritos e tacos, um sorridente Cyril e seus colegas ofere\u00e7a hamb\u00fargueres com todos os molhos servidos com uma cascata de fritadas em panelas que servem de prato. Almo\u00e7o e jantar com entrega em domic\u00edlio.<\/p>\n<p>&nbsp;<\/p>\n<\/div>\n<div class=\"one_third last_column\">\n<img decoding=\"async\" class=\"aligncenter size-full wp-image-794\" alt=\"au-ptit-grec\" src=\"https:\/\/www.bastillehostel.com\/wp-content\/uploads\/2013\/10\/au-ptit-grec.jpg\" width=\"150\" height=\"150\" \/><\/p>\n<h4 class=\"title\"><a href=\"https:\/\/auptitgrec.com\/\" target=\"_blank\" rel=\"noopener\">Au p&#8217;tit grec (Cr\u00eaperie) <\/a><\/h4>\n<p><strong>62 Rue Mouffetard &#8211; 75005 Paris &#8211; M\u00e9tro : Place-Monge ou Censier-Daubenton<\/strong><\/p>\n<p>Au p&#8217;tit grec \u00e9 a melhor casa de panquecas na Rue Mouffetard. Voc\u00ea o reconhecer\u00e1 pela fila de pessoas que se espalham pela cal\u00e7ada dia e noite. Aqui, as panquecas e galettes s\u00e3o grandes, bem recheadas e servidas com salada e tomates frescos. A escolha \u00e9 vasta e a qualidade \u00e9 muito superior a outras lojas de espetadas de panquecas do bairro. \u00c9 poss\u00edvel comer no local.<\/p>\n<p>&nbsp;<\/p>\n<\/div>\n\t\t\t\t\t<div class=\"clear\"><\/div>\n\t\t\t\t<\/div>\n\t\t\t<\/div>\n\t\t\t<div class=\"clear\"><\/div>\n\t\t\t\n<div class=\"clear\"><\/div>\n\t\t\t<style type=\"text\/css\">\n\t\t\t\t#content-block-background-1334 { background-image: url(); background-position: 50% 0; background-repeat: repeat; background-color: transparent; background-attachment: scroll; background-size: auto; }\n\t\t\t\t#content-block-body-1334 { padding: 40px 0; color: inherit; }\n\t\t\t\t.content-block-body { margin-left: auto; margin-right: auto; position: relative; }\n\t\t\t<\/style>\n\t\t\t\t\t\t\t<style type=\"text\/css\">\n\t\t\t\t\t#wrapper-1 { overflow-x: hidden; }\n\t\t\t\t\t#content-block-background-1334 { margin: 0 -10000px; padding: 0 10000px; }\n\t\t\t\t<\/style>\n\t\t\t\n\t\t\t\t\t\t<script type=\"text\/javascript\">\n\t\t\t\t\/\/ <![CDATA[\n\t\t\t\tjQuery(document).ready(function($){\n\t\t\t\t\t\"use strict\";\n\t\t\t\t\tif( ! $(\"body\").hasClass( \"mobile-detected\" ) ){\n\t\t\t\t\t\t$(\"#content-block-background-\"+1334).each(function(){\n\t\t\t\t\t\t\tvar $bgobj = $(this); \/\/ Assigning the object.\n\t\t\t\t\t\t\tvar xPos = '50%'; \/\/ x bg position value from the user shortcode.\n\t\t\t\t\t\t\t$(window).scroll(function() {\n\t\t\t\t\t\t\t\tvar yPos = -($(window).scrollTop() \/ 3);\n\t\t\t\t\t\t\t\t\/\/ Put together our final background position.\n\t\t\t\t\t\t\t\tvar coords = xPos+' '+yPos+'px';\n\t\t\t\t\t\t\t\t\/\/ Move the background.\n\t\t\t\t\t\t\t\t$bgobj.css({ backgroundPosition: coords });\n\t\t\t\t\t\t\t});\n\t\t\t\t\t\t});\n\t\t\t\t\t}\n\t\t\t\t});\n\t\t\t\t\/\/ ]]>\n\t\t\t<\/script>\n\t\t\t\n\t\t\t<div class=\"clear\"><\/div>\n\t\t\t<div id=\"content-block-background-1334\" class=\"content-block-background \">\n\t\t\t\t<div id=\"content-block-body-1334\" class=\"content-block-body\">\n\t\t\t\t\t<div class=\"clear\"><\/div>\n\t\t\t\t\t\n<div class=\"one_third\">\n<img decoding=\"async\" class=\"aligncenter size-full wp-image-795\" alt=\"El-Cervantes-1\" src=\"https:\/\/www.bastillehostel.com\/wp-content\/uploads\/2013\/10\/El-Cervantes-1.jpg\" width=\"150\" height=\"150\" \/><\/p>\n<h4 class=\"title\"><a href=\"https:\/\/plus.google.com\/102506975324578205519\/about?gl=fr&amp;hl=fr\" target=\"_blank\" rel=\"noopener\">El cervant\u00e8s (Resto-tapas) <\/a><\/h4>\n<p><strong>46 Rue Daubenton &#8211; 75005 Paris &#8211; M\u00e9tro : Censier-Daubenton<\/strong><\/p>\n<p>Tapas bars worthy of the name are not numerous in the capital, but this place is really worth a visit. Settled on a cheerful terrace, you will undoubtedly notice the hams hanging from the ceiling and be jealous of the dishes that arrived at your neighbours\u2019 table. But your turn will come too! Patrick and Luis struggle in the kitchen to whip up tortillas, quesadillas, patatas bravas, and other hot or cold tapas to enjoy with sangria or Spanish wine. Rich, warm and quite cheap (starting around \u20ac15 per person, drinks included).<\/p>\n<p>&nbsp;<\/p>\n<\/div>\n<div class=\"one_third\">\n<img decoding=\"async\" class=\"aligncenter size-full wp-image-796\" alt=\"buffet-a-volonte\" src=\"https:\/\/www.bastillehostel.com\/wp-content\/uploads\/2013\/10\/buffet-a-volonte.jpg\" width=\"150\" height=\"150\" \/><\/p>\n<h4 class=\"title\"><a href=\"https:\/\/plus.google.com\/114401988709713030005\/about?gl=fr&amp;hl=fr\" target=\"_blank\" rel=\"noopener\">Rayon de Soleil, Buffet \u00e0 volont\u00e9 (Asiatique) <\/a><\/h4>\n<p><strong>21 Quai Saint-Michel &#8211; 75005 Paris &#8211; M\u00e9tro : Saint-Michel<\/strong><\/p>\n<p>At first glance, this restaurant with a blue front and no sign is nothing more than a banal Asian caterer. Except that everything is unlimited! The buffet has Chinese, Japanese and Thai specialities. In the end, this is a greasy spoon, but for large stomachs!<\/p>\n<p>&nbsp;<\/p>\n<\/div>\n<div class=\"one_third last_column\">\n<img decoding=\"async\" class=\"aligncenter size-full wp-image-797\" alt=\"breakfastInAmerica\" src=\"https:\/\/www.bastillehostel.com\/wp-content\/uploads\/2013\/10\/breakfastInAmerica.jpg\" width=\"150\" height=\"150\" \/><\/p>\n<h4 class=\"title\"><a href=\"https:\/\/www.facebook.com\/BreakfastInAmerica1\/\" target=\"_blank\" rel=\"noopener\">Breakfast In America (American diner) <\/a><\/h4>\n<p><strong>17 rue des \u00e9coles &#8211; 75005 Paris &#8211; M\u00e9tro : Cardinal-Lemoine ou Jussieu<\/strong><\/p>\n<p>Created by American expatriates missing the delights of the U.S., the BIA is a must in the community of burger addicts. Hungry student customers come to stuff themselves on cheeseburgers, decorated with coleslaw and crisp fries. There are also ultra-consistent breakfasts, based on pancakes, tortillas, or bacon and eggs, which are the joy of late risers.<\/p>\n<p>&nbsp;<\/p>\n<\/div>\n\t\t\t\t\t<div class=\"clear\"><\/div>\n\t\t\t\t<\/div>\n\t\t\t<\/div>\n\t\t\t<div class=\"clear\"><\/div>\n\t\t\t\n<div class=\"clear\"><\/div>\n\t\t\t<style type=\"text\/css\">\n\t\t\t\t#content-block-background-1404 { background-image: url(); background-position: 50% 0; background-repeat: repeat; background-color: transparent; background-attachment: scroll; background-size: auto; }\n\t\t\t\t#content-block-body-1404 { padding: 40px 0; color: inherit; }\n\t\t\t\t.content-block-body { margin-left: auto; margin-right: auto; position: relative; }\n\t\t\t<\/style>\n\t\t\t\t\t\t\t<style type=\"text\/css\">\n\t\t\t\t\t#wrapper-1 { overflow-x: hidden; }\n\t\t\t\t\t#content-block-background-1404 { margin: 0 -10000px; padding: 0 10000px; }\n\t\t\t\t<\/style>\n\t\t\t\n\t\t\t\t\t\t<script type=\"text\/javascript\">\n\t\t\t\t\/\/ <![CDATA[\n\t\t\t\tjQuery(document).ready(function($){\n\t\t\t\t\t\"use strict\";\n\t\t\t\t\tif( ! $(\"body\").hasClass( \"mobile-detected\" ) ){\n\t\t\t\t\t\t$(\"#content-block-background-\"+1404).each(function(){\n\t\t\t\t\t\t\tvar $bgobj = $(this); \/\/ Assigning the object.\n\t\t\t\t\t\t\tvar xPos = '50%'; \/\/ x bg position value from the user shortcode.\n\t\t\t\t\t\t\t$(window).scroll(function() {\n\t\t\t\t\t\t\t\tvar yPos = -($(window).scrollTop() \/ 3);\n\t\t\t\t\t\t\t\t\/\/ Put together our final background position.\n\t\t\t\t\t\t\t\tvar coords = xPos+' '+yPos+'px';\n\t\t\t\t\t\t\t\t\/\/ Move the background.\n\t\t\t\t\t\t\t\t$bgobj.css({ backgroundPosition: coords });\n\t\t\t\t\t\t\t});\n\t\t\t\t\t\t});\n\t\t\t\t\t}\n\t\t\t\t});\n\t\t\t\t\/\/ ]]>\n\t\t\t<\/script>\n\t\t\t\n\t\t\t<div class=\"clear\"><\/div>\n\t\t\t<div id=\"content-block-background-1404\" class=\"content-block-background \">\n\t\t\t\t<div id=\"content-block-body-1404\" class=\"content-block-body\">\n\t\t\t\t\t<div class=\"clear\"><\/div>\n\t\t\t\t\t\n<div class=\"one_third\">\n<a class=\"btn orange survol\" href=\"https:\/\/www.bastillehostel.com\/pt-pt\/dicas-paris\/discover-latin-quarter\/bares-no-quartier-latin\/\"> <i class=\"fa fa-glass\" aria-hidden=\"true\"><\/i>\u00a0Bares no Quartier Latin &gt;<\/a><br \/>\n<a class=\"btn orange survol\" href=\"https:\/\/www.bastillehostel.com\/pt-pt\/dicas-paris\/discover-latin-quarter\/comer-no-quartier-latin\/\"><i class=\"fa fa-cutlery\" aria-hidden=\"true\"><\/i>\u00a0Comer no Quartier Latin &gt;<\/a><br \/>\n<\/div>\n<div class=\"one_third\">\n<a class=\"btn orange survol\" href=\"https:\/\/www.bastillehostel.com\/pt-pt\/dicas-paris\/discover-latin-quarter\/dancar-no-quartier-latin\/\"><i class=\"fa fa-music\" aria-hidden=\"true\"><\/i>\u00a0Dan\u00e7ar no Quartier Latin &gt;<\/a><br \/>\n<a class=\"btn orange survol\" href=\"https:\/\/www.bastillehostel.com\/pt-pt\/dicas-paris\/discover-latin-quarter\/sala-de-concertos-no-quartier-latin\/\"><i class=\"fa fa-music\" aria-hidden=\"true\"><\/i>\u00a0Salas de concertos no Quartier Latin&gt;<\/a><br \/>\n<\/div>\n<div class=\"one_third last_column\">\n<a class=\"btn orange survol\" href=\"https:\/\/www.bastillehostel.com\/pt-pt\/dicas-paris\/discover-latin-quarter\/movimente-se-pelo-quartier-latin\/\"><i class=\"fa fa-bicycle\" aria-hidden=\"true\"><\/i>Movimente-se pelo Quartier Latin &gt;<\/a><\/p>\n<\/div>\n\t\t\t\t\t<div class=\"clear\"><\/div>\n\t\t\t\t<\/div>\n\t\t\t<\/div>\n\t\t\t<div class=\"clear\"><\/div>\n\t\t\t\n","protected":false},"excerpt":{"rendered":"<p>Encontrar o s\u00edtio certo para uma refei\u00e7\u00e3o de conv\u00edvio com os amigos aqui n\u00e3o \u00e9 t\u00e3o f\u00e1cil. \u00c9 melhor evitar a rue de la Harpe e Huchette, que foram invadidas por restaurantes com armadilhas para turistas.<\/p>\n","protected":false},"author":6,"featured_media":0,"parent":5840,"menu_order":0,"comment_status":"closed","ping_status":"closed","template":"","meta":{"footnotes":""},"class_list":["post-5846","page","type-page","status-publish","hentry"],"yoast_head":"<!-- This site is optimized with the Yoast SEO plugin v27.5 - https:\/\/yoast.com\/product\/yoast-seo-wordpress\/ -->\n<title>Comer no Quartier Latin - Bastille Hostel - Pousada da Juventude em Paris<\/title>\n<meta name=\"robots\" content=\"index, follow, max-snippet:-1, max-image-preview:large, max-video-preview:-1\" \/>\n<link rel=\"canonical\" href=\"https:\/\/www.bastillehostel.com\/pt-pt\/dicas-paris\/discover-latin-quarter\/comer-no-quartier-latin\/\" \/>\n<meta property=\"og:locale\" content=\"pt_PT\" \/>\n<meta property=\"og:type\" content=\"article\" \/>\n<meta property=\"og:title\" content=\"Comer no Quartier Latin - Bastille Hostel - Pousada da Juventude em Paris\" \/>\n<meta property=\"og:description\" content=\"Encontrar o s\u00edtio certo para uma refei\u00e7\u00e3o de conv\u00edvio com os amigos aqui n\u00e3o \u00e9 t\u00e3o f\u00e1cil. \u00c9 melhor evitar a rue de la Harpe e Huchette, que foram invadidas por restaurantes com armadilhas para turistas.\" \/>\n<meta property=\"og:url\" content=\"https:\/\/www.bastillehostel.com\/pt-pt\/dicas-paris\/discover-latin-quarter\/comer-no-quartier-latin\/\" \/>\n<meta property=\"og:site_name\" content=\"Bastille Hostel - Pousada da Juventude em Paris\" \/>\n<meta property=\"article:modified_time\" content=\"2023-05-04T14:13:14+00:00\" \/>\n<meta property=\"og:image\" content=\"https:\/\/www.bastillehostel.com\/wp-content\/uploads\/2013\/10\/patisserie-viennoise.jpg\" \/>\n<meta name=\"twitter:card\" content=\"summary_large_image\" \/>\n<meta name=\"twitter:label1\" content=\"Tempo estimado de leitura\" \/>\n\t<meta name=\"twitter:data1\" content=\"4 minutos\" \/>\n<script type=\"application\/ld+json\" class=\"yoast-schema-graph\">{\"@context\":\"https:\\\/\\\/schema.org\",\"@graph\":[{\"@type\":\"WebPage\",\"@id\":\"https:\\\/\\\/www.bastillehostel.com\\\/pt-pt\\\/dicas-paris\\\/discover-latin-quarter\\\/comer-no-quartier-latin\\\/\",\"url\":\"https:\\\/\\\/www.bastillehostel.com\\\/pt-pt\\\/dicas-paris\\\/discover-latin-quarter\\\/comer-no-quartier-latin\\\/\",\"name\":\"Comer no Quartier Latin - Bastille Hostel - Pousada da Juventude em Paris\",\"isPartOf\":{\"@id\":\"https:\\\/\\\/www.bastillehostel.com\\\/fr\\\/#website\"},\"primaryImageOfPage\":{\"@id\":\"https:\\\/\\\/www.bastillehostel.com\\\/pt-pt\\\/dicas-paris\\\/discover-latin-quarter\\\/comer-no-quartier-latin\\\/#primaryimage\"},\"image\":{\"@id\":\"https:\\\/\\\/www.bastillehostel.com\\\/pt-pt\\\/dicas-paris\\\/discover-latin-quarter\\\/comer-no-quartier-latin\\\/#primaryimage\"},\"thumbnailUrl\":\"https:\\\/\\\/www.bastillehostel.com\\\/wp-content\\\/uploads\\\/2013\\\/10\\\/patisserie-viennoise.jpg\",\"datePublished\":\"2023-05-04T14:03:14+00:00\",\"dateModified\":\"2023-05-04T14:13:14+00:00\",\"breadcrumb\":{\"@id\":\"https:\\\/\\\/www.bastillehostel.com\\\/pt-pt\\\/dicas-paris\\\/discover-latin-quarter\\\/comer-no-quartier-latin\\\/#breadcrumb\"},\"inLanguage\":\"pt-PT\",\"potentialAction\":[{\"@type\":\"ReadAction\",\"target\":[\"https:\\\/\\\/www.bastillehostel.com\\\/pt-pt\\\/dicas-paris\\\/discover-latin-quarter\\\/comer-no-quartier-latin\\\/\"]}]},{\"@type\":\"ImageObject\",\"inLanguage\":\"pt-PT\",\"@id\":\"https:\\\/\\\/www.bastillehostel.com\\\/pt-pt\\\/dicas-paris\\\/discover-latin-quarter\\\/comer-no-quartier-latin\\\/#primaryimage\",\"url\":\"https:\\\/\\\/www.bastillehostel.com\\\/wp-content\\\/uploads\\\/2013\\\/10\\\/patisserie-viennoise.jpg\",\"contentUrl\":\"https:\\\/\\\/www.bastillehostel.com\\\/wp-content\\\/uploads\\\/2013\\\/10\\\/patisserie-viennoise.jpg\"},{\"@type\":\"BreadcrumbList\",\"@id\":\"https:\\\/\\\/www.bastillehostel.com\\\/pt-pt\\\/dicas-paris\\\/discover-latin-quarter\\\/comer-no-quartier-latin\\\/#breadcrumb\",\"itemListElement\":[{\"@type\":\"ListItem\",\"position\":1,\"name\":\"Home\",\"item\":\"https:\\\/\\\/www.bastillehostel.com\\\/pt-pt\\\/\"},{\"@type\":\"ListItem\",\"position\":2,\"name\":\"As dicas de Paris\",\"item\":\"https:\\\/\\\/www.bastillehostel.com\\\/pt-pt\\\/dicas-paris\\\/\"},{\"@type\":\"ListItem\",\"position\":3,\"name\":\"Descubra o Quartier Latin\",\"item\":\"https:\\\/\\\/www.bastillehostel.com\\\/pt-pt\\\/dicas-paris\\\/discover-latin-quarter\\\/\"},{\"@type\":\"ListItem\",\"position\":4,\"name\":\"Comer no Quartier Latin\"}]},{\"@type\":\"WebSite\",\"@id\":\"https:\\\/\\\/www.bastillehostel.com\\\/fr\\\/#website\",\"url\":\"https:\\\/\\\/www.bastillehostel.com\\\/fr\\\/\",\"name\":\"Bastille Hostel - Pousada da Juventude em Paris\",\"description\":\"Bastille Hostel - Pousada da Juventude em Paris\",\"potentialAction\":[{\"@type\":\"SearchAction\",\"target\":{\"@type\":\"EntryPoint\",\"urlTemplate\":\"https:\\\/\\\/www.bastillehostel.com\\\/fr\\\/?s={search_term_string}\"},\"query-input\":{\"@type\":\"PropertyValueSpecification\",\"valueRequired\":true,\"valueName\":\"search_term_string\"}}],\"inLanguage\":\"pt-PT\"}]}<\/script>\n<!-- \/ Yoast SEO plugin. -->","yoast_head_json":{"title":"Comer no Quartier Latin - Bastille Hostel - Pousada da Juventude em Paris","robots":{"index":"index","follow":"follow","max-snippet":"max-snippet:-1","max-image-preview":"max-image-preview:large","max-video-preview":"max-video-preview:-1"},"canonical":"https:\/\/www.bastillehostel.com\/pt-pt\/dicas-paris\/discover-latin-quarter\/comer-no-quartier-latin\/","og_locale":"pt_PT","og_type":"article","og_title":"Comer no Quartier Latin - Bastille Hostel - Pousada da Juventude em Paris","og_description":"Encontrar o s\u00edtio certo para uma refei\u00e7\u00e3o de conv\u00edvio com os amigos aqui n\u00e3o \u00e9 t\u00e3o f\u00e1cil. \u00c9 melhor evitar a rue de la Harpe e Huchette, que foram invadidas por restaurantes com armadilhas para turistas.","og_url":"https:\/\/www.bastillehostel.com\/pt-pt\/dicas-paris\/discover-latin-quarter\/comer-no-quartier-latin\/","og_site_name":"Bastille Hostel - Pousada da Juventude em Paris","article_modified_time":"2023-05-04T14:13:14+00:00","og_image":[{"url":"https:\/\/www.bastillehostel.com\/wp-content\/uploads\/2013\/10\/patisserie-viennoise.jpg","type":"","width":"","height":""}],"twitter_card":"summary_large_image","twitter_misc":{"Tempo estimado de leitura":"4 minutos"},"schema":{"@context":"https:\/\/schema.org","@graph":[{"@type":"WebPage","@id":"https:\/\/www.bastillehostel.com\/pt-pt\/dicas-paris\/discover-latin-quarter\/comer-no-quartier-latin\/","url":"https:\/\/www.bastillehostel.com\/pt-pt\/dicas-paris\/discover-latin-quarter\/comer-no-quartier-latin\/","name":"Comer no Quartier Latin - Bastille Hostel - Pousada da Juventude em Paris","isPartOf":{"@id":"https:\/\/www.bastillehostel.com\/fr\/#website"},"primaryImageOfPage":{"@id":"https:\/\/www.bastillehostel.com\/pt-pt\/dicas-paris\/discover-latin-quarter\/comer-no-quartier-latin\/#primaryimage"},"image":{"@id":"https:\/\/www.bastillehostel.com\/pt-pt\/dicas-paris\/discover-latin-quarter\/comer-no-quartier-latin\/#primaryimage"},"thumbnailUrl":"https:\/\/www.bastillehostel.com\/wp-content\/uploads\/2013\/10\/patisserie-viennoise.jpg","datePublished":"2023-05-04T14:03:14+00:00","dateModified":"2023-05-04T14:13:14+00:00","breadcrumb":{"@id":"https:\/\/www.bastillehostel.com\/pt-pt\/dicas-paris\/discover-latin-quarter\/comer-no-quartier-latin\/#breadcrumb"},"inLanguage":"pt-PT","potentialAction":[{"@type":"ReadAction","target":["https:\/\/www.bastillehostel.com\/pt-pt\/dicas-paris\/discover-latin-quarter\/comer-no-quartier-latin\/"]}]},{"@type":"ImageObject","inLanguage":"pt-PT","@id":"https:\/\/www.bastillehostel.com\/pt-pt\/dicas-paris\/discover-latin-quarter\/comer-no-quartier-latin\/#primaryimage","url":"https:\/\/www.bastillehostel.com\/wp-content\/uploads\/2013\/10\/patisserie-viennoise.jpg","contentUrl":"https:\/\/www.bastillehostel.com\/wp-content\/uploads\/2013\/10\/patisserie-viennoise.jpg"},{"@type":"BreadcrumbList","@id":"https:\/\/www.bastillehostel.com\/pt-pt\/dicas-paris\/discover-latin-quarter\/comer-no-quartier-latin\/#breadcrumb","itemListElement":[{"@type":"ListItem","position":1,"name":"Home","item":"https:\/\/www.bastillehostel.com\/pt-pt\/"},{"@type":"ListItem","position":2,"name":"As dicas de Paris","item":"https:\/\/www.bastillehostel.com\/pt-pt\/dicas-paris\/"},{"@type":"ListItem","position":3,"name":"Descubra o Quartier Latin","item":"https:\/\/www.bastillehostel.com\/pt-pt\/dicas-paris\/discover-latin-quarter\/"},{"@type":"ListItem","position":4,"name":"Comer no Quartier Latin"}]},{"@type":"WebSite","@id":"https:\/\/www.bastillehostel.com\/fr\/#website","url":"https:\/\/www.bastillehostel.com\/fr\/","name":"Bastille Hostel - Pousada da Juventude em Paris","description":"Bastille Hostel - Pousada da Juventude em Paris","potentialAction":[{"@type":"SearchAction","target":{"@type":"EntryPoint","urlTemplate":"https:\/\/www.bastillehostel.com\/fr\/?s={search_term_string}"},"query-input":{"@type":"PropertyValueSpecification","valueRequired":true,"valueName":"search_term_string"}}],"inLanguage":"pt-PT"}]}},"_links":{"self":[{"href":"https:\/\/www.bastillehostel.com\/pt-pt\/wp-json\/wp\/v2\/pages\/5846","targetHints":{"allow":["GET"]}}],"collection":[{"href":"https:\/\/www.bastillehostel.com\/pt-pt\/wp-json\/wp\/v2\/pages"}],"about":[{"href":"https:\/\/www.bastillehostel.com\/pt-pt\/wp-json\/wp\/v2\/types\/page"}],"author":[{"embeddable":true,"href":"https:\/\/www.bastillehostel.com\/pt-pt\/wp-json\/wp\/v2\/users\/6"}],"replies":[{"embeddable":true,"href":"https:\/\/www.bastillehostel.com\/pt-pt\/wp-json\/wp\/v2\/comments?post=5846"}],"version-history":[{"count":5,"href":"https:\/\/www.bastillehostel.com\/pt-pt\/wp-json\/wp\/v2\/pages\/5846\/revisions"}],"predecessor-version":[{"id":5872,"href":"https:\/\/www.bastillehostel.com\/pt-pt\/wp-json\/wp\/v2\/pages\/5846\/revisions\/5872"}],"up":[{"embeddable":true,"href":"https:\/\/www.bastillehostel.com\/pt-pt\/wp-json\/wp\/v2\/pages\/5840"}],"wp:attachment":[{"href":"https:\/\/www.bastillehostel.com\/pt-pt\/wp-json\/wp\/v2\/media?parent=5846"}],"curies":[{"name":"wp","href":"https:\/\/api.w.org\/{rel}","templated":true}]}}