{"id":5844,"date":"2023-05-04T16:02:39","date_gmt":"2023-05-04T14:02:39","guid":{"rendered":"https:\/\/www.bastillehostel.com\/?page_id=5844"},"modified":"2023-05-04T16:12:04","modified_gmt":"2023-05-04T14:12:04","slug":"sala-de-concertos-no-quartier-latin","status":"publish","type":"page","link":"https:\/\/www.bastillehostel.com\/pt-pt\/dicas-paris\/discover-latin-quarter\/sala-de-concertos-no-quartier-latin\/","title":{"rendered":"Sala de concertos no Quartier Latin"},"content":{"rendered":"<p>As salas de concertos n\u00e3o tur\u00edsticas do Quartier Latin, com os seus ambientes pequenos e discretos, s\u00e3o a escolha dos frequentadores. Os endere\u00e7os sugeridos aqui s\u00e3o os covis dos noct\u00edvagos por causa de suas horas tardias: aqui a m\u00fasica come\u00e7a quando tudo ao redor parou.<\/p>\n<div class=\"clear\"><\/div>\n<div class=\"one_half\">\n<h4 class=\"title\"><img decoding=\"async\" class=\"alignleft size-full wp-image-614\" alt=\"la pomme d'\u00e8ve\" src=\"https:\/\/www.bastillehostel.com\/wp-content\/uploads\/2013\/10\/la-pomme-deve.jpg\" width=\"150\" height=\"150\" \/><a href=\"http:\/\/www.lapommedeve.com\/\" target=\"_blank\" rel=\"noopener\">La Pomme d\u2019\u00c8ve\u00a0<\/a><\/h4>\n<p><strong>1 rue Laplace &#8211; 75005 Paris &#8211; M\u00e9tro: Maubert-Mutualit\u00e9<br \/><\/strong><\/p>\n<p>O \u00fanico bar sul-africano da capital ganha vida \u00e0 noite, quando a sua impressionante adega abobadada do s\u00e9culo XII, quase deserta ao in\u00edcio da noite, se enche de jovens foli\u00f5es que v\u00eam tomar um \u00faltimo gole num ambiente g\u00f3tico chique. \u00c9 um sports bar \u2013 no tel\u00e3o \u00e9 poss\u00edvel ver qualquer tipo de evento esportivo \u2013 a programa\u00e7\u00e3o Pomme d\u2019Eve tamb\u00e9m oferece shows de jazz, blues, folk e bossa nova durante a semana.<\/p>\n<p>&nbsp;<\/p>\n<\/div>\n<div class=\"one_half last_column\">\n<h4 class=\"title\"><img decoding=\"async\" class=\"alignleft size-full wp-image-620\" alt=\"polly maggo\" src=\"https:\/\/www.bastillehostel.com\/wp-content\/uploads\/2013\/10\/polly-maggo.jpg\" width=\"150\" height=\"150\" \/><a href=\"http:\/\/pollymaggoo.org\/\" target=\"_blank\" rel=\"noopener\">Polly Maggoo <\/a><\/h4>\n<p><strong>1 rue Laplace &#8211; 75005 Paris &#8211; M\u00e9tro: Maubert-Mutualit\u00e9<br \/><\/strong><\/p>\n<p>Aquela insalubre boozer para os noct\u00edvagos transformou-se num bar de tapas cheio de cores vivas e com uma frente hiper gerida. Polly Magoo traiu seus frequentadores? N\u00e3o, as corujas ainda s\u00e3o bem-vindas em shows (pop rock, latino ou franc\u00eas) \u00e0s sextas e s\u00e1bados, que \u00e0s vezes v\u00e3o at\u00e9 as 5 da manh\u00e3. No Polly, a atmosfera n\u00e3o \u00e9 puramente estudantil, mas o som \u00e9 bom e h\u00e1 m\u00fasicos talentosos. Para os amantes do jazz, a sess\u00e3o de coquetel jazz na ter\u00e7a-feira \u00e9 imperd\u00edvel.<\/p>\n<p>&nbsp;<\/p>\n<\/div>\n<div class=\"clear\"><\/div>\n<div class=\"clear\"><\/div>\n\t\t\t<style type=\"text\/css\">\n\t\t\t\t#content-block-background-1201 { background-image: url(); background-position: 50% 0; background-repeat: repeat; background-color: transparent; background-attachment: scroll; background-size: auto; }\n\t\t\t\t#content-block-body-1201 { padding: 40px 0; color: inherit; }\n\t\t\t\t.content-block-body { margin-left: auto; margin-right: auto; position: relative; }\n\t\t\t<\/style>\n\t\t\t\t\t\t\t<style type=\"text\/css\">\n\t\t\t\t\t#wrapper-1 { overflow-x: hidden; }\n\t\t\t\t\t#content-block-background-1201 { margin: 0 -10000px; padding: 0 10000px; }\n\t\t\t\t<\/style>\n\t\t\t\n\t\t\t\t\t\t<script type=\"text\/javascript\">\n\t\t\t\t\/\/ <![CDATA[\n\t\t\t\tjQuery(document).ready(function($){\n\t\t\t\t\t\"use strict\";\n\t\t\t\t\tif( ! $(\"body\").hasClass( \"mobile-detected\" ) ){\n\t\t\t\t\t\t$(\"#content-block-background-\"+1201).each(function(){\n\t\t\t\t\t\t\tvar $bgobj = $(this); \/\/ Assigning the object.\n\t\t\t\t\t\t\tvar xPos = '50%'; \/\/ x bg position value from the user shortcode.\n\t\t\t\t\t\t\t$(window).scroll(function() {\n\t\t\t\t\t\t\t\tvar yPos = -($(window).scrollTop() \/ 3);\n\t\t\t\t\t\t\t\t\/\/ Put together our final background position.\n\t\t\t\t\t\t\t\tvar coords = xPos+' '+yPos+'px';\n\t\t\t\t\t\t\t\t\/\/ Move the background.\n\t\t\t\t\t\t\t\t$bgobj.css({ backgroundPosition: coords });\n\t\t\t\t\t\t\t});\n\t\t\t\t\t\t});\n\t\t\t\t\t}\n\t\t\t\t});\n\t\t\t\t\/\/ ]]>\n\t\t\t<\/script>\n\t\t\t\n\t\t\t<div class=\"clear\"><\/div>\n\t\t\t<div id=\"content-block-background-1201\" class=\"content-block-background \">\n\t\t\t\t<div id=\"content-block-body-1201\" class=\"content-block-body\">\n\t\t\t\t\t<div class=\"clear\"><\/div>\n\t\t\t\t\t\n<div class=\"one_third\">\n<a class=\"btn orange survol\" href=\"https:\/\/www.bastillehostel.com\/pt-pt\/dicas-paris\/discover-latin-quarter\/bares-no-quartier-latin\/\"> <i class=\"fa fa-glass\" aria-hidden=\"true\"><\/i>\u00a0Bares no Quartier Latin &gt;<\/a><br \/>\n<a class=\"btn orange survol\" href=\"https:\/\/www.bastillehostel.com\/pt-pt\/dicas-paris\/discover-latin-quarter\/comer-no-quartier-latin\/\"><i class=\"fa fa-cutlery\" aria-hidden=\"true\"><\/i>\u00a0Comer no Quartier Latin &gt;<\/a><br \/>\n<\/div>\n<div class=\"one_third\">\n<a class=\"btn orange survol\" href=\"https:\/\/www.bastillehostel.com\/pt-pt\/dicas-paris\/discover-latin-quarter\/dancar-no-quartier-latin\/\"><i class=\"fa fa-music\" aria-hidden=\"true\"><\/i>\u00a0Dan\u00e7ar no Quartier Latin &gt;<\/a><br \/>\n<a class=\"btn orange survol\" href=\"https:\/\/www.bastillehostel.com\/pt-pt\/dicas-paris\/discover-latin-quarter\/sala-de-concertos-no-quartier-latin\/\"><i class=\"fa fa-music\" aria-hidden=\"true\"><\/i>\u00a0Salas de concertos no Quartier Latin&gt;<\/a><br \/>\n<\/div>\n<div class=\"one_third last_column\">\n<a class=\"btn orange survol\" href=\"https:\/\/www.bastillehostel.com\/pt-pt\/dicas-paris\/discover-latin-quarter\/movimente-se-pelo-quartier-latin\/\"><i class=\"fa fa-bicycle\" aria-hidden=\"true\"><\/i>Movimente-se pelo Quartier Latin &gt;<\/a><\/p>\n<\/div>\n\t\t\t\t\t<div class=\"clear\"><\/div>\n\t\t\t\t<\/div>\n\t\t\t<\/div>\n\t\t\t<div class=\"clear\"><\/div>\n\t\t\t\n","protected":false},"excerpt":{"rendered":"<p>As salas de concertos n\u00e3o tur\u00edsticas do Quartier Latin, com os seus ambientes pequenos e discretos, s\u00e3o a escolha dos frequentadores. Os endere\u00e7os sugeridos aqui s\u00e3o os covis dos noct\u00edvagos por causa de suas horas tardias: aqui a m\u00fasica come\u00e7a quando tudo ao redor parou.<\/p>\n","protected":false},"author":6,"featured_media":0,"parent":5840,"menu_order":0,"comment_status":"closed","ping_status":"closed","template":"","meta":{"footnotes":""},"class_list":["post-5844","page","type-page","status-publish","hentry"],"yoast_head":"<!-- This site is optimized with the Yoast SEO plugin v27.6 - https:\/\/yoast.com\/product\/yoast-seo-wordpress\/ -->\n<title>Sala de concertos no Quartier Latin - Bastille Hostel - Pousada da Juventude em Paris<\/title>\n<meta name=\"robots\" content=\"index, follow, max-snippet:-1, max-image-preview:large, max-video-preview:-1\" \/>\n<link rel=\"canonical\" href=\"https:\/\/www.bastillehostel.com\/pt-pt\/dicas-paris\/discover-latin-quarter\/sala-de-concertos-no-quartier-latin\/\" \/>\n<meta property=\"og:locale\" content=\"pt_PT\" \/>\n<meta property=\"og:type\" content=\"article\" \/>\n<meta property=\"og:title\" content=\"Sala de concertos no Quartier Latin - Bastille Hostel - Pousada da Juventude em Paris\" \/>\n<meta property=\"og:description\" content=\"As salas de concertos n\u00e3o tur\u00edsticas do Quartier Latin, com os seus ambientes pequenos e discretos, s\u00e3o a escolha dos frequentadores. Os endere\u00e7os sugeridos aqui s\u00e3o os covis dos noct\u00edvagos por causa de suas horas tardias: aqui a m\u00fasica come\u00e7a quando tudo ao redor parou.\" \/>\n<meta property=\"og:url\" content=\"https:\/\/www.bastillehostel.com\/pt-pt\/dicas-paris\/discover-latin-quarter\/sala-de-concertos-no-quartier-latin\/\" \/>\n<meta property=\"og:site_name\" content=\"Bastille Hostel - Pousada da Juventude em Paris\" \/>\n<meta property=\"article:modified_time\" content=\"2023-05-04T14:12:04+00:00\" \/>\n<meta property=\"og:image\" content=\"https:\/\/www.bastillehostel.com\/wp-content\/uploads\/2013\/10\/la-pomme-deve.jpg\" \/>\n<meta name=\"twitter:card\" content=\"summary_large_image\" \/>\n<meta name=\"twitter:label1\" content=\"Tempo estimado de leitura\" \/>\n\t<meta name=\"twitter:data1\" content=\"2 minutos\" \/>\n<script type=\"application\/ld+json\" class=\"yoast-schema-graph\">{\"@context\":\"https:\\\/\\\/schema.org\",\"@graph\":[{\"@type\":\"WebPage\",\"@id\":\"https:\\\/\\\/www.bastillehostel.com\\\/pt-pt\\\/dicas-paris\\\/discover-latin-quarter\\\/sala-de-concertos-no-quartier-latin\\\/\",\"url\":\"https:\\\/\\\/www.bastillehostel.com\\\/pt-pt\\\/dicas-paris\\\/discover-latin-quarter\\\/sala-de-concertos-no-quartier-latin\\\/\",\"name\":\"Sala de concertos no Quartier Latin - Bastille Hostel - Pousada da Juventude em Paris\",\"isPartOf\":{\"@id\":\"https:\\\/\\\/www.bastillehostel.com\\\/fr\\\/#website\"},\"primaryImageOfPage\":{\"@id\":\"https:\\\/\\\/www.bastillehostel.com\\\/pt-pt\\\/dicas-paris\\\/discover-latin-quarter\\\/sala-de-concertos-no-quartier-latin\\\/#primaryimage\"},\"image\":{\"@id\":\"https:\\\/\\\/www.bastillehostel.com\\\/pt-pt\\\/dicas-paris\\\/discover-latin-quarter\\\/sala-de-concertos-no-quartier-latin\\\/#primaryimage\"},\"thumbnailUrl\":\"https:\\\/\\\/www.bastillehostel.com\\\/wp-content\\\/uploads\\\/2013\\\/10\\\/la-pomme-deve.jpg\",\"datePublished\":\"2023-05-04T14:02:39+00:00\",\"dateModified\":\"2023-05-04T14:12:04+00:00\",\"breadcrumb\":{\"@id\":\"https:\\\/\\\/www.bastillehostel.com\\\/pt-pt\\\/dicas-paris\\\/discover-latin-quarter\\\/sala-de-concertos-no-quartier-latin\\\/#breadcrumb\"},\"inLanguage\":\"pt-PT\",\"potentialAction\":[{\"@type\":\"ReadAction\",\"target\":[\"https:\\\/\\\/www.bastillehostel.com\\\/pt-pt\\\/dicas-paris\\\/discover-latin-quarter\\\/sala-de-concertos-no-quartier-latin\\\/\"]}]},{\"@type\":\"ImageObject\",\"inLanguage\":\"pt-PT\",\"@id\":\"https:\\\/\\\/www.bastillehostel.com\\\/pt-pt\\\/dicas-paris\\\/discover-latin-quarter\\\/sala-de-concertos-no-quartier-latin\\\/#primaryimage\",\"url\":\"https:\\\/\\\/www.bastillehostel.com\\\/wp-content\\\/uploads\\\/2013\\\/10\\\/la-pomme-deve.jpg\",\"contentUrl\":\"https:\\\/\\\/www.bastillehostel.com\\\/wp-content\\\/uploads\\\/2013\\\/10\\\/la-pomme-deve.jpg\"},{\"@type\":\"BreadcrumbList\",\"@id\":\"https:\\\/\\\/www.bastillehostel.com\\\/pt-pt\\\/dicas-paris\\\/discover-latin-quarter\\\/sala-de-concertos-no-quartier-latin\\\/#breadcrumb\",\"itemListElement\":[{\"@type\":\"ListItem\",\"position\":1,\"name\":\"Home\",\"item\":\"https:\\\/\\\/www.bastillehostel.com\\\/pt-pt\\\/\"},{\"@type\":\"ListItem\",\"position\":2,\"name\":\"As dicas de Paris\",\"item\":\"https:\\\/\\\/www.bastillehostel.com\\\/pt-pt\\\/dicas-paris\\\/\"},{\"@type\":\"ListItem\",\"position\":3,\"name\":\"Descubra o Quartier Latin\",\"item\":\"https:\\\/\\\/www.bastillehostel.com\\\/pt-pt\\\/dicas-paris\\\/discover-latin-quarter\\\/\"},{\"@type\":\"ListItem\",\"position\":4,\"name\":\"Sala de concertos no Quartier Latin\"}]},{\"@type\":\"WebSite\",\"@id\":\"https:\\\/\\\/www.bastillehostel.com\\\/fr\\\/#website\",\"url\":\"https:\\\/\\\/www.bastillehostel.com\\\/fr\\\/\",\"name\":\"Bastille Hostel - Pousada da Juventude em Paris\",\"description\":\"Bastille Hostel - Pousada da Juventude em Paris\",\"potentialAction\":[{\"@type\":\"SearchAction\",\"target\":{\"@type\":\"EntryPoint\",\"urlTemplate\":\"https:\\\/\\\/www.bastillehostel.com\\\/fr\\\/?s={search_term_string}\"},\"query-input\":{\"@type\":\"PropertyValueSpecification\",\"valueRequired\":true,\"valueName\":\"search_term_string\"}}],\"inLanguage\":\"pt-PT\"}]}<\/script>\n<!-- \/ Yoast SEO plugin. -->","yoast_head_json":{"title":"Sala de concertos no Quartier Latin - Bastille Hostel - Pousada da Juventude em Paris","robots":{"index":"index","follow":"follow","max-snippet":"max-snippet:-1","max-image-preview":"max-image-preview:large","max-video-preview":"max-video-preview:-1"},"canonical":"https:\/\/www.bastillehostel.com\/pt-pt\/dicas-paris\/discover-latin-quarter\/sala-de-concertos-no-quartier-latin\/","og_locale":"pt_PT","og_type":"article","og_title":"Sala de concertos no Quartier Latin - Bastille Hostel - Pousada da Juventude em Paris","og_description":"As salas de concertos n\u00e3o tur\u00edsticas do Quartier Latin, com os seus ambientes pequenos e discretos, s\u00e3o a escolha dos frequentadores. Os endere\u00e7os sugeridos aqui s\u00e3o os covis dos noct\u00edvagos por causa de suas horas tardias: aqui a m\u00fasica come\u00e7a quando tudo ao redor parou.","og_url":"https:\/\/www.bastillehostel.com\/pt-pt\/dicas-paris\/discover-latin-quarter\/sala-de-concertos-no-quartier-latin\/","og_site_name":"Bastille Hostel - Pousada da Juventude em Paris","article_modified_time":"2023-05-04T14:12:04+00:00","og_image":[{"url":"https:\/\/www.bastillehostel.com\/wp-content\/uploads\/2013\/10\/la-pomme-deve.jpg","type":"","width":"","height":""}],"twitter_card":"summary_large_image","twitter_misc":{"Tempo estimado de leitura":"2 minutos"},"schema":{"@context":"https:\/\/schema.org","@graph":[{"@type":"WebPage","@id":"https:\/\/www.bastillehostel.com\/pt-pt\/dicas-paris\/discover-latin-quarter\/sala-de-concertos-no-quartier-latin\/","url":"https:\/\/www.bastillehostel.com\/pt-pt\/dicas-paris\/discover-latin-quarter\/sala-de-concertos-no-quartier-latin\/","name":"Sala de concertos no Quartier Latin - Bastille Hostel - Pousada da Juventude em Paris","isPartOf":{"@id":"https:\/\/www.bastillehostel.com\/fr\/#website"},"primaryImageOfPage":{"@id":"https:\/\/www.bastillehostel.com\/pt-pt\/dicas-paris\/discover-latin-quarter\/sala-de-concertos-no-quartier-latin\/#primaryimage"},"image":{"@id":"https:\/\/www.bastillehostel.com\/pt-pt\/dicas-paris\/discover-latin-quarter\/sala-de-concertos-no-quartier-latin\/#primaryimage"},"thumbnailUrl":"https:\/\/www.bastillehostel.com\/wp-content\/uploads\/2013\/10\/la-pomme-deve.jpg","datePublished":"2023-05-04T14:02:39+00:00","dateModified":"2023-05-04T14:12:04+00:00","breadcrumb":{"@id":"https:\/\/www.bastillehostel.com\/pt-pt\/dicas-paris\/discover-latin-quarter\/sala-de-concertos-no-quartier-latin\/#breadcrumb"},"inLanguage":"pt-PT","potentialAction":[{"@type":"ReadAction","target":["https:\/\/www.bastillehostel.com\/pt-pt\/dicas-paris\/discover-latin-quarter\/sala-de-concertos-no-quartier-latin\/"]}]},{"@type":"ImageObject","inLanguage":"pt-PT","@id":"https:\/\/www.bastillehostel.com\/pt-pt\/dicas-paris\/discover-latin-quarter\/sala-de-concertos-no-quartier-latin\/#primaryimage","url":"https:\/\/www.bastillehostel.com\/wp-content\/uploads\/2013\/10\/la-pomme-deve.jpg","contentUrl":"https:\/\/www.bastillehostel.com\/wp-content\/uploads\/2013\/10\/la-pomme-deve.jpg"},{"@type":"BreadcrumbList","@id":"https:\/\/www.bastillehostel.com\/pt-pt\/dicas-paris\/discover-latin-quarter\/sala-de-concertos-no-quartier-latin\/#breadcrumb","itemListElement":[{"@type":"ListItem","position":1,"name":"Home","item":"https:\/\/www.bastillehostel.com\/pt-pt\/"},{"@type":"ListItem","position":2,"name":"As dicas de Paris","item":"https:\/\/www.bastillehostel.com\/pt-pt\/dicas-paris\/"},{"@type":"ListItem","position":3,"name":"Descubra o Quartier Latin","item":"https:\/\/www.bastillehostel.com\/pt-pt\/dicas-paris\/discover-latin-quarter\/"},{"@type":"ListItem","position":4,"name":"Sala de concertos no Quartier Latin"}]},{"@type":"WebSite","@id":"https:\/\/www.bastillehostel.com\/fr\/#website","url":"https:\/\/www.bastillehostel.com\/fr\/","name":"Bastille Hostel - Pousada da Juventude em Paris","description":"Bastille Hostel - Pousada da Juventude em Paris","potentialAction":[{"@type":"SearchAction","target":{"@type":"EntryPoint","urlTemplate":"https:\/\/www.bastillehostel.com\/fr\/?s={search_term_string}"},"query-input":{"@type":"PropertyValueSpecification","valueRequired":true,"valueName":"search_term_string"}}],"inLanguage":"pt-PT"}]}},"_links":{"self":[{"href":"https:\/\/www.bastillehostel.com\/pt-pt\/wp-json\/wp\/v2\/pages\/5844","targetHints":{"allow":["GET"]}}],"collection":[{"href":"https:\/\/www.bastillehostel.com\/pt-pt\/wp-json\/wp\/v2\/pages"}],"about":[{"href":"https:\/\/www.bastillehostel.com\/pt-pt\/wp-json\/wp\/v2\/types\/page"}],"author":[{"embeddable":true,"href":"https:\/\/www.bastillehostel.com\/pt-pt\/wp-json\/wp\/v2\/users\/6"}],"replies":[{"embeddable":true,"href":"https:\/\/www.bastillehostel.com\/pt-pt\/wp-json\/wp\/v2\/comments?post=5844"}],"version-history":[{"count":5,"href":"https:\/\/www.bastillehostel.com\/pt-pt\/wp-json\/wp\/v2\/pages\/5844\/revisions"}],"predecessor-version":[{"id":5868,"href":"https:\/\/www.bastillehostel.com\/pt-pt\/wp-json\/wp\/v2\/pages\/5844\/revisions\/5868"}],"up":[{"embeddable":true,"href":"https:\/\/www.bastillehostel.com\/pt-pt\/wp-json\/wp\/v2\/pages\/5840"}],"wp:attachment":[{"href":"https:\/\/www.bastillehostel.com\/pt-pt\/wp-json\/wp\/v2\/media?parent=5844"}],"curies":[{"name":"wp","href":"https:\/\/api.w.org\/{rel}","templated":true}]}}