{"id":5843,"date":"2023-05-04T16:02:12","date_gmt":"2023-05-04T14:02:12","guid":{"rendered":"https:\/\/www.bastillehostel.com\/?page_id=5843"},"modified":"2023-05-04T16:11:11","modified_gmt":"2023-05-04T14:11:11","slug":"bares-no-quartier-latin","status":"publish","type":"page","link":"https:\/\/www.bastillehostel.com\/pt-pt\/dicas-paris\/discover-latin-quarter\/bares-no-quartier-latin\/","title":{"rendered":"Bares no Quartier Latin"},"content":{"rendered":"<p>Voc\u00ea ser\u00e1 mimado pela escolha! Bares tem\u00e1ticos, bares desportivos, pubs tradicionais, caf\u00e9s tradicionais parisienses repletos de cartazes antigos\u2026 o cora\u00e7\u00e3o do bairro estudantil, a zona entre a Sorbonne e o Pante\u00e3o, \u00e9 o reino dos bares com bebidas baratas e um ambiente super festivo. As principais casas noturnas incluem: rue de la Montagne-Sainte-Genevi\u00e8ve, Rue Mouffetard e, para finalizar, place de la Counterscarp com um pouco de mousse.<\/p>\n\t\t\t<style type=\"text\/css\">\n\t\t\t\t#content-block-background-1674 { background-image: url(); background-position: 50% 0; background-repeat: repeat; background-color: transparent; background-attachment: scroll; background-size: auto; }\n\t\t\t\t#content-block-body-1674 { padding: 40px 0; color: inherit; }\n\t\t\t\t.content-block-body { margin-left: auto; margin-right: auto; position: relative; }\n\t\t\t<\/style>\n\t\t\t\t\t\t\t<style type=\"text\/css\">\n\t\t\t\t\t#wrapper-1 { overflow-x: hidden; }\n\t\t\t\t\t#content-block-background-1674 { margin: 0 -10000px; padding: 0 10000px; }\n\t\t\t\t<\/style>\n\t\t\t\n\t\t\t\t\t\t<script type=\"text\/javascript\">\n\t\t\t\t\/\/ <![CDATA[\n\t\t\t\tjQuery(document).ready(function($){\n\t\t\t\t\t\"use strict\";\n\t\t\t\t\tif( ! $(\"body\").hasClass( \"mobile-detected\" ) ){\n\t\t\t\t\t\t$(\"#content-block-background-\"+1674).each(function(){\n\t\t\t\t\t\t\tvar $bgobj = $(this); \/\/ Assigning the object.\n\t\t\t\t\t\t\tvar xPos = '50%'; \/\/ x bg position value from the user shortcode.\n\t\t\t\t\t\t\t$(window).scroll(function() {\n\t\t\t\t\t\t\t\tvar yPos = -($(window).scrollTop() \/ 3);\n\t\t\t\t\t\t\t\t\/\/ Put together our final background position.\n\t\t\t\t\t\t\t\tvar coords = xPos+' '+yPos+'px';\n\t\t\t\t\t\t\t\t\/\/ Move the background.\n\t\t\t\t\t\t\t\t$bgobj.css({ backgroundPosition: coords });\n\t\t\t\t\t\t\t});\n\t\t\t\t\t\t});\n\t\t\t\t\t}\n\t\t\t\t});\n\t\t\t\t\/\/ ]]>\n\t\t\t<\/script>\n\t\t\t\n\t\t\t<div class=\"clear\"><\/div>\n\t\t\t<div id=\"content-block-background-1674\" class=\"content-block-background \">\n\t\t\t\t<div id=\"content-block-body-1674\" class=\"content-block-body\">\n\t\t\t\t\t<div class=\"clear\"><\/div>\n\t\t\t\t\t\n<div class=\"one_fourth\">\n<img decoding=\"async\" class=\"aligncenter size-full wp-image-632\" alt=\"le reflet\" src=\"https:\/\/www.bastillehostel.com\/wp-content\/uploads\/2013\/10\/le-reflet.jpg\" width=\"150\" height=\"150\" \/><\/p>\n<h4 class=\"title\"><a href=\"https:\/\/www.google.fr\/maps\/uv?hl=fr&#038;pb=!1s0x47e671dd986aaa5f:0x79c9db9f90b3a764!2m22!2m2!1i80!2i80!3m1!2i20!16m16!1b1!2m2!1m1!1e1!2m2!1m1!1e3!2m2!1m1!1e5!2m2!1m1!1e4!2m2!1m1!1e6!3m1!7e115!4zL21hcHMvcGxhY2UvbGUrcmVmbGV0KzYrUnVlK0NoYW1wb2xsaW9uKyVFMiU4MCU5Mys3NTAwNStQYXJpcyslRTIlODAlOTMrTSVDMyVBOXRybys6K0NsdW55LUxhLVNvcmJvbm5lL0A0OC44NDk2ODgxLDIuMzQyODMzOSwzYSw3NXksMzI0LjczaCw5MHQvZGF0YT0hM200ITFlMSEzbTIhMXNma3NVTHAxdzNVdThKSE4wUldQdTRRITJlMCE0bTIhM20xITFzMHg0N2U2NzFkZDk4NmFhYTVmOjB4NzljOWRiOWY5MGIzYTc2NA!5sle+reflet+6+Rue+Champollion+%E2%80%93+75005+Paris+%E2%80%93+M%C3%A9tro+:+Cluny-La-Sorbonne+-+Recherche+Google&#038;imagekey=!1e2!2sfksULp1w3Uu8JHN0RWPu4Q&#038;sa=X&#038;ved=0ahUKEwju7Kup0bzbAhXJPxQKHd8FCmoQpx8IpAEwCg\" target=\"_blank\" rel=\"noopener\">Le reflet <\/a><\/h4>\n<p><strong>6 Rue Champollion &#8211; 75005 Paris &#8211; M\u00e9tro :\u00a0Cluny-La-Sorbonne<\/strong><\/p>\n<p>Se voc\u00ea gosta de ser o centro das aten\u00e7\u00f5es (literalmente!), o Le Reflet \u00e9 o lugar para voc\u00ea. Em frente ao cinema de arte Reflet M\u00e9dici, este pequeno e simp\u00e1tico bar, constru\u00eddo como cen\u00e1rio de um filme, \u00e9 ideal para tomar um drink, lanchar ao meio-dia ou ler um livro sozinho entre as aulas. Em uma atmosfera vagamente intelectual, as pessoas conversam sobre arte e pol\u00edtica, cercadas por p\u00f4steres de filmes cult, fotos e retratos de estrelas do cinema.<\/p>\n<p>&nbsp;<\/p>\n<\/div>\n<div class=\"one_fourth\">\n <img decoding=\"async\" class=\"aligncenter size-full wp-image-801\" alt=\"le-tabac-de-la-sorbonne\" src=\"https:\/\/www.bastillehostel.com\/wp-content\/uploads\/2013\/10\/le-tabac-de-la-sorbonne.jpg\" width=\"150\" height=\"150\" \/><\/p>\n<h4 class=\"title\">Bar-Tabac de la Sorbonne<\/h4>\n<p><strong>7 place de la Sorbonne &#8211; 75005 Paris &#8211; M\u00e9tro :\u00a0Cluny-La-Sorbonne<\/strong><\/p>\n<p>De frente para os primeiros raios de sol da primavera, a esplanada do tabac de la Sorbonne \u00e9 o lugar para relaxar entre as aulas tomando um caf\u00e9 ou chocolate (esque\u00e7a as refei\u00e7\u00f5es, s\u00e3o muito caras) com vista para a pra\u00e7a. Os empregados vestidos de branco e preto d\u00e3o um toque do s\u00e9culo XIX a este espa\u00e7o j\u00e1 carregado de hist\u00f3ria.<\/p>\n<p>&nbsp;<\/p>\n<\/div>\n<div class=\"one_fourth\">\n<img decoding=\"async\" class=\"aligncenter size-full wp-image-802\" alt=\"madmakerpub\" src=\"https:\/\/www.bastillehostel.com\/wp-content\/uploads\/2013\/10\/madmakerpub.jpg\" width=\"150\" height=\"150\" \/><\/p>\n<h4 class=\"title\"><a href=\"http:\/\/www.madmaker.fr\/\" target=\"_blank\" rel=\"noopener\">Mad Maker Pub <\/a><\/h4>\n<p><strong>22 rue Cujas &#8211; 75005 Paris &#8211; M\u00e9tro :\u00a0Cluny-La-Sorbonne<\/strong><\/p>\n<p>Na caverna escura do pirata \u201cMad Maker\u201d, as paredes est\u00e3o cobertas de cartas n\u00e1uticas vindas diretamente da Ilha do Tesouro, as velas de um navio flutuam no teto e os marinheiros se amontoam em torno de barris para beber cerveja. Aqui, o maior perigo est\u00e1 na forma dos bancos altos que parecem ter sido feitos para provocar tonturas. H\u00e1 um pequeno b\u00f4nus para os viciados em cigarro: uma sala para fumantes abre \u00e0s 22h30.<\/p>\n<p>&nbsp;<\/p>\n<\/div>\n<div class=\"one_fourth last_column\">\n<img decoding=\"async\" class=\"aligncenter size-full wp-image-803\" alt=\"The Bombardier pub\" src=\"https:\/\/www.bastillehostel.com\/wp-content\/uploads\/2013\/10\/The-Bombardier-pub.jpg\" width=\"150\" height=\"150\" \/><\/p>\n<h4 class=\"title\">The bombardier <\/h4>\n<p><strong>2 place du panth\u00e9on &#8211; 75005 Paris &#8211; M\u00e9tro :\u00a0Cardinal-Lemoine<\/strong><\/p>\n<p>Ao passarem pela primeira vez, os alunos do outro lado do Canal n\u00e3o acreditam no que v\u00eaem: um verdadeiro pub ingl\u00eas com mesas de madeira, carpete e cerveja fluindo livremente, bem ao lado do Pante\u00e3o\u2026! Na Bombardier, o clima \u00e9 festivo e \u00e9 f\u00e1cil de se reunir, principalmente na segunda-feira (happy hour a noite toda para alunos). Ao meio-dia, oferece cozinha brit\u00e2nica, incluindo hamb\u00fargueres, pequenos-almo\u00e7os ingleses e jantares assados aos domingos, como em casa!<\/p>\n<p>&nbsp;<\/p>\n<\/div>\n\t\t\t\t\t<div class=\"clear\"><\/div>\n\t\t\t\t<\/div>\n\t\t\t<\/div>\n\t\t\t<div class=\"clear\"><\/div>\n\t\t\t\n<div class=\"clear\"><\/div>\n\t\t\t<style type=\"text\/css\">\n\t\t\t\t#content-block-background-1522 { background-image: url(); background-position: 50% 0; background-repeat: repeat; background-color: transparent; background-attachment: scroll; background-size: auto; }\n\t\t\t\t#content-block-body-1522 { padding: 40px 0; color: inherit; }\n\t\t\t\t.content-block-body { margin-left: auto; margin-right: auto; position: relative; }\n\t\t\t<\/style>\n\t\t\t\t\t\t\t<style type=\"text\/css\">\n\t\t\t\t\t#wrapper-1 { overflow-x: hidden; }\n\t\t\t\t\t#content-block-background-1522 { margin: 0 -10000px; padding: 0 10000px; }\n\t\t\t\t<\/style>\n\t\t\t\n\t\t\t\t\t\t<script type=\"text\/javascript\">\n\t\t\t\t\/\/ <![CDATA[\n\t\t\t\tjQuery(document).ready(function($){\n\t\t\t\t\t\"use strict\";\n\t\t\t\t\tif( ! $(\"body\").hasClass( \"mobile-detected\" ) ){\n\t\t\t\t\t\t$(\"#content-block-background-\"+1522).each(function(){\n\t\t\t\t\t\t\tvar $bgobj = $(this); \/\/ Assigning the object.\n\t\t\t\t\t\t\tvar xPos = '50%'; \/\/ x bg position value from the user shortcode.\n\t\t\t\t\t\t\t$(window).scroll(function() {\n\t\t\t\t\t\t\t\tvar yPos = -($(window).scrollTop() \/ 3);\n\t\t\t\t\t\t\t\t\/\/ Put together our final background position.\n\t\t\t\t\t\t\t\tvar coords = xPos+' '+yPos+'px';\n\t\t\t\t\t\t\t\t\/\/ Move the background.\n\t\t\t\t\t\t\t\t$bgobj.css({ backgroundPosition: coords });\n\t\t\t\t\t\t\t});\n\t\t\t\t\t\t});\n\t\t\t\t\t}\n\t\t\t\t});\n\t\t\t\t\/\/ ]]>\n\t\t\t<\/script>\n\t\t\t\n\t\t\t<div class=\"clear\"><\/div>\n\t\t\t<div id=\"content-block-background-1522\" class=\"content-block-background \">\n\t\t\t\t<div id=\"content-block-body-1522\" class=\"content-block-body\">\n\t\t\t\t\t<div class=\"clear\"><\/div>\n\t\t\t\t\t\n<div class=\"one_fourth\">\n<img decoding=\"async\" class=\"aligncenter size-full wp-image-806\" alt=\"bistrotdesartistes1\" src=\"https:\/\/www.bastillehostel.com\/wp-content\/uploads\/2013\/10\/bistrotdesartistes1.jpg\" width=\"150\" height=\"150\" \/><\/p>\n<h4 class=\"title\"><a href=\"http:\/\/www.bistrot-des-artistes.com\/\" target=\"_blank\" rel=\"noopener\">Le bistrot des artistes<\/a><\/h4>\n<p><strong>6 rue des Anglais &#8211; 75005 Paris &#8211; M\u00e9tro :\u00a0Maubert-Mutualit\u00e9<\/strong><\/p>\n<p>This tiny bar with a reggae and Afro-Cuban atmosphere is known for serving the best mojito in Paris. If purists prefer the \u201coriginal\u201d, the menu has several variations of the Cuban cocktail, and many other mixtures (batidas, caipirinhas and ca\u00efpiroskas).<\/p>\n<p>&nbsp;<\/p>\n<\/div>\n<div class=\"one_fourth\">\n<img decoding=\"async\" class=\"aligncenter size-full wp-image-807\" alt=\"bar-zig-zag-paris\" src=\"https:\/\/www.bastillehostel.com\/wp-content\/uploads\/2013\/10\/bar-zig-zag-paris.jpg\" width=\"150\" height=\"150\" \/><\/p>\n<h4 class=\"title\"><a href=\"https:\/\/www.facebook.com\/ZigZagPantheon\/\" target=\"_blank\" rel=\"noopener\">Zigzag caf\u00e9 <\/a><\/h4>\n<p><strong>32 rue des Carmes &#8211; 75005 Paris &#8211; M\u00e9tro :\u00a0Cardinal-Lemoine<\/strong><\/p>\n<p>A few steps from the Sainte-Barbe and Sainte-Genevi\u00e8ve libraries, this bar is decorated with large crooked letters and staffed by entertaining bar servers, it will divert you from you books through enticing \u201chappy hour\u201d offers. There is a delightful little room in the basement, decorated in an offset bourgeois style (Persian rugs, tables and flashy sofas). You can rent it for free to celebrate your birthday just like at home.<\/p>\n<p>&nbsp;<\/p>\n<\/div>\n<div class=\"one_fourth\">\n<img decoding=\"async\" class=\"aligncenter size-full wp-image-815\" alt=\"bateau ivre\" src=\"https:\/\/www.bastillehostel.com\/wp-content\/uploads\/2013\/10\/bateau-ivre.jpg\" width=\"150\" height=\"150\" \/><\/p>\n<h4 class=\"title\"><a href=\"http:\/\/www.le-bateau-ivre-paris.fr\/\" target=\"_blank\" rel=\"noopener\">Le bateau Ivre <\/a><\/h4>\n<p><strong>40 Rue Descartes &#8211; 75005 Paris &#8211; M\u00e9tro :\u00a0Cardinal-Lemoine<\/strong><\/p>\n<p>Facing the former home of Verlaine, this is a pocket-sized pub where the atmosphere is young, chilled and it goes without saying, bohemian. Add  \u20ac1 to you bill and try your luck with the toss. If you win you will receive a free shot with a long list of mixtures to choose from, including the exquisite Reims Cochon (melon champagne). With regards to beer, there\u2019s a special mention for the Chouffe..<\/p>\n<\/div>\n<div class=\"one_fourth last_column\">\n<img decoding=\"async\" class=\"aligncenter size-full wp-image-816\" alt=\"piano-vache\" src=\"https:\/\/www.bastillehostel.com\/wp-content\/uploads\/2013\/10\/piano-vache.jpg\" width=\"150\" height=\"150\" \/><\/p>\n<h4 class=\"title\"><a href=\"https:\/\/www.facebook.com\/Le-Piano-Vache-100684356686008\/\" target=\"_blank\" rel=\"noopener\">Le Piano Vache <\/a><\/h4>\n<p><strong>8 rue Laplace &#8211; 75005 Paris &#8211; M\u00e9tro :\u00a0Cardinal-Lemoine<\/strong><\/p>\n<p>Since 1969, the Piano Vache has seen its dilapidated benches used by generations of students who have made this dark Parisian boozer with its quirky rooms a true student institution. A temple of rock and its variations (pop rock, gothic, punk, etc. ..), the Piano Vache has lost none of its charm and still offers a wild atmosphere every night. To enjoy without moderation.<\/p>\n<\/div>\n\t\t\t\t\t<div class=\"clear\"><\/div>\n\t\t\t\t<\/div>\n\t\t\t<\/div>\n\t\t\t<div class=\"clear\"><\/div>\n\t\t\t\n<div class=\"clear\"><\/div>\n<div class=\"clear\"><\/div>\n\t\t\t<style type=\"text\/css\">\n\t\t\t\t#content-block-background-1431 { background-image: url(); background-position: 50% 0; background-repeat: repeat; background-color: transparent; background-attachment: scroll; background-size: auto; }\n\t\t\t\t#content-block-body-1431 { padding: 40px 0; color: inherit; }\n\t\t\t\t.content-block-body { margin-left: auto; margin-right: auto; position: relative; }\n\t\t\t<\/style>\n\t\t\t\t\t\t\t<style type=\"text\/css\">\n\t\t\t\t\t#wrapper-1 { overflow-x: hidden; }\n\t\t\t\t\t#content-block-background-1431 { margin: 0 -10000px; padding: 0 10000px; }\n\t\t\t\t<\/style>\n\t\t\t\n\t\t\t\t\t\t<script type=\"text\/javascript\">\n\t\t\t\t\/\/ <![CDATA[\n\t\t\t\tjQuery(document).ready(function($){\n\t\t\t\t\t\"use strict\";\n\t\t\t\t\tif( ! $(\"body\").hasClass( \"mobile-detected\" ) ){\n\t\t\t\t\t\t$(\"#content-block-background-\"+1431).each(function(){\n\t\t\t\t\t\t\tvar $bgobj = $(this); \/\/ Assigning the object.\n\t\t\t\t\t\t\tvar xPos = '50%'; \/\/ x bg position value from the user shortcode.\n\t\t\t\t\t\t\t$(window).scroll(function() {\n\t\t\t\t\t\t\t\tvar yPos = -($(window).scrollTop() \/ 3);\n\t\t\t\t\t\t\t\t\/\/ Put together our final background position.\n\t\t\t\t\t\t\t\tvar coords = xPos+' '+yPos+'px';\n\t\t\t\t\t\t\t\t\/\/ Move the background.\n\t\t\t\t\t\t\t\t$bgobj.css({ backgroundPosition: coords });\n\t\t\t\t\t\t\t});\n\t\t\t\t\t\t});\n\t\t\t\t\t}\n\t\t\t\t});\n\t\t\t\t\/\/ ]]>\n\t\t\t<\/script>\n\t\t\t\n\t\t\t<div class=\"clear\"><\/div>\n\t\t\t<div id=\"content-block-background-1431\" class=\"content-block-background \">\n\t\t\t\t<div id=\"content-block-body-1431\" class=\"content-block-body\">\n\t\t\t\t\t<div class=\"clear\"><\/div>\n\t\t\t\t\t\n<div class=\"one_third\">\n<a class=\"btn orange survol\" href=\"https:\/\/www.bastillehostel.com\/pt-pt\/dicas-paris\/discover-latin-quarter\/bares-no-quartier-latin\/\"> <i class=\"fa fa-glass\" aria-hidden=\"true\"><\/i>\u00a0Bares no Quartier Latin &gt;<\/a><br \/>\n<a class=\"btn orange survol\" href=\"https:\/\/www.bastillehostel.com\/pt-pt\/dicas-paris\/discover-latin-quarter\/comer-no-quartier-latin\/\"><i class=\"fa fa-cutlery\" aria-hidden=\"true\"><\/i>\u00a0Comer no Quartier Latin &gt;<\/a><br \/>\n<\/div>\n<div class=\"one_third\">\n<a class=\"btn orange survol\" href=\"https:\/\/www.bastillehostel.com\/pt-pt\/dicas-paris\/discover-latin-quarter\/dancar-no-quartier-latin\/\"><i class=\"fa fa-music\" aria-hidden=\"true\"><\/i>\u00a0Dan\u00e7ar no Quartier Latin &gt;<\/a><br \/>\n<a class=\"btn orange survol\" href=\"https:\/\/www.bastillehostel.com\/pt-pt\/dicas-paris\/discover-latin-quarter\/sala-de-concertos-no-quartier-latin\/\"><i class=\"fa fa-music\" aria-hidden=\"true\"><\/i>\u00a0Salas de concertos no Quartier Latin&gt;<\/a><br \/>\n<\/div>\n<div class=\"one_third last_column\">\n<a class=\"btn orange survol\" href=\"https:\/\/www.bastillehostel.com\/pt-pt\/dicas-paris\/discover-latin-quarter\/movimente-se-pelo-quartier-latin\/\"><i class=\"fa fa-bicycle\" aria-hidden=\"true\"><\/i>Movimente-se pelo Quartier Latin &gt;<\/a><\/p>\n<\/div>\n\t\t\t\t\t<div class=\"clear\"><\/div>\n\t\t\t\t<\/div>\n\t\t\t<\/div>\n\t\t\t<div class=\"clear\"><\/div>\n\t\t\t\n","protected":false},"excerpt":{"rendered":"<p>Voc\u00ea ser\u00e1 mimado pela escolha! Bares tem\u00e1ticos, bares desportivos, pubs tradicionais, caf\u00e9s tradicionais parisienses repletos de cartazes antigos\u2026 o cora\u00e7\u00e3o do bairro estudantil, a zona entre a Sorbonne e o Pante\u00e3o, \u00e9 o reino dos bares com bebidas baratas e um ambiente super festivo. As principais casas<\/p>\n","protected":false},"author":6,"featured_media":0,"parent":5840,"menu_order":0,"comment_status":"closed","ping_status":"closed","template":"","meta":{"footnotes":""},"class_list":["post-5843","page","type-page","status-publish","hentry"],"yoast_head":"<!-- This site is optimized with the Yoast SEO plugin v27.6 - https:\/\/yoast.com\/product\/yoast-seo-wordpress\/ -->\n<title>Bares no Quartier Latin - Bastille Hostel - Pousada da Juventude em Paris<\/title>\n<meta name=\"robots\" content=\"index, follow, max-snippet:-1, max-image-preview:large, max-video-preview:-1\" \/>\n<link rel=\"canonical\" href=\"https:\/\/www.bastillehostel.com\/pt-pt\/dicas-paris\/discover-latin-quarter\/bares-no-quartier-latin\/\" \/>\n<meta property=\"og:locale\" content=\"pt_PT\" \/>\n<meta property=\"og:type\" content=\"article\" \/>\n<meta property=\"og:title\" content=\"Bares no Quartier Latin - Bastille Hostel - Pousada da Juventude em Paris\" \/>\n<meta property=\"og:description\" content=\"Voc\u00ea ser\u00e1 mimado pela escolha! Bares tem\u00e1ticos, bares desportivos, pubs tradicionais, caf\u00e9s tradicionais parisienses repletos de cartazes antigos\u2026 o cora\u00e7\u00e3o do bairro estudantil, a zona entre a Sorbonne e o Pante\u00e3o, \u00e9 o reino dos bares com bebidas baratas e um ambiente super festivo. As principais casas\" \/>\n<meta property=\"og:url\" content=\"https:\/\/www.bastillehostel.com\/pt-pt\/dicas-paris\/discover-latin-quarter\/bares-no-quartier-latin\/\" \/>\n<meta property=\"og:site_name\" content=\"Bastille Hostel - Pousada da Juventude em Paris\" \/>\n<meta property=\"article:modified_time\" content=\"2023-05-04T14:11:11+00:00\" \/>\n<meta property=\"og:image\" content=\"https:\/\/www.bastillehostel.com\/wp-content\/uploads\/2013\/10\/le-reflet.jpg\" \/>\n<meta name=\"twitter:card\" content=\"summary_large_image\" \/>\n<meta name=\"twitter:label1\" content=\"Tempo estimado de leitura\" \/>\n\t<meta name=\"twitter:data1\" content=\"5 minutos\" \/>\n<script type=\"application\/ld+json\" class=\"yoast-schema-graph\">{\"@context\":\"https:\\\/\\\/schema.org\",\"@graph\":[{\"@type\":\"WebPage\",\"@id\":\"https:\\\/\\\/www.bastillehostel.com\\\/pt-pt\\\/dicas-paris\\\/discover-latin-quarter\\\/bares-no-quartier-latin\\\/\",\"url\":\"https:\\\/\\\/www.bastillehostel.com\\\/pt-pt\\\/dicas-paris\\\/discover-latin-quarter\\\/bares-no-quartier-latin\\\/\",\"name\":\"Bares no Quartier Latin - Bastille Hostel - Pousada da Juventude em Paris\",\"isPartOf\":{\"@id\":\"https:\\\/\\\/www.bastillehostel.com\\\/fr\\\/#website\"},\"primaryImageOfPage\":{\"@id\":\"https:\\\/\\\/www.bastillehostel.com\\\/pt-pt\\\/dicas-paris\\\/discover-latin-quarter\\\/bares-no-quartier-latin\\\/#primaryimage\"},\"image\":{\"@id\":\"https:\\\/\\\/www.bastillehostel.com\\\/pt-pt\\\/dicas-paris\\\/discover-latin-quarter\\\/bares-no-quartier-latin\\\/#primaryimage\"},\"thumbnailUrl\":\"https:\\\/\\\/www.bastillehostel.com\\\/wp-content\\\/uploads\\\/2013\\\/10\\\/le-reflet.jpg\",\"datePublished\":\"2023-05-04T14:02:12+00:00\",\"dateModified\":\"2023-05-04T14:11:11+00:00\",\"breadcrumb\":{\"@id\":\"https:\\\/\\\/www.bastillehostel.com\\\/pt-pt\\\/dicas-paris\\\/discover-latin-quarter\\\/bares-no-quartier-latin\\\/#breadcrumb\"},\"inLanguage\":\"pt-PT\",\"potentialAction\":[{\"@type\":\"ReadAction\",\"target\":[\"https:\\\/\\\/www.bastillehostel.com\\\/pt-pt\\\/dicas-paris\\\/discover-latin-quarter\\\/bares-no-quartier-latin\\\/\"]}]},{\"@type\":\"ImageObject\",\"inLanguage\":\"pt-PT\",\"@id\":\"https:\\\/\\\/www.bastillehostel.com\\\/pt-pt\\\/dicas-paris\\\/discover-latin-quarter\\\/bares-no-quartier-latin\\\/#primaryimage\",\"url\":\"https:\\\/\\\/www.bastillehostel.com\\\/wp-content\\\/uploads\\\/2013\\\/10\\\/le-reflet.jpg\",\"contentUrl\":\"https:\\\/\\\/www.bastillehostel.com\\\/wp-content\\\/uploads\\\/2013\\\/10\\\/le-reflet.jpg\"},{\"@type\":\"BreadcrumbList\",\"@id\":\"https:\\\/\\\/www.bastillehostel.com\\\/pt-pt\\\/dicas-paris\\\/discover-latin-quarter\\\/bares-no-quartier-latin\\\/#breadcrumb\",\"itemListElement\":[{\"@type\":\"ListItem\",\"position\":1,\"name\":\"Home\",\"item\":\"https:\\\/\\\/www.bastillehostel.com\\\/pt-pt\\\/\"},{\"@type\":\"ListItem\",\"position\":2,\"name\":\"As dicas de Paris\",\"item\":\"https:\\\/\\\/www.bastillehostel.com\\\/pt-pt\\\/dicas-paris\\\/\"},{\"@type\":\"ListItem\",\"position\":3,\"name\":\"Descubra o Quartier Latin\",\"item\":\"https:\\\/\\\/www.bastillehostel.com\\\/pt-pt\\\/dicas-paris\\\/discover-latin-quarter\\\/\"},{\"@type\":\"ListItem\",\"position\":4,\"name\":\"Bares no Quartier Latin\"}]},{\"@type\":\"WebSite\",\"@id\":\"https:\\\/\\\/www.bastillehostel.com\\\/fr\\\/#website\",\"url\":\"https:\\\/\\\/www.bastillehostel.com\\\/fr\\\/\",\"name\":\"Bastille Hostel - Pousada da Juventude em Paris\",\"description\":\"Bastille Hostel - Pousada da Juventude em Paris\",\"potentialAction\":[{\"@type\":\"SearchAction\",\"target\":{\"@type\":\"EntryPoint\",\"urlTemplate\":\"https:\\\/\\\/www.bastillehostel.com\\\/fr\\\/?s={search_term_string}\"},\"query-input\":{\"@type\":\"PropertyValueSpecification\",\"valueRequired\":true,\"valueName\":\"search_term_string\"}}],\"inLanguage\":\"pt-PT\"}]}<\/script>\n<!-- \/ Yoast SEO plugin. -->","yoast_head_json":{"title":"Bares no Quartier Latin - Bastille Hostel - Pousada da Juventude em Paris","robots":{"index":"index","follow":"follow","max-snippet":"max-snippet:-1","max-image-preview":"max-image-preview:large","max-video-preview":"max-video-preview:-1"},"canonical":"https:\/\/www.bastillehostel.com\/pt-pt\/dicas-paris\/discover-latin-quarter\/bares-no-quartier-latin\/","og_locale":"pt_PT","og_type":"article","og_title":"Bares no Quartier Latin - Bastille Hostel - Pousada da Juventude em Paris","og_description":"Voc\u00ea ser\u00e1 mimado pela escolha! Bares tem\u00e1ticos, bares desportivos, pubs tradicionais, caf\u00e9s tradicionais parisienses repletos de cartazes antigos\u2026 o cora\u00e7\u00e3o do bairro estudantil, a zona entre a Sorbonne e o Pante\u00e3o, \u00e9 o reino dos bares com bebidas baratas e um ambiente super festivo. As principais casas","og_url":"https:\/\/www.bastillehostel.com\/pt-pt\/dicas-paris\/discover-latin-quarter\/bares-no-quartier-latin\/","og_site_name":"Bastille Hostel - Pousada da Juventude em Paris","article_modified_time":"2023-05-04T14:11:11+00:00","og_image":[{"url":"https:\/\/www.bastillehostel.com\/wp-content\/uploads\/2013\/10\/le-reflet.jpg","type":"","width":"","height":""}],"twitter_card":"summary_large_image","twitter_misc":{"Tempo estimado de leitura":"5 minutos"},"schema":{"@context":"https:\/\/schema.org","@graph":[{"@type":"WebPage","@id":"https:\/\/www.bastillehostel.com\/pt-pt\/dicas-paris\/discover-latin-quarter\/bares-no-quartier-latin\/","url":"https:\/\/www.bastillehostel.com\/pt-pt\/dicas-paris\/discover-latin-quarter\/bares-no-quartier-latin\/","name":"Bares no Quartier Latin - Bastille Hostel - Pousada da Juventude em Paris","isPartOf":{"@id":"https:\/\/www.bastillehostel.com\/fr\/#website"},"primaryImageOfPage":{"@id":"https:\/\/www.bastillehostel.com\/pt-pt\/dicas-paris\/discover-latin-quarter\/bares-no-quartier-latin\/#primaryimage"},"image":{"@id":"https:\/\/www.bastillehostel.com\/pt-pt\/dicas-paris\/discover-latin-quarter\/bares-no-quartier-latin\/#primaryimage"},"thumbnailUrl":"https:\/\/www.bastillehostel.com\/wp-content\/uploads\/2013\/10\/le-reflet.jpg","datePublished":"2023-05-04T14:02:12+00:00","dateModified":"2023-05-04T14:11:11+00:00","breadcrumb":{"@id":"https:\/\/www.bastillehostel.com\/pt-pt\/dicas-paris\/discover-latin-quarter\/bares-no-quartier-latin\/#breadcrumb"},"inLanguage":"pt-PT","potentialAction":[{"@type":"ReadAction","target":["https:\/\/www.bastillehostel.com\/pt-pt\/dicas-paris\/discover-latin-quarter\/bares-no-quartier-latin\/"]}]},{"@type":"ImageObject","inLanguage":"pt-PT","@id":"https:\/\/www.bastillehostel.com\/pt-pt\/dicas-paris\/discover-latin-quarter\/bares-no-quartier-latin\/#primaryimage","url":"https:\/\/www.bastillehostel.com\/wp-content\/uploads\/2013\/10\/le-reflet.jpg","contentUrl":"https:\/\/www.bastillehostel.com\/wp-content\/uploads\/2013\/10\/le-reflet.jpg"},{"@type":"BreadcrumbList","@id":"https:\/\/www.bastillehostel.com\/pt-pt\/dicas-paris\/discover-latin-quarter\/bares-no-quartier-latin\/#breadcrumb","itemListElement":[{"@type":"ListItem","position":1,"name":"Home","item":"https:\/\/www.bastillehostel.com\/pt-pt\/"},{"@type":"ListItem","position":2,"name":"As dicas de Paris","item":"https:\/\/www.bastillehostel.com\/pt-pt\/dicas-paris\/"},{"@type":"ListItem","position":3,"name":"Descubra o Quartier Latin","item":"https:\/\/www.bastillehostel.com\/pt-pt\/dicas-paris\/discover-latin-quarter\/"},{"@type":"ListItem","position":4,"name":"Bares no Quartier Latin"}]},{"@type":"WebSite","@id":"https:\/\/www.bastillehostel.com\/fr\/#website","url":"https:\/\/www.bastillehostel.com\/fr\/","name":"Bastille Hostel - Pousada da Juventude em Paris","description":"Bastille Hostel - Pousada da Juventude em Paris","potentialAction":[{"@type":"SearchAction","target":{"@type":"EntryPoint","urlTemplate":"https:\/\/www.bastillehostel.com\/fr\/?s={search_term_string}"},"query-input":{"@type":"PropertyValueSpecification","valueRequired":true,"valueName":"search_term_string"}}],"inLanguage":"pt-PT"}]}},"_links":{"self":[{"href":"https:\/\/www.bastillehostel.com\/pt-pt\/wp-json\/wp\/v2\/pages\/5843","targetHints":{"allow":["GET"]}}],"collection":[{"href":"https:\/\/www.bastillehostel.com\/pt-pt\/wp-json\/wp\/v2\/pages"}],"about":[{"href":"https:\/\/www.bastillehostel.com\/pt-pt\/wp-json\/wp\/v2\/types\/page"}],"author":[{"embeddable":true,"href":"https:\/\/www.bastillehostel.com\/pt-pt\/wp-json\/wp\/v2\/users\/6"}],"replies":[{"embeddable":true,"href":"https:\/\/www.bastillehostel.com\/pt-pt\/wp-json\/wp\/v2\/comments?post=5843"}],"version-history":[{"count":5,"href":"https:\/\/www.bastillehostel.com\/pt-pt\/wp-json\/wp\/v2\/pages\/5843\/revisions"}],"predecessor-version":[{"id":5866,"href":"https:\/\/www.bastillehostel.com\/pt-pt\/wp-json\/wp\/v2\/pages\/5843\/revisions\/5866"}],"up":[{"embeddable":true,"href":"https:\/\/www.bastillehostel.com\/pt-pt\/wp-json\/wp\/v2\/pages\/5840"}],"wp:attachment":[{"href":"https:\/\/www.bastillehostel.com\/pt-pt\/wp-json\/wp\/v2\/media?parent=5843"}],"curies":[{"name":"wp","href":"https:\/\/api.w.org\/{rel}","templated":true}]}}