{"id":5817,"date":"2023-05-04T15:49:45","date_gmt":"2023-05-04T13:49:45","guid":{"rendered":"https:\/\/www.bastillehostel.com\/?page_id=5817"},"modified":"2023-05-04T15:54:53","modified_gmt":"2023-05-04T13:54:53","slug":"onde-comer-no-marais","status":"publish","type":"page","link":"https:\/\/www.bastillehostel.com\/pt-pt\/dicas-paris\/descubra-a-zona-marais\/onde-comer-no-marais\/","title":{"rendered":"Onde comer no Marais"},"content":{"rendered":"<p>Brunch de domingo, falafels na rue des Rosiers, verdadeiros bagels judaicos, jardins frontais de casas antigas transformados em terra\u00e7os de caf\u00e9s\u2026 apenas algumas das atra\u00e7\u00f5es gastron\u00f4micas do Marais. O almo\u00e7o neste trimestre pode sair mais barato do que voc\u00ea imagina.<\/p>\n\t\t\t<style type=\"text\/css\">\n\t\t\t\t#content-block-background-1791 { background-image: url(); background-position: 50% 0; background-repeat: repeat; background-color: transparent; background-attachment: scroll; background-size: auto; }\n\t\t\t\t#content-block-body-1791 { padding: 40px 0; color: inherit; }\n\t\t\t\t.content-block-body { margin-left: auto; margin-right: auto; position: relative; }\n\t\t\t<\/style>\n\t\t\t\t\t\t\t<style type=\"text\/css\">\n\t\t\t\t\t#wrapper-1 { overflow-x: hidden; }\n\t\t\t\t\t#content-block-background-1791 { margin: 0 -10000px; padding: 0 10000px; }\n\t\t\t\t<\/style>\n\t\t\t\n\t\t\t\t\t\t<script type=\"text\/javascript\">\n\t\t\t\t\/\/ <![CDATA[\n\t\t\t\tjQuery(document).ready(function($){\n\t\t\t\t\t\"use strict\";\n\t\t\t\t\tif( ! $(\"body\").hasClass( \"mobile-detected\" ) ){\n\t\t\t\t\t\t$(\"#content-block-background-\"+1791).each(function(){\n\t\t\t\t\t\t\tvar $bgobj = $(this); \/\/ Assigning the object.\n\t\t\t\t\t\t\tvar xPos = '50%'; \/\/ x bg position value from the user shortcode.\n\t\t\t\t\t\t\t$(window).scroll(function() {\n\t\t\t\t\t\t\t\tvar yPos = -($(window).scrollTop() \/ 3);\n\t\t\t\t\t\t\t\t\/\/ Put together our final background position.\n\t\t\t\t\t\t\t\tvar coords = xPos+' '+yPos+'px';\n\t\t\t\t\t\t\t\t\/\/ Move the background.\n\t\t\t\t\t\t\t\t$bgobj.css({ backgroundPosition: coords });\n\t\t\t\t\t\t\t});\n\t\t\t\t\t\t});\n\t\t\t\t\t}\n\t\t\t\t});\n\t\t\t\t\/\/ ]]>\n\t\t\t<\/script>\n\t\t\t\n\t\t\t<div class=\"clear\"><\/div>\n\t\t\t<div id=\"content-block-background-1791\" class=\"content-block-background \">\n\t\t\t\t<div id=\"content-block-body-1791\" class=\"content-block-body\">\n\t\t\t\t\t<div class=\"clear\"><\/div>\n\t\t\t\t\t\n<div class=\"one_third\">\n<img decoding=\"async\" src=\"https:\/\/www.bastillehostel.com\/wp-content\/uploads\/2018\/06\/breakfast-in-america.jpg\" alt=\"\" width=\"150\" height=\"150\" class=\"aligncenter size-full wp-image-4111\" \/><\/p>\n<h4 class=\"title\"><a href=\"https:\/\/www.facebook.com\/BreakfastInAmerica1\/\" target=\"_blank\" rel=\"noopener\">Breakfast In America (american diner)<\/a><\/h4>\n<p><strong>17, rue des Ecoles &#8211; 75005 Paris &#8211; M\u00e9tro : Saint-Paul<\/strong><\/p>\n<p>Os f\u00e3s do caf\u00e9 da manh\u00e3 americano devem passar por aqui! O brunch no BIA \u00e9 famoso h\u00e1 muito tempo, ent\u00e3o voc\u00ea ter\u00e1 que fazer fila no domingo, onde se juntar\u00e1 aos retardat\u00e1rios da festa da noite anterior. Dorminhocos, n\u00e3o tenham medo\u2026 o brunch \u00e9 servido o dia todo aqui! \u00c9 verdade que a sala de jantar \u00e9 pequena e a espera pode ser longa, mas depois de experimentar as deliciosas panquecas e salsichas com ovos, o seu est\u00f4mago agradece a paci\u00eancia!<\/p>\n<p>Para completar a experi\u00eancia experimente o milk-shake Obama com chocolate e manteiga de amendoim.<\/p>\n<\/div>\n<div class=\"one_third\">\n<img decoding=\"async\" src=\"https:\/\/www.bastillehostel.com\/wp-content\/uploads\/2018\/06\/L_as_du_falafel.jpg\" alt=\"\" width=\"150\" height=\"150\" class=\"aligncenter size-full wp-image-4112\" \/><\/p>\n<h4 class=\"title\"><a href=\"http:\/\/l-as-du-fallafel.zenchef.com\/\" target=\"_blank\" rel=\"noopener\">L&#8217;as du Falafel (falafel)<\/a><\/h4>\n<p><strong>34 Rue des Rosiers &#8211; 75004 Paris &#8211; M\u00e9tro : Saint-Paul<\/strong><\/p>\n<p>La rue des Rosiers est\u00e1 repleta de restaurantes escondidos, mas o vencedor por milhas \u00e9 L&#8217;As du Falafel, com sua fachada verde, a inevit\u00e1vel fila do lado de fora e sua recep\u00e7\u00e3o entusi\u00e1stica. A especialidade da casa \u00e9 o falafel vegetariano (5\u20ac para levar e 14\u20ac para comer no local). \u00c9 o melhor de Paris, se voc\u00ea acredita no slogan &#8216;Sempre imitado, nunca igualado&#8217;. colher!! Lenny Kravitz \u00e9 um regular\u2026Meninas, voc\u00eas j\u00e1 devem t\u00ea-lo visto em uma Velib rent-a-bike<\/p>\n<\/div>\n<div class=\"one_third last_column\">\n<img decoding=\"async\" src=\"https:\/\/www.bastillehostel.com\/wp-content\/uploads\/2018\/06\/institut-suedois-paris.jpg\" alt=\"\" width=\"150\" height=\"150\" class=\"aligncenter size-full wp-image-4116\" \/><\/p>\n<h4 class=\"title\"><a href=\"https:\/\/plus.google.com\/104612720990539068399\/about?gl=fr&amp;hl=fr\" target=\"_blank\" rel=\"noopener\">Caf\u00e9 du centre culturel su\u00e9dois (Salon de th\u00e9)<\/a><\/h4>\n<p><strong>11 rue Payenne &#8211; 75003 Paris &#8211; M\u00e9tro : Saint-Paul<\/strong><\/p>\n<p>Este pequeno caf\u00e9 \u00e9 um pequeno para\u00edso com a sua esplanada no p\u00e1tio empedrado do l&#8217;H\u00f4tel de Marle e o seu simp\u00e1tico ambiente n\u00f3rdico. Isso faz parte do Centro Cultural Sueco, ent\u00e3o n\u00e3o se surpreenda com a decora\u00e7\u00e3o da IKEA na atraente sala que costuma abrigar exposi\u00e7\u00f5es. O ch\u00e1 e o caf\u00e9 custam apenas 2\u20ac \u00e0 vontade \u2013 agarra-te \u00e0 tua ch\u00e1vena e serve-te \u00e0 vontade! Se decidir experimentar o delicioso bolo de cenoura e apreci\u00e1-lo no p\u00e1tio soalheiro, prepare-se para o partilhar com os pardais locais \u2013 eles n\u00e3o desistem facilmente!<\/p>\n<\/div>\n\t\t\t\t\t<div class=\"clear\"><\/div>\n\t\t\t\t<\/div>\n\t\t\t<\/div>\n\t\t\t<div class=\"clear\"><\/div>\n\t\t\t\n<div class=\"clear\"><\/div>\n\t\t\t<style type=\"text\/css\">\n\t\t\t\t#content-block-background-1075 { background-image: url(); background-position: 50% 0; background-repeat: repeat; background-color: transparent; background-attachment: scroll; background-size: auto; }\n\t\t\t\t#content-block-body-1075 { padding: 40px 0; color: inherit; }\n\t\t\t\t.content-block-body { margin-left: auto; margin-right: auto; position: relative; }\n\t\t\t<\/style>\n\t\t\t\t\t\t\t<style type=\"text\/css\">\n\t\t\t\t\t#wrapper-1 { overflow-x: hidden; }\n\t\t\t\t\t#content-block-background-1075 { margin: 0 -10000px; padding: 0 10000px; }\n\t\t\t\t<\/style>\n\t\t\t\n\t\t\t\t\t\t<script type=\"text\/javascript\">\n\t\t\t\t\/\/ <![CDATA[\n\t\t\t\tjQuery(document).ready(function($){\n\t\t\t\t\t\"use strict\";\n\t\t\t\t\tif( ! $(\"body\").hasClass( \"mobile-detected\" ) ){\n\t\t\t\t\t\t$(\"#content-block-background-\"+1075).each(function(){\n\t\t\t\t\t\t\tvar $bgobj = $(this); \/\/ Assigning the object.\n\t\t\t\t\t\t\tvar xPos = '50%'; \/\/ x bg position value from the user shortcode.\n\t\t\t\t\t\t\t$(window).scroll(function() {\n\t\t\t\t\t\t\t\tvar yPos = -($(window).scrollTop() \/ 3);\n\t\t\t\t\t\t\t\t\/\/ Put together our final background position.\n\t\t\t\t\t\t\t\tvar coords = xPos+' '+yPos+'px';\n\t\t\t\t\t\t\t\t\/\/ Move the background.\n\t\t\t\t\t\t\t\t$bgobj.css({ backgroundPosition: coords });\n\t\t\t\t\t\t\t});\n\t\t\t\t\t\t});\n\t\t\t\t\t}\n\t\t\t\t});\n\t\t\t\t\/\/ ]]>\n\t\t\t<\/script>\n\t\t\t\n\t\t\t<div class=\"clear\"><\/div>\n\t\t\t<div id=\"content-block-background-1075\" class=\"content-block-background \">\n\t\t\t\t<div id=\"content-block-body-1075\" class=\"content-block-body\">\n\t\t\t\t\t<div class=\"clear\"><\/div>\n\t\t\t\t\t\n<div class=\"one_third\">\n<img decoding=\"async\" src=\"https:\/\/www.bastillehostel.com\/wp-content\/uploads\/2018\/06\/Pink-Flamingo-pizzeria.jpg\" alt=\"\" width=\"150\" height=\"150\" class=\"aligncenter size-full wp-image-4114\" \/><\/p>\n<h4 class=\"title\"><a href=\"https:\/\/www.facebook.com\/Pink-Flamingo-Canal-Saint-Martin-6134619581\/\" target=\"_blank\" class=\"title\" rel=\"noopener\">Pink Flamingo (pizzeria)<\/a><\/h4>\n<p><strong>105 Rue Vieille du Temple &#8211; 75003 Paris &#8211; M\u00e9tro : Saint-S\u00e9bastien-Froissart<\/strong><\/p>\n<p>Entre em uma pizzaria e saia com um bal\u00e3o rosa. Convide seus amigos para jantar em um aut\u00eantico trailer florido; fique animado com um Basquiat comest\u00edvel. \u00c9 isso que voc\u00ea encontra no Pink Flamingo, onde as deliciosas pizzas, feitas com ingredientes org\u00e2nicos, levam nomes como Gandhi, Almod\u00f3var e Obama. Existem v\u00e1rias op\u00e7\u00f5es para comer 1) a sala de jantar estilo anos 50, 2) o campista hippie, 3) o Pink-Nik: Voc\u00ea pede, pega seu bal\u00e3o rosa e se acomoda nos jardins do museu Picasso. Quando a pizza estiver pronta, o servidor trar\u00e1 sua pizza e a festa da pizza pode come\u00e7ar no estilo d\u00e9jeuner sur l&#8217;herbe.<\/p>\n<\/div>\n<div class=\"one_third\">\n<img decoding=\"async\" src=\"https:\/\/www.bastillehostel.com\/wp-content\/uploads\/2018\/06\/Berko_rambuteau.jpg\" alt=\"\" width=\"150\" height=\"150\" class=\"aligncenter size-full wp-image-4110\" \/><\/p>\n<h4 class=\"title\"><a href=\"http:\/\/www.berko.fr\/\" target=\"_blank\" class=\"title\" rel=\"noopener\">Berko (G\u00e2teaux)<\/a><\/h4>\n<p><strong>23 rue Rambuteau &#8211; 75004 Paris &#8211; M\u00e9tro : Rambuteau<\/strong><\/p>\n<p>Ofere\u00e7a-se um doce antes de ir para o trabalho no BPI! Berko \u00e9 um ponto de encontro para aspirantes a yuppies e s\u00f3sias de universit\u00e1rias americanas, onde voc\u00ea poder\u00e1 desfrutar da deliciosa exibi\u00e7\u00e3o de minicupcakes coloridos em uma variedade de sabores. Os nossos tr\u00eas preferidos s\u00e3o: o \u2018Cream Cheese 70% Preto\u2019, o \u2018Laranja-chocolate\u2019 e para os f\u00e3s da s\u00e9rie, o imperd\u00edvel \u2018Dexter\u2019 com recheio de framboesa e mascarpone. N\u00e3o, n\u00e3o, n\u00e3o\u2026<\/p>\n<\/div>\n<div class=\"one_third last_column\">\n<img decoding=\"async\" src=\"https:\/\/www.bastillehostel.com\/wp-content\/uploads\/2018\/06\/mosaique-pat-hot-dog.jpg\" alt=\"\" width=\"150\" height=\"150\" class=\"aligncenter size-full wp-image-4113\" \/><\/p>\n<h4 class=\"title\"><a href=\"https:\/\/www.facebook.com\/pages\/biz\/fast_food_restaurant\/La-Mosa%C3%AFque-Pats-Hot-Dog\/143389242371543\/\" target=\"_blank\" class=\"title\" rel=\"noopener\">La Mosa\u00efque (Hot-dogs)<\/a><\/h4>\n<p><strong>56 Rue du Roi de Sicile &#8211; 75004 Paris &#8211; M\u00e9tro : Saint-Paul<\/strong><\/p>\n<p>A parte de tr\u00e1s de uma van hippie serve como fachada para Pat, o simp\u00e1tico anfitri\u00e3o desta barraca de cachorro-quente. Estes deliciosos cachorros-quentes s\u00e3o servidos num p\u00e3ozinho pr\u00f3prio com ketchup, mostarda ou cebola frita. Voc\u00ea tamb\u00e9m pode experimentar o cachorro-quente alsacien com chucrute, o tex-mex com chilli con carne e o americano com gel\u00e9ia de cebola. Este \u00e9 um lanche econ\u00f4mico para forrar o est\u00f4mago entre as bebidas\u2026<\/p>\n<\/div>\n\t\t\t\t\t<div class=\"clear\"><\/div>\n\t\t\t\t<\/div>\n\t\t\t<\/div>\n\t\t\t<div class=\"clear\"><\/div>\n\t\t\t\n<div class=\"clear\"><\/div>\n\t\t\t<style type=\"text\/css\">\n\t\t\t\t#content-block-background-1137 { background-image: url(); background-position: 50% 0; background-repeat: repeat; background-color: transparent; background-attachment: scroll; background-size: auto; }\n\t\t\t\t#content-block-body-1137 { padding: 40px 0; color: inherit; }\n\t\t\t\t.content-block-body { margin-left: auto; margin-right: auto; position: relative; }\n\t\t\t<\/style>\n\t\t\t\t\t\t\t<style type=\"text\/css\">\n\t\t\t\t\t#wrapper-1 { overflow-x: hidden; }\n\t\t\t\t\t#content-block-background-1137 { margin: 0 -10000px; padding: 0 10000px; }\n\t\t\t\t<\/style>\n\t\t\t\n\t\t\t\t\t\t<script type=\"text\/javascript\">\n\t\t\t\t\/\/ <![CDATA[\n\t\t\t\tjQuery(document).ready(function($){\n\t\t\t\t\t\"use strict\";\n\t\t\t\t\tif( ! $(\"body\").hasClass( \"mobile-detected\" ) ){\n\t\t\t\t\t\t$(\"#content-block-background-\"+1137).each(function(){\n\t\t\t\t\t\t\tvar $bgobj = $(this); \/\/ Assigning the object.\n\t\t\t\t\t\t\tvar xPos = '50%'; \/\/ x bg position value from the user shortcode.\n\t\t\t\t\t\t\t$(window).scroll(function() {\n\t\t\t\t\t\t\t\tvar yPos = -($(window).scrollTop() \/ 3);\n\t\t\t\t\t\t\t\t\/\/ Put together our final background position.\n\t\t\t\t\t\t\t\tvar coords = xPos+' '+yPos+'px';\n\t\t\t\t\t\t\t\t\/\/ Move the background.\n\t\t\t\t\t\t\t\t$bgobj.css({ backgroundPosition: coords });\n\t\t\t\t\t\t\t});\n\t\t\t\t\t\t});\n\t\t\t\t\t}\n\t\t\t\t});\n\t\t\t\t\/\/ ]]>\n\t\t\t<\/script>\n\t\t\t\n\t\t\t<div class=\"clear\"><\/div>\n\t\t\t<div id=\"content-block-background-1137\" class=\"content-block-background \">\n\t\t\t\t<div id=\"content-block-body-1137\" class=\"content-block-body\">\n\t\t\t\t\t<div class=\"clear\"><\/div>\n\t\t\t\t\t\n<div class=\"one_fourth\">\n<a class=\"btn orange survol\" href=\"https:\/\/www.bastillehostel.com\/pt-pt\/dicas-paris\/descubra-a-zona-marais\/onde-tomar-uma-bebida-no-marais\/\"><i class=\"fa fa-glass\" aria-hidden=\"true\"><\/i>Onde tomar<br \/> uma bebida no Marais <\/a><br \/>\n<\/div>\n<div class=\"one_fourth\">\n<a class=\"btn orange survol\" href=\"https:\/\/www.bastillehostel.com\/pt-pt\/dicas-paris\/descubra-a-zona-marais\/onde-comer-no-marais\/\"><i class=\"fa fa-cutlery\" aria-hidden=\"true\"><\/i>\u00a0Onde comer<br \/> no Marais <\/a><br \/>\n<\/div>\n<div class=\"one_fourth\">\n<a class=\"btn orange survol\" href=\"https:\/\/www.bastillehostel.com\/pt-pt\/dicas-paris\/descubra-a-zona-marais\/casas-de-shows-no-marais\/\"><i class=\"fa fa-music\" aria-hidden=\"true\"><\/i>\u00a0 Espa\u00e7os Musicais<br \/> Marais <\/a><br \/>\n<\/div>\n<div class=\"one_fourth last_column\">\n<a class=\"btn orange survol\" href=\"https:\/\/www.bastillehostel.com\/pt-pt\/dicas-paris\/descubra-a-zona-marais\/mantendo-a-forma-no-marais\/\"><i class=\"fa fa-bicycle\" aria-hidden=\"true\"><\/i>\u00a0Mantendo a forma<br \/> no Marais <\/a><br \/>\n<\/div>\n\t\t\t\t\t<div class=\"clear\"><\/div>\n\t\t\t\t<\/div>\n\t\t\t<\/div>\n\t\t\t<div class=\"clear\"><\/div>\n\t\t\t\n","protected":false},"excerpt":{"rendered":"<p>Brunch de domingo, falafels na rue des Rosiers, verdadeiros bagels judaicos, jardins frontais de casas antigas transformados em terra\u00e7os de caf\u00e9s\u2026 apenas algumas das atra\u00e7\u00f5es gastron\u00f4micas do Marais. O almo\u00e7o neste trimestre pode sair mais barato do que voc\u00ea imagina.<\/p>\n","protected":false},"author":6,"featured_media":0,"parent":5810,"menu_order":0,"comment_status":"closed","ping_status":"closed","template":"page-FullWidth.php","meta":{"footnotes":""},"class_list":["post-5817","page","type-page","status-publish","hentry"],"yoast_head":"<!-- This site is optimized with the Yoast SEO plugin v27.5 - https:\/\/yoast.com\/product\/yoast-seo-wordpress\/ -->\n<title>Onde comer no Marais - Bastille Hostel - Pousada da Juventude em Paris<\/title>\n<meta name=\"robots\" content=\"index, follow, max-snippet:-1, max-image-preview:large, max-video-preview:-1\" \/>\n<link rel=\"canonical\" href=\"https:\/\/www.bastillehostel.com\/pt-pt\/dicas-paris\/descubra-a-zona-marais\/onde-comer-no-marais\/\" \/>\n<meta property=\"og:locale\" content=\"pt_PT\" \/>\n<meta property=\"og:type\" content=\"article\" \/>\n<meta property=\"og:title\" content=\"Onde comer no Marais - Bastille Hostel - Pousada da Juventude em Paris\" \/>\n<meta property=\"og:description\" content=\"Brunch de domingo, falafels na rue des Rosiers, verdadeiros bagels judaicos, jardins frontais de casas antigas transformados em terra\u00e7os de caf\u00e9s\u2026 apenas algumas das atra\u00e7\u00f5es gastron\u00f4micas do Marais. O almo\u00e7o neste trimestre pode sair mais barato do que voc\u00ea imagina.\" \/>\n<meta property=\"og:url\" content=\"https:\/\/www.bastillehostel.com\/pt-pt\/dicas-paris\/descubra-a-zona-marais\/onde-comer-no-marais\/\" \/>\n<meta property=\"og:site_name\" content=\"Bastille Hostel - Pousada da Juventude em Paris\" \/>\n<meta property=\"article:modified_time\" content=\"2023-05-04T13:54:53+00:00\" \/>\n<meta property=\"og:image\" content=\"https:\/\/www.bastillehostel.com\/wp-content\/uploads\/2018\/06\/breakfast-in-america.jpg\" \/>\n<meta name=\"twitter:card\" content=\"summary_large_image\" \/>\n<meta name=\"twitter:label1\" content=\"Tempo estimado de leitura\" \/>\n\t<meta name=\"twitter:data1\" content=\"5 minutos\" \/>\n<script type=\"application\/ld+json\" class=\"yoast-schema-graph\">{\"@context\":\"https:\\\/\\\/schema.org\",\"@graph\":[{\"@type\":\"WebPage\",\"@id\":\"https:\\\/\\\/www.bastillehostel.com\\\/pt-pt\\\/dicas-paris\\\/descubra-a-zona-marais\\\/onde-comer-no-marais\\\/\",\"url\":\"https:\\\/\\\/www.bastillehostel.com\\\/pt-pt\\\/dicas-paris\\\/descubra-a-zona-marais\\\/onde-comer-no-marais\\\/\",\"name\":\"Onde comer no Marais - Bastille Hostel - Pousada da Juventude em Paris\",\"isPartOf\":{\"@id\":\"https:\\\/\\\/www.bastillehostel.com\\\/fr\\\/#website\"},\"primaryImageOfPage\":{\"@id\":\"https:\\\/\\\/www.bastillehostel.com\\\/pt-pt\\\/dicas-paris\\\/descubra-a-zona-marais\\\/onde-comer-no-marais\\\/#primaryimage\"},\"image\":{\"@id\":\"https:\\\/\\\/www.bastillehostel.com\\\/pt-pt\\\/dicas-paris\\\/descubra-a-zona-marais\\\/onde-comer-no-marais\\\/#primaryimage\"},\"thumbnailUrl\":\"https:\\\/\\\/www.bastillehostel.com\\\/wp-content\\\/uploads\\\/2018\\\/06\\\/breakfast-in-america.jpg\",\"datePublished\":\"2023-05-04T13:49:45+00:00\",\"dateModified\":\"2023-05-04T13:54:53+00:00\",\"breadcrumb\":{\"@id\":\"https:\\\/\\\/www.bastillehostel.com\\\/pt-pt\\\/dicas-paris\\\/descubra-a-zona-marais\\\/onde-comer-no-marais\\\/#breadcrumb\"},\"inLanguage\":\"pt-PT\",\"potentialAction\":[{\"@type\":\"ReadAction\",\"target\":[\"https:\\\/\\\/www.bastillehostel.com\\\/pt-pt\\\/dicas-paris\\\/descubra-a-zona-marais\\\/onde-comer-no-marais\\\/\"]}]},{\"@type\":\"ImageObject\",\"inLanguage\":\"pt-PT\",\"@id\":\"https:\\\/\\\/www.bastillehostel.com\\\/pt-pt\\\/dicas-paris\\\/descubra-a-zona-marais\\\/onde-comer-no-marais\\\/#primaryimage\",\"url\":\"https:\\\/\\\/www.bastillehostel.com\\\/wp-content\\\/uploads\\\/2018\\\/06\\\/breakfast-in-america.jpg\",\"contentUrl\":\"https:\\\/\\\/www.bastillehostel.com\\\/wp-content\\\/uploads\\\/2018\\\/06\\\/breakfast-in-america.jpg\"},{\"@type\":\"BreadcrumbList\",\"@id\":\"https:\\\/\\\/www.bastillehostel.com\\\/pt-pt\\\/dicas-paris\\\/descubra-a-zona-marais\\\/onde-comer-no-marais\\\/#breadcrumb\",\"itemListElement\":[{\"@type\":\"ListItem\",\"position\":1,\"name\":\"Home\",\"item\":\"https:\\\/\\\/www.bastillehostel.com\\\/pt-pt\\\/\"},{\"@type\":\"ListItem\",\"position\":2,\"name\":\"As dicas de Paris\",\"item\":\"https:\\\/\\\/www.bastillehostel.com\\\/pt-pt\\\/dicas-paris\\\/\"},{\"@type\":\"ListItem\",\"position\":3,\"name\":\"Descubra a zona \u201cMarais\u201d\",\"item\":\"https:\\\/\\\/www.bastillehostel.com\\\/pt-pt\\\/dicas-paris\\\/descubra-a-zona-marais\\\/\"},{\"@type\":\"ListItem\",\"position\":4,\"name\":\"Onde comer no Marais\"}]},{\"@type\":\"WebSite\",\"@id\":\"https:\\\/\\\/www.bastillehostel.com\\\/fr\\\/#website\",\"url\":\"https:\\\/\\\/www.bastillehostel.com\\\/fr\\\/\",\"name\":\"Bastille Hostel - Pousada da Juventude em Paris\",\"description\":\"Bastille Hostel - Pousada da Juventude em Paris\",\"potentialAction\":[{\"@type\":\"SearchAction\",\"target\":{\"@type\":\"EntryPoint\",\"urlTemplate\":\"https:\\\/\\\/www.bastillehostel.com\\\/fr\\\/?s={search_term_string}\"},\"query-input\":{\"@type\":\"PropertyValueSpecification\",\"valueRequired\":true,\"valueName\":\"search_term_string\"}}],\"inLanguage\":\"pt-PT\"}]}<\/script>\n<!-- \/ Yoast SEO plugin. -->","yoast_head_json":{"title":"Onde comer no Marais - Bastille Hostel - Pousada da Juventude em Paris","robots":{"index":"index","follow":"follow","max-snippet":"max-snippet:-1","max-image-preview":"max-image-preview:large","max-video-preview":"max-video-preview:-1"},"canonical":"https:\/\/www.bastillehostel.com\/pt-pt\/dicas-paris\/descubra-a-zona-marais\/onde-comer-no-marais\/","og_locale":"pt_PT","og_type":"article","og_title":"Onde comer no Marais - Bastille Hostel - Pousada da Juventude em Paris","og_description":"Brunch de domingo, falafels na rue des Rosiers, verdadeiros bagels judaicos, jardins frontais de casas antigas transformados em terra\u00e7os de caf\u00e9s\u2026 apenas algumas das atra\u00e7\u00f5es gastron\u00f4micas do Marais. O almo\u00e7o neste trimestre pode sair mais barato do que voc\u00ea imagina.","og_url":"https:\/\/www.bastillehostel.com\/pt-pt\/dicas-paris\/descubra-a-zona-marais\/onde-comer-no-marais\/","og_site_name":"Bastille Hostel - Pousada da Juventude em Paris","article_modified_time":"2023-05-04T13:54:53+00:00","og_image":[{"url":"https:\/\/www.bastillehostel.com\/wp-content\/uploads\/2018\/06\/breakfast-in-america.jpg","type":"","width":"","height":""}],"twitter_card":"summary_large_image","twitter_misc":{"Tempo estimado de leitura":"5 minutos"},"schema":{"@context":"https:\/\/schema.org","@graph":[{"@type":"WebPage","@id":"https:\/\/www.bastillehostel.com\/pt-pt\/dicas-paris\/descubra-a-zona-marais\/onde-comer-no-marais\/","url":"https:\/\/www.bastillehostel.com\/pt-pt\/dicas-paris\/descubra-a-zona-marais\/onde-comer-no-marais\/","name":"Onde comer no Marais - Bastille Hostel - Pousada da Juventude em Paris","isPartOf":{"@id":"https:\/\/www.bastillehostel.com\/fr\/#website"},"primaryImageOfPage":{"@id":"https:\/\/www.bastillehostel.com\/pt-pt\/dicas-paris\/descubra-a-zona-marais\/onde-comer-no-marais\/#primaryimage"},"image":{"@id":"https:\/\/www.bastillehostel.com\/pt-pt\/dicas-paris\/descubra-a-zona-marais\/onde-comer-no-marais\/#primaryimage"},"thumbnailUrl":"https:\/\/www.bastillehostel.com\/wp-content\/uploads\/2018\/06\/breakfast-in-america.jpg","datePublished":"2023-05-04T13:49:45+00:00","dateModified":"2023-05-04T13:54:53+00:00","breadcrumb":{"@id":"https:\/\/www.bastillehostel.com\/pt-pt\/dicas-paris\/descubra-a-zona-marais\/onde-comer-no-marais\/#breadcrumb"},"inLanguage":"pt-PT","potentialAction":[{"@type":"ReadAction","target":["https:\/\/www.bastillehostel.com\/pt-pt\/dicas-paris\/descubra-a-zona-marais\/onde-comer-no-marais\/"]}]},{"@type":"ImageObject","inLanguage":"pt-PT","@id":"https:\/\/www.bastillehostel.com\/pt-pt\/dicas-paris\/descubra-a-zona-marais\/onde-comer-no-marais\/#primaryimage","url":"https:\/\/www.bastillehostel.com\/wp-content\/uploads\/2018\/06\/breakfast-in-america.jpg","contentUrl":"https:\/\/www.bastillehostel.com\/wp-content\/uploads\/2018\/06\/breakfast-in-america.jpg"},{"@type":"BreadcrumbList","@id":"https:\/\/www.bastillehostel.com\/pt-pt\/dicas-paris\/descubra-a-zona-marais\/onde-comer-no-marais\/#breadcrumb","itemListElement":[{"@type":"ListItem","position":1,"name":"Home","item":"https:\/\/www.bastillehostel.com\/pt-pt\/"},{"@type":"ListItem","position":2,"name":"As dicas de Paris","item":"https:\/\/www.bastillehostel.com\/pt-pt\/dicas-paris\/"},{"@type":"ListItem","position":3,"name":"Descubra a zona \u201cMarais\u201d","item":"https:\/\/www.bastillehostel.com\/pt-pt\/dicas-paris\/descubra-a-zona-marais\/"},{"@type":"ListItem","position":4,"name":"Onde comer no Marais"}]},{"@type":"WebSite","@id":"https:\/\/www.bastillehostel.com\/fr\/#website","url":"https:\/\/www.bastillehostel.com\/fr\/","name":"Bastille Hostel - Pousada da Juventude em Paris","description":"Bastille Hostel - Pousada da Juventude em Paris","potentialAction":[{"@type":"SearchAction","target":{"@type":"EntryPoint","urlTemplate":"https:\/\/www.bastillehostel.com\/fr\/?s={search_term_string}"},"query-input":{"@type":"PropertyValueSpecification","valueRequired":true,"valueName":"search_term_string"}}],"inLanguage":"pt-PT"}]}},"_links":{"self":[{"href":"https:\/\/www.bastillehostel.com\/pt-pt\/wp-json\/wp\/v2\/pages\/5817","targetHints":{"allow":["GET"]}}],"collection":[{"href":"https:\/\/www.bastillehostel.com\/pt-pt\/wp-json\/wp\/v2\/pages"}],"about":[{"href":"https:\/\/www.bastillehostel.com\/pt-pt\/wp-json\/wp\/v2\/types\/page"}],"author":[{"embeddable":true,"href":"https:\/\/www.bastillehostel.com\/pt-pt\/wp-json\/wp\/v2\/users\/6"}],"replies":[{"embeddable":true,"href":"https:\/\/www.bastillehostel.com\/pt-pt\/wp-json\/wp\/v2\/comments?post=5817"}],"version-history":[{"count":5,"href":"https:\/\/www.bastillehostel.com\/pt-pt\/wp-json\/wp\/v2\/pages\/5817\/revisions"}],"predecessor-version":[{"id":5834,"href":"https:\/\/www.bastillehostel.com\/pt-pt\/wp-json\/wp\/v2\/pages\/5817\/revisions\/5834"}],"up":[{"embeddable":true,"href":"https:\/\/www.bastillehostel.com\/pt-pt\/wp-json\/wp\/v2\/pages\/5810"}],"wp:attachment":[{"href":"https:\/\/www.bastillehostel.com\/pt-pt\/wp-json\/wp\/v2\/media?parent=5817"}],"curies":[{"name":"wp","href":"https:\/\/api.w.org\/{rel}","templated":true}]}}