{"id":5814,"date":"2023-05-04T15:45:24","date_gmt":"2023-05-04T13:45:24","guid":{"rendered":"https:\/\/www.bastillehostel.com\/?page_id=5814"},"modified":"2023-05-04T15:57:10","modified_gmt":"2023-05-04T13:57:10","slug":"onde-tomar-uma-bebida-no-marais","status":"publish","type":"page","link":"https:\/\/www.bastillehostel.com\/pt-pt\/dicas-paris\/descubra-a-zona-marais\/onde-tomar-uma-bebida-no-marais\/","title":{"rendered":"Onde tomar uma bebida no Marais"},"content":{"rendered":"<p>Desde bares gay-friendly exc\u00eantricos e muito animados a tranquilas casas de ch\u00e1, de esplanadas trendy a pubs de estilo ingl\u00eas\u2026 h\u00e1 sempre algo para todos aqui!<\/p>\n<div class=\"one_third\">\n<img decoding=\"async\" src=\"https:\/\/www.bastillehostel.com\/wp-content\/uploads\/2018\/06\/paris-le-loir-dans-la-theiere-12289.jpg\" alt=\"\" width=\"150\" height=\"150\" class=\"aligncenter size-full wp-image-4012\" \/><\/p>\n<h4 class=\"title\"><a href=\"http:\/\/leloirdanslatheiere.com\/\" target=\"_blank\" rel=\"noopener\">Le Loir Dans La Th\u00e9i\u00e8re<\/a><\/h4>\n<p><strong>3 Rue des Rosiers &#8211; 75004 Paris &#8211; M\u00e9tro :\u00a0Saint-Paul<\/strong><br \/>\nVoc\u00ea est\u00e1 pensando em escrever suas mem\u00f3rias enrolado em uma poltrona confort\u00e1vel no Loir dans la Th\u00e9i\u00e8re? Bem, munido de papel e canetas, porque laptops n\u00e3o s\u00e3o permitidos nesta casa de ch\u00e1 com toque internacional, m\u00f3veis vintage e paredes forradas com p\u00f4steres de teatro! O que isso importa, quando voc\u00ea pode zombar de bolo de chocolate e crumble caseiro. No entanto, recomendamos que voc\u00ea evite o brunch de fim de semana. \u00c9 v\u00edtima de seu pr\u00f3prio sucesso e n\u00e3o \u00e9 mais uma boa rela\u00e7\u00e3o custo \/ benef\u00edcio.<br \/>\n<\/div>\n<div class=\"one_third\">\n<img decoding=\"async\" src=\"https:\/\/www.bastillehostel.com\/wp-content\/uploads\/2018\/06\/pick-clops.jpg\" alt=\"\" width=\"150\" height=\"150\" class=\"aligncenter size-full wp-image-4013\" \/><\/p>\n<h4 class=\"title\"><a href=\"https:\/\/plus.google.com\/109238274748177414050\/about?gl=fr&amp;hl=fr\" target=\"_blank\" rel=\"noopener\">Le Pick Clops<\/a><\/h4>\n<p><strong>16 Rue Vieille du Temple &#8211; 75004 Paris &#8211; M\u00e9tro :\u00a0Saint-Paul<\/strong><br \/>\nAssim que voc\u00ea cruzar o limiar do Pick Clops, voc\u00ea se encontrar\u00e1 em um mundo encantado no estilo dos anos cinquenta. O cheiro a pipoca (que acompanha as bebidas), a decora\u00e7\u00e3o rosa fluorescente e as mesas de f\u00f3rmica multicoloridas fazem com que voc\u00ea espere o Fonz entrar a qualquer momento! A esplanada tem a vantagem de estar situada num cruzamento movimentado e a desvantagem, pelo mesmo motivo, de estar sempre apinhada. Certifique-se de experimentar os bagels de 11 \u20ac.<br \/>\n<\/div>\n<div class=\"one_third last_column\">\n<img decoding=\"async\" src=\"https:\/\/www.bastillehostel.com\/wp-content\/uploads\/2018\/06\/la-perle-bar-paris-marais.jpg\" alt=\"\" width=\"150\" height=\"150\" class=\"aligncenter size-full wp-image-4009\" \/><\/p>\n<h4 class=\"title\"><a href=\"http:\/\/cafelaperle.com\/\" target=\"_blank\" rel=\"noopener\">La Perle<\/a><\/h4>\n<p><strong>78 rue Vieille du Temple &#8211; 75003 Paris &#8211; M\u00e9tro :\u00a0Filles-du-Calvaire<\/strong><br \/>\nPegue um bar impregnado nos anos setenta, h\u00e1 muito por onde escolher, adicione um terra\u00e7o muito bem localizado, misture-se bem com alguns frequentadores VIP e um bar local tranquilo de repente se torna um lugar da moda. Experimente o La Perle em um s\u00e1bado para bebidas antes do jantar e voc\u00ea ver\u00e1 por si mesmo o fen\u00f4meno &#8220;made in Marais&#8221; que define tend\u00eancias. Voc\u00ea certamente encontrar\u00e1 algumas pessoas interessantes nesta rua movimentada.<br \/>\n<\/div>\n<div class=\"clear\"><\/div>\n<div class=\"one_third\">\n<img decoding=\"async\" src=\"https:\/\/www.bastillehostel.com\/wp-content\/uploads\/2018\/06\/lattirail.png\" alt=\"\" width=\"150\" height=\"150\" class=\"aligncenter size-full wp-image-4010\" \/><\/p>\n<h4 class=\"title\"><a href=\"http:\/\/www.lattirail.fr\/\" target=\"_blank\" rel=\"noopener\">L&#8217;attirail<\/a><\/h4>\n<p><strong>9, rue au Maire &#8211; 75003 Paris &#8211; M\u00e9tro :\u00a0Arts-et-M\u00e9tiers<\/strong><br \/>\nEste porto de escala local de estilo antigo, com suas paredes forradas com p\u00f4steres e fotos de cabines de fotos, \u00e9 um dos marcos genu\u00ednos para os estudantes neste bairro. Antigamente os alunos se reuniam para tomar uma cerveja e ouvir m\u00fasica. Agora n\u00e3o h\u00e1 mais m\u00fasica ao vivo, mas a cerveja ainda \u00e9 boa! Happy hour das 15h30 \u00e0s 20h.<br \/>\n<\/div>\n<div class=\"one_third\">\n<img decoding=\"async\" src=\"https:\/\/www.bastillehostel.com\/wp-content\/uploads\/2018\/06\/les-souffleurs-150x150.jpg\" alt=\"\" width=\"150\" height=\"150\" class=\"aligncenter size-full wp-image-4011\" \/><\/p>\n<h4 class=\"title\"><a href=\"https:\/\/www.facebook.com\/lessouffleursofficiel\" target=\"_blank\" rel=\"noopener\">Les Souffleurs<\/a><\/h4>\n<p><strong>7 Rue de la Verrerie &#8211; 75004 Paris &#8211; M\u00e9tro :\u00a0H\u00f4tel-de-ville<\/strong><br \/>\nLes Souffleurs fica na esquina da rue des Mauvais Gar\u00e7ons (Rua dos Bad Boys!). \u00c9 bem nomeado porque este \u00e9 um bom local gay-friendly! No andar de cima, voc\u00ea pode saborear um coquetel em uma poltrona de couro e um ambiente aconchegante. No por\u00e3o, a atmosfera logo fica quente, principalmente nos fins de semana, quando v\u00e1rios DJs mant\u00eam a m\u00fasica tocando a noite toda. N\u00e3o \u00e9 gay? N\u00e3o se preocupe, todos s\u00e3o bem-vindos aqui, gays ou heterossexuais.<\/p>\n<\/div>\n<div class=\"one_third last_column\">\n<\/div>\n\t\t\t<style type=\"text\/css\">\n\t\t\t\t#content-block-background-1878 { background-image: url(); background-position: 50% 0; background-repeat: repeat; background-color: transparent; background-attachment: scroll; background-size: auto; }\n\t\t\t\t#content-block-body-1878 { padding: 40px 0; color: inherit; }\n\t\t\t\t.content-block-body { margin-left: auto; margin-right: auto; position: relative; }\n\t\t\t<\/style>\n\t\t\t\t\t\t\t<style type=\"text\/css\">\n\t\t\t\t\t#wrapper-1 { overflow-x: hidden; }\n\t\t\t\t\t#content-block-background-1878 { margin: 0 -10000px; padding: 0 10000px; }\n\t\t\t\t<\/style>\n\t\t\t\n\t\t\t\t\t\t<script type=\"text\/javascript\">\n\t\t\t\t\/\/ <![CDATA[\n\t\t\t\tjQuery(document).ready(function($){\n\t\t\t\t\t\"use strict\";\n\t\t\t\t\tif( ! $(\"body\").hasClass( \"mobile-detected\" ) ){\n\t\t\t\t\t\t$(\"#content-block-background-\"+1878).each(function(){\n\t\t\t\t\t\t\tvar $bgobj = $(this); \/\/ Assigning the object.\n\t\t\t\t\t\t\tvar xPos = '50%'; \/\/ x bg position value from the user shortcode.\n\t\t\t\t\t\t\t$(window).scroll(function() {\n\t\t\t\t\t\t\t\tvar yPos = -($(window).scrollTop() \/ 3);\n\t\t\t\t\t\t\t\t\/\/ Put together our final background position.\n\t\t\t\t\t\t\t\tvar coords = xPos+' '+yPos+'px';\n\t\t\t\t\t\t\t\t\/\/ Move the background.\n\t\t\t\t\t\t\t\t$bgobj.css({ backgroundPosition: coords });\n\t\t\t\t\t\t\t});\n\t\t\t\t\t\t});\n\t\t\t\t\t}\n\t\t\t\t});\n\t\t\t\t\/\/ ]]>\n\t\t\t<\/script>\n\t\t\t\n\t\t\t<div class=\"clear\"><\/div>\n\t\t\t<div id=\"content-block-background-1878\" class=\"content-block-background \">\n\t\t\t\t<div id=\"content-block-body-1878\" class=\"content-block-body\">\n\t\t\t\t\t<div class=\"clear\"><\/div>\n\t\t\t\t\t\n<div class=\"one_fourth\">\n<a class=\"btn orange survol\" href=\"https:\/\/www.bastillehostel.com\/pt-pt\/dicas-paris\/descubra-a-zona-marais\/onde-tomar-uma-bebida-no-marais\/\"><i class=\"fa fa-glass\" aria-hidden=\"true\"><\/i>Onde tomar<br \/> uma bebida no Marais <\/a><br \/>\n<\/div>\n<div class=\"one_fourth\">\n<a class=\"btn orange survol\" href=\"https:\/\/www.bastillehostel.com\/pt-pt\/dicas-paris\/descubra-a-zona-marais\/onde-comer-no-marais\/\"><i class=\"fa fa-cutlery\" aria-hidden=\"true\"><\/i>\u00a0Onde comer<br \/> no Marais <\/a><br \/>\n<\/div>\n<div class=\"one_fourth\">\n<a class=\"btn orange survol\" href=\"https:\/\/www.bastillehostel.com\/pt-pt\/dicas-paris\/descubra-a-zona-marais\/casas-de-shows-no-marais\/\"><i class=\"fa fa-music\" aria-hidden=\"true\"><\/i>\u00a0 Espa\u00e7os Musicais<br \/> Marais <\/a><br \/>\n<\/div>\n<div class=\"one_fourth last_column\">\n<a class=\"btn orange survol\" href=\"https:\/\/www.bastillehostel.com\/pt-pt\/dicas-paris\/descubra-a-zona-marais\/mantendo-a-forma-no-marais\/\"><i class=\"fa fa-bicycle\" aria-hidden=\"true\"><\/i>\u00a0Mantendo a forma<br \/> no Marais <\/a><br \/>\n<\/div>\n\t\t\t\t\t<div class=\"clear\"><\/div>\n\t\t\t\t<\/div>\n\t\t\t<\/div>\n\t\t\t<div class=\"clear\"><\/div>\n\t\t\t\n","protected":false},"excerpt":{"rendered":"<p>Desde bares gay-friendly exc\u00eantricos e muito animados a tranquilas casas de ch\u00e1, de esplanadas trendy a pubs de estilo ingl\u00eas\u2026 h\u00e1 sempre algo para todos aqui!<\/p>\n","protected":false},"author":6,"featured_media":0,"parent":5810,"menu_order":0,"comment_status":"closed","ping_status":"closed","template":"page-FullWidth.php","meta":{"footnotes":""},"class_list":["post-5814","page","type-page","status-publish","hentry"],"yoast_head":"<!-- This site is optimized with the Yoast SEO plugin v27.5 - https:\/\/yoast.com\/product\/yoast-seo-wordpress\/ -->\n<title>Onde tomar uma bebida no Marais - Bastille Hostel - Pousada da Juventude em Paris<\/title>\n<meta name=\"robots\" content=\"index, follow, max-snippet:-1, max-image-preview:large, max-video-preview:-1\" \/>\n<link rel=\"canonical\" href=\"https:\/\/www.bastillehostel.com\/pt-pt\/dicas-paris\/descubra-a-zona-marais\/onde-tomar-uma-bebida-no-marais\/\" \/>\n<meta property=\"og:locale\" content=\"pt_PT\" \/>\n<meta property=\"og:type\" content=\"article\" \/>\n<meta property=\"og:title\" content=\"Onde tomar uma bebida no Marais - Bastille Hostel - Pousada da Juventude em Paris\" \/>\n<meta property=\"og:description\" content=\"Desde bares gay-friendly exc\u00eantricos e muito animados a tranquilas casas de ch\u00e1, de esplanadas trendy a pubs de estilo ingl\u00eas\u2026 h\u00e1 sempre algo para todos aqui!\" \/>\n<meta property=\"og:url\" content=\"https:\/\/www.bastillehostel.com\/pt-pt\/dicas-paris\/descubra-a-zona-marais\/onde-tomar-uma-bebida-no-marais\/\" \/>\n<meta property=\"og:site_name\" content=\"Bastille Hostel - Pousada da Juventude em Paris\" \/>\n<meta property=\"article:modified_time\" content=\"2023-05-04T13:57:10+00:00\" \/>\n<meta property=\"og:image\" content=\"https:\/\/www.bastillehostel.com\/wp-content\/uploads\/2018\/06\/paris-le-loir-dans-la-theiere-12289.jpg\" \/>\n<meta name=\"twitter:card\" content=\"summary_large_image\" \/>\n<meta name=\"twitter:label1\" content=\"Tempo estimado de leitura\" \/>\n\t<meta name=\"twitter:data1\" content=\"4 minutos\" \/>\n<script type=\"application\/ld+json\" class=\"yoast-schema-graph\">{\"@context\":\"https:\\\/\\\/schema.org\",\"@graph\":[{\"@type\":\"WebPage\",\"@id\":\"https:\\\/\\\/www.bastillehostel.com\\\/pt-pt\\\/dicas-paris\\\/descubra-a-zona-marais\\\/onde-tomar-uma-bebida-no-marais\\\/\",\"url\":\"https:\\\/\\\/www.bastillehostel.com\\\/pt-pt\\\/dicas-paris\\\/descubra-a-zona-marais\\\/onde-tomar-uma-bebida-no-marais\\\/\",\"name\":\"Onde tomar uma bebida no Marais - Bastille Hostel - Pousada da Juventude em Paris\",\"isPartOf\":{\"@id\":\"https:\\\/\\\/www.bastillehostel.com\\\/fr\\\/#website\"},\"primaryImageOfPage\":{\"@id\":\"https:\\\/\\\/www.bastillehostel.com\\\/pt-pt\\\/dicas-paris\\\/descubra-a-zona-marais\\\/onde-tomar-uma-bebida-no-marais\\\/#primaryimage\"},\"image\":{\"@id\":\"https:\\\/\\\/www.bastillehostel.com\\\/pt-pt\\\/dicas-paris\\\/descubra-a-zona-marais\\\/onde-tomar-uma-bebida-no-marais\\\/#primaryimage\"},\"thumbnailUrl\":\"https:\\\/\\\/www.bastillehostel.com\\\/wp-content\\\/uploads\\\/2018\\\/06\\\/paris-le-loir-dans-la-theiere-12289.jpg\",\"datePublished\":\"2023-05-04T13:45:24+00:00\",\"dateModified\":\"2023-05-04T13:57:10+00:00\",\"breadcrumb\":{\"@id\":\"https:\\\/\\\/www.bastillehostel.com\\\/pt-pt\\\/dicas-paris\\\/descubra-a-zona-marais\\\/onde-tomar-uma-bebida-no-marais\\\/#breadcrumb\"},\"inLanguage\":\"pt-PT\",\"potentialAction\":[{\"@type\":\"ReadAction\",\"target\":[\"https:\\\/\\\/www.bastillehostel.com\\\/pt-pt\\\/dicas-paris\\\/descubra-a-zona-marais\\\/onde-tomar-uma-bebida-no-marais\\\/\"]}]},{\"@type\":\"ImageObject\",\"inLanguage\":\"pt-PT\",\"@id\":\"https:\\\/\\\/www.bastillehostel.com\\\/pt-pt\\\/dicas-paris\\\/descubra-a-zona-marais\\\/onde-tomar-uma-bebida-no-marais\\\/#primaryimage\",\"url\":\"https:\\\/\\\/www.bastillehostel.com\\\/wp-content\\\/uploads\\\/2018\\\/06\\\/paris-le-loir-dans-la-theiere-12289.jpg\",\"contentUrl\":\"https:\\\/\\\/www.bastillehostel.com\\\/wp-content\\\/uploads\\\/2018\\\/06\\\/paris-le-loir-dans-la-theiere-12289.jpg\"},{\"@type\":\"BreadcrumbList\",\"@id\":\"https:\\\/\\\/www.bastillehostel.com\\\/pt-pt\\\/dicas-paris\\\/descubra-a-zona-marais\\\/onde-tomar-uma-bebida-no-marais\\\/#breadcrumb\",\"itemListElement\":[{\"@type\":\"ListItem\",\"position\":1,\"name\":\"Home\",\"item\":\"https:\\\/\\\/www.bastillehostel.com\\\/pt-pt\\\/\"},{\"@type\":\"ListItem\",\"position\":2,\"name\":\"As dicas de Paris\",\"item\":\"https:\\\/\\\/www.bastillehostel.com\\\/pt-pt\\\/dicas-paris\\\/\"},{\"@type\":\"ListItem\",\"position\":3,\"name\":\"Descubra a zona \u201cMarais\u201d\",\"item\":\"https:\\\/\\\/www.bastillehostel.com\\\/pt-pt\\\/dicas-paris\\\/descubra-a-zona-marais\\\/\"},{\"@type\":\"ListItem\",\"position\":4,\"name\":\"Onde tomar uma bebida no Marais\"}]},{\"@type\":\"WebSite\",\"@id\":\"https:\\\/\\\/www.bastillehostel.com\\\/fr\\\/#website\",\"url\":\"https:\\\/\\\/www.bastillehostel.com\\\/fr\\\/\",\"name\":\"Bastille Hostel - Pousada da Juventude em Paris\",\"description\":\"Bastille Hostel - Pousada da Juventude em Paris\",\"potentialAction\":[{\"@type\":\"SearchAction\",\"target\":{\"@type\":\"EntryPoint\",\"urlTemplate\":\"https:\\\/\\\/www.bastillehostel.com\\\/fr\\\/?s={search_term_string}\"},\"query-input\":{\"@type\":\"PropertyValueSpecification\",\"valueRequired\":true,\"valueName\":\"search_term_string\"}}],\"inLanguage\":\"pt-PT\"}]}<\/script>\n<!-- \/ Yoast SEO plugin. -->","yoast_head_json":{"title":"Onde tomar uma bebida no Marais - Bastille Hostel - Pousada da Juventude em Paris","robots":{"index":"index","follow":"follow","max-snippet":"max-snippet:-1","max-image-preview":"max-image-preview:large","max-video-preview":"max-video-preview:-1"},"canonical":"https:\/\/www.bastillehostel.com\/pt-pt\/dicas-paris\/descubra-a-zona-marais\/onde-tomar-uma-bebida-no-marais\/","og_locale":"pt_PT","og_type":"article","og_title":"Onde tomar uma bebida no Marais - Bastille Hostel - Pousada da Juventude em Paris","og_description":"Desde bares gay-friendly exc\u00eantricos e muito animados a tranquilas casas de ch\u00e1, de esplanadas trendy a pubs de estilo ingl\u00eas\u2026 h\u00e1 sempre algo para todos aqui!","og_url":"https:\/\/www.bastillehostel.com\/pt-pt\/dicas-paris\/descubra-a-zona-marais\/onde-tomar-uma-bebida-no-marais\/","og_site_name":"Bastille Hostel - Pousada da Juventude em Paris","article_modified_time":"2023-05-04T13:57:10+00:00","og_image":[{"url":"https:\/\/www.bastillehostel.com\/wp-content\/uploads\/2018\/06\/paris-le-loir-dans-la-theiere-12289.jpg","type":"","width":"","height":""}],"twitter_card":"summary_large_image","twitter_misc":{"Tempo estimado de leitura":"4 minutos"},"schema":{"@context":"https:\/\/schema.org","@graph":[{"@type":"WebPage","@id":"https:\/\/www.bastillehostel.com\/pt-pt\/dicas-paris\/descubra-a-zona-marais\/onde-tomar-uma-bebida-no-marais\/","url":"https:\/\/www.bastillehostel.com\/pt-pt\/dicas-paris\/descubra-a-zona-marais\/onde-tomar-uma-bebida-no-marais\/","name":"Onde tomar uma bebida no Marais - Bastille Hostel - Pousada da Juventude em Paris","isPartOf":{"@id":"https:\/\/www.bastillehostel.com\/fr\/#website"},"primaryImageOfPage":{"@id":"https:\/\/www.bastillehostel.com\/pt-pt\/dicas-paris\/descubra-a-zona-marais\/onde-tomar-uma-bebida-no-marais\/#primaryimage"},"image":{"@id":"https:\/\/www.bastillehostel.com\/pt-pt\/dicas-paris\/descubra-a-zona-marais\/onde-tomar-uma-bebida-no-marais\/#primaryimage"},"thumbnailUrl":"https:\/\/www.bastillehostel.com\/wp-content\/uploads\/2018\/06\/paris-le-loir-dans-la-theiere-12289.jpg","datePublished":"2023-05-04T13:45:24+00:00","dateModified":"2023-05-04T13:57:10+00:00","breadcrumb":{"@id":"https:\/\/www.bastillehostel.com\/pt-pt\/dicas-paris\/descubra-a-zona-marais\/onde-tomar-uma-bebida-no-marais\/#breadcrumb"},"inLanguage":"pt-PT","potentialAction":[{"@type":"ReadAction","target":["https:\/\/www.bastillehostel.com\/pt-pt\/dicas-paris\/descubra-a-zona-marais\/onde-tomar-uma-bebida-no-marais\/"]}]},{"@type":"ImageObject","inLanguage":"pt-PT","@id":"https:\/\/www.bastillehostel.com\/pt-pt\/dicas-paris\/descubra-a-zona-marais\/onde-tomar-uma-bebida-no-marais\/#primaryimage","url":"https:\/\/www.bastillehostel.com\/wp-content\/uploads\/2018\/06\/paris-le-loir-dans-la-theiere-12289.jpg","contentUrl":"https:\/\/www.bastillehostel.com\/wp-content\/uploads\/2018\/06\/paris-le-loir-dans-la-theiere-12289.jpg"},{"@type":"BreadcrumbList","@id":"https:\/\/www.bastillehostel.com\/pt-pt\/dicas-paris\/descubra-a-zona-marais\/onde-tomar-uma-bebida-no-marais\/#breadcrumb","itemListElement":[{"@type":"ListItem","position":1,"name":"Home","item":"https:\/\/www.bastillehostel.com\/pt-pt\/"},{"@type":"ListItem","position":2,"name":"As dicas de Paris","item":"https:\/\/www.bastillehostel.com\/pt-pt\/dicas-paris\/"},{"@type":"ListItem","position":3,"name":"Descubra a zona \u201cMarais\u201d","item":"https:\/\/www.bastillehostel.com\/pt-pt\/dicas-paris\/descubra-a-zona-marais\/"},{"@type":"ListItem","position":4,"name":"Onde tomar uma bebida no Marais"}]},{"@type":"WebSite","@id":"https:\/\/www.bastillehostel.com\/fr\/#website","url":"https:\/\/www.bastillehostel.com\/fr\/","name":"Bastille Hostel - Pousada da Juventude em Paris","description":"Bastille Hostel - Pousada da Juventude em Paris","potentialAction":[{"@type":"SearchAction","target":{"@type":"EntryPoint","urlTemplate":"https:\/\/www.bastillehostel.com\/fr\/?s={search_term_string}"},"query-input":{"@type":"PropertyValueSpecification","valueRequired":true,"valueName":"search_term_string"}}],"inLanguage":"pt-PT"}]}},"_links":{"self":[{"href":"https:\/\/www.bastillehostel.com\/pt-pt\/wp-json\/wp\/v2\/pages\/5814","targetHints":{"allow":["GET"]}}],"collection":[{"href":"https:\/\/www.bastillehostel.com\/pt-pt\/wp-json\/wp\/v2\/pages"}],"about":[{"href":"https:\/\/www.bastillehostel.com\/pt-pt\/wp-json\/wp\/v2\/types\/page"}],"author":[{"embeddable":true,"href":"https:\/\/www.bastillehostel.com\/pt-pt\/wp-json\/wp\/v2\/users\/6"}],"replies":[{"embeddable":true,"href":"https:\/\/www.bastillehostel.com\/pt-pt\/wp-json\/wp\/v2\/comments?post=5814"}],"version-history":[{"count":5,"href":"https:\/\/www.bastillehostel.com\/pt-pt\/wp-json\/wp\/v2\/pages\/5814\/revisions"}],"predecessor-version":[{"id":5838,"href":"https:\/\/www.bastillehostel.com\/pt-pt\/wp-json\/wp\/v2\/pages\/5814\/revisions\/5838"}],"up":[{"embeddable":true,"href":"https:\/\/www.bastillehostel.com\/pt-pt\/wp-json\/wp\/v2\/pages\/5810"}],"wp:attachment":[{"href":"https:\/\/www.bastillehostel.com\/pt-pt\/wp-json\/wp\/v2\/media?parent=5814"}],"curies":[{"name":"wp","href":"https:\/\/api.w.org\/{rel}","templated":true}]}}