{"id":5810,"date":"2023-05-04T15:42:42","date_gmt":"2023-05-04T13:42:42","guid":{"rendered":"https:\/\/www.bastillehostel.com\/?page_id=5810"},"modified":"2023-05-04T15:51:16","modified_gmt":"2023-05-04T13:51:16","slug":"descubra-a-zona-marais","status":"publish","type":"page","link":"https:\/\/www.bastillehostel.com\/pt-pt\/dicas-paris\/descubra-a-zona-marais\/","title":{"rendered":"Descubra a zona \u201cMarais\u201d"},"content":{"rendered":"\t\t\t<style type=\"text\/css\">\n\t\t\t\t#content-block-background-1737 { background-image: url(); background-position: 50% 0; background-repeat: repeat; background-color: transparent; background-attachment: scroll; background-size: auto; }\n\t\t\t\t#content-block-body-1737 { padding: 40px 0; color: inherit; }\n\t\t\t\t.content-block-body { margin-left: auto; margin-right: auto; position: relative; }\n\t\t\t<\/style>\n\t\t\t\t\t\t\t<style type=\"text\/css\">\n\t\t\t\t\t#wrapper-1 { overflow-x: hidden; }\n\t\t\t\t\t#content-block-background-1737 { margin: 0 -10000px; padding: 0 10000px; }\n\t\t\t\t<\/style>\n\t\t\t\n\t\t\t\t\t\t<script type=\"text\/javascript\">\n\t\t\t\t\/\/ <![CDATA[\n\t\t\t\tjQuery(document).ready(function($){\n\t\t\t\t\t\"use strict\";\n\t\t\t\t\tif( ! $(\"body\").hasClass( \"mobile-detected\" ) ){\n\t\t\t\t\t\t$(\"#content-block-background-\"+1737).each(function(){\n\t\t\t\t\t\t\tvar $bgobj = $(this); \/\/ Assigning the object.\n\t\t\t\t\t\t\tvar xPos = '50%'; \/\/ x bg position value from the user shortcode.\n\t\t\t\t\t\t\t$(window).scroll(function() {\n\t\t\t\t\t\t\t\tvar yPos = -($(window).scrollTop() \/ 3);\n\t\t\t\t\t\t\t\t\/\/ Put together our final background position.\n\t\t\t\t\t\t\t\tvar coords = xPos+' '+yPos+'px';\n\t\t\t\t\t\t\t\t\/\/ Move the background.\n\t\t\t\t\t\t\t\t$bgobj.css({ backgroundPosition: coords });\n\t\t\t\t\t\t\t});\n\t\t\t\t\t\t});\n\t\t\t\t\t}\n\t\t\t\t});\n\t\t\t\t\/\/ ]]>\n\t\t\t<\/script>\n\t\t\t\n\t\t\t<div class=\"clear\"><\/div>\n\t\t\t<div id=\"content-block-background-1737\" class=\"content-block-background \">\n\t\t\t\t<div id=\"content-block-body-1737\" class=\"content-block-body\">\n\t\t\t\t\t<div class=\"clear\"><\/div>\n\t\t\t\t\t\n<p style=\"text-align: center;\">As pessoas v\u00eam aqui para estudar no cen\u00e1rio hist\u00f3rico entre belas casas antigas. Eles v\u00eam para deitar na grama em pequenas pra\u00e7as arborizadas e fazer um piquenique com falafel. Eles v\u00eam para estocar roupas de grife e ca\u00e7ar achados antigos. Eles v\u00eam acima de tudo para uma grande noite em um bar gay-friendly.<\/p>\n\t\t\t\t\t<div class=\"clear\"><\/div>\n\t\t\t\t<\/div>\n\t\t\t<\/div>\n\t\t\t<div class=\"clear\"><\/div>\n\t\t\t\n\t\t\t<style type=\"text\/css\">\n\t\t\t\t#content-block-background-1931 { background-image: url(); background-position: 50% 0; background-repeat: repeat; background-color: transparent; background-attachment: scroll; background-size: auto; }\n\t\t\t\t#content-block-body-1931 { padding: 40px 0; color: inherit; }\n\t\t\t\t.content-block-body { margin-left: auto; margin-right: auto; position: relative; }\n\t\t\t<\/style>\n\t\t\t\t\t\t\t<style type=\"text\/css\">\n\t\t\t\t\t#wrapper-1 { overflow-x: hidden; }\n\t\t\t\t\t#content-block-background-1931 { margin: 0 -10000px; padding: 0 10000px; }\n\t\t\t\t<\/style>\n\t\t\t\n\t\t\t\t\t\t<script type=\"text\/javascript\">\n\t\t\t\t\/\/ <![CDATA[\n\t\t\t\tjQuery(document).ready(function($){\n\t\t\t\t\t\"use strict\";\n\t\t\t\t\tif( ! $(\"body\").hasClass( \"mobile-detected\" ) ){\n\t\t\t\t\t\t$(\"#content-block-background-\"+1931).each(function(){\n\t\t\t\t\t\t\tvar $bgobj = $(this); \/\/ Assigning the object.\n\t\t\t\t\t\t\tvar xPos = '50%'; \/\/ x bg position value from the user shortcode.\n\t\t\t\t\t\t\t$(window).scroll(function() {\n\t\t\t\t\t\t\t\tvar yPos = -($(window).scrollTop() \/ 3);\n\t\t\t\t\t\t\t\t\/\/ Put together our final background position.\n\t\t\t\t\t\t\t\tvar coords = xPos+' '+yPos+'px';\n\t\t\t\t\t\t\t\t\/\/ Move the background.\n\t\t\t\t\t\t\t\t$bgobj.css({ backgroundPosition: coords });\n\t\t\t\t\t\t\t});\n\t\t\t\t\t\t});\n\t\t\t\t\t}\n\t\t\t\t});\n\t\t\t\t\/\/ ]]>\n\t\t\t<\/script>\n\t\t\t\n\t\t\t<div class=\"clear\"><\/div>\n\t\t\t<div id=\"content-block-background-1931\" class=\"content-block-background \">\n\t\t\t\t<div id=\"content-block-body-1931\" class=\"content-block-body\">\n\t\t\t\t\t<div class=\"clear\"><\/div>\n\t\t\t\t\t\n<div class=\"one_fourth\">\n<a class=\"btn orange survol\" href=\"https:\/\/www.bastillehostel.com\/pt-pt\/dicas-paris\/descubra-a-zona-marais\/onde-tomar-uma-bebida-no-marais\/\"><i class=\"fa fa-glass\" aria-hidden=\"true\"><\/i>Onde tomar<br \/> uma bebida no Marais <\/a><br \/>\n<\/div>\n<div class=\"one_fourth\">\n<a class=\"btn orange survol\" href=\"https:\/\/www.bastillehostel.com\/pt-pt\/dicas-paris\/descubra-a-zona-marais\/onde-comer-no-marais\/\"><i class=\"fa fa-cutlery\" aria-hidden=\"true\"><\/i>\u00a0Onde comer<br \/> no Marais <\/a><br \/>\n<\/div>\n<div class=\"one_fourth\">\n<a class=\"btn orange survol\" href=\"https:\/\/www.bastillehostel.com\/pt-pt\/dicas-paris\/descubra-a-zona-marais\/casas-de-shows-no-marais\/\"><i class=\"fa fa-music\" aria-hidden=\"true\"><\/i>\u00a0 Espa\u00e7os Musicais<br \/> Marais <\/a><br \/>\n<\/div>\n<div class=\"one_fourth last_column\">\n<a class=\"btn orange survol\" href=\"https:\/\/www.bastillehostel.com\/pt-pt\/dicas-paris\/descubra-a-zona-marais\/mantendo-a-forma-no-marais\/\"><i class=\"fa fa-bicycle\" aria-hidden=\"true\"><\/i>\u00a0Mantendo a forma<br \/> no Marais <\/a><br \/>\n<\/div>\n\t\t\t\t\t<div class=\"clear\"><\/div>\n\t\t\t\t<\/div>\n\t\t\t<\/div>\n\t\t\t<div class=\"clear\"><\/div>\n\t\t\t\n\t\t\t<style type=\"text\/css\">\n\t\t\t\t#content-block-background-1848 { background-image: url(); background-position: 50% 0; background-repeat: repeat; background-color: transparent; background-attachment: scroll; background-size: auto; }\n\t\t\t\t#content-block-body-1848 { padding: 40px 0; color: inherit; }\n\t\t\t\t.content-block-body { margin-left: auto; margin-right: auto; position: relative; }\n\t\t\t<\/style>\n\t\t\t\t\t\t\t<style type=\"text\/css\">\n\t\t\t\t\t#wrapper-1 { overflow-x: hidden; }\n\t\t\t\t\t#content-block-background-1848 { margin: 0 -10000px; padding: 0 10000px; }\n\t\t\t\t<\/style>\n\t\t\t\n\t\t\t\t\t\t<script type=\"text\/javascript\">\n\t\t\t\t\/\/ <![CDATA[\n\t\t\t\tjQuery(document).ready(function($){\n\t\t\t\t\t\"use strict\";\n\t\t\t\t\tif( ! $(\"body\").hasClass( \"mobile-detected\" ) ){\n\t\t\t\t\t\t$(\"#content-block-background-\"+1848).each(function(){\n\t\t\t\t\t\t\tvar $bgobj = $(this); \/\/ Assigning the object.\n\t\t\t\t\t\t\tvar xPos = '50%'; \/\/ x bg position value from the user shortcode.\n\t\t\t\t\t\t\t$(window).scroll(function() {\n\t\t\t\t\t\t\t\tvar yPos = -($(window).scrollTop() \/ 3);\n\t\t\t\t\t\t\t\t\/\/ Put together our final background position.\n\t\t\t\t\t\t\t\tvar coords = xPos+' '+yPos+'px';\n\t\t\t\t\t\t\t\t\/\/ Move the background.\n\t\t\t\t\t\t\t\t$bgobj.css({ backgroundPosition: coords });\n\t\t\t\t\t\t\t});\n\t\t\t\t\t\t});\n\t\t\t\t\t}\n\t\t\t\t});\n\t\t\t\t\/\/ ]]>\n\t\t\t<\/script>\n\t\t\t\n\t\t\t<div class=\"clear\"><\/div>\n\t\t\t<div id=\"content-block-background-1848\" class=\"content-block-background \">\n\t\t\t\t<div id=\"content-block-body-1848\" class=\"content-block-body\">\n\t\t\t\t\t<div class=\"clear\"><\/div>\n\t\t\t\t\t\n\r\n            \r\n            \r\n            \r\n            <a name='map3'><\/a>\r\n            <div class='wpgmza-marker-listing-category-filter' data-map-id='3' id='wpgmza_filter_3' style='text-align:left; margin-bottom:0px;'><span>Filter by<\/span><select mid=\"3\" id=\"wpgmza_filter_select\" name=\"wpgmza_filter_select\"><option value=\"0\">All<\/option><option value=\"1\">&nbsp;Les terrasses de Paris avec les plus belles vues<\/option><option value=\"3\">&nbsp;Les terrasses de Paris avec un coin de verdure<\/option><option value=\"4\">&nbsp;Les terrasses de Paris les plus branch\u00e9es<\/option><option value=\"5\">&nbsp;Les terrasses de Paris les plus chics<\/option><option value=\"2\">&nbsp;Les Terrasses de paris les plus insolites<\/option><\/select><\/div>\r\n            \r\n            \r\n            \r\n            <div class=\"wpgmza_map \"  id=\"wpgmza_map_3\" style=\"display:block; overflow:auto; width:100%; height:400px; float:left;\" data-settings='{\"id\":\"3\",\"map_title\":\"Quartier le marais\",\"map_width\":\"100\",\"map_height\":\"400\",\"map_start_lat\":\"48.857949\",\"map_start_lng\":\"2.359874\",\"map_start_location\":\"48.857948696424245,2.359874243408173\",\"map_start_zoom\":\"15\",\"default_marker\":\"0\",\"type\":\"1\",\"alignment\":\"1\",\"directions_enabled\":\"1\",\"styling_enabled\":\"0\",\"styling_json\":\"\",\"active\":\"0\",\"kml\":\"\",\"bicycle\":\"0\",\"traffic\":\"0\",\"dbox\":\"1\",\"dbox_width\":\"500\",\"listmarkers\":\"0\",\"listmarkers_advanced\":\"0\",\"filterbycat\":\"1\",\"ugm_enabled\":\"0\",\"ugm_category_enabled\":\"0\",\"fusion\":\"\",\"map_width_type\":\"\\\\%\",\"map_height_type\":\"px\",\"mass_marker_support\":\"0\",\"ugm_access\":\"0\",\"order_markers_by\":\"1\",\"order_markers_choice\":\"2\",\"show_user_location\":\"2\",\"default_to\":\"\",\"other_settings\":{\"wpgmza_store_locator_restrict\":\"\",\"store_locator_query_string\":\"Code Postal \\\/ Adresse\",\"store_locator_name_string\":\"Titre \\\/ Description\",\"wpgmza_dbox_width_type\":\"px\",\"map_max_zoom\":\"3\",\"map_min_zoom\":\"21\",\"sl_stroke_color\":\"FF0000\",\"sl_stroke_opacity\":\"0.25\",\"sl_fill_color\":\"FF0000\",\"sl_fill_opacity\":\"0.15\",\"click_open_link\":2,\"transport_layer\":0,\"iw_primary_color\":\"2A3744\",\"iw_accent_color\":\"252F3A\",\"iw_text_color\":\"FFFFFF\",\"wpgmza_iw_type\":\"0\",\"list_markers_by\":\"2\",\"push_in_map\":\"\",\"push_in_map_placement\":\"9\",\"wpgmza_push_in_map_width\":\"\",\"wpgmza_push_in_map_height\":\"\",\"wpgmza_theme_data\":\"\",\"upload_default_ul_marker\":\"\",\"upload_default_sl_marker\":\"\",\"shortcodeAttributes\":{\"id\":\"3\"}}}' data-map-id='3' data-shortcode-attributes='{\"id\":\"3\"}'> <\/div>\r\n            \r\n            <div data-wpgmza-table data-wpgmza-php-class=\"WPGMZA\\MarkerListing\\AdvancedTable\" data-wpgmza-rest-api-route=\"\/datatables\/\" data-wpgmza-datatable=\"true\" data-wpgmza-pro-datatable=\"true\" data-wpgmza-feature-type=\"marker\" id=\"wpgmza_marker_holder_3\" class=\"wpgmza_marker_holder\" style=\"width:100%;\" data-wpgmza-ajax-parameters='{\"map_id\":\"3\"}'>\r\n\t\t\t<table class=\"responsive wpgmza_table\" id=\"wpgmza_table_3\" cellspacing=\"0\" cellpadding=\"0\" style=\"width:100%;\">\r\n\t\t\t\t<thead>\r\n\t\t\t\t<th data-wpgmza-column-name=\"icon\" id=\"wpgmza_map_list_icon\" class=\"wpgmza_table_marker\"><\/th><th data-wpgmza-column-name=\"title\" id=\"wpgmza_map_list_title\" class=\"all wpgmza_table_title\">Title<\/th><th data-wpgmza-column-name=\"category\" id=\"wpgmza_map_list_category\" class=\"wpgmza_table_category\">Category<\/th><th data-wpgmza-column-name=\"address\" id=\"wpgmza_map_list_address\" class=\"wpgmza_table_address\">Address<\/th><th data-wpgmza-column-name=\"description\" id=\"wpgmza_map_list_description\" class=\"wpgmza_table_description\">Description<\/th><th data-wpgmza-column-name=\"link\" id=\"wpgmza_map_list_link\" class=\"wpgmza_table_link\">Link<\/th><\/thead>\r\n\t\t\t\t\r\n\t\t\t<\/table>\r\n\t\t<\/div>   \r\n        <div style=\"display:block; width:100%;\">\r\n\t\t\t\t\r\n\t\t\t\t<div class=\"wpgmza-directions-box wpgmaps_directions_outer_div\" data-map-id=\"3\" style=\"width:500px;display:none;clear:both;\" id=\"wpgmaps_directions_edit_3\">\n\t<h2 class=\"wpgmza-directions-box__title\">Get Directions<\/h2>\n\t\n\t<div class=\"wpgmza-directions-box-inner\" id=\"wpgmaps_directions_editbox_3\">\n\t\t<div class=\"wpgmza-directions-actions wpgmza-form-field\">\n\t\t\t<div class=\"wpgmza-directions__travel-mode\">\n\t\t\t\t<span class=\"wpgmza-travel-mode-option wpgmza-travel-option__selected\" data-mode=\"driving\">\n\t\t\t\t\t<img decoding=\"async\" src=\"https:\/\/www.bastillehostel.com\/wp-content\/plugins\/wp-google-maps-pro\/images\/icons\/directions_car.png\">\n\t\t\t\t<\/span>\n\t\t\t\t<span class=\"wpgmza-travel-mode-option\" data-mode=\"walking\">\n\t\t\t\t\t<img decoding=\"async\" src=\"https:\/\/www.bastillehostel.com\/wp-content\/plugins\/wp-google-maps-pro\/images\/icons\/directions_walking.png\">\n\t\t\t\t<\/span>\n\t\t\t\t<span class=\"wpgmza-travel-mode-option\" data-mode=\"transit\">\n\t\t\t\t\t<img decoding=\"async\" src=\"https:\/\/www.bastillehostel.com\/wp-content\/plugins\/wp-google-maps-pro\/images\/icons\/directions_transit.png\">\n\t\t\t\t<\/span>\n\t\t\t\t<span class=\"wpgmza-travel-mode-option\" data-mode=\"bicycling\">\n\t\t\t\t\t<img decoding=\"async\" src=\"https:\/\/www.bastillehostel.com\/wp-content\/plugins\/wp-google-maps-pro\/images\/icons\/directions_bike.png\">\n\t\t\t\t<\/span>\n\t\t\t<\/div>\n\n\t\t\t<div class=\"wpgmza-directions-locations\">\n\t\t\t\t<div class=\"wpgmza-directions-from wpgmza-form-field\">\n\n\t\t\t\t\t<i class=\"wpgmza-directions-from__icon fa fa-circle\"><\/i>\n\t\t\t\n\t\t\t\t\t<label class=\"wpgmza-form-field__label\" for=\"wpgmza_input_from_3\">\n\t\t\t\t\t\tFrom\t\t\t\t\t<\/label>\n\t\t\t\t\t\n\t\t\t\t\t<input class=\"wpgmza-address wpgmza-directions-from wpgmza-form-field__input\" type=\"text\" placeholder=\"From\" value=\"\" id=\"wpgmza_input_from_3\">\n\t\t\t\t\n\t\t\t\t<\/div>\n\n\t\t\t\t<div class=\"wpgmza-directions-to wpgmza-form-field wpgmaps_to_row\">\n\n\t\t\t\t\t<i class=\"wpgmza-directions-to__icon fa fas fa-map-marker\"><\/i>\n\n\t\t\t\t\t<label class=\"wpgmza-form-field__label\" for=\"wpgmza_input_to_3\">\n\t\t\t\t\t\tTo\t\t\t\t\t<\/label>\n\t\t\t\t\t<input class=\"wpgmza-address wpgmza-form-field__input wpgmza-directions-to\" type=\"text\" placeholder=\"To\" value=\"\" id=\"wpgmza_input_to_3\">\n\t\t\t\t<\/div>\n\t\t\t\t\n\t\t\t\t<div class=\"wpgmza-waypoint-via wpgmza-form-field wpgmza-form-field--no-pad wpgmaps_via wpgmaps_template\">\n\n\t\t\t\t\t<i class=\"wpgmza-directions-from__icon fa fa-circle\"><\/i>\n\t\t\t\t\n\t\t\t\t\t<input class=\"wpgmza-waypoint-via wpgmza-form-field__input wpgmaps_via\" type=\"text\" placeholder=\"Via\">\n\t\t\t\t\t\n\t\t\t\t\t<button href=\"javascript:%20;\" class=\"wpgmza_remove_via\">\n\t\t\t\t\t\t<i class=\"fa fa-times\"><\/i>\n\t\t\t\t\t<\/button>\n\t\t\t\t\t\n\t\t\t\t<\/div>\n\t\t\t\t\n\t\t\t\t<div class=\"wpgmza-add-waypoint wpgmza-form-field wpgmza-form-field--no-pad wpgmaps_add_waypoint\">\n\t\t\t\t\t<div class=\"wpgmaps_add_waypoint\">\n\t\t\t\t\t\t<a href=\"javascript:%20;\" class=\"wpgmaps_add_waypoint\" mapid=\"3\">\n\t\t\t\t\t\t\t<i class=\"fa fa-plus-circle\" aria-hidden=\"true\"><\/i>\n\t\t\t\t\t\t\tAdd Waypoint\t\t\t\t\t\t<\/a>\n\t\t\t\t\t<\/div>\n\t\t\t\t<\/div>\n\t\t\t<\/div>\n\n\t\t\t<div class=\"wpgmza-hidden\">\n\t\t\t<label class=\"wpgmza-travel-mode wpgmza-form-field__label\" for=\"wpgmza_dir_type_3\">\n\t\t\t\tFor\t\t\t<\/label>\n\t\t\t<select class=\"wpgmza-travel-mode wpgmza-form-field__input\" name=\"wpgmza_dir_type_3\" id=\"wpgmza_dir_type_3\">\n\t\t\t\t<option value=\"driving\">\n\t\t\t\t\tDriving\t\t\t\t<\/option>\n\t\t\t\t<option value=\"walking\">\n\t\t\t\t\tWalking\t\t\t\t<\/option>\n\t\t\t\t<option value=\"transit\">\n\t\t\t\t\tTransit\t\t\t\t<\/option>\n\t\t\t\t<option value=\"bicycling\">\n\t\t\t\t\tBicycling\t\t\t\t<\/option>\n\t\t\t<\/select>\n\t\t\t<\/div>\n\t\t<\/div>\n\t\t\t\n\t\t<div class=\"wpgmza-directions-options__section\">\n\t\t\t<a href=\"javascript:;\" class=\"wpgmza-show-directions-options\" id=\"wpgmza_show_options_3\" mapid=\"3\">\n\t\t\t\tshow options\t\t\t<\/a>\n\t\t\t\n\t\t\t<a href=\"javascript:;\" class=\"wpgmza-hide-directions-options\" id=\"wpgmza_hide_options_3\" mapid=\"3\">\n\t\t\t\thide options\t\t\t<\/a>\n\t\t\t\n\t\t\t<div class=\"wpgmza-directions-options wpgmza-form-field wpgmza-form-field--no-pad wpgmza_dir_options\">\n\t\t\t\t<label class=\"class\">\n\t\t\t\t\t<input type=\"checkbox\" class=\"wpgmza-avoid-tolls\" value=\"tolls\" name=\"wpgmza_tolls_3\" id=\"wpgmza_tolls_3\">\n\t\t\t\t\tAvoid Tolls\t\t\t\t<\/label>\n\t\t\t\t<label class=\"class\">\n\t\t\t\t\t<input type=\"checkbox\" class=\"wpgmza-avoid-highways\" value=\"highways\" name=\"wpgmza_highways_3\" id=\"wpgmza_highways_3\">\n\t\t\t\t\tAvoid Highways\t\t\t\t<\/label>\n\t\t\t\t<label class=\"class\">\n\t\t\t\t\t<input type=\"checkbox\" class=\"wpgmza-avoid-ferries\" value=\"ferries\" name=\"wpgmza_ferries_3\" id=\"wpgmza_ferries_3\">\n\t\t\t\t\tAvoid Ferries\t\t\t\t<\/label>\n\t\t\t<\/div>\n\t\t<\/div>\n\t\t\n\t<\/div>\n\t\n\t<div class=\"wpgmza-directions-buttons wpgmza-form-field wpgmaps_to_row\">\n\t\t<input class=\"wpgmza-get-directions wpgmaps_get_directions\" onclick=\"javascript: ;\" type=\"button\" value=\"Go\" id=\"3\">\n\t\t\n\t\t<span class=\"wpgmza-directions-result__buttons\">\n\t\t\t<a class=\"wpgmza-print-directions\" style=\"display: none;\" onclick=\"javascript: ;\" mapid=\"3\">\n\t\t\t\tPrint directions\t\t\t<\/a>\n\t\t\t\n\t\t\t<a class=\"wpgmza-reset-directions\" style=\"display: none;\" onclick=\"javascript: ;\" mapid=\"3\">\n\t\t\t\tReset directions\t\t\t<\/a>\n\t\t<\/span>\n\t<\/div>\n<\/div>\r\n\t\t\t\t\r\n\t\t\t\t<div id=\"wpgmaps_directions_notification_3\" style=\"display:none;\">Fetching directions......<\/div>\r\n\t\t\t\t\r\n\t\t\t\t<div id=\"wpgmaps_directions_reset_3\" style=\"display:none;\">\r\n\r\n\t\t\t\t\t<a href='javascript:void(0)' onclick='wpgmza_reset_directions(3);' id='wpgmaps_reset_directions' title='Reset directions'>Reset directions<\/a>\r\n\t\t\t\t\t<br \/>\r\n\t\t\t\t\t<a href='javascript: ;' id='wpgmaps_print_directions_3' target='_blank' title='Print directions'>Print directions<\/a>\r\n\t\t\t\t<\/div>\r\n\t\t\t\t\r\n\t\t\t\t<div id=\"directions_panel_3\"><\/div>\r\n\r\n\t\t\t<\/div>\n\t\t\t\t\t<div class=\"clear\"><\/div>\n\t\t\t\t<\/div>\n\t\t\t<\/div>\n\t\t\t<div class=\"clear\"><\/div>\n\t\t\t\n","protected":false},"excerpt":{"rendered":"","protected":false},"author":6,"featured_media":0,"parent":159,"menu_order":0,"comment_status":"closed","ping_status":"closed","template":"page-FullWidth.php","meta":{"footnotes":""},"class_list":["post-5810","page","type-page","status-publish","hentry"],"yoast_head":"<!-- This site is optimized with the Yoast SEO plugin v27.3 - https:\/\/yoast.com\/product\/yoast-seo-wordpress\/ -->\n<title>Descubra a zona \u201cMarais\u201d - Bastille Hostel - Pousada da Juventude em Paris<\/title>\n<meta name=\"robots\" content=\"index, follow, max-snippet:-1, max-image-preview:large, max-video-preview:-1\" \/>\n<link rel=\"canonical\" href=\"https:\/\/www.bastillehostel.com\/pt-pt\/dicas-paris\/descubra-a-zona-marais\/\" \/>\n<meta property=\"og:locale\" content=\"pt_PT\" \/>\n<meta property=\"og:type\" content=\"article\" \/>\n<meta property=\"og:title\" content=\"Descubra a zona \u201cMarais\u201d - Bastille Hostel - Pousada da Juventude em Paris\" \/>\n<meta property=\"og:url\" content=\"https:\/\/www.bastillehostel.com\/pt-pt\/dicas-paris\/descubra-a-zona-marais\/\" \/>\n<meta property=\"og:site_name\" content=\"Bastille Hostel - Pousada da Juventude em Paris\" \/>\n<meta property=\"article:modified_time\" content=\"2023-05-04T13:51:16+00:00\" \/>\n<meta name=\"twitter:card\" content=\"summary_large_image\" \/>\n<meta name=\"twitter:label1\" content=\"Tempo estimado de leitura\" \/>\n\t<meta name=\"twitter:data1\" content=\"1 minuto\" \/>\n<script type=\"application\/ld+json\" class=\"yoast-schema-graph\">{\"@context\":\"https:\\\/\\\/schema.org\",\"@graph\":[{\"@type\":\"WebPage\",\"@id\":\"https:\\\/\\\/www.bastillehostel.com\\\/pt-pt\\\/dicas-paris\\\/descubra-a-zona-marais\\\/\",\"url\":\"https:\\\/\\\/www.bastillehostel.com\\\/pt-pt\\\/dicas-paris\\\/descubra-a-zona-marais\\\/\",\"name\":\"Descubra a zona \u201cMarais\u201d - Bastille Hostel - Pousada da Juventude em Paris\",\"isPartOf\":{\"@id\":\"https:\\\/\\\/www.bastillehostel.com\\\/fr\\\/#website\"},\"datePublished\":\"2023-05-04T13:42:42+00:00\",\"dateModified\":\"2023-05-04T13:51:16+00:00\",\"breadcrumb\":{\"@id\":\"https:\\\/\\\/www.bastillehostel.com\\\/pt-pt\\\/dicas-paris\\\/descubra-a-zona-marais\\\/#breadcrumb\"},\"inLanguage\":\"pt-PT\",\"potentialAction\":[{\"@type\":\"ReadAction\",\"target\":[\"https:\\\/\\\/www.bastillehostel.com\\\/pt-pt\\\/dicas-paris\\\/descubra-a-zona-marais\\\/\"]}]},{\"@type\":\"BreadcrumbList\",\"@id\":\"https:\\\/\\\/www.bastillehostel.com\\\/pt-pt\\\/dicas-paris\\\/descubra-a-zona-marais\\\/#breadcrumb\",\"itemListElement\":[{\"@type\":\"ListItem\",\"position\":1,\"name\":\"Home\",\"item\":\"https:\\\/\\\/www.bastillehostel.com\\\/pt-pt\\\/\"},{\"@type\":\"ListItem\",\"position\":2,\"name\":\"As dicas de Paris\",\"item\":\"https:\\\/\\\/www.bastillehostel.com\\\/pt-pt\\\/dicas-paris\\\/\"},{\"@type\":\"ListItem\",\"position\":3,\"name\":\"Descubra a zona \u201cMarais\u201d\"}]},{\"@type\":\"WebSite\",\"@id\":\"https:\\\/\\\/www.bastillehostel.com\\\/fr\\\/#website\",\"url\":\"https:\\\/\\\/www.bastillehostel.com\\\/fr\\\/\",\"name\":\"Bastille Hostel - Pousada da Juventude em Paris\",\"description\":\"Bastille Hostel - Pousada da Juventude em Paris\",\"potentialAction\":[{\"@type\":\"SearchAction\",\"target\":{\"@type\":\"EntryPoint\",\"urlTemplate\":\"https:\\\/\\\/www.bastillehostel.com\\\/fr\\\/?s={search_term_string}\"},\"query-input\":{\"@type\":\"PropertyValueSpecification\",\"valueRequired\":true,\"valueName\":\"search_term_string\"}}],\"inLanguage\":\"pt-PT\"}]}<\/script>\n<!-- \/ Yoast SEO plugin. -->","yoast_head_json":{"title":"Descubra a zona \u201cMarais\u201d - Bastille Hostel - Pousada da Juventude em Paris","robots":{"index":"index","follow":"follow","max-snippet":"max-snippet:-1","max-image-preview":"max-image-preview:large","max-video-preview":"max-video-preview:-1"},"canonical":"https:\/\/www.bastillehostel.com\/pt-pt\/dicas-paris\/descubra-a-zona-marais\/","og_locale":"pt_PT","og_type":"article","og_title":"Descubra a zona \u201cMarais\u201d - Bastille Hostel - Pousada da Juventude em Paris","og_url":"https:\/\/www.bastillehostel.com\/pt-pt\/dicas-paris\/descubra-a-zona-marais\/","og_site_name":"Bastille Hostel - Pousada da Juventude em Paris","article_modified_time":"2023-05-04T13:51:16+00:00","twitter_card":"summary_large_image","twitter_misc":{"Tempo estimado de leitura":"1 minuto"},"schema":{"@context":"https:\/\/schema.org","@graph":[{"@type":"WebPage","@id":"https:\/\/www.bastillehostel.com\/pt-pt\/dicas-paris\/descubra-a-zona-marais\/","url":"https:\/\/www.bastillehostel.com\/pt-pt\/dicas-paris\/descubra-a-zona-marais\/","name":"Descubra a zona \u201cMarais\u201d - Bastille Hostel - Pousada da Juventude em Paris","isPartOf":{"@id":"https:\/\/www.bastillehostel.com\/fr\/#website"},"datePublished":"2023-05-04T13:42:42+00:00","dateModified":"2023-05-04T13:51:16+00:00","breadcrumb":{"@id":"https:\/\/www.bastillehostel.com\/pt-pt\/dicas-paris\/descubra-a-zona-marais\/#breadcrumb"},"inLanguage":"pt-PT","potentialAction":[{"@type":"ReadAction","target":["https:\/\/www.bastillehostel.com\/pt-pt\/dicas-paris\/descubra-a-zona-marais\/"]}]},{"@type":"BreadcrumbList","@id":"https:\/\/www.bastillehostel.com\/pt-pt\/dicas-paris\/descubra-a-zona-marais\/#breadcrumb","itemListElement":[{"@type":"ListItem","position":1,"name":"Home","item":"https:\/\/www.bastillehostel.com\/pt-pt\/"},{"@type":"ListItem","position":2,"name":"As dicas de Paris","item":"https:\/\/www.bastillehostel.com\/pt-pt\/dicas-paris\/"},{"@type":"ListItem","position":3,"name":"Descubra a zona \u201cMarais\u201d"}]},{"@type":"WebSite","@id":"https:\/\/www.bastillehostel.com\/fr\/#website","url":"https:\/\/www.bastillehostel.com\/fr\/","name":"Bastille Hostel - Pousada da Juventude em Paris","description":"Bastille Hostel - Pousada da Juventude em Paris","potentialAction":[{"@type":"SearchAction","target":{"@type":"EntryPoint","urlTemplate":"https:\/\/www.bastillehostel.com\/fr\/?s={search_term_string}"},"query-input":{"@type":"PropertyValueSpecification","valueRequired":true,"valueName":"search_term_string"}}],"inLanguage":"pt-PT"}]}},"_links":{"self":[{"href":"https:\/\/www.bastillehostel.com\/pt-pt\/wp-json\/wp\/v2\/pages\/5810","targetHints":{"allow":["GET"]}}],"collection":[{"href":"https:\/\/www.bastillehostel.com\/pt-pt\/wp-json\/wp\/v2\/pages"}],"about":[{"href":"https:\/\/www.bastillehostel.com\/pt-pt\/wp-json\/wp\/v2\/types\/page"}],"author":[{"embeddable":true,"href":"https:\/\/www.bastillehostel.com\/pt-pt\/wp-json\/wp\/v2\/users\/6"}],"replies":[{"embeddable":true,"href":"https:\/\/www.bastillehostel.com\/pt-pt\/wp-json\/wp\/v2\/comments?post=5810"}],"version-history":[{"count":4,"href":"https:\/\/www.bastillehostel.com\/pt-pt\/wp-json\/wp\/v2\/pages\/5810\/revisions"}],"predecessor-version":[{"id":5827,"href":"https:\/\/www.bastillehostel.com\/pt-pt\/wp-json\/wp\/v2\/pages\/5810\/revisions\/5827"}],"up":[{"embeddable":true,"href":"https:\/\/www.bastillehostel.com\/pt-pt\/wp-json\/wp\/v2\/pages\/159"}],"wp:attachment":[{"href":"https:\/\/www.bastillehostel.com\/pt-pt\/wp-json\/wp\/v2\/media?parent=5810"}],"curies":[{"name":"wp","href":"https:\/\/api.w.org\/{rel}","templated":true}]}}