{"id":5776,"date":"2023-05-04T15:15:52","date_gmt":"2023-05-04T13:15:52","guid":{"rendered":"https:\/\/www.bastillehostel.com\/?page_id=5776"},"modified":"2023-05-04T15:35:06","modified_gmt":"2023-05-04T13:35:06","slug":"dancar-em-torno-da-bastilha","status":"publish","type":"page","link":"https:\/\/www.bastillehostel.com\/pt-pt\/dicas-paris\/descubra-o-bairro-bastille\/dancar-em-torno-da-bastilha\/","title":{"rendered":"Dan\u00e7ar em torno da Bastille"},"content":{"rendered":"<p>Latim ou eletro? Esse \u00e9 o dilema dos festeiros em Bastille! Se n\u00e3o faltam concertos e DJs nos gira-discos, a zona tem, pelo contr\u00e1rio, poucas pistas de dan\u00e7a a s\u00e9rio.<\/p>\n<div class=\"one_half\">\n<h4 class=\"title\"><img decoding=\"async\" src=\"https:\/\/www.bastillehostel.com\/wp-content\/uploads\/2018\/06\/escalier-barrio-latino-150x150.jpg\" alt=\"\" width=\"150\" height=\"150\" class=\"alignleft size-full wp-image-4172\" \/><a href=\"http:\/\/www.barrio-latino.com\/\" class=\"title\" target=\"_blank\" rel=\"noopener\">Barrio Latino<\/a><\/h4>\n<p><strong>46, rue du fbg Saint-Antoine &#8211; 75012 Paris<br \/>\nM\u00e9tro : Bastille<\/strong><\/p>\n<p> Quartel-general dos amantes da salsa, o Barrio Latino \u00e9 um estabelecimento de quatro pisos, que se desenvolve em torno de uma majestosa e cl\u00e1ssica escadaria que \u00e9 um monumento hist\u00f3rico e assinada por Gustave Eiffel (um pouco como o Titanic, na cena do baile). Decora\u00e7\u00e3o aconchegante, clientela de dan\u00e7arinas de classe alta e clima quente! Se voc\u00ea n\u00e3o \u00e9 um profissional de salsa, tente encontrar algu\u00e9m que tenha prazer em lhe ensinar os passos b\u00e1sicos e pronto!<\/p>\n<\/div>\n<div class=\"one_half last_column\">\n<h4 class=\"title\"><img decoding=\"async\" src=\"https:\/\/www.bastillehostel.com\/wp-content\/uploads\/2018\/06\/opa-150x150.jpg\" alt=\"\" width=\"150\" height=\"150\" class=\"alignleft size-full wp-image-4173\" \/><a href=\"#  target=\"_blank\">L&#8217;Opa<\/a><\/h4>\n<p><strong>11 rue Bisconnnet &#8211; 75012 Paris<br \/>\nM\u00e9tro: Bastille<\/strong><\/p>\n<p>Motivos n\u00e3o faltam para vir esticar as pernas ao Opa! Shows de rock, folk, punk e reggae s\u00e3o realizados no in\u00edcio da noite. Depois da meia-noite, \u00e9 balada. Os dois n\u00edveis e uma sala arejada permitem dan\u00e7ar livremente sem invadir o espa\u00e7o privado do vizinho!<\/p>\n<\/div>\n<div class=\"clear\"><\/div>\n\t\t\t<style type=\"text\/css\">\n\t\t\t\t#content-block-background-1825 { background-image: url(); background-position: 50% 0; background-repeat: repeat; background-color: transparent; background-attachment: scroll; background-size: auto; }\n\t\t\t\t#content-block-body-1825 { padding: 40px 0; color: inherit; }\n\t\t\t\t.content-block-body { margin-left: auto; margin-right: auto; position: relative; }\n\t\t\t<\/style>\n\t\t\t\t\t\t\t<style type=\"text\/css\">\n\t\t\t\t\t#wrapper-1 { overflow-x: hidden; }\n\t\t\t\t\t#content-block-background-1825 { margin: 0 -10000px; padding: 0 10000px; }\n\t\t\t\t<\/style>\n\t\t\t\n\t\t\t\t\t\t<script type=\"text\/javascript\">\n\t\t\t\t\/\/ <![CDATA[\n\t\t\t\tjQuery(document).ready(function($){\n\t\t\t\t\t\"use strict\";\n\t\t\t\t\tif( ! $(\"body\").hasClass( \"mobile-detected\" ) ){\n\t\t\t\t\t\t$(\"#content-block-background-\"+1825).each(function(){\n\t\t\t\t\t\t\tvar $bgobj = $(this); \/\/ Assigning the object.\n\t\t\t\t\t\t\tvar xPos = '50%'; \/\/ x bg position value from the user shortcode.\n\t\t\t\t\t\t\t$(window).scroll(function() {\n\t\t\t\t\t\t\t\tvar yPos = -($(window).scrollTop() \/ 3);\n\t\t\t\t\t\t\t\t\/\/ Put together our final background position.\n\t\t\t\t\t\t\t\tvar coords = xPos+' '+yPos+'px';\n\t\t\t\t\t\t\t\t\/\/ Move the background.\n\t\t\t\t\t\t\t\t$bgobj.css({ backgroundPosition: coords });\n\t\t\t\t\t\t\t});\n\t\t\t\t\t\t});\n\t\t\t\t\t}\n\t\t\t\t});\n\t\t\t\t\/\/ ]]>\n\t\t\t<\/script>\n\t\t\t\n\t\t\t<div class=\"clear\"><\/div>\n\t\t\t<div id=\"content-block-background-1825\" class=\"content-block-background \">\n\t\t\t\t<div id=\"content-block-body-1825\" class=\"content-block-body\">\n\t\t\t\t\t<div class=\"clear\"><\/div>\n\t\t\t\t\t\n<div class=\"one_third\">\n<a class=\"btn orange survol\" href=\"https:\/\/www.bastillehostel.com\/pt-pt\/dicas-paris\/descubra-o-bairro-bastille\/bares-na-area-da-bastilha\/\"><i class=\"fa fa-glass\" aria-hidden=\"true\"><\/i>\u00a0Bares na \u00e1rea da Bastille<\/a><br \/>\n<a class=\"btn orange survol\" href=\"https:\/\/www.bastillehostel.com\/pt-pt\/dicas-paris\/descubra-o-bairro-bastille\/coma-na-area-da-bastilha\/\"><i class=\"fa fa-cutlery\" aria-hidden=\"true\"><\/i>\u00a0 Coma na \u00e1rea da Bastille <\/a><br \/>\n<\/div>\n<div class=\"one_third\">\n<a class=\"btn orange survol\" href=\"https:\/\/www.bastillehostel.com\/pt-pt\/dicas-paris\/descubra-o-bairro-bastille\/dancar-em-torno-da-bastilha\/\"><i class=\"fa fa-music\" aria-hidden=\"true\"><\/i>\u00a0Dance na \u00e1rea da Bastille<\/a><br \/>\n<a class=\"btn orange survol\" href=\"https:\/\/www.bastillehostel.com\/pt-pt\/dicas-paris\/descubra-o-bairro-bastille\/sala-de-concertos-na-bastille\/\"><i class=\"fa fa-music\" aria-hidden=\"true\"><\/i>\u00a0 Sala de concertos ao redor da Bastille <\/a><br \/>\n<\/div>\n<div class=\"one_third last_column\">\n<a class=\"btn orange survol\" href=\"https:\/\/www.bastillehostel.com\/pt-pt\/dicas-paris\/descubra-o-bairro-bastille\/mova-se-pela-bastille\/\"><i class=\"fa fa-bicycle\" aria-hidden=\"true\"><\/i>\u00a0 Mova-se pela Bastille <\/a><br \/>\n<\/div>\n\t\t\t\t\t<div class=\"clear\"><\/div>\n\t\t\t\t<\/div>\n\t\t\t<\/div>\n\t\t\t<div class=\"clear\"><\/div>\n\t\t\t\n","protected":false},"excerpt":{"rendered":"<p>Latim ou eletro? Esse \u00e9 o dilema dos festeiros em Bastille! Se n\u00e3o faltam concertos e DJs nos gira-discos, a zona tem, pelo contr\u00e1rio, poucas pistas de dan\u00e7a a s\u00e9rio.<\/p>\n","protected":false},"author":6,"featured_media":0,"parent":4735,"menu_order":0,"comment_status":"closed","ping_status":"closed","template":"page-FullWidth.php","meta":{"footnotes":""},"class_list":["post-5776","page","type-page","status-publish","hentry"],"yoast_head":"<!-- This site is optimized with the Yoast SEO plugin v27.5 - https:\/\/yoast.com\/product\/yoast-seo-wordpress\/ -->\n<title>Dan\u00e7ar em torno da Bastille - Bastille Hostel - Pousada da Juventude em Paris<\/title>\n<meta name=\"robots\" content=\"index, follow, max-snippet:-1, max-image-preview:large, max-video-preview:-1\" \/>\n<link rel=\"canonical\" href=\"https:\/\/www.bastillehostel.com\/pt-pt\/dicas-paris\/descubra-o-bairro-bastille\/dancar-em-torno-da-bastilha\/\" \/>\n<meta property=\"og:locale\" content=\"pt_PT\" \/>\n<meta property=\"og:type\" content=\"article\" \/>\n<meta property=\"og:title\" content=\"Dan\u00e7ar em torno da Bastille - Bastille Hostel - Pousada da Juventude em Paris\" \/>\n<meta property=\"og:description\" content=\"Latim ou eletro? Esse \u00e9 o dilema dos festeiros em Bastille! Se n\u00e3o faltam concertos e DJs nos gira-discos, a zona tem, pelo contr\u00e1rio, poucas pistas de dan\u00e7a a s\u00e9rio.\" \/>\n<meta property=\"og:url\" content=\"https:\/\/www.bastillehostel.com\/pt-pt\/dicas-paris\/descubra-o-bairro-bastille\/dancar-em-torno-da-bastilha\/\" \/>\n<meta property=\"og:site_name\" content=\"Bastille Hostel - Pousada da Juventude em Paris\" \/>\n<meta property=\"article:modified_time\" content=\"2023-05-04T13:35:06+00:00\" \/>\n<meta property=\"og:image\" content=\"https:\/\/www.bastillehostel.com\/wp-content\/uploads\/2018\/06\/escalier-barrio-latino-150x150.jpg\" \/>\n<meta name=\"twitter:card\" content=\"summary_large_image\" \/>\n<meta name=\"twitter:label1\" content=\"Tempo estimado de leitura\" \/>\n\t<meta name=\"twitter:data1\" content=\"2 minutos\" \/>\n<script type=\"application\/ld+json\" class=\"yoast-schema-graph\">{\"@context\":\"https:\\\/\\\/schema.org\",\"@graph\":[{\"@type\":\"WebPage\",\"@id\":\"https:\\\/\\\/www.bastillehostel.com\\\/pt-pt\\\/dicas-paris\\\/descubra-o-bairro-bastille\\\/dancar-em-torno-da-bastilha\\\/\",\"url\":\"https:\\\/\\\/www.bastillehostel.com\\\/pt-pt\\\/dicas-paris\\\/descubra-o-bairro-bastille\\\/dancar-em-torno-da-bastilha\\\/\",\"name\":\"Dan\u00e7ar em torno da Bastille - Bastille Hostel - Pousada da Juventude em Paris\",\"isPartOf\":{\"@id\":\"https:\\\/\\\/www.bastillehostel.com\\\/fr\\\/#website\"},\"primaryImageOfPage\":{\"@id\":\"https:\\\/\\\/www.bastillehostel.com\\\/pt-pt\\\/dicas-paris\\\/descubra-o-bairro-bastille\\\/dancar-em-torno-da-bastilha\\\/#primaryimage\"},\"image\":{\"@id\":\"https:\\\/\\\/www.bastillehostel.com\\\/pt-pt\\\/dicas-paris\\\/descubra-o-bairro-bastille\\\/dancar-em-torno-da-bastilha\\\/#primaryimage\"},\"thumbnailUrl\":\"https:\\\/\\\/www.bastillehostel.com\\\/wp-content\\\/uploads\\\/2018\\\/06\\\/escalier-barrio-latino-150x150.jpg\",\"datePublished\":\"2023-05-04T13:15:52+00:00\",\"dateModified\":\"2023-05-04T13:35:06+00:00\",\"breadcrumb\":{\"@id\":\"https:\\\/\\\/www.bastillehostel.com\\\/pt-pt\\\/dicas-paris\\\/descubra-o-bairro-bastille\\\/dancar-em-torno-da-bastilha\\\/#breadcrumb\"},\"inLanguage\":\"pt-PT\",\"potentialAction\":[{\"@type\":\"ReadAction\",\"target\":[\"https:\\\/\\\/www.bastillehostel.com\\\/pt-pt\\\/dicas-paris\\\/descubra-o-bairro-bastille\\\/dancar-em-torno-da-bastilha\\\/\"]}]},{\"@type\":\"ImageObject\",\"inLanguage\":\"pt-PT\",\"@id\":\"https:\\\/\\\/www.bastillehostel.com\\\/pt-pt\\\/dicas-paris\\\/descubra-o-bairro-bastille\\\/dancar-em-torno-da-bastilha\\\/#primaryimage\",\"url\":\"https:\\\/\\\/www.bastillehostel.com\\\/wp-content\\\/uploads\\\/2018\\\/06\\\/escalier-barrio-latino-150x150.jpg\",\"contentUrl\":\"https:\\\/\\\/www.bastillehostel.com\\\/wp-content\\\/uploads\\\/2018\\\/06\\\/escalier-barrio-latino-150x150.jpg\"},{\"@type\":\"BreadcrumbList\",\"@id\":\"https:\\\/\\\/www.bastillehostel.com\\\/pt-pt\\\/dicas-paris\\\/descubra-o-bairro-bastille\\\/dancar-em-torno-da-bastilha\\\/#breadcrumb\",\"itemListElement\":[{\"@type\":\"ListItem\",\"position\":1,\"name\":\"Home\",\"item\":\"https:\\\/\\\/www.bastillehostel.com\\\/pt-pt\\\/\"},{\"@type\":\"ListItem\",\"position\":2,\"name\":\"As dicas de Paris\",\"item\":\"https:\\\/\\\/www.bastillehostel.com\\\/pt-pt\\\/dicas-paris\\\/\"},{\"@type\":\"ListItem\",\"position\":3,\"name\":\"Descubra o bairro de Bastille!\",\"item\":\"https:\\\/\\\/www.bastillehostel.com\\\/pt-pt\\\/dicas-paris\\\/descubra-o-bairro-bastille\\\/\"},{\"@type\":\"ListItem\",\"position\":4,\"name\":\"Dan\u00e7ar em torno da Bastille\"}]},{\"@type\":\"WebSite\",\"@id\":\"https:\\\/\\\/www.bastillehostel.com\\\/fr\\\/#website\",\"url\":\"https:\\\/\\\/www.bastillehostel.com\\\/fr\\\/\",\"name\":\"Bastille Hostel - Pousada da Juventude em Paris\",\"description\":\"Bastille Hostel - Pousada da Juventude em Paris\",\"potentialAction\":[{\"@type\":\"SearchAction\",\"target\":{\"@type\":\"EntryPoint\",\"urlTemplate\":\"https:\\\/\\\/www.bastillehostel.com\\\/fr\\\/?s={search_term_string}\"},\"query-input\":{\"@type\":\"PropertyValueSpecification\",\"valueRequired\":true,\"valueName\":\"search_term_string\"}}],\"inLanguage\":\"pt-PT\"}]}<\/script>\n<!-- \/ Yoast SEO plugin. -->","yoast_head_json":{"title":"Dan\u00e7ar em torno da Bastille - Bastille Hostel - Pousada da Juventude em Paris","robots":{"index":"index","follow":"follow","max-snippet":"max-snippet:-1","max-image-preview":"max-image-preview:large","max-video-preview":"max-video-preview:-1"},"canonical":"https:\/\/www.bastillehostel.com\/pt-pt\/dicas-paris\/descubra-o-bairro-bastille\/dancar-em-torno-da-bastilha\/","og_locale":"pt_PT","og_type":"article","og_title":"Dan\u00e7ar em torno da Bastille - Bastille Hostel - Pousada da Juventude em Paris","og_description":"Latim ou eletro? Esse \u00e9 o dilema dos festeiros em Bastille! Se n\u00e3o faltam concertos e DJs nos gira-discos, a zona tem, pelo contr\u00e1rio, poucas pistas de dan\u00e7a a s\u00e9rio.","og_url":"https:\/\/www.bastillehostel.com\/pt-pt\/dicas-paris\/descubra-o-bairro-bastille\/dancar-em-torno-da-bastilha\/","og_site_name":"Bastille Hostel - Pousada da Juventude em Paris","article_modified_time":"2023-05-04T13:35:06+00:00","og_image":[{"url":"https:\/\/www.bastillehostel.com\/wp-content\/uploads\/2018\/06\/escalier-barrio-latino-150x150.jpg","type":"","width":"","height":""}],"twitter_card":"summary_large_image","twitter_misc":{"Tempo estimado de leitura":"2 minutos"},"schema":{"@context":"https:\/\/schema.org","@graph":[{"@type":"WebPage","@id":"https:\/\/www.bastillehostel.com\/pt-pt\/dicas-paris\/descubra-o-bairro-bastille\/dancar-em-torno-da-bastilha\/","url":"https:\/\/www.bastillehostel.com\/pt-pt\/dicas-paris\/descubra-o-bairro-bastille\/dancar-em-torno-da-bastilha\/","name":"Dan\u00e7ar em torno da Bastille - Bastille Hostel - Pousada da Juventude em Paris","isPartOf":{"@id":"https:\/\/www.bastillehostel.com\/fr\/#website"},"primaryImageOfPage":{"@id":"https:\/\/www.bastillehostel.com\/pt-pt\/dicas-paris\/descubra-o-bairro-bastille\/dancar-em-torno-da-bastilha\/#primaryimage"},"image":{"@id":"https:\/\/www.bastillehostel.com\/pt-pt\/dicas-paris\/descubra-o-bairro-bastille\/dancar-em-torno-da-bastilha\/#primaryimage"},"thumbnailUrl":"https:\/\/www.bastillehostel.com\/wp-content\/uploads\/2018\/06\/escalier-barrio-latino-150x150.jpg","datePublished":"2023-05-04T13:15:52+00:00","dateModified":"2023-05-04T13:35:06+00:00","breadcrumb":{"@id":"https:\/\/www.bastillehostel.com\/pt-pt\/dicas-paris\/descubra-o-bairro-bastille\/dancar-em-torno-da-bastilha\/#breadcrumb"},"inLanguage":"pt-PT","potentialAction":[{"@type":"ReadAction","target":["https:\/\/www.bastillehostel.com\/pt-pt\/dicas-paris\/descubra-o-bairro-bastille\/dancar-em-torno-da-bastilha\/"]}]},{"@type":"ImageObject","inLanguage":"pt-PT","@id":"https:\/\/www.bastillehostel.com\/pt-pt\/dicas-paris\/descubra-o-bairro-bastille\/dancar-em-torno-da-bastilha\/#primaryimage","url":"https:\/\/www.bastillehostel.com\/wp-content\/uploads\/2018\/06\/escalier-barrio-latino-150x150.jpg","contentUrl":"https:\/\/www.bastillehostel.com\/wp-content\/uploads\/2018\/06\/escalier-barrio-latino-150x150.jpg"},{"@type":"BreadcrumbList","@id":"https:\/\/www.bastillehostel.com\/pt-pt\/dicas-paris\/descubra-o-bairro-bastille\/dancar-em-torno-da-bastilha\/#breadcrumb","itemListElement":[{"@type":"ListItem","position":1,"name":"Home","item":"https:\/\/www.bastillehostel.com\/pt-pt\/"},{"@type":"ListItem","position":2,"name":"As dicas de Paris","item":"https:\/\/www.bastillehostel.com\/pt-pt\/dicas-paris\/"},{"@type":"ListItem","position":3,"name":"Descubra o bairro de Bastille!","item":"https:\/\/www.bastillehostel.com\/pt-pt\/dicas-paris\/descubra-o-bairro-bastille\/"},{"@type":"ListItem","position":4,"name":"Dan\u00e7ar em torno da Bastille"}]},{"@type":"WebSite","@id":"https:\/\/www.bastillehostel.com\/fr\/#website","url":"https:\/\/www.bastillehostel.com\/fr\/","name":"Bastille Hostel - Pousada da Juventude em Paris","description":"Bastille Hostel - Pousada da Juventude em Paris","potentialAction":[{"@type":"SearchAction","target":{"@type":"EntryPoint","urlTemplate":"https:\/\/www.bastillehostel.com\/fr\/?s={search_term_string}"},"query-input":{"@type":"PropertyValueSpecification","valueRequired":true,"valueName":"search_term_string"}}],"inLanguage":"pt-PT"}]}},"_links":{"self":[{"href":"https:\/\/www.bastillehostel.com\/pt-pt\/wp-json\/wp\/v2\/pages\/5776","targetHints":{"allow":["GET"]}}],"collection":[{"href":"https:\/\/www.bastillehostel.com\/pt-pt\/wp-json\/wp\/v2\/pages"}],"about":[{"href":"https:\/\/www.bastillehostel.com\/pt-pt\/wp-json\/wp\/v2\/types\/page"}],"author":[{"embeddable":true,"href":"https:\/\/www.bastillehostel.com\/pt-pt\/wp-json\/wp\/v2\/users\/6"}],"replies":[{"embeddable":true,"href":"https:\/\/www.bastillehostel.com\/pt-pt\/wp-json\/wp\/v2\/comments?post=5776"}],"version-history":[{"count":7,"href":"https:\/\/www.bastillehostel.com\/pt-pt\/wp-json\/wp\/v2\/pages\/5776\/revisions"}],"predecessor-version":[{"id":5805,"href":"https:\/\/www.bastillehostel.com\/pt-pt\/wp-json\/wp\/v2\/pages\/5776\/revisions\/5805"}],"up":[{"embeddable":true,"href":"https:\/\/www.bastillehostel.com\/pt-pt\/wp-json\/wp\/v2\/pages\/4735"}],"wp:attachment":[{"href":"https:\/\/www.bastillehostel.com\/pt-pt\/wp-json\/wp\/v2\/media?parent=5776"}],"curies":[{"name":"wp","href":"https:\/\/api.w.org\/{rel}","templated":true}]}}