{"id":5772,"date":"2023-05-04T14:48:53","date_gmt":"2023-05-04T12:48:53","guid":{"rendered":"https:\/\/www.bastillehostel.com\/?page_id=5772"},"modified":"2023-05-04T15:35:00","modified_gmt":"2023-05-04T13:35:00","slug":"sala-de-concertos-na-bastille","status":"publish","type":"page","link":"https:\/\/www.bastillehostel.com\/pt-pt\/dicas-paris\/descubra-o-bairro-bastille\/sala-de-concertos-na-bastille\/","title":{"rendered":"Sala de concertos na Bastille"},"content":{"rendered":"<p>As salas de concerto do bairro servem de plataforma de lan\u00e7amento para futuros grupos de rock. Os shows ao vivo tamb\u00e9m est\u00e3o bem representados, desde organiza\u00e7\u00f5es (a Cartoucherie) at\u00e9 jovens criativos (Th\u00e9\u00e2tre de la Loge).<\/p>\n<div class=\"one_fourth\">\n<img decoding=\"async\" src=\"https:\/\/www.bastillehostel.com\/wp-content\/uploads\/2018\/06\/cartoucherie.jpg\" alt=\"\" width=\"150\" height=\"150\" class=\"aligncenter size-full wp-image-4163\" \/><\/p>\n<h4 class=\"title\"><a href=\"http:\/\/www.theatredelaquarium.net\/\" target=\"_blank\" rel=\"noopener\">La Cartourcherie<\/a><\/h4>\n<p><strong>Route du Champ de Man\u0153uvre &#8211; 75012 Paris &#8211; Metr\u00f4: Ch\u00e2teau-de-Vincennes<\/strong><\/p>\n<p>No cora\u00e7\u00e3o do Bois des Vincennes, a Cartoucherie \u00e9 um espa\u00e7o enorme, dedicado a espet\u00e1culos ao vivo, que permite aos artistas trabalhar e expressar-se com toda a liberdade poss\u00edvel. \u00c9 composto por cinco teatros (o Sun Theatre, o Aquarium Theatre, o Wooden Sword Theatre, o Cauldron Theatre e o Tempest Theatre) e tem shows todas as noites. A associa\u00e7\u00e3o Arta (Associa\u00e7\u00e3o de Pesquisa das Tradi\u00e7\u00f5es dos Atores), sediada na Cartoucherie, oferece cursos de disciplinas de teatro oriental, abertos a todos. <\/p>\n<\/div>\n<div class=\"one_fourth\">\n<img decoding=\"async\" src=\"https:\/\/www.bastillehostel.com\/wp-content\/uploads\/2018\/06\/theatre-la-loge-paris-150x150.jpg\" alt=\"\" width=\"150\" height=\"150\" class=\"aligncenter size-full wp-image-4166\" \/><\/p>\n<h4 class=\"title\"><a href=\"http:\/\/www.lalogeparis.fr\/\" target=\"_blank\" rel=\"noopener\">Th\u00e9\u00e2tre La Loge<\/a><\/h4>\n<p><strong>77 rue de Charonne &#8211; 75011 Paris &#8211; M\u00e9tro: Charonne<\/strong><\/p>\n<p>Este \u00e9 um teatro onde voc\u00ea tem que tocar o interfone! Escondido em um p\u00e1tio encantador na rue de Charonne, este pequeno espa\u00e7o alternativo s\u00f3 \u00e9 percept\u00edvel por uma pequena placa amarela acima de sua cabe\u00e7a! A sua programa\u00e7\u00e3o, dedicada \u00e0s novas cria\u00e7\u00f5es, mistura teatro e concertos. Aqui, a bilheteira \u00e9 tamb\u00e9m bar, enquanto o p\u00e1tio serve de esplanada. O ambiente \u00e9 jovem, art\u00edstico e informal. Todos neste pequeno mundo parecem se conhecer bem; tente encontrar algu\u00e9m para dizer ol\u00e1 quando voc\u00ea chegar e voc\u00ea n\u00e3o estar\u00e1 fora do lugar!<\/p>\n<\/div>\n<div class=\"one_fourth\">\n<img decoding=\"async\" src=\"https:\/\/www.bastillehostel.com\/wp-content\/uploads\/2018\/06\/le-pop-in-150x150.jpg\" alt=\"\" width=\"150\" height=\"150\" class=\"aligncenter size-full wp-image-4168\"> <\/p>\n<h4 class=\"title\"><a href=\"http:\/\/popin.fr\/\" target=\"_blank\" rel=\"noopener\">Pop In<\/a><\/h4>\n<p><strong>105 rue Amelot &#8211; 75011 Paris &#8211; M\u00e9tro : Saint-S\u00e9bastien-Froissart<\/strong><\/p>\n<p>Uma institui\u00e7\u00e3o! Local de ser\u00f5es memor\u00e1veis, frequentado por hipsters da noite, o Pop In \u00e9 um bar invulgar com uma decora\u00e7\u00e3o old-school, onde a gruta vermelha brilhante \u00e9 dedicada a atua\u00e7\u00f5es ao vivo de grupos de pop-rock. As pessoas falam disso como &#8220;um ref\u00fagio reconfortante para os de cora\u00e7\u00e3o partido&#8221;. Acrescentemos: como h\u00e1 tanta gente na escada a tentar chegar ao bar, inevitavelmente acabar\u00e1 por falar com algu\u00e9m\u2026<\/p>\n<\/div>\n<div class=\"one_fourth last_column\">\n<img decoding=\"async\" src=\"https:\/\/www.bastillehostel.com\/wp-content\/uploads\/2018\/06\/les-combustibles.jpg\" alt=\"\" width=\"150\" height=\"150\" class=\"aligncenter  size-full wp-image-4164\" \/><\/p>\n<h4 class=\"title\"><a href=\"https:\/\/plus.google.com\/113333778745086311903\/about?gl=fr&amp;hl=fr\" target=\"_blank\" rel=\"noopener\">Les combustibles<\/a><\/h4>\n<p><strong>14 rue Abel &#8211; 75012 Paris &#8211; M\u00e9tro : Ledru-Rollin<\/strong><\/p>\n<p>Chique no palco, rock and roll no ch\u00e3o. O Combustibles tem duas faces: tails \u2013 um restaurante elegante (ch\u00e3o de madeira, biblioteca e piano branco obrigat\u00f3rios) onde se pode saborear a criativa cozinha francesa; e a frente \u2013 uma casa de shows bem \u00e0 prova de som, onde grupos de rock, pop e reggae se apresentam para um p\u00fablico empolgado. N\u00e3o perca a noite &#8216;Patate&#8217; uma vez por m\u00eas, organizada pela loja de discos de reggae, Patate Records.<\/p>\n<\/div>\n<div class=\"clear\"><\/div>\n<h4 class=\"title\"><a href=\"http:\/\/www.lemotel.fr\/\" target=\"_blank\" rel=\"noopener\"><img decoding=\"async\" src=\"https:\/\/www.bastillehostel.com\/wp-content\/uploads\/2018\/06\/logo_motel-76x150.jpg\" alt=\"\" width=\"76\" height=\"150\" class=\"alignright size-full wp-image-4165\" \/>Le Motel<\/a><\/h4>\n<p><strong>8 Passage Josset &#8211; 75011 Paris &#8211; M\u00e9tro: Ledru-Rollin<\/strong><\/p>\n<p>Voc\u00ea disse que est\u00e1 na moda? Um bar hexagonal, antro dos jovens britpoppers, ocupa a segunda sala, enquanto a primeira \u00e9 dedicada a shows e toca-discos. Enquanto espera pelos m\u00fasicos, porque n\u00e3o ceder a um cocktail de happy hour. Sugerimos que experimente o \u2018Joe\u2019 (vodka, melancia, menta, licor de p\u00eassego e amora).<\/p>\n<div class=\"clear\"><\/div>\n\t\t\t<style type=\"text\/css\">\n\t\t\t\t#content-block-background-1298 { background-image: url(); background-position: 50% 0; background-repeat: repeat; background-color: transparent; background-attachment: scroll; background-size: auto; }\n\t\t\t\t#content-block-body-1298 { padding: 40px 0; color: inherit; }\n\t\t\t\t.content-block-body { margin-left: auto; margin-right: auto; position: relative; }\n\t\t\t<\/style>\n\t\t\t\t\t\t\t<style type=\"text\/css\">\n\t\t\t\t\t#wrapper-1 { overflow-x: hidden; }\n\t\t\t\t\t#content-block-background-1298 { margin: 0 -10000px; padding: 0 10000px; }\n\t\t\t\t<\/style>\n\t\t\t\n\t\t\t\t\t\t<script type=\"text\/javascript\">\n\t\t\t\t\/\/ <![CDATA[\n\t\t\t\tjQuery(document).ready(function($){\n\t\t\t\t\t\"use strict\";\n\t\t\t\t\tif( ! $(\"body\").hasClass( \"mobile-detected\" ) ){\n\t\t\t\t\t\t$(\"#content-block-background-\"+1298).each(function(){\n\t\t\t\t\t\t\tvar $bgobj = $(this); \/\/ Assigning the object.\n\t\t\t\t\t\t\tvar xPos = '50%'; \/\/ x bg position value from the user shortcode.\n\t\t\t\t\t\t\t$(window).scroll(function() {\n\t\t\t\t\t\t\t\tvar yPos = -($(window).scrollTop() \/ 3);\n\t\t\t\t\t\t\t\t\/\/ Put together our final background position.\n\t\t\t\t\t\t\t\tvar coords = xPos+' '+yPos+'px';\n\t\t\t\t\t\t\t\t\/\/ Move the background.\n\t\t\t\t\t\t\t\t$bgobj.css({ backgroundPosition: coords });\n\t\t\t\t\t\t\t});\n\t\t\t\t\t\t});\n\t\t\t\t\t}\n\t\t\t\t});\n\t\t\t\t\/\/ ]]>\n\t\t\t<\/script>\n\t\t\t\n\t\t\t<div class=\"clear\"><\/div>\n\t\t\t<div id=\"content-block-background-1298\" class=\"content-block-background \">\n\t\t\t\t<div id=\"content-block-body-1298\" class=\"content-block-body\">\n\t\t\t\t\t<div class=\"clear\"><\/div>\n\t\t\t\t\t\n<div class=\"one_third\">\n<a class=\"btn orange survol\" href=\"https:\/\/www.bastillehostel.com\/pt-pt\/dicas-paris\/descubra-o-bairro-bastille\/bares-na-area-da-bastilha\/\"><i class=\"fa fa-glass\" aria-hidden=\"true\"><\/i>\u00a0Bares na \u00e1rea da Bastille<\/a><br \/>\n<a class=\"btn orange survol\" href=\"https:\/\/www.bastillehostel.com\/pt-pt\/dicas-paris\/descubra-o-bairro-bastille\/coma-na-area-da-bastilha\/\"><i class=\"fa fa-cutlery\" aria-hidden=\"true\"><\/i>\u00a0 Coma na \u00e1rea da Bastille <\/a><br \/>\n<\/div>\n<div class=\"one_third\">\n<a class=\"btn orange survol\" href=\"https:\/\/www.bastillehostel.com\/pt-pt\/dicas-paris\/descubra-o-bairro-bastille\/dancar-em-torno-da-bastilha\/\"><i class=\"fa fa-music\" aria-hidden=\"true\"><\/i>\u00a0Dance na \u00e1rea da Bastille<\/a><br \/>\n<a class=\"btn orange survol\" href=\"https:\/\/www.bastillehostel.com\/pt-pt\/dicas-paris\/descubra-o-bairro-bastille\/sala-de-concertos-na-bastille\/\"><i class=\"fa fa-music\" aria-hidden=\"true\"><\/i>\u00a0 Sala de concertos ao redor da Bastille <\/a><br \/>\n<\/div>\n<div class=\"one_third last_column\">\n<a class=\"btn orange survol\" href=\"https:\/\/www.bastillehostel.com\/pt-pt\/dicas-paris\/descubra-o-bairro-bastille\/mova-se-pela-bastille\/\"><i class=\"fa fa-bicycle\" aria-hidden=\"true\"><\/i>\u00a0 Mova-se pela Bastille <\/a><br \/>\n<\/div>\n\t\t\t\t\t<div class=\"clear\"><\/div>\n\t\t\t\t<\/div>\n\t\t\t<\/div>\n\t\t\t<div class=\"clear\"><\/div>\n\t\t\t\n","protected":false},"excerpt":{"rendered":"<p>As salas de concerto do bairro servem de plataforma de lan\u00e7amento para futuros grupos de rock. Os shows ao vivo tamb\u00e9m est\u00e3o bem representados, desde organiza\u00e7\u00f5es (a Cartoucherie) at\u00e9 jovens criativos (Th\u00e9\u00e2tre de la Loge). Le Motel 8 Passage Josset &#8211; 75011 Paris &#8211; M\u00e9tro: Ledru-Rollin Voc\u00ea<\/p>\n","protected":false},"author":6,"featured_media":0,"parent":4735,"menu_order":0,"comment_status":"closed","ping_status":"closed","template":"page-FullWidth.php","meta":{"footnotes":""},"class_list":["post-5772","page","type-page","status-publish","hentry"],"yoast_head":"<!-- This site is optimized with the Yoast SEO plugin v27.5 - https:\/\/yoast.com\/product\/yoast-seo-wordpress\/ -->\n<title>Sala de concertos na Bastille - Bastille Hostel - Pousada da Juventude em Paris<\/title>\n<meta name=\"robots\" content=\"index, follow, max-snippet:-1, max-image-preview:large, max-video-preview:-1\" \/>\n<link rel=\"canonical\" href=\"https:\/\/www.bastillehostel.com\/pt-pt\/dicas-paris\/descubra-o-bairro-bastille\/sala-de-concertos-na-bastille\/\" \/>\n<meta property=\"og:locale\" content=\"pt_PT\" \/>\n<meta property=\"og:type\" content=\"article\" \/>\n<meta property=\"og:title\" content=\"Sala de concertos na Bastille - Bastille Hostel - Pousada da Juventude em Paris\" \/>\n<meta property=\"og:description\" content=\"As salas de concerto do bairro servem de plataforma de lan\u00e7amento para futuros grupos de rock. Os shows ao vivo tamb\u00e9m est\u00e3o bem representados, desde organiza\u00e7\u00f5es (a Cartoucherie) at\u00e9 jovens criativos (Th\u00e9\u00e2tre de la Loge). Le Motel 8 Passage Josset &#8211; 75011 Paris &#8211; M\u00e9tro: Ledru-Rollin Voc\u00ea\" \/>\n<meta property=\"og:url\" content=\"https:\/\/www.bastillehostel.com\/pt-pt\/dicas-paris\/descubra-o-bairro-bastille\/sala-de-concertos-na-bastille\/\" \/>\n<meta property=\"og:site_name\" content=\"Bastille Hostel - Pousada da Juventude em Paris\" \/>\n<meta property=\"article:modified_time\" content=\"2023-05-04T13:35:00+00:00\" \/>\n<meta property=\"og:image\" content=\"https:\/\/www.bastillehostel.com\/wp-content\/uploads\/2018\/06\/cartoucherie.jpg\" \/>\n<meta name=\"twitter:card\" content=\"summary_large_image\" \/>\n<meta name=\"twitter:label1\" content=\"Tempo estimado de leitura\" \/>\n\t<meta name=\"twitter:data1\" content=\"4 minutos\" \/>\n<script type=\"application\/ld+json\" class=\"yoast-schema-graph\">{\"@context\":\"https:\\\/\\\/schema.org\",\"@graph\":[{\"@type\":\"WebPage\",\"@id\":\"https:\\\/\\\/www.bastillehostel.com\\\/pt-pt\\\/dicas-paris\\\/descubra-o-bairro-bastille\\\/sala-de-concertos-na-bastille\\\/\",\"url\":\"https:\\\/\\\/www.bastillehostel.com\\\/pt-pt\\\/dicas-paris\\\/descubra-o-bairro-bastille\\\/sala-de-concertos-na-bastille\\\/\",\"name\":\"Sala de concertos na Bastille - Bastille Hostel - Pousada da Juventude em Paris\",\"isPartOf\":{\"@id\":\"https:\\\/\\\/www.bastillehostel.com\\\/fr\\\/#website\"},\"primaryImageOfPage\":{\"@id\":\"https:\\\/\\\/www.bastillehostel.com\\\/pt-pt\\\/dicas-paris\\\/descubra-o-bairro-bastille\\\/sala-de-concertos-na-bastille\\\/#primaryimage\"},\"image\":{\"@id\":\"https:\\\/\\\/www.bastillehostel.com\\\/pt-pt\\\/dicas-paris\\\/descubra-o-bairro-bastille\\\/sala-de-concertos-na-bastille\\\/#primaryimage\"},\"thumbnailUrl\":\"https:\\\/\\\/www.bastillehostel.com\\\/wp-content\\\/uploads\\\/2018\\\/06\\\/cartoucherie.jpg\",\"datePublished\":\"2023-05-04T12:48:53+00:00\",\"dateModified\":\"2023-05-04T13:35:00+00:00\",\"breadcrumb\":{\"@id\":\"https:\\\/\\\/www.bastillehostel.com\\\/pt-pt\\\/dicas-paris\\\/descubra-o-bairro-bastille\\\/sala-de-concertos-na-bastille\\\/#breadcrumb\"},\"inLanguage\":\"pt-PT\",\"potentialAction\":[{\"@type\":\"ReadAction\",\"target\":[\"https:\\\/\\\/www.bastillehostel.com\\\/pt-pt\\\/dicas-paris\\\/descubra-o-bairro-bastille\\\/sala-de-concertos-na-bastille\\\/\"]}]},{\"@type\":\"ImageObject\",\"inLanguage\":\"pt-PT\",\"@id\":\"https:\\\/\\\/www.bastillehostel.com\\\/pt-pt\\\/dicas-paris\\\/descubra-o-bairro-bastille\\\/sala-de-concertos-na-bastille\\\/#primaryimage\",\"url\":\"https:\\\/\\\/www.bastillehostel.com\\\/wp-content\\\/uploads\\\/2018\\\/06\\\/cartoucherie.jpg\",\"contentUrl\":\"https:\\\/\\\/www.bastillehostel.com\\\/wp-content\\\/uploads\\\/2018\\\/06\\\/cartoucherie.jpg\"},{\"@type\":\"BreadcrumbList\",\"@id\":\"https:\\\/\\\/www.bastillehostel.com\\\/pt-pt\\\/dicas-paris\\\/descubra-o-bairro-bastille\\\/sala-de-concertos-na-bastille\\\/#breadcrumb\",\"itemListElement\":[{\"@type\":\"ListItem\",\"position\":1,\"name\":\"Home\",\"item\":\"https:\\\/\\\/www.bastillehostel.com\\\/pt-pt\\\/\"},{\"@type\":\"ListItem\",\"position\":2,\"name\":\"As dicas de Paris\",\"item\":\"https:\\\/\\\/www.bastillehostel.com\\\/pt-pt\\\/dicas-paris\\\/\"},{\"@type\":\"ListItem\",\"position\":3,\"name\":\"Descubra o bairro de Bastille!\",\"item\":\"https:\\\/\\\/www.bastillehostel.com\\\/pt-pt\\\/dicas-paris\\\/descubra-o-bairro-bastille\\\/\"},{\"@type\":\"ListItem\",\"position\":4,\"name\":\"Sala de concertos na Bastille\"}]},{\"@type\":\"WebSite\",\"@id\":\"https:\\\/\\\/www.bastillehostel.com\\\/fr\\\/#website\",\"url\":\"https:\\\/\\\/www.bastillehostel.com\\\/fr\\\/\",\"name\":\"Bastille Hostel - Pousada da Juventude em Paris\",\"description\":\"Bastille Hostel - Pousada da Juventude em Paris\",\"potentialAction\":[{\"@type\":\"SearchAction\",\"target\":{\"@type\":\"EntryPoint\",\"urlTemplate\":\"https:\\\/\\\/www.bastillehostel.com\\\/fr\\\/?s={search_term_string}\"},\"query-input\":{\"@type\":\"PropertyValueSpecification\",\"valueRequired\":true,\"valueName\":\"search_term_string\"}}],\"inLanguage\":\"pt-PT\"}]}<\/script>\n<!-- \/ Yoast SEO plugin. -->","yoast_head_json":{"title":"Sala de concertos na Bastille - Bastille Hostel - Pousada da Juventude em Paris","robots":{"index":"index","follow":"follow","max-snippet":"max-snippet:-1","max-image-preview":"max-image-preview:large","max-video-preview":"max-video-preview:-1"},"canonical":"https:\/\/www.bastillehostel.com\/pt-pt\/dicas-paris\/descubra-o-bairro-bastille\/sala-de-concertos-na-bastille\/","og_locale":"pt_PT","og_type":"article","og_title":"Sala de concertos na Bastille - Bastille Hostel - Pousada da Juventude em Paris","og_description":"As salas de concerto do bairro servem de plataforma de lan\u00e7amento para futuros grupos de rock. Os shows ao vivo tamb\u00e9m est\u00e3o bem representados, desde organiza\u00e7\u00f5es (a Cartoucherie) at\u00e9 jovens criativos (Th\u00e9\u00e2tre de la Loge). Le Motel 8 Passage Josset &#8211; 75011 Paris &#8211; M\u00e9tro: Ledru-Rollin Voc\u00ea","og_url":"https:\/\/www.bastillehostel.com\/pt-pt\/dicas-paris\/descubra-o-bairro-bastille\/sala-de-concertos-na-bastille\/","og_site_name":"Bastille Hostel - Pousada da Juventude em Paris","article_modified_time":"2023-05-04T13:35:00+00:00","og_image":[{"url":"https:\/\/www.bastillehostel.com\/wp-content\/uploads\/2018\/06\/cartoucherie.jpg","type":"","width":"","height":""}],"twitter_card":"summary_large_image","twitter_misc":{"Tempo estimado de leitura":"4 minutos"},"schema":{"@context":"https:\/\/schema.org","@graph":[{"@type":"WebPage","@id":"https:\/\/www.bastillehostel.com\/pt-pt\/dicas-paris\/descubra-o-bairro-bastille\/sala-de-concertos-na-bastille\/","url":"https:\/\/www.bastillehostel.com\/pt-pt\/dicas-paris\/descubra-o-bairro-bastille\/sala-de-concertos-na-bastille\/","name":"Sala de concertos na Bastille - Bastille Hostel - Pousada da Juventude em Paris","isPartOf":{"@id":"https:\/\/www.bastillehostel.com\/fr\/#website"},"primaryImageOfPage":{"@id":"https:\/\/www.bastillehostel.com\/pt-pt\/dicas-paris\/descubra-o-bairro-bastille\/sala-de-concertos-na-bastille\/#primaryimage"},"image":{"@id":"https:\/\/www.bastillehostel.com\/pt-pt\/dicas-paris\/descubra-o-bairro-bastille\/sala-de-concertos-na-bastille\/#primaryimage"},"thumbnailUrl":"https:\/\/www.bastillehostel.com\/wp-content\/uploads\/2018\/06\/cartoucherie.jpg","datePublished":"2023-05-04T12:48:53+00:00","dateModified":"2023-05-04T13:35:00+00:00","breadcrumb":{"@id":"https:\/\/www.bastillehostel.com\/pt-pt\/dicas-paris\/descubra-o-bairro-bastille\/sala-de-concertos-na-bastille\/#breadcrumb"},"inLanguage":"pt-PT","potentialAction":[{"@type":"ReadAction","target":["https:\/\/www.bastillehostel.com\/pt-pt\/dicas-paris\/descubra-o-bairro-bastille\/sala-de-concertos-na-bastille\/"]}]},{"@type":"ImageObject","inLanguage":"pt-PT","@id":"https:\/\/www.bastillehostel.com\/pt-pt\/dicas-paris\/descubra-o-bairro-bastille\/sala-de-concertos-na-bastille\/#primaryimage","url":"https:\/\/www.bastillehostel.com\/wp-content\/uploads\/2018\/06\/cartoucherie.jpg","contentUrl":"https:\/\/www.bastillehostel.com\/wp-content\/uploads\/2018\/06\/cartoucherie.jpg"},{"@type":"BreadcrumbList","@id":"https:\/\/www.bastillehostel.com\/pt-pt\/dicas-paris\/descubra-o-bairro-bastille\/sala-de-concertos-na-bastille\/#breadcrumb","itemListElement":[{"@type":"ListItem","position":1,"name":"Home","item":"https:\/\/www.bastillehostel.com\/pt-pt\/"},{"@type":"ListItem","position":2,"name":"As dicas de Paris","item":"https:\/\/www.bastillehostel.com\/pt-pt\/dicas-paris\/"},{"@type":"ListItem","position":3,"name":"Descubra o bairro de Bastille!","item":"https:\/\/www.bastillehostel.com\/pt-pt\/dicas-paris\/descubra-o-bairro-bastille\/"},{"@type":"ListItem","position":4,"name":"Sala de concertos na Bastille"}]},{"@type":"WebSite","@id":"https:\/\/www.bastillehostel.com\/fr\/#website","url":"https:\/\/www.bastillehostel.com\/fr\/","name":"Bastille Hostel - Pousada da Juventude em Paris","description":"Bastille Hostel - Pousada da Juventude em Paris","potentialAction":[{"@type":"SearchAction","target":{"@type":"EntryPoint","urlTemplate":"https:\/\/www.bastillehostel.com\/fr\/?s={search_term_string}"},"query-input":{"@type":"PropertyValueSpecification","valueRequired":true,"valueName":"search_term_string"}}],"inLanguage":"pt-PT"}]}},"_links":{"self":[{"href":"https:\/\/www.bastillehostel.com\/pt-pt\/wp-json\/wp\/v2\/pages\/5772","targetHints":{"allow":["GET"]}}],"collection":[{"href":"https:\/\/www.bastillehostel.com\/pt-pt\/wp-json\/wp\/v2\/pages"}],"about":[{"href":"https:\/\/www.bastillehostel.com\/pt-pt\/wp-json\/wp\/v2\/types\/page"}],"author":[{"embeddable":true,"href":"https:\/\/www.bastillehostel.com\/pt-pt\/wp-json\/wp\/v2\/users\/6"}],"replies":[{"embeddable":true,"href":"https:\/\/www.bastillehostel.com\/pt-pt\/wp-json\/wp\/v2\/comments?post=5772"}],"version-history":[{"count":6,"href":"https:\/\/www.bastillehostel.com\/pt-pt\/wp-json\/wp\/v2\/pages\/5772\/revisions"}],"predecessor-version":[{"id":5804,"href":"https:\/\/www.bastillehostel.com\/pt-pt\/wp-json\/wp\/v2\/pages\/5772\/revisions\/5804"}],"up":[{"embeddable":true,"href":"https:\/\/www.bastillehostel.com\/pt-pt\/wp-json\/wp\/v2\/pages\/4735"}],"wp:attachment":[{"href":"https:\/\/www.bastillehostel.com\/pt-pt\/wp-json\/wp\/v2\/media?parent=5772"}],"curies":[{"name":"wp","href":"https:\/\/api.w.org\/{rel}","templated":true}]}}