{"id":159,"date":"2018-01-23T14:51:47","date_gmt":"2018-01-23T13:51:47","guid":{"rendered":"https:\/\/www.bastillehostel.com\/paris-guide\/"},"modified":"2023-05-04T15:44:17","modified_gmt":"2023-05-04T13:44:17","slug":"dicas-paris","status":"publish","type":"page","link":"https:\/\/www.bastillehostel.com\/pt-pt\/dicas-paris\/","title":{"rendered":"As dicas de Paris"},"content":{"rendered":"\t\t\t<style type=\"text\/css\">\n\t\t\t\t#content-block-background-1592 { background-image: url(); background-position: 50% 0; background-repeat: repeat; background-color: transparent; background-attachment: scroll; background-size: auto; }\n\t\t\t\t#content-block-body-1592 { padding: 40px 0; color: inherit; }\n\t\t\t\t.content-block-body { margin-left: auto; margin-right: auto; position: relative; }\n\t\t\t<\/style>\n\t\t\t\t\t\t\t<style type=\"text\/css\">\n\t\t\t\t\t#wrapper-1 { overflow-x: hidden; }\n\t\t\t\t\t#content-block-background-1592 { margin: 0 -10000px; padding: 0 10000px; }\n\t\t\t\t<\/style>\n\t\t\t\n\t\t\t\t\t\t<script type=\"text\/javascript\">\n\t\t\t\t\/\/ <![CDATA[\n\t\t\t\tjQuery(document).ready(function($){\n\t\t\t\t\t\"use strict\";\n\t\t\t\t\tif( ! $(\"body\").hasClass( \"mobile-detected\" ) ){\n\t\t\t\t\t\t$(\"#content-block-background-\"+1592).each(function(){\n\t\t\t\t\t\t\tvar $bgobj = $(this); \/\/ Assigning the object.\n\t\t\t\t\t\t\tvar xPos = '50%'; \/\/ x bg position value from the user shortcode.\n\t\t\t\t\t\t\t$(window).scroll(function() {\n\t\t\t\t\t\t\t\tvar yPos = -($(window).scrollTop() \/ 3);\n\t\t\t\t\t\t\t\t\/\/ Put together our final background position.\n\t\t\t\t\t\t\t\tvar coords = xPos+' '+yPos+'px';\n\t\t\t\t\t\t\t\t\/\/ Move the background.\n\t\t\t\t\t\t\t\t$bgobj.css({ backgroundPosition: coords });\n\t\t\t\t\t\t\t});\n\t\t\t\t\t\t});\n\t\t\t\t\t}\n\t\t\t\t});\n\t\t\t\t\/\/ ]]>\n\t\t\t<\/script>\n\t\t\t\n\t\t\t<div class=\"clear\"><\/div>\n\t\t\t<div id=\"content-block-background-1592\" class=\"content-block-background \">\n\t\t\t\t<div id=\"content-block-body-1592\" class=\"content-block-body\">\n\t\t\t\t\t<div class=\"clear\"><\/div>\n\t\t\t\t\t\n<p>Bares, Restaurantes, Pubs, Esplanadas ou bons locais para uma caminhada em Paris, seleccion\u00e1mos alguns bons s\u00edtios para si. Aproveite-os!<\/p>\n\t\t\t\t\t<div class=\"clear\"><\/div>\n\t\t\t\t<\/div>\n\t\t\t<\/div>\n\t\t\t<div class=\"clear\"><\/div>\n\t\t\t\n\t\t\t<style type=\"text\/css\">\n\t\t\t\t#content-block-background-1652 { background-image: url(); background-position: 50% 0; background-repeat: repeat; background-color: transparent; background-attachment: scroll; background-size: auto; }\n\t\t\t\t#content-block-body-1652 { padding: 40px 0; color: inherit; }\n\t\t\t\t.content-block-body { margin-left: auto; margin-right: auto; position: relative; }\n\t\t\t<\/style>\n\t\t\t\t\t\t\t<style type=\"text\/css\">\n\t\t\t\t\t#wrapper-1 { overflow-x: hidden; }\n\t\t\t\t\t#content-block-background-1652 { margin: 0 -10000px; padding: 0 10000px; }\n\t\t\t\t<\/style>\n\t\t\t\n\t\t\t\t\t\t<script type=\"text\/javascript\">\n\t\t\t\t\/\/ <![CDATA[\n\t\t\t\tjQuery(document).ready(function($){\n\t\t\t\t\t\"use strict\";\n\t\t\t\t\tif( ! $(\"body\").hasClass( \"mobile-detected\" ) ){\n\t\t\t\t\t\t$(\"#content-block-background-\"+1652).each(function(){\n\t\t\t\t\t\t\tvar $bgobj = $(this); \/\/ Assigning the object.\n\t\t\t\t\t\t\tvar xPos = '50%'; \/\/ x bg position value from the user shortcode.\n\t\t\t\t\t\t\t$(window).scroll(function() {\n\t\t\t\t\t\t\t\tvar yPos = -($(window).scrollTop() \/ 3);\n\t\t\t\t\t\t\t\t\/\/ Put together our final background position.\n\t\t\t\t\t\t\t\tvar coords = xPos+' '+yPos+'px';\n\t\t\t\t\t\t\t\t\/\/ Move the background.\n\t\t\t\t\t\t\t\t$bgobj.css({ backgroundPosition: coords });\n\t\t\t\t\t\t\t});\n\t\t\t\t\t\t});\n\t\t\t\t\t}\n\t\t\t\t});\n\t\t\t\t\/\/ ]]>\n\t\t\t<\/script>\n\t\t\t\n\t\t\t<div class=\"clear\"><\/div>\n\t\t\t<div id=\"content-block-background-1652\" class=\"content-block-background \">\n\t\t\t\t<div id=\"content-block-body-1652\" class=\"content-block-body\">\n\t\t\t\t\t<div class=\"clear\"><\/div>\n\t\t\t\t\t\n<div class=\"one_third\">\n<img decoding=\"async\" src=\"https:\/\/www.bastillehostel.com\/wp-content\/uploads\/2018\/06\/bastille-paris-400x225.jpg\" alt=\"Bastille \u00e0 Paris\" width=\"400\" height=\"225\" class=\"aligncenter size-full wp-image-4435\" srcset=\"https:\/\/www.bastillehostel.com\/wp-content\/uploads\/2018\/06\/bastille-paris-400x225.jpg 400w, https:\/\/www.bastillehostel.com\/wp-content\/uploads\/2018\/06\/bastille-paris-400x225-300x169.jpg 300w\" sizes=\"(max-width: 400px) 100vw, 400px\" \/><\/p>\n<p class=\"title\">Bastille<\/p>\n<p>Sem d\u00favida, um dos locais emblem\u00e1ticos da noite estudantil!<\/p>\n<div style=\"text-align: center;\"><a href=\"https:\/\/www.bastillehostel.com\/pt-pt\/dicas-paris\/descubra-o-bairro-bastille\/\" class=\"btn orange survol\"><i class=\"fa fa-map-marker\" aria-hidden=\"true\"><\/i>&nbsp;Confira nossa sele\u00e7\u00e3o<BR> na \u00e1rea da Bastilha<\/a><\/div>\n<\/div>\n<div class=\"one_third\">\n<img decoding=\"async\" src=\"https:\/\/www.bastillehostel.com\/wp-content\/uploads\/2018\/06\/Cath\u00e9drale-Notre-Dame-paris-400x225.jpg\" alt=\"Cath\u00e9drale-Notre-Dame-paris\" width=\"400\" height=\"225\" class=\"aligncenter size-full wp-image-4432\" srcset=\"https:\/\/www.bastillehostel.com\/wp-content\/uploads\/2018\/06\/Cath\u00e9drale-Notre-Dame-paris-400x225.jpg 400w, https:\/\/www.bastillehostel.com\/wp-content\/uploads\/2018\/06\/Cath\u00e9drale-Notre-Dame-paris-400x225-300x169.jpg 300w\" sizes=\"(max-width: 400px) 100vw, 400px\" \/><\/p>\n<p class=\"title\">Le Marais<\/p>\n<p>A comunidade gay fez daqui o seu quartel-general!<\/p>\n<div style=\"text-align: center;\"><a href=\"https:\/\/www.bastillehostel.com\/pt-pt\/dicas-paris\/descubra-a-zona-marais\/\" class=\"btn orange survol\"><i class=\"fa fa-map-marker\" aria-hidden=\"true\"><\/i>&nbsp;Confira nossa sele\u00e7\u00e3o<BR> da Marais <\/a><\/div>\n<\/div>\n<div class=\"one_third last_column\">\n<img decoding=\"async\" src=\"https:\/\/www.bastillehostel.com\/wp-content\/uploads\/2018\/06\/pantheon-paris-400x225.jpg\" alt=\"Quatier Latin\" width=\"400\" height=\"225\" class=\"aligncenter size-full wp-image-4433\" srcset=\"https:\/\/www.bastillehostel.com\/wp-content\/uploads\/2018\/06\/pantheon-paris-400x225.jpg 400w, https:\/\/www.bastillehostel.com\/wp-content\/uploads\/2018\/06\/pantheon-paris-400x225-300x169.jpg 300w\" sizes=\"(max-width: 400px) 100vw, 400px\" \/><\/p>\n<p class=\"title\">Quatier Latin<\/p>\n<p>Bem-vindo ao centro hist\u00f3rico da vida universit\u00e1ria!<\/p>\n<div style=\"text-align: center;\"><a href=\"https:\/\/www.bastillehostel.com\/paris-guide\/discover-latin-quarter\/\" class=\"btn orange survol\"><i class=\"fa fa-map-marker\" aria-hidden=\"true\"><\/i>&nbsp;Confira nossa sele\u00e7\u00e3o<BR> da Latin<\/a><\/div>\n<\/div>\n\t\t\t\t\t<div class=\"clear\"><\/div>\n\t\t\t\t<\/div>\n\t\t\t<\/div>\n\t\t\t<div class=\"clear\"><\/div>\n\t\t\t\n","protected":false},"excerpt":{"rendered":"","protected":false},"author":1,"featured_media":0,"parent":0,"menu_order":0,"comment_status":"closed","ping_status":"closed","template":"page-FullWidth.php","meta":{"footnotes":""},"class_list":["post-159","page","type-page","status-publish","hentry"],"yoast_head":"<!-- This site is optimized with the Yoast SEO plugin v27.4 - https:\/\/yoast.com\/product\/yoast-seo-wordpress\/ -->\n<title>As dicas de Paris - Bastille Hostel - Pousada da Juventude em Paris<\/title>\n<meta name=\"robots\" content=\"index, follow, max-snippet:-1, max-image-preview:large, max-video-preview:-1\" \/>\n<link rel=\"canonical\" href=\"https:\/\/www.bastillehostel.com\/pt-pt\/dicas-paris\/\" \/>\n<meta property=\"og:locale\" content=\"pt_PT\" \/>\n<meta property=\"og:type\" content=\"article\" \/>\n<meta property=\"og:title\" content=\"As dicas de Paris - Bastille Hostel - Pousada da Juventude em Paris\" \/>\n<meta property=\"og:url\" content=\"https:\/\/www.bastillehostel.com\/pt-pt\/dicas-paris\/\" \/>\n<meta property=\"og:site_name\" content=\"Bastille Hostel - Pousada da Juventude em Paris\" \/>\n<meta property=\"article:modified_time\" content=\"2023-05-04T13:44:17+00:00\" \/>\n<meta property=\"og:image\" content=\"https:\/\/www.bastillehostel.com\/wp-content\/uploads\/2018\/06\/bastille-paris-400x225.jpg\" \/>\n<meta name=\"twitter:card\" content=\"summary_large_image\" \/>\n<meta name=\"twitter:label1\" content=\"Tempo estimado de leitura\" \/>\n\t<meta name=\"twitter:data1\" content=\"1 minuto\" \/>\n<script type=\"application\/ld+json\" class=\"yoast-schema-graph\">{\"@context\":\"https:\\\/\\\/schema.org\",\"@graph\":[{\"@type\":\"WebPage\",\"@id\":\"https:\\\/\\\/www.bastillehostel.com\\\/pt-pt\\\/dicas-paris\\\/\",\"url\":\"https:\\\/\\\/www.bastillehostel.com\\\/pt-pt\\\/dicas-paris\\\/\",\"name\":\"As dicas de Paris - Bastille Hostel - Pousada da Juventude em Paris\",\"isPartOf\":{\"@id\":\"https:\\\/\\\/www.bastillehostel.com\\\/fr\\\/#website\"},\"primaryImageOfPage\":{\"@id\":\"https:\\\/\\\/www.bastillehostel.com\\\/pt-pt\\\/dicas-paris\\\/#primaryimage\"},\"image\":{\"@id\":\"https:\\\/\\\/www.bastillehostel.com\\\/pt-pt\\\/dicas-paris\\\/#primaryimage\"},\"thumbnailUrl\":\"https:\\\/\\\/www.bastillehostel.com\\\/wp-content\\\/uploads\\\/2018\\\/06\\\/bastille-paris-400x225.jpg\",\"datePublished\":\"2018-01-23T13:51:47+00:00\",\"dateModified\":\"2023-05-04T13:44:17+00:00\",\"breadcrumb\":{\"@id\":\"https:\\\/\\\/www.bastillehostel.com\\\/pt-pt\\\/dicas-paris\\\/#breadcrumb\"},\"inLanguage\":\"pt-PT\",\"potentialAction\":[{\"@type\":\"ReadAction\",\"target\":[\"https:\\\/\\\/www.bastillehostel.com\\\/pt-pt\\\/dicas-paris\\\/\"]}]},{\"@type\":\"ImageObject\",\"inLanguage\":\"pt-PT\",\"@id\":\"https:\\\/\\\/www.bastillehostel.com\\\/pt-pt\\\/dicas-paris\\\/#primaryimage\",\"url\":\"https:\\\/\\\/www.bastillehostel.com\\\/wp-content\\\/uploads\\\/2018\\\/06\\\/bastille-paris-400x225.jpg\",\"contentUrl\":\"https:\\\/\\\/www.bastillehostel.com\\\/wp-content\\\/uploads\\\/2018\\\/06\\\/bastille-paris-400x225.jpg\"},{\"@type\":\"BreadcrumbList\",\"@id\":\"https:\\\/\\\/www.bastillehostel.com\\\/pt-pt\\\/dicas-paris\\\/#breadcrumb\",\"itemListElement\":[{\"@type\":\"ListItem\",\"position\":1,\"name\":\"Home\",\"item\":\"https:\\\/\\\/www.bastillehostel.com\\\/pt-pt\\\/\"},{\"@type\":\"ListItem\",\"position\":2,\"name\":\"As dicas de Paris\"}]},{\"@type\":\"WebSite\",\"@id\":\"https:\\\/\\\/www.bastillehostel.com\\\/fr\\\/#website\",\"url\":\"https:\\\/\\\/www.bastillehostel.com\\\/fr\\\/\",\"name\":\"Bastille Hostel - Pousada da Juventude em Paris\",\"description\":\"Bastille Hostel - Pousada da Juventude em Paris\",\"potentialAction\":[{\"@type\":\"SearchAction\",\"target\":{\"@type\":\"EntryPoint\",\"urlTemplate\":\"https:\\\/\\\/www.bastillehostel.com\\\/fr\\\/?s={search_term_string}\"},\"query-input\":{\"@type\":\"PropertyValueSpecification\",\"valueRequired\":true,\"valueName\":\"search_term_string\"}}],\"inLanguage\":\"pt-PT\"}]}<\/script>\n<!-- \/ Yoast SEO plugin. -->","yoast_head_json":{"title":"As dicas de Paris - Bastille Hostel - Pousada da Juventude em Paris","robots":{"index":"index","follow":"follow","max-snippet":"max-snippet:-1","max-image-preview":"max-image-preview:large","max-video-preview":"max-video-preview:-1"},"canonical":"https:\/\/www.bastillehostel.com\/pt-pt\/dicas-paris\/","og_locale":"pt_PT","og_type":"article","og_title":"As dicas de Paris - Bastille Hostel - Pousada da Juventude em Paris","og_url":"https:\/\/www.bastillehostel.com\/pt-pt\/dicas-paris\/","og_site_name":"Bastille Hostel - Pousada da Juventude em Paris","article_modified_time":"2023-05-04T13:44:17+00:00","og_image":[{"url":"https:\/\/www.bastillehostel.com\/wp-content\/uploads\/2018\/06\/bastille-paris-400x225.jpg","type":"","width":"","height":""}],"twitter_card":"summary_large_image","twitter_misc":{"Tempo estimado de leitura":"1 minuto"},"schema":{"@context":"https:\/\/schema.org","@graph":[{"@type":"WebPage","@id":"https:\/\/www.bastillehostel.com\/pt-pt\/dicas-paris\/","url":"https:\/\/www.bastillehostel.com\/pt-pt\/dicas-paris\/","name":"As dicas de Paris - Bastille Hostel - Pousada da Juventude em Paris","isPartOf":{"@id":"https:\/\/www.bastillehostel.com\/fr\/#website"},"primaryImageOfPage":{"@id":"https:\/\/www.bastillehostel.com\/pt-pt\/dicas-paris\/#primaryimage"},"image":{"@id":"https:\/\/www.bastillehostel.com\/pt-pt\/dicas-paris\/#primaryimage"},"thumbnailUrl":"https:\/\/www.bastillehostel.com\/wp-content\/uploads\/2018\/06\/bastille-paris-400x225.jpg","datePublished":"2018-01-23T13:51:47+00:00","dateModified":"2023-05-04T13:44:17+00:00","breadcrumb":{"@id":"https:\/\/www.bastillehostel.com\/pt-pt\/dicas-paris\/#breadcrumb"},"inLanguage":"pt-PT","potentialAction":[{"@type":"ReadAction","target":["https:\/\/www.bastillehostel.com\/pt-pt\/dicas-paris\/"]}]},{"@type":"ImageObject","inLanguage":"pt-PT","@id":"https:\/\/www.bastillehostel.com\/pt-pt\/dicas-paris\/#primaryimage","url":"https:\/\/www.bastillehostel.com\/wp-content\/uploads\/2018\/06\/bastille-paris-400x225.jpg","contentUrl":"https:\/\/www.bastillehostel.com\/wp-content\/uploads\/2018\/06\/bastille-paris-400x225.jpg"},{"@type":"BreadcrumbList","@id":"https:\/\/www.bastillehostel.com\/pt-pt\/dicas-paris\/#breadcrumb","itemListElement":[{"@type":"ListItem","position":1,"name":"Home","item":"https:\/\/www.bastillehostel.com\/pt-pt\/"},{"@type":"ListItem","position":2,"name":"As dicas de Paris"}]},{"@type":"WebSite","@id":"https:\/\/www.bastillehostel.com\/fr\/#website","url":"https:\/\/www.bastillehostel.com\/fr\/","name":"Bastille Hostel - Pousada da Juventude em Paris","description":"Bastille Hostel - Pousada da Juventude em Paris","potentialAction":[{"@type":"SearchAction","target":{"@type":"EntryPoint","urlTemplate":"https:\/\/www.bastillehostel.com\/fr\/?s={search_term_string}"},"query-input":{"@type":"PropertyValueSpecification","valueRequired":true,"valueName":"search_term_string"}}],"inLanguage":"pt-PT"}]}},"_links":{"self":[{"href":"https:\/\/www.bastillehostel.com\/pt-pt\/wp-json\/wp\/v2\/pages\/159","targetHints":{"allow":["GET"]}}],"collection":[{"href":"https:\/\/www.bastillehostel.com\/pt-pt\/wp-json\/wp\/v2\/pages"}],"about":[{"href":"https:\/\/www.bastillehostel.com\/pt-pt\/wp-json\/wp\/v2\/types\/page"}],"author":[{"embeddable":true,"href":"https:\/\/www.bastillehostel.com\/pt-pt\/wp-json\/wp\/v2\/users\/1"}],"replies":[{"embeddable":true,"href":"https:\/\/www.bastillehostel.com\/pt-pt\/wp-json\/wp\/v2\/comments?post=159"}],"version-history":[{"count":6,"href":"https:\/\/www.bastillehostel.com\/pt-pt\/wp-json\/wp\/v2\/pages\/159\/revisions"}],"predecessor-version":[{"id":5813,"href":"https:\/\/www.bastillehostel.com\/pt-pt\/wp-json\/wp\/v2\/pages\/159\/revisions\/5813"}],"wp:attachment":[{"href":"https:\/\/www.bastillehostel.com\/pt-pt\/wp-json\/wp\/v2\/media?parent=159"}],"curies":[{"name":"wp","href":"https:\/\/api.w.org\/{rel}","templated":true}]}}