{"id":141,"date":"2018-01-23T11:07:13","date_gmt":"2018-01-23T10:07:13","guid":{"rendered":"https:\/\/www.bastillehostel.com\/acces\/"},"modified":"2018-06-11T11:31:50","modified_gmt":"2018-06-11T09:31:50","slug":"acesso-localizacao-bairro-bastille","status":"publish","type":"page","link":"https:\/\/www.bastillehostel.com\/pt-pt\/acesso-localizacao-bairro-bastille\/","title":{"rendered":"Acesso &#038; localiza\u00e7\u00e3o: Bairro de Bastille"},"content":{"rendered":"\t\t\t<style type=\"text\/css\">\n\t\t\t\t#content-block-background-1880 { background-image: url(); background-position: 50% 0; background-repeat: repeat; background-color: transparent; background-attachment: scroll; background-size: auto; }\n\t\t\t\t#content-block-body-1880 { padding: 40px 0; color: inherit; }\n\t\t\t\t.content-block-body { margin-left: auto; margin-right: auto; position: relative; }\n\t\t\t<\/style>\n\t\t\t\t\t\t\t<style type=\"text\/css\">\n\t\t\t\t\t#wrapper-1 { overflow-x: hidden; }\n\t\t\t\t\t#content-block-background-1880 { margin: 0 -10000px; padding: 0 10000px; }\n\t\t\t\t<\/style>\n\t\t\t\n\t\t\t\t\t\t<script type=\"text\/javascript\">\n\t\t\t\t\/\/ <![CDATA[\n\t\t\t\tjQuery(document).ready(function($){\n\t\t\t\t\t\"use strict\";\n\t\t\t\t\tif( ! $(\"body\").hasClass( \"mobile-detected\" ) ){\n\t\t\t\t\t\t$(\"#content-block-background-\"+1880).each(function(){\n\t\t\t\t\t\t\tvar $bgobj = $(this); \/\/ Assigning the object.\n\t\t\t\t\t\t\tvar xPos = '50%'; \/\/ x bg position value from the user shortcode.\n\t\t\t\t\t\t\t$(window).scroll(function() {\n\t\t\t\t\t\t\t\tvar yPos = -($(window).scrollTop() \/ 3);\n\t\t\t\t\t\t\t\t\/\/ Put together our final background position.\n\t\t\t\t\t\t\t\tvar coords = xPos+' '+yPos+'px';\n\t\t\t\t\t\t\t\t\/\/ Move the background.\n\t\t\t\t\t\t\t\t$bgobj.css({ backgroundPosition: coords });\n\t\t\t\t\t\t\t});\n\t\t\t\t\t\t});\n\t\t\t\t\t}\n\t\t\t\t});\n\t\t\t\t\/\/ ]]>\n\t\t\t<\/script>\n\t\t\t\n\t\t\t<div class=\"clear\"><\/div>\n\t\t\t<div id=\"content-block-background-1880\" class=\"content-block-background \">\n\t\t\t\t<div id=\"content-block-body-1880\" class=\"content-block-body\">\n\t\t\t\t\t<div class=\"clear\"><\/div>\n\t\t\t\t\t\n<p>Bastille Hostel is located in the heart of paris, near place de la Bastille, in a safe and lively district full of bars and restaurants.<\/p>\n<p><strong>A esta\u00e7\u00e3o mais pr\u00f3xima da Bastille Hostel \u00e9 Ledru-Rollin (linha 8)<\/strong>, a 200 metres da pousada de juventude. Pode tamb\u00e9m vir da <strong>esta\u00e7\u00e3o Bastille<\/strong> (linhas 1-5-8).<\/p>\n<p>Para um itiner\u00e1rio personalizado em transportes p\u00fablicos, convidamo-lo a consultar o <a href=\"http:\/\/www.ratp.fr\/\" target=\"_blank\">site de internet da RATP<\/a>.<\/p>\n\t\t\t\t\t<div class=\"clear\"><\/div>\n\t\t\t\t<\/div>\n\t\t\t<\/div>\n\t\t\t<div class=\"clear\"><\/div>\n\t\t\t\n<div class=\"clear\"><\/div>\n\t\t\t<style type=\"text\/css\">\n\t\t\t\t#content-block-background-1976 { background-image: url(); background-position: 50% 0; background-repeat: repeat; background-color: transparent; background-attachment: scroll; background-size: auto; }\n\t\t\t\t#content-block-body-1976 { padding: 40px 0; color: inherit; }\n\t\t\t\t.content-block-body { margin-left: auto; margin-right: auto; position: relative; }\n\t\t\t<\/style>\n\t\t\t\t\t\t\t<style type=\"text\/css\">\n\t\t\t\t\t#wrapper-1 { overflow-x: hidden; }\n\t\t\t\t\t#content-block-background-1976 { margin: 0 -10000px; padding: 0 10000px; }\n\t\t\t\t<\/style>\n\t\t\t\n\t\t\t\t\t\t<script type=\"text\/javascript\">\n\t\t\t\t\/\/ <![CDATA[\n\t\t\t\tjQuery(document).ready(function($){\n\t\t\t\t\t\"use strict\";\n\t\t\t\t\tif( ! $(\"body\").hasClass( \"mobile-detected\" ) ){\n\t\t\t\t\t\t$(\"#content-block-background-\"+1976).each(function(){\n\t\t\t\t\t\t\tvar $bgobj = $(this); \/\/ Assigning the object.\n\t\t\t\t\t\t\tvar xPos = '50%'; \/\/ x bg position value from the user shortcode.\n\t\t\t\t\t\t\t$(window).scroll(function() {\n\t\t\t\t\t\t\t\tvar yPos = -($(window).scrollTop() \/ 3);\n\t\t\t\t\t\t\t\t\/\/ Put together our final background position.\n\t\t\t\t\t\t\t\tvar coords = xPos+' '+yPos+'px';\n\t\t\t\t\t\t\t\t\/\/ Move the background.\n\t\t\t\t\t\t\t\t$bgobj.css({ backgroundPosition: coords });\n\t\t\t\t\t\t\t});\n\t\t\t\t\t\t});\n\t\t\t\t\t}\n\t\t\t\t});\n\t\t\t\t\/\/ ]]>\n\t\t\t<\/script>\n\t\t\t\n\t\t\t<div class=\"clear\"><\/div>\n\t\t\t<div id=\"content-block-background-1976\" class=\"content-block-background \">\n\t\t\t\t<div id=\"content-block-body-1976\" class=\"content-block-body\">\n\t\t\t\t\t<div class=\"clear\"><\/div>\n\t\t\t\t\t\n<div style=\"margin: 0 -10000px;\">\r\n            \r\n            \r\n            \r\n            <a name='map1'><\/a>\r\n            \r\n            \r\n            \r\n            \r\n            <div class=\"wpgmza_map \"  id=\"wpgmza_map_1\" style=\"display:block; overflow:auto; width:100%; height:400px; float:left;\" data-settings='{\"id\":\"1\",\"map_title\":\"Acc\\u00e8s\",\"map_width\":\"100\",\"map_height\":\"400\",\"map_start_lat\":\"48.855238\",\"map_start_lng\":\"2.349060\",\"map_start_location\":\"48.85523804264698,2.3490595766601263\",\"map_start_zoom\":\"13\",\"default_marker\":\"0\",\"type\":\"1\",\"alignment\":\"1\",\"directions_enabled\":\"0\",\"styling_enabled\":\"0\",\"styling_json\":\"\",\"active\":\"0\",\"kml\":\"\",\"bicycle\":\"0\",\"traffic\":\"0\",\"dbox\":\"1\",\"dbox_width\":\"100\",\"listmarkers\":\"0\",\"listmarkers_advanced\":\"0\",\"filterbycat\":\"0\",\"ugm_enabled\":\"0\",\"ugm_category_enabled\":\"0\",\"fusion\":\"\",\"map_width_type\":\"\\\\%\",\"map_height_type\":\"px\",\"mass_marker_support\":\"1\",\"ugm_access\":\"0\",\"order_markers_by\":\"1\",\"order_markers_choice\":\"2\",\"show_user_location\":\"2\",\"default_to\":\"\",\"other_settings\":{\"wpgmza_store_locator_restrict\":\"\",\"store_locator_bounce\":1,\"store_locator_query_string\":\"Code Postal \\\/ Adresse\",\"store_locator_name_string\":\"Titre \\\/ Description\",\"wpgmza_dbox_width_type\":\"px\",\"map_max_zoom\":\"1\",\"map_min_zoom\":\"21\",\"sl_stroke_color\":\"FF0000\",\"sl_stroke_opacity\":\"0.25\",\"sl_fill_color\":\"FF0000\",\"sl_fill_opacity\":\"0.15\",\"click_open_link\":2,\"transport_layer\":0,\"iw_primary_color\":\"2A3744\",\"iw_accent_color\":\"252F3A\",\"iw_text_color\":\"FFFFFF\",\"wpgmza_iw_type\":\"0\",\"list_markers_by\":\"0\",\"push_in_map\":\"\",\"push_in_map_placement\":\"9\",\"wpgmza_push_in_map_width\":\"\",\"wpgmza_push_in_map_height\":\"\",\"wpgmza_theme_data\":\"\",\"upload_default_ul_marker\":\"\",\"upload_default_sl_marker\":\"\",\"shortcodeAttributes\":{\"id\":\"1\"}}}' data-map-id='1' data-shortcode-attributes='{\"id\":\"1\"}'> <\/div>\r\n            \r\n               \r\n        <\/div>\n\t\t\t\t\t<div class=\"clear\"><\/div>\n\t\t\t\t<\/div>\n\t\t\t<\/div>\n\t\t\t<div class=\"clear\"><\/div>\n\t\t\t\n<div class=\"clear\"><\/div>\n\t\t\t<style type=\"text\/css\">\n\t\t\t\t#content-block-background-1234 { background-image: url(); background-position: 50% 0; background-repeat: repeat; background-color: transparent; background-attachment: scroll; background-size: auto; }\n\t\t\t\t#content-block-body-1234 { padding: 40px 0; color: inherit; }\n\t\t\t\t.content-block-body { margin-left: auto; margin-right: auto; position: relative; }\n\t\t\t<\/style>\n\t\t\t\t\t\t\t<style type=\"text\/css\">\n\t\t\t\t\t#wrapper-1 { overflow-x: hidden; }\n\t\t\t\t\t#content-block-background-1234 { margin: 0 -10000px; padding: 0 10000px; }\n\t\t\t\t<\/style>\n\t\t\t\n\t\t\t\t\t\t<script type=\"text\/javascript\">\n\t\t\t\t\/\/ <![CDATA[\n\t\t\t\tjQuery(document).ready(function($){\n\t\t\t\t\t\"use strict\";\n\t\t\t\t\tif( ! $(\"body\").hasClass( \"mobile-detected\" ) ){\n\t\t\t\t\t\t$(\"#content-block-background-\"+1234).each(function(){\n\t\t\t\t\t\t\tvar $bgobj = $(this); \/\/ Assigning the object.\n\t\t\t\t\t\t\tvar xPos = '50%'; \/\/ x bg position value from the user shortcode.\n\t\t\t\t\t\t\t$(window).scroll(function() {\n\t\t\t\t\t\t\t\tvar yPos = -($(window).scrollTop() \/ 3);\n\t\t\t\t\t\t\t\t\/\/ Put together our final background position.\n\t\t\t\t\t\t\t\tvar coords = xPos+' '+yPos+'px';\n\t\t\t\t\t\t\t\t\/\/ Move the background.\n\t\t\t\t\t\t\t\t$bgobj.css({ backgroundPosition: coords });\n\t\t\t\t\t\t\t});\n\t\t\t\t\t\t});\n\t\t\t\t\t}\n\t\t\t\t});\n\t\t\t\t\/\/ ]]>\n\t\t\t<\/script>\n\t\t\t\n\t\t\t<div class=\"clear\"><\/div>\n\t\t\t<div id=\"content-block-background-1234\" class=\"content-block-background \">\n\t\t\t\t<div id=\"content-block-body-1234\" class=\"content-block-body\">\n\t\t\t\t\t<div class=\"clear\"><\/div>\n\t\t\t\t\t\n<div class=\"clear\"><\/div><div class=\"tabs-wrapper\"><ul class=\"tabs\"><li><a href=\"javascript:void(0)\" class=\"defaulttab\" id=\"tab-1\"><span>A partir dos aeroportos<\/span><\/a><\/li><li><a href=\"javascript:void(0)\" id=\"tab-2\"><span>Vindo do Metro de Bastille<\/span><\/a><\/li><li><a href=\"javascript:void(0)\" id=\"tab-3\"><span>Ledru-Rollin<\/span><\/a><\/li><li><a href=\"javascript:void(0)\" id=\"tab-4\"><span>Na les gares<\/span><\/a><\/li><\/ul><div class=\"tab-content\" id=\"tab-1-content\"><div class=\"tabs-inner-padding\"><p style=\"text-align: left;\">A partir dos dois aeroportos de Paris, a maneira mais simples de chegar \u00e0 pousada de juventude \u00e9 dirigir-se \u00e0 esta\u00e7\u00e3o Chatelet-les-Halles em primeiro lugar, depois apanhar o metro (linha 1) em direc\u00e7\u00e3o a Ch\u00e2teau de Vincennes at\u00e9 Bastille. Em Bastille, apanhe a linha 8 em direc\u00e7\u00e3o a Cr\u00e9teil, para finalmente sair na esta\u00e7\u00e3o Ledru-Rollin.<\/p>\n<p style=\"text-align: left;\">Aconselhamo-lo a apanhar o Orlyval, depois o RER B, se vier do aeroporto de Orly. Tamb\u00e9m existem os autocarros Air France ou o OrlyBus (este \u00faltimo deixa-o na esta\u00e7\u00e3o Denfert Rochereau).<\/p>\n<p style=\"text-align: left;\">Se vier do aeroporto Roissy Charles De Gaulle, precisa de apanhar o RER B at\u00e9 Chatelet-les-Halles, caso contr\u00e1rio tamb\u00e9m poder\u00e1 apanhar o RoissyBus, que o deixar\u00e1 na \u00d3pera.<\/p>\n<p style=\"text-align: left;\"><strong>Orly<\/strong><\/p>\n<table>\n<tbody>\n<tr>\n<td>Tomar<\/td>\n<td>RER B<\/td>\n<td>Charles de Gaulle\/ Mitry<\/td>\n<td>Para<\/td>\n<td>Ch\u00e2telet Les Halles<\/td>\n<\/tr>\n<tr>\n<td>Mudan\u00e7a<\/td>\n<td>M\u00e9tro 1<\/td>\n<td>Chateau de Vincennes<\/td>\n<td>Para<\/td>\n<td>Bastille<\/td>\n<\/tr>\n<tr>\n<td>Mudan\u00e7a<\/td>\n<td>M\u00e9tro 8<\/td>\n<td>Cr\u00e9teil<\/td>\n<td>Para<\/td>\n<td>Ledru \u2013 Rollin<\/td>\n<\/tr>\n<\/tbody>\n<\/table>\n<p style=\"text-align: left;\"><strong>Depuis Charles de Gaulle<\/strong><\/p>\n<table>\n<tbody>\n<tr>\n<td>Tomar<\/td>\n<td>RER B<\/td>\n<td>Robinson \/ Antony \/ St Remy<\/td>\n<td>Para<\/td>\n<td>Ch\u00e2telet Les Halles<\/td>\n<\/tr>\n<tr>\n<td>Mudan\u00e7a<\/td>\n<td>M\u00e9tro 1<\/td>\n<td>Chateau de Vincennes<\/td>\n<tdPara<\/td>\n<td>Bastille<\/td>\n<\/tr>\n<tr>\n<td>Mudan\u00e7a<\/td>\n<td>M\u00e9tro 8<\/td>\n<td>Cr\u00e9teil<\/td>\n<td>Para<\/td>\n<td>Ledru \u2013 Rollin<\/td>\n<\/tr>\n<\/tbody>\n<\/table>\n<p><a class=\"btn orange survol\" href=\"http:\/\/www.parisaeroport.fr\/\">Pagina web Paris Aerorporto <i class=\"fa fa-plus\" aria-hidden=\"true\"><\/i><\/a><\/p><\/div><\/div><div class=\"tab-content\" id=\"tab-2-content\"><div class=\"tabs-inner-padding\"><p>Na esta\u00e7\u00e3o Bastille, apanhe a sa\u00edda da rua de Faubourg Saint-Antoine. Em seguida siga as instru\u00e7\u00f5es seguintes.<\/p>\n<p><img decoding=\"async\" class=\"aligncenter size-full wp-image-3992\" src=\"https:\/\/www.bastillehostel.com\/wp-content\/uploads\/2018\/06\/acces-depuis-metro.jpg\" alt=\"\" width=\"698\" height=\"414\" srcset=\"https:\/\/www.bastillehostel.com\/wp-content\/uploads\/2018\/06\/acces-depuis-metro.jpg 698w, https:\/\/www.bastillehostel.com\/wp-content\/uploads\/2018\/06\/acces-depuis-metro-300x178.jpg 300w\" sizes=\"(max-width: 698px) 100vw, 698px\" \/><br \/><\/div><\/div><div class=\"tab-content\" id=\"tab-3-content\"><div class=\"tabs-inner-padding\"><p><strong>Ao sair na esta\u00e7\u00e3o Ledru-Rollin<\/strong>, estar\u00e1 directamente na rua de Faubourg Saint Antoine. Dever\u00e1 continuar a p\u00e9 nesta rua at\u00e9 ao n\u00famero 126. No n\u00famero 126, vire \u00e0 esquerda: ir\u00e1 encontrar-se na rua Trousseau. A pousada de juventude Bastille Hostel fica no n\u00famero 6 desta mesma rua.<\/p>\n<p><img decoding=\"async\" class=\"aligncenter size-full wp-image-3992\" src=\"https:\/\/www.bastillehostel.com\/wp-content\/uploads\/2018\/06\/acces-depuis-metro.jpg\" alt=\"\" width=\"698\" height=\"414\" srcset=\"https:\/\/www.bastillehostel.com\/wp-content\/uploads\/2018\/06\/acces-depuis-metro.jpg 698w, https:\/\/www.bastillehostel.com\/wp-content\/uploads\/2018\/06\/acces-depuis-metro-300x178.jpg 300w\" sizes=\"(max-width: 698px) 100vw, 698px\" \/><br \/><\/div><\/div><div class=\"tab-content\" id=\"tab-4-content\"><div class=\"tabs-inner-padding\"><p style=\"text-align: left;\"><strong>Na Gare du Nord \/ Gare de l&#8217;Est<\/strong><\/p>\n<table>\n<tbody>\n<tr>\n<td>Tomar<\/td>\n<td>M\u00e9tro 5<\/td>\n<td>Place d\u2019Italie<\/td>\n<td>Para<\/td>\n<td>Bastille<\/td>\n<\/tr>\n<tr>\n<td>Mudan\u00e7a<\/td>\n<td>M\u00e9tro 8<\/td>\n<td>Cr\u00e9teil<\/td>\n<td>Para<\/td>\n<td>Ledru \u2013 Rollin<\/td>\n<\/tr>\n<\/tbody>\n<\/table>\n<p style=\"text-align: left;\"><strong>Depuis Gare de Lyon<\/strong><\/p>\n<table>\n<tbody>\n<tr>\n<td>Tomar<\/td>\n<td>M\u00e9tro 1<\/td>\n<td>La D\u00e9fense<\/td>\n<td>Para<\/td>\n<td>Bastille<\/td>\n<\/tr>\n<tr>\n<td>Mudan\u00e7a<\/td>\n<td>M\u00e9tro 8<\/td>\n<td>Cr\u00e9teil<\/td>\n<td>Para<\/td>\n<td>Ledru \u2013 Rollin<\/td>\n<\/tr>\n<\/tbody>\n<\/table>\n<p>Voc\u00ea tamb\u00e9m pode caminhar da Bastilha. \u00c9 s\u00f3 um 10-15 passeio de mn<br \/><\/div><\/div><\/div><!-- tabs-wrapper end --><div class=\"clear\"><\/div>\n\t\t\t\t\t<div class=\"clear\"><\/div>\n\t\t\t\t<\/div>\n\t\t\t<\/div>\n\t\t\t<div class=\"clear\"><\/div>\n\t\t\t\n","protected":false},"excerpt":{"rendered":"","protected":false},"author":1,"featured_media":0,"parent":0,"menu_order":0,"comment_status":"closed","ping_status":"closed","template":"page-FullWidth.php","meta":{"footnotes":""},"class_list":["post-141","page","type-page","status-publish","hentry"],"yoast_head":"<!-- This site is optimized with the Yoast SEO plugin v27.3 - https:\/\/yoast.com\/product\/yoast-seo-wordpress\/ -->\n<title>Acesso &amp; localiza\u00e7\u00e3o: Bairro de Bastille - Bastille Hostel - Pousada da Juventude em Paris<\/title>\n<meta name=\"robots\" content=\"index, follow, max-snippet:-1, max-image-preview:large, max-video-preview:-1\" \/>\n<link rel=\"canonical\" href=\"https:\/\/www.bastillehostel.com\/pt-pt\/acesso-localizacao-bairro-bastille\/\" \/>\n<meta property=\"og:locale\" content=\"pt_PT\" \/>\n<meta property=\"og:type\" content=\"article\" \/>\n<meta property=\"og:title\" content=\"Acesso &amp; localiza\u00e7\u00e3o: Bairro de Bastille - Bastille Hostel - Pousada da Juventude em Paris\" \/>\n<meta property=\"og:url\" content=\"https:\/\/www.bastillehostel.com\/pt-pt\/acesso-localizacao-bairro-bastille\/\" \/>\n<meta property=\"og:site_name\" content=\"Bastille Hostel - Pousada da Juventude em Paris\" \/>\n<meta property=\"article:modified_time\" content=\"2018-06-11T09:31:50+00:00\" \/>\n<meta property=\"og:image\" content=\"https:\/\/www.bastillehostel.com\/wp-content\/uploads\/2018\/06\/acces-depuis-metro.jpg\" \/>\n<meta name=\"twitter:card\" content=\"summary_large_image\" \/>\n<meta name=\"twitter:label1\" content=\"Tempo estimado de leitura\" \/>\n\t<meta name=\"twitter:data1\" content=\"1 minuto\" \/>\n<script type=\"application\/ld+json\" class=\"yoast-schema-graph\">{\"@context\":\"https:\\\/\\\/schema.org\",\"@graph\":[{\"@type\":\"WebPage\",\"@id\":\"https:\\\/\\\/www.bastillehostel.com\\\/pt-pt\\\/acesso-localizacao-bairro-bastille\\\/\",\"url\":\"https:\\\/\\\/www.bastillehostel.com\\\/pt-pt\\\/acesso-localizacao-bairro-bastille\\\/\",\"name\":\"Acesso & localiza\u00e7\u00e3o: Bairro de Bastille - Bastille Hostel - Pousada da Juventude em Paris\",\"isPartOf\":{\"@id\":\"https:\\\/\\\/www.bastillehostel.com\\\/fr\\\/#website\"},\"primaryImageOfPage\":{\"@id\":\"https:\\\/\\\/www.bastillehostel.com\\\/pt-pt\\\/acesso-localizacao-bairro-bastille\\\/#primaryimage\"},\"image\":{\"@id\":\"https:\\\/\\\/www.bastillehostel.com\\\/pt-pt\\\/acesso-localizacao-bairro-bastille\\\/#primaryimage\"},\"thumbnailUrl\":\"https:\\\/\\\/www.bastillehostel.com\\\/wp-content\\\/uploads\\\/2018\\\/06\\\/acces-depuis-metro.jpg\",\"datePublished\":\"2018-01-23T10:07:13+00:00\",\"dateModified\":\"2018-06-11T09:31:50+00:00\",\"breadcrumb\":{\"@id\":\"https:\\\/\\\/www.bastillehostel.com\\\/pt-pt\\\/acesso-localizacao-bairro-bastille\\\/#breadcrumb\"},\"inLanguage\":\"pt-PT\",\"potentialAction\":[{\"@type\":\"ReadAction\",\"target\":[\"https:\\\/\\\/www.bastillehostel.com\\\/pt-pt\\\/acesso-localizacao-bairro-bastille\\\/\"]}]},{\"@type\":\"ImageObject\",\"inLanguage\":\"pt-PT\",\"@id\":\"https:\\\/\\\/www.bastillehostel.com\\\/pt-pt\\\/acesso-localizacao-bairro-bastille\\\/#primaryimage\",\"url\":\"https:\\\/\\\/www.bastillehostel.com\\\/wp-content\\\/uploads\\\/2018\\\/06\\\/acces-depuis-metro.jpg\",\"contentUrl\":\"https:\\\/\\\/www.bastillehostel.com\\\/wp-content\\\/uploads\\\/2018\\\/06\\\/acces-depuis-metro.jpg\"},{\"@type\":\"BreadcrumbList\",\"@id\":\"https:\\\/\\\/www.bastillehostel.com\\\/pt-pt\\\/acesso-localizacao-bairro-bastille\\\/#breadcrumb\",\"itemListElement\":[{\"@type\":\"ListItem\",\"position\":1,\"name\":\"Home\",\"item\":\"https:\\\/\\\/www.bastillehostel.com\\\/pt-pt\\\/\"},{\"@type\":\"ListItem\",\"position\":2,\"name\":\"Acesso &#038; localiza\u00e7\u00e3o: Bairro de Bastille\"}]},{\"@type\":\"WebSite\",\"@id\":\"https:\\\/\\\/www.bastillehostel.com\\\/fr\\\/#website\",\"url\":\"https:\\\/\\\/www.bastillehostel.com\\\/fr\\\/\",\"name\":\"Bastille Hostel - Pousada da Juventude em Paris\",\"description\":\"Bastille Hostel - Pousada da Juventude em Paris\",\"potentialAction\":[{\"@type\":\"SearchAction\",\"target\":{\"@type\":\"EntryPoint\",\"urlTemplate\":\"https:\\\/\\\/www.bastillehostel.com\\\/fr\\\/?s={search_term_string}\"},\"query-input\":{\"@type\":\"PropertyValueSpecification\",\"valueRequired\":true,\"valueName\":\"search_term_string\"}}],\"inLanguage\":\"pt-PT\"}]}<\/script>\n<!-- \/ Yoast SEO plugin. -->","yoast_head_json":{"title":"Acesso & localiza\u00e7\u00e3o: Bairro de Bastille - Bastille Hostel - Pousada da Juventude em Paris","robots":{"index":"index","follow":"follow","max-snippet":"max-snippet:-1","max-image-preview":"max-image-preview:large","max-video-preview":"max-video-preview:-1"},"canonical":"https:\/\/www.bastillehostel.com\/pt-pt\/acesso-localizacao-bairro-bastille\/","og_locale":"pt_PT","og_type":"article","og_title":"Acesso & localiza\u00e7\u00e3o: Bairro de Bastille - Bastille Hostel - Pousada da Juventude em Paris","og_url":"https:\/\/www.bastillehostel.com\/pt-pt\/acesso-localizacao-bairro-bastille\/","og_site_name":"Bastille Hostel - Pousada da Juventude em Paris","article_modified_time":"2018-06-11T09:31:50+00:00","og_image":[{"url":"https:\/\/www.bastillehostel.com\/wp-content\/uploads\/2018\/06\/acces-depuis-metro.jpg","type":"","width":"","height":""}],"twitter_card":"summary_large_image","twitter_misc":{"Tempo estimado de leitura":"1 minuto"},"schema":{"@context":"https:\/\/schema.org","@graph":[{"@type":"WebPage","@id":"https:\/\/www.bastillehostel.com\/pt-pt\/acesso-localizacao-bairro-bastille\/","url":"https:\/\/www.bastillehostel.com\/pt-pt\/acesso-localizacao-bairro-bastille\/","name":"Acesso & localiza\u00e7\u00e3o: Bairro de Bastille - Bastille Hostel - Pousada da Juventude em Paris","isPartOf":{"@id":"https:\/\/www.bastillehostel.com\/fr\/#website"},"primaryImageOfPage":{"@id":"https:\/\/www.bastillehostel.com\/pt-pt\/acesso-localizacao-bairro-bastille\/#primaryimage"},"image":{"@id":"https:\/\/www.bastillehostel.com\/pt-pt\/acesso-localizacao-bairro-bastille\/#primaryimage"},"thumbnailUrl":"https:\/\/www.bastillehostel.com\/wp-content\/uploads\/2018\/06\/acces-depuis-metro.jpg","datePublished":"2018-01-23T10:07:13+00:00","dateModified":"2018-06-11T09:31:50+00:00","breadcrumb":{"@id":"https:\/\/www.bastillehostel.com\/pt-pt\/acesso-localizacao-bairro-bastille\/#breadcrumb"},"inLanguage":"pt-PT","potentialAction":[{"@type":"ReadAction","target":["https:\/\/www.bastillehostel.com\/pt-pt\/acesso-localizacao-bairro-bastille\/"]}]},{"@type":"ImageObject","inLanguage":"pt-PT","@id":"https:\/\/www.bastillehostel.com\/pt-pt\/acesso-localizacao-bairro-bastille\/#primaryimage","url":"https:\/\/www.bastillehostel.com\/wp-content\/uploads\/2018\/06\/acces-depuis-metro.jpg","contentUrl":"https:\/\/www.bastillehostel.com\/wp-content\/uploads\/2018\/06\/acces-depuis-metro.jpg"},{"@type":"BreadcrumbList","@id":"https:\/\/www.bastillehostel.com\/pt-pt\/acesso-localizacao-bairro-bastille\/#breadcrumb","itemListElement":[{"@type":"ListItem","position":1,"name":"Home","item":"https:\/\/www.bastillehostel.com\/pt-pt\/"},{"@type":"ListItem","position":2,"name":"Acesso &#038; localiza\u00e7\u00e3o: Bairro de Bastille"}]},{"@type":"WebSite","@id":"https:\/\/www.bastillehostel.com\/fr\/#website","url":"https:\/\/www.bastillehostel.com\/fr\/","name":"Bastille Hostel - Pousada da Juventude em Paris","description":"Bastille Hostel - Pousada da Juventude em Paris","potentialAction":[{"@type":"SearchAction","target":{"@type":"EntryPoint","urlTemplate":"https:\/\/www.bastillehostel.com\/fr\/?s={search_term_string}"},"query-input":{"@type":"PropertyValueSpecification","valueRequired":true,"valueName":"search_term_string"}}],"inLanguage":"pt-PT"}]}},"_links":{"self":[{"href":"https:\/\/www.bastillehostel.com\/pt-pt\/wp-json\/wp\/v2\/pages\/141","targetHints":{"allow":["GET"]}}],"collection":[{"href":"https:\/\/www.bastillehostel.com\/pt-pt\/wp-json\/wp\/v2\/pages"}],"about":[{"href":"https:\/\/www.bastillehostel.com\/pt-pt\/wp-json\/wp\/v2\/types\/page"}],"author":[{"embeddable":true,"href":"https:\/\/www.bastillehostel.com\/pt-pt\/wp-json\/wp\/v2\/users\/1"}],"replies":[{"embeddable":true,"href":"https:\/\/www.bastillehostel.com\/pt-pt\/wp-json\/wp\/v2\/comments?post=141"}],"version-history":[{"count":22,"href":"https:\/\/www.bastillehostel.com\/pt-pt\/wp-json\/wp\/v2\/pages\/141\/revisions"}],"predecessor-version":[{"id":4701,"href":"https:\/\/www.bastillehostel.com\/pt-pt\/wp-json\/wp\/v2\/pages\/141\/revisions\/4701"}],"wp:attachment":[{"href":"https:\/\/www.bastillehostel.com\/pt-pt\/wp-json\/wp\/v2\/media?parent=141"}],"curies":[{"name":"wp","href":"https:\/\/api.w.org\/{rel}","templated":true}]}}