{"id":135,"date":"2018-01-16T11:13:48","date_gmt":"2018-01-16T10:13:48","guid":{"rendered":"https:\/\/www.bastillehostel.com\/auberge-de-jeunesse-a-paris-centre\/"},"modified":"2018-07-07T13:00:53","modified_gmt":"2018-07-07T11:00:53","slug":"auberge-de-jeunesse-a-paris-centre","status":"publish","type":"page","link":"https:\/\/www.bastillehostel.com\/pt-pt\/","title":{"rendered":"Pousada da Juventude no centro de Paris"},"content":{"rendered":"\t\t\t<style type=\"text\/css\">\n\t\t\t\t#content-block-background-1634 { background-image: url(); background-position: 50% 0; background-repeat: repeat; background-color: transparent; background-attachment: scroll; background-size: auto; }\n\t\t\t\t#content-block-body-1634 { padding: 40px 0; color: inherit; }\n\t\t\t\t.content-block-body { margin-left: auto; margin-right: auto; position: relative; }\n\t\t\t<\/style>\n\t\t\t\t\t\t\t<style type=\"text\/css\">\n\t\t\t\t\t#wrapper-1 { overflow-x: hidden; }\n\t\t\t\t\t#content-block-background-1634 { margin: 0 -10000px; padding: 0 10000px; }\n\t\t\t\t<\/style>\n\t\t\t\n\t\t\t\t\t\t<script type=\"text\/javascript\">\n\t\t\t\t\/\/ <![CDATA[\n\t\t\t\tjQuery(document).ready(function($){\n\t\t\t\t\t\"use strict\";\n\t\t\t\t\tif( ! $(\"body\").hasClass( \"mobile-detected\" ) ){\n\t\t\t\t\t\t$(\"#content-block-background-\"+1634).each(function(){\n\t\t\t\t\t\t\tvar $bgobj = $(this); \/\/ Assigning the object.\n\t\t\t\t\t\t\tvar xPos = '50%'; \/\/ x bg position value from the user shortcode.\n\t\t\t\t\t\t\t$(window).scroll(function() {\n\t\t\t\t\t\t\t\tvar yPos = -($(window).scrollTop() \/ 3);\n\t\t\t\t\t\t\t\t\/\/ Put together our final background position.\n\t\t\t\t\t\t\t\tvar coords = xPos+' '+yPos+'px';\n\t\t\t\t\t\t\t\t\/\/ Move the background.\n\t\t\t\t\t\t\t\t$bgobj.css({ backgroundPosition: coords });\n\t\t\t\t\t\t\t});\n\t\t\t\t\t\t});\n\t\t\t\t\t}\n\t\t\t\t});\n\t\t\t\t\/\/ ]]>\n\t\t\t<\/script>\n\t\t\t\n\t\t\t<div class=\"clear\"><\/div>\n\t\t\t<div id=\"content-block-background-1634\" class=\"content-block-background bloc1\">\n\t\t\t\t<div id=\"content-block-body-1634\" class=\"content-block-body\">\n\t\t\t\t\t<div class=\"clear\"><\/div>\n\t\t\t\t\t\n<img decoding=\"async\" class=\"home bloc1 img\" src=\"https:\/\/www.bastillehostel.com\/wp-content\/uploads\/2018\/06\/bastille-hostel.png\" alt=\"Auberge de Jeunesse \u00e0 Paris\" width=\"247\" height=\"212\" \/><\/p>\n<h1 style=\"text-align: center;\">BASTILLE HOSTEL<br \/>\nPousada da Juventude no centro de Paris<\/h1>\n<div class=\"home bloc1 description\">Bem-vindo ao site da Bastille Hostel, uma Pousada de Juventude Internacional situada no centro de Paris. No decurso da sua viagem, ir\u00e1 precisar de encontrar um alojamento econ\u00f3mico em Paris. Ficaremos felizes por o acolher na nossa Pousada de Juventude recentemente renovada. Situada no bairro de Bastille, proporcionamos aos jovens viajantes uma estadia numa pousada impec\u00e1vel e moderna, aos pre\u00e7os mais competitivos de Paris.<\/div>\n\t\t\t\t\t<div class=\"clear\"><\/div>\n\t\t\t\t<\/div>\n\t\t\t<\/div>\n\t\t\t<div class=\"clear\"><\/div>\n\t\t\t\n\t\t\t<style type=\"text\/css\">\n\t\t\t\t#content-block-background-1561 { background-image: url(https:\/\/www.bastillehostel.com\/wp-content\/uploads\/2018\/06\/background-cafe-min.jpg); background-position: 50% 0; background-repeat: repeat; background-color: transparent; background-attachment: scroll; background-size: auto; }\n\t\t\t\t#content-block-body-1561 { padding: 40px 0; color: #ffffff; }\n\t\t\t\t.content-block-body { margin-left: auto; margin-right: auto; position: relative; }\n\t\t\t<\/style>\n\t\t\t\t\t\t\t<style type=\"text\/css\">\n\t\t\t\t\t#wrapper-1 { overflow-x: hidden; }\n\t\t\t\t\t#content-block-background-1561 { margin: 0 -10000px; padding: 0 10000px; }\n\t\t\t\t<\/style>\n\t\t\t\n\t\t\t\t\t\t<script type=\"text\/javascript\">\n\t\t\t\t\/\/ <![CDATA[\n\t\t\t\tjQuery(document).ready(function($){\n\t\t\t\t\t\"use strict\";\n\t\t\t\t\tif( ! $(\"body\").hasClass( \"mobile-detected\" ) ){\n\t\t\t\t\t\t$(\"#content-block-background-\"+1561).each(function(){\n\t\t\t\t\t\t\tvar $bgobj = $(this); \/\/ Assigning the object.\n\t\t\t\t\t\t\tvar xPos = '50%'; \/\/ x bg position value from the user shortcode.\n\t\t\t\t\t\t\t$(window).scroll(function() {\n\t\t\t\t\t\t\t\tvar yPos = -($(window).scrollTop() \/ 3);\n\t\t\t\t\t\t\t\t\/\/ Put together our final background position.\n\t\t\t\t\t\t\t\tvar coords = xPos+' '+yPos+'px';\n\t\t\t\t\t\t\t\t\/\/ Move the background.\n\t\t\t\t\t\t\t\t$bgobj.css({ backgroundPosition: coords });\n\t\t\t\t\t\t\t});\n\t\t\t\t\t\t});\n\t\t\t\t\t}\n\t\t\t\t});\n\t\t\t\t\/\/ ]]>\n\t\t\t<\/script>\n\t\t\t\n\t\t\t<div class=\"clear\"><\/div>\n\t\t\t<div id=\"content-block-background-1561\" class=\"content-block-background bloc2\">\n\t\t\t\t<div id=\"content-block-body-1561\" class=\"content-block-body\">\n\t\t\t\t\t<div class=\"clear\"><\/div>\n\t\t\t\t\t\n<div class=\"one_third\">\n<h3 class=\"white\">Reservas online<\/h3>\n<h4 class=\"white\">O Melhor<br \/>\nPre\u00e7o Garantido!<\/h4>\n<p>Reserve online atrav\u00e9s do nosso sistema de reservas online e beneficie dos melhores pre\u00e7os dispon\u00edveis na internet<br \/>\n<a class=\"btn orange survol\" href=\"https:\/\/www.bastillehostel.com\/pt-pt\/reservas-online-o-melhor-preco-garantido\/\">Veja os pre\u00e7os <i class=\"fa fa-plus\" aria-hidden=\"true\"><\/i><\/a><br \/>\n<\/div>\n<div class=\"one_third\">\n<h3 class=\"white\">Acesso &amp; localiza\u00e7\u00e3o<\/h3>\n<h4 class=\"white\">Bairro de Bastille<\/h4>\n<p>Bastille Hostel is located in the heart of paris, near place de la Bastille, in a safe and lively district full of bars<br \/>\n<a class=\"btn orange survol\" href=\"https:\/\/www.bastillehostel.com\/pt-pt\/acesso-localizacao-bairro-bastille\/\">Aprender <i class=\"fa fa-plus\" aria-hidden=\"true\"><\/i><\/a><br \/>\n<\/div>\n<div class=\"one_third last_column\">\n<h3 class=\"white\">Servi\u00e7os<\/h3>\n<h4 class=\"white\">Bastille Hostel<\/h4>\n<p>Localizado na \u00e1rea da Bastilha, oferecemos uma estadia em um albergue limpo e moderno&#8230;<br \/>\n<a class=\"btn orange survol\" href=\"https:\/\/www.bastillehostel.com\/pt-pt\/galeria-fotos\/\">Fotos <i class=\"fa fa-plus\" aria-hidden=\"true\"><\/i><\/a><br \/>\n<\/div>\n\t\t\t\t\t<div class=\"clear\"><\/div>\n\t\t\t\t<\/div>\n\t\t\t<\/div>\n\t\t\t<div class=\"clear\"><\/div>\n\t\t\t\n<div class=\"clear\"><\/div>\n\t\t\t<style type=\"text\/css\">\n\t\t\t\t#content-block-background-1571 { background-image: url(); background-position: 50% 0; background-repeat: repeat; background-color: transparent; background-attachment: scroll; background-size: auto; }\n\t\t\t\t#content-block-body-1571 { padding: 40px 0; color: inherit; }\n\t\t\t\t.content-block-body { margin-left: auto; margin-right: auto; position: relative; }\n\t\t\t<\/style>\n\t\t\t\t\t\t\t<style type=\"text\/css\">\n\t\t\t\t\t#wrapper-1 { overflow-x: hidden; }\n\t\t\t\t\t#content-block-background-1571 { margin: 0 -10000px; padding: 0 10000px; }\n\t\t\t\t<\/style>\n\t\t\t\n\t\t\t\t\t\t<script type=\"text\/javascript\">\n\t\t\t\t\/\/ <![CDATA[\n\t\t\t\tjQuery(document).ready(function($){\n\t\t\t\t\t\"use strict\";\n\t\t\t\t\tif( ! $(\"body\").hasClass( \"mobile-detected\" ) ){\n\t\t\t\t\t\t$(\"#content-block-background-\"+1571).each(function(){\n\t\t\t\t\t\t\tvar $bgobj = $(this); \/\/ Assigning the object.\n\t\t\t\t\t\t\tvar xPos = '50%'; \/\/ x bg position value from the user shortcode.\n\t\t\t\t\t\t\t$(window).scroll(function() {\n\t\t\t\t\t\t\t\tvar yPos = -($(window).scrollTop() \/ 3);\n\t\t\t\t\t\t\t\t\/\/ Put together our final background position.\n\t\t\t\t\t\t\t\tvar coords = xPos+' '+yPos+'px';\n\t\t\t\t\t\t\t\t\/\/ Move the background.\n\t\t\t\t\t\t\t\t$bgobj.css({ backgroundPosition: coords });\n\t\t\t\t\t\t\t});\n\t\t\t\t\t\t});\n\t\t\t\t\t}\n\t\t\t\t});\n\t\t\t\t\/\/ ]]>\n\t\t\t<\/script>\n\t\t\t\n\t\t\t<div class=\"clear\"><\/div>\n\t\t\t<div id=\"content-block-background-1571\" class=\"content-block-background \">\n\t\t\t\t<div id=\"content-block-body-1571\" class=\"content-block-body\">\n\t\t\t\t\t<div class=\"clear\"><\/div>\n\t\t\t\t\t\n<div class=\"one_half\">\n<h3>Au coeur de Paris<\/h3>\n<h4>Quartier Bastille<\/h4>\n<p><img decoding=\"async\" class=\"aligncenter size-full wp-image-4273\" src=\"https:\/\/www.bastillehostel.com\/wp-content\/uploads\/2018\/06\/carte-paris-bastille.jpg\" alt=\"\" width=\"536\" height=\"403\" srcset=\"https:\/\/www.bastillehostel.com\/wp-content\/uploads\/2018\/06\/carte-paris-bastille.jpg 536w, https:\/\/www.bastillehostel.com\/wp-content\/uploads\/2018\/06\/carte-paris-bastille-300x226.jpg 300w\" sizes=\"(max-width: 536px) 100vw, 536px\" \/><br \/>\n<\/div>\n<div class=\"one_half last_column\">\n<div class=\"simple \" style=\"background-color:#f38c13; color:#0000000;\"><div class=\"inner-padding\">\n\n<table class=\"custom-table\"  summary=\"Sample Table\">\n<tbody>\n<tr>\n<td>\n<h3>Bastille Hostel<\/h3>\n<p>&nbsp;<\/p>\n<ul>\n<li><i class=\"fa fa-clock-o\" aria-hidden=\"true\"><\/i>Aberto 24h por dia<\/li>\n<li><i class=\"fa fa-coffee\" aria-hidden=\"true\"><\/i>Pequeno-almo\u00e7o inclu\u00eddo<\/li>\n<li><i class=\"fa fa-arrows-v\" aria-hidden=\"true\"><\/i>Elevador<\/li>\n<li><i class=\"fa fa-leaf\" aria-hidden=\"true\"><\/i>Pousada ecol\u00f3gica<\/li>\n<li><i class=\"fa fa-wifi\" aria-hidden=\"true\"><\/i>Internet gratuita<\/li>\n<\/ul>\n<\/td>\n<td>\n<h3>Os quartos<\/h3>\n<p>&nbsp;<\/p>\n<ul>\n<li><i class=\"fa fa-bed\" aria-hidden=\"true\"><\/i>Quartos para 1 ou 2 pessoas<\/li>\n<li><i class=\"fa fa-lock\" aria-hidden=\"true\"><\/i>Cofres-fortes<\/li>\n<li><i class=\"fa fa-television\" aria-hidden=\"true\"><\/i>TV<\/li>\n<li><i class=\"fa fa-wifi\" aria-hidden=\"true\"><\/i>Wifi gratuita<\/li>\n<\/ul>\n<\/td>\n<\/tr>\n<\/tbody>\n<\/table>\n\n<div style=\"text-align: center;\"><a class=\"btn noir survol\" href=\"https:\/\/www.bastillehostel.com\/pt-pt\/pousada-da-juventude-no-centro-paris\/\">Ver tudo <i class=\"fa fa-plus\" aria-hidden=\"true\"><\/i><\/a><\/div>\n<\/div><\/div>\n<\/div>\t\t\t\t\t<div class=\"clear\"><\/div>\n\t\t\t\t<\/div>\n\t\t\t<\/div>\n\t\t\t<div class=\"clear\"><\/div>\n\t\t\t\n<div class=\"clear\"><\/div>\n\t\t\t<style type=\"text\/css\">\n\t\t\t\t#content-block-background-1602 { background-image: url(); background-position: 50% 0; background-repeat: repeat; background-color: transparent; background-attachment: scroll; background-size: auto; }\n\t\t\t\t#content-block-body-1602 { padding: 40px 0; color: inherit; }\n\t\t\t\t.content-block-body { margin-left: auto; margin-right: auto; position: relative; }\n\t\t\t<\/style>\n\t\t\t\t\t\t\t<style type=\"text\/css\">\n\t\t\t\t\t#wrapper-1 { overflow-x: hidden; }\n\t\t\t\t\t#content-block-background-1602 { margin: 0 -10000px; padding: 0 10000px; }\n\t\t\t\t<\/style>\n\t\t\t\n\t\t\t\t\t\t<script type=\"text\/javascript\">\n\t\t\t\t\/\/ <![CDATA[\n\t\t\t\tjQuery(document).ready(function($){\n\t\t\t\t\t\"use strict\";\n\t\t\t\t\tif( ! $(\"body\").hasClass( \"mobile-detected\" ) ){\n\t\t\t\t\t\t$(\"#content-block-background-\"+1602).each(function(){\n\t\t\t\t\t\t\tvar $bgobj = $(this); \/\/ Assigning the object.\n\t\t\t\t\t\t\tvar xPos = '50%'; \/\/ x bg position value from the user shortcode.\n\t\t\t\t\t\t\t$(window).scroll(function() {\n\t\t\t\t\t\t\t\tvar yPos = -($(window).scrollTop() \/ 3);\n\t\t\t\t\t\t\t\t\/\/ Put together our final background position.\n\t\t\t\t\t\t\t\tvar coords = xPos+' '+yPos+'px';\n\t\t\t\t\t\t\t\t\/\/ Move the background.\n\t\t\t\t\t\t\t\t$bgobj.css({ backgroundPosition: coords });\n\t\t\t\t\t\t\t});\n\t\t\t\t\t\t});\n\t\t\t\t\t}\n\t\t\t\t});\n\t\t\t\t\/\/ ]]>\n\t\t\t<\/script>\n\t\t\t\n\t\t\t<div class=\"clear\"><\/div>\n\t\t\t<div id=\"content-block-background-1602\" class=\"content-block-background \">\n\t\t\t\t<div id=\"content-block-body-1602\" class=\"content-block-body\">\n\t\t\t\t\t<div class=\"clear\"><\/div>\n\t\t\t\t\t\n<div class=\"uk-scope\">\n\n    <div id=\"wk-grid9a1\" class=\"uk-child-width-1-1 uk-child-width-1-3@m uk-child-width-1-6@l uk-child-width-1-6@xl uk-grid-small \"  uk-grid=\"masonry: next\"  uk-scrollspy=\"cls: uk-animation-fade; target: &gt; div &gt; .uk-panel, &gt; div &gt; .uk-card; delay: 200\" uk-lightbox=\"container: .uk-gallery-container; toggle: a[data-js-lightbox]\">\n\n            \n        <div>\n        \n<div class=\"uk-panel\">\n\n    \n        <div class=\"uk-inline-clip uk-transition-toggle \">\n\n            <img decoding=\"async\" src=\"\/wp-content\/plugins\/widgetkit\/cache\/Bastille-Hostel-PARIS-26-490b79a3ec02d21c5305f1a44184bf29.jpg\" alt=\"Bastille Hostel PARIS\" width=\"250\" height=\"250\">\n            \n                        <div class=\"uk-overlay uk-overlay-primary uk-position-cover uk-transition-fade\"><\/div>\n            \n                            <div class=\"uk-position-center uk-light\">\n                    <span class=\"uk-transition-fade\" uk-overlay-icon><\/span>\n                <\/div>\n            \n                                                                        <a class=\"uk-position-cover\" data-js-lightbox href=\"\/wp-content\/uploads\/2018\/06\/Bastille-Hostel-PARIS-26.jpg\" data-type=\"image\" ><\/a>\n                                                \n        <\/div>\n\n    \n    \n        \n        \n    \n    \n<\/div>\n        <\/div>\n\n                    \n        <div>\n        \n<div class=\"uk-panel\">\n\n    \n        <div class=\"uk-inline-clip uk-transition-toggle \">\n\n            <img decoding=\"async\" src=\"\/wp-content\/plugins\/widgetkit\/cache\/Bastille-Hostel-PARIS-3-bf2be69c1bf0066a05be61faa91fcbd8.jpg\" alt=\"Bastille Hostel PARIS - PDJ\" width=\"250\" height=\"250\">\n            \n                        <div class=\"uk-overlay uk-overlay-primary uk-position-cover uk-transition-fade\"><\/div>\n            \n                            <div class=\"uk-position-center uk-light\">\n                    <span class=\"uk-transition-fade\" uk-overlay-icon><\/span>\n                <\/div>\n            \n                                                                        <a class=\"uk-position-cover\" data-js-lightbox href=\"\/wp-content\/uploads\/2018\/06\/Bastille-Hostel-PARIS-3.jpg\" data-type=\"image\" ><\/a>\n                                                \n        <\/div>\n\n    \n    \n        \n        \n    \n    \n<\/div>\n        <\/div>\n\n                    \n        <div>\n        \n<div class=\"uk-panel\">\n\n    \n        <div class=\"uk-inline-clip uk-transition-toggle \">\n\n            <img decoding=\"async\" src=\"\/wp-content\/plugins\/widgetkit\/cache\/Bastille-Hostel-PARIS-10-b1ab9a22736e1de30e885072d5bf5ef4.jpg\" alt=\"Bastille Hostel PARIS - Chambres\" width=\"250\" height=\"250\">\n            \n                        <div class=\"uk-overlay uk-overlay-primary uk-position-cover uk-transition-fade\"><\/div>\n            \n                            <div class=\"uk-position-center uk-light\">\n                    <span class=\"uk-transition-fade\" uk-overlay-icon><\/span>\n                <\/div>\n            \n                                                                        <a class=\"uk-position-cover\" data-js-lightbox href=\"\/wp-content\/uploads\/2018\/06\/Bastille-Hostel-PARIS-10.jpg\" data-type=\"image\" ><\/a>\n                                                \n        <\/div>\n\n    \n    \n        \n        \n    \n    \n<\/div>\n        <\/div>\n\n                    \n        <div>\n        \n<div class=\"uk-panel\">\n\n    \n        <div class=\"uk-inline-clip uk-transition-toggle \">\n\n            <img decoding=\"async\" src=\"\/wp-content\/plugins\/widgetkit\/cache\/Bastille-Hostel-PARIS-20-514499190c84435d48bda3c6c27005e7.jpg\" alt=\"Bastille Hostel PARIS - Chambres\" width=\"250\" height=\"250\">\n            \n                        <div class=\"uk-overlay uk-overlay-primary uk-position-cover uk-transition-fade\"><\/div>\n            \n                            <div class=\"uk-position-center uk-light\">\n                    <span class=\"uk-transition-fade\" uk-overlay-icon><\/span>\n                <\/div>\n            \n                                                                        <a class=\"uk-position-cover\" data-js-lightbox href=\"\/wp-content\/uploads\/2018\/06\/Bastille-Hostel-PARIS-20.jpg\" data-type=\"image\" ><\/a>\n                                                \n        <\/div>\n\n    \n    \n        \n        \n    \n    \n<\/div>\n        <\/div>\n\n                    \n        <div>\n        \n<div class=\"uk-panel\">\n\n    \n        <div class=\"uk-inline-clip uk-transition-toggle \">\n\n            <img decoding=\"async\" src=\"\/wp-content\/plugins\/widgetkit\/cache\/Bastille-Hostel-PARIS-11-e491f16bc442dd37671734503f1a3e41.jpg\" alt=\"Bastille Hostel PARIS - SDB\" width=\"250\" height=\"250\">\n            \n                        <div class=\"uk-overlay uk-overlay-primary uk-position-cover uk-transition-fade\"><\/div>\n            \n                            <div class=\"uk-position-center uk-light\">\n                    <span class=\"uk-transition-fade\" uk-overlay-icon><\/span>\n                <\/div>\n            \n                                                                        <a class=\"uk-position-cover\" data-js-lightbox href=\"\/wp-content\/uploads\/2018\/06\/Bastille-Hostel-PARIS-11.jpg\" data-type=\"image\" ><\/a>\n                                                \n        <\/div>\n\n    \n    \n        \n        \n    \n    \n<\/div>\n        <\/div>\n\n                    \n        <div>\n        \n<div class=\"uk-panel\">\n\n    \n        <div class=\"uk-inline-clip uk-transition-toggle \">\n\n            <img decoding=\"async\" src=\"\/wp-content\/plugins\/widgetkit\/cache\/Bastille-hostel-paris-25-f16ba71d131e4c260a1de20d062281e5.jpg\" alt=\"Bastille Hotel Paris  - Accueil\" width=\"250\" height=\"250\">\n            \n                        <div class=\"uk-overlay uk-overlay-primary uk-position-cover uk-transition-fade\"><\/div>\n            \n                            <div class=\"uk-position-center uk-light\">\n                    <span class=\"uk-transition-fade\" uk-overlay-icon><\/span>\n                <\/div>\n            \n                                                                        <a class=\"uk-position-cover\" data-js-lightbox href=\"\/wp-content\/uploads\/2018\/06\/Bastille-hostel-paris-25.jpg\" data-type=\"image\" ><\/a>\n                                                \n        <\/div>\n\n    \n    \n        \n        \n    \n    \n<\/div>\n        <\/div>\n\n            \n    <\/div>\n\n\n\n<script>\n\n    (function(UIkit){\n\n        var $ = UIkit.util;\n\n        $.ready(function () {\n            if (!$.$('.uk-gallery-container')) {\n                $.append(document.body, '<div class=\"uk-scope uk-gallery-container\">');\n            }\n        });\n\n    })(window.UIkitwk || window.UIkit);\n\n<\/script>\n<\/div>\n\t\t\t\t\t<div class=\"clear\"><\/div>\n\t\t\t\t<\/div>\n\t\t\t<\/div>\n\t\t\t<div class=\"clear\"><\/div>\n\t\t\t\n","protected":false},"excerpt":{"rendered":"","protected":false},"author":1,"featured_media":0,"parent":0,"menu_order":0,"comment_status":"closed","ping_status":"closed","template":"home.php","meta":{"footnotes":""},"class_list":["post-135","page","type-page","status-publish","hentry"],"yoast_head":"<!-- This site is optimized with the Yoast SEO plugin v27.5 - https:\/\/yoast.com\/product\/yoast-seo-wordpress\/ -->\n<title>Pousada da Juventude no centro de Paris - Bastille Hostel - Pousada da Juventude em Paris<\/title>\n<meta name=\"robots\" content=\"index, follow, max-snippet:-1, max-image-preview:large, max-video-preview:-1\" \/>\n<link rel=\"canonical\" href=\"https:\/\/www.bastillehostel.com\/pt-pt\/\" \/>\n<meta property=\"og:locale\" content=\"pt_PT\" \/>\n<meta property=\"og:type\" content=\"article\" \/>\n<meta property=\"og:title\" content=\"Pousada da Juventude no centro de Paris - Bastille Hostel - Pousada da Juventude em Paris\" \/>\n<meta property=\"og:url\" content=\"https:\/\/www.bastillehostel.com\/pt-pt\/\" \/>\n<meta property=\"og:site_name\" content=\"Bastille Hostel - Pousada da Juventude em Paris\" \/>\n<meta property=\"article:modified_time\" content=\"2018-07-07T11:00:53+00:00\" \/>\n<meta property=\"og:image\" content=\"https:\/\/www.bastillehostel.com\/wp-content\/uploads\/2018\/06\/bastille-hostel.png\" \/>\n<meta name=\"twitter:card\" content=\"summary_large_image\" \/>\n<meta name=\"twitter:label1\" content=\"Tempo estimado de leitura\" \/>\n\t<meta name=\"twitter:data1\" content=\"1 minuto\" \/>\n<script type=\"application\/ld+json\" class=\"yoast-schema-graph\">{\"@context\":\"https:\\\/\\\/schema.org\",\"@graph\":[{\"@type\":\"WebPage\",\"@id\":\"https:\\\/\\\/www.bastillehostel.com\\\/pt-pt\\\/\",\"url\":\"https:\\\/\\\/www.bastillehostel.com\\\/pt-pt\\\/\",\"name\":\"Pousada da Juventude no centro de Paris - Bastille Hostel - Pousada da Juventude em Paris\",\"isPartOf\":{\"@id\":\"https:\\\/\\\/www.bastillehostel.com\\\/fr\\\/#website\"},\"primaryImageOfPage\":{\"@id\":\"https:\\\/\\\/www.bastillehostel.com\\\/pt-pt\\\/#primaryimage\"},\"image\":{\"@id\":\"https:\\\/\\\/www.bastillehostel.com\\\/pt-pt\\\/#primaryimage\"},\"thumbnailUrl\":\"https:\\\/\\\/www.bastillehostel.com\\\/wp-content\\\/uploads\\\/2018\\\/06\\\/bastille-hostel.png\",\"datePublished\":\"2018-01-16T10:13:48+00:00\",\"dateModified\":\"2018-07-07T11:00:53+00:00\",\"breadcrumb\":{\"@id\":\"https:\\\/\\\/www.bastillehostel.com\\\/pt-pt\\\/#breadcrumb\"},\"inLanguage\":\"pt-PT\",\"potentialAction\":[{\"@type\":\"ReadAction\",\"target\":[\"https:\\\/\\\/www.bastillehostel.com\\\/pt-pt\\\/\"]}]},{\"@type\":\"ImageObject\",\"inLanguage\":\"pt-PT\",\"@id\":\"https:\\\/\\\/www.bastillehostel.com\\\/pt-pt\\\/#primaryimage\",\"url\":\"https:\\\/\\\/www.bastillehostel.com\\\/wp-content\\\/uploads\\\/2018\\\/06\\\/bastille-hostel.png\",\"contentUrl\":\"https:\\\/\\\/www.bastillehostel.com\\\/wp-content\\\/uploads\\\/2018\\\/06\\\/bastille-hostel.png\"},{\"@type\":\"BreadcrumbList\",\"@id\":\"https:\\\/\\\/www.bastillehostel.com\\\/pt-pt\\\/#breadcrumb\",\"itemListElement\":[{\"@type\":\"ListItem\",\"position\":1,\"name\":\"Home\",\"item\":\"https:\\\/\\\/www.bastillehostel.com\\\/pt-pt\\\/\"},{\"@type\":\"ListItem\",\"position\":2,\"name\":\"Pousada da Juventude no centro de Paris\"}]},{\"@type\":\"WebSite\",\"@id\":\"https:\\\/\\\/www.bastillehostel.com\\\/fr\\\/#website\",\"url\":\"https:\\\/\\\/www.bastillehostel.com\\\/fr\\\/\",\"name\":\"Bastille Hostel - Pousada da Juventude em Paris\",\"description\":\"Bastille Hostel - Pousada da Juventude em Paris\",\"potentialAction\":[{\"@type\":\"SearchAction\",\"target\":{\"@type\":\"EntryPoint\",\"urlTemplate\":\"https:\\\/\\\/www.bastillehostel.com\\\/fr\\\/?s={search_term_string}\"},\"query-input\":{\"@type\":\"PropertyValueSpecification\",\"valueRequired\":true,\"valueName\":\"search_term_string\"}}],\"inLanguage\":\"pt-PT\"}]}<\/script>\n<!-- \/ Yoast SEO plugin. -->","yoast_head_json":{"title":"Pousada da Juventude no centro de Paris - Bastille Hostel - Pousada da Juventude em Paris","robots":{"index":"index","follow":"follow","max-snippet":"max-snippet:-1","max-image-preview":"max-image-preview:large","max-video-preview":"max-video-preview:-1"},"canonical":"https:\/\/www.bastillehostel.com\/pt-pt\/","og_locale":"pt_PT","og_type":"article","og_title":"Pousada da Juventude no centro de Paris - Bastille Hostel - Pousada da Juventude em Paris","og_url":"https:\/\/www.bastillehostel.com\/pt-pt\/","og_site_name":"Bastille Hostel - Pousada da Juventude em Paris","article_modified_time":"2018-07-07T11:00:53+00:00","og_image":[{"url":"https:\/\/www.bastillehostel.com\/wp-content\/uploads\/2018\/06\/bastille-hostel.png","type":"","width":"","height":""}],"twitter_card":"summary_large_image","twitter_misc":{"Tempo estimado de leitura":"1 minuto"},"schema":{"@context":"https:\/\/schema.org","@graph":[{"@type":"WebPage","@id":"https:\/\/www.bastillehostel.com\/pt-pt\/","url":"https:\/\/www.bastillehostel.com\/pt-pt\/","name":"Pousada da Juventude no centro de Paris - Bastille Hostel - Pousada da Juventude em Paris","isPartOf":{"@id":"https:\/\/www.bastillehostel.com\/fr\/#website"},"primaryImageOfPage":{"@id":"https:\/\/www.bastillehostel.com\/pt-pt\/#primaryimage"},"image":{"@id":"https:\/\/www.bastillehostel.com\/pt-pt\/#primaryimage"},"thumbnailUrl":"https:\/\/www.bastillehostel.com\/wp-content\/uploads\/2018\/06\/bastille-hostel.png","datePublished":"2018-01-16T10:13:48+00:00","dateModified":"2018-07-07T11:00:53+00:00","breadcrumb":{"@id":"https:\/\/www.bastillehostel.com\/pt-pt\/#breadcrumb"},"inLanguage":"pt-PT","potentialAction":[{"@type":"ReadAction","target":["https:\/\/www.bastillehostel.com\/pt-pt\/"]}]},{"@type":"ImageObject","inLanguage":"pt-PT","@id":"https:\/\/www.bastillehostel.com\/pt-pt\/#primaryimage","url":"https:\/\/www.bastillehostel.com\/wp-content\/uploads\/2018\/06\/bastille-hostel.png","contentUrl":"https:\/\/www.bastillehostel.com\/wp-content\/uploads\/2018\/06\/bastille-hostel.png"},{"@type":"BreadcrumbList","@id":"https:\/\/www.bastillehostel.com\/pt-pt\/#breadcrumb","itemListElement":[{"@type":"ListItem","position":1,"name":"Home","item":"https:\/\/www.bastillehostel.com\/pt-pt\/"},{"@type":"ListItem","position":2,"name":"Pousada da Juventude no centro de Paris"}]},{"@type":"WebSite","@id":"https:\/\/www.bastillehostel.com\/fr\/#website","url":"https:\/\/www.bastillehostel.com\/fr\/","name":"Bastille Hostel - Pousada da Juventude em Paris","description":"Bastille Hostel - Pousada da Juventude em Paris","potentialAction":[{"@type":"SearchAction","target":{"@type":"EntryPoint","urlTemplate":"https:\/\/www.bastillehostel.com\/fr\/?s={search_term_string}"},"query-input":{"@type":"PropertyValueSpecification","valueRequired":true,"valueName":"search_term_string"}}],"inLanguage":"pt-PT"}]}},"_links":{"self":[{"href":"https:\/\/www.bastillehostel.com\/pt-pt\/wp-json\/wp\/v2\/pages\/135","targetHints":{"allow":["GET"]}}],"collection":[{"href":"https:\/\/www.bastillehostel.com\/pt-pt\/wp-json\/wp\/v2\/pages"}],"about":[{"href":"https:\/\/www.bastillehostel.com\/pt-pt\/wp-json\/wp\/v2\/types\/page"}],"author":[{"embeddable":true,"href":"https:\/\/www.bastillehostel.com\/pt-pt\/wp-json\/wp\/v2\/users\/1"}],"replies":[{"embeddable":true,"href":"https:\/\/www.bastillehostel.com\/pt-pt\/wp-json\/wp\/v2\/comments?post=135"}],"version-history":[{"count":11,"href":"https:\/\/www.bastillehostel.com\/pt-pt\/wp-json\/wp\/v2\/pages\/135\/revisions"}],"predecessor-version":[{"id":4961,"href":"https:\/\/www.bastillehostel.com\/pt-pt\/wp-json\/wp\/v2\/pages\/135\/revisions\/4961"}],"wp:attachment":[{"href":"https:\/\/www.bastillehostel.com\/pt-pt\/wp-json\/wp\/v2\/media?parent=135"}],"curies":[{"name":"wp","href":"https:\/\/api.w.org\/{rel}","templated":true}]}}