{"id":4044,"date":"2018-06-05T14:49:38","date_gmt":"2018-06-05T12:49:38","guid":{"rendered":"https:\/\/www.bastillehostel.com\/?page_id=4044"},"modified":"2018-06-19T14:47:23","modified_gmt":"2018-06-19T12:47:23","slug":"se-bouger-autour-du-quartier-latin","status":"publish","type":"page","link":"https:\/\/www.bastillehostel.com\/fr\/bons-plans-paris\/quartier-latin\/se-bouger-autour-du-quartier-latin\/","title":{"rendered":"Se bouger autour du Quartier latin"},"content":{"rendered":"<p>Certaines institutions du quartier, comme les ar\u00e8nes de Lut\u00e8ce ou les quais de Seine, ouvrent les bras aux sportifs en leur permettant de s&rsquo;entra\u00eener dans un cadre \u00e9poustouflant. Mais si vous pr\u00e9f\u00e9rez un sport en int\u00e9rieur, sachez que la majorit\u00e9 des salles de sport pratiquent des r\u00e9ductions pour les \u00e9tudiants.<\/p>\n\t\t\t<style type=\"text\/css\">\n\t\t\t\t#content-block-background-1416 { background-image: url(); background-position: 50% 0; background-repeat: repeat; background-color: transparent; background-attachment: scroll; background-size: auto; }\n\t\t\t\t#content-block-body-1416 { padding: 40px 0; color: inherit; }\n\t\t\t\t.content-block-body { margin-left: auto; margin-right: auto; position: relative; }\n\t\t\t<\/style>\n\t\t\t\t\t\t\t<style type=\"text\/css\">\n\t\t\t\t\t#wrapper-1 { overflow-x: hidden; }\n\t\t\t\t\t#content-block-background-1416 { margin: 0 -10000px; padding: 0 10000px; }\n\t\t\t\t<\/style>\n\t\t\t\n\t\t\t\t\t\t<script type=\"text\/javascript\">\n\t\t\t\t\/\/ <![CDATA[\n\t\t\t\tjQuery(document).ready(function($){\n\t\t\t\t\t\"use strict\";\n\t\t\t\t\tif( ! $(\"body\").hasClass( \"mobile-detected\" ) ){\n\t\t\t\t\t\t$(\"#content-block-background-\"+1416).each(function(){\n\t\t\t\t\t\t\tvar $bgobj = $(this); \/\/ Assigning the object.\n\t\t\t\t\t\t\tvar xPos = '50%'; \/\/ x bg position value from the user shortcode.\n\t\t\t\t\t\t\t$(window).scroll(function() {\n\t\t\t\t\t\t\t\tvar yPos = -($(window).scrollTop() \/ 3);\n\t\t\t\t\t\t\t\t\/\/ Put together our final background position.\n\t\t\t\t\t\t\t\tvar coords = xPos+' '+yPos+'px';\n\t\t\t\t\t\t\t\t\/\/ Move the background.\n\t\t\t\t\t\t\t\t$bgobj.css({ backgroundPosition: coords });\n\t\t\t\t\t\t\t});\n\t\t\t\t\t\t});\n\t\t\t\t\t}\n\t\t\t\t});\n\t\t\t\t\/\/ ]]>\n\t\t\t<\/script>\n\t\t\t\n\t\t\t<div class=\"clear\"><\/div>\n\t\t\t<div id=\"content-block-background-1416\" class=\"content-block-background \">\n\t\t\t\t<div id=\"content-block-body-1416\" class=\"content-block-body\">\n\t\t\t\t\t<div class=\"clear\"><\/div>\n\t\t\t\t\t\n<div class=\"one_fourth\">\n<img decoding=\"async\" class=\"aligncenter size-full wp-image-779\" alt=\"ArenesDuLutece\" src=\"https:\/\/www.bastillehostel.com\/wp-content\/uploads\/2018\/06\/ArenesDuLutece.jpg\" width=\"150\" height=\"150\" \/><\/p>\n<h4 class=\"title\">Boulodrome des ar\u00e8ne de Lut\u00e8ce<\/h4>\n<p><strong>47 rue Monge-8 rue de Navarre &#8211; 75005 Paris &#8211; M\u00e9tro : Place-Monge<\/strong><\/p>\n<p>Presque chaque arrondissement parisien a son terrain de p\u00e9tanque. Mais vous ne jouirez nulle part ailleurs d&rsquo;un cadre pareil. Aux ar\u00e8nes de Lut\u00e8ce, vestiges d&rsquo;un amphith\u00e9\u00e2tre gallo-romain construit au 1er si\u00e8cle, vous pourrez vous engager dans une partie acharn\u00e9e de p\u00e9tanque, sur le terrain qui accueilli jadis les combats de fauves et de gladiateurs. De quoi alimenter votre esprit de comp\u00e9tition&#8230;<\/p>\n<p>&nbsp;<\/p>\n<\/div>\n<div class=\"one_fourth\">\n<img decoding=\"async\" class=\"aligncenter size-full wp-image-780\" alt=\"gymnase_amyot1\" src=\"https:\/\/www.bastillehostel.com\/wp-content\/uploads\/2018\/06\/gymnase_amyot1.jpg\" width=\"150\" height=\"100\" \/><br \/>\n<a href=\"http:\/\/equipement.paris.fr\/gymnase-amyot-3187\" target=\"_blank\"><\/p>\n<h4 class=\"title\">Gymnase Amyot<\/h4>\n<p><\/a><\/p>\n<p><strong>3 rue Amyot &#8211; 75005 Paris &#8211; M\u00e9tro : Place-Monge<\/strong><\/p>\n<p>Le gymnase Amyot, \u00e0 deux pas de la rue Mouffetard, loue ses salles \u00e0 des associations sportives ou \u00e0 des profs particuliers de dans, de yoga et surtout d&rsquo;art martiaux. Il suffit de se rentre \u00e0 l&rsquo;accueil de la salle de sport pour se renseigner sur la programmation des cours et des disciplines pratiqu\u00e9es : karat\u00e9, a\u00efkido, taekwondo entre autres. Si vous \u00eates plus basket, volley ou badminton pr\u00e9f\u00e9r\u00e9 le voisin Gymnase Lavoisier<\/p>\n<p>&nbsp;<\/p>\n<\/div>\n<div class=\"one_fourth\">\n<img decoding=\"async\" class=\"aligncenter size-thumbnail wp-image-782\" alt=\"piscinePontoise\" src=\"https:\/\/www.bastillehostel.com\/wp-content\/uploads\/2018\/06\/piscinePontoise-150x150.jpg\" width=\"150\" height=\"150\" \/><br \/>\n<a href=\"http:\/\/equipement.paris.fr\/piscine-pontoise-2918\" target=\"_blank\"><\/p>\n<h4 class=\"title\">Piscine Pontoise<\/h4>\n<p><\/a><\/p>\n<p><strong>19 rue Pontoise &#8211; 75005 Paris &#8211; M\u00e9tro : Maubert-Mutualist\u00e9<\/strong><\/p>\n<p>Situ\u00e9 \u00e0 l&rsquo;int\u00e9rieur du complexe sportif Club Quartier latin, la piscine Pontoise n&rsquo;est sans doute pas la piscine la meilleure march\u00e9 de Paris. Reste que sa remarquable architecture Art d\u00e9co, sa situation en plein coeur du quartier universitaire et ses horaires \u00e9largis (elle ferme \u00e0 23h45 en semaine) en font un endroit privil\u00e9gi\u00e9 pour un bain nocturne.<\/p>\n<p>&nbsp;<\/p>\n<\/div>\n<div class=\"one_fourth last_column\">\n<img decoding=\"async\" class=\"aligncenter size-full wp-image-785\" alt=\"petits-bal\" src=\"https:\/\/www.bastillehostel.com\/wp-content\/uploads\/2018\/06\/petits-bal.jpg\" width=\"150\" height=\"150\" \/><\/p>\n<h4 class=\"title\">Petit bals en plein air <\/h4>\n<p><strong>Quai Saint-Bernard &#8211; 75005 Paris &#8211; M\u00e9tro : Jussieu<\/strong><\/p>\n<p>Danser un tango sous les \u00e9toiles au bord de la Seine \u00e9clair\u00e9s par les projecteur des Bateaux-Mouches&#8230; Ce n&rsquo;est pas la sc\u00e8ne d&rsquo;un film romantique, c&rsquo;est vraiment ce qui se passe tous les soirs d&rsquo;\u00e9t\u00e9 sur les quais entre Sully et le pont d&rsquo;Austerlitz. Cette zone dite des \u00ab\u00a0petits amphis\u00a0\u00bb \u00e0 cause de quatre petites alv\u00e9oles entour\u00e9es de gradins (pour regarder ou pour reprendre son souffle) est vou\u00e9e \u00e0 la danse, qu&rsquo;il s&rsquo;agisse de salsa, de rock ou de danses traditionnelles bretonnes. Tout le monde peut s&rsquo;y essayer librement. Pour les d\u00e9butants, cours gratuits de 19h \u00e0 21h. Ambiance magique.<\/p>\n<p>&nbsp;<\/p>\n<\/div>\n\t\t\t\t\t<div class=\"clear\"><\/div>\n\t\t\t\t<\/div>\n\t\t\t<\/div>\n\t\t\t<div class=\"clear\"><\/div>\n\t\t\t\n<div class=\"clear\"><\/div>\n<div class=\"clear\"><\/div>\n\t\t\t<style type=\"text\/css\">\n\t\t\t\t#content-block-background-1493 { background-image: url(); background-position: 50% 0; background-repeat: repeat; background-color: transparent; background-attachment: scroll; background-size: auto; }\n\t\t\t\t#content-block-body-1493 { padding: 40px 0; color: inherit; }\n\t\t\t\t.content-block-body { margin-left: auto; margin-right: auto; position: relative; }\n\t\t\t<\/style>\n\t\t\t\t\t\t\t<style type=\"text\/css\">\n\t\t\t\t\t#wrapper-1 { overflow-x: hidden; }\n\t\t\t\t\t#content-block-background-1493 { margin: 0 -10000px; padding: 0 10000px; }\n\t\t\t\t<\/style>\n\t\t\t\n\t\t\t\t\t\t<script type=\"text\/javascript\">\n\t\t\t\t\/\/ <![CDATA[\n\t\t\t\tjQuery(document).ready(function($){\n\t\t\t\t\t\"use strict\";\n\t\t\t\t\tif( ! $(\"body\").hasClass( \"mobile-detected\" ) ){\n\t\t\t\t\t\t$(\"#content-block-background-\"+1493).each(function(){\n\t\t\t\t\t\t\tvar $bgobj = $(this); \/\/ Assigning the object.\n\t\t\t\t\t\t\tvar xPos = '50%'; \/\/ x bg position value from the user shortcode.\n\t\t\t\t\t\t\t$(window).scroll(function() {\n\t\t\t\t\t\t\t\tvar yPos = -($(window).scrollTop() \/ 3);\n\t\t\t\t\t\t\t\t\/\/ Put together our final background position.\n\t\t\t\t\t\t\t\tvar coords = xPos+' '+yPos+'px';\n\t\t\t\t\t\t\t\t\/\/ Move the background.\n\t\t\t\t\t\t\t\t$bgobj.css({ backgroundPosition: coords });\n\t\t\t\t\t\t\t});\n\t\t\t\t\t\t});\n\t\t\t\t\t}\n\t\t\t\t});\n\t\t\t\t\/\/ ]]>\n\t\t\t<\/script>\n\t\t\t\n\t\t\t<div class=\"clear\"><\/div>\n\t\t\t<div id=\"content-block-background-1493\" class=\"content-block-background \">\n\t\t\t\t<div id=\"content-block-body-1493\" class=\"content-block-body\">\n\t\t\t\t\t<div class=\"clear\"><\/div>\n\t\t\t\t\t\n<div class=\"one_third\">\n<a class=\"btn orange survol\" href=\"https:\/\/www.bastillehostel.com\/fr\/bons-plans-paris\/quartier-latin\/ou-prendre-un-verre-dans-le-quartier-latin\/\"> <i class=\"fa fa-glass\" aria-hidden=\"true\"><\/i>\u00a0O\u00f9 boire un verre <br \/> dans le Quartier latin ><\/a><br \/>\n<a class=\"btn orange survol\" href=\"https:\/\/www.bastillehostel.com\/fr\/bons-plans-paris\/quartier-latin\/manger-quartier-latin\/\"><i class=\"fa fa-cutlery\" aria-hidden=\"true\"><\/i>\u00a0O\u00f9 manger <br \/>dans le Quartier latin ><\/a><br \/>\n<\/div>\n<div class=\"one_third\">\n<a class=\"btn orange survol\" href=\"https:\/\/www.bastillehostel.com\/fr\/bons-plans-paris\/quartier-latin\/danser-quartier-latin\/\"><i class=\"fa fa-music\" aria-hidden=\"true\"><\/i>\u00a0O\u00f9 danser <br \/> dans le Quartier latin ><\/a><br \/>\n<a class=\"btn orange survol\" href=\"https:\/\/www.bastillehostel.com\/fr\/bons-plans-paris\/quartier-latin\/les-salles-de-concert-du-quartier-latin\/\"><i class=\"fa fa-music\" aria-hidden=\"true\"><\/i>\u00a0Les salles de concert<br \/>  du Quartier latin ><\/a><br \/>\n<\/div>\n<div class=\"one_third last_column\">\n<a class=\"btn orange survol\" href=\"https:\/\/www.bastillehostel.com\/fr\/bons-plans-paris\/quartier-latin\/se-bouger-autour-du-quartier-latin\/\"><i class=\"fa fa-bicycle\" aria-hidden=\"true\"><\/i>\u00a0Se bouger <br \/>autour  du Quartier latin ><\/a><\/p>\n<\/div>\n\t\t\t\t\t<div class=\"clear\"><\/div>\n\t\t\t\t<\/div>\n\t\t\t<\/div>\n\t\t\t<div class=\"clear\"><\/div>\n\t\t\t\n","protected":false},"excerpt":{"rendered":"<p>Certaines institutions du quartier, comme les ar\u00e8nes de Lut\u00e8ce ou les quais de Seine, ouvrent les bras aux sportifs en leur permettant de s&rsquo;entra\u00eener dans un cadre \u00e9poustouflant. Mais si vous pr\u00e9f\u00e9rez un sport en int\u00e9rieur, sachez que la majorit\u00e9 des salles de sport pratiquent des r\u00e9ductions<\/p>\n","protected":false},"author":4,"featured_media":0,"parent":4033,"menu_order":0,"comment_status":"closed","ping_status":"closed","template":"","meta":{"footnotes":""},"class_list":["post-4044","page","type-page","status-publish","hentry"],"yoast_head":"<!-- This site is optimized with the Yoast SEO plugin v27.5 - https:\/\/yoast.com\/product\/yoast-seo-wordpress\/ -->\n<title>Se bouger autour du Quartier latin - Bastille Hostel - Auberge de jeunesse \u00e0 Paris<\/title>\n<meta name=\"robots\" content=\"index, follow, max-snippet:-1, max-image-preview:large, max-video-preview:-1\" \/>\n<link rel=\"canonical\" href=\"https:\/\/www.bastillehostel.com\/fr\/bons-plans-paris\/quartier-latin\/se-bouger-autour-du-quartier-latin\/\" \/>\n<meta property=\"og:locale\" content=\"fr_FR\" \/>\n<meta property=\"og:type\" content=\"article\" \/>\n<meta property=\"og:title\" content=\"Se bouger autour du Quartier latin - Bastille Hostel - Auberge de jeunesse \u00e0 Paris\" \/>\n<meta property=\"og:description\" content=\"Certaines institutions du quartier, comme les ar\u00e8nes de Lut\u00e8ce ou les quais de Seine, ouvrent les bras aux sportifs en leur permettant de s&rsquo;entra\u00eener dans un cadre \u00e9poustouflant. Mais si vous pr\u00e9f\u00e9rez un sport en int\u00e9rieur, sachez que la majorit\u00e9 des salles de sport pratiquent des r\u00e9ductions\" \/>\n<meta property=\"og:url\" content=\"https:\/\/www.bastillehostel.com\/fr\/bons-plans-paris\/quartier-latin\/se-bouger-autour-du-quartier-latin\/\" \/>\n<meta property=\"og:site_name\" content=\"Bastille Hostel - Auberge de jeunesse \u00e0 Paris\" \/>\n<meta property=\"article:modified_time\" content=\"2018-06-19T12:47:23+00:00\" \/>\n<meta property=\"og:image\" content=\"https:\/\/www.bastillehostel.com\/wp-content\/uploads\/2018\/06\/ArenesDuLutece.jpg\" \/>\n<meta name=\"twitter:card\" content=\"summary_large_image\" \/>\n<meta name=\"twitter:label1\" content=\"Dur\u00e9e de lecture estim\u00e9e\" \/>\n\t<meta name=\"twitter:data1\" content=\"2 minutes\" \/>\n<script type=\"application\/ld+json\" class=\"yoast-schema-graph\">{\"@context\":\"https:\\\/\\\/schema.org\",\"@graph\":[{\"@type\":\"WebPage\",\"@id\":\"https:\\\/\\\/www.bastillehostel.com\\\/fr\\\/bons-plans-paris\\\/quartier-latin\\\/se-bouger-autour-du-quartier-latin\\\/\",\"url\":\"https:\\\/\\\/www.bastillehostel.com\\\/fr\\\/bons-plans-paris\\\/quartier-latin\\\/se-bouger-autour-du-quartier-latin\\\/\",\"name\":\"Se bouger autour du Quartier latin - Bastille Hostel - Auberge de jeunesse \u00e0 Paris\",\"isPartOf\":{\"@id\":\"https:\\\/\\\/www.bastillehostel.com\\\/fr\\\/#website\"},\"primaryImageOfPage\":{\"@id\":\"https:\\\/\\\/www.bastillehostel.com\\\/fr\\\/bons-plans-paris\\\/quartier-latin\\\/se-bouger-autour-du-quartier-latin\\\/#primaryimage\"},\"image\":{\"@id\":\"https:\\\/\\\/www.bastillehostel.com\\\/fr\\\/bons-plans-paris\\\/quartier-latin\\\/se-bouger-autour-du-quartier-latin\\\/#primaryimage\"},\"thumbnailUrl\":\"https:\\\/\\\/www.bastillehostel.com\\\/wp-content\\\/uploads\\\/2018\\\/06\\\/ArenesDuLutece.jpg\",\"datePublished\":\"2018-06-05T12:49:38+00:00\",\"dateModified\":\"2018-06-19T12:47:23+00:00\",\"breadcrumb\":{\"@id\":\"https:\\\/\\\/www.bastillehostel.com\\\/fr\\\/bons-plans-paris\\\/quartier-latin\\\/se-bouger-autour-du-quartier-latin\\\/#breadcrumb\"},\"inLanguage\":\"fr-FR\",\"potentialAction\":[{\"@type\":\"ReadAction\",\"target\":[\"https:\\\/\\\/www.bastillehostel.com\\\/fr\\\/bons-plans-paris\\\/quartier-latin\\\/se-bouger-autour-du-quartier-latin\\\/\"]}]},{\"@type\":\"ImageObject\",\"inLanguage\":\"fr-FR\",\"@id\":\"https:\\\/\\\/www.bastillehostel.com\\\/fr\\\/bons-plans-paris\\\/quartier-latin\\\/se-bouger-autour-du-quartier-latin\\\/#primaryimage\",\"url\":\"https:\\\/\\\/www.bastillehostel.com\\\/wp-content\\\/uploads\\\/2018\\\/06\\\/ArenesDuLutece.jpg\",\"contentUrl\":\"https:\\\/\\\/www.bastillehostel.com\\\/wp-content\\\/uploads\\\/2018\\\/06\\\/ArenesDuLutece.jpg\"},{\"@type\":\"BreadcrumbList\",\"@id\":\"https:\\\/\\\/www.bastillehostel.com\\\/fr\\\/bons-plans-paris\\\/quartier-latin\\\/se-bouger-autour-du-quartier-latin\\\/#breadcrumb\",\"itemListElement\":[{\"@type\":\"ListItem\",\"position\":1,\"name\":\"Home\",\"item\":\"https:\\\/\\\/www.bastillehostel.com\\\/fr\\\/\"},{\"@type\":\"ListItem\",\"position\":2,\"name\":\"Les bons plans \u00e0 Paris\",\"item\":\"https:\\\/\\\/www.bastillehostel.com\\\/fr\\\/bons-plans-paris\\\/\"},{\"@type\":\"ListItem\",\"position\":3,\"name\":\"D\u00e9couvrez le Quartier Latin\",\"item\":\"https:\\\/\\\/www.bastillehostel.com\\\/fr\\\/bons-plans-paris\\\/quartier-latin\\\/\"},{\"@type\":\"ListItem\",\"position\":4,\"name\":\"Se bouger autour du Quartier latin\"}]},{\"@type\":\"WebSite\",\"@id\":\"https:\\\/\\\/www.bastillehostel.com\\\/fr\\\/#website\",\"url\":\"https:\\\/\\\/www.bastillehostel.com\\\/fr\\\/\",\"name\":\"Bastille Hostel - Auberge de jeunesse \u00e0 Paris\",\"description\":\"Bastille Hostel - Auberge de jeunesse \u00e0 Paris\",\"potentialAction\":[{\"@type\":\"SearchAction\",\"target\":{\"@type\":\"EntryPoint\",\"urlTemplate\":\"https:\\\/\\\/www.bastillehostel.com\\\/fr\\\/?s={search_term_string}\"},\"query-input\":{\"@type\":\"PropertyValueSpecification\",\"valueRequired\":true,\"valueName\":\"search_term_string\"}}],\"inLanguage\":\"fr-FR\"}]}<\/script>\n<!-- \/ Yoast SEO plugin. -->","yoast_head_json":{"title":"Se bouger autour du Quartier latin - Bastille Hostel - Auberge de jeunesse \u00e0 Paris","robots":{"index":"index","follow":"follow","max-snippet":"max-snippet:-1","max-image-preview":"max-image-preview:large","max-video-preview":"max-video-preview:-1"},"canonical":"https:\/\/www.bastillehostel.com\/fr\/bons-plans-paris\/quartier-latin\/se-bouger-autour-du-quartier-latin\/","og_locale":"fr_FR","og_type":"article","og_title":"Se bouger autour du Quartier latin - Bastille Hostel - Auberge de jeunesse \u00e0 Paris","og_description":"Certaines institutions du quartier, comme les ar\u00e8nes de Lut\u00e8ce ou les quais de Seine, ouvrent les bras aux sportifs en leur permettant de s&rsquo;entra\u00eener dans un cadre \u00e9poustouflant. Mais si vous pr\u00e9f\u00e9rez un sport en int\u00e9rieur, sachez que la majorit\u00e9 des salles de sport pratiquent des r\u00e9ductions","og_url":"https:\/\/www.bastillehostel.com\/fr\/bons-plans-paris\/quartier-latin\/se-bouger-autour-du-quartier-latin\/","og_site_name":"Bastille Hostel - Auberge de jeunesse \u00e0 Paris","article_modified_time":"2018-06-19T12:47:23+00:00","og_image":[{"url":"https:\/\/www.bastillehostel.com\/wp-content\/uploads\/2018\/06\/ArenesDuLutece.jpg","type":"","width":"","height":""}],"twitter_card":"summary_large_image","twitter_misc":{"Dur\u00e9e de lecture estim\u00e9e":"2 minutes"},"schema":{"@context":"https:\/\/schema.org","@graph":[{"@type":"WebPage","@id":"https:\/\/www.bastillehostel.com\/fr\/bons-plans-paris\/quartier-latin\/se-bouger-autour-du-quartier-latin\/","url":"https:\/\/www.bastillehostel.com\/fr\/bons-plans-paris\/quartier-latin\/se-bouger-autour-du-quartier-latin\/","name":"Se bouger autour du Quartier latin - Bastille Hostel - Auberge de jeunesse \u00e0 Paris","isPartOf":{"@id":"https:\/\/www.bastillehostel.com\/fr\/#website"},"primaryImageOfPage":{"@id":"https:\/\/www.bastillehostel.com\/fr\/bons-plans-paris\/quartier-latin\/se-bouger-autour-du-quartier-latin\/#primaryimage"},"image":{"@id":"https:\/\/www.bastillehostel.com\/fr\/bons-plans-paris\/quartier-latin\/se-bouger-autour-du-quartier-latin\/#primaryimage"},"thumbnailUrl":"https:\/\/www.bastillehostel.com\/wp-content\/uploads\/2018\/06\/ArenesDuLutece.jpg","datePublished":"2018-06-05T12:49:38+00:00","dateModified":"2018-06-19T12:47:23+00:00","breadcrumb":{"@id":"https:\/\/www.bastillehostel.com\/fr\/bons-plans-paris\/quartier-latin\/se-bouger-autour-du-quartier-latin\/#breadcrumb"},"inLanguage":"fr-FR","potentialAction":[{"@type":"ReadAction","target":["https:\/\/www.bastillehostel.com\/fr\/bons-plans-paris\/quartier-latin\/se-bouger-autour-du-quartier-latin\/"]}]},{"@type":"ImageObject","inLanguage":"fr-FR","@id":"https:\/\/www.bastillehostel.com\/fr\/bons-plans-paris\/quartier-latin\/se-bouger-autour-du-quartier-latin\/#primaryimage","url":"https:\/\/www.bastillehostel.com\/wp-content\/uploads\/2018\/06\/ArenesDuLutece.jpg","contentUrl":"https:\/\/www.bastillehostel.com\/wp-content\/uploads\/2018\/06\/ArenesDuLutece.jpg"},{"@type":"BreadcrumbList","@id":"https:\/\/www.bastillehostel.com\/fr\/bons-plans-paris\/quartier-latin\/se-bouger-autour-du-quartier-latin\/#breadcrumb","itemListElement":[{"@type":"ListItem","position":1,"name":"Home","item":"https:\/\/www.bastillehostel.com\/fr\/"},{"@type":"ListItem","position":2,"name":"Les bons plans \u00e0 Paris","item":"https:\/\/www.bastillehostel.com\/fr\/bons-plans-paris\/"},{"@type":"ListItem","position":3,"name":"D\u00e9couvrez le Quartier Latin","item":"https:\/\/www.bastillehostel.com\/fr\/bons-plans-paris\/quartier-latin\/"},{"@type":"ListItem","position":4,"name":"Se bouger autour du Quartier latin"}]},{"@type":"WebSite","@id":"https:\/\/www.bastillehostel.com\/fr\/#website","url":"https:\/\/www.bastillehostel.com\/fr\/","name":"Bastille Hostel - Auberge de jeunesse \u00e0 Paris","description":"Bastille Hostel - Auberge de jeunesse \u00e0 Paris","potentialAction":[{"@type":"SearchAction","target":{"@type":"EntryPoint","urlTemplate":"https:\/\/www.bastillehostel.com\/fr\/?s={search_term_string}"},"query-input":{"@type":"PropertyValueSpecification","valueRequired":true,"valueName":"search_term_string"}}],"inLanguage":"fr-FR"}]}},"_links":{"self":[{"href":"https:\/\/www.bastillehostel.com\/fr\/wp-json\/wp\/v2\/pages\/4044","targetHints":{"allow":["GET"]}}],"collection":[{"href":"https:\/\/www.bastillehostel.com\/fr\/wp-json\/wp\/v2\/pages"}],"about":[{"href":"https:\/\/www.bastillehostel.com\/fr\/wp-json\/wp\/v2\/types\/page"}],"author":[{"embeddable":true,"href":"https:\/\/www.bastillehostel.com\/fr\/wp-json\/wp\/v2\/users\/4"}],"replies":[{"embeddable":true,"href":"https:\/\/www.bastillehostel.com\/fr\/wp-json\/wp\/v2\/comments?post=4044"}],"version-history":[{"count":14,"href":"https:\/\/www.bastillehostel.com\/fr\/wp-json\/wp\/v2\/pages\/4044\/revisions"}],"predecessor-version":[{"id":4942,"href":"https:\/\/www.bastillehostel.com\/fr\/wp-json\/wp\/v2\/pages\/4044\/revisions\/4942"}],"up":[{"embeddable":true,"href":"https:\/\/www.bastillehostel.com\/fr\/wp-json\/wp\/v2\/pages\/4033"}],"wp:attachment":[{"href":"https:\/\/www.bastillehostel.com\/fr\/wp-json\/wp\/v2\/media?parent=4044"}],"curies":[{"name":"wp","href":"https:\/\/api.w.org\/{rel}","templated":true}]}}