{"id":4042,"date":"2018-06-05T14:47:50","date_gmt":"2018-06-05T12:47:50","guid":{"rendered":"https:\/\/www.bastillehostel.com\/?page_id=4042"},"modified":"2018-06-19T14:47:29","modified_gmt":"2018-06-19T12:47:29","slug":"manger-quartier-latin","status":"publish","type":"page","link":"https:\/\/www.bastillehostel.com\/fr\/bons-plans-paris\/quartier-latin\/manger-quartier-latin\/","title":{"rendered":"O\u00f9 manger dans le Quartier latin"},"content":{"rendered":"<p>D\u00e9nicher le bon endroit pour un repas convivial entre amis n&rsquo;est pas si facile ici.<br \/>\nMieux vaut \u00e9viter les rue de la Harpe et de la Huchette, envahies par des restaurant attrape-touristes.<\/p>\n\t\t\t<style type=\"text\/css\">\n\t\t\t\t#content-block-background-1135 { background-image: url(); background-position: 50% 0; background-repeat: repeat; background-color: transparent; background-attachment: scroll; background-size: auto; }\n\t\t\t\t#content-block-body-1135 { padding: 40px 0; color: inherit; }\n\t\t\t\t.content-block-body { margin-left: auto; margin-right: auto; position: relative; }\n\t\t\t<\/style>\n\t\t\t\t\t\t\t<style type=\"text\/css\">\n\t\t\t\t\t#wrapper-1 { overflow-x: hidden; }\n\t\t\t\t\t#content-block-background-1135 { margin: 0 -10000px; padding: 0 10000px; }\n\t\t\t\t<\/style>\n\t\t\t\n\t\t\t\t\t\t<script type=\"text\/javascript\">\n\t\t\t\t\/\/ <![CDATA[\n\t\t\t\tjQuery(document).ready(function($){\n\t\t\t\t\t\"use strict\";\n\t\t\t\t\tif( ! $(\"body\").hasClass( \"mobile-detected\" ) ){\n\t\t\t\t\t\t$(\"#content-block-background-\"+1135).each(function(){\n\t\t\t\t\t\t\tvar $bgobj = $(this); \/\/ Assigning the object.\n\t\t\t\t\t\t\tvar xPos = '50%'; \/\/ x bg position value from the user shortcode.\n\t\t\t\t\t\t\t$(window).scroll(function() {\n\t\t\t\t\t\t\t\tvar yPos = -($(window).scrollTop() \/ 3);\n\t\t\t\t\t\t\t\t\/\/ Put together our final background position.\n\t\t\t\t\t\t\t\tvar coords = xPos+' '+yPos+'px';\n\t\t\t\t\t\t\t\t\/\/ Move the background.\n\t\t\t\t\t\t\t\t$bgobj.css({ backgroundPosition: coords });\n\t\t\t\t\t\t\t});\n\t\t\t\t\t\t});\n\t\t\t\t\t}\n\t\t\t\t});\n\t\t\t\t\/\/ ]]>\n\t\t\t<\/script>\n\t\t\t\n\t\t\t<div class=\"clear\"><\/div>\n\t\t\t<div id=\"content-block-background-1135\" class=\"content-block-background \">\n\t\t\t\t<div id=\"content-block-body-1135\" class=\"content-block-body\">\n\t\t\t\t\t<div class=\"clear\"><\/div>\n\t\t\t\t\t\n<div class=\"one_third\">\n<img decoding=\"async\" class=\"aligncenter size-full wp-image-790\" alt=\"patisserie-viennoise\" src=\"https:\/\/www.bastillehostel.com\/wp-content\/uploads\/2013\/10\/patisserie-viennoise.jpg\" width=\"150\" height=\"150\" \/><\/p>\n<h4 class=\"title\"><a href=\"https:\/\/plus.google.com\/109955611821597846852\/about?gl=fr&amp;hl=fr\" target=\"_blank\">P\u00e2tisserie viennoise (Gourmandises) <\/a><\/h4>\n<p><strong>8 rue de l&rsquo;Ecole-de-M\u00e9decine &#8211; 75006 Paris &#8211; M\u00e9tro : Od\u00e9on<\/strong><\/p>\n<p>Depuis 1928 la vitrine gourmande de la P\u00e2tisserie viennoise ne cesse d&rsquo;attirer le regard des passants. Les \u00e9tudiants des universit\u00e9s voisines s&rsquo;affalent sur les banquettes d&rsquo;une salle lilliputienne au style r\u00e9tro pour go\u00fbter au strudel pomme cannelle ou \u00e0 la d\u00e9licieuse Sachertorte accompagn\u00e9s d&rsquo;une tasse de chocolat maison. Petite restauration le midi et sandwichs, boissons chaudes et p\u00e2tisseries \u00e0 emporter \u00e0 toute heure. Pas de carte bancaire<\/p>\n<p>&nbsp;<\/p>\n<\/div>\n<div class=\"one_third\">\n<img decoding=\"async\" class=\"aligncenter size-full wp-image-791\" alt=\"i love burger\" src=\"https:\/\/www.bastillehostel.com\/wp-content\/uploads\/2013\/10\/i-love-burger.jpg\" width=\"150\" height=\"150\" \/><\/p>\n<h4 class=\"title\"><a href=\"http:\/\/www.iloveburger.fr\/index.html\" target=\"_blank\">I Love Burger (Fast food)<\/a><\/h4>\n<p><strong>20 rue des Boulangers &#8211; 75005 Paris &#8211; M\u00e9tro : Jussieu<\/strong><\/p>\n<p>Nich\u00e9 dans une ruelle pr\u00e8s de Jussieu, I Love Burger est le d\u00e9licieux resto-fast food cr\u00e9\u00e9 par la jeune \u00e9quipe de la toute proche galerie 24. Capables d&rsquo;osciller entre art plastique et burgers, burritos et tacos, le souriant Cyril et ses coll\u00e8gues proposent des burgers \u00e0 toutes les sauces servis sous une cascade de frite dans les casseroles qui font office d&rsquo;assiettes. Livraison \u00e0 domicile midi et soir.<\/p>\n<p>&nbsp;<\/p>\n<\/div>\n<div class=\"one_third last_column\">\n<img decoding=\"async\" class=\"aligncenter size-full wp-image-794\" alt=\"au-ptit-grec\" src=\"https:\/\/www.bastillehostel.com\/wp-content\/uploads\/2013\/10\/au-ptit-grec.jpg\" width=\"150\" height=\"150\" \/><\/p>\n<h4 class=\"title\"><a href=\"https:\/\/auptitgrec.com\/\" target=\"_blank\">Au p&rsquo;tit grec (Cr\u00eaperie) <\/a><\/h4>\n<p><strong>62 Rue Mouffetard &#8211; 75005 Paris &#8211; M\u00e9tro : Place-Monge ou Censier-Daubenton<\/strong><\/p>\n<p>Le P&rsquo;tit Grec, c&rsquo;est la cr\u00eaperie par excellence de la rue Mouffetard. Vous la reconna\u00eetrez \u00e0 la file de gens d\u00e9bordant sur le trotoir le jour comme la nuit. Ici, cr\u00eape et galette sont copieuses, bien garnies et servies avec salade et tomates fra\u00eeche. Le choix est vaste et la qualit\u00e9 largement sup\u00e9rieure aux autre cr\u00eaperie-kebabs du quartier. Possibilit\u00e9 de manger sur place.<\/p>\n<p>&nbsp;<\/p>\n<\/div>\n\t\t\t\t\t<div class=\"clear\"><\/div>\n\t\t\t\t<\/div>\n\t\t\t<\/div>\n\t\t\t<div class=\"clear\"><\/div>\n\t\t\t\n<div class=\"clear\"><\/div>\n\t\t\t<style type=\"text\/css\">\n\t\t\t\t#content-block-background-1852 { background-image: url(); background-position: 50% 0; background-repeat: repeat; background-color: transparent; background-attachment: scroll; background-size: auto; }\n\t\t\t\t#content-block-body-1852 { padding: 40px 0; color: inherit; }\n\t\t\t\t.content-block-body { margin-left: auto; margin-right: auto; position: relative; }\n\t\t\t<\/style>\n\t\t\t\t\t\t\t<style type=\"text\/css\">\n\t\t\t\t\t#wrapper-1 { overflow-x: hidden; }\n\t\t\t\t\t#content-block-background-1852 { margin: 0 -10000px; padding: 0 10000px; }\n\t\t\t\t<\/style>\n\t\t\t\n\t\t\t\t\t\t<script type=\"text\/javascript\">\n\t\t\t\t\/\/ <![CDATA[\n\t\t\t\tjQuery(document).ready(function($){\n\t\t\t\t\t\"use strict\";\n\t\t\t\t\tif( ! $(\"body\").hasClass( \"mobile-detected\" ) ){\n\t\t\t\t\t\t$(\"#content-block-background-\"+1852).each(function(){\n\t\t\t\t\t\t\tvar $bgobj = $(this); \/\/ Assigning the object.\n\t\t\t\t\t\t\tvar xPos = '50%'; \/\/ x bg position value from the user shortcode.\n\t\t\t\t\t\t\t$(window).scroll(function() {\n\t\t\t\t\t\t\t\tvar yPos = -($(window).scrollTop() \/ 3);\n\t\t\t\t\t\t\t\t\/\/ Put together our final background position.\n\t\t\t\t\t\t\t\tvar coords = xPos+' '+yPos+'px';\n\t\t\t\t\t\t\t\t\/\/ Move the background.\n\t\t\t\t\t\t\t\t$bgobj.css({ backgroundPosition: coords });\n\t\t\t\t\t\t\t});\n\t\t\t\t\t\t});\n\t\t\t\t\t}\n\t\t\t\t});\n\t\t\t\t\/\/ ]]>\n\t\t\t<\/script>\n\t\t\t\n\t\t\t<div class=\"clear\"><\/div>\n\t\t\t<div id=\"content-block-background-1852\" class=\"content-block-background \">\n\t\t\t\t<div id=\"content-block-body-1852\" class=\"content-block-body\">\n\t\t\t\t\t<div class=\"clear\"><\/div>\n\t\t\t\t\t\n<div class=\"one_third\">\n<img decoding=\"async\" class=\"aligncenter size-full wp-image-795\" alt=\"El-Cervantes-1\" src=\"https:\/\/www.bastillehostel.com\/wp-content\/uploads\/2013\/10\/El-Cervantes-1.jpg\" width=\"150\" height=\"150\" \/><\/p>\n<h4 class=\"title\"><a href=\"https:\/\/plus.google.com\/102506975324578205519\/about?gl=fr&amp;hl=fr\" target=\"_blank\">El cervant\u00e8s (Resto-tapas) <\/a><\/h4>\n<p><strong>46 Rue Daubenton &#8211; 75005 Paris &#8211; M\u00e9tro : Censier-Daubenton<\/strong><\/p>\n<p>Les bars \u00e0 tapas digne de ce nom ne sont pas l\u00e9gion dans la capitale, mais cette adresse vaut vraiment le coup. Install\u00e9 sur une terrasse conviviale, vous serez sans doute all\u00e9ch\u00e9 par les jambons suspendus au plafond et jaloux des assiettes qui arrivent \u00e0 la table de vos voisins. Mais votre tour viendra aussi ! Patrick et Luis se d\u00e9m\u00e8nent en cuisine pour concocter tortillas, quesadillas, patatas bravas, et autres tapas froides ou chaudes \u00e0 arroser de sangria ou de vin ib\u00e9rique. Copieux, chaleureux et pas bien cher (compter autour de 15\u20ac par personne, boisson incluse)<\/p>\n<p>&nbsp;<\/p>\n<\/div>\n<div class=\"one_third\">\n<img decoding=\"async\" class=\"aligncenter size-full wp-image-796\" alt=\"buffet-a-volonte\" src=\"https:\/\/www.bastillehostel.com\/wp-content\/uploads\/2013\/10\/buffet-a-volonte.jpg\" width=\"150\" height=\"150\" \/><\/p>\n<h4 class=\"title\"><a href=\"https:\/\/plus.google.com\/114401988709713030005\/about?gl=fr&amp;hl=fr\" target=\"_blank\">Rayon de Soleil, Buffet \u00e0 volont\u00e9 (Asiatique) <\/a><\/h4>\n<p><strong>21 Quai Saint-Michel &#8211; 75005 Paris &#8211; M\u00e9tro : Saint-Michel<\/strong><\/p>\n<p>De prime abord, ce restaurant \u00e0 la devanture bleue et sans enseigne n&rsquo;a rien de plus qu&rsquo;un banal traiteur asiatique. Sauf qu&rsquo;ici, tout est \u00e0 volont\u00e9 ! Buffet de sp\u00e9cialit\u00e9s chinoises, japonaises et tha\u00eflandaises. Au final, on est bien chez un traiteur, mais pour les grand estomacs !<\/p>\n<p>&nbsp;<\/p>\n<\/div>\n<div class=\"one_third last_column\">\n<img decoding=\"async\" class=\"aligncenter size-full wp-image-797\" alt=\"breakfastInAmerica\" src=\"https:\/\/www.bastillehostel.com\/wp-content\/uploads\/2013\/10\/breakfastInAmerica.jpg\" width=\"150\" height=\"150\" \/><\/p>\n<h4 class=\"title\"><a href=\"https:\/\/www.facebook.com\/BreakfastInAmerica1\/\" target=\"_blank\">Breakfast In America (American diner) <\/a><\/h4>\n<p><strong>17 rue des \u00e9coles &#8211; 75005 Paris &#8211; M\u00e9tro : Cardinal-Lemoine ou Jussieu<\/strong><\/p>\n<p>Cr\u00e9\u00e9 par des expatri\u00e9 am\u00e9ricain en mal de d\u00e9lices US, le BIA est un must dans la communaut\u00e9 des <em>burgers addict<\/em>. Une client\u00e8le d&rsquo;\u00e9tudiants affam\u00e9s vient engloutir des cheeseburgers bien fondants, agr\u00e9ment\u00e9s de cole slaw et de frites craquantes. Des petits-d\u00e9jeuners ultraconsistants, \u00e0 base de pancakes, de tortillas, ou d&rsquo;oeufs au bacon, font aussi la joie des l\u00e8ve-tard.<\/p>\n<p>&nbsp;<\/p>\n<\/div>\n\t\t\t\t\t<div class=\"clear\"><\/div>\n\t\t\t\t<\/div>\n\t\t\t<\/div>\n\t\t\t<div class=\"clear\"><\/div>\n\t\t\t\n<div class=\"clear\"><\/div>\n\t\t\t<style type=\"text\/css\">\n\t\t\t\t#content-block-background-1701 { background-image: url(); background-position: 50% 0; background-repeat: repeat; background-color: transparent; background-attachment: scroll; background-size: auto; }\n\t\t\t\t#content-block-body-1701 { padding: 40px 0; color: inherit; }\n\t\t\t\t.content-block-body { margin-left: auto; margin-right: auto; position: relative; }\n\t\t\t<\/style>\n\t\t\t\t\t\t\t<style type=\"text\/css\">\n\t\t\t\t\t#wrapper-1 { overflow-x: hidden; }\n\t\t\t\t\t#content-block-background-1701 { margin: 0 -10000px; padding: 0 10000px; }\n\t\t\t\t<\/style>\n\t\t\t\n\t\t\t\t\t\t<script type=\"text\/javascript\">\n\t\t\t\t\/\/ <![CDATA[\n\t\t\t\tjQuery(document).ready(function($){\n\t\t\t\t\t\"use strict\";\n\t\t\t\t\tif( ! $(\"body\").hasClass( \"mobile-detected\" ) ){\n\t\t\t\t\t\t$(\"#content-block-background-\"+1701).each(function(){\n\t\t\t\t\t\t\tvar $bgobj = $(this); \/\/ Assigning the object.\n\t\t\t\t\t\t\tvar xPos = '50%'; \/\/ x bg position value from the user shortcode.\n\t\t\t\t\t\t\t$(window).scroll(function() {\n\t\t\t\t\t\t\t\tvar yPos = -($(window).scrollTop() \/ 3);\n\t\t\t\t\t\t\t\t\/\/ Put together our final background position.\n\t\t\t\t\t\t\t\tvar coords = xPos+' '+yPos+'px';\n\t\t\t\t\t\t\t\t\/\/ Move the background.\n\t\t\t\t\t\t\t\t$bgobj.css({ backgroundPosition: coords });\n\t\t\t\t\t\t\t});\n\t\t\t\t\t\t});\n\t\t\t\t\t}\n\t\t\t\t});\n\t\t\t\t\/\/ ]]>\n\t\t\t<\/script>\n\t\t\t\n\t\t\t<div class=\"clear\"><\/div>\n\t\t\t<div id=\"content-block-background-1701\" class=\"content-block-background \">\n\t\t\t\t<div id=\"content-block-body-1701\" class=\"content-block-body\">\n\t\t\t\t\t<div class=\"clear\"><\/div>\n\t\t\t\t\t\n<div class=\"one_third\">\n<a class=\"btn orange survol\" href=\"https:\/\/www.bastillehostel.com\/fr\/bons-plans-paris\/quartier-latin\/ou-prendre-un-verre-dans-le-quartier-latin\/\"> <i class=\"fa fa-glass\" aria-hidden=\"true\"><\/i>\u00a0O\u00f9 boire un verre <br \/> dans le Quartier latin ><\/a><br \/>\n<a class=\"btn orange survol\" href=\"https:\/\/www.bastillehostel.com\/fr\/bons-plans-paris\/quartier-latin\/manger-quartier-latin\/\"><i class=\"fa fa-cutlery\" aria-hidden=\"true\"><\/i>\u00a0O\u00f9 manger <br \/>dans le Quartier latin ><\/a><br \/>\n<\/div>\n<div class=\"one_third\">\n<a class=\"btn orange survol\" href=\"https:\/\/www.bastillehostel.com\/fr\/bons-plans-paris\/quartier-latin\/danser-quartier-latin\/\"><i class=\"fa fa-music\" aria-hidden=\"true\"><\/i>\u00a0O\u00f9 danser <br \/> dans le Quartier latin ><\/a><br \/>\n<a class=\"btn orange survol\" href=\"https:\/\/www.bastillehostel.com\/fr\/bons-plans-paris\/quartier-latin\/les-salles-de-concert-du-quartier-latin\/\"><i class=\"fa fa-music\" aria-hidden=\"true\"><\/i>\u00a0Les salles de concert<br \/>  du Quartier latin ><\/a><br \/>\n<\/div>\n<div class=\"one_third last_column\">\n<a class=\"btn orange survol\" href=\"https:\/\/www.bastillehostel.com\/fr\/bons-plans-paris\/quartier-latin\/se-bouger-autour-du-quartier-latin\/\"><i class=\"fa fa-bicycle\" aria-hidden=\"true\"><\/i>\u00a0Se bouger <br \/>autour  du Quartier latin ><\/a><\/p>\n<\/div>\n\t\t\t\t\t<div class=\"clear\"><\/div>\n\t\t\t\t<\/div>\n\t\t\t<\/div>\n\t\t\t<div class=\"clear\"><\/div>\n\t\t\t\n","protected":false},"excerpt":{"rendered":"<p>D\u00e9nicher le bon endroit pour un repas convivial entre amis n&rsquo;est pas si facile ici. Mieux vaut \u00e9viter les rue de la Harpe et de la Huchette, envahies par des restaurant attrape-touristes.<\/p>\n","protected":false},"author":4,"featured_media":0,"parent":4033,"menu_order":0,"comment_status":"closed","ping_status":"closed","template":"","meta":{"footnotes":""},"class_list":["post-4042","page","type-page","status-publish","hentry"],"yoast_head":"<!-- This site is optimized with the Yoast SEO plugin v27.5 - https:\/\/yoast.com\/product\/yoast-seo-wordpress\/ -->\n<title>O\u00f9 manger dans le Quartier latin - Bastille Hostel - Auberge de jeunesse \u00e0 Paris<\/title>\n<meta name=\"robots\" content=\"index, follow, max-snippet:-1, max-image-preview:large, max-video-preview:-1\" \/>\n<link rel=\"canonical\" href=\"https:\/\/www.bastillehostel.com\/fr\/bons-plans-paris\/quartier-latin\/manger-quartier-latin\/\" \/>\n<meta property=\"og:locale\" content=\"fr_FR\" \/>\n<meta property=\"og:type\" content=\"article\" \/>\n<meta property=\"og:title\" content=\"O\u00f9 manger dans le Quartier latin - Bastille Hostel - Auberge de jeunesse \u00e0 Paris\" \/>\n<meta property=\"og:description\" content=\"D\u00e9nicher le bon endroit pour un repas convivial entre amis n&rsquo;est pas si facile ici. Mieux vaut \u00e9viter les rue de la Harpe et de la Huchette, envahies par des restaurant attrape-touristes.\" \/>\n<meta property=\"og:url\" content=\"https:\/\/www.bastillehostel.com\/fr\/bons-plans-paris\/quartier-latin\/manger-quartier-latin\/\" \/>\n<meta property=\"og:site_name\" content=\"Bastille Hostel - Auberge de jeunesse \u00e0 Paris\" \/>\n<meta property=\"article:modified_time\" content=\"2018-06-19T12:47:29+00:00\" \/>\n<meta property=\"og:image\" content=\"https:\/\/www.bastillehostel.com\/wp-content\/uploads\/2013\/10\/patisserie-viennoise.jpg\" \/>\n<meta name=\"twitter:card\" content=\"summary_large_image\" \/>\n<meta name=\"twitter:label1\" content=\"Dur\u00e9e de lecture estim\u00e9e\" \/>\n\t<meta name=\"twitter:data1\" content=\"3 minutes\" \/>\n<script type=\"application\/ld+json\" class=\"yoast-schema-graph\">{\"@context\":\"https:\\\/\\\/schema.org\",\"@graph\":[{\"@type\":\"WebPage\",\"@id\":\"https:\\\/\\\/www.bastillehostel.com\\\/fr\\\/bons-plans-paris\\\/quartier-latin\\\/manger-quartier-latin\\\/\",\"url\":\"https:\\\/\\\/www.bastillehostel.com\\\/fr\\\/bons-plans-paris\\\/quartier-latin\\\/manger-quartier-latin\\\/\",\"name\":\"O\u00f9 manger dans le Quartier latin - Bastille Hostel - Auberge de jeunesse \u00e0 Paris\",\"isPartOf\":{\"@id\":\"https:\\\/\\\/www.bastillehostel.com\\\/fr\\\/#website\"},\"primaryImageOfPage\":{\"@id\":\"https:\\\/\\\/www.bastillehostel.com\\\/fr\\\/bons-plans-paris\\\/quartier-latin\\\/manger-quartier-latin\\\/#primaryimage\"},\"image\":{\"@id\":\"https:\\\/\\\/www.bastillehostel.com\\\/fr\\\/bons-plans-paris\\\/quartier-latin\\\/manger-quartier-latin\\\/#primaryimage\"},\"thumbnailUrl\":\"https:\\\/\\\/www.bastillehostel.com\\\/wp-content\\\/uploads\\\/2013\\\/10\\\/patisserie-viennoise.jpg\",\"datePublished\":\"2018-06-05T12:47:50+00:00\",\"dateModified\":\"2018-06-19T12:47:29+00:00\",\"breadcrumb\":{\"@id\":\"https:\\\/\\\/www.bastillehostel.com\\\/fr\\\/bons-plans-paris\\\/quartier-latin\\\/manger-quartier-latin\\\/#breadcrumb\"},\"inLanguage\":\"fr-FR\",\"potentialAction\":[{\"@type\":\"ReadAction\",\"target\":[\"https:\\\/\\\/www.bastillehostel.com\\\/fr\\\/bons-plans-paris\\\/quartier-latin\\\/manger-quartier-latin\\\/\"]}]},{\"@type\":\"ImageObject\",\"inLanguage\":\"fr-FR\",\"@id\":\"https:\\\/\\\/www.bastillehostel.com\\\/fr\\\/bons-plans-paris\\\/quartier-latin\\\/manger-quartier-latin\\\/#primaryimage\",\"url\":\"https:\\\/\\\/www.bastillehostel.com\\\/wp-content\\\/uploads\\\/2013\\\/10\\\/patisserie-viennoise.jpg\",\"contentUrl\":\"https:\\\/\\\/www.bastillehostel.com\\\/wp-content\\\/uploads\\\/2013\\\/10\\\/patisserie-viennoise.jpg\"},{\"@type\":\"BreadcrumbList\",\"@id\":\"https:\\\/\\\/www.bastillehostel.com\\\/fr\\\/bons-plans-paris\\\/quartier-latin\\\/manger-quartier-latin\\\/#breadcrumb\",\"itemListElement\":[{\"@type\":\"ListItem\",\"position\":1,\"name\":\"Home\",\"item\":\"https:\\\/\\\/www.bastillehostel.com\\\/fr\\\/\"},{\"@type\":\"ListItem\",\"position\":2,\"name\":\"Les bons plans \u00e0 Paris\",\"item\":\"https:\\\/\\\/www.bastillehostel.com\\\/fr\\\/bons-plans-paris\\\/\"},{\"@type\":\"ListItem\",\"position\":3,\"name\":\"D\u00e9couvrez le Quartier Latin\",\"item\":\"https:\\\/\\\/www.bastillehostel.com\\\/fr\\\/bons-plans-paris\\\/quartier-latin\\\/\"},{\"@type\":\"ListItem\",\"position\":4,\"name\":\"O\u00f9 manger dans le Quartier latin\"}]},{\"@type\":\"WebSite\",\"@id\":\"https:\\\/\\\/www.bastillehostel.com\\\/fr\\\/#website\",\"url\":\"https:\\\/\\\/www.bastillehostel.com\\\/fr\\\/\",\"name\":\"Bastille Hostel - Auberge de jeunesse \u00e0 Paris\",\"description\":\"Bastille Hostel - Auberge de jeunesse \u00e0 Paris\",\"potentialAction\":[{\"@type\":\"SearchAction\",\"target\":{\"@type\":\"EntryPoint\",\"urlTemplate\":\"https:\\\/\\\/www.bastillehostel.com\\\/fr\\\/?s={search_term_string}\"},\"query-input\":{\"@type\":\"PropertyValueSpecification\",\"valueRequired\":true,\"valueName\":\"search_term_string\"}}],\"inLanguage\":\"fr-FR\"}]}<\/script>\n<!-- \/ Yoast SEO plugin. -->","yoast_head_json":{"title":"O\u00f9 manger dans le Quartier latin - Bastille Hostel - Auberge de jeunesse \u00e0 Paris","robots":{"index":"index","follow":"follow","max-snippet":"max-snippet:-1","max-image-preview":"max-image-preview:large","max-video-preview":"max-video-preview:-1"},"canonical":"https:\/\/www.bastillehostel.com\/fr\/bons-plans-paris\/quartier-latin\/manger-quartier-latin\/","og_locale":"fr_FR","og_type":"article","og_title":"O\u00f9 manger dans le Quartier latin - Bastille Hostel - Auberge de jeunesse \u00e0 Paris","og_description":"D\u00e9nicher le bon endroit pour un repas convivial entre amis n&rsquo;est pas si facile ici. Mieux vaut \u00e9viter les rue de la Harpe et de la Huchette, envahies par des restaurant attrape-touristes.","og_url":"https:\/\/www.bastillehostel.com\/fr\/bons-plans-paris\/quartier-latin\/manger-quartier-latin\/","og_site_name":"Bastille Hostel - Auberge de jeunesse \u00e0 Paris","article_modified_time":"2018-06-19T12:47:29+00:00","og_image":[{"url":"https:\/\/www.bastillehostel.com\/wp-content\/uploads\/2013\/10\/patisserie-viennoise.jpg","type":"","width":"","height":""}],"twitter_card":"summary_large_image","twitter_misc":{"Dur\u00e9e de lecture estim\u00e9e":"3 minutes"},"schema":{"@context":"https:\/\/schema.org","@graph":[{"@type":"WebPage","@id":"https:\/\/www.bastillehostel.com\/fr\/bons-plans-paris\/quartier-latin\/manger-quartier-latin\/","url":"https:\/\/www.bastillehostel.com\/fr\/bons-plans-paris\/quartier-latin\/manger-quartier-latin\/","name":"O\u00f9 manger dans le Quartier latin - Bastille Hostel - Auberge de jeunesse \u00e0 Paris","isPartOf":{"@id":"https:\/\/www.bastillehostel.com\/fr\/#website"},"primaryImageOfPage":{"@id":"https:\/\/www.bastillehostel.com\/fr\/bons-plans-paris\/quartier-latin\/manger-quartier-latin\/#primaryimage"},"image":{"@id":"https:\/\/www.bastillehostel.com\/fr\/bons-plans-paris\/quartier-latin\/manger-quartier-latin\/#primaryimage"},"thumbnailUrl":"https:\/\/www.bastillehostel.com\/wp-content\/uploads\/2013\/10\/patisserie-viennoise.jpg","datePublished":"2018-06-05T12:47:50+00:00","dateModified":"2018-06-19T12:47:29+00:00","breadcrumb":{"@id":"https:\/\/www.bastillehostel.com\/fr\/bons-plans-paris\/quartier-latin\/manger-quartier-latin\/#breadcrumb"},"inLanguage":"fr-FR","potentialAction":[{"@type":"ReadAction","target":["https:\/\/www.bastillehostel.com\/fr\/bons-plans-paris\/quartier-latin\/manger-quartier-latin\/"]}]},{"@type":"ImageObject","inLanguage":"fr-FR","@id":"https:\/\/www.bastillehostel.com\/fr\/bons-plans-paris\/quartier-latin\/manger-quartier-latin\/#primaryimage","url":"https:\/\/www.bastillehostel.com\/wp-content\/uploads\/2013\/10\/patisserie-viennoise.jpg","contentUrl":"https:\/\/www.bastillehostel.com\/wp-content\/uploads\/2013\/10\/patisserie-viennoise.jpg"},{"@type":"BreadcrumbList","@id":"https:\/\/www.bastillehostel.com\/fr\/bons-plans-paris\/quartier-latin\/manger-quartier-latin\/#breadcrumb","itemListElement":[{"@type":"ListItem","position":1,"name":"Home","item":"https:\/\/www.bastillehostel.com\/fr\/"},{"@type":"ListItem","position":2,"name":"Les bons plans \u00e0 Paris","item":"https:\/\/www.bastillehostel.com\/fr\/bons-plans-paris\/"},{"@type":"ListItem","position":3,"name":"D\u00e9couvrez le Quartier Latin","item":"https:\/\/www.bastillehostel.com\/fr\/bons-plans-paris\/quartier-latin\/"},{"@type":"ListItem","position":4,"name":"O\u00f9 manger dans le Quartier latin"}]},{"@type":"WebSite","@id":"https:\/\/www.bastillehostel.com\/fr\/#website","url":"https:\/\/www.bastillehostel.com\/fr\/","name":"Bastille Hostel - Auberge de jeunesse \u00e0 Paris","description":"Bastille Hostel - Auberge de jeunesse \u00e0 Paris","potentialAction":[{"@type":"SearchAction","target":{"@type":"EntryPoint","urlTemplate":"https:\/\/www.bastillehostel.com\/fr\/?s={search_term_string}"},"query-input":{"@type":"PropertyValueSpecification","valueRequired":true,"valueName":"search_term_string"}}],"inLanguage":"fr-FR"}]}},"_links":{"self":[{"href":"https:\/\/www.bastillehostel.com\/fr\/wp-json\/wp\/v2\/pages\/4042","targetHints":{"allow":["GET"]}}],"collection":[{"href":"https:\/\/www.bastillehostel.com\/fr\/wp-json\/wp\/v2\/pages"}],"about":[{"href":"https:\/\/www.bastillehostel.com\/fr\/wp-json\/wp\/v2\/types\/page"}],"author":[{"embeddable":true,"href":"https:\/\/www.bastillehostel.com\/fr\/wp-json\/wp\/v2\/users\/4"}],"replies":[{"embeddable":true,"href":"https:\/\/www.bastillehostel.com\/fr\/wp-json\/wp\/v2\/comments?post=4042"}],"version-history":[{"count":12,"href":"https:\/\/www.bastillehostel.com\/fr\/wp-json\/wp\/v2\/pages\/4042\/revisions"}],"predecessor-version":[{"id":4943,"href":"https:\/\/www.bastillehostel.com\/fr\/wp-json\/wp\/v2\/pages\/4042\/revisions\/4943"}],"up":[{"embeddable":true,"href":"https:\/\/www.bastillehostel.com\/fr\/wp-json\/wp\/v2\/pages\/4033"}],"wp:attachment":[{"href":"https:\/\/www.bastillehostel.com\/fr\/wp-json\/wp\/v2\/media?parent=4042"}],"curies":[{"name":"wp","href":"https:\/\/api.w.org\/{rel}","templated":true}]}}