{"id":4037,"date":"2018-06-05T14:43:22","date_gmt":"2018-06-05T12:43:22","guid":{"rendered":"https:\/\/www.bastillehostel.com\/?page_id=4037"},"modified":"2018-06-19T14:47:17","modified_gmt":"2018-06-19T12:47:17","slug":"danser-quartier-latin","status":"publish","type":"page","link":"https:\/\/www.bastillehostel.com\/fr\/bons-plans-paris\/quartier-latin\/danser-quartier-latin\/","title":{"rendered":"O\u00f9 danser dans le Quartier latin"},"content":{"rendered":"<p>Le Quartier latin est plut\u00f4t pauvre en mati\u00e8re de boite de nuit. Les rares discoth\u00e8ques du coin sont g\u00e9n\u00e9ralement am\u00e9nag\u00e9es dans d&rsquo;anciennescaves vo\u00fbt\u00e9es. Dans ce cadre remarquable, l&rsquo;ambiance devient vite intime.<\/p>\n<h4 class=\"title\"><a href=\"http:\/\/www.discotheque-lesaint-paris.fr\/\" target=\"_blank\">Le Saint<i class=\"icon-music \"><\/i><\/a><\/h4>\n<p><strong> 7 rue Saint-S\u00e9verin &#8211; 75005 Paris &#8211; M\u00e9tro : Saint-Michel<img decoding=\"async\" class=\"alignright size-full wp-image-627\" alt=\"le saint\" src=\"https:\/\/www.bastillehostel.com\/wp-content\/uploads\/2013\/10\/le-saint.jpg\" width=\"150\" height=\"150\" \/><\/strong><\/p>\n<p>Sous ces myst\u00e9rieuse caves vo\u00fbt\u00e9es au coeur du Quartier latin, on danse toute la nuit \u00e0 la lumi\u00e8re rouge des n\u00e9ons, devant les mirrois qui bordent la piste, dans une atmosph\u00e8re digne du compte Dracula. Le jeudi, de 19h \u00e0 1h, le Saint accueille le plus fameux afterwork \u00e9tudiant de la capitale. Ambiance assur\u00e9e et pas de cerne le lendemain matin en cours&#8230;<\/p>\n<div class=\"clear\"><\/div>\n<div class=\"clear\"><\/div>\n\t\t\t<style type=\"text\/css\">\n\t\t\t\t#content-block-background-1091 { background-image: url(); background-position: 50% 0; background-repeat: repeat; background-color: transparent; background-attachment: scroll; background-size: auto; }\n\t\t\t\t#content-block-body-1091 { padding: 40px 0; color: inherit; }\n\t\t\t\t.content-block-body { margin-left: auto; margin-right: auto; position: relative; }\n\t\t\t<\/style>\n\t\t\t\t\t\t\t<style type=\"text\/css\">\n\t\t\t\t\t#wrapper-1 { overflow-x: hidden; }\n\t\t\t\t\t#content-block-background-1091 { margin: 0 -10000px; padding: 0 10000px; }\n\t\t\t\t<\/style>\n\t\t\t\n\t\t\t\t\t\t<script type=\"text\/javascript\">\n\t\t\t\t\/\/ <![CDATA[\n\t\t\t\tjQuery(document).ready(function($){\n\t\t\t\t\t\"use strict\";\n\t\t\t\t\tif( ! $(\"body\").hasClass( \"mobile-detected\" ) ){\n\t\t\t\t\t\t$(\"#content-block-background-\"+1091).each(function(){\n\t\t\t\t\t\t\tvar $bgobj = $(this); \/\/ Assigning the object.\n\t\t\t\t\t\t\tvar xPos = '50%'; \/\/ x bg position value from the user shortcode.\n\t\t\t\t\t\t\t$(window).scroll(function() {\n\t\t\t\t\t\t\t\tvar yPos = -($(window).scrollTop() \/ 3);\n\t\t\t\t\t\t\t\t\/\/ Put together our final background position.\n\t\t\t\t\t\t\t\tvar coords = xPos+' '+yPos+'px';\n\t\t\t\t\t\t\t\t\/\/ Move the background.\n\t\t\t\t\t\t\t\t$bgobj.css({ backgroundPosition: coords });\n\t\t\t\t\t\t\t});\n\t\t\t\t\t\t});\n\t\t\t\t\t}\n\t\t\t\t});\n\t\t\t\t\/\/ ]]>\n\t\t\t<\/script>\n\t\t\t\n\t\t\t<div class=\"clear\"><\/div>\n\t\t\t<div id=\"content-block-background-1091\" class=\"content-block-background \">\n\t\t\t\t<div id=\"content-block-body-1091\" class=\"content-block-body\">\n\t\t\t\t\t<div class=\"clear\"><\/div>\n\t\t\t\t\t\n<div class=\"one_third\">\n<a class=\"btn orange survol\" href=\"https:\/\/www.bastillehostel.com\/fr\/bons-plans-paris\/quartier-latin\/ou-prendre-un-verre-dans-le-quartier-latin\/\"> <i class=\"fa fa-glass\" aria-hidden=\"true\"><\/i>\u00a0O\u00f9 boire un verre <br \/> dans le Quartier latin ><\/a><br \/>\n<a class=\"btn orange survol\" href=\"https:\/\/www.bastillehostel.com\/fr\/bons-plans-paris\/quartier-latin\/manger-quartier-latin\/\"><i class=\"fa fa-cutlery\" aria-hidden=\"true\"><\/i>\u00a0O\u00f9 manger <br \/>dans le Quartier latin ><\/a><br \/>\n<\/div>\n<div class=\"one_third\">\n<a class=\"btn orange survol\" href=\"https:\/\/www.bastillehostel.com\/fr\/bons-plans-paris\/quartier-latin\/danser-quartier-latin\/\"><i class=\"fa fa-music\" aria-hidden=\"true\"><\/i>\u00a0O\u00f9 danser <br \/> dans le Quartier latin ><\/a><br \/>\n<a class=\"btn orange survol\" href=\"https:\/\/www.bastillehostel.com\/fr\/bons-plans-paris\/quartier-latin\/les-salles-de-concert-du-quartier-latin\/\"><i class=\"fa fa-music\" aria-hidden=\"true\"><\/i>\u00a0Les salles de concert<br \/>  du Quartier latin ><\/a><br \/>\n<\/div>\n<div class=\"one_third last_column\">\n<a class=\"btn orange survol\" href=\"https:\/\/www.bastillehostel.com\/fr\/bons-plans-paris\/quartier-latin\/se-bouger-autour-du-quartier-latin\/\"><i class=\"fa fa-bicycle\" aria-hidden=\"true\"><\/i>\u00a0Se bouger <br \/>autour  du Quartier latin ><\/a><\/p>\n<\/div>\n\t\t\t\t\t<div class=\"clear\"><\/div>\n\t\t\t\t<\/div>\n\t\t\t<\/div>\n\t\t\t<div class=\"clear\"><\/div>\n\t\t\t\n","protected":false},"excerpt":{"rendered":"<p>Le Quartier latin est plut\u00f4t pauvre en mati\u00e8re de boite de nuit. Les rares discoth\u00e8ques du coin sont g\u00e9n\u00e9ralement am\u00e9nag\u00e9es dans d&rsquo;anciennescaves vo\u00fbt\u00e9es. Dans ce cadre remarquable, l&rsquo;ambiance devient vite intime. Le Saint 7 rue Saint-S\u00e9verin &#8211; 75005 Paris &#8211; M\u00e9tro : Saint-Michel Sous ces myst\u00e9rieuse caves<\/p>\n","protected":false},"author":4,"featured_media":0,"parent":4033,"menu_order":0,"comment_status":"closed","ping_status":"closed","template":"","meta":{"footnotes":""},"class_list":["post-4037","page","type-page","status-publish","hentry"],"yoast_head":"<!-- This site is optimized with the Yoast SEO plugin v27.5 - https:\/\/yoast.com\/product\/yoast-seo-wordpress\/ -->\n<title>O\u00f9 danser dans le Quartier latin - Bastille Hostel - Auberge de jeunesse \u00e0 Paris<\/title>\n<meta name=\"robots\" content=\"index, follow, max-snippet:-1, max-image-preview:large, max-video-preview:-1\" \/>\n<link rel=\"canonical\" href=\"https:\/\/www.bastillehostel.com\/fr\/bons-plans-paris\/quartier-latin\/danser-quartier-latin\/\" \/>\n<meta property=\"og:locale\" content=\"fr_FR\" \/>\n<meta property=\"og:type\" content=\"article\" \/>\n<meta property=\"og:title\" content=\"O\u00f9 danser dans le Quartier latin - Bastille Hostel - Auberge de jeunesse \u00e0 Paris\" \/>\n<meta property=\"og:description\" content=\"Le Quartier latin est plut\u00f4t pauvre en mati\u00e8re de boite de nuit. Les rares discoth\u00e8ques du coin sont g\u00e9n\u00e9ralement am\u00e9nag\u00e9es dans d&rsquo;anciennescaves vo\u00fbt\u00e9es. Dans ce cadre remarquable, l&rsquo;ambiance devient vite intime. Le Saint 7 rue Saint-S\u00e9verin &#8211; 75005 Paris &#8211; M\u00e9tro : Saint-Michel Sous ces myst\u00e9rieuse caves\" \/>\n<meta property=\"og:url\" content=\"https:\/\/www.bastillehostel.com\/fr\/bons-plans-paris\/quartier-latin\/danser-quartier-latin\/\" \/>\n<meta property=\"og:site_name\" content=\"Bastille Hostel - Auberge de jeunesse \u00e0 Paris\" \/>\n<meta property=\"article:modified_time\" content=\"2018-06-19T12:47:17+00:00\" \/>\n<meta property=\"og:image\" content=\"https:\/\/www.bastillehostel.com\/wp-content\/uploads\/2013\/10\/le-saint.jpg\" \/>\n<meta name=\"twitter:card\" content=\"summary_large_image\" \/>\n<meta name=\"twitter:label1\" content=\"Dur\u00e9e de lecture estim\u00e9e\" \/>\n\t<meta name=\"twitter:data1\" content=\"1 minute\" \/>\n<script type=\"application\/ld+json\" class=\"yoast-schema-graph\">{\"@context\":\"https:\\\/\\\/schema.org\",\"@graph\":[{\"@type\":\"WebPage\",\"@id\":\"https:\\\/\\\/www.bastillehostel.com\\\/fr\\\/bons-plans-paris\\\/quartier-latin\\\/danser-quartier-latin\\\/\",\"url\":\"https:\\\/\\\/www.bastillehostel.com\\\/fr\\\/bons-plans-paris\\\/quartier-latin\\\/danser-quartier-latin\\\/\",\"name\":\"O\u00f9 danser dans le Quartier latin - Bastille Hostel - Auberge de jeunesse \u00e0 Paris\",\"isPartOf\":{\"@id\":\"https:\\\/\\\/www.bastillehostel.com\\\/fr\\\/#website\"},\"primaryImageOfPage\":{\"@id\":\"https:\\\/\\\/www.bastillehostel.com\\\/fr\\\/bons-plans-paris\\\/quartier-latin\\\/danser-quartier-latin\\\/#primaryimage\"},\"image\":{\"@id\":\"https:\\\/\\\/www.bastillehostel.com\\\/fr\\\/bons-plans-paris\\\/quartier-latin\\\/danser-quartier-latin\\\/#primaryimage\"},\"thumbnailUrl\":\"https:\\\/\\\/www.bastillehostel.com\\\/wp-content\\\/uploads\\\/2013\\\/10\\\/le-saint.jpg\",\"datePublished\":\"2018-06-05T12:43:22+00:00\",\"dateModified\":\"2018-06-19T12:47:17+00:00\",\"breadcrumb\":{\"@id\":\"https:\\\/\\\/www.bastillehostel.com\\\/fr\\\/bons-plans-paris\\\/quartier-latin\\\/danser-quartier-latin\\\/#breadcrumb\"},\"inLanguage\":\"fr-FR\",\"potentialAction\":[{\"@type\":\"ReadAction\",\"target\":[\"https:\\\/\\\/www.bastillehostel.com\\\/fr\\\/bons-plans-paris\\\/quartier-latin\\\/danser-quartier-latin\\\/\"]}]},{\"@type\":\"ImageObject\",\"inLanguage\":\"fr-FR\",\"@id\":\"https:\\\/\\\/www.bastillehostel.com\\\/fr\\\/bons-plans-paris\\\/quartier-latin\\\/danser-quartier-latin\\\/#primaryimage\",\"url\":\"https:\\\/\\\/www.bastillehostel.com\\\/wp-content\\\/uploads\\\/2013\\\/10\\\/le-saint.jpg\",\"contentUrl\":\"https:\\\/\\\/www.bastillehostel.com\\\/wp-content\\\/uploads\\\/2013\\\/10\\\/le-saint.jpg\"},{\"@type\":\"BreadcrumbList\",\"@id\":\"https:\\\/\\\/www.bastillehostel.com\\\/fr\\\/bons-plans-paris\\\/quartier-latin\\\/danser-quartier-latin\\\/#breadcrumb\",\"itemListElement\":[{\"@type\":\"ListItem\",\"position\":1,\"name\":\"Home\",\"item\":\"https:\\\/\\\/www.bastillehostel.com\\\/fr\\\/\"},{\"@type\":\"ListItem\",\"position\":2,\"name\":\"Les bons plans \u00e0 Paris\",\"item\":\"https:\\\/\\\/www.bastillehostel.com\\\/fr\\\/bons-plans-paris\\\/\"},{\"@type\":\"ListItem\",\"position\":3,\"name\":\"D\u00e9couvrez le Quartier Latin\",\"item\":\"https:\\\/\\\/www.bastillehostel.com\\\/fr\\\/bons-plans-paris\\\/quartier-latin\\\/\"},{\"@type\":\"ListItem\",\"position\":4,\"name\":\"O\u00f9 danser dans le Quartier latin\"}]},{\"@type\":\"WebSite\",\"@id\":\"https:\\\/\\\/www.bastillehostel.com\\\/fr\\\/#website\",\"url\":\"https:\\\/\\\/www.bastillehostel.com\\\/fr\\\/\",\"name\":\"Bastille Hostel - Auberge de jeunesse \u00e0 Paris\",\"description\":\"Bastille Hostel - Auberge de jeunesse \u00e0 Paris\",\"potentialAction\":[{\"@type\":\"SearchAction\",\"target\":{\"@type\":\"EntryPoint\",\"urlTemplate\":\"https:\\\/\\\/www.bastillehostel.com\\\/fr\\\/?s={search_term_string}\"},\"query-input\":{\"@type\":\"PropertyValueSpecification\",\"valueRequired\":true,\"valueName\":\"search_term_string\"}}],\"inLanguage\":\"fr-FR\"}]}<\/script>\n<!-- \/ Yoast SEO plugin. -->","yoast_head_json":{"title":"O\u00f9 danser dans le Quartier latin - Bastille Hostel - Auberge de jeunesse \u00e0 Paris","robots":{"index":"index","follow":"follow","max-snippet":"max-snippet:-1","max-image-preview":"max-image-preview:large","max-video-preview":"max-video-preview:-1"},"canonical":"https:\/\/www.bastillehostel.com\/fr\/bons-plans-paris\/quartier-latin\/danser-quartier-latin\/","og_locale":"fr_FR","og_type":"article","og_title":"O\u00f9 danser dans le Quartier latin - Bastille Hostel - Auberge de jeunesse \u00e0 Paris","og_description":"Le Quartier latin est plut\u00f4t pauvre en mati\u00e8re de boite de nuit. Les rares discoth\u00e8ques du coin sont g\u00e9n\u00e9ralement am\u00e9nag\u00e9es dans d&rsquo;anciennescaves vo\u00fbt\u00e9es. Dans ce cadre remarquable, l&rsquo;ambiance devient vite intime. Le Saint 7 rue Saint-S\u00e9verin &#8211; 75005 Paris &#8211; M\u00e9tro : Saint-Michel Sous ces myst\u00e9rieuse caves","og_url":"https:\/\/www.bastillehostel.com\/fr\/bons-plans-paris\/quartier-latin\/danser-quartier-latin\/","og_site_name":"Bastille Hostel - Auberge de jeunesse \u00e0 Paris","article_modified_time":"2018-06-19T12:47:17+00:00","og_image":[{"url":"https:\/\/www.bastillehostel.com\/wp-content\/uploads\/2013\/10\/le-saint.jpg","type":"","width":"","height":""}],"twitter_card":"summary_large_image","twitter_misc":{"Dur\u00e9e de lecture estim\u00e9e":"1 minute"},"schema":{"@context":"https:\/\/schema.org","@graph":[{"@type":"WebPage","@id":"https:\/\/www.bastillehostel.com\/fr\/bons-plans-paris\/quartier-latin\/danser-quartier-latin\/","url":"https:\/\/www.bastillehostel.com\/fr\/bons-plans-paris\/quartier-latin\/danser-quartier-latin\/","name":"O\u00f9 danser dans le Quartier latin - Bastille Hostel - Auberge de jeunesse \u00e0 Paris","isPartOf":{"@id":"https:\/\/www.bastillehostel.com\/fr\/#website"},"primaryImageOfPage":{"@id":"https:\/\/www.bastillehostel.com\/fr\/bons-plans-paris\/quartier-latin\/danser-quartier-latin\/#primaryimage"},"image":{"@id":"https:\/\/www.bastillehostel.com\/fr\/bons-plans-paris\/quartier-latin\/danser-quartier-latin\/#primaryimage"},"thumbnailUrl":"https:\/\/www.bastillehostel.com\/wp-content\/uploads\/2013\/10\/le-saint.jpg","datePublished":"2018-06-05T12:43:22+00:00","dateModified":"2018-06-19T12:47:17+00:00","breadcrumb":{"@id":"https:\/\/www.bastillehostel.com\/fr\/bons-plans-paris\/quartier-latin\/danser-quartier-latin\/#breadcrumb"},"inLanguage":"fr-FR","potentialAction":[{"@type":"ReadAction","target":["https:\/\/www.bastillehostel.com\/fr\/bons-plans-paris\/quartier-latin\/danser-quartier-latin\/"]}]},{"@type":"ImageObject","inLanguage":"fr-FR","@id":"https:\/\/www.bastillehostel.com\/fr\/bons-plans-paris\/quartier-latin\/danser-quartier-latin\/#primaryimage","url":"https:\/\/www.bastillehostel.com\/wp-content\/uploads\/2013\/10\/le-saint.jpg","contentUrl":"https:\/\/www.bastillehostel.com\/wp-content\/uploads\/2013\/10\/le-saint.jpg"},{"@type":"BreadcrumbList","@id":"https:\/\/www.bastillehostel.com\/fr\/bons-plans-paris\/quartier-latin\/danser-quartier-latin\/#breadcrumb","itemListElement":[{"@type":"ListItem","position":1,"name":"Home","item":"https:\/\/www.bastillehostel.com\/fr\/"},{"@type":"ListItem","position":2,"name":"Les bons plans \u00e0 Paris","item":"https:\/\/www.bastillehostel.com\/fr\/bons-plans-paris\/"},{"@type":"ListItem","position":3,"name":"D\u00e9couvrez le Quartier Latin","item":"https:\/\/www.bastillehostel.com\/fr\/bons-plans-paris\/quartier-latin\/"},{"@type":"ListItem","position":4,"name":"O\u00f9 danser dans le Quartier latin"}]},{"@type":"WebSite","@id":"https:\/\/www.bastillehostel.com\/fr\/#website","url":"https:\/\/www.bastillehostel.com\/fr\/","name":"Bastille Hostel - Auberge de jeunesse \u00e0 Paris","description":"Bastille Hostel - Auberge de jeunesse \u00e0 Paris","potentialAction":[{"@type":"SearchAction","target":{"@type":"EntryPoint","urlTemplate":"https:\/\/www.bastillehostel.com\/fr\/?s={search_term_string}"},"query-input":{"@type":"PropertyValueSpecification","valueRequired":true,"valueName":"search_term_string"}}],"inLanguage":"fr-FR"}]}},"_links":{"self":[{"href":"https:\/\/www.bastillehostel.com\/fr\/wp-json\/wp\/v2\/pages\/4037","targetHints":{"allow":["GET"]}}],"collection":[{"href":"https:\/\/www.bastillehostel.com\/fr\/wp-json\/wp\/v2\/pages"}],"about":[{"href":"https:\/\/www.bastillehostel.com\/fr\/wp-json\/wp\/v2\/types\/page"}],"author":[{"embeddable":true,"href":"https:\/\/www.bastillehostel.com\/fr\/wp-json\/wp\/v2\/users\/4"}],"replies":[{"embeddable":true,"href":"https:\/\/www.bastillehostel.com\/fr\/wp-json\/wp\/v2\/comments?post=4037"}],"version-history":[{"count":5,"href":"https:\/\/www.bastillehostel.com\/fr\/wp-json\/wp\/v2\/pages\/4037\/revisions"}],"predecessor-version":[{"id":4941,"href":"https:\/\/www.bastillehostel.com\/fr\/wp-json\/wp\/v2\/pages\/4037\/revisions\/4941"}],"up":[{"embeddable":true,"href":"https:\/\/www.bastillehostel.com\/fr\/wp-json\/wp\/v2\/pages\/4033"}],"wp:attachment":[{"href":"https:\/\/www.bastillehostel.com\/fr\/wp-json\/wp\/v2\/media?parent=4037"}],"curies":[{"name":"wp","href":"https:\/\/api.w.org\/{rel}","templated":true}]}}