{"id":4035,"date":"2018-06-05T14:42:39","date_gmt":"2018-06-05T12:42:39","guid":{"rendered":"https:\/\/www.bastillehostel.com\/?page_id=4035"},"modified":"2018-06-19T14:47:37","modified_gmt":"2018-06-19T12:47:37","slug":"les-salles-de-concert-du-quartier-latin","status":"publish","type":"page","link":"https:\/\/www.bastillehostel.com\/fr\/bons-plans-paris\/quartier-latin\/les-salles-de-concert-du-quartier-latin\/","title":{"rendered":"Les salles de concert du Quartier latin"},"content":{"rendered":"<p>Les salles de concerts non touristique du Quartier latin, avec leur sc\u00e8ne petite et discr\u00e8te, sont une affaire d&rsquo;habitu\u00e9s. Les adresses sugg\u00e9r\u00e9es ici sont des repaires de noctambules \u00e0 cause de leurs horaires d\u00e9cal\u00e9s : ici la musique commence quand tout autour cesse.<\/p>\n<div class=\"clear\"><\/div>\n<div class=\"one_half\">\n<h4 class=\"title\"><img decoding=\"async\" class=\"alignleft size-full wp-image-614\" alt=\"la pomme d'\u00e8ve\" src=\"https:\/\/www.bastillehostel.com\/wp-content\/uploads\/2013\/10\/la-pomme-deve.jpg\" width=\"150\" height=\"150\" \/><a href=\"http:\/\/www.lapommedeve.com\/\" target=\"_blank\">La Pomme d\u2019\u00c8ve\u00a0<\/a><\/h4>\n<p><strong>1 rue Laplace &#8211; 75005 Paris &#8211; M\u00e9tro: Maubert-Mutualit\u00e9<br \/><\/strong><\/p>\n<p>Le seul bar sud-africain de la capitale vit la nuit, lorsque s on impressionnante cave vo\u00fbt\u00e9e du XIIeme si\u00e8cle, presque d\u00e9serte en d\u00e9but de soir\u00e9e, se remplit de jeunes f\u00eatard venus prendre un dernier verre dans une atmosph\u00e8re gothique chic. Bar sportif &#8211; on peut y voir sur le grand \u00e9cran toute sorte d&rsquo;\u00e9v\u00e9nement sportifs -, la Pomme d\u2019\u00c8ve programme aussi des concerts de jazz, blues, folk ou bossa-nova en semaine<\/p>\n<p>&nbsp;<\/p>\n<\/div>\n<div class=\"one_half last_column\">\n<h4 class=\"title\"><img decoding=\"async\" class=\"alignleft size-full wp-image-620\" alt=\"polly maggo\" src=\"https:\/\/www.bastillehostel.com\/wp-content\/uploads\/2013\/10\/polly-maggo.jpg\" width=\"150\" height=\"150\" \/><a href=\"http:\/\/pollymaggoo.org\/\" target=\"_blank\">Polly Maggoo <\/a><\/h4>\n<p><strong>1 rue Laplace &#8211; 75005 Paris &#8211; M\u00e9tro: Maubert-Mutualit\u00e9<br \/><\/strong><\/p>\n<p>Ce troquet insalubre pour oiseaux nocturnes s&rsquo;est transform\u00e9 en bar \u00e0 tapas color\u00e9 \u00e0 la devanture hyper soign\u00e9e. Le Polly Maggoo a-t-il trahi ses habitu\u00e9s ? Non, les noctambules sont encore les bienvenus lors des concerts (pop rock, latino, ou vari\u00e9t\u00e9 fran\u00e7aise) des vendredis et des samedis, qui se prolongent parfois jusqu&rsquo;\u00e0 5h. Au Polly, l&rsquo;ambiance n&rsquo;est pas exclusivement estudiantine mais le son est bon et les musiciens talentueux. Pour les amateurs de jazz \u00e0 ne pas rater l&rsquo;ap\u00e9ro jazz le mardi.<\/p>\n<p>&nbsp;<\/p>\n<\/div>\n<div class=\"clear\"><\/div>\n\t\t\t<style type=\"text\/css\">\n\t\t\t\t#content-block-background-1698 { background-image: url(); background-position: 50% 0; background-repeat: repeat; background-color: transparent; background-attachment: scroll; background-size: auto; }\n\t\t\t\t#content-block-body-1698 { padding: 40px 0; color: inherit; }\n\t\t\t\t.content-block-body { margin-left: auto; margin-right: auto; position: relative; }\n\t\t\t<\/style>\n\t\t\t\t\t\t\t<style type=\"text\/css\">\n\t\t\t\t\t#wrapper-1 { overflow-x: hidden; }\n\t\t\t\t\t#content-block-background-1698 { margin: 0 -10000px; padding: 0 10000px; }\n\t\t\t\t<\/style>\n\t\t\t\n\t\t\t\t\t\t<script type=\"text\/javascript\">\n\t\t\t\t\/\/ <![CDATA[\n\t\t\t\tjQuery(document).ready(function($){\n\t\t\t\t\t\"use strict\";\n\t\t\t\t\tif( ! $(\"body\").hasClass( \"mobile-detected\" ) ){\n\t\t\t\t\t\t$(\"#content-block-background-\"+1698).each(function(){\n\t\t\t\t\t\t\tvar $bgobj = $(this); \/\/ Assigning the object.\n\t\t\t\t\t\t\tvar xPos = '50%'; \/\/ x bg position value from the user shortcode.\n\t\t\t\t\t\t\t$(window).scroll(function() {\n\t\t\t\t\t\t\t\tvar yPos = -($(window).scrollTop() \/ 3);\n\t\t\t\t\t\t\t\t\/\/ Put together our final background position.\n\t\t\t\t\t\t\t\tvar coords = xPos+' '+yPos+'px';\n\t\t\t\t\t\t\t\t\/\/ Move the background.\n\t\t\t\t\t\t\t\t$bgobj.css({ backgroundPosition: coords });\n\t\t\t\t\t\t\t});\n\t\t\t\t\t\t});\n\t\t\t\t\t}\n\t\t\t\t});\n\t\t\t\t\/\/ ]]>\n\t\t\t<\/script>\n\t\t\t\n\t\t\t<div class=\"clear\"><\/div>\n\t\t\t<div id=\"content-block-background-1698\" class=\"content-block-background \">\n\t\t\t\t<div id=\"content-block-body-1698\" class=\"content-block-body\">\n\t\t\t\t\t<div class=\"clear\"><\/div>\n\t\t\t\t\t\n<div class=\"one_third\">\n<a class=\"btn orange survol\" href=\"https:\/\/www.bastillehostel.com\/fr\/bons-plans-paris\/quartier-latin\/ou-prendre-un-verre-dans-le-quartier-latin\/\"> <i class=\"fa fa-glass\" aria-hidden=\"true\"><\/i>\u00a0O\u00f9 boire un verre <br \/> dans le Quartier latin ><\/a><br \/>\n<a class=\"btn orange survol\" href=\"https:\/\/www.bastillehostel.com\/fr\/bons-plans-paris\/quartier-latin\/manger-quartier-latin\/\"><i class=\"fa fa-cutlery\" aria-hidden=\"true\"><\/i>\u00a0O\u00f9 manger <br \/>dans le Quartier latin ><\/a><br \/>\n<\/div>\n<div class=\"one_third\">\n<a class=\"btn orange survol\" href=\"https:\/\/www.bastillehostel.com\/fr\/bons-plans-paris\/quartier-latin\/danser-quartier-latin\/\"><i class=\"fa fa-music\" aria-hidden=\"true\"><\/i>\u00a0O\u00f9 danser <br \/> dans le Quartier latin ><\/a><br \/>\n<a class=\"btn orange survol\" href=\"https:\/\/www.bastillehostel.com\/fr\/bons-plans-paris\/quartier-latin\/les-salles-de-concert-du-quartier-latin\/\"><i class=\"fa fa-music\" aria-hidden=\"true\"><\/i>\u00a0Les salles de concert<br \/>  du Quartier latin ><\/a><br \/>\n<\/div>\n<div class=\"one_third last_column\">\n<a class=\"btn orange survol\" href=\"https:\/\/www.bastillehostel.com\/fr\/bons-plans-paris\/quartier-latin\/se-bouger-autour-du-quartier-latin\/\"><i class=\"fa fa-bicycle\" aria-hidden=\"true\"><\/i>\u00a0Se bouger <br \/>autour  du Quartier latin ><\/a><\/p>\n<\/div>\n\t\t\t\t\t<div class=\"clear\"><\/div>\n\t\t\t\t<\/div>\n\t\t\t<\/div>\n\t\t\t<div class=\"clear\"><\/div>\n\t\t\t\n","protected":false},"excerpt":{"rendered":"<p>Les salles de concerts non touristique du Quartier latin, avec leur sc\u00e8ne petite et discr\u00e8te, sont une affaire d&rsquo;habitu\u00e9s. Les adresses sugg\u00e9r\u00e9es ici sont des repaires de noctambules \u00e0 cause de leurs horaires d\u00e9cal\u00e9s : ici la musique commence quand tout autour cesse.<\/p>\n","protected":false},"author":4,"featured_media":0,"parent":4033,"menu_order":0,"comment_status":"closed","ping_status":"closed","template":"","meta":{"footnotes":""},"class_list":["post-4035","page","type-page","status-publish","hentry"],"yoast_head":"<!-- This site is optimized with the Yoast SEO plugin v27.4 - https:\/\/yoast.com\/product\/yoast-seo-wordpress\/ -->\n<title>Les salles de concert du Quartier latin - Bastille Hostel - Auberge de jeunesse \u00e0 Paris<\/title>\n<meta name=\"robots\" content=\"index, follow, max-snippet:-1, max-image-preview:large, max-video-preview:-1\" \/>\n<link rel=\"canonical\" href=\"https:\/\/www.bastillehostel.com\/fr\/bons-plans-paris\/quartier-latin\/les-salles-de-concert-du-quartier-latin\/\" \/>\n<meta property=\"og:locale\" content=\"fr_FR\" \/>\n<meta property=\"og:type\" content=\"article\" \/>\n<meta property=\"og:title\" content=\"Les salles de concert du Quartier latin - Bastille Hostel - Auberge de jeunesse \u00e0 Paris\" \/>\n<meta property=\"og:description\" content=\"Les salles de concerts non touristique du Quartier latin, avec leur sc\u00e8ne petite et discr\u00e8te, sont une affaire d&rsquo;habitu\u00e9s. Les adresses sugg\u00e9r\u00e9es ici sont des repaires de noctambules \u00e0 cause de leurs horaires d\u00e9cal\u00e9s : ici la musique commence quand tout autour cesse.\" \/>\n<meta property=\"og:url\" content=\"https:\/\/www.bastillehostel.com\/fr\/bons-plans-paris\/quartier-latin\/les-salles-de-concert-du-quartier-latin\/\" \/>\n<meta property=\"og:site_name\" content=\"Bastille Hostel - Auberge de jeunesse \u00e0 Paris\" \/>\n<meta property=\"article:modified_time\" content=\"2018-06-19T12:47:37+00:00\" \/>\n<meta property=\"og:image\" content=\"https:\/\/www.bastillehostel.com\/wp-content\/uploads\/2013\/10\/la-pomme-deve.jpg\" \/>\n<meta name=\"twitter:card\" content=\"summary_large_image\" \/>\n<meta name=\"twitter:label1\" content=\"Dur\u00e9e de lecture estim\u00e9e\" \/>\n\t<meta name=\"twitter:data1\" content=\"1 minute\" \/>\n<script type=\"application\/ld+json\" class=\"yoast-schema-graph\">{\"@context\":\"https:\\\/\\\/schema.org\",\"@graph\":[{\"@type\":\"WebPage\",\"@id\":\"https:\\\/\\\/www.bastillehostel.com\\\/fr\\\/bons-plans-paris\\\/quartier-latin\\\/les-salles-de-concert-du-quartier-latin\\\/\",\"url\":\"https:\\\/\\\/www.bastillehostel.com\\\/fr\\\/bons-plans-paris\\\/quartier-latin\\\/les-salles-de-concert-du-quartier-latin\\\/\",\"name\":\"Les salles de concert du Quartier latin - Bastille Hostel - Auberge de jeunesse \u00e0 Paris\",\"isPartOf\":{\"@id\":\"https:\\\/\\\/www.bastillehostel.com\\\/fr\\\/#website\"},\"primaryImageOfPage\":{\"@id\":\"https:\\\/\\\/www.bastillehostel.com\\\/fr\\\/bons-plans-paris\\\/quartier-latin\\\/les-salles-de-concert-du-quartier-latin\\\/#primaryimage\"},\"image\":{\"@id\":\"https:\\\/\\\/www.bastillehostel.com\\\/fr\\\/bons-plans-paris\\\/quartier-latin\\\/les-salles-de-concert-du-quartier-latin\\\/#primaryimage\"},\"thumbnailUrl\":\"https:\\\/\\\/www.bastillehostel.com\\\/wp-content\\\/uploads\\\/2013\\\/10\\\/la-pomme-deve.jpg\",\"datePublished\":\"2018-06-05T12:42:39+00:00\",\"dateModified\":\"2018-06-19T12:47:37+00:00\",\"breadcrumb\":{\"@id\":\"https:\\\/\\\/www.bastillehostel.com\\\/fr\\\/bons-plans-paris\\\/quartier-latin\\\/les-salles-de-concert-du-quartier-latin\\\/#breadcrumb\"},\"inLanguage\":\"fr-FR\",\"potentialAction\":[{\"@type\":\"ReadAction\",\"target\":[\"https:\\\/\\\/www.bastillehostel.com\\\/fr\\\/bons-plans-paris\\\/quartier-latin\\\/les-salles-de-concert-du-quartier-latin\\\/\"]}]},{\"@type\":\"ImageObject\",\"inLanguage\":\"fr-FR\",\"@id\":\"https:\\\/\\\/www.bastillehostel.com\\\/fr\\\/bons-plans-paris\\\/quartier-latin\\\/les-salles-de-concert-du-quartier-latin\\\/#primaryimage\",\"url\":\"https:\\\/\\\/www.bastillehostel.com\\\/wp-content\\\/uploads\\\/2013\\\/10\\\/la-pomme-deve.jpg\",\"contentUrl\":\"https:\\\/\\\/www.bastillehostel.com\\\/wp-content\\\/uploads\\\/2013\\\/10\\\/la-pomme-deve.jpg\"},{\"@type\":\"BreadcrumbList\",\"@id\":\"https:\\\/\\\/www.bastillehostel.com\\\/fr\\\/bons-plans-paris\\\/quartier-latin\\\/les-salles-de-concert-du-quartier-latin\\\/#breadcrumb\",\"itemListElement\":[{\"@type\":\"ListItem\",\"position\":1,\"name\":\"Home\",\"item\":\"https:\\\/\\\/www.bastillehostel.com\\\/fr\\\/\"},{\"@type\":\"ListItem\",\"position\":2,\"name\":\"Les bons plans \u00e0 Paris\",\"item\":\"https:\\\/\\\/www.bastillehostel.com\\\/fr\\\/bons-plans-paris\\\/\"},{\"@type\":\"ListItem\",\"position\":3,\"name\":\"D\u00e9couvrez le Quartier Latin\",\"item\":\"https:\\\/\\\/www.bastillehostel.com\\\/fr\\\/bons-plans-paris\\\/quartier-latin\\\/\"},{\"@type\":\"ListItem\",\"position\":4,\"name\":\"Les salles de concert du Quartier latin\"}]},{\"@type\":\"WebSite\",\"@id\":\"https:\\\/\\\/www.bastillehostel.com\\\/fr\\\/#website\",\"url\":\"https:\\\/\\\/www.bastillehostel.com\\\/fr\\\/\",\"name\":\"Bastille Hostel - Auberge de jeunesse \u00e0 Paris\",\"description\":\"Bastille Hostel - Auberge de jeunesse \u00e0 Paris\",\"potentialAction\":[{\"@type\":\"SearchAction\",\"target\":{\"@type\":\"EntryPoint\",\"urlTemplate\":\"https:\\\/\\\/www.bastillehostel.com\\\/fr\\\/?s={search_term_string}\"},\"query-input\":{\"@type\":\"PropertyValueSpecification\",\"valueRequired\":true,\"valueName\":\"search_term_string\"}}],\"inLanguage\":\"fr-FR\"}]}<\/script>\n<!-- \/ Yoast SEO plugin. -->","yoast_head_json":{"title":"Les salles de concert du Quartier latin - Bastille Hostel - Auberge de jeunesse \u00e0 Paris","robots":{"index":"index","follow":"follow","max-snippet":"max-snippet:-1","max-image-preview":"max-image-preview:large","max-video-preview":"max-video-preview:-1"},"canonical":"https:\/\/www.bastillehostel.com\/fr\/bons-plans-paris\/quartier-latin\/les-salles-de-concert-du-quartier-latin\/","og_locale":"fr_FR","og_type":"article","og_title":"Les salles de concert du Quartier latin - Bastille Hostel - Auberge de jeunesse \u00e0 Paris","og_description":"Les salles de concerts non touristique du Quartier latin, avec leur sc\u00e8ne petite et discr\u00e8te, sont une affaire d&rsquo;habitu\u00e9s. Les adresses sugg\u00e9r\u00e9es ici sont des repaires de noctambules \u00e0 cause de leurs horaires d\u00e9cal\u00e9s : ici la musique commence quand tout autour cesse.","og_url":"https:\/\/www.bastillehostel.com\/fr\/bons-plans-paris\/quartier-latin\/les-salles-de-concert-du-quartier-latin\/","og_site_name":"Bastille Hostel - Auberge de jeunesse \u00e0 Paris","article_modified_time":"2018-06-19T12:47:37+00:00","og_image":[{"url":"https:\/\/www.bastillehostel.com\/wp-content\/uploads\/2013\/10\/la-pomme-deve.jpg","type":"","width":"","height":""}],"twitter_card":"summary_large_image","twitter_misc":{"Dur\u00e9e de lecture estim\u00e9e":"1 minute"},"schema":{"@context":"https:\/\/schema.org","@graph":[{"@type":"WebPage","@id":"https:\/\/www.bastillehostel.com\/fr\/bons-plans-paris\/quartier-latin\/les-salles-de-concert-du-quartier-latin\/","url":"https:\/\/www.bastillehostel.com\/fr\/bons-plans-paris\/quartier-latin\/les-salles-de-concert-du-quartier-latin\/","name":"Les salles de concert du Quartier latin - Bastille Hostel - Auberge de jeunesse \u00e0 Paris","isPartOf":{"@id":"https:\/\/www.bastillehostel.com\/fr\/#website"},"primaryImageOfPage":{"@id":"https:\/\/www.bastillehostel.com\/fr\/bons-plans-paris\/quartier-latin\/les-salles-de-concert-du-quartier-latin\/#primaryimage"},"image":{"@id":"https:\/\/www.bastillehostel.com\/fr\/bons-plans-paris\/quartier-latin\/les-salles-de-concert-du-quartier-latin\/#primaryimage"},"thumbnailUrl":"https:\/\/www.bastillehostel.com\/wp-content\/uploads\/2013\/10\/la-pomme-deve.jpg","datePublished":"2018-06-05T12:42:39+00:00","dateModified":"2018-06-19T12:47:37+00:00","breadcrumb":{"@id":"https:\/\/www.bastillehostel.com\/fr\/bons-plans-paris\/quartier-latin\/les-salles-de-concert-du-quartier-latin\/#breadcrumb"},"inLanguage":"fr-FR","potentialAction":[{"@type":"ReadAction","target":["https:\/\/www.bastillehostel.com\/fr\/bons-plans-paris\/quartier-latin\/les-salles-de-concert-du-quartier-latin\/"]}]},{"@type":"ImageObject","inLanguage":"fr-FR","@id":"https:\/\/www.bastillehostel.com\/fr\/bons-plans-paris\/quartier-latin\/les-salles-de-concert-du-quartier-latin\/#primaryimage","url":"https:\/\/www.bastillehostel.com\/wp-content\/uploads\/2013\/10\/la-pomme-deve.jpg","contentUrl":"https:\/\/www.bastillehostel.com\/wp-content\/uploads\/2013\/10\/la-pomme-deve.jpg"},{"@type":"BreadcrumbList","@id":"https:\/\/www.bastillehostel.com\/fr\/bons-plans-paris\/quartier-latin\/les-salles-de-concert-du-quartier-latin\/#breadcrumb","itemListElement":[{"@type":"ListItem","position":1,"name":"Home","item":"https:\/\/www.bastillehostel.com\/fr\/"},{"@type":"ListItem","position":2,"name":"Les bons plans \u00e0 Paris","item":"https:\/\/www.bastillehostel.com\/fr\/bons-plans-paris\/"},{"@type":"ListItem","position":3,"name":"D\u00e9couvrez le Quartier Latin","item":"https:\/\/www.bastillehostel.com\/fr\/bons-plans-paris\/quartier-latin\/"},{"@type":"ListItem","position":4,"name":"Les salles de concert du Quartier latin"}]},{"@type":"WebSite","@id":"https:\/\/www.bastillehostel.com\/fr\/#website","url":"https:\/\/www.bastillehostel.com\/fr\/","name":"Bastille Hostel - Auberge de jeunesse \u00e0 Paris","description":"Bastille Hostel - Auberge de jeunesse \u00e0 Paris","potentialAction":[{"@type":"SearchAction","target":{"@type":"EntryPoint","urlTemplate":"https:\/\/www.bastillehostel.com\/fr\/?s={search_term_string}"},"query-input":{"@type":"PropertyValueSpecification","valueRequired":true,"valueName":"search_term_string"}}],"inLanguage":"fr-FR"}]}},"_links":{"self":[{"href":"https:\/\/www.bastillehostel.com\/fr\/wp-json\/wp\/v2\/pages\/4035","targetHints":{"allow":["GET"]}}],"collection":[{"href":"https:\/\/www.bastillehostel.com\/fr\/wp-json\/wp\/v2\/pages"}],"about":[{"href":"https:\/\/www.bastillehostel.com\/fr\/wp-json\/wp\/v2\/types\/page"}],"author":[{"embeddable":true,"href":"https:\/\/www.bastillehostel.com\/fr\/wp-json\/wp\/v2\/users\/4"}],"replies":[{"embeddable":true,"href":"https:\/\/www.bastillehostel.com\/fr\/wp-json\/wp\/v2\/comments?post=4035"}],"version-history":[{"count":10,"href":"https:\/\/www.bastillehostel.com\/fr\/wp-json\/wp\/v2\/pages\/4035\/revisions"}],"predecessor-version":[{"id":4944,"href":"https:\/\/www.bastillehostel.com\/fr\/wp-json\/wp\/v2\/pages\/4035\/revisions\/4944"}],"up":[{"embeddable":true,"href":"https:\/\/www.bastillehostel.com\/fr\/wp-json\/wp\/v2\/pages\/4033"}],"wp:attachment":[{"href":"https:\/\/www.bastillehostel.com\/fr\/wp-json\/wp\/v2\/media?parent=4035"}],"curies":[{"name":"wp","href":"https:\/\/api.w.org\/{rel}","templated":true}]}}