{"id":3967,"date":"2018-03-01T12:37:27","date_gmt":"2018-03-01T11:37:27","guid":{"rendered":"https:\/\/www.bastillehostel.com\/?page_id=3967"},"modified":"2018-06-19T14:37:05","modified_gmt":"2018-06-19T12:37:05","slug":"manger-dans-le-marais","status":"publish","type":"page","link":"https:\/\/www.bastillehostel.com\/fr\/bons-plans-paris\/marais\/manger-dans-le-marais\/","title":{"rendered":"O\u00f9 manger dans le Marais"},"content":{"rendered":"<p>Brunch du dimanche, falafels de la rue des Rosiers, bagels de tradition juive, cours des h\u00f4tels particuliers se transformant en terrasses de caf\u00e9&#8230; Voil\u00e0 quelques facette gourmandes du Marais. Faire une pause d\u00e9jeuner dans le quartier peut se r\u00e9v\u00e9ler plus abordable que ce que l&rsquo;on pourrait croire.<\/p>\n\t\t\t<style type=\"text\/css\">\n\t\t\t\t#content-block-background-1099 { background-image: url(); background-position: 50% 0; background-repeat: repeat; background-color: transparent; background-attachment: scroll; background-size: auto; }\n\t\t\t\t#content-block-body-1099 { padding: 40px 0; color: inherit; }\n\t\t\t\t.content-block-body { margin-left: auto; margin-right: auto; position: relative; }\n\t\t\t<\/style>\n\t\t\t\t\t\t\t<style type=\"text\/css\">\n\t\t\t\t\t#wrapper-1 { overflow-x: hidden; }\n\t\t\t\t\t#content-block-background-1099 { margin: 0 -10000px; padding: 0 10000px; }\n\t\t\t\t<\/style>\n\t\t\t\n\t\t\t\t\t\t<script type=\"text\/javascript\">\n\t\t\t\t\/\/ <![CDATA[\n\t\t\t\tjQuery(document).ready(function($){\n\t\t\t\t\t\"use strict\";\n\t\t\t\t\tif( ! $(\"body\").hasClass( \"mobile-detected\" ) ){\n\t\t\t\t\t\t$(\"#content-block-background-\"+1099).each(function(){\n\t\t\t\t\t\t\tvar $bgobj = $(this); \/\/ Assigning the object.\n\t\t\t\t\t\t\tvar xPos = '50%'; \/\/ x bg position value from the user shortcode.\n\t\t\t\t\t\t\t$(window).scroll(function() {\n\t\t\t\t\t\t\t\tvar yPos = -($(window).scrollTop() \/ 3);\n\t\t\t\t\t\t\t\t\/\/ Put together our final background position.\n\t\t\t\t\t\t\t\tvar coords = xPos+' '+yPos+'px';\n\t\t\t\t\t\t\t\t\/\/ Move the background.\n\t\t\t\t\t\t\t\t$bgobj.css({ backgroundPosition: coords });\n\t\t\t\t\t\t\t});\n\t\t\t\t\t\t});\n\t\t\t\t\t}\n\t\t\t\t});\n\t\t\t\t\/\/ ]]>\n\t\t\t<\/script>\n\t\t\t\n\t\t\t<div class=\"clear\"><\/div>\n\t\t\t<div id=\"content-block-background-1099\" class=\"content-block-background \">\n\t\t\t\t<div id=\"content-block-body-1099\" class=\"content-block-body\">\n\t\t\t\t\t<div class=\"clear\"><\/div>\n\t\t\t\t\t\n<div class=\"one_third\">\n<img decoding=\"async\" src=\"https:\/\/www.bastillehostel.com\/wp-content\/uploads\/2018\/06\/breakfast-in-america.jpg\" alt=\"\" width=\"150\" height=\"150\" class=\"aligncenter size-full wp-image-4111\" \/><\/p>\n<h4 class=\"title\"><a href=\"https:\/\/www.facebook.com\/BreakfastInAmerica1\/\" target=\"_blank\">Breakfast In America (american diner)<\/a><\/h4>\n<p><strong>17, rue des Ecoles &#8211; 75005 Paris &#8211; M\u00e9tro : Saint-Paul<\/strong><\/p>\n<p>Amateurs du petit-d\u00e9jeuner \u00e0 l&rsquo;am\u00e9ricaine, cette adresse est pour vous ! Le brunch du BIA est renomm\u00e9 de longue date ; du coup, l&rsquo;attente y est in\u00e9vitable le dimanche, quand on vient s&rsquo;y rassasier apr\u00e8s les effluves de la veille (l\u00e8ve-tard, ne paniquer pas : ici le brunch est servi <em>all day long !<\/em>). C&rsquo;est vrais, la salle est petite et l&rsquo;attente peut \u00eatre longue. Mais une fois aval\u00e9s d\u00e9licieux pancakes et <em>sausages &amp; eggs<\/em>, votre estomac vous remerciera d&rsquo;avoir tenu le coup ! Et pour \u00eatre dans l&rsquo;air du temps, choisissez l&rsquo;Obama milk shake, au chocolat et beurre de cacahu\u00e8tes.<\/p>\n<\/div>\n<div class=\"one_third\">\n<img decoding=\"async\" src=\"https:\/\/www.bastillehostel.com\/wp-content\/uploads\/2018\/06\/L_as_du_falafel.jpg\" alt=\"\" width=\"150\" height=\"150\" class=\"aligncenter size-full wp-image-4112\" \/><\/p>\n<h4 class=\"title\"><a href=\"http:\/\/l-as-du-fallafel.zenchef.com\/\" target=\"_blank\" >L&rsquo;as du Falafel (falafel)<\/a><\/h4>\n<p><strong>34 Rue des Rosiers &#8211; 75004 Paris &#8211; M\u00e9tro : Saint-Paul<\/strong><\/p>\n<p>La rue des Rosiers regorge de restaurant cach\u00e9s mais il n&rsquo;y a pas photo&#8230; L&rsquo;As du Falafel, avec se devanture verte, son incontournable queue \u00e0 l\u2019ext\u00e9rieur et son accueil exub\u00e9rant, sort du lot. Sp\u00e9cialit\u00e9 maison, le falafel v\u00e9g\u00e9tarien (5\u20ac \u00e0 emporter et 14\u20ac sur place), le meilleur de Paris, si l&rsquo;on en croit la devise du lieu (\u00ab\u00a0Toujours imit\u00e9 et jamais \u00e9gal\u00e9\u00a0\u00bb). Petit scoop : Lenny Kravitz est un habitu\u00e9&#8230; Les filles, vous l&rsquo;avez d\u00e9j\u00e0 vu enfourch\u00e9 un V\u00e9lib.<\/p>\n<\/div>\n<div class=\"one_third last_column\">\n<img decoding=\"async\" src=\"https:\/\/www.bastillehostel.com\/wp-content\/uploads\/2018\/06\/institut-suedois-paris.jpg\" alt=\"\" width=\"150\" height=\"150\" class=\"aligncenter size-full wp-image-4116\" \/><\/p>\n<h4 class=\"title\"><a href=\"https:\/\/plus.google.com\/104612720990539068399\/about?gl=fr&amp;hl=fr\" target=\"_blank\" >Caf\u00e9 du centre culturel su\u00e9dois (Salon de th\u00e9)<\/a><\/h4>\n<p><strong>11 rue Payenne &#8211; 75003 Paris &#8211; M\u00e9tro : Saint-Paul<\/strong><\/p>\n<p>Un petit paradis que ce minuscule caf\u00e9 avec sa terrasse install\u00e9e dans la cour pav\u00e9e de l&rsquo;H\u00f4tel de Marle et son ambiance nordique mais chaleureuse. On est \u00e0 l\u2019int\u00e9rieur du Centre Culturel su\u00e9dois, alors on ne s&rsquo;\u00e9meut pas trop du d\u00e9cor IKEA de la petite salle accueillant souvent des expositions. Th\u00e9 et caf\u00e9 sont \u00e0 2\u20ac et \u00e0 volont\u00e9 : vous gardez la tasse et vous en reprenez autant que vous voulez ! Si vous craquez sur le d\u00e9licieux <em>carrot cake<\/em> et que vous d\u00e9cidez d&rsquo;aller l\u00e9zarder au soleil, sachez que les moineaux du coins sont assez tenaces<\/p>\n<\/div>\n\t\t\t\t\t<div class=\"clear\"><\/div>\n\t\t\t\t<\/div>\n\t\t\t<\/div>\n\t\t\t<div class=\"clear\"><\/div>\n\t\t\t\n<div class=\"clear\"><\/div>\n\t\t\t<style type=\"text\/css\">\n\t\t\t\t#content-block-background-1626 { background-image: url(); background-position: 50% 0; background-repeat: repeat; background-color: transparent; background-attachment: scroll; background-size: auto; }\n\t\t\t\t#content-block-body-1626 { padding: 40px 0; color: inherit; }\n\t\t\t\t.content-block-body { margin-left: auto; margin-right: auto; position: relative; }\n\t\t\t<\/style>\n\t\t\t\t\t\t\t<style type=\"text\/css\">\n\t\t\t\t\t#wrapper-1 { overflow-x: hidden; }\n\t\t\t\t\t#content-block-background-1626 { margin: 0 -10000px; padding: 0 10000px; }\n\t\t\t\t<\/style>\n\t\t\t\n\t\t\t\t\t\t<script type=\"text\/javascript\">\n\t\t\t\t\/\/ <![CDATA[\n\t\t\t\tjQuery(document).ready(function($){\n\t\t\t\t\t\"use strict\";\n\t\t\t\t\tif( ! $(\"body\").hasClass( \"mobile-detected\" ) ){\n\t\t\t\t\t\t$(\"#content-block-background-\"+1626).each(function(){\n\t\t\t\t\t\t\tvar $bgobj = $(this); \/\/ Assigning the object.\n\t\t\t\t\t\t\tvar xPos = '50%'; \/\/ x bg position value from the user shortcode.\n\t\t\t\t\t\t\t$(window).scroll(function() {\n\t\t\t\t\t\t\t\tvar yPos = -($(window).scrollTop() \/ 3);\n\t\t\t\t\t\t\t\t\/\/ Put together our final background position.\n\t\t\t\t\t\t\t\tvar coords = xPos+' '+yPos+'px';\n\t\t\t\t\t\t\t\t\/\/ Move the background.\n\t\t\t\t\t\t\t\t$bgobj.css({ backgroundPosition: coords });\n\t\t\t\t\t\t\t});\n\t\t\t\t\t\t});\n\t\t\t\t\t}\n\t\t\t\t});\n\t\t\t\t\/\/ ]]>\n\t\t\t<\/script>\n\t\t\t\n\t\t\t<div class=\"clear\"><\/div>\n\t\t\t<div id=\"content-block-background-1626\" class=\"content-block-background \">\n\t\t\t\t<div id=\"content-block-body-1626\" class=\"content-block-body\">\n\t\t\t\t\t<div class=\"clear\"><\/div>\n\t\t\t\t\t\n<div class=\"one_third\">\n<img decoding=\"async\" src=\"https:\/\/www.bastillehostel.com\/wp-content\/uploads\/2018\/06\/Pink-Flamingo-pizzeria.jpg\" alt=\"\" width=\"150\" height=\"150\" class=\"aligncenter size-full wp-image-4114\" \/><\/p>\n<h4 class=\"title\"><a href=\"https:\/\/www.facebook.com\/Pink-Flamingo-Canal-Saint-Martin-6134619581\/\" target=\"_blank\" class=\"title\">Pink Flamingo (pizzeria)<\/a><\/h4>\n<p><strong>105 Rue Vieille du Temple &#8211; 75003 Paris &#8211; M\u00e9tro : Saint-S\u00e9bastien-Froissart<\/strong><\/p>\n<p>Entrer dans une pizzeria et en ressortir avec un ballon rose. Inviter ses potes pour un d\u00eener sur une camionnette de l&rsquo;\u00e9poque du <em>flower power<\/em>. S&rsquo;enthousiasmer devant un Basquiat comestible. Tout cela se passe au Pink Flamingo, o\u00f9 les pizzas fantaisie, r\u00e9alis\u00e9es avec des produits bio, portent des noms de Gandhi, Almodovar, Obama&#8230; Pour manger sur place, plusieurs possibilit\u00e9s : 1) la salle d\u00e9co ann\u00e9es 50 ; 2) la caravane hippie ; 3) le Pink-Nik : On commande, on prend son ballon rose et on va s&rsquo;installer dans le jardin du mus\u00e9e Picasso. Une fois la pizza pr\u00eate, on est rep\u00e9r\u00e9 par le livreur et on commence la <em>pizza party<\/em> fa\u00e7on d\u00e9jeuner sur l&rsquo;herbe.<\/p>\n<\/div>\n<div class=\"one_third\">\n<img decoding=\"async\" src=\"https:\/\/www.bastillehostel.com\/wp-content\/uploads\/2018\/06\/Berko_rambuteau.jpg\" alt=\"\" width=\"150\" height=\"150\" class=\"aligncenter size-full wp-image-4110\" \/><\/p>\n<h4 class=\"title\"><a href=\"http:\/\/www.berko.fr\/\" target=\"_blank\" class=\"title\">Berko (G\u00e2teaux)<\/a><\/h4>\n<p><strong>23 rue Rambuteau &#8211; 75004 Paris &#8211; M\u00e9tro : Rambuteau<\/strong><\/p>\n<p>Accordez vous une petite douceur avant d&rsquo;aller bosser ) la BPI ! Chez Berko, repaire de bobos en herbe et de minettes <em>fashion USA friendly<\/em>, vous serez charm\u00e9 par une vitrine gourmande montrant des rang\u00e9es interminables de mini-cupcakes color\u00e9es aux milles saveurs. Dans notre palmar\u00e8s : le \u00ab\u00a0black 70% cream chease\u00a0\u00bb, \u00ab\u00a0l&rsquo;Orange-chocolate\u00a0\u00bb, et, pour les accros des s\u00e9ries t\u00e9l\u00e9vis\u00e9es, l&rsquo;incontournable \u00ab\u00a0Dexter\u00a0\u00bb (c\u0153ur de framboises et mascarpone). Miam &#8230;<\/p>\n<\/div>\n<div class=\"one_third last_column\">\n<img decoding=\"async\" src=\"https:\/\/www.bastillehostel.com\/wp-content\/uploads\/2018\/06\/mosaique-pat-hot-dog.jpg\" alt=\"\" width=\"150\" height=\"150\" class=\"aligncenter size-full wp-image-4113\" \/><\/p>\n<h4 class=\"title\"><a href=\"https:\/\/www.facebook.com\/pages\/biz\/fast_food_restaurant\/La-Mosa%C3%AFque-Pats-Hot-Dog\/143389242371543\/\" target=\"_blank\" class=\"title\">La Mosa\u00efque (Hot-dogs)<\/a><\/h4>\n<p><strong>56 Rue du Roi de Sicile &#8211; 75004 Paris &#8211; M\u00e9tro : Saint-Paul<\/strong><\/p>\n<p>En plein c\u0153ur du Marais, l&rsquo;arri\u00e8re d&rsquo;une caravane hippie sert de devanture \u00e0 l&rsquo;\u00e9choppe \u00e0 hot-dogs du sympathique Pat. Les d\u00e9licieux chiens-chauds sont ici servis dans du <em>vrai<\/em> pain \u00e0 hot-dog et garnis avec ketchup, moutarde ou oignons frits. Variantes : hot-dog alsacien avec choucroute, tex-mex avec <em>chili con carne<\/em> et US avec oignon confit. Voil\u00e0 un casse-cro\u00fbte \u00e0 prix mini qui vous permettra d&rsquo;encha\u00eener dignement les <em>drinks<\/em>&#8230;<\/p>\n<\/div>\n\t\t\t\t\t<div class=\"clear\"><\/div>\n\t\t\t\t<\/div>\n\t\t\t<\/div>\n\t\t\t<div class=\"clear\"><\/div>\n\t\t\t\n<div class=\"clear\"><\/div>\n\t\t\t<style type=\"text\/css\">\n\t\t\t\t#content-block-background-1054 { background-image: url(); background-position: 50% 0; background-repeat: repeat; background-color: transparent; background-attachment: scroll; background-size: auto; }\n\t\t\t\t#content-block-body-1054 { padding: 40px 0; color: inherit; }\n\t\t\t\t.content-block-body { margin-left: auto; margin-right: auto; position: relative; }\n\t\t\t<\/style>\n\t\t\t\t\t\t\t<style type=\"text\/css\">\n\t\t\t\t\t#wrapper-1 { overflow-x: hidden; }\n\t\t\t\t\t#content-block-background-1054 { margin: 0 -10000px; padding: 0 10000px; }\n\t\t\t\t<\/style>\n\t\t\t\n\t\t\t\t\t\t<script type=\"text\/javascript\">\n\t\t\t\t\/\/ <![CDATA[\n\t\t\t\tjQuery(document).ready(function($){\n\t\t\t\t\t\"use strict\";\n\t\t\t\t\tif( ! $(\"body\").hasClass( \"mobile-detected\" ) ){\n\t\t\t\t\t\t$(\"#content-block-background-\"+1054).each(function(){\n\t\t\t\t\t\t\tvar $bgobj = $(this); \/\/ Assigning the object.\n\t\t\t\t\t\t\tvar xPos = '50%'; \/\/ x bg position value from the user shortcode.\n\t\t\t\t\t\t\t$(window).scroll(function() {\n\t\t\t\t\t\t\t\tvar yPos = -($(window).scrollTop() \/ 3);\n\t\t\t\t\t\t\t\t\/\/ Put together our final background position.\n\t\t\t\t\t\t\t\tvar coords = xPos+' '+yPos+'px';\n\t\t\t\t\t\t\t\t\/\/ Move the background.\n\t\t\t\t\t\t\t\t$bgobj.css({ backgroundPosition: coords });\n\t\t\t\t\t\t\t});\n\t\t\t\t\t\t});\n\t\t\t\t\t}\n\t\t\t\t});\n\t\t\t\t\/\/ ]]>\n\t\t\t<\/script>\n\t\t\t\n\t\t\t<div class=\"clear\"><\/div>\n\t\t\t<div id=\"content-block-background-1054\" class=\"content-block-background \">\n\t\t\t\t<div id=\"content-block-body-1054\" class=\"content-block-body\">\n\t\t\t\t\t<div class=\"clear\"><\/div>\n\t\t\t\t\t\n<div class=\"one_fourth\">\n<a class=\"btn orange survol\" href=\"https:\/\/www.bastillehostel.com\/fr\/bons-plans-paris\/marais\/prendre-un-verre-dans-le-marais\/\"><i class=\"fa fa-glass\" aria-hidden=\"true\"><\/i>\u00a0O\u00f9 prendre un verre<br \/> dans le Marais<\/a><br \/>\n<\/div>\n<div class=\"one_fourth\">\n<a class=\"btn orange survol\" href=\"https:\/\/www.bastillehostel.com\/fr\/bons-plans-paris\/marais\/manger-dans-le-marais\/\"><i class=\"fa fa-cutlery\" aria-hidden=\"true\"><\/i>\u00a0O\u00f9 manger <br \/>dans le Marais<\/a><br \/>\n<\/div>\n<div class=\"one_fourth\">\n<a class=\"btn orange survol\" href=\"https:\/\/www.bastillehostel.com\/fr\/bons-plans-paris\/marais\/les-salles-de-concert-dans-le-marais\/\"><i class=\"fa fa-music\" aria-hidden=\"true\"><\/i>\u00a0Les salles de concert<br \/> dans le Marais<\/a><br \/>\n<\/div>\n<div class=\"one_fourth last_column\">\n<a class=\"btn orange survol\" href=\"https:\/\/www.bastillehostel.com\/fr\/bons-plans-paris\/marais\/se-bouger-dans-le-marais\/\"><i class=\"fa fa-bicycle\" aria-hidden=\"true\"><\/i>\u00a0Se bouger<br \/> dans le Marais<\/a><br \/>\n<\/div>\n\t\t\t\t\t<div class=\"clear\"><\/div>\n\t\t\t\t<\/div>\n\t\t\t<\/div>\n\t\t\t<div class=\"clear\"><\/div>\n\t\t\t\n","protected":false},"excerpt":{"rendered":"<p>Brunch du dimanche, falafels de la rue des Rosiers, bagels de tradition juive, cours des h\u00f4tels particuliers se transformant en terrasses de caf\u00e9&#8230; Voil\u00e0 quelques facette gourmandes du Marais. Faire une pause d\u00e9jeuner dans le quartier peut se r\u00e9v\u00e9ler plus abordable que ce que l&rsquo;on pourrait croire.<\/p>\n","protected":false},"author":1,"featured_media":0,"parent":3964,"menu_order":0,"comment_status":"closed","ping_status":"closed","template":"page-FullWidth.php","meta":{"footnotes":""},"class_list":["post-3967","page","type-page","status-publish","hentry"],"yoast_head":"<!-- This site is optimized with the Yoast SEO plugin v27.5 - https:\/\/yoast.com\/product\/yoast-seo-wordpress\/ -->\n<title>O\u00f9 manger dans le Marais - Bastille Hostel - Auberge de jeunesse \u00e0 Paris<\/title>\n<meta name=\"robots\" content=\"index, follow, max-snippet:-1, max-image-preview:large, max-video-preview:-1\" \/>\n<link rel=\"canonical\" href=\"https:\/\/www.bastillehostel.com\/fr\/bons-plans-paris\/marais\/manger-dans-le-marais\/\" \/>\n<meta property=\"og:locale\" content=\"fr_FR\" \/>\n<meta property=\"og:type\" content=\"article\" \/>\n<meta property=\"og:title\" content=\"O\u00f9 manger dans le Marais - Bastille Hostel - Auberge de jeunesse \u00e0 Paris\" \/>\n<meta property=\"og:description\" content=\"Brunch du dimanche, falafels de la rue des Rosiers, bagels de tradition juive, cours des h\u00f4tels particuliers se transformant en terrasses de caf\u00e9&#8230; Voil\u00e0 quelques facette gourmandes du Marais. Faire une pause d\u00e9jeuner dans le quartier peut se r\u00e9v\u00e9ler plus abordable que ce que l&rsquo;on pourrait croire.\" \/>\n<meta property=\"og:url\" content=\"https:\/\/www.bastillehostel.com\/fr\/bons-plans-paris\/marais\/manger-dans-le-marais\/\" \/>\n<meta property=\"og:site_name\" content=\"Bastille Hostel - Auberge de jeunesse \u00e0 Paris\" \/>\n<meta property=\"article:modified_time\" content=\"2018-06-19T12:37:05+00:00\" \/>\n<meta property=\"og:image\" content=\"https:\/\/www.bastillehostel.com\/wp-content\/uploads\/2018\/06\/breakfast-in-america.jpg\" \/>\n<meta name=\"twitter:card\" content=\"summary_large_image\" \/>\n<meta name=\"twitter:label1\" content=\"Dur\u00e9e de lecture estim\u00e9e\" \/>\n\t<meta name=\"twitter:data1\" content=\"4 minutes\" \/>\n<script type=\"application\/ld+json\" class=\"yoast-schema-graph\">{\"@context\":\"https:\\\/\\\/schema.org\",\"@graph\":[{\"@type\":\"WebPage\",\"@id\":\"https:\\\/\\\/www.bastillehostel.com\\\/fr\\\/bons-plans-paris\\\/marais\\\/manger-dans-le-marais\\\/\",\"url\":\"https:\\\/\\\/www.bastillehostel.com\\\/fr\\\/bons-plans-paris\\\/marais\\\/manger-dans-le-marais\\\/\",\"name\":\"O\u00f9 manger dans le Marais - Bastille Hostel - Auberge de jeunesse \u00e0 Paris\",\"isPartOf\":{\"@id\":\"https:\\\/\\\/www.bastillehostel.com\\\/fr\\\/#website\"},\"primaryImageOfPage\":{\"@id\":\"https:\\\/\\\/www.bastillehostel.com\\\/fr\\\/bons-plans-paris\\\/marais\\\/manger-dans-le-marais\\\/#primaryimage\"},\"image\":{\"@id\":\"https:\\\/\\\/www.bastillehostel.com\\\/fr\\\/bons-plans-paris\\\/marais\\\/manger-dans-le-marais\\\/#primaryimage\"},\"thumbnailUrl\":\"https:\\\/\\\/www.bastillehostel.com\\\/wp-content\\\/uploads\\\/2018\\\/06\\\/breakfast-in-america.jpg\",\"datePublished\":\"2018-03-01T11:37:27+00:00\",\"dateModified\":\"2018-06-19T12:37:05+00:00\",\"breadcrumb\":{\"@id\":\"https:\\\/\\\/www.bastillehostel.com\\\/fr\\\/bons-plans-paris\\\/marais\\\/manger-dans-le-marais\\\/#breadcrumb\"},\"inLanguage\":\"fr-FR\",\"potentialAction\":[{\"@type\":\"ReadAction\",\"target\":[\"https:\\\/\\\/www.bastillehostel.com\\\/fr\\\/bons-plans-paris\\\/marais\\\/manger-dans-le-marais\\\/\"]}]},{\"@type\":\"ImageObject\",\"inLanguage\":\"fr-FR\",\"@id\":\"https:\\\/\\\/www.bastillehostel.com\\\/fr\\\/bons-plans-paris\\\/marais\\\/manger-dans-le-marais\\\/#primaryimage\",\"url\":\"https:\\\/\\\/www.bastillehostel.com\\\/wp-content\\\/uploads\\\/2018\\\/06\\\/breakfast-in-america.jpg\",\"contentUrl\":\"https:\\\/\\\/www.bastillehostel.com\\\/wp-content\\\/uploads\\\/2018\\\/06\\\/breakfast-in-america.jpg\"},{\"@type\":\"BreadcrumbList\",\"@id\":\"https:\\\/\\\/www.bastillehostel.com\\\/fr\\\/bons-plans-paris\\\/marais\\\/manger-dans-le-marais\\\/#breadcrumb\",\"itemListElement\":[{\"@type\":\"ListItem\",\"position\":1,\"name\":\"Home\",\"item\":\"https:\\\/\\\/www.bastillehostel.com\\\/fr\\\/\"},{\"@type\":\"ListItem\",\"position\":2,\"name\":\"Les bons plans \u00e0 Paris\",\"item\":\"https:\\\/\\\/www.bastillehostel.com\\\/fr\\\/bons-plans-paris\\\/\"},{\"@type\":\"ListItem\",\"position\":3,\"name\":\"D\u00e9couvrez le quartier du Marais\",\"item\":\"https:\\\/\\\/www.bastillehostel.com\\\/fr\\\/bons-plans-paris\\\/marais\\\/\"},{\"@type\":\"ListItem\",\"position\":4,\"name\":\"O\u00f9 manger dans le Marais\"}]},{\"@type\":\"WebSite\",\"@id\":\"https:\\\/\\\/www.bastillehostel.com\\\/fr\\\/#website\",\"url\":\"https:\\\/\\\/www.bastillehostel.com\\\/fr\\\/\",\"name\":\"Bastille Hostel - Auberge de jeunesse \u00e0 Paris\",\"description\":\"Bastille Hostel - Auberge de jeunesse \u00e0 Paris\",\"potentialAction\":[{\"@type\":\"SearchAction\",\"target\":{\"@type\":\"EntryPoint\",\"urlTemplate\":\"https:\\\/\\\/www.bastillehostel.com\\\/fr\\\/?s={search_term_string}\"},\"query-input\":{\"@type\":\"PropertyValueSpecification\",\"valueRequired\":true,\"valueName\":\"search_term_string\"}}],\"inLanguage\":\"fr-FR\"}]}<\/script>\n<!-- \/ Yoast SEO plugin. -->","yoast_head_json":{"title":"O\u00f9 manger dans le Marais - Bastille Hostel - Auberge de jeunesse \u00e0 Paris","robots":{"index":"index","follow":"follow","max-snippet":"max-snippet:-1","max-image-preview":"max-image-preview:large","max-video-preview":"max-video-preview:-1"},"canonical":"https:\/\/www.bastillehostel.com\/fr\/bons-plans-paris\/marais\/manger-dans-le-marais\/","og_locale":"fr_FR","og_type":"article","og_title":"O\u00f9 manger dans le Marais - Bastille Hostel - Auberge de jeunesse \u00e0 Paris","og_description":"Brunch du dimanche, falafels de la rue des Rosiers, bagels de tradition juive, cours des h\u00f4tels particuliers se transformant en terrasses de caf\u00e9&#8230; Voil\u00e0 quelques facette gourmandes du Marais. Faire une pause d\u00e9jeuner dans le quartier peut se r\u00e9v\u00e9ler plus abordable que ce que l&rsquo;on pourrait croire.","og_url":"https:\/\/www.bastillehostel.com\/fr\/bons-plans-paris\/marais\/manger-dans-le-marais\/","og_site_name":"Bastille Hostel - Auberge de jeunesse \u00e0 Paris","article_modified_time":"2018-06-19T12:37:05+00:00","og_image":[{"url":"https:\/\/www.bastillehostel.com\/wp-content\/uploads\/2018\/06\/breakfast-in-america.jpg","type":"","width":"","height":""}],"twitter_card":"summary_large_image","twitter_misc":{"Dur\u00e9e de lecture estim\u00e9e":"4 minutes"},"schema":{"@context":"https:\/\/schema.org","@graph":[{"@type":"WebPage","@id":"https:\/\/www.bastillehostel.com\/fr\/bons-plans-paris\/marais\/manger-dans-le-marais\/","url":"https:\/\/www.bastillehostel.com\/fr\/bons-plans-paris\/marais\/manger-dans-le-marais\/","name":"O\u00f9 manger dans le Marais - Bastille Hostel - Auberge de jeunesse \u00e0 Paris","isPartOf":{"@id":"https:\/\/www.bastillehostel.com\/fr\/#website"},"primaryImageOfPage":{"@id":"https:\/\/www.bastillehostel.com\/fr\/bons-plans-paris\/marais\/manger-dans-le-marais\/#primaryimage"},"image":{"@id":"https:\/\/www.bastillehostel.com\/fr\/bons-plans-paris\/marais\/manger-dans-le-marais\/#primaryimage"},"thumbnailUrl":"https:\/\/www.bastillehostel.com\/wp-content\/uploads\/2018\/06\/breakfast-in-america.jpg","datePublished":"2018-03-01T11:37:27+00:00","dateModified":"2018-06-19T12:37:05+00:00","breadcrumb":{"@id":"https:\/\/www.bastillehostel.com\/fr\/bons-plans-paris\/marais\/manger-dans-le-marais\/#breadcrumb"},"inLanguage":"fr-FR","potentialAction":[{"@type":"ReadAction","target":["https:\/\/www.bastillehostel.com\/fr\/bons-plans-paris\/marais\/manger-dans-le-marais\/"]}]},{"@type":"ImageObject","inLanguage":"fr-FR","@id":"https:\/\/www.bastillehostel.com\/fr\/bons-plans-paris\/marais\/manger-dans-le-marais\/#primaryimage","url":"https:\/\/www.bastillehostel.com\/wp-content\/uploads\/2018\/06\/breakfast-in-america.jpg","contentUrl":"https:\/\/www.bastillehostel.com\/wp-content\/uploads\/2018\/06\/breakfast-in-america.jpg"},{"@type":"BreadcrumbList","@id":"https:\/\/www.bastillehostel.com\/fr\/bons-plans-paris\/marais\/manger-dans-le-marais\/#breadcrumb","itemListElement":[{"@type":"ListItem","position":1,"name":"Home","item":"https:\/\/www.bastillehostel.com\/fr\/"},{"@type":"ListItem","position":2,"name":"Les bons plans \u00e0 Paris","item":"https:\/\/www.bastillehostel.com\/fr\/bons-plans-paris\/"},{"@type":"ListItem","position":3,"name":"D\u00e9couvrez le quartier du Marais","item":"https:\/\/www.bastillehostel.com\/fr\/bons-plans-paris\/marais\/"},{"@type":"ListItem","position":4,"name":"O\u00f9 manger dans le Marais"}]},{"@type":"WebSite","@id":"https:\/\/www.bastillehostel.com\/fr\/#website","url":"https:\/\/www.bastillehostel.com\/fr\/","name":"Bastille Hostel - Auberge de jeunesse \u00e0 Paris","description":"Bastille Hostel - Auberge de jeunesse \u00e0 Paris","potentialAction":[{"@type":"SearchAction","target":{"@type":"EntryPoint","urlTemplate":"https:\/\/www.bastillehostel.com\/fr\/?s={search_term_string}"},"query-input":{"@type":"PropertyValueSpecification","valueRequired":true,"valueName":"search_term_string"}}],"inLanguage":"fr-FR"}]}},"_links":{"self":[{"href":"https:\/\/www.bastillehostel.com\/fr\/wp-json\/wp\/v2\/pages\/3967","targetHints":{"allow":["GET"]}}],"collection":[{"href":"https:\/\/www.bastillehostel.com\/fr\/wp-json\/wp\/v2\/pages"}],"about":[{"href":"https:\/\/www.bastillehostel.com\/fr\/wp-json\/wp\/v2\/types\/page"}],"author":[{"embeddable":true,"href":"https:\/\/www.bastillehostel.com\/fr\/wp-json\/wp\/v2\/users\/1"}],"replies":[{"embeddable":true,"href":"https:\/\/www.bastillehostel.com\/fr\/wp-json\/wp\/v2\/comments?post=3967"}],"version-history":[{"count":18,"href":"https:\/\/www.bastillehostel.com\/fr\/wp-json\/wp\/v2\/pages\/3967\/revisions"}],"predecessor-version":[{"id":4935,"href":"https:\/\/www.bastillehostel.com\/fr\/wp-json\/wp\/v2\/pages\/3967\/revisions\/4935"}],"up":[{"embeddable":true,"href":"https:\/\/www.bastillehostel.com\/fr\/wp-json\/wp\/v2\/pages\/3964"}],"wp:attachment":[{"href":"https:\/\/www.bastillehostel.com\/fr\/wp-json\/wp\/v2\/media?parent=3967"}],"curies":[{"name":"wp","href":"https:\/\/api.w.org\/{rel}","templated":true}]}}