{"id":3948,"date":"2018-03-01T11:38:48","date_gmt":"2018-03-01T10:38:48","guid":{"rendered":"https:\/\/www.bastillehostel.com\/?page_id=3948"},"modified":"2018-06-19T14:24:10","modified_gmt":"2018-06-19T12:24:10","slug":"ou-manger-a-bastille","status":"publish","type":"page","link":"https:\/\/www.bastillehostel.com\/fr\/bons-plans-paris\/bastille-nation-montreuil\/ou-manger-a-bastille\/","title":{"rendered":"O\u00f9 manger \u00e0 Bastille"},"content":{"rendered":"<p>Bastille regorge de caf\u00e9s et de brasseries branch\u00e9es (et en disant branch\u00e9es , on dit ch\u00e8res), mais heureusement quelques adresses sortent du lot. Voici quelques unes de nos bonnes adresses pour manger bon et pas cher dans le quartier Bastille et alentours.<\/p>\n<div class=\"one_half\">\n<div style=\"text-align: justify;\">\n<h4><a href=\"http:\/\/cafedelindustrieparis.fr\/fr\" target=\"_blank\" class=\"title\"><img decoding=\"async\" src=\"https:\/\/www.bastillehostel.com\/wp-content\/uploads\/2018\/06\/ardoise_restaurant-150x150.jpg\" alt=\"\" width=\"150\" height=\"150\" class=\"alignleft size-full wp-image-4156\" \/>Caf\u00e9 de l&rsquo;industrie<\/a><\/h4>\n<p><strong>16 rue Saint Sablin &#8211; 75011 Paris &#8211; M\u00e9tro : Bastille<\/strong><\/p>\n<p style=\"text-align: justify;\">Le Caf\u00e9 de l&rsquo;Industrie a colonis\u00e9e un carrefour entier en plein c\u0153ur du quartier Bastille. Il se d\u00e9cline en trois \u00e9tablissements distincts: un restaurant \u00e0 la devanture rouge avec une salle de type \u00ab\u00a0maison coloniale\u00a0\u00bb et une terrasse bond\u00e9e aux beaux jours (l&rsquo;industrie version \u00e9t\u00e9), un restaurant \u00e0 la devanture tout en bois avec de hautes fen\u00eatres, des plantes et un piano ( l&rsquo;industrie version hiver) et un bar tr\u00e8s anim\u00e9 ( l&rsquo;industrie version nuit). Le petit plus ? Les serveuses, chacune hype \u00e0 sa fa\u00e7on, qui font tomber bien des coeurs ! Ah, et puis, les plats sont super bons !<\/p>\n<\/div>\n<\/div>\n<div class=\"one_half last_column\">\n<div style=\"text-align: justify;\">\n<h4><a href=\"http:\/\/www.lebarasoupes.com\/\" target=\"_blank\" class=\"title\"><img decoding=\"async\" src=\"https:\/\/www.bastillehostel.com\/wp-content\/uploads\/2018\/06\/bar-soupes.jpg\" alt=\"\" width=\"150\" height=\"150\" class=\"alignleft size-full wp-image-4159\" \/>Bar \u00e0 soupes<\/a><\/h4>\n<p><strong>33 rue de Charonne &#8211; 75011 &#8211; Paris &#8211; M\u00e9tro: Charonne<\/strong><\/p>\n<p style=\"text-align: justify;\">Ici, on se la joue 100% naturel avec des formules midi comprenant une soupe, une salade et un verre de vin (ou un th\u00e9 glac\u00e9) et des formules du soir avec d\u00e9gustation de 3 petites soupes. Pr\u00e9par\u00e9es avec des produits frais, les recettes des soupes changent chaque jour mais elles sont toujours au nombre de six. Quelques exemples ? Soupe du march\u00e9, gazpacho, lentilles blondes \u00e0 l&rsquo;indienne&#8230;.Filles au r\u00e9gime, souriez : elles sont savoureuses !<\/p>\n<\/div>\n<\/div>\n<div class=\"clear\"><\/div>\n\t\t\t<style type=\"text\/css\">\n\t\t\t\t#content-block-background-1077 { background-image: url(); background-position: 50% 0; background-repeat: repeat; background-color: transparent; background-attachment: scroll; background-size: auto; }\n\t\t\t\t#content-block-body-1077 { padding: 40px 0; color: inherit; }\n\t\t\t\t.content-block-body { margin-left: auto; margin-right: auto; position: relative; }\n\t\t\t<\/style>\n\t\t\t\t\t\t\t<style type=\"text\/css\">\n\t\t\t\t\t#wrapper-1 { overflow-x: hidden; }\n\t\t\t\t\t#content-block-background-1077 { margin: 0 -10000px; padding: 0 10000px; }\n\t\t\t\t<\/style>\n\t\t\t\n\t\t\t\t\t\t<script type=\"text\/javascript\">\n\t\t\t\t\/\/ <![CDATA[\n\t\t\t\tjQuery(document).ready(function($){\n\t\t\t\t\t\"use strict\";\n\t\t\t\t\tif( ! $(\"body\").hasClass( \"mobile-detected\" ) ){\n\t\t\t\t\t\t$(\"#content-block-background-\"+1077).each(function(){\n\t\t\t\t\t\t\tvar $bgobj = $(this); \/\/ Assigning the object.\n\t\t\t\t\t\t\tvar xPos = '50%'; \/\/ x bg position value from the user shortcode.\n\t\t\t\t\t\t\t$(window).scroll(function() {\n\t\t\t\t\t\t\t\tvar yPos = -($(window).scrollTop() \/ 3);\n\t\t\t\t\t\t\t\t\/\/ Put together our final background position.\n\t\t\t\t\t\t\t\tvar coords = xPos+' '+yPos+'px';\n\t\t\t\t\t\t\t\t\/\/ Move the background.\n\t\t\t\t\t\t\t\t$bgobj.css({ backgroundPosition: coords });\n\t\t\t\t\t\t\t});\n\t\t\t\t\t\t});\n\t\t\t\t\t}\n\t\t\t\t});\n\t\t\t\t\/\/ ]]>\n\t\t\t<\/script>\n\t\t\t\n\t\t\t<div class=\"clear\"><\/div>\n\t\t\t<div id=\"content-block-background-1077\" class=\"content-block-background \">\n\t\t\t\t<div id=\"content-block-body-1077\" class=\"content-block-body\">\n\t\t\t\t\t<div class=\"clear\"><\/div>\n\t\t\t\t\t\n<div class=\"one_third\">\n<a class=\"btn orange survol\" href=\"https:\/\/www.bastillehostel.com\/fr\/bons-plans-paris\/bastille-nation-montreuil\/prendre-verre-bastille\/\"><i class=\"fa fa-glass\" aria-hidden=\"true\"><\/i>\u00a0O\u00f9 prendre un verre \u00e0 Bastille<\/a><br \/>\n<a class=\"btn orange survol\" href=\"https:\/\/www.bastillehostel.com\/fr\/bons-plans-paris\/bastille-nation-montreuil\/ou-manger-a-bastille\/\"><i class=\"fa fa-cutlery\" aria-hidden=\"true\"><\/i>\u00a0O\u00f9 manger \u00e0 Bastille<\/a><br \/>\n<\/div>\n<div class=\"one_third\">\n<a class=\"btn orange survol\" href=\"https:\/\/www.bastillehostel.com\/fr\/bons-plans-paris\/bastille-nation-montreuil\/danser-a-bastille\/\"><i class=\"fa fa-music\" aria-hidden=\"true\"><\/i>\u00a0O\u00f9 danser \u00e0 Bastille<\/a><br \/>\n<a class=\"btn orange survol\" href=\"https:\/\/www.bastillehostel.com\/fr\/bons-plans-paris\/bastille-nation-montreuil\/les-salles-de-concert-a-bastille\/\"><i class=\"fa fa-music\" aria-hidden=\"true\"><\/i>\u00a0Les salles de concert \u00e0 Bastille<\/a><br \/>\n<\/div>\n<div class=\"one_third last_column\">\n<a class=\"btn orange survol\" href=\"https:\/\/www.bastillehostel.com\/fr\/bons-plans-paris\/bastille-nation-montreuil\/se-bouger-a-bastille\/\"><i class=\"fa fa-bicycle\" aria-hidden=\"true\"><\/i>\u00a0Se bouger autour de Bastille<\/a><br \/>\n<\/div>\n\t\t\t\t\t<div class=\"clear\"><\/div>\n\t\t\t\t<\/div>\n\t\t\t<\/div>\n\t\t\t<div class=\"clear\"><\/div>\n\t\t\t\n","protected":false},"excerpt":{"rendered":"<p>Bastille regorge de caf\u00e9s et de brasseries branch\u00e9es (et en disant branch\u00e9es , on dit ch\u00e8res), mais heureusement quelques adresses sortent du lot. Voici quelques unes de nos bonnes adresses pour manger bon et pas cher dans le quartier Bastille et alentours.<\/p>\n","protected":false},"author":1,"featured_media":0,"parent":3922,"menu_order":0,"comment_status":"closed","ping_status":"closed","template":"page-FullWidth.php","meta":{"footnotes":""},"class_list":["post-3948","page","type-page","status-publish","hentry"],"yoast_head":"<!-- This site is optimized with the Yoast SEO plugin v27.5 - https:\/\/yoast.com\/product\/yoast-seo-wordpress\/ -->\n<title>O\u00f9 manger \u00e0 Bastille - Bastille Hostel - Auberge de jeunesse \u00e0 Paris<\/title>\n<meta name=\"robots\" content=\"index, follow, max-snippet:-1, max-image-preview:large, max-video-preview:-1\" \/>\n<link rel=\"canonical\" href=\"https:\/\/www.bastillehostel.com\/fr\/bons-plans-paris\/bastille-nation-montreuil\/ou-manger-a-bastille\/\" \/>\n<meta property=\"og:locale\" content=\"fr_FR\" \/>\n<meta property=\"og:type\" content=\"article\" \/>\n<meta property=\"og:title\" content=\"O\u00f9 manger \u00e0 Bastille - Bastille Hostel - Auberge de jeunesse \u00e0 Paris\" \/>\n<meta property=\"og:description\" content=\"Bastille regorge de caf\u00e9s et de brasseries branch\u00e9es (et en disant branch\u00e9es , on dit ch\u00e8res), mais heureusement quelques adresses sortent du lot. Voici quelques unes de nos bonnes adresses pour manger bon et pas cher dans le quartier Bastille et alentours.\" \/>\n<meta property=\"og:url\" content=\"https:\/\/www.bastillehostel.com\/fr\/bons-plans-paris\/bastille-nation-montreuil\/ou-manger-a-bastille\/\" \/>\n<meta property=\"og:site_name\" content=\"Bastille Hostel - Auberge de jeunesse \u00e0 Paris\" \/>\n<meta property=\"article:modified_time\" content=\"2018-06-19T12:24:10+00:00\" \/>\n<meta property=\"og:image\" content=\"https:\/\/www.bastillehostel.com\/wp-content\/uploads\/2018\/06\/ardoise_restaurant-150x150.jpg\" \/>\n<meta name=\"twitter:card\" content=\"summary_large_image\" \/>\n<meta name=\"twitter:label1\" content=\"Dur\u00e9e de lecture estim\u00e9e\" \/>\n\t<meta name=\"twitter:data1\" content=\"1 minute\" \/>\n<script type=\"application\/ld+json\" class=\"yoast-schema-graph\">{\"@context\":\"https:\\\/\\\/schema.org\",\"@graph\":[{\"@type\":\"WebPage\",\"@id\":\"https:\\\/\\\/www.bastillehostel.com\\\/fr\\\/bons-plans-paris\\\/bastille-nation-montreuil\\\/ou-manger-a-bastille\\\/\",\"url\":\"https:\\\/\\\/www.bastillehostel.com\\\/fr\\\/bons-plans-paris\\\/bastille-nation-montreuil\\\/ou-manger-a-bastille\\\/\",\"name\":\"O\u00f9 manger \u00e0 Bastille - Bastille Hostel - Auberge de jeunesse \u00e0 Paris\",\"isPartOf\":{\"@id\":\"https:\\\/\\\/www.bastillehostel.com\\\/fr\\\/#website\"},\"primaryImageOfPage\":{\"@id\":\"https:\\\/\\\/www.bastillehostel.com\\\/fr\\\/bons-plans-paris\\\/bastille-nation-montreuil\\\/ou-manger-a-bastille\\\/#primaryimage\"},\"image\":{\"@id\":\"https:\\\/\\\/www.bastillehostel.com\\\/fr\\\/bons-plans-paris\\\/bastille-nation-montreuil\\\/ou-manger-a-bastille\\\/#primaryimage\"},\"thumbnailUrl\":\"https:\\\/\\\/www.bastillehostel.com\\\/wp-content\\\/uploads\\\/2018\\\/06\\\/ardoise_restaurant-150x150.jpg\",\"datePublished\":\"2018-03-01T10:38:48+00:00\",\"dateModified\":\"2018-06-19T12:24:10+00:00\",\"breadcrumb\":{\"@id\":\"https:\\\/\\\/www.bastillehostel.com\\\/fr\\\/bons-plans-paris\\\/bastille-nation-montreuil\\\/ou-manger-a-bastille\\\/#breadcrumb\"},\"inLanguage\":\"fr-FR\",\"potentialAction\":[{\"@type\":\"ReadAction\",\"target\":[\"https:\\\/\\\/www.bastillehostel.com\\\/fr\\\/bons-plans-paris\\\/bastille-nation-montreuil\\\/ou-manger-a-bastille\\\/\"]}]},{\"@type\":\"ImageObject\",\"inLanguage\":\"fr-FR\",\"@id\":\"https:\\\/\\\/www.bastillehostel.com\\\/fr\\\/bons-plans-paris\\\/bastille-nation-montreuil\\\/ou-manger-a-bastille\\\/#primaryimage\",\"url\":\"https:\\\/\\\/www.bastillehostel.com\\\/wp-content\\\/uploads\\\/2018\\\/06\\\/ardoise_restaurant-150x150.jpg\",\"contentUrl\":\"https:\\\/\\\/www.bastillehostel.com\\\/wp-content\\\/uploads\\\/2018\\\/06\\\/ardoise_restaurant-150x150.jpg\"},{\"@type\":\"BreadcrumbList\",\"@id\":\"https:\\\/\\\/www.bastillehostel.com\\\/fr\\\/bons-plans-paris\\\/bastille-nation-montreuil\\\/ou-manger-a-bastille\\\/#breadcrumb\",\"itemListElement\":[{\"@type\":\"ListItem\",\"position\":1,\"name\":\"Home\",\"item\":\"https:\\\/\\\/www.bastillehostel.com\\\/fr\\\/\"},{\"@type\":\"ListItem\",\"position\":2,\"name\":\"Les bons plans \u00e0 Paris\",\"item\":\"https:\\\/\\\/www.bastillehostel.com\\\/fr\\\/bons-plans-paris\\\/\"},{\"@type\":\"ListItem\",\"position\":3,\"name\":\"D\u00e9couvrez le quartier Bastille !\",\"item\":\"https:\\\/\\\/www.bastillehostel.com\\\/fr\\\/bons-plans-paris\\\/bastille-nation-montreuil\\\/\"},{\"@type\":\"ListItem\",\"position\":4,\"name\":\"O\u00f9 manger \u00e0 Bastille\"}]},{\"@type\":\"WebSite\",\"@id\":\"https:\\\/\\\/www.bastillehostel.com\\\/fr\\\/#website\",\"url\":\"https:\\\/\\\/www.bastillehostel.com\\\/fr\\\/\",\"name\":\"Bastille Hostel - Auberge de jeunesse \u00e0 Paris\",\"description\":\"Bastille Hostel - Auberge de jeunesse \u00e0 Paris\",\"potentialAction\":[{\"@type\":\"SearchAction\",\"target\":{\"@type\":\"EntryPoint\",\"urlTemplate\":\"https:\\\/\\\/www.bastillehostel.com\\\/fr\\\/?s={search_term_string}\"},\"query-input\":{\"@type\":\"PropertyValueSpecification\",\"valueRequired\":true,\"valueName\":\"search_term_string\"}}],\"inLanguage\":\"fr-FR\"}]}<\/script>\n<!-- \/ Yoast SEO plugin. -->","yoast_head_json":{"title":"O\u00f9 manger \u00e0 Bastille - Bastille Hostel - Auberge de jeunesse \u00e0 Paris","robots":{"index":"index","follow":"follow","max-snippet":"max-snippet:-1","max-image-preview":"max-image-preview:large","max-video-preview":"max-video-preview:-1"},"canonical":"https:\/\/www.bastillehostel.com\/fr\/bons-plans-paris\/bastille-nation-montreuil\/ou-manger-a-bastille\/","og_locale":"fr_FR","og_type":"article","og_title":"O\u00f9 manger \u00e0 Bastille - Bastille Hostel - Auberge de jeunesse \u00e0 Paris","og_description":"Bastille regorge de caf\u00e9s et de brasseries branch\u00e9es (et en disant branch\u00e9es , on dit ch\u00e8res), mais heureusement quelques adresses sortent du lot. Voici quelques unes de nos bonnes adresses pour manger bon et pas cher dans le quartier Bastille et alentours.","og_url":"https:\/\/www.bastillehostel.com\/fr\/bons-plans-paris\/bastille-nation-montreuil\/ou-manger-a-bastille\/","og_site_name":"Bastille Hostel - Auberge de jeunesse \u00e0 Paris","article_modified_time":"2018-06-19T12:24:10+00:00","og_image":[{"url":"https:\/\/www.bastillehostel.com\/wp-content\/uploads\/2018\/06\/ardoise_restaurant-150x150.jpg","type":"","width":"","height":""}],"twitter_card":"summary_large_image","twitter_misc":{"Dur\u00e9e de lecture estim\u00e9e":"1 minute"},"schema":{"@context":"https:\/\/schema.org","@graph":[{"@type":"WebPage","@id":"https:\/\/www.bastillehostel.com\/fr\/bons-plans-paris\/bastille-nation-montreuil\/ou-manger-a-bastille\/","url":"https:\/\/www.bastillehostel.com\/fr\/bons-plans-paris\/bastille-nation-montreuil\/ou-manger-a-bastille\/","name":"O\u00f9 manger \u00e0 Bastille - Bastille Hostel - Auberge de jeunesse \u00e0 Paris","isPartOf":{"@id":"https:\/\/www.bastillehostel.com\/fr\/#website"},"primaryImageOfPage":{"@id":"https:\/\/www.bastillehostel.com\/fr\/bons-plans-paris\/bastille-nation-montreuil\/ou-manger-a-bastille\/#primaryimage"},"image":{"@id":"https:\/\/www.bastillehostel.com\/fr\/bons-plans-paris\/bastille-nation-montreuil\/ou-manger-a-bastille\/#primaryimage"},"thumbnailUrl":"https:\/\/www.bastillehostel.com\/wp-content\/uploads\/2018\/06\/ardoise_restaurant-150x150.jpg","datePublished":"2018-03-01T10:38:48+00:00","dateModified":"2018-06-19T12:24:10+00:00","breadcrumb":{"@id":"https:\/\/www.bastillehostel.com\/fr\/bons-plans-paris\/bastille-nation-montreuil\/ou-manger-a-bastille\/#breadcrumb"},"inLanguage":"fr-FR","potentialAction":[{"@type":"ReadAction","target":["https:\/\/www.bastillehostel.com\/fr\/bons-plans-paris\/bastille-nation-montreuil\/ou-manger-a-bastille\/"]}]},{"@type":"ImageObject","inLanguage":"fr-FR","@id":"https:\/\/www.bastillehostel.com\/fr\/bons-plans-paris\/bastille-nation-montreuil\/ou-manger-a-bastille\/#primaryimage","url":"https:\/\/www.bastillehostel.com\/wp-content\/uploads\/2018\/06\/ardoise_restaurant-150x150.jpg","contentUrl":"https:\/\/www.bastillehostel.com\/wp-content\/uploads\/2018\/06\/ardoise_restaurant-150x150.jpg"},{"@type":"BreadcrumbList","@id":"https:\/\/www.bastillehostel.com\/fr\/bons-plans-paris\/bastille-nation-montreuil\/ou-manger-a-bastille\/#breadcrumb","itemListElement":[{"@type":"ListItem","position":1,"name":"Home","item":"https:\/\/www.bastillehostel.com\/fr\/"},{"@type":"ListItem","position":2,"name":"Les bons plans \u00e0 Paris","item":"https:\/\/www.bastillehostel.com\/fr\/bons-plans-paris\/"},{"@type":"ListItem","position":3,"name":"D\u00e9couvrez le quartier Bastille !","item":"https:\/\/www.bastillehostel.com\/fr\/bons-plans-paris\/bastille-nation-montreuil\/"},{"@type":"ListItem","position":4,"name":"O\u00f9 manger \u00e0 Bastille"}]},{"@type":"WebSite","@id":"https:\/\/www.bastillehostel.com\/fr\/#website","url":"https:\/\/www.bastillehostel.com\/fr\/","name":"Bastille Hostel - Auberge de jeunesse \u00e0 Paris","description":"Bastille Hostel - Auberge de jeunesse \u00e0 Paris","potentialAction":[{"@type":"SearchAction","target":{"@type":"EntryPoint","urlTemplate":"https:\/\/www.bastillehostel.com\/fr\/?s={search_term_string}"},"query-input":{"@type":"PropertyValueSpecification","valueRequired":true,"valueName":"search_term_string"}}],"inLanguage":"fr-FR"}]}},"_links":{"self":[{"href":"https:\/\/www.bastillehostel.com\/fr\/wp-json\/wp\/v2\/pages\/3948","targetHints":{"allow":["GET"]}}],"collection":[{"href":"https:\/\/www.bastillehostel.com\/fr\/wp-json\/wp\/v2\/pages"}],"about":[{"href":"https:\/\/www.bastillehostel.com\/fr\/wp-json\/wp\/v2\/types\/page"}],"author":[{"embeddable":true,"href":"https:\/\/www.bastillehostel.com\/fr\/wp-json\/wp\/v2\/users\/1"}],"replies":[{"embeddable":true,"href":"https:\/\/www.bastillehostel.com\/fr\/wp-json\/wp\/v2\/comments?post=3948"}],"version-history":[{"count":13,"href":"https:\/\/www.bastillehostel.com\/fr\/wp-json\/wp\/v2\/pages\/3948\/revisions"}],"predecessor-version":[{"id":4926,"href":"https:\/\/www.bastillehostel.com\/fr\/wp-json\/wp\/v2\/pages\/3948\/revisions\/4926"}],"up":[{"embeddable":true,"href":"https:\/\/www.bastillehostel.com\/fr\/wp-json\/wp\/v2\/pages\/3922"}],"wp:attachment":[{"href":"https:\/\/www.bastillehostel.com\/fr\/wp-json\/wp\/v2\/media?parent=3948"}],"curies":[{"name":"wp","href":"https:\/\/api.w.org\/{rel}","templated":true}]}}