{"id":3945,"date":"2018-03-01T11:10:28","date_gmt":"2018-03-01T10:10:28","guid":{"rendered":"https:\/\/www.bastillehostel.com\/?page_id=3945"},"modified":"2018-06-19T14:23:49","modified_gmt":"2018-06-19T12:23:49","slug":"les-salles-de-concert-a-bastille","status":"publish","type":"page","link":"https:\/\/www.bastillehostel.com\/fr\/bons-plans-paris\/bastille-nation-montreuil\/les-salles-de-concert-a-bastille\/","title":{"rendered":"Les salles de concert \u00e0 Bastille"},"content":{"rendered":"<p>Les salles de concert du quartier servent de rampes de lancement \u00e0 des groupes de rock en devenir.<br \/>\nLe spectacle vivant est aussi bien repr\u00e9sent\u00e9, entre institution (la Cartoucherie) et jeune cr\u00e9ation (Th\u00e9\u00e2tre de la Loge)<\/p>\n<div class=\"one_fourth\">\n<img decoding=\"async\" src=\"https:\/\/www.bastillehostel.com\/wp-content\/uploads\/2018\/06\/cartoucherie.jpg\" alt=\"\" width=\"150\" height=\"150\" class=\"aligncenter size-full wp-image-4163\" \/><\/p>\n<h4 class=\"title\"><a href=\"http:\/\/www.theatredelaquarium.net\/\" target=\"_blank\">La Cartourcherie<\/a><\/h4>\n<p><strong>Route du Champ de Man\u0153uvre &#8211; 75012 Paris &#8211; M\u00e9tro: Ch\u00e2teau-de-Vincennes<\/strong><\/p>\n<p>Au coeur du bois de Vincennes, la Cartoucherie est un immense espace vou\u00e9 au spectacle vivant qui permet aux artistes de travailler et de s&rsquo;exprimer dans la plus grande libert\u00e9. Elle comprend cinq th\u00e9\u00e2tres (le th\u00e9\u00e2tre du Soleil, le th\u00e9\u00e2tre de l&rsquo;Aquarium, le th\u00e9\u00e2tre de l&rsquo;Ep\u00e9e de Bois, l&rsquo;Atelier Chaudron et le th\u00e9\u00e2tre de la Temp\u00eate) et propose des spectacles tous les soirs. L&rsquo;association Arta (Association de recherche des traditions de l&rsquo;acteur), qui si\u00e8ge \u00e0 la Cartoucherie, propose des cours ouverts \u00e0 tout le monde sur les disciplines th\u00e9\u00e2trales orientales.<\/p>\n<\/div>\n<div class=\"one_fourth\">\n<img decoding=\"async\" src=\"https:\/\/www.bastillehostel.com\/wp-content\/uploads\/2018\/06\/theatre-la-loge-paris-150x150.jpg\" alt=\"\" width=\"150\" height=\"150\" class=\"aligncenter size-full wp-image-4166\" \/><\/p>\n<h4 class=\"title\"><a href=\"http:\/\/www.lalogeparis.fr\/\" target=\"_blank\">Th\u00e9\u00e2tre La Loge<\/a><\/h4>\n<p><strong>77 rue de Charonne &#8211; 75011 Paris &#8211; M\u00e9tro: Charonne<\/strong><\/p>\n<p>Voil\u00e0 un th\u00e9\u00e2tre o\u00f9 il faut sonner \u00e0 l&rsquo;interphone ! Cach\u00e9 dans un d\u00e9licieuse cour de la rue de Charonne, ce petit espace alternatif se remarque seulement \u00e0 une discr\u00e8te enseigne jaune au-dessus de nos t\u00eates! Sa programmation, d\u00e9di\u00e9e \u00e0 la jeune cr\u00e9ation, m\u00eale pi\u00e8ce de th\u00e9\u00e2tres et concerts. Ici, la billetterie fait office de bar tandis que la cour sert de terrasse. L&rsquo;ambiance est jeune, artiste et informelle. Tout ce petit monde a l&rsquo;air de bien se conna\u00eetre; t\u00e2chez de trouver quelqu&rsquo;un \u00e0 saluer quand vous arrivez et serez dans la place !<\/p>\n<\/div>\n<div class=\"one_fourth\">\n<img decoding=\"async\" src=\"https:\/\/www.bastillehostel.com\/wp-content\/uploads\/2018\/06\/le-pop-in-150x150.jpg\" alt=\"\" width=\"150\" height=\"150\" class=\"aligncenter size-full wp-image-4168\"> <\/p>\n<h4 class=\"title\"><a href=\"http:\/\/popin.fr\/\" target=\"_blank\">Pop In<\/a><\/h4>\n<p><strong>105 rue Amelot &#8211; 75011 Paris &#8211; M\u00e9tro : Saint-S\u00e9bastien-Froissart<\/strong><\/p>\n<p>Une institution ! Lieu de soir\u00e9es m\u00e9morables, fr\u00e9quent\u00e9 par une faune de hipsters, le Pop In est un bar atypique \u00e0 la d\u00e9co <em>old schoo<\/em>l dont la cave au n\u00e9ons rouges est d\u00e9di\u00e9e aux performances live de groupes pop-rock. On en parle comme d&rsquo;un \u00ab\u00a0havre de r\u00e9confort pour les c\u0153urs bris\u00e9s\u00a0\u00bb. Ajoutons: bien s\u00fbr, parce qu&rsquo;entass\u00e9s sur l&rsquo;escalier pour rejoindre le bar, on finit in\u00e9vitablement par adresser la parole \u00e0 quelqu&rsquo;un&#8230;<\/p>\n<\/div>\n<div class=\"one_fourth last_column\">\n<img decoding=\"async\" src=\"https:\/\/www.bastillehostel.com\/wp-content\/uploads\/2018\/06\/les-combustibles.jpg\" alt=\"\" width=\"150\" height=\"150\" class=\"aligncenter  size-full wp-image-4164\" \/><\/p>\n<h4 class=\"title\"><a href=\"https:\/\/plus.google.com\/113333778745086311903\/about?gl=fr&amp;hl=fr\" target=\"_blank\">Les combustibles<\/a><\/h4>\n<p><strong>14 rue Abel &#8211; 75012 Paris &#8211; M\u00e9tro : Ledru-Rollin<\/strong><\/p>\n<p>Chic \u00e0 l&rsquo;\u00e9tage, rock and roll au rez-de chauss\u00e9e. Les Combustibles ont deux visages : c\u00f4t\u00e9 pile, un restaurant classe (parquet, librairie et piano blanc obligent) o\u00f9 l&rsquo;on d\u00e9guste une cuisine cr\u00e9ative fran\u00e7aise; c\u00f4t\u00e9 face, une salle de concerts bien insonoris\u00e9e o\u00f9 des groupes de rock, pop et reggae s&rsquo;exhibent devant un public enflamm\u00e9. A ne pas rater, une fois par mois, la soir\u00e9e \u00ab\u00a0Patate\u00a0\u00bb organis\u00e9e par le disquaire reggae Patate Records.<\/p>\n<\/div>\n<div class=\"clear\"><\/div>\n<h4 class=\"title\"><a href=\"http:\/\/www.lemotel.fr\/\" target=\"_blank\"><img decoding=\"async\" src=\"https:\/\/www.bastillehostel.com\/wp-content\/uploads\/2018\/06\/logo_motel-76x150.jpg\" alt=\"\" width=\"76\" height=\"150\" class=\"alignright size-full wp-image-4165\" \/>Le Motel<\/a><\/h4>\n<p><strong>8 Passage Josset &#8211; 75011 Paris &#8211; M\u00e9tro: Ledru-Rollin<\/strong><\/p>\n<p>Vous avez dit branch\u00e9 ? Un bar hexagonale, antre de jeunes au look britpop, occupe la deuxi\u00e8me salle, alors que la premi\u00e8re est vou\u00e9e aux concerts et aux platines. En attendant les musiciens, pourquoi ne pas succomber \u00e0 un cocktail pendant l&rsquo;Happy Hour. On vous sugg\u00e8re le \u00ab\u00a0Joe\u00a0\u00bb (Vodka, past\u00e8que, menthe, cr\u00e8me de p\u00e8che et cranberry)<\/p>\n<div class=\"clear\"><\/div>\n\t\t\t<style type=\"text\/css\">\n\t\t\t\t#content-block-background-1964 { background-image: url(); background-position: 50% 0; background-repeat: repeat; background-color: transparent; background-attachment: scroll; background-size: auto; }\n\t\t\t\t#content-block-body-1964 { padding: 40px 0; color: inherit; }\n\t\t\t\t.content-block-body { margin-left: auto; margin-right: auto; position: relative; }\n\t\t\t<\/style>\n\t\t\t\t\t\t\t<style type=\"text\/css\">\n\t\t\t\t\t#wrapper-1 { overflow-x: hidden; }\n\t\t\t\t\t#content-block-background-1964 { margin: 0 -10000px; padding: 0 10000px; }\n\t\t\t\t<\/style>\n\t\t\t\n\t\t\t\t\t\t<script type=\"text\/javascript\">\n\t\t\t\t\/\/ <![CDATA[\n\t\t\t\tjQuery(document).ready(function($){\n\t\t\t\t\t\"use strict\";\n\t\t\t\t\tif( ! $(\"body\").hasClass( \"mobile-detected\" ) ){\n\t\t\t\t\t\t$(\"#content-block-background-\"+1964).each(function(){\n\t\t\t\t\t\t\tvar $bgobj = $(this); \/\/ Assigning the object.\n\t\t\t\t\t\t\tvar xPos = '50%'; \/\/ x bg position value from the user shortcode.\n\t\t\t\t\t\t\t$(window).scroll(function() {\n\t\t\t\t\t\t\t\tvar yPos = -($(window).scrollTop() \/ 3);\n\t\t\t\t\t\t\t\t\/\/ Put together our final background position.\n\t\t\t\t\t\t\t\tvar coords = xPos+' '+yPos+'px';\n\t\t\t\t\t\t\t\t\/\/ Move the background.\n\t\t\t\t\t\t\t\t$bgobj.css({ backgroundPosition: coords });\n\t\t\t\t\t\t\t});\n\t\t\t\t\t\t});\n\t\t\t\t\t}\n\t\t\t\t});\n\t\t\t\t\/\/ ]]>\n\t\t\t<\/script>\n\t\t\t\n\t\t\t<div class=\"clear\"><\/div>\n\t\t\t<div id=\"content-block-background-1964\" class=\"content-block-background \">\n\t\t\t\t<div id=\"content-block-body-1964\" class=\"content-block-body\">\n\t\t\t\t\t<div class=\"clear\"><\/div>\n\t\t\t\t\t\n<div class=\"one_third\">\n<a class=\"btn orange survol\" href=\"https:\/\/www.bastillehostel.com\/fr\/bons-plans-paris\/bastille-nation-montreuil\/prendre-verre-bastille\/\"><i class=\"fa fa-glass\" aria-hidden=\"true\"><\/i>\u00a0O\u00f9 prendre un verre \u00e0 Bastille<\/a><br \/>\n<a class=\"btn orange survol\" href=\"https:\/\/www.bastillehostel.com\/fr\/bons-plans-paris\/bastille-nation-montreuil\/ou-manger-a-bastille\/\"><i class=\"fa fa-cutlery\" aria-hidden=\"true\"><\/i>\u00a0O\u00f9 manger \u00e0 Bastille<\/a><br \/>\n<\/div>\n<div class=\"one_third\">\n<a class=\"btn orange survol\" href=\"https:\/\/www.bastillehostel.com\/fr\/bons-plans-paris\/bastille-nation-montreuil\/danser-a-bastille\/\"><i class=\"fa fa-music\" aria-hidden=\"true\"><\/i>\u00a0O\u00f9 danser \u00e0 Bastille<\/a><br \/>\n<a class=\"btn orange survol\" href=\"https:\/\/www.bastillehostel.com\/fr\/bons-plans-paris\/bastille-nation-montreuil\/les-salles-de-concert-a-bastille\/\"><i class=\"fa fa-music\" aria-hidden=\"true\"><\/i>\u00a0Les salles de concert \u00e0 Bastille<\/a><br \/>\n<\/div>\n<div class=\"one_third last_column\">\n<a class=\"btn orange survol\" href=\"https:\/\/www.bastillehostel.com\/fr\/bons-plans-paris\/bastille-nation-montreuil\/se-bouger-a-bastille\/\"><i class=\"fa fa-bicycle\" aria-hidden=\"true\"><\/i>\u00a0Se bouger autour de Bastille<\/a><br \/>\n<\/div>\n\t\t\t\t\t<div class=\"clear\"><\/div>\n\t\t\t\t<\/div>\n\t\t\t<\/div>\n\t\t\t<div class=\"clear\"><\/div>\n\t\t\t\n","protected":false},"excerpt":{"rendered":"<p>Les salles de concert du quartier servent de rampes de lancement \u00e0 des groupes de rock en devenir. Le spectacle vivant est aussi bien repr\u00e9sent\u00e9, entre institution (la Cartoucherie) et jeune cr\u00e9ation (Th\u00e9\u00e2tre de la Loge) Le Motel 8 Passage Josset &#8211; 75011 Paris &#8211; M\u00e9tro: Ledru-Rollin<\/p>\n","protected":false},"author":1,"featured_media":0,"parent":3922,"menu_order":0,"comment_status":"closed","ping_status":"closed","template":"page-FullWidth.php","meta":{"footnotes":""},"class_list":["post-3945","page","type-page","status-publish","hentry"],"yoast_head":"<!-- This site is optimized with the Yoast SEO plugin v27.5 - https:\/\/yoast.com\/product\/yoast-seo-wordpress\/ -->\n<title>Les salles de concert \u00e0 Bastille - Bastille Hostel - Auberge de jeunesse \u00e0 Paris<\/title>\n<meta name=\"robots\" content=\"index, follow, max-snippet:-1, max-image-preview:large, max-video-preview:-1\" \/>\n<link rel=\"canonical\" href=\"https:\/\/www.bastillehostel.com\/fr\/bons-plans-paris\/bastille-nation-montreuil\/les-salles-de-concert-a-bastille\/\" \/>\n<meta property=\"og:locale\" content=\"fr_FR\" \/>\n<meta property=\"og:type\" content=\"article\" \/>\n<meta property=\"og:title\" content=\"Les salles de concert \u00e0 Bastille - Bastille Hostel - Auberge de jeunesse \u00e0 Paris\" \/>\n<meta property=\"og:description\" content=\"Les salles de concert du quartier servent de rampes de lancement \u00e0 des groupes de rock en devenir. Le spectacle vivant est aussi bien repr\u00e9sent\u00e9, entre institution (la Cartoucherie) et jeune cr\u00e9ation (Th\u00e9\u00e2tre de la Loge) Le Motel 8 Passage Josset &#8211; 75011 Paris &#8211; M\u00e9tro: Ledru-Rollin\" \/>\n<meta property=\"og:url\" content=\"https:\/\/www.bastillehostel.com\/fr\/bons-plans-paris\/bastille-nation-montreuil\/les-salles-de-concert-a-bastille\/\" \/>\n<meta property=\"og:site_name\" content=\"Bastille Hostel - Auberge de jeunesse \u00e0 Paris\" \/>\n<meta property=\"article:modified_time\" content=\"2018-06-19T12:23:49+00:00\" \/>\n<meta property=\"og:image\" content=\"https:\/\/www.bastillehostel.com\/wp-content\/uploads\/2018\/06\/cartoucherie.jpg\" \/>\n<meta name=\"twitter:card\" content=\"summary_large_image\" \/>\n<meta name=\"twitter:label1\" content=\"Dur\u00e9e de lecture estim\u00e9e\" \/>\n\t<meta name=\"twitter:data1\" content=\"3 minutes\" \/>\n<script type=\"application\/ld+json\" class=\"yoast-schema-graph\">{\"@context\":\"https:\\\/\\\/schema.org\",\"@graph\":[{\"@type\":\"WebPage\",\"@id\":\"https:\\\/\\\/www.bastillehostel.com\\\/fr\\\/bons-plans-paris\\\/bastille-nation-montreuil\\\/les-salles-de-concert-a-bastille\\\/\",\"url\":\"https:\\\/\\\/www.bastillehostel.com\\\/fr\\\/bons-plans-paris\\\/bastille-nation-montreuil\\\/les-salles-de-concert-a-bastille\\\/\",\"name\":\"Les salles de concert \u00e0 Bastille - Bastille Hostel - Auberge de jeunesse \u00e0 Paris\",\"isPartOf\":{\"@id\":\"https:\\\/\\\/www.bastillehostel.com\\\/fr\\\/#website\"},\"primaryImageOfPage\":{\"@id\":\"https:\\\/\\\/www.bastillehostel.com\\\/fr\\\/bons-plans-paris\\\/bastille-nation-montreuil\\\/les-salles-de-concert-a-bastille\\\/#primaryimage\"},\"image\":{\"@id\":\"https:\\\/\\\/www.bastillehostel.com\\\/fr\\\/bons-plans-paris\\\/bastille-nation-montreuil\\\/les-salles-de-concert-a-bastille\\\/#primaryimage\"},\"thumbnailUrl\":\"https:\\\/\\\/www.bastillehostel.com\\\/wp-content\\\/uploads\\\/2018\\\/06\\\/cartoucherie.jpg\",\"datePublished\":\"2018-03-01T10:10:28+00:00\",\"dateModified\":\"2018-06-19T12:23:49+00:00\",\"breadcrumb\":{\"@id\":\"https:\\\/\\\/www.bastillehostel.com\\\/fr\\\/bons-plans-paris\\\/bastille-nation-montreuil\\\/les-salles-de-concert-a-bastille\\\/#breadcrumb\"},\"inLanguage\":\"fr-FR\",\"potentialAction\":[{\"@type\":\"ReadAction\",\"target\":[\"https:\\\/\\\/www.bastillehostel.com\\\/fr\\\/bons-plans-paris\\\/bastille-nation-montreuil\\\/les-salles-de-concert-a-bastille\\\/\"]}]},{\"@type\":\"ImageObject\",\"inLanguage\":\"fr-FR\",\"@id\":\"https:\\\/\\\/www.bastillehostel.com\\\/fr\\\/bons-plans-paris\\\/bastille-nation-montreuil\\\/les-salles-de-concert-a-bastille\\\/#primaryimage\",\"url\":\"https:\\\/\\\/www.bastillehostel.com\\\/wp-content\\\/uploads\\\/2018\\\/06\\\/cartoucherie.jpg\",\"contentUrl\":\"https:\\\/\\\/www.bastillehostel.com\\\/wp-content\\\/uploads\\\/2018\\\/06\\\/cartoucherie.jpg\"},{\"@type\":\"BreadcrumbList\",\"@id\":\"https:\\\/\\\/www.bastillehostel.com\\\/fr\\\/bons-plans-paris\\\/bastille-nation-montreuil\\\/les-salles-de-concert-a-bastille\\\/#breadcrumb\",\"itemListElement\":[{\"@type\":\"ListItem\",\"position\":1,\"name\":\"Home\",\"item\":\"https:\\\/\\\/www.bastillehostel.com\\\/fr\\\/\"},{\"@type\":\"ListItem\",\"position\":2,\"name\":\"Les bons plans \u00e0 Paris\",\"item\":\"https:\\\/\\\/www.bastillehostel.com\\\/fr\\\/bons-plans-paris\\\/\"},{\"@type\":\"ListItem\",\"position\":3,\"name\":\"D\u00e9couvrez le quartier Bastille !\",\"item\":\"https:\\\/\\\/www.bastillehostel.com\\\/fr\\\/bons-plans-paris\\\/bastille-nation-montreuil\\\/\"},{\"@type\":\"ListItem\",\"position\":4,\"name\":\"Les salles de concert \u00e0 Bastille\"}]},{\"@type\":\"WebSite\",\"@id\":\"https:\\\/\\\/www.bastillehostel.com\\\/fr\\\/#website\",\"url\":\"https:\\\/\\\/www.bastillehostel.com\\\/fr\\\/\",\"name\":\"Bastille Hostel - Auberge de jeunesse \u00e0 Paris\",\"description\":\"Bastille Hostel - Auberge de jeunesse \u00e0 Paris\",\"potentialAction\":[{\"@type\":\"SearchAction\",\"target\":{\"@type\":\"EntryPoint\",\"urlTemplate\":\"https:\\\/\\\/www.bastillehostel.com\\\/fr\\\/?s={search_term_string}\"},\"query-input\":{\"@type\":\"PropertyValueSpecification\",\"valueRequired\":true,\"valueName\":\"search_term_string\"}}],\"inLanguage\":\"fr-FR\"}]}<\/script>\n<!-- \/ Yoast SEO plugin. -->","yoast_head_json":{"title":"Les salles de concert \u00e0 Bastille - Bastille Hostel - Auberge de jeunesse \u00e0 Paris","robots":{"index":"index","follow":"follow","max-snippet":"max-snippet:-1","max-image-preview":"max-image-preview:large","max-video-preview":"max-video-preview:-1"},"canonical":"https:\/\/www.bastillehostel.com\/fr\/bons-plans-paris\/bastille-nation-montreuil\/les-salles-de-concert-a-bastille\/","og_locale":"fr_FR","og_type":"article","og_title":"Les salles de concert \u00e0 Bastille - Bastille Hostel - Auberge de jeunesse \u00e0 Paris","og_description":"Les salles de concert du quartier servent de rampes de lancement \u00e0 des groupes de rock en devenir. Le spectacle vivant est aussi bien repr\u00e9sent\u00e9, entre institution (la Cartoucherie) et jeune cr\u00e9ation (Th\u00e9\u00e2tre de la Loge) Le Motel 8 Passage Josset &#8211; 75011 Paris &#8211; M\u00e9tro: Ledru-Rollin","og_url":"https:\/\/www.bastillehostel.com\/fr\/bons-plans-paris\/bastille-nation-montreuil\/les-salles-de-concert-a-bastille\/","og_site_name":"Bastille Hostel - Auberge de jeunesse \u00e0 Paris","article_modified_time":"2018-06-19T12:23:49+00:00","og_image":[{"url":"https:\/\/www.bastillehostel.com\/wp-content\/uploads\/2018\/06\/cartoucherie.jpg","type":"","width":"","height":""}],"twitter_card":"summary_large_image","twitter_misc":{"Dur\u00e9e de lecture estim\u00e9e":"3 minutes"},"schema":{"@context":"https:\/\/schema.org","@graph":[{"@type":"WebPage","@id":"https:\/\/www.bastillehostel.com\/fr\/bons-plans-paris\/bastille-nation-montreuil\/les-salles-de-concert-a-bastille\/","url":"https:\/\/www.bastillehostel.com\/fr\/bons-plans-paris\/bastille-nation-montreuil\/les-salles-de-concert-a-bastille\/","name":"Les salles de concert \u00e0 Bastille - Bastille Hostel - Auberge de jeunesse \u00e0 Paris","isPartOf":{"@id":"https:\/\/www.bastillehostel.com\/fr\/#website"},"primaryImageOfPage":{"@id":"https:\/\/www.bastillehostel.com\/fr\/bons-plans-paris\/bastille-nation-montreuil\/les-salles-de-concert-a-bastille\/#primaryimage"},"image":{"@id":"https:\/\/www.bastillehostel.com\/fr\/bons-plans-paris\/bastille-nation-montreuil\/les-salles-de-concert-a-bastille\/#primaryimage"},"thumbnailUrl":"https:\/\/www.bastillehostel.com\/wp-content\/uploads\/2018\/06\/cartoucherie.jpg","datePublished":"2018-03-01T10:10:28+00:00","dateModified":"2018-06-19T12:23:49+00:00","breadcrumb":{"@id":"https:\/\/www.bastillehostel.com\/fr\/bons-plans-paris\/bastille-nation-montreuil\/les-salles-de-concert-a-bastille\/#breadcrumb"},"inLanguage":"fr-FR","potentialAction":[{"@type":"ReadAction","target":["https:\/\/www.bastillehostel.com\/fr\/bons-plans-paris\/bastille-nation-montreuil\/les-salles-de-concert-a-bastille\/"]}]},{"@type":"ImageObject","inLanguage":"fr-FR","@id":"https:\/\/www.bastillehostel.com\/fr\/bons-plans-paris\/bastille-nation-montreuil\/les-salles-de-concert-a-bastille\/#primaryimage","url":"https:\/\/www.bastillehostel.com\/wp-content\/uploads\/2018\/06\/cartoucherie.jpg","contentUrl":"https:\/\/www.bastillehostel.com\/wp-content\/uploads\/2018\/06\/cartoucherie.jpg"},{"@type":"BreadcrumbList","@id":"https:\/\/www.bastillehostel.com\/fr\/bons-plans-paris\/bastille-nation-montreuil\/les-salles-de-concert-a-bastille\/#breadcrumb","itemListElement":[{"@type":"ListItem","position":1,"name":"Home","item":"https:\/\/www.bastillehostel.com\/fr\/"},{"@type":"ListItem","position":2,"name":"Les bons plans \u00e0 Paris","item":"https:\/\/www.bastillehostel.com\/fr\/bons-plans-paris\/"},{"@type":"ListItem","position":3,"name":"D\u00e9couvrez le quartier Bastille !","item":"https:\/\/www.bastillehostel.com\/fr\/bons-plans-paris\/bastille-nation-montreuil\/"},{"@type":"ListItem","position":4,"name":"Les salles de concert \u00e0 Bastille"}]},{"@type":"WebSite","@id":"https:\/\/www.bastillehostel.com\/fr\/#website","url":"https:\/\/www.bastillehostel.com\/fr\/","name":"Bastille Hostel - Auberge de jeunesse \u00e0 Paris","description":"Bastille Hostel - Auberge de jeunesse \u00e0 Paris","potentialAction":[{"@type":"SearchAction","target":{"@type":"EntryPoint","urlTemplate":"https:\/\/www.bastillehostel.com\/fr\/?s={search_term_string}"},"query-input":{"@type":"PropertyValueSpecification","valueRequired":true,"valueName":"search_term_string"}}],"inLanguage":"fr-FR"}]}},"_links":{"self":[{"href":"https:\/\/www.bastillehostel.com\/fr\/wp-json\/wp\/v2\/pages\/3945","targetHints":{"allow":["GET"]}}],"collection":[{"href":"https:\/\/www.bastillehostel.com\/fr\/wp-json\/wp\/v2\/pages"}],"about":[{"href":"https:\/\/www.bastillehostel.com\/fr\/wp-json\/wp\/v2\/types\/page"}],"author":[{"embeddable":true,"href":"https:\/\/www.bastillehostel.com\/fr\/wp-json\/wp\/v2\/users\/1"}],"replies":[{"embeddable":true,"href":"https:\/\/www.bastillehostel.com\/fr\/wp-json\/wp\/v2\/comments?post=3945"}],"version-history":[{"count":15,"href":"https:\/\/www.bastillehostel.com\/fr\/wp-json\/wp\/v2\/pages\/3945\/revisions"}],"predecessor-version":[{"id":4928,"href":"https:\/\/www.bastillehostel.com\/fr\/wp-json\/wp\/v2\/pages\/3945\/revisions\/4928"}],"up":[{"embeddable":true,"href":"https:\/\/www.bastillehostel.com\/fr\/wp-json\/wp\/v2\/pages\/3922"}],"wp:attachment":[{"href":"https:\/\/www.bastillehostel.com\/fr\/wp-json\/wp\/v2\/media?parent=3945"}],"curies":[{"name":"wp","href":"https:\/\/api.w.org\/{rel}","templated":true}]}}