{"id":3933,"date":"2018-03-01T10:31:14","date_gmt":"2018-03-01T09:31:14","guid":{"rendered":"https:\/\/www.bastillehostel.com\/?page_id=3933"},"modified":"2018-06-07T16:38:02","modified_gmt":"2018-06-07T14:38:02","slug":"top-10-des-visites-a-paris","status":"publish","type":"page","link":"https:\/\/www.bastillehostel.com\/fr\/bons-plans-paris\/top-10-des-visites-a-paris\/","title":{"rendered":"Top 10 des visites \u00e0 Paris"},"content":{"rendered":"<h4>La Tour Eiffel, Le Louvre &#8230; <\/h4>\n<p>&nbsp;<\/p>\n<div style=\"margin: 0 -10000px;\">\r\n            \r\n            \r\n            \r\n            <a name='map4'><\/a>\r\n            \r\n            \r\n            \r\n            \r\n            <div class=\"wpgmza_map \"  id=\"wpgmza_map_4\" style=\"display:block; overflow:auto; width:100%; height:400px; float:left;\" data-settings='{\"id\":\"4\",\"map_title\":\"Top 10 des visites \\u00e0 Paris\",\"map_width\":\"100\",\"map_height\":\"400\",\"map_start_lat\":\"48.865741\",\"map_start_lng\":\"2.339275\",\"map_start_location\":\"48.86574100843388,2.339274878173798\",\"map_start_zoom\":\"12\",\"default_marker\":\"0\",\"type\":\"1\",\"alignment\":\"1\",\"directions_enabled\":\"1\",\"styling_enabled\":\"0\",\"styling_json\":\"\",\"active\":\"0\",\"kml\":\"\",\"bicycle\":\"0\",\"traffic\":\"0\",\"dbox\":\"1\",\"dbox_width\":\"500\",\"listmarkers\":\"0\",\"listmarkers_advanced\":\"0\",\"filterbycat\":\"0\",\"ugm_enabled\":\"0\",\"ugm_category_enabled\":\"0\",\"fusion\":\"\",\"map_width_type\":\"\\\\%\",\"map_height_type\":\"px\",\"mass_marker_support\":\"0\",\"ugm_access\":\"0\",\"order_markers_by\":\"1\",\"order_markers_choice\":\"2\",\"show_user_location\":\"2\",\"default_to\":\"\",\"other_settings\":{\"wpgmza_store_locator_restrict\":\"\",\"store_locator_query_string\":\"Code Postal \\\/ Adresse\",\"store_locator_name_string\":\"Titre \\\/ Description\",\"wpgmza_dbox_width_type\":\"px\",\"map_max_zoom\":\"3\",\"map_min_zoom\":\"21\",\"sl_stroke_color\":\"FF0000\",\"sl_stroke_opacity\":\"0.25\",\"sl_fill_color\":\"FF0000\",\"sl_fill_opacity\":\"0.15\",\"click_open_link\":2,\"transport_layer\":0,\"iw_primary_color\":\"2A3744\",\"iw_accent_color\":\"252F3A\",\"iw_text_color\":\"FFFFFF\",\"wpgmza_iw_type\":\"0\",\"list_markers_by\":\"0\",\"push_in_map\":\"\",\"push_in_map_placement\":\"9\",\"wpgmza_push_in_map_width\":\"\",\"wpgmza_push_in_map_height\":\"\",\"wpgmza_theme_data\":\"\",\"upload_default_ul_marker\":\"\",\"upload_default_sl_marker\":\"\",\"shortcodeAttributes\":{\"id\":\"4\"}}}' data-map-id='4' data-shortcode-attributes='{\"id\":\"4\"}'> <\/div>\r\n            \r\n               \r\n        <div style=\"display:block; width:100%;\">\r\n\t\t\t\t\r\n\t\t\t\t<div class=\"wpgmza-directions-box wpgmaps_directions_outer_div\" data-map-id=\"4\" style=\"width:500px;display:none;clear:both;\" id=\"wpgmaps_directions_edit_4\">\n\t<h2 class=\"wpgmza-directions-box__title\">Get Directions<\/h2>\n\t\n\t<div class=\"wpgmza-directions-box-inner\" id=\"wpgmaps_directions_editbox_4\">\n\t\t<div class=\"wpgmza-directions-actions wpgmza-form-field\">\n\t\t\t<div class=\"wpgmza-directions__travel-mode\">\n\t\t\t\t<span class=\"wpgmza-travel-mode-option wpgmza-travel-option__selected\" data-mode=\"driving\">\n\t\t\t\t\t<img decoding=\"async\" src=\"https:\/\/www.bastillehostel.com\/wp-content\/plugins\/wp-google-maps-pro\/images\/icons\/directions_car.png\">\n\t\t\t\t<\/span>\n\t\t\t\t<span class=\"wpgmza-travel-mode-option\" data-mode=\"walking\">\n\t\t\t\t\t<img decoding=\"async\" src=\"https:\/\/www.bastillehostel.com\/wp-content\/plugins\/wp-google-maps-pro\/images\/icons\/directions_walking.png\">\n\t\t\t\t<\/span>\n\t\t\t\t<span class=\"wpgmza-travel-mode-option\" data-mode=\"transit\">\n\t\t\t\t\t<img decoding=\"async\" src=\"https:\/\/www.bastillehostel.com\/wp-content\/plugins\/wp-google-maps-pro\/images\/icons\/directions_transit.png\">\n\t\t\t\t<\/span>\n\t\t\t\t<span class=\"wpgmza-travel-mode-option\" data-mode=\"bicycling\">\n\t\t\t\t\t<img decoding=\"async\" src=\"https:\/\/www.bastillehostel.com\/wp-content\/plugins\/wp-google-maps-pro\/images\/icons\/directions_bike.png\">\n\t\t\t\t<\/span>\n\t\t\t<\/div>\n\n\t\t\t<div class=\"wpgmza-directions-locations\">\n\t\t\t\t<div class=\"wpgmza-directions-from wpgmza-form-field\">\n\n\t\t\t\t\t<i class=\"wpgmza-directions-from__icon fa fa-circle\"><\/i>\n\t\t\t\n\t\t\t\t\t<label class=\"wpgmza-form-field__label\" for=\"wpgmza_input_from_4\">\n\t\t\t\t\t\tFrom\t\t\t\t\t<\/label>\n\t\t\t\t\t\n\t\t\t\t\t<input class=\"wpgmza-address wpgmza-directions-from wpgmza-form-field__input\" type=\"text\" placeholder=\"From\" value=\"\" id=\"wpgmza_input_from_4\">\n\t\t\t\t\n\t\t\t\t<\/div>\n\n\t\t\t\t<div class=\"wpgmza-directions-to wpgmza-form-field wpgmaps_to_row\">\n\n\t\t\t\t\t<i class=\"wpgmza-directions-to__icon fa fas fa-map-marker\"><\/i>\n\n\t\t\t\t\t<label class=\"wpgmza-form-field__label\" for=\"wpgmza_input_to_4\">\n\t\t\t\t\t\tTo\t\t\t\t\t<\/label>\n\t\t\t\t\t<input class=\"wpgmza-address wpgmza-form-field__input wpgmza-directions-to\" type=\"text\" placeholder=\"To\" value=\"\" id=\"wpgmza_input_to_4\">\n\t\t\t\t<\/div>\n\t\t\t\t\n\t\t\t\t<div class=\"wpgmza-waypoint-via wpgmza-form-field wpgmza-form-field--no-pad wpgmaps_via wpgmaps_template\">\n\n\t\t\t\t\t<i class=\"wpgmza-directions-from__icon fa fa-circle\"><\/i>\n\t\t\t\t\n\t\t\t\t\t<input class=\"wpgmza-waypoint-via wpgmza-form-field__input wpgmaps_via\" type=\"text\" placeholder=\"Via\">\n\t\t\t\t\t\n\t\t\t\t\t<button href=\"javascript:%20;\" class=\"wpgmza_remove_via\">\n\t\t\t\t\t\t<i class=\"fa fa-times\"><\/i>\n\t\t\t\t\t<\/button>\n\t\t\t\t\t\n\t\t\t\t<\/div>\n\t\t\t\t\n\t\t\t\t<div class=\"wpgmza-add-waypoint wpgmza-form-field wpgmza-form-field--no-pad wpgmaps_add_waypoint\">\n\t\t\t\t\t<div class=\"wpgmaps_add_waypoint\">\n\t\t\t\t\t\t<a href=\"javascript:%20;\" class=\"wpgmaps_add_waypoint\" mapid=\"4\">\n\t\t\t\t\t\t\t<i class=\"fa fa-plus-circle\" aria-hidden=\"true\"><\/i>\n\t\t\t\t\t\t\tAdd Waypoint\t\t\t\t\t\t<\/a>\n\t\t\t\t\t<\/div>\n\t\t\t\t<\/div>\n\t\t\t<\/div>\n\n\t\t\t<div class=\"wpgmza-hidden\">\n\t\t\t<label class=\"wpgmza-travel-mode wpgmza-form-field__label\" for=\"wpgmza_dir_type_4\">\n\t\t\t\tFor\t\t\t<\/label>\n\t\t\t<select class=\"wpgmza-travel-mode wpgmza-form-field__input\" name=\"wpgmza_dir_type_4\" id=\"wpgmza_dir_type_4\">\n\t\t\t\t<option value=\"driving\">\n\t\t\t\t\tDriving\t\t\t\t<\/option>\n\t\t\t\t<option value=\"walking\">\n\t\t\t\t\tWalking\t\t\t\t<\/option>\n\t\t\t\t<option value=\"transit\">\n\t\t\t\t\tTransit\t\t\t\t<\/option>\n\t\t\t\t<option value=\"bicycling\">\n\t\t\t\t\tBicycling\t\t\t\t<\/option>\n\t\t\t<\/select>\n\t\t\t<\/div>\n\t\t<\/div>\n\t\t\t\n\t\t<div class=\"wpgmza-directions-options__section\">\n\t\t\t<a href=\"javascript:;\" class=\"wpgmza-show-directions-options\" id=\"wpgmza_show_options_4\" mapid=\"4\">\n\t\t\t\tshow options\t\t\t<\/a>\n\t\t\t\n\t\t\t<a href=\"javascript:;\" class=\"wpgmza-hide-directions-options\" id=\"wpgmza_hide_options_4\" mapid=\"4\">\n\t\t\t\thide options\t\t\t<\/a>\n\t\t\t\n\t\t\t<div class=\"wpgmza-directions-options wpgmza-form-field wpgmza-form-field--no-pad wpgmza_dir_options\">\n\t\t\t\t<label class=\"class\">\n\t\t\t\t\t<input type=\"checkbox\" class=\"wpgmza-avoid-tolls\" value=\"tolls\" name=\"wpgmza_tolls_4\" id=\"wpgmza_tolls_4\">\n\t\t\t\t\tAvoid Tolls\t\t\t\t<\/label>\n\t\t\t\t<label class=\"class\">\n\t\t\t\t\t<input type=\"checkbox\" class=\"wpgmza-avoid-highways\" value=\"highways\" name=\"wpgmza_highways_4\" id=\"wpgmza_highways_4\">\n\t\t\t\t\tAvoid Highways\t\t\t\t<\/label>\n\t\t\t\t<label class=\"class\">\n\t\t\t\t\t<input type=\"checkbox\" class=\"wpgmza-avoid-ferries\" value=\"ferries\" name=\"wpgmza_ferries_4\" id=\"wpgmza_ferries_4\">\n\t\t\t\t\tAvoid Ferries\t\t\t\t<\/label>\n\t\t\t<\/div>\n\t\t<\/div>\n\t\t\n\t<\/div>\n\t\n\t<div class=\"wpgmza-directions-buttons wpgmza-form-field wpgmaps_to_row\">\n\t\t<input class=\"wpgmza-get-directions wpgmaps_get_directions\" onclick=\"javascript: ;\" type=\"button\" value=\"Go\" id=\"4\">\n\t\t\n\t\t<span class=\"wpgmza-directions-result__buttons\">\n\t\t\t<a class=\"wpgmza-print-directions\" style=\"display: none;\" onclick=\"javascript: ;\" mapid=\"4\">\n\t\t\t\tPrint directions\t\t\t<\/a>\n\t\t\t\n\t\t\t<a class=\"wpgmza-reset-directions\" style=\"display: none;\" onclick=\"javascript: ;\" mapid=\"4\">\n\t\t\t\tReset directions\t\t\t<\/a>\n\t\t<\/span>\n\t<\/div>\n<\/div>\r\n\t\t\t\t\r\n\t\t\t\t<div id=\"wpgmaps_directions_notification_4\" style=\"display:none;\">Recherche des itin\u00e9raires\u2026...<\/div>\r\n\t\t\t\t\r\n\t\t\t\t<div id=\"wpgmaps_directions_reset_4\" style=\"display:none;\">\r\n\r\n\t\t\t\t\t<a href='javascript:void(0)' onclick='wpgmza_reset_directions(4);' id='wpgmaps_reset_directions' title='Reset directions'>Reset directions<\/a>\r\n\t\t\t\t\t<br \/>\r\n\t\t\t\t\t<a href='javascript: ;' id='wpgmaps_print_directions_4' target='_blank' title='Print directions'>Print directions<\/a>\r\n\t\t\t\t<\/div>\r\n\t\t\t\t\r\n\t\t\t\t<div id=\"directions_panel_4\"><\/div>\r\n\r\n\t\t\t<\/div><\/div>\n<p>&nbsp;<br \/>\n<div class=\"one_third\">\n<img decoding=\"async\" src=\"https:\/\/www.bastillehostel.com\/wp-content\/uploads\/2018\/06\/tour-eiffel-400x225.jpg\" alt=\"Paris - Tour Eiffel\" width=\"400\" height=\"225\" class=\"aligncenter size-full wp-image-4440\" srcset=\"https:\/\/www.bastillehostel.com\/wp-content\/uploads\/2018\/06\/tour-eiffel-400x225.jpg 400w, https:\/\/www.bastillehostel.com\/wp-content\/uploads\/2018\/06\/tour-eiffel-400x225-300x169.jpg 300w\" sizes=\"(max-width: 400px) 100vw, 400px\" \/><\/p>\n<h3>1: <a href=\"http:\/\/www.tour-eiffel.fr\/\" target=\"_blank\">La Tour Eiffel <\/a><\/h3>\n<p>Monument incontournable de Paris.<br \/>\n<\/div>\n<div class=\"one_third\">\n<img decoding=\"async\" src=\"https:\/\/www.bastillehostel.com\/wp-content\/uploads\/2018\/06\/louvre-paris.jpg\" alt=\"Le mus\u00e9e du Louvre\" width=\"400\" height=\"225\" class=\"aligncenter size-full wp-image-4458\" srcset=\"https:\/\/www.bastillehostel.com\/wp-content\/uploads\/2018\/06\/louvre-paris.jpg 400w, https:\/\/www.bastillehostel.com\/wp-content\/uploads\/2018\/06\/louvre-paris-300x169.jpg 300w\" sizes=\"(max-width: 400px) 100vw, 400px\" \/><\/p>\n<h3>2: <a href=\"http:\/\/www.louvre.fr\/\" target=\"_blank\">Le mus\u00e9e du Louvre<\/a><\/h3>\n<p>Le mus\u00e9e d&rsquo;Art le plus visit\u00e9 dans le monde ! C&rsquo;est aussi l&rsquo;un des plus grands du monde, alors vous ne pourrez pas tout voir! Pr\u00e9parez votre visite et faites votre choix en amont. Pour \u00e9viter de perdre du temps dans les fils d&rsquo;attente, pensez \u00e0 acheter vos billets avant !<br \/>\n<\/div>\n<div class=\"one_third last_column\">\n<img decoding=\"async\" src=\"https:\/\/www.bastillehostel.com\/wp-content\/uploads\/2018\/06\/Cath\u00e9drale-Notre-Dame-paris-400x225.jpg\" alt=\"Notre Dame de Paris\" width=\"400\" height=\"225\" class=\"aligncenter size-full wp-image-4432\" srcset=\"https:\/\/www.bastillehostel.com\/wp-content\/uploads\/2018\/06\/Cath\u00e9drale-Notre-Dame-paris-400x225.jpg 400w, https:\/\/www.bastillehostel.com\/wp-content\/uploads\/2018\/06\/Cath\u00e9drale-Notre-Dame-paris-400x225-300x169.jpg 300w\" sizes=\"(max-width: 400px) 100vw, 400px\" \/><\/p>\n<h3>3: <a href=\"http:\/\/www.notredamedeparis.fr\/\" target=\"_blank\">Notre Dame de Paris<\/a><\/h3>\n<p>Probablement la cath\u00e9drale la plus connue du monde\u00a0 ! Il y a donc toujours beaucoup de touristes \u00e0 vouloir visiter. Si vous le pouvez, planifier votre visite de Notre Dame de Paris en semaine plut\u00f4t qu&rsquo;en week-end !<br \/>\n<\/div>\n<div class=\"clear\"><\/div>\n<p>&nbsp;<\/p>\n<div class=\"one_third\">\n<h3>4: <a href=\"http:\/\/www.operadeparis.fr\/\" target=\"_blank\">Op\u00e9ra National de Paris<\/a><\/h3>\n<p>Sans doute un des plus beaux monuments de Paris. A voir \u00e9galement dans le quartier, les Grands magasins \u00ab\u00a0Printemps\u00a0\u00bb et les fameuses \u00ab\u00a0Galleries lafayette\u00a0\u00bb<br \/>\n<\/div>\n<div class=\"one_third\">\n<h3>5: <a href=\"http:\/\/www.sacre-coeur-montmartre.com\/\" target=\"_blank\">Le Sacr\u00e9 Coeur (Montmartre)<\/a><\/h3>\n<p>La Sacr\u00e9 Coeur est le point culminant de la ville de Paris. Vous y trouverez une donc une des meilleures vues sur Paris, le tout gratuitement !<br \/>\n<\/div>\n<div class=\"one_third last_column\">\n<h3>6: <a href=\"http:\/\/www.chateauversailles.fr\" target=\"_blank\">Ch\u00e2teau de Versailles<\/a><\/h3>\n<p>Situ\u00e9 \u00e0 30 min de Paris en RER, Versailles est le ch\u00e2teau royal le plus luxueux de France. Pr\u00e9voir une journ\u00e9e compl\u00e8te pour la visite du Ch\u00e2teau.<br \/>\n<\/div>\n<div class=\"clear\"><\/div>\n<p>&nbsp;<\/p>\n<div class=\"one_third\">\n<h3>7: <a href=\"http:\/\/www.centrepompidou.fr\/\" target=\"_blank\">Le Centre Pompidou<\/a><\/h3>\n<h3>8: <a href=\"http:\/\/www.parisinfo.com\/musee-monument-paris\/71304\/Jardin-des-Tuileries\" target=\"_blank\">Le jardin des Tuileries<\/a><\/h3>\n<\/div>\n<div class=\"one_third\">\n<h3>9: <a href=\"http:\/\/arc-de-triomphe.monuments-nationaux.fr\/\" target=\"_blank\">L&rsquo;Arc de Triomphe<\/a><\/h3>\n<p>Situ\u00e9 \u00e0 l&rsquo;extr\u00e9mit\u00e9 Ouest de la c\u00e9l\u00e8bre Avenue des Champs Elys\u00e9es, l&rsquo;Arc de triomphe est un monument construit de 1806 \u00e0 1836 sur ordre de Napol\u00e9on suite \u00e0 la victoire de la fameuse bataille d&rsquo;Austerlitz.<br \/>\n<\/div>\n<div class=\"one_third last_column\">\n<h3>10 : <a href=\"http:\/\/pantheon.monuments-nationaux.fr\/\" target=\"_blank\">Le Panth\u00e9on<\/a><\/h3>\n<p>Situ\u00e9 dans le quartier latin \u00e0 Paris, il est \u00e0 une court distance de marche du Jardin du Luxembourg.\u00a0 Cette ancienne \u00e9glise est d\u00e9sormais un mosol\u00e9 la\u00efc qui abrite les restes de quelques uns des citoyens fran\u00e7ais les plus distingu\u00e9s\u00a0 comme Victor Hugo et Marie Curie. A ne pas manquer : la vue panoramique de Paris \u00e0 360 \u00b0. Le bon plan: les temps d&rsquo;attente sont nettement plus courts que ceux de la Tour Eiffel: id\u00e9al pour ne pas perdre trop de temps si vous \u00eates \u00e0 Paris juste pour un week-end .<br \/>\n<\/div>\n<div class=\"clear\"><\/div>\n<p>&nbsp;<\/p>\n<h3>Amusez-vous \u00e0 Paris<\/h3>\n<p>&nbsp;<\/p>\n<p style=\"text-align: center;\">Retrouvez les <a href=\"http:\/\/www.proxifun.com\/categories_loisirs\/musee-et-visite-divers\/?cat=musee-et-visite-divers\" target=\"_blank\">visites et mus\u00e9es<\/a>, les <a href=\"http:\/\/www.proxifun.com\/categories_loisirs\/parc-attraction\/?cat=parc-attraction\" target=\"_blank\">parcs d\u2019attractions<\/a>\u00a0 ou <a href=\"http:\/\/www.proxifun.com\/categories_loisirs\/piscine-parc-aquatique\/?cat=piscine-parc-aquatique\" target=\"_blank\">parc aquatiques<\/a> et autres activit\u00e9s de <a href=\"http:\/\/www.proxifun.com\/?s=&amp;where=Paris&amp;company_category=&amp;cat=&amp;search_simple=Trouver\" target=\"_blank\">Loisirs \u00e0 Paris<\/a> sur <a href=\"http:\/\/www.proxifun.com\" target=\"_blank\">Proxifun<\/a>.<\/p>\n","protected":false},"excerpt":{"rendered":"<p>La Tour Eiffel, Le Louvre &#8230; &nbsp; &nbsp; &nbsp; &nbsp; &nbsp; Amusez-vous \u00e0 Paris &nbsp; Retrouvez les visites et mus\u00e9es, les parcs d\u2019attractions\u00a0 ou parc aquatiques et autres activit\u00e9s de Loisirs \u00e0 Paris sur Proxifun.<\/p>\n","protected":false},"author":1,"featured_media":0,"parent":64,"menu_order":0,"comment_status":"closed","ping_status":"closed","template":"page-FullWidth.php","meta":{"footnotes":""},"class_list":["post-3933","page","type-page","status-publish","hentry"],"yoast_head":"<!-- This site is optimized with the Yoast SEO plugin v27.5 - https:\/\/yoast.com\/product\/yoast-seo-wordpress\/ -->\n<title>Top 10 des visites \u00e0 Paris - Bastille Hostel - Auberge de jeunesse \u00e0 Paris<\/title>\n<meta name=\"robots\" content=\"index, follow, max-snippet:-1, max-image-preview:large, max-video-preview:-1\" \/>\n<link rel=\"canonical\" href=\"https:\/\/www.bastillehostel.com\/fr\/bons-plans-paris\/top-10-des-visites-a-paris\/\" \/>\n<meta property=\"og:locale\" content=\"fr_FR\" \/>\n<meta property=\"og:type\" content=\"article\" \/>\n<meta property=\"og:title\" content=\"Top 10 des visites \u00e0 Paris - Bastille Hostel - Auberge de jeunesse \u00e0 Paris\" \/>\n<meta property=\"og:description\" content=\"La Tour Eiffel, Le Louvre &#8230; &nbsp; &nbsp; &nbsp; &nbsp; &nbsp; Amusez-vous \u00e0 Paris &nbsp; Retrouvez les visites et mus\u00e9es, les parcs d\u2019attractions\u00a0 ou parc aquatiques et autres activit\u00e9s de Loisirs \u00e0 Paris sur Proxifun.\" \/>\n<meta property=\"og:url\" content=\"https:\/\/www.bastillehostel.com\/fr\/bons-plans-paris\/top-10-des-visites-a-paris\/\" \/>\n<meta property=\"og:site_name\" content=\"Bastille Hostel - Auberge de jeunesse \u00e0 Paris\" \/>\n<meta property=\"article:modified_time\" content=\"2018-06-07T14:38:02+00:00\" \/>\n<meta property=\"og:image\" content=\"https:\/\/www.bastillehostel.com\/wp-content\/uploads\/2018\/06\/tour-eiffel-400x225.jpg\" \/>\n<meta name=\"twitter:card\" content=\"summary_large_image\" \/>\n<meta name=\"twitter:label1\" content=\"Dur\u00e9e de lecture estim\u00e9e\" \/>\n\t<meta name=\"twitter:data1\" content=\"2 minutes\" \/>\n<script type=\"application\/ld+json\" class=\"yoast-schema-graph\">{\"@context\":\"https:\\\/\\\/schema.org\",\"@graph\":[{\"@type\":\"WebPage\",\"@id\":\"https:\\\/\\\/www.bastillehostel.com\\\/fr\\\/bons-plans-paris\\\/top-10-des-visites-a-paris\\\/\",\"url\":\"https:\\\/\\\/www.bastillehostel.com\\\/fr\\\/bons-plans-paris\\\/top-10-des-visites-a-paris\\\/\",\"name\":\"Top 10 des visites \u00e0 Paris - Bastille Hostel - Auberge de jeunesse \u00e0 Paris\",\"isPartOf\":{\"@id\":\"https:\\\/\\\/www.bastillehostel.com\\\/fr\\\/#website\"},\"primaryImageOfPage\":{\"@id\":\"https:\\\/\\\/www.bastillehostel.com\\\/fr\\\/bons-plans-paris\\\/top-10-des-visites-a-paris\\\/#primaryimage\"},\"image\":{\"@id\":\"https:\\\/\\\/www.bastillehostel.com\\\/fr\\\/bons-plans-paris\\\/top-10-des-visites-a-paris\\\/#primaryimage\"},\"thumbnailUrl\":\"https:\\\/\\\/www.bastillehostel.com\\\/wp-content\\\/uploads\\\/2018\\\/06\\\/tour-eiffel-400x225.jpg\",\"datePublished\":\"2018-03-01T09:31:14+00:00\",\"dateModified\":\"2018-06-07T14:38:02+00:00\",\"breadcrumb\":{\"@id\":\"https:\\\/\\\/www.bastillehostel.com\\\/fr\\\/bons-plans-paris\\\/top-10-des-visites-a-paris\\\/#breadcrumb\"},\"inLanguage\":\"fr-FR\",\"potentialAction\":[{\"@type\":\"ReadAction\",\"target\":[\"https:\\\/\\\/www.bastillehostel.com\\\/fr\\\/bons-plans-paris\\\/top-10-des-visites-a-paris\\\/\"]}]},{\"@type\":\"ImageObject\",\"inLanguage\":\"fr-FR\",\"@id\":\"https:\\\/\\\/www.bastillehostel.com\\\/fr\\\/bons-plans-paris\\\/top-10-des-visites-a-paris\\\/#primaryimage\",\"url\":\"https:\\\/\\\/www.bastillehostel.com\\\/wp-content\\\/uploads\\\/2018\\\/06\\\/tour-eiffel-400x225.jpg\",\"contentUrl\":\"https:\\\/\\\/www.bastillehostel.com\\\/wp-content\\\/uploads\\\/2018\\\/06\\\/tour-eiffel-400x225.jpg\"},{\"@type\":\"BreadcrumbList\",\"@id\":\"https:\\\/\\\/www.bastillehostel.com\\\/fr\\\/bons-plans-paris\\\/top-10-des-visites-a-paris\\\/#breadcrumb\",\"itemListElement\":[{\"@type\":\"ListItem\",\"position\":1,\"name\":\"Home\",\"item\":\"https:\\\/\\\/www.bastillehostel.com\\\/fr\\\/\"},{\"@type\":\"ListItem\",\"position\":2,\"name\":\"Les bons plans \u00e0 Paris\",\"item\":\"https:\\\/\\\/www.bastillehostel.com\\\/fr\\\/bons-plans-paris\\\/\"},{\"@type\":\"ListItem\",\"position\":3,\"name\":\"Top 10 des visites \u00e0 Paris\"}]},{\"@type\":\"WebSite\",\"@id\":\"https:\\\/\\\/www.bastillehostel.com\\\/fr\\\/#website\",\"url\":\"https:\\\/\\\/www.bastillehostel.com\\\/fr\\\/\",\"name\":\"Bastille Hostel - Auberge de jeunesse \u00e0 Paris\",\"description\":\"Bastille Hostel - Auberge de jeunesse \u00e0 Paris\",\"potentialAction\":[{\"@type\":\"SearchAction\",\"target\":{\"@type\":\"EntryPoint\",\"urlTemplate\":\"https:\\\/\\\/www.bastillehostel.com\\\/fr\\\/?s={search_term_string}\"},\"query-input\":{\"@type\":\"PropertyValueSpecification\",\"valueRequired\":true,\"valueName\":\"search_term_string\"}}],\"inLanguage\":\"fr-FR\"}]}<\/script>\n<!-- \/ Yoast SEO plugin. -->","yoast_head_json":{"title":"Top 10 des visites \u00e0 Paris - Bastille Hostel - Auberge de jeunesse \u00e0 Paris","robots":{"index":"index","follow":"follow","max-snippet":"max-snippet:-1","max-image-preview":"max-image-preview:large","max-video-preview":"max-video-preview:-1"},"canonical":"https:\/\/www.bastillehostel.com\/fr\/bons-plans-paris\/top-10-des-visites-a-paris\/","og_locale":"fr_FR","og_type":"article","og_title":"Top 10 des visites \u00e0 Paris - Bastille Hostel - Auberge de jeunesse \u00e0 Paris","og_description":"La Tour Eiffel, Le Louvre &#8230; &nbsp; &nbsp; &nbsp; &nbsp; &nbsp; Amusez-vous \u00e0 Paris &nbsp; Retrouvez les visites et mus\u00e9es, les parcs d\u2019attractions\u00a0 ou parc aquatiques et autres activit\u00e9s de Loisirs \u00e0 Paris sur Proxifun.","og_url":"https:\/\/www.bastillehostel.com\/fr\/bons-plans-paris\/top-10-des-visites-a-paris\/","og_site_name":"Bastille Hostel - Auberge de jeunesse \u00e0 Paris","article_modified_time":"2018-06-07T14:38:02+00:00","og_image":[{"url":"https:\/\/www.bastillehostel.com\/wp-content\/uploads\/2018\/06\/tour-eiffel-400x225.jpg","type":"","width":"","height":""}],"twitter_card":"summary_large_image","twitter_misc":{"Dur\u00e9e de lecture estim\u00e9e":"2 minutes"},"schema":{"@context":"https:\/\/schema.org","@graph":[{"@type":"WebPage","@id":"https:\/\/www.bastillehostel.com\/fr\/bons-plans-paris\/top-10-des-visites-a-paris\/","url":"https:\/\/www.bastillehostel.com\/fr\/bons-plans-paris\/top-10-des-visites-a-paris\/","name":"Top 10 des visites \u00e0 Paris - Bastille Hostel - Auberge de jeunesse \u00e0 Paris","isPartOf":{"@id":"https:\/\/www.bastillehostel.com\/fr\/#website"},"primaryImageOfPage":{"@id":"https:\/\/www.bastillehostel.com\/fr\/bons-plans-paris\/top-10-des-visites-a-paris\/#primaryimage"},"image":{"@id":"https:\/\/www.bastillehostel.com\/fr\/bons-plans-paris\/top-10-des-visites-a-paris\/#primaryimage"},"thumbnailUrl":"https:\/\/www.bastillehostel.com\/wp-content\/uploads\/2018\/06\/tour-eiffel-400x225.jpg","datePublished":"2018-03-01T09:31:14+00:00","dateModified":"2018-06-07T14:38:02+00:00","breadcrumb":{"@id":"https:\/\/www.bastillehostel.com\/fr\/bons-plans-paris\/top-10-des-visites-a-paris\/#breadcrumb"},"inLanguage":"fr-FR","potentialAction":[{"@type":"ReadAction","target":["https:\/\/www.bastillehostel.com\/fr\/bons-plans-paris\/top-10-des-visites-a-paris\/"]}]},{"@type":"ImageObject","inLanguage":"fr-FR","@id":"https:\/\/www.bastillehostel.com\/fr\/bons-plans-paris\/top-10-des-visites-a-paris\/#primaryimage","url":"https:\/\/www.bastillehostel.com\/wp-content\/uploads\/2018\/06\/tour-eiffel-400x225.jpg","contentUrl":"https:\/\/www.bastillehostel.com\/wp-content\/uploads\/2018\/06\/tour-eiffel-400x225.jpg"},{"@type":"BreadcrumbList","@id":"https:\/\/www.bastillehostel.com\/fr\/bons-plans-paris\/top-10-des-visites-a-paris\/#breadcrumb","itemListElement":[{"@type":"ListItem","position":1,"name":"Home","item":"https:\/\/www.bastillehostel.com\/fr\/"},{"@type":"ListItem","position":2,"name":"Les bons plans \u00e0 Paris","item":"https:\/\/www.bastillehostel.com\/fr\/bons-plans-paris\/"},{"@type":"ListItem","position":3,"name":"Top 10 des visites \u00e0 Paris"}]},{"@type":"WebSite","@id":"https:\/\/www.bastillehostel.com\/fr\/#website","url":"https:\/\/www.bastillehostel.com\/fr\/","name":"Bastille Hostel - Auberge de jeunesse \u00e0 Paris","description":"Bastille Hostel - Auberge de jeunesse \u00e0 Paris","potentialAction":[{"@type":"SearchAction","target":{"@type":"EntryPoint","urlTemplate":"https:\/\/www.bastillehostel.com\/fr\/?s={search_term_string}"},"query-input":{"@type":"PropertyValueSpecification","valueRequired":true,"valueName":"search_term_string"}}],"inLanguage":"fr-FR"}]}},"_links":{"self":[{"href":"https:\/\/www.bastillehostel.com\/fr\/wp-json\/wp\/v2\/pages\/3933","targetHints":{"allow":["GET"]}}],"collection":[{"href":"https:\/\/www.bastillehostel.com\/fr\/wp-json\/wp\/v2\/pages"}],"about":[{"href":"https:\/\/www.bastillehostel.com\/fr\/wp-json\/wp\/v2\/types\/page"}],"author":[{"embeddable":true,"href":"https:\/\/www.bastillehostel.com\/fr\/wp-json\/wp\/v2\/users\/1"}],"replies":[{"embeddable":true,"href":"https:\/\/www.bastillehostel.com\/fr\/wp-json\/wp\/v2\/comments?post=3933"}],"version-history":[{"count":19,"href":"https:\/\/www.bastillehostel.com\/fr\/wp-json\/wp\/v2\/pages\/3933\/revisions"}],"predecessor-version":[{"id":4446,"href":"https:\/\/www.bastillehostel.com\/fr\/wp-json\/wp\/v2\/pages\/3933\/revisions\/4446"}],"up":[{"embeddable":true,"href":"https:\/\/www.bastillehostel.com\/fr\/wp-json\/wp\/v2\/pages\/64"}],"wp:attachment":[{"href":"https:\/\/www.bastillehostel.com\/fr\/wp-json\/wp\/v2\/media?parent=3933"}],"curies":[{"name":"wp","href":"https:\/\/api.w.org\/{rel}","templated":true}]}}