{"id":30,"date":"2018-01-23T11:07:13","date_gmt":"2018-01-23T10:07:13","guid":{"rendered":"https:\/\/www.bastillehostel.com\/?page_id=30"},"modified":"2018-06-11T11:06:18","modified_gmt":"2018-06-11T09:06:18","slug":"acces","status":"publish","type":"page","link":"https:\/\/www.bastillehostel.com\/fr\/acces\/","title":{"rendered":"Acc\u00e8s &#038; situation : Quartier Bastille"},"content":{"rendered":"\t\t\t<style type=\"text\/css\">\n\t\t\t\t#content-block-background-1074 { background-image: url(); background-position: 50% 0; background-repeat: repeat; background-color: transparent; background-attachment: scroll; background-size: auto; }\n\t\t\t\t#content-block-body-1074 { padding: 40px 0; color: inherit; }\n\t\t\t\t.content-block-body { margin-left: auto; margin-right: auto; position: relative; }\n\t\t\t<\/style>\n\t\t\t\t\t\t\t<style type=\"text\/css\">\n\t\t\t\t\t#wrapper-1 { overflow-x: hidden; }\n\t\t\t\t\t#content-block-background-1074 { margin: 0 -10000px; padding: 0 10000px; }\n\t\t\t\t<\/style>\n\t\t\t\n\t\t\t\t\t\t<script type=\"text\/javascript\">\n\t\t\t\t\/\/ <![CDATA[\n\t\t\t\tjQuery(document).ready(function($){\n\t\t\t\t\t\"use strict\";\n\t\t\t\t\tif( ! $(\"body\").hasClass( \"mobile-detected\" ) ){\n\t\t\t\t\t\t$(\"#content-block-background-\"+1074).each(function(){\n\t\t\t\t\t\t\tvar $bgobj = $(this); \/\/ Assigning the object.\n\t\t\t\t\t\t\tvar xPos = '50%'; \/\/ x bg position value from the user shortcode.\n\t\t\t\t\t\t\t$(window).scroll(function() {\n\t\t\t\t\t\t\t\tvar yPos = -($(window).scrollTop() \/ 3);\n\t\t\t\t\t\t\t\t\/\/ Put together our final background position.\n\t\t\t\t\t\t\t\tvar coords = xPos+' '+yPos+'px';\n\t\t\t\t\t\t\t\t\/\/ Move the background.\n\t\t\t\t\t\t\t\t$bgobj.css({ backgroundPosition: coords });\n\t\t\t\t\t\t\t});\n\t\t\t\t\t\t});\n\t\t\t\t\t}\n\t\t\t\t});\n\t\t\t\t\/\/ ]]>\n\t\t\t<\/script>\n\t\t\t\n\t\t\t<div class=\"clear\"><\/div>\n\t\t\t<div id=\"content-block-background-1074\" class=\"content-block-background \">\n\t\t\t\t<div id=\"content-block-body-1074\" class=\"content-block-body\">\n\t\t\t\t\t<div class=\"clear\"><\/div>\n\t\t\t\t\t\n<h4>Au coeur de Paris <\/h4>\n<p>L\u2019auberge de jeunesse Bastille Hostel est situ\u00e9e dans le quartier de la Bastille, un des quartiers les plus anim\u00e9s de Paris, o\u00f9 l\u2019on trouve beaucoup de bars et restaurants.<br \/>\nLa station la plus proche de Bastille hostel est Ledru-Rollin (ligne 8), \u00e0 200 m\u00e8tres de l\u2019auberge de jeunesse. Vous pouvez \u00e9galement venir depuis la station Bastille (lignes 1-5-8). Pour un itin\u00e9raire personnalis\u00e9 en transports en commun, nous vous invitons \u00e0 consulter le site internet de la RATP.<br \/>\n\t\t\t\t\t<div class=\"clear\"><\/div>\n\t\t\t\t<\/div>\n\t\t\t<\/div>\n\t\t\t<div class=\"clear\"><\/div>\n\t\t\t\n<div class=\"clear\"><\/div>\n\t\t\t<style type=\"text\/css\">\n\t\t\t\t#content-block-background-1303 { background-image: url(); background-position: 50% 0; background-repeat: repeat; background-color: transparent; background-attachment: scroll; background-size: auto; }\n\t\t\t\t#content-block-body-1303 { padding: 40px 0; color: inherit; }\n\t\t\t\t.content-block-body { margin-left: auto; margin-right: auto; position: relative; }\n\t\t\t<\/style>\n\t\t\t\t\t\t\t<style type=\"text\/css\">\n\t\t\t\t\t#wrapper-1 { overflow-x: hidden; }\n\t\t\t\t\t#content-block-background-1303 { margin: 0 -10000px; padding: 0 10000px; }\n\t\t\t\t<\/style>\n\t\t\t\n\t\t\t\t\t\t<script type=\"text\/javascript\">\n\t\t\t\t\/\/ <![CDATA[\n\t\t\t\tjQuery(document).ready(function($){\n\t\t\t\t\t\"use strict\";\n\t\t\t\t\tif( ! $(\"body\").hasClass( \"mobile-detected\" ) ){\n\t\t\t\t\t\t$(\"#content-block-background-\"+1303).each(function(){\n\t\t\t\t\t\t\tvar $bgobj = $(this); \/\/ Assigning the object.\n\t\t\t\t\t\t\tvar xPos = '50%'; \/\/ x bg position value from the user shortcode.\n\t\t\t\t\t\t\t$(window).scroll(function() {\n\t\t\t\t\t\t\t\tvar yPos = -($(window).scrollTop() \/ 3);\n\t\t\t\t\t\t\t\t\/\/ Put together our final background position.\n\t\t\t\t\t\t\t\tvar coords = xPos+' '+yPos+'px';\n\t\t\t\t\t\t\t\t\/\/ Move the background.\n\t\t\t\t\t\t\t\t$bgobj.css({ backgroundPosition: coords });\n\t\t\t\t\t\t\t});\n\t\t\t\t\t\t});\n\t\t\t\t\t}\n\t\t\t\t});\n\t\t\t\t\/\/ ]]>\n\t\t\t<\/script>\n\t\t\t\n\t\t\t<div class=\"clear\"><\/div>\n\t\t\t<div id=\"content-block-background-1303\" class=\"content-block-background \">\n\t\t\t\t<div id=\"content-block-body-1303\" class=\"content-block-body\">\n\t\t\t\t\t<div class=\"clear\"><\/div>\n\t\t\t\t\t\n<div style=\"margin: 0 -10000px;\">\r\n            \r\n            \r\n            \r\n            <a name='map1'><\/a>\r\n            \r\n            \r\n            \r\n            \r\n            <div class=\"wpgmza_map \"  id=\"wpgmza_map_1\" style=\"display:block; overflow:auto; width:100%; height:400px; float:left;\" data-settings='{\"id\":\"1\",\"map_title\":\"Acc\\u00e8s\",\"map_width\":\"100\",\"map_height\":\"400\",\"map_start_lat\":\"48.855238\",\"map_start_lng\":\"2.349060\",\"map_start_location\":\"48.85523804264698,2.3490595766601263\",\"map_start_zoom\":\"13\",\"default_marker\":\"0\",\"type\":\"1\",\"alignment\":\"1\",\"directions_enabled\":\"0\",\"styling_enabled\":\"0\",\"styling_json\":\"\",\"active\":\"0\",\"kml\":\"\",\"bicycle\":\"0\",\"traffic\":\"0\",\"dbox\":\"1\",\"dbox_width\":\"100\",\"listmarkers\":\"0\",\"listmarkers_advanced\":\"0\",\"filterbycat\":\"0\",\"ugm_enabled\":\"0\",\"ugm_category_enabled\":\"0\",\"fusion\":\"\",\"map_width_type\":\"\\\\%\",\"map_height_type\":\"px\",\"mass_marker_support\":\"1\",\"ugm_access\":\"0\",\"order_markers_by\":\"1\",\"order_markers_choice\":\"2\",\"show_user_location\":\"2\",\"default_to\":\"\",\"other_settings\":{\"wpgmza_store_locator_restrict\":\"\",\"store_locator_bounce\":1,\"store_locator_query_string\":\"Code Postal \\\/ Adresse\",\"store_locator_name_string\":\"Titre \\\/ Description\",\"wpgmza_dbox_width_type\":\"px\",\"map_max_zoom\":\"1\",\"map_min_zoom\":\"21\",\"sl_stroke_color\":\"FF0000\",\"sl_stroke_opacity\":\"0.25\",\"sl_fill_color\":\"FF0000\",\"sl_fill_opacity\":\"0.15\",\"click_open_link\":2,\"transport_layer\":0,\"iw_primary_color\":\"2A3744\",\"iw_accent_color\":\"252F3A\",\"iw_text_color\":\"FFFFFF\",\"wpgmza_iw_type\":\"0\",\"list_markers_by\":\"0\",\"push_in_map\":\"\",\"push_in_map_placement\":\"9\",\"wpgmza_push_in_map_width\":\"\",\"wpgmza_push_in_map_height\":\"\",\"wpgmza_theme_data\":\"\",\"upload_default_ul_marker\":\"\",\"upload_default_sl_marker\":\"\",\"shortcodeAttributes\":{\"id\":\"1\"}}}' data-map-id='1' data-shortcode-attributes='{\"id\":\"1\"}'> <\/div>\r\n            \r\n               \r\n        <\/div>\n\t\t\t\t\t<div class=\"clear\"><\/div>\n\t\t\t\t<\/div>\n\t\t\t<\/div>\n\t\t\t<div class=\"clear\"><\/div>\n\t\t\t\n<div class=\"clear\"><\/div>\n\t\t\t<style type=\"text\/css\">\n\t\t\t\t#content-block-background-1330 { background-image: url(); background-position: 50% 0; background-repeat: repeat; background-color: transparent; background-attachment: scroll; background-size: auto; }\n\t\t\t\t#content-block-body-1330 { padding: 40px 0; color: inherit; }\n\t\t\t\t.content-block-body { margin-left: auto; margin-right: auto; position: relative; }\n\t\t\t<\/style>\n\t\t\t\t\t\t\t<style type=\"text\/css\">\n\t\t\t\t\t#wrapper-1 { overflow-x: hidden; }\n\t\t\t\t\t#content-block-background-1330 { margin: 0 -10000px; padding: 0 10000px; }\n\t\t\t\t<\/style>\n\t\t\t\n\t\t\t\t\t\t<script type=\"text\/javascript\">\n\t\t\t\t\/\/ <![CDATA[\n\t\t\t\tjQuery(document).ready(function($){\n\t\t\t\t\t\"use strict\";\n\t\t\t\t\tif( ! $(\"body\").hasClass( \"mobile-detected\" ) ){\n\t\t\t\t\t\t$(\"#content-block-background-\"+1330).each(function(){\n\t\t\t\t\t\t\tvar $bgobj = $(this); \/\/ Assigning the object.\n\t\t\t\t\t\t\tvar xPos = '50%'; \/\/ x bg position value from the user shortcode.\n\t\t\t\t\t\t\t$(window).scroll(function() {\n\t\t\t\t\t\t\t\tvar yPos = -($(window).scrollTop() \/ 3);\n\t\t\t\t\t\t\t\t\/\/ Put together our final background position.\n\t\t\t\t\t\t\t\tvar coords = xPos+' '+yPos+'px';\n\t\t\t\t\t\t\t\t\/\/ Move the background.\n\t\t\t\t\t\t\t\t$bgobj.css({ backgroundPosition: coords });\n\t\t\t\t\t\t\t});\n\t\t\t\t\t\t});\n\t\t\t\t\t}\n\t\t\t\t});\n\t\t\t\t\/\/ ]]>\n\t\t\t<\/script>\n\t\t\t\n\t\t\t<div class=\"clear\"><\/div>\n\t\t\t<div id=\"content-block-background-1330\" class=\"content-block-background \">\n\t\t\t\t<div id=\"content-block-body-1330\" class=\"content-block-body\">\n\t\t\t\t\t<div class=\"clear\"><\/div>\n\t\t\t\t\t\n<div class=\"clear\"><\/div><div class=\"tabs-wrapper\"><ul class=\"tabs\"><li><a href=\"javascript:void(0)\" class=\"defaulttab\" id=\"tab-1\"><span>Depuis les a\u00e9roports<\/span><\/a><\/li><li><a href=\"javascript:void(0)\" id=\"tab-2\"><span>Depuis m\u00e9tro Bastille<\/span><\/a><\/li><li><a href=\"javascript:void(0)\" id=\"tab-3\"><span>Depuis m\u00e9tro Ledru-Rollin<\/span><\/a><\/li><li><a href=\"javascript:void(0)\" id=\"tab-4\"><span>Depuis les gares<\/span><\/a><\/li><\/ul><div class=\"tab-content\" id=\"tab-1-content\"><div class=\"tabs-inner-padding\"><p style=\"text-align: left;\"><strong>Depuis les deux a\u00e9roports de Paris<\/strong>, la mani\u00e8re la plus simple d\u2019acc\u00e9der \u00e0 l\u2019auberge de jeunesse est de <strong>rejoindre la station Chatelet-les-Halles<\/strong> dans un premier temps, puis prendre le m\u00e9tro (ligne 1) direction Ch\u00e2teau de Vincennes jusqu\u2019\u00e0 Bastille. A Bastille, prenez la ligne 8 direction Cr\u00e9teil, pour finalement descendre \u00e0 la station Ledru-Rollin.<\/p>\n<p style=\"text-align: left;\">Nous vous conseillons de prendre l\u2019Orlyval puis le RER B si vous venez de l\u2019a\u00e9roport d\u2019Orly. Il existe \u00e9galement des bus Air France ou l\u2019OrlyBus (ce dernier vous d\u00e9pose \u00e0 la station Denfert Rochereau).<\/p>\n<p style=\"text-align: left;\">Si vous arrivez \u00e0 l\u2019a\u00e9roport de Roissy Charles De Gaulle, il faut prendre le RER B jusque Chatelet-les-Halles, sinon vous pouvez \u00e9galement prendre le RoissyBus, qui vous d\u00e9posera \u00e0 Op\u00e9ra.<\/p>\n<p style=\"text-align: left;\"><strong>Depuis Orly<\/strong><\/p>\n<table>\n<tbody>\n<tr>\n<td>Prendre<\/td>\n<td>RER B<\/td>\n<td>Charles de Gaulle\/ Mitry<\/td>\n<td>Jusque<\/td>\n<td>Ch\u00e2telet Les Halles<\/td>\n<\/tr>\n<tr>\n<td>Changer<\/td>\n<td>M\u00e9tro 1<\/td>\n<td>Chateau de Vincennes<\/td>\n<td>Jusque<\/td>\n<td>Bastille<\/td>\n<\/tr>\n<tr>\n<td>Changer<\/td>\n<td>M\u00e9tro 8<\/td>\n<td>Cr\u00e9teil<\/td>\n<td>Jusque<\/td>\n<td>Ledru \u2013 Rollin<\/td>\n<\/tr>\n<\/tbody>\n<\/table>\n<p style=\"text-align: left;\"><strong>Depuis Charles de Gaulle<\/strong><\/p>\n<table>\n<tbody>\n<tr>\n<td>Prendre<\/td>\n<td>RER B<\/td>\n<td>Robinson \/ Antony \/ St Remy<\/td>\n<td>Jusque<\/td>\n<td>Ch\u00e2telet Les Halles<\/td>\n<\/tr>\n<tr>\n<td>Changer<\/td>\n<td>M\u00e9tro 1<\/td>\n<td>Chateau de Vincennes<\/td>\n<td>Jusque<\/td>\n<td>Bastille<\/td>\n<\/tr>\n<tr>\n<td>Changer<\/td>\n<td>M\u00e9tro 8<\/td>\n<td>Cr\u00e9teil<\/td>\n<td>Jusque<\/td>\n<td>Ledru \u2013 Rollin<\/td>\n<\/tr>\n<\/tbody>\n<\/table>\n<p><a class=\"btn orange survol\" href=\"http:\/\/www.parisaeroport.fr\/\">A\u00e9roports de Paris <i class=\"fa fa-plus\" aria-hidden=\"true\"><\/i><\/a><\/p><\/div><\/div><div class=\"tab-content\" id=\"tab-2-content\"><div class=\"tabs-inner-padding\">Dans la station Bastille, prenez la sortie rue du Faubourg Saint-Antoine. Suivez ensuite les instructions ci-dessous.<\/p>\n<p><img decoding=\"async\" class=\"aligncenter size-full wp-image-3992\" src=\"https:\/\/www.bastillehostel.com\/wp-content\/uploads\/2018\/06\/acces-depuis-metro.jpg\" alt=\"\" width=\"698\" height=\"414\" srcset=\"https:\/\/www.bastillehostel.com\/wp-content\/uploads\/2018\/06\/acces-depuis-metro.jpg 698w, https:\/\/www.bastillehostel.com\/wp-content\/uploads\/2018\/06\/acces-depuis-metro-300x178.jpg 300w\" sizes=\"(max-width: 698px) 100vw, 698px\" \/><br \/><\/div><\/div><div class=\"tab-content\" id=\"tab-3-content\"><div class=\"tabs-inner-padding\">En sortant de la station Ledru-Rollin, vous \u00eates directement dans la rue du Faubourg Saint Antoine. Vous devez marcher dans cette rue jusqu\u2019au num\u00e9ro 126. Au num\u00e9ro 126, tournez \u00e0 gauche : vous vous trouverez dans la rue Trousseau. L\u2019auberge de jeunesse Bastille Hostel est au num\u00e9ro 6 de cette m\u00eame rue.<\/p>\n<p><img decoding=\"async\" class=\"aligncenter size-full wp-image-3992\" src=\"https:\/\/www.bastillehostel.com\/wp-content\/uploads\/2018\/06\/acces-depuis-metro.jpg\" alt=\"\" width=\"698\" height=\"414\" srcset=\"https:\/\/www.bastillehostel.com\/wp-content\/uploads\/2018\/06\/acces-depuis-metro.jpg 698w, https:\/\/www.bastillehostel.com\/wp-content\/uploads\/2018\/06\/acces-depuis-metro-300x178.jpg 300w\" sizes=\"(max-width: 698px) 100vw, 698px\" \/><br \/><\/div><\/div><div class=\"tab-content\" id=\"tab-4-content\"><div class=\"tabs-inner-padding\"><p style=\"text-align: left;\"><strong>Depuis Gare du Nord \/ Gare de l\u2019Est<\/strong><\/p>\n<table>\n<tbody>\n<tr>\n<td>Prendre<\/td>\n<td>M\u00e9tro 5<\/td>\n<td>Place d\u2019Italie<\/td>\n<td>Jusque<\/td>\n<td>Bastille<\/td>\n<\/tr>\n<tr>\n<td>Changer<\/td>\n<td>M\u00e9tro 8<\/td>\n<td>Cr\u00e9teil<\/td>\n<td>Jusque<\/td>\n<td>Ledru \u2013 Rollin<\/td>\n<\/tr>\n<\/tbody>\n<\/table>\n<p style=\"text-align: left;\"><strong>Depuis Gare de Lyon<\/strong><\/p>\n<table>\n<tbody>\n<tr>\n<td>Prendre<\/td>\n<td>M\u00e9tro 1<\/td>\n<td>La D\u00e9fense<\/td>\n<td>Jusque<\/td>\n<td>Bastille<\/td>\n<\/tr>\n<tr>\n<td>Changer<\/td>\n<td>M\u00e9tro 8<\/td>\n<td>Cr\u00e9teil<\/td>\n<td>Jusque<\/td>\n<td>Ledru \u2013 Rollin<\/td>\n<\/tr>\n<\/tbody>\n<\/table>\n<p>Vous pouvez \u00e9galement venir \u00e0 pied depuis Bastille (10minutes).<br \/><\/div><\/div><\/div><!-- tabs-wrapper end --><div class=\"clear\"><\/div>\n\t\t\t\t\t<div class=\"clear\"><\/div>\n\t\t\t\t<\/div>\n\t\t\t<\/div>\n\t\t\t<div class=\"clear\"><\/div>\n\t\t\t\n","protected":false},"excerpt":{"rendered":"","protected":false},"author":1,"featured_media":0,"parent":0,"menu_order":0,"comment_status":"closed","ping_status":"closed","template":"page-FullWidth.php","meta":{"footnotes":""},"class_list":["post-30","page","type-page","status-publish","hentry"],"yoast_head":"<!-- This site is optimized with the Yoast SEO plugin v27.4 - https:\/\/yoast.com\/product\/yoast-seo-wordpress\/ -->\n<title>Acc\u00e8s &amp; situation : Quartier Bastille - Bastille Hostel - Auberge de jeunesse \u00e0 Paris<\/title>\n<meta name=\"robots\" content=\"index, follow, max-snippet:-1, max-image-preview:large, max-video-preview:-1\" \/>\n<link rel=\"canonical\" href=\"https:\/\/www.bastillehostel.com\/fr\/acces\/\" \/>\n<meta property=\"og:locale\" content=\"fr_FR\" \/>\n<meta property=\"og:type\" content=\"article\" \/>\n<meta property=\"og:title\" content=\"Acc\u00e8s &amp; situation : Quartier Bastille - Bastille Hostel - Auberge de jeunesse \u00e0 Paris\" \/>\n<meta property=\"og:url\" content=\"https:\/\/www.bastillehostel.com\/fr\/acces\/\" \/>\n<meta property=\"og:site_name\" content=\"Bastille Hostel - Auberge de jeunesse \u00e0 Paris\" \/>\n<meta property=\"article:modified_time\" content=\"2018-06-11T09:06:18+00:00\" \/>\n<meta property=\"og:image\" content=\"https:\/\/www.bastillehostel.com\/wp-content\/uploads\/2018\/06\/acces-depuis-metro.jpg\" \/>\n<meta name=\"twitter:card\" content=\"summary_large_image\" \/>\n<meta name=\"twitter:label1\" content=\"Dur\u00e9e de lecture estim\u00e9e\" \/>\n\t<meta name=\"twitter:data1\" content=\"2 minutes\" \/>\n<script type=\"application\/ld+json\" class=\"yoast-schema-graph\">{\"@context\":\"https:\\\/\\\/schema.org\",\"@graph\":[{\"@type\":\"WebPage\",\"@id\":\"https:\\\/\\\/www.bastillehostel.com\\\/fr\\\/acces\\\/\",\"url\":\"https:\\\/\\\/www.bastillehostel.com\\\/fr\\\/acces\\\/\",\"name\":\"Acc\u00e8s & situation : Quartier Bastille - Bastille Hostel - Auberge de jeunesse \u00e0 Paris\",\"isPartOf\":{\"@id\":\"https:\\\/\\\/www.bastillehostel.com\\\/fr\\\/#website\"},\"primaryImageOfPage\":{\"@id\":\"https:\\\/\\\/www.bastillehostel.com\\\/fr\\\/acces\\\/#primaryimage\"},\"image\":{\"@id\":\"https:\\\/\\\/www.bastillehostel.com\\\/fr\\\/acces\\\/#primaryimage\"},\"thumbnailUrl\":\"https:\\\/\\\/www.bastillehostel.com\\\/wp-content\\\/uploads\\\/2018\\\/06\\\/acces-depuis-metro.jpg\",\"datePublished\":\"2018-01-23T10:07:13+00:00\",\"dateModified\":\"2018-06-11T09:06:18+00:00\",\"breadcrumb\":{\"@id\":\"https:\\\/\\\/www.bastillehostel.com\\\/fr\\\/acces\\\/#breadcrumb\"},\"inLanguage\":\"fr-FR\",\"potentialAction\":[{\"@type\":\"ReadAction\",\"target\":[\"https:\\\/\\\/www.bastillehostel.com\\\/fr\\\/acces\\\/\"]}]},{\"@type\":\"ImageObject\",\"inLanguage\":\"fr-FR\",\"@id\":\"https:\\\/\\\/www.bastillehostel.com\\\/fr\\\/acces\\\/#primaryimage\",\"url\":\"https:\\\/\\\/www.bastillehostel.com\\\/wp-content\\\/uploads\\\/2018\\\/06\\\/acces-depuis-metro.jpg\",\"contentUrl\":\"https:\\\/\\\/www.bastillehostel.com\\\/wp-content\\\/uploads\\\/2018\\\/06\\\/acces-depuis-metro.jpg\"},{\"@type\":\"BreadcrumbList\",\"@id\":\"https:\\\/\\\/www.bastillehostel.com\\\/fr\\\/acces\\\/#breadcrumb\",\"itemListElement\":[{\"@type\":\"ListItem\",\"position\":1,\"name\":\"Home\",\"item\":\"https:\\\/\\\/www.bastillehostel.com\\\/fr\\\/\"},{\"@type\":\"ListItem\",\"position\":2,\"name\":\"Acc\u00e8s &#038; situation : Quartier Bastille\"}]},{\"@type\":\"WebSite\",\"@id\":\"https:\\\/\\\/www.bastillehostel.com\\\/fr\\\/#website\",\"url\":\"https:\\\/\\\/www.bastillehostel.com\\\/fr\\\/\",\"name\":\"Bastille Hostel - Auberge de jeunesse \u00e0 Paris\",\"description\":\"Bastille Hostel - Auberge de jeunesse \u00e0 Paris\",\"potentialAction\":[{\"@type\":\"SearchAction\",\"target\":{\"@type\":\"EntryPoint\",\"urlTemplate\":\"https:\\\/\\\/www.bastillehostel.com\\\/fr\\\/?s={search_term_string}\"},\"query-input\":{\"@type\":\"PropertyValueSpecification\",\"valueRequired\":true,\"valueName\":\"search_term_string\"}}],\"inLanguage\":\"fr-FR\"}]}<\/script>\n<!-- \/ Yoast SEO plugin. -->","yoast_head_json":{"title":"Acc\u00e8s & situation : Quartier Bastille - Bastille Hostel - Auberge de jeunesse \u00e0 Paris","robots":{"index":"index","follow":"follow","max-snippet":"max-snippet:-1","max-image-preview":"max-image-preview:large","max-video-preview":"max-video-preview:-1"},"canonical":"https:\/\/www.bastillehostel.com\/fr\/acces\/","og_locale":"fr_FR","og_type":"article","og_title":"Acc\u00e8s & situation : Quartier Bastille - Bastille Hostel - Auberge de jeunesse \u00e0 Paris","og_url":"https:\/\/www.bastillehostel.com\/fr\/acces\/","og_site_name":"Bastille Hostel - Auberge de jeunesse \u00e0 Paris","article_modified_time":"2018-06-11T09:06:18+00:00","og_image":[{"url":"https:\/\/www.bastillehostel.com\/wp-content\/uploads\/2018\/06\/acces-depuis-metro.jpg","type":"","width":"","height":""}],"twitter_card":"summary_large_image","twitter_misc":{"Dur\u00e9e de lecture estim\u00e9e":"2 minutes"},"schema":{"@context":"https:\/\/schema.org","@graph":[{"@type":"WebPage","@id":"https:\/\/www.bastillehostel.com\/fr\/acces\/","url":"https:\/\/www.bastillehostel.com\/fr\/acces\/","name":"Acc\u00e8s & situation : Quartier Bastille - Bastille Hostel - Auberge de jeunesse \u00e0 Paris","isPartOf":{"@id":"https:\/\/www.bastillehostel.com\/fr\/#website"},"primaryImageOfPage":{"@id":"https:\/\/www.bastillehostel.com\/fr\/acces\/#primaryimage"},"image":{"@id":"https:\/\/www.bastillehostel.com\/fr\/acces\/#primaryimage"},"thumbnailUrl":"https:\/\/www.bastillehostel.com\/wp-content\/uploads\/2018\/06\/acces-depuis-metro.jpg","datePublished":"2018-01-23T10:07:13+00:00","dateModified":"2018-06-11T09:06:18+00:00","breadcrumb":{"@id":"https:\/\/www.bastillehostel.com\/fr\/acces\/#breadcrumb"},"inLanguage":"fr-FR","potentialAction":[{"@type":"ReadAction","target":["https:\/\/www.bastillehostel.com\/fr\/acces\/"]}]},{"@type":"ImageObject","inLanguage":"fr-FR","@id":"https:\/\/www.bastillehostel.com\/fr\/acces\/#primaryimage","url":"https:\/\/www.bastillehostel.com\/wp-content\/uploads\/2018\/06\/acces-depuis-metro.jpg","contentUrl":"https:\/\/www.bastillehostel.com\/wp-content\/uploads\/2018\/06\/acces-depuis-metro.jpg"},{"@type":"BreadcrumbList","@id":"https:\/\/www.bastillehostel.com\/fr\/acces\/#breadcrumb","itemListElement":[{"@type":"ListItem","position":1,"name":"Home","item":"https:\/\/www.bastillehostel.com\/fr\/"},{"@type":"ListItem","position":2,"name":"Acc\u00e8s &#038; situation : Quartier Bastille"}]},{"@type":"WebSite","@id":"https:\/\/www.bastillehostel.com\/fr\/#website","url":"https:\/\/www.bastillehostel.com\/fr\/","name":"Bastille Hostel - Auberge de jeunesse \u00e0 Paris","description":"Bastille Hostel - Auberge de jeunesse \u00e0 Paris","potentialAction":[{"@type":"SearchAction","target":{"@type":"EntryPoint","urlTemplate":"https:\/\/www.bastillehostel.com\/fr\/?s={search_term_string}"},"query-input":{"@type":"PropertyValueSpecification","valueRequired":true,"valueName":"search_term_string"}}],"inLanguage":"fr-FR"}]}},"_links":{"self":[{"href":"https:\/\/www.bastillehostel.com\/fr\/wp-json\/wp\/v2\/pages\/30","targetHints":{"allow":["GET"]}}],"collection":[{"href":"https:\/\/www.bastillehostel.com\/fr\/wp-json\/wp\/v2\/pages"}],"about":[{"href":"https:\/\/www.bastillehostel.com\/fr\/wp-json\/wp\/v2\/types\/page"}],"author":[{"embeddable":true,"href":"https:\/\/www.bastillehostel.com\/fr\/wp-json\/wp\/v2\/users\/1"}],"replies":[{"embeddable":true,"href":"https:\/\/www.bastillehostel.com\/fr\/wp-json\/wp\/v2\/comments?post=30"}],"version-history":[{"count":27,"href":"https:\/\/www.bastillehostel.com\/fr\/wp-json\/wp\/v2\/pages\/30\/revisions"}],"predecessor-version":[{"id":4680,"href":"https:\/\/www.bastillehostel.com\/fr\/wp-json\/wp\/v2\/pages\/30\/revisions\/4680"}],"wp:attachment":[{"href":"https:\/\/www.bastillehostel.com\/fr\/wp-json\/wp\/v2\/media?parent=30"}],"curies":[{"name":"wp","href":"https:\/\/api.w.org\/{rel}","templated":true}]}}