{"id":11,"date":"2018-01-16T11:13:48","date_gmt":"2018-01-16T10:13:48","guid":{"rendered":"https:\/\/www.bastillehostel.com\/?page_id=11"},"modified":"2022-09-19T15:50:05","modified_gmt":"2022-09-19T13:50:05","slug":"auberge-de-jeunesse-a-paris-centre","status":"publish","type":"page","link":"https:\/\/www.bastillehostel.com\/fr\/","title":{"rendered":"Auberge de Jeunesse \u00e0 Paris"},"content":{"rendered":"\t\t\t<style type=\"text\/css\">\n\t\t\t\t#content-block-background-1450 { background-image: url(); background-position: 50% 0; background-repeat: repeat; background-color: transparent; background-attachment: scroll; background-size: auto; }\n\t\t\t\t#content-block-body-1450 { padding: 40px 0; color: inherit; }\n\t\t\t\t.content-block-body { margin-left: auto; margin-right: auto; position: relative; }\n\t\t\t<\/style>\n\t\t\t\t\t\t\t<style type=\"text\/css\">\n\t\t\t\t\t#wrapper-1 { overflow-x: hidden; }\n\t\t\t\t\t#content-block-background-1450 { margin: 0 -10000px; padding: 0 10000px; }\n\t\t\t\t<\/style>\n\t\t\t\n\t\t\t\t\t\t<script type=\"text\/javascript\">\n\t\t\t\t\/\/ <![CDATA[\n\t\t\t\tjQuery(document).ready(function($){\n\t\t\t\t\t\"use strict\";\n\t\t\t\t\tif( ! $(\"body\").hasClass( \"mobile-detected\" ) ){\n\t\t\t\t\t\t$(\"#content-block-background-\"+1450).each(function(){\n\t\t\t\t\t\t\tvar $bgobj = $(this); \/\/ Assigning the object.\n\t\t\t\t\t\t\tvar xPos = '50%'; \/\/ x bg position value from the user shortcode.\n\t\t\t\t\t\t\t$(window).scroll(function() {\n\t\t\t\t\t\t\t\tvar yPos = -($(window).scrollTop() \/ 3);\n\t\t\t\t\t\t\t\t\/\/ Put together our final background position.\n\t\t\t\t\t\t\t\tvar coords = xPos+' '+yPos+'px';\n\t\t\t\t\t\t\t\t\/\/ Move the background.\n\t\t\t\t\t\t\t\t$bgobj.css({ backgroundPosition: coords });\n\t\t\t\t\t\t\t});\n\t\t\t\t\t\t});\n\t\t\t\t\t}\n\t\t\t\t});\n\t\t\t\t\/\/ ]]>\n\t\t\t<\/script>\n\t\t\t\n\t\t\t<div class=\"clear\"><\/div>\n\t\t\t<div id=\"content-block-background-1450\" class=\"content-block-background bloc1\">\n\t\t\t\t<div id=\"content-block-body-1450\" class=\"content-block-body\">\n\t\t\t\t\t<div class=\"clear\"><\/div>\n\t\t\t\t\t\n<img decoding=\"async\" class=\"home bloc1 img\" src=\"https:\/\/www.bastillehostel.com\/wp-content\/uploads\/2018\/06\/bastille-hostel.png\" alt=\"Auberge de Jeunesse \u00e0 Paris\" width=\"247\" height=\"212\" \/><\/p>\n<h1 style=\"text-align: center;\">BASTILLE HOSTEL<br \/>\nAuberge de Jeunesse \u00e0 Paris Centre<\/h1>\n<div class=\"home bloc1 description\">Une Auberge de Jeunesse Internationale situ\u00e9e dans le centre de Paris. Au cours de votre voyage, vous aurez besoin de trouver un logement \u00e9conomique \u00e0 Paris. Nous serons heureux de vous accueillir dans notre Auberge de Jeunesse nouvellement r\u00e9nov\u00e9e. Situ\u00e9e dans le quartier de la Bastille, nous proposons aux jeunes voyageurs un s\u00e9jour dans une auberge propre et moderne, aux tarifs les plus comp\u00e9titifs de Paris.<\/div>\n<p><a class=\"btn orange survol\" href=\"https:\/\/www.bastillehostel.com\/fr\/auberge-de-jeunesse-paris\/\">D\u00e9couvrir l&rsquo;auberge <i class=\"fa fa-plus\" aria-hidden=\"true\"><\/i><\/a><br \/>\n\t\t\t\t\t<div class=\"clear\"><\/div>\n\t\t\t\t<\/div>\n\t\t\t<\/div>\n\t\t\t<div class=\"clear\"><\/div>\n\t\t\t\n\t\t\t<style type=\"text\/css\">\n\t\t\t\t#content-block-background-1641 { background-image: url(https:\/\/www.bastillehostel.com\/wp-content\/uploads\/2018\/06\/background-cafe-min.jpg); background-position: 50% 0; background-repeat: repeat; background-color: transparent; background-attachment: scroll; background-size: auto; }\n\t\t\t\t#content-block-body-1641 { padding: 40px 0; color: #ffffff; }\n\t\t\t\t.content-block-body { margin-left: auto; margin-right: auto; position: relative; }\n\t\t\t<\/style>\n\t\t\t\t\t\t\t<style type=\"text\/css\">\n\t\t\t\t\t#wrapper-1 { overflow-x: hidden; }\n\t\t\t\t\t#content-block-background-1641 { margin: 0 -10000px; padding: 0 10000px; }\n\t\t\t\t<\/style>\n\t\t\t\n\t\t\t\t\t\t<script type=\"text\/javascript\">\n\t\t\t\t\/\/ <![CDATA[\n\t\t\t\tjQuery(document).ready(function($){\n\t\t\t\t\t\"use strict\";\n\t\t\t\t\tif( ! $(\"body\").hasClass( \"mobile-detected\" ) ){\n\t\t\t\t\t\t$(\"#content-block-background-\"+1641).each(function(){\n\t\t\t\t\t\t\tvar $bgobj = $(this); \/\/ Assigning the object.\n\t\t\t\t\t\t\tvar xPos = '50%'; \/\/ x bg position value from the user shortcode.\n\t\t\t\t\t\t\t$(window).scroll(function() {\n\t\t\t\t\t\t\t\tvar yPos = -($(window).scrollTop() \/ 3);\n\t\t\t\t\t\t\t\t\/\/ Put together our final background position.\n\t\t\t\t\t\t\t\tvar coords = xPos+' '+yPos+'px';\n\t\t\t\t\t\t\t\t\/\/ Move the background.\n\t\t\t\t\t\t\t\t$bgobj.css({ backgroundPosition: coords });\n\t\t\t\t\t\t\t});\n\t\t\t\t\t\t});\n\t\t\t\t\t}\n\t\t\t\t});\n\t\t\t\t\/\/ ]]>\n\t\t\t<\/script>\n\t\t\t\n\t\t\t<div class=\"clear\"><\/div>\n\t\t\t<div id=\"content-block-background-1641\" class=\"content-block-background bloc2\">\n\t\t\t\t<div id=\"content-block-body-1641\" class=\"content-block-body\">\n\t\t\t\t\t<div class=\"clear\"><\/div>\n\t\t\t\t\t\n<div class=\"one_third\">\n<h3 class=\"white\">R\u00e9servation en ligne<\/h3>\n<h4 class=\"white\">Meilleur Tarif Garanti !<\/h4>\n<p>R\u00e9servez en direct via notre syst\u00e8me de r\u00e9servation en ligne et b\u00e9n\u00e9ficiez des meilleurs tarifs disponibles sur internet\u2026<br \/>\n<a class=\"btn orange survol\" href=\"https:\/\/www.bastillehostel.com\/fr\/reservation\/\">Voir les tarifs <i class=\"fa fa-plus\" aria-hidden=\"true\"><\/i><\/a><br \/>\n<\/div>\n<div class=\"one_third\">\n<h3 class=\"white\">Acc\u00e8s &amp; situation<\/h3>\n<h4 class=\"white\">Quartier Bastille<\/h4>\n<p><a style=\"color:#ffffff;\"href=\"https:\/\/www.bastillehostel.com\/fr\/pourquoi-choisir-lauberge-de-jeunesse-bastille-hotel-a-paris\/\">L\u2019auberge de jeunesse Bastille<\/a> Hostel<br \/>\nest situ\u00e9e dans le quartier de la Bastille, un des quartiers les plus anim\u00e9s de Paris &#8230;<br \/>\n<a class=\"btn orange survol\" href=\"https:\/\/www.bastillehostel.com\/fr\/acces\/\">En savoir <i class=\"fa fa-plus\" aria-hidden=\"true\"><\/i><\/a><br \/>\n<\/div>\n<div class=\"one_third last_column\">\n<h3 class=\"white\">Prestations<\/h3>\n<h4 class=\"white\">Bastille Hostel<\/h4>\n<p>Situ\u00e9e dans le quartier de la Bastille, nous proposons aux jeunes voyageurs un s\u00e9jour dans une auberge propre et moderne&#8230;<br \/>\n<a class=\"btn orange survol\" href=\"https:\/\/www.bastillehostel.com\/fr\/photos\/\">Voir les photos <i class=\"fa fa-plus\" aria-hidden=\"true\"><\/i><\/a><br \/>\n<\/div>\n\t\t\t\t\t<div class=\"clear\"><\/div>\n\t\t\t\t<\/div>\n\t\t\t<\/div>\n\t\t\t<div class=\"clear\"><\/div>\n\t\t\t\n<div class=\"clear\"><\/div>\n\t\t\t<style type=\"text\/css\">\n\t\t\t\t#content-block-background-1642 { background-image: url(); background-position: 50% 0; background-repeat: repeat; background-color: transparent; background-attachment: scroll; background-size: auto; }\n\t\t\t\t#content-block-body-1642 { padding: 40px 0; color: inherit; }\n\t\t\t\t.content-block-body { margin-left: auto; margin-right: auto; position: relative; }\n\t\t\t<\/style>\n\t\t\t\t\t\t\t<style type=\"text\/css\">\n\t\t\t\t\t#wrapper-1 { overflow-x: hidden; }\n\t\t\t\t\t#content-block-background-1642 { margin: 0 -10000px; padding: 0 10000px; }\n\t\t\t\t<\/style>\n\t\t\t\n\t\t\t\t\t\t<script type=\"text\/javascript\">\n\t\t\t\t\/\/ <![CDATA[\n\t\t\t\tjQuery(document).ready(function($){\n\t\t\t\t\t\"use strict\";\n\t\t\t\t\tif( ! $(\"body\").hasClass( \"mobile-detected\" ) ){\n\t\t\t\t\t\t$(\"#content-block-background-\"+1642).each(function(){\n\t\t\t\t\t\t\tvar $bgobj = $(this); \/\/ Assigning the object.\n\t\t\t\t\t\t\tvar xPos = '50%'; \/\/ x bg position value from the user shortcode.\n\t\t\t\t\t\t\t$(window).scroll(function() {\n\t\t\t\t\t\t\t\tvar yPos = -($(window).scrollTop() \/ 3);\n\t\t\t\t\t\t\t\t\/\/ Put together our final background position.\n\t\t\t\t\t\t\t\tvar coords = xPos+' '+yPos+'px';\n\t\t\t\t\t\t\t\t\/\/ Move the background.\n\t\t\t\t\t\t\t\t$bgobj.css({ backgroundPosition: coords });\n\t\t\t\t\t\t\t});\n\t\t\t\t\t\t});\n\t\t\t\t\t}\n\t\t\t\t});\n\t\t\t\t\/\/ ]]>\n\t\t\t<\/script>\n\t\t\t\n\t\t\t<div class=\"clear\"><\/div>\n\t\t\t<div id=\"content-block-background-1642\" class=\"content-block-background \">\n\t\t\t\t<div id=\"content-block-body-1642\" class=\"content-block-body\">\n\t\t\t\t\t<div class=\"clear\"><\/div>\n\t\t\t\t\t\n<div class=\"one_half\">\n<h3>Au coeur de Paris<\/h3>\n<h4>Quartier Bastille<\/h4>\n<p><img decoding=\"async\" class=\"size-full wp-image-4916 aligncenter\" src=\"https:\/\/www.bastillehostel.com\/wp-content\/uploads\/2018\/06\/carte-paris-bastille-1.jpg\" alt=\"Carte Paris, Quartier Bastille\" width=\"536\" height=\"403\" srcset=\"https:\/\/www.bastillehostel.com\/wp-content\/uploads\/2018\/06\/carte-paris-bastille-1.jpg 536w, https:\/\/www.bastillehostel.com\/wp-content\/uploads\/2018\/06\/carte-paris-bastille-1-300x226.jpg 300w\" sizes=\"(max-width: 536px) 100vw, 536px\" \/><br \/>\n<\/div>\n<div class=\"one_half last_column\">\n<div class=\"simple \" style=\"background-color:#f38c13; color:#0000000;\"><div class=\"inner-padding\">\n\n<table class=\"custom-table\"  summary=\"Sample Table\">\n<tbody>\n<tr>\n<td>\n<h3>L&rsquo;AUBERGE<\/h3>\n<h4>Bastille Hostel<\/h4>\n<p>&nbsp;<\/p>\n<ul>\n<li><i class=\"fa fa-clock-o\" aria-hidden=\"true\"><\/i>Ouvert 24\/24<\/li>\n<li><i class=\"fa fa-coffee\" aria-hidden=\"true\"><\/i>Petit d\u00e9j. inclus<\/li>\n<li><i class=\"fa fa-arrows-v\" aria-hidden=\"true\"><\/i>Ascenseur<\/li>\n<li class=\"title empty\"><\/li>\n<li><i class=\"fa fa-leaf\" aria-hidden=\"true\"><\/i>Auberge verte<\/li>\n<li><i class=\"fa fa-wifi\" aria-hidden=\"true\"><\/i>Internet gratuit<\/li>\n<\/ul>\n<\/td>\n<td>\n<h3>LES CHAMBRES<\/h3>\n<h4>Bastille Hostel<\/h4>\n<p>&nbsp;<\/p>\n<ul>\n<li><i class=\"fa fa-bed\" aria-hidden=\"true\"><\/i>Chambres pour 1 ou 2<\/li>\n<li><i class=\"fa fa-lock\" aria-hidden=\"true\"><\/i>Coffres fort<\/li>\n<li><i class=\"fa fa-television\" aria-hidden=\"true\"><\/i>TV<\/li>\n<li class=\"title empty\"><\/li>\n<li><i class=\"fa fa-wifi\" aria-hidden=\"true\"><\/i>Wifi gratuit<\/li>\n<\/ul>\n<\/td>\n<\/tr>\n<\/tbody>\n<\/table>\n\n<div style=\"text-align: center;\"><a class=\"btn noir survol\" href=\"https:\/\/www.bastillehostel.com\/fr\/auberge-de-jeunesse-paris\/\">Plus de prestations <i class=\"fa fa-plus\" aria-hidden=\"true\"><\/i><\/a><\/div>\n<\/div><\/div>\n<\/div>\t\t\t\t\t<div class=\"clear\"><\/div>\n\t\t\t\t<\/div>\n\t\t\t<\/div>\n\t\t\t<div class=\"clear\"><\/div>\n\t\t\t\n<div class=\"clear\"><\/div>\n\t\t\t<style type=\"text\/css\">\n\t\t\t\t#content-block-background-1492 { background-image: url(); background-position: 50% 0; background-repeat: repeat; background-color: transparent; background-attachment: scroll; background-size: auto; }\n\t\t\t\t#content-block-body-1492 { padding: 40px 0; color: inherit; }\n\t\t\t\t.content-block-body { margin-left: auto; margin-right: auto; position: relative; }\n\t\t\t<\/style>\n\t\t\t\t\t\t\t<style type=\"text\/css\">\n\t\t\t\t\t#wrapper-1 { overflow-x: hidden; }\n\t\t\t\t\t#content-block-background-1492 { margin: 0 -10000px; padding: 0 10000px; }\n\t\t\t\t<\/style>\n\t\t\t\n\t\t\t\t\t\t<script type=\"text\/javascript\">\n\t\t\t\t\/\/ <![CDATA[\n\t\t\t\tjQuery(document).ready(function($){\n\t\t\t\t\t\"use strict\";\n\t\t\t\t\tif( ! $(\"body\").hasClass( \"mobile-detected\" ) ){\n\t\t\t\t\t\t$(\"#content-block-background-\"+1492).each(function(){\n\t\t\t\t\t\t\tvar $bgobj = $(this); \/\/ Assigning the object.\n\t\t\t\t\t\t\tvar xPos = '50%'; \/\/ x bg position value from the user shortcode.\n\t\t\t\t\t\t\t$(window).scroll(function() {\n\t\t\t\t\t\t\t\tvar yPos = -($(window).scrollTop() \/ 3);\n\t\t\t\t\t\t\t\t\/\/ Put together our final background position.\n\t\t\t\t\t\t\t\tvar coords = xPos+' '+yPos+'px';\n\t\t\t\t\t\t\t\t\/\/ Move the background.\n\t\t\t\t\t\t\t\t$bgobj.css({ backgroundPosition: coords });\n\t\t\t\t\t\t\t});\n\t\t\t\t\t\t});\n\t\t\t\t\t}\n\t\t\t\t});\n\t\t\t\t\/\/ ]]>\n\t\t\t<\/script>\n\t\t\t\n\t\t\t<div class=\"clear\"><\/div>\n\t\t\t<div id=\"content-block-background-1492\" class=\"content-block-background \">\n\t\t\t\t<div id=\"content-block-body-1492\" class=\"content-block-body\">\n\t\t\t\t\t<div class=\"clear\"><\/div>\n\t\t\t\t\t\n<div class=\"uk-scope\">\n\n    <div id=\"wk-grid36c\" class=\"uk-child-width-1-1 uk-child-width-1-3@m uk-child-width-1-6@l uk-child-width-1-6@xl uk-grid-small \"  uk-grid=\"masonry: next\"  uk-scrollspy=\"cls: uk-animation-fade; target: &gt; div &gt; .uk-panel, &gt; div &gt; .uk-card; delay: 200\" uk-lightbox=\"container: .uk-gallery-container; toggle: a[data-js-lightbox]\">\n\n            \n        <div>\n        \n<div class=\"uk-panel\">\n\n    \n        <div class=\"uk-inline-clip uk-transition-toggle \">\n\n            <img decoding=\"async\" src=\"\/wp-content\/plugins\/widgetkit\/cache\/Bastille-Hostel-PARIS-26-490b79a3ec02d21c5305f1a44184bf29.jpg\" alt=\"Bastille Hostel PARIS\" width=\"250\" height=\"250\">\n            \n                        <div class=\"uk-overlay uk-overlay-primary uk-position-cover uk-transition-fade\"><\/div>\n            \n                            <div class=\"uk-position-center uk-light\">\n                    <span class=\"uk-transition-fade\" uk-overlay-icon><\/span>\n                <\/div>\n            \n                                                                        <a class=\"uk-position-cover\" data-js-lightbox href=\"\/wp-content\/uploads\/2018\/06\/Bastille-Hostel-PARIS-26.jpg\" data-type=\"image\" ><\/a>\n                                                \n        <\/div>\n\n    \n    \n        \n        \n    \n    \n<\/div>\n        <\/div>\n\n                    \n        <div>\n        \n<div class=\"uk-panel\">\n\n    \n        <div class=\"uk-inline-clip uk-transition-toggle \">\n\n            <img decoding=\"async\" src=\"\/wp-content\/plugins\/widgetkit\/cache\/Bastille-Hostel-PARIS-3-bf2be69c1bf0066a05be61faa91fcbd8.jpg\" alt=\"Bastille Hostel PARIS - PDJ\" width=\"250\" height=\"250\">\n            \n                        <div class=\"uk-overlay uk-overlay-primary uk-position-cover uk-transition-fade\"><\/div>\n            \n                            <div class=\"uk-position-center uk-light\">\n                    <span class=\"uk-transition-fade\" uk-overlay-icon><\/span>\n                <\/div>\n            \n                                                                        <a class=\"uk-position-cover\" data-js-lightbox href=\"\/wp-content\/uploads\/2018\/06\/Bastille-Hostel-PARIS-3.jpg\" data-type=\"image\" ><\/a>\n                                                \n        <\/div>\n\n    \n    \n        \n        \n    \n    \n<\/div>\n        <\/div>\n\n                    \n        <div>\n        \n<div class=\"uk-panel\">\n\n    \n        <div class=\"uk-inline-clip uk-transition-toggle \">\n\n            <img decoding=\"async\" src=\"\/wp-content\/plugins\/widgetkit\/cache\/Bastille-Hostel-PARIS-10-b1ab9a22736e1de30e885072d5bf5ef4.jpg\" alt=\"Bastille Hostel PARIS - Chambres\" width=\"250\" height=\"250\">\n            \n                        <div class=\"uk-overlay uk-overlay-primary uk-position-cover uk-transition-fade\"><\/div>\n            \n                            <div class=\"uk-position-center uk-light\">\n                    <span class=\"uk-transition-fade\" uk-overlay-icon><\/span>\n                <\/div>\n            \n                                                                        <a class=\"uk-position-cover\" data-js-lightbox href=\"\/wp-content\/uploads\/2018\/06\/Bastille-Hostel-PARIS-10.jpg\" data-type=\"image\" ><\/a>\n                                                \n        <\/div>\n\n    \n    \n        \n        \n    \n    \n<\/div>\n        <\/div>\n\n                    \n        <div>\n        \n<div class=\"uk-panel\">\n\n    \n        <div class=\"uk-inline-clip uk-transition-toggle \">\n\n            <img decoding=\"async\" src=\"\/wp-content\/plugins\/widgetkit\/cache\/Bastille-Hostel-PARIS-20-514499190c84435d48bda3c6c27005e7.jpg\" alt=\"Bastille Hostel PARIS - Chambres\" width=\"250\" height=\"250\">\n            \n                        <div class=\"uk-overlay uk-overlay-primary uk-position-cover uk-transition-fade\"><\/div>\n            \n                            <div class=\"uk-position-center uk-light\">\n                    <span class=\"uk-transition-fade\" uk-overlay-icon><\/span>\n                <\/div>\n            \n                                                                        <a class=\"uk-position-cover\" data-js-lightbox href=\"\/wp-content\/uploads\/2018\/06\/Bastille-Hostel-PARIS-20.jpg\" data-type=\"image\" ><\/a>\n                                                \n        <\/div>\n\n    \n    \n        \n        \n    \n    \n<\/div>\n        <\/div>\n\n                    \n        <div>\n        \n<div class=\"uk-panel\">\n\n    \n        <div class=\"uk-inline-clip uk-transition-toggle \">\n\n            <img decoding=\"async\" src=\"\/wp-content\/plugins\/widgetkit\/cache\/Bastille-Hostel-PARIS-11-e491f16bc442dd37671734503f1a3e41.jpg\" alt=\"Bastille Hostel PARIS - SDB\" width=\"250\" height=\"250\">\n            \n                        <div class=\"uk-overlay uk-overlay-primary uk-position-cover uk-transition-fade\"><\/div>\n            \n                            <div class=\"uk-position-center uk-light\">\n                    <span class=\"uk-transition-fade\" uk-overlay-icon><\/span>\n                <\/div>\n            \n                                                                        <a class=\"uk-position-cover\" data-js-lightbox href=\"\/wp-content\/uploads\/2018\/06\/Bastille-Hostel-PARIS-11.jpg\" data-type=\"image\" ><\/a>\n                                                \n        <\/div>\n\n    \n    \n        \n        \n    \n    \n<\/div>\n        <\/div>\n\n                    \n        <div>\n        \n<div class=\"uk-panel\">\n\n    \n        <div class=\"uk-inline-clip uk-transition-toggle \">\n\n            <img decoding=\"async\" src=\"\/wp-content\/plugins\/widgetkit\/cache\/Bastille-hostel-paris-25-f16ba71d131e4c260a1de20d062281e5.jpg\" alt=\"Bastille Hotel Paris  - Accueil\" width=\"250\" height=\"250\">\n            \n                        <div class=\"uk-overlay uk-overlay-primary uk-position-cover uk-transition-fade\"><\/div>\n            \n                            <div class=\"uk-position-center uk-light\">\n                    <span class=\"uk-transition-fade\" uk-overlay-icon><\/span>\n                <\/div>\n            \n                                                                        <a class=\"uk-position-cover\" data-js-lightbox href=\"\/wp-content\/uploads\/2018\/06\/Bastille-hostel-paris-25.jpg\" data-type=\"image\" ><\/a>\n                                                \n        <\/div>\n\n    \n    \n        \n        \n    \n    \n<\/div>\n        <\/div>\n\n            \n    <\/div>\n\n\n\n<script>\n\n    (function(UIkit){\n\n        var $ = UIkit.util;\n\n        $.ready(function () {\n            if (!$.$('.uk-gallery-container')) {\n                $.append(document.body, '<div class=\"uk-scope uk-gallery-container\">');\n            }\n        });\n\n    })(window.UIkitwk || window.UIkit);\n\n<\/script>\n<\/div>\n\t\t\t\t\t<div class=\"clear\"><\/div>\n\t\t\t\t<\/div>\n\t\t\t<\/div>\n\t\t\t<div class=\"clear\"><\/div>\n\t\t\t\n","protected":false},"excerpt":{"rendered":"","protected":false},"author":1,"featured_media":0,"parent":0,"menu_order":0,"comment_status":"closed","ping_status":"closed","template":"home.php","meta":{"footnotes":""},"class_list":["post-11","page","type-page","status-publish","hentry"],"yoast_head":"<!-- This site is optimized with the Yoast SEO plugin v27.6 - https:\/\/yoast.com\/product\/yoast-seo-wordpress\/ -->\n<title>Auberge de Jeunesse \u00e0 Paris - Bastille Hostel - Auberge de jeunesse \u00e0 Paris<\/title>\n<meta name=\"robots\" content=\"index, follow, max-snippet:-1, max-image-preview:large, max-video-preview:-1\" \/>\n<link rel=\"canonical\" href=\"https:\/\/www.bastillehostel.com\/fr\/\" \/>\n<meta property=\"og:locale\" content=\"fr_FR\" \/>\n<meta property=\"og:type\" content=\"article\" \/>\n<meta property=\"og:title\" content=\"Auberge de Jeunesse \u00e0 Paris - Bastille Hostel - Auberge de jeunesse \u00e0 Paris\" \/>\n<meta property=\"og:url\" content=\"https:\/\/www.bastillehostel.com\/fr\/\" \/>\n<meta property=\"og:site_name\" content=\"Bastille Hostel - Auberge de jeunesse \u00e0 Paris\" \/>\n<meta property=\"article:modified_time\" content=\"2022-09-19T13:50:05+00:00\" \/>\n<meta property=\"og:image\" content=\"https:\/\/www.bastillehostel.com\/wp-content\/uploads\/2018\/06\/bastille-hostel.png\" \/>\n<meta name=\"twitter:card\" content=\"summary_large_image\" \/>\n<meta name=\"twitter:label1\" content=\"Dur\u00e9e de lecture estim\u00e9e\" \/>\n\t<meta name=\"twitter:data1\" content=\"2 minutes\" \/>\n<script type=\"application\/ld+json\" class=\"yoast-schema-graph\">{\"@context\":\"https:\\\/\\\/schema.org\",\"@graph\":[{\"@type\":\"WebPage\",\"@id\":\"https:\\\/\\\/www.bastillehostel.com\\\/fr\\\/\",\"url\":\"https:\\\/\\\/www.bastillehostel.com\\\/fr\\\/\",\"name\":\"Auberge de Jeunesse \u00e0 Paris - Bastille Hostel - Auberge de jeunesse \u00e0 Paris\",\"isPartOf\":{\"@id\":\"https:\\\/\\\/www.bastillehostel.com\\\/fr\\\/#website\"},\"primaryImageOfPage\":{\"@id\":\"https:\\\/\\\/www.bastillehostel.com\\\/fr\\\/#primaryimage\"},\"image\":{\"@id\":\"https:\\\/\\\/www.bastillehostel.com\\\/fr\\\/#primaryimage\"},\"thumbnailUrl\":\"https:\\\/\\\/www.bastillehostel.com\\\/wp-content\\\/uploads\\\/2018\\\/06\\\/bastille-hostel.png\",\"datePublished\":\"2018-01-16T10:13:48+00:00\",\"dateModified\":\"2022-09-19T13:50:05+00:00\",\"breadcrumb\":{\"@id\":\"https:\\\/\\\/www.bastillehostel.com\\\/fr\\\/#breadcrumb\"},\"inLanguage\":\"fr-FR\",\"potentialAction\":[{\"@type\":\"ReadAction\",\"target\":[\"https:\\\/\\\/www.bastillehostel.com\\\/fr\\\/\"]}]},{\"@type\":\"ImageObject\",\"inLanguage\":\"fr-FR\",\"@id\":\"https:\\\/\\\/www.bastillehostel.com\\\/fr\\\/#primaryimage\",\"url\":\"https:\\\/\\\/www.bastillehostel.com\\\/wp-content\\\/uploads\\\/2018\\\/06\\\/bastille-hostel.png\",\"contentUrl\":\"https:\\\/\\\/www.bastillehostel.com\\\/wp-content\\\/uploads\\\/2018\\\/06\\\/bastille-hostel.png\"},{\"@type\":\"BreadcrumbList\",\"@id\":\"https:\\\/\\\/www.bastillehostel.com\\\/fr\\\/#breadcrumb\",\"itemListElement\":[{\"@type\":\"ListItem\",\"position\":1,\"name\":\"Home\",\"item\":\"https:\\\/\\\/www.bastillehostel.com\\\/fr\\\/\"},{\"@type\":\"ListItem\",\"position\":2,\"name\":\"Auberge de Jeunesse \u00e0 Paris\"}]},{\"@type\":\"WebSite\",\"@id\":\"https:\\\/\\\/www.bastillehostel.com\\\/fr\\\/#website\",\"url\":\"https:\\\/\\\/www.bastillehostel.com\\\/fr\\\/\",\"name\":\"Bastille Hostel - Auberge de jeunesse \u00e0 Paris\",\"description\":\"Bastille Hostel - Auberge de jeunesse \u00e0 Paris\",\"potentialAction\":[{\"@type\":\"SearchAction\",\"target\":{\"@type\":\"EntryPoint\",\"urlTemplate\":\"https:\\\/\\\/www.bastillehostel.com\\\/fr\\\/?s={search_term_string}\"},\"query-input\":{\"@type\":\"PropertyValueSpecification\",\"valueRequired\":true,\"valueName\":\"search_term_string\"}}],\"inLanguage\":\"fr-FR\"}]}<\/script>\n<!-- \/ Yoast SEO plugin. -->","yoast_head_json":{"title":"Auberge de Jeunesse \u00e0 Paris - Bastille Hostel - Auberge de jeunesse \u00e0 Paris","robots":{"index":"index","follow":"follow","max-snippet":"max-snippet:-1","max-image-preview":"max-image-preview:large","max-video-preview":"max-video-preview:-1"},"canonical":"https:\/\/www.bastillehostel.com\/fr\/","og_locale":"fr_FR","og_type":"article","og_title":"Auberge de Jeunesse \u00e0 Paris - Bastille Hostel - Auberge de jeunesse \u00e0 Paris","og_url":"https:\/\/www.bastillehostel.com\/fr\/","og_site_name":"Bastille Hostel - Auberge de jeunesse \u00e0 Paris","article_modified_time":"2022-09-19T13:50:05+00:00","og_image":[{"url":"https:\/\/www.bastillehostel.com\/wp-content\/uploads\/2018\/06\/bastille-hostel.png","type":"","width":"","height":""}],"twitter_card":"summary_large_image","twitter_misc":{"Dur\u00e9e de lecture estim\u00e9e":"2 minutes"},"schema":{"@context":"https:\/\/schema.org","@graph":[{"@type":"WebPage","@id":"https:\/\/www.bastillehostel.com\/fr\/","url":"https:\/\/www.bastillehostel.com\/fr\/","name":"Auberge de Jeunesse \u00e0 Paris - Bastille Hostel - Auberge de jeunesse \u00e0 Paris","isPartOf":{"@id":"https:\/\/www.bastillehostel.com\/fr\/#website"},"primaryImageOfPage":{"@id":"https:\/\/www.bastillehostel.com\/fr\/#primaryimage"},"image":{"@id":"https:\/\/www.bastillehostel.com\/fr\/#primaryimage"},"thumbnailUrl":"https:\/\/www.bastillehostel.com\/wp-content\/uploads\/2018\/06\/bastille-hostel.png","datePublished":"2018-01-16T10:13:48+00:00","dateModified":"2022-09-19T13:50:05+00:00","breadcrumb":{"@id":"https:\/\/www.bastillehostel.com\/fr\/#breadcrumb"},"inLanguage":"fr-FR","potentialAction":[{"@type":"ReadAction","target":["https:\/\/www.bastillehostel.com\/fr\/"]}]},{"@type":"ImageObject","inLanguage":"fr-FR","@id":"https:\/\/www.bastillehostel.com\/fr\/#primaryimage","url":"https:\/\/www.bastillehostel.com\/wp-content\/uploads\/2018\/06\/bastille-hostel.png","contentUrl":"https:\/\/www.bastillehostel.com\/wp-content\/uploads\/2018\/06\/bastille-hostel.png"},{"@type":"BreadcrumbList","@id":"https:\/\/www.bastillehostel.com\/fr\/#breadcrumb","itemListElement":[{"@type":"ListItem","position":1,"name":"Home","item":"https:\/\/www.bastillehostel.com\/fr\/"},{"@type":"ListItem","position":2,"name":"Auberge de Jeunesse \u00e0 Paris"}]},{"@type":"WebSite","@id":"https:\/\/www.bastillehostel.com\/fr\/#website","url":"https:\/\/www.bastillehostel.com\/fr\/","name":"Bastille Hostel - Auberge de jeunesse \u00e0 Paris","description":"Bastille Hostel - Auberge de jeunesse \u00e0 Paris","potentialAction":[{"@type":"SearchAction","target":{"@type":"EntryPoint","urlTemplate":"https:\/\/www.bastillehostel.com\/fr\/?s={search_term_string}"},"query-input":{"@type":"PropertyValueSpecification","valueRequired":true,"valueName":"search_term_string"}}],"inLanguage":"fr-FR"}]}},"_links":{"self":[{"href":"https:\/\/www.bastillehostel.com\/fr\/wp-json\/wp\/v2\/pages\/11","targetHints":{"allow":["GET"]}}],"collection":[{"href":"https:\/\/www.bastillehostel.com\/fr\/wp-json\/wp\/v2\/pages"}],"about":[{"href":"https:\/\/www.bastillehostel.com\/fr\/wp-json\/wp\/v2\/types\/page"}],"author":[{"embeddable":true,"href":"https:\/\/www.bastillehostel.com\/fr\/wp-json\/wp\/v2\/users\/1"}],"replies":[{"embeddable":true,"href":"https:\/\/www.bastillehostel.com\/fr\/wp-json\/wp\/v2\/comments?post=11"}],"version-history":[{"count":157,"href":"https:\/\/www.bastillehostel.com\/fr\/wp-json\/wp\/v2\/pages\/11\/revisions"}],"predecessor-version":[{"id":5614,"href":"https:\/\/www.bastillehostel.com\/fr\/wp-json\/wp\/v2\/pages\/11\/revisions\/5614"}],"wp:attachment":[{"href":"https:\/\/www.bastillehostel.com\/fr\/wp-json\/wp\/v2\/media?parent=11"}],"curies":[{"name":"wp","href":"https:\/\/api.w.org\/{rel}","templated":true}]}}