{"id":5749,"date":"2023-05-04T14:32:01","date_gmt":"2023-05-04T12:32:01","guid":{"rendered":"https:\/\/www.bastillehostel.com\/?page_id=5749"},"modified":"2023-05-04T14:36:26","modified_gmt":"2023-05-04T12:36:26","slug":"muevete-por-el-barrio-latino","status":"publish","type":"page","link":"https:\/\/www.bastillehostel.com\/es\/buenos-planes-en-paris\/discover-latin-quarter\/muevete-por-el-barrio-latino\/","title":{"rendered":"Mu\u00e9vete por el Barrio Latino"},"content":{"rendered":"<p>Algunas instituciones del barrio, como Lut\u00e8ce o los muelles del Sena, reciben a los deportistas con los brazos abiertos, permiti\u00e9ndoles entrenar en un marco incomparable. Pero si prefieres los deportes de interior, ten en cuenta que la mayor\u00eda de los gimnasios ofrecen descuentos para estudiantes.<\/p>\n\t\t\t<style type=\"text\/css\">\n\t\t\t\t#content-block-background-1628 { background-image: url(); background-position: 50% 0; background-repeat: repeat; background-color: transparent; background-attachment: scroll; background-size: auto; }\n\t\t\t\t#content-block-body-1628 { padding: 40px 0; color: inherit; }\n\t\t\t\t.content-block-body { margin-left: auto; margin-right: auto; position: relative; }\n\t\t\t<\/style>\n\t\t\t\t\t\t\t<style type=\"text\/css\">\n\t\t\t\t\t#wrapper-1 { overflow-x: hidden; }\n\t\t\t\t\t#content-block-background-1628 { margin: 0 -10000px; padding: 0 10000px; }\n\t\t\t\t<\/style>\n\t\t\t\n\t\t\t\t\t\t<script type=\"text\/javascript\">\n\t\t\t\t\/\/ <![CDATA[\n\t\t\t\tjQuery(document).ready(function($){\n\t\t\t\t\t\"use strict\";\n\t\t\t\t\tif( ! $(\"body\").hasClass( \"mobile-detected\" ) ){\n\t\t\t\t\t\t$(\"#content-block-background-\"+1628).each(function(){\n\t\t\t\t\t\t\tvar $bgobj = $(this); \/\/ Assigning the object.\n\t\t\t\t\t\t\tvar xPos = '50%'; \/\/ x bg position value from the user shortcode.\n\t\t\t\t\t\t\t$(window).scroll(function() {\n\t\t\t\t\t\t\t\tvar yPos = -($(window).scrollTop() \/ 3);\n\t\t\t\t\t\t\t\t\/\/ Put together our final background position.\n\t\t\t\t\t\t\t\tvar coords = xPos+' '+yPos+'px';\n\t\t\t\t\t\t\t\t\/\/ Move the background.\n\t\t\t\t\t\t\t\t$bgobj.css({ backgroundPosition: coords });\n\t\t\t\t\t\t\t});\n\t\t\t\t\t\t});\n\t\t\t\t\t}\n\t\t\t\t});\n\t\t\t\t\/\/ ]]>\n\t\t\t<\/script>\n\t\t\t\n\t\t\t<div class=\"clear\"><\/div>\n\t\t\t<div id=\"content-block-background-1628\" class=\"content-block-background \">\n\t\t\t\t<div id=\"content-block-body-1628\" class=\"content-block-body\">\n\t\t\t\t\t<div class=\"clear\"><\/div>\n\t\t\t\t\t\n<div class=\"one_fourth\">\n<img decoding=\"async\" class=\"aligncenter size-full wp-image-779\" alt=\"ArenesDuLutece\" src=\"https:\/\/www.bastillehostel.com\/wp-content\/uploads\/2018\/06\/ArenesDuLutece.jpg\" width=\"150\" height=\"150\" \/><\/p>\n<h4 class=\"title\">Boulodrome des ar\u00e8ne de Lut\u00e8ce<\/h4>\n<p><strong>47 rue Monge-8 rue de Navarre &#8211; 75005 Par\u00eds &#8211; Metro: Place-Monge<\/strong><\/p>\n<p>Casi todos los distritos tienen su pista de petanca o bolos. Pero no encontrar\u00e1s una selecci\u00f3n tan amplia para disfrutar en ning\u00fan otro lugar. En la arena de Lut\u00e8ce, los restos de un anfiteatro galorromano construido en el siglo I, puedes participar en un feroz juego de bolos en el suelo que una vez alberg\u00f3 a las bestias de combate y los gladiadores. Algo para alimentar tu esp\u00edritu competitivo\u2026<\/p>\n<p>&nbsp;<\/p>\n<\/div>\n<div class=\"one_fourth\">\n<img decoding=\"async\" class=\"aligncenter size-full wp-image-780\" alt=\"gymnase_amyot1\" src=\"https:\/\/www.bastillehostel.com\/wp-content\/uploads\/2018\/06\/gymnase_amyot1.jpg\" width=\"150\" height=\"100\" \/><br \/>\n<a href=\"http:\/\/equipement.paris.fr\/gymnase-amyot-3187\" target=\"_blank\" rel=\"noopener\"><\/p>\n<h4 class=\"title\">Gymnase Amyot<\/h4>\n<p><\/a><\/p>\n<p><strong>3 rue Amyot &#8211; 75005 Par\u00eds &#8211; Metro: Place-Monge<\/strong><\/p>\n<p>El gimnasio Amyot, cerca de la Rue Mouffetard, alquila salas a asociaciones deportivas o profesores privados, especialmente a los que ense\u00f1an danza, yoga y artes marciales. Simplemente ac\u00e9rcate a la recepci\u00f3n del gimnasio para conocer el horario de los cursos y las disciplinas que se ofrecen: karate, aikido, taekwondo y otras. Si te gusta m\u00e1s el baloncesto, el voleibol o el b\u00e1dminton, preferir\u00e1s el vecino Gymnasium Lavoisier<\/p>\n<p>&nbsp;<\/p>\n<\/div>\n<div class=\"one_fourth\">\n<img decoding=\"async\" class=\"aligncenter size-thumbnail wp-image-782\" alt=\"piscinePontoise\" src=\"https:\/\/www.bastillehostel.com\/wp-content\/uploads\/2018\/06\/piscinePontoise-150x150.jpg\" width=\"150\" height=\"150\" \/><br \/>\n<a href=\"http:\/\/equipement.paris.fr\/piscine-pontoise-2918\" target=\"_blank\" rel=\"noopener\"><\/p>\n<h4 class=\"title\">Piscine Pontoise<\/h4>\n<p><\/a><\/p>\n<p><strong>19 rue Pontoise &#8211; 75005 Par\u00eds &#8211; Metro: Maubert-Mutualist\u00e9<\/strong><\/p>\n<p>Ubicada en el interior del complejo deportivo Club Quartier Latin, la piscina Pontoise probablemente no sea la mejor piscina de Par\u00eds. No obstante, su notable arquitectura Art Deco, su ubicaci\u00f3n en el coraz\u00f3n del distrito universitario y su amplio horario (cierra a las 23:45 entre semana) lo convierten en un lugar ideal para un ba\u00f1o nocturno.<\/p>\n<p>&nbsp;<\/p>\n<\/div>\n<div class=\"one_fourth last_column\">\n<img decoding=\"async\" class=\"aligncenter size-full wp-image-785\" alt=\"petits-bal\" src=\"https:\/\/www.bastillehostel.com\/wp-content\/uploads\/2018\/06\/petits-bal.jpg\" width=\"150\" height=\"150\" \/><\/p>\n<h4 class=\"title\">Petit bals en plein air <\/h4>\n<p><strong>Quai Saint-Bernard &#8211; 75005 Par\u00eds &#8211; Metro: Jussieu<\/strong><\/p>\n<p>Bailar un tango bajo las estrellas, junto al Sena, a la luz de los proyectores de los Bateaux-Mouches&#8230; Esto no es una escena de una comedia rom\u00e1ntica, esto es realmente lo que sucede todas las tardes de verano en los muelles entre Sully y el pont d&#8217;Austerlitz. Esta zona llamada \u201cpetits amphis\u201d por los cuatro peque\u00f1os escenarios, rodeados de terrazas (para mirar o para recuperar el aliento) est\u00e1 dedicada a la danza, ya sea salsa, rock o bailes tradicionales bretones. Todo el mundo puede probarlo gratis. Para los principiantes, hay clases gratuitas de 19:00 a 21:00 horas. Ambiente m\u00e1gico.<\/p>\n<p>&nbsp;<\/p>\n<\/div>\n\t\t\t\t\t<div class=\"clear\"><\/div>\n\t\t\t\t<\/div>\n\t\t\t<\/div>\n\t\t\t<div class=\"clear\"><\/div>\n\t\t\t\n<div class=\"clear\"><\/div>\n\t\t\t<style type=\"text\/css\">\n\t\t\t\t#content-block-background-1132 { background-image: url(); background-position: 50% 0; background-repeat: repeat; background-color: transparent; background-attachment: scroll; background-size: auto; }\n\t\t\t\t#content-block-body-1132 { padding: 40px 0; color: inherit; }\n\t\t\t\t.content-block-body { margin-left: auto; margin-right: auto; position: relative; }\n\t\t\t<\/style>\n\t\t\t\t\t\t\t<style type=\"text\/css\">\n\t\t\t\t\t#wrapper-1 { overflow-x: hidden; }\n\t\t\t\t\t#content-block-background-1132 { margin: 0 -10000px; padding: 0 10000px; }\n\t\t\t\t<\/style>\n\t\t\t\n\t\t\t\t\t\t<script type=\"text\/javascript\">\n\t\t\t\t\/\/ <![CDATA[\n\t\t\t\tjQuery(document).ready(function($){\n\t\t\t\t\t\"use strict\";\n\t\t\t\t\tif( ! $(\"body\").hasClass( \"mobile-detected\" ) ){\n\t\t\t\t\t\t$(\"#content-block-background-\"+1132).each(function(){\n\t\t\t\t\t\t\tvar $bgobj = $(this); \/\/ Assigning the object.\n\t\t\t\t\t\t\tvar xPos = '50%'; \/\/ x bg position value from the user shortcode.\n\t\t\t\t\t\t\t$(window).scroll(function() {\n\t\t\t\t\t\t\t\tvar yPos = -($(window).scrollTop() \/ 3);\n\t\t\t\t\t\t\t\t\/\/ Put together our final background position.\n\t\t\t\t\t\t\t\tvar coords = xPos+' '+yPos+'px';\n\t\t\t\t\t\t\t\t\/\/ Move the background.\n\t\t\t\t\t\t\t\t$bgobj.css({ backgroundPosition: coords });\n\t\t\t\t\t\t\t});\n\t\t\t\t\t\t});\n\t\t\t\t\t}\n\t\t\t\t});\n\t\t\t\t\/\/ ]]>\n\t\t\t<\/script>\n\t\t\t\n\t\t\t<div class=\"clear\"><\/div>\n\t\t\t<div id=\"content-block-background-1132\" class=\"content-block-background \">\n\t\t\t\t<div id=\"content-block-body-1132\" class=\"content-block-body\">\n\t\t\t\t\t<div class=\"clear\"><\/div>\n\t\t\t\t\t\n<div class=\"one_third\">\n<a class=\"btn orange survol\" href=\"https:\/\/www.bastillehostel.com\/es\/buenos-planes-en-paris\/discover-latin-quarter\/bares-alrededor-del-barrio-latino\/\"> <i class=\"fa fa- glass\" aria-hidden=\"true\"><\/i>\u00a0Bares alrededor del Barrio Latino &gt;<\/a><br \/>\n<a class=\"btn orange survol\" href=\"https:\/\/www.bastillehostel.com\/es\/buenos-planes-en-paris\/discover-latin-quarter\/comer-alrededor-del-barrio-latino\/\"><i class=\"fa fa- cuberter\u00eda\" aria-hidden=\"true\"><\/i>\u00a0Comer en el Barrio Latino &gt;<\/a><br \/>\n<\/div>\n<div class=\"one_third\">\n<a class=\"btn orange survol\" href=\"https:\/\/www.bastillehostel.com\/es\/buenos-planes-en-paris\/discover-latin-quarter\/bailar-por-el-barrio-latino\/\"><i class=\"fa fa- m\u00fasica\" aria-hidden=\"true\"><\/i>\u00a0Baile por el Barrio Latino &gt;<\/a><br \/>\n<a class=\"btn orange survol\" href=\"https:\/\/www.bastillehostel.com\/es\/buenos-planes-en-paris\/discover-latin-quarter\/sala-de-conciertos-en-el-barrio-latino\/\"><i class=\"fa fa-music\" aria-hidden=\"true\"><\/i>\u00a0Salas de conciertos en el Barrio Latino&gt;<\/a><br \/>\n<\/div>\n<div class=\"one_third last_column\">\n<a class=\"btn orange survol\" href=\"https:\/\/www.bastillehostel.com\/es\/buenos-planes-en-paris\/discover-latin-quarter\/muevete-por-el-barrio-latino\/\"><i class=\"fa fa-bicycle\" aria-hidden=\"true\"><\/i>Mu\u00e9vete por el Barrio Latino &gt;<\/a><\/p>\n<\/div>\n\t\t\t\t\t<div class=\"clear\"><\/div>\n\t\t\t\t<\/div>\n\t\t\t<\/div>\n\t\t\t<div class=\"clear\"><\/div>\n\t\t\t\n","protected":false},"excerpt":{"rendered":"<p>Algunas instituciones del barrio, como Lut\u00e8ce o los muelles del Sena, reciben a los deportistas con los brazos abiertos, permiti\u00e9ndoles entrenar en un marco incomparable. Pero si prefieres los deportes de interior, ten en cuenta que la mayor\u00eda de los gimnasios ofrecen descuentos para estudiantes.<\/p>\n","protected":false},"author":6,"featured_media":0,"parent":5654,"menu_order":0,"comment_status":"closed","ping_status":"closed","template":"","meta":{"footnotes":""},"class_list":["post-5749","page","type-page","status-publish","hentry"],"yoast_head":"<!-- This site is optimized with the Yoast SEO plugin v27.5 - https:\/\/yoast.com\/product\/yoast-seo-wordpress\/ -->\n<title>Mu\u00e9vete por el Barrio Latino - Bastille Hostel - Albergue Juvenil en Paris<\/title>\n<meta name=\"robots\" content=\"index, follow, max-snippet:-1, max-image-preview:large, max-video-preview:-1\" \/>\n<link rel=\"canonical\" href=\"https:\/\/www.bastillehostel.com\/es\/buenos-planes-en-paris\/discover-latin-quarter\/muevete-por-el-barrio-latino\/\" \/>\n<meta property=\"og:locale\" content=\"es_ES\" \/>\n<meta property=\"og:type\" content=\"article\" \/>\n<meta property=\"og:title\" content=\"Mu\u00e9vete por el Barrio Latino - Bastille Hostel - Albergue Juvenil en Paris\" \/>\n<meta property=\"og:description\" content=\"Algunas instituciones del barrio, como Lut\u00e8ce o los muelles del Sena, reciben a los deportistas con los brazos abiertos, permiti\u00e9ndoles entrenar en un marco incomparable. Pero si prefieres los deportes de interior, ten en cuenta que la mayor\u00eda de los gimnasios ofrecen descuentos para estudiantes.\" \/>\n<meta property=\"og:url\" content=\"https:\/\/www.bastillehostel.com\/es\/buenos-planes-en-paris\/discover-latin-quarter\/muevete-por-el-barrio-latino\/\" \/>\n<meta property=\"og:site_name\" content=\"Bastille Hostel - Albergue Juvenil en Paris\" \/>\n<meta property=\"article:modified_time\" content=\"2023-05-04T12:36:26+00:00\" \/>\n<meta property=\"og:image\" content=\"https:\/\/www.bastillehostel.com\/wp-content\/uploads\/2018\/06\/ArenesDuLutece.jpg\" \/>\n<meta name=\"twitter:card\" content=\"summary_large_image\" \/>\n<meta name=\"twitter:label1\" content=\"Tiempo de lectura\" \/>\n\t<meta name=\"twitter:data1\" content=\"3 minutos\" \/>\n<script type=\"application\/ld+json\" class=\"yoast-schema-graph\">{\"@context\":\"https:\\\/\\\/schema.org\",\"@graph\":[{\"@type\":\"WebPage\",\"@id\":\"https:\\\/\\\/www.bastillehostel.com\\\/es\\\/buenos-planes-en-paris\\\/discover-latin-quarter\\\/muevete-por-el-barrio-latino\\\/\",\"url\":\"https:\\\/\\\/www.bastillehostel.com\\\/es\\\/buenos-planes-en-paris\\\/discover-latin-quarter\\\/muevete-por-el-barrio-latino\\\/\",\"name\":\"Mu\u00e9vete por el Barrio Latino - Bastille Hostel - Albergue Juvenil en Paris\",\"isPartOf\":{\"@id\":\"https:\\\/\\\/www.bastillehostel.com\\\/fr\\\/#website\"},\"primaryImageOfPage\":{\"@id\":\"https:\\\/\\\/www.bastillehostel.com\\\/es\\\/buenos-planes-en-paris\\\/discover-latin-quarter\\\/muevete-por-el-barrio-latino\\\/#primaryimage\"},\"image\":{\"@id\":\"https:\\\/\\\/www.bastillehostel.com\\\/es\\\/buenos-planes-en-paris\\\/discover-latin-quarter\\\/muevete-por-el-barrio-latino\\\/#primaryimage\"},\"thumbnailUrl\":\"https:\\\/\\\/www.bastillehostel.com\\\/wp-content\\\/uploads\\\/2018\\\/06\\\/ArenesDuLutece.jpg\",\"datePublished\":\"2023-05-04T12:32:01+00:00\",\"dateModified\":\"2023-05-04T12:36:26+00:00\",\"breadcrumb\":{\"@id\":\"https:\\\/\\\/www.bastillehostel.com\\\/es\\\/buenos-planes-en-paris\\\/discover-latin-quarter\\\/muevete-por-el-barrio-latino\\\/#breadcrumb\"},\"inLanguage\":\"es\",\"potentialAction\":[{\"@type\":\"ReadAction\",\"target\":[\"https:\\\/\\\/www.bastillehostel.com\\\/es\\\/buenos-planes-en-paris\\\/discover-latin-quarter\\\/muevete-por-el-barrio-latino\\\/\"]}]},{\"@type\":\"ImageObject\",\"inLanguage\":\"es\",\"@id\":\"https:\\\/\\\/www.bastillehostel.com\\\/es\\\/buenos-planes-en-paris\\\/discover-latin-quarter\\\/muevete-por-el-barrio-latino\\\/#primaryimage\",\"url\":\"https:\\\/\\\/www.bastillehostel.com\\\/wp-content\\\/uploads\\\/2018\\\/06\\\/ArenesDuLutece.jpg\",\"contentUrl\":\"https:\\\/\\\/www.bastillehostel.com\\\/wp-content\\\/uploads\\\/2018\\\/06\\\/ArenesDuLutece.jpg\"},{\"@type\":\"BreadcrumbList\",\"@id\":\"https:\\\/\\\/www.bastillehostel.com\\\/es\\\/buenos-planes-en-paris\\\/discover-latin-quarter\\\/muevete-por-el-barrio-latino\\\/#breadcrumb\",\"itemListElement\":[{\"@type\":\"ListItem\",\"position\":1,\"name\":\"Home\",\"item\":\"https:\\\/\\\/www.bastillehostel.com\\\/es\\\/\"},{\"@type\":\"ListItem\",\"position\":2,\"name\":\"Los buenos planes en Par\u00eds\",\"item\":\"https:\\\/\\\/www.bastillehostel.com\\\/es\\\/buenos-planes-en-paris\\\/\"},{\"@type\":\"ListItem\",\"position\":3,\"name\":\"Discover Latin Quarter\",\"item\":\"https:\\\/\\\/www.bastillehostel.com\\\/es\\\/buenos-planes-en-paris\\\/discover-latin-quarter\\\/\"},{\"@type\":\"ListItem\",\"position\":4,\"name\":\"Mu\u00e9vete por el Barrio Latino\"}]},{\"@type\":\"WebSite\",\"@id\":\"https:\\\/\\\/www.bastillehostel.com\\\/fr\\\/#website\",\"url\":\"https:\\\/\\\/www.bastillehostel.com\\\/fr\\\/\",\"name\":\"Bastille Hostel - Albergue Juvenil en Paris\",\"description\":\"Bastille Hostel - Albergue Juvenil en Paris\",\"potentialAction\":[{\"@type\":\"SearchAction\",\"target\":{\"@type\":\"EntryPoint\",\"urlTemplate\":\"https:\\\/\\\/www.bastillehostel.com\\\/fr\\\/?s={search_term_string}\"},\"query-input\":{\"@type\":\"PropertyValueSpecification\",\"valueRequired\":true,\"valueName\":\"search_term_string\"}}],\"inLanguage\":\"es\"}]}<\/script>\n<!-- \/ Yoast SEO plugin. -->","yoast_head_json":{"title":"Mu\u00e9vete por el Barrio Latino - Bastille Hostel - Albergue Juvenil en Paris","robots":{"index":"index","follow":"follow","max-snippet":"max-snippet:-1","max-image-preview":"max-image-preview:large","max-video-preview":"max-video-preview:-1"},"canonical":"https:\/\/www.bastillehostel.com\/es\/buenos-planes-en-paris\/discover-latin-quarter\/muevete-por-el-barrio-latino\/","og_locale":"es_ES","og_type":"article","og_title":"Mu\u00e9vete por el Barrio Latino - Bastille Hostel - Albergue Juvenil en Paris","og_description":"Algunas instituciones del barrio, como Lut\u00e8ce o los muelles del Sena, reciben a los deportistas con los brazos abiertos, permiti\u00e9ndoles entrenar en un marco incomparable. Pero si prefieres los deportes de interior, ten en cuenta que la mayor\u00eda de los gimnasios ofrecen descuentos para estudiantes.","og_url":"https:\/\/www.bastillehostel.com\/es\/buenos-planes-en-paris\/discover-latin-quarter\/muevete-por-el-barrio-latino\/","og_site_name":"Bastille Hostel - Albergue Juvenil en Paris","article_modified_time":"2023-05-04T12:36:26+00:00","og_image":[{"url":"https:\/\/www.bastillehostel.com\/wp-content\/uploads\/2018\/06\/ArenesDuLutece.jpg","type":"","width":"","height":""}],"twitter_card":"summary_large_image","twitter_misc":{"Tiempo de lectura":"3 minutos"},"schema":{"@context":"https:\/\/schema.org","@graph":[{"@type":"WebPage","@id":"https:\/\/www.bastillehostel.com\/es\/buenos-planes-en-paris\/discover-latin-quarter\/muevete-por-el-barrio-latino\/","url":"https:\/\/www.bastillehostel.com\/es\/buenos-planes-en-paris\/discover-latin-quarter\/muevete-por-el-barrio-latino\/","name":"Mu\u00e9vete por el Barrio Latino - Bastille Hostel - Albergue Juvenil en Paris","isPartOf":{"@id":"https:\/\/www.bastillehostel.com\/fr\/#website"},"primaryImageOfPage":{"@id":"https:\/\/www.bastillehostel.com\/es\/buenos-planes-en-paris\/discover-latin-quarter\/muevete-por-el-barrio-latino\/#primaryimage"},"image":{"@id":"https:\/\/www.bastillehostel.com\/es\/buenos-planes-en-paris\/discover-latin-quarter\/muevete-por-el-barrio-latino\/#primaryimage"},"thumbnailUrl":"https:\/\/www.bastillehostel.com\/wp-content\/uploads\/2018\/06\/ArenesDuLutece.jpg","datePublished":"2023-05-04T12:32:01+00:00","dateModified":"2023-05-04T12:36:26+00:00","breadcrumb":{"@id":"https:\/\/www.bastillehostel.com\/es\/buenos-planes-en-paris\/discover-latin-quarter\/muevete-por-el-barrio-latino\/#breadcrumb"},"inLanguage":"es","potentialAction":[{"@type":"ReadAction","target":["https:\/\/www.bastillehostel.com\/es\/buenos-planes-en-paris\/discover-latin-quarter\/muevete-por-el-barrio-latino\/"]}]},{"@type":"ImageObject","inLanguage":"es","@id":"https:\/\/www.bastillehostel.com\/es\/buenos-planes-en-paris\/discover-latin-quarter\/muevete-por-el-barrio-latino\/#primaryimage","url":"https:\/\/www.bastillehostel.com\/wp-content\/uploads\/2018\/06\/ArenesDuLutece.jpg","contentUrl":"https:\/\/www.bastillehostel.com\/wp-content\/uploads\/2018\/06\/ArenesDuLutece.jpg"},{"@type":"BreadcrumbList","@id":"https:\/\/www.bastillehostel.com\/es\/buenos-planes-en-paris\/discover-latin-quarter\/muevete-por-el-barrio-latino\/#breadcrumb","itemListElement":[{"@type":"ListItem","position":1,"name":"Home","item":"https:\/\/www.bastillehostel.com\/es\/"},{"@type":"ListItem","position":2,"name":"Los buenos planes en Par\u00eds","item":"https:\/\/www.bastillehostel.com\/es\/buenos-planes-en-paris\/"},{"@type":"ListItem","position":3,"name":"Discover Latin Quarter","item":"https:\/\/www.bastillehostel.com\/es\/buenos-planes-en-paris\/discover-latin-quarter\/"},{"@type":"ListItem","position":4,"name":"Mu\u00e9vete por el Barrio Latino"}]},{"@type":"WebSite","@id":"https:\/\/www.bastillehostel.com\/fr\/#website","url":"https:\/\/www.bastillehostel.com\/fr\/","name":"Bastille Hostel - Albergue Juvenil en Paris","description":"Bastille Hostel - Albergue Juvenil en Paris","potentialAction":[{"@type":"SearchAction","target":{"@type":"EntryPoint","urlTemplate":"https:\/\/www.bastillehostel.com\/fr\/?s={search_term_string}"},"query-input":{"@type":"PropertyValueSpecification","valueRequired":true,"valueName":"search_term_string"}}],"inLanguage":"es"}]}},"_links":{"self":[{"href":"https:\/\/www.bastillehostel.com\/es\/wp-json\/wp\/v2\/pages\/5749","targetHints":{"allow":["GET"]}}],"collection":[{"href":"https:\/\/www.bastillehostel.com\/es\/wp-json\/wp\/v2\/pages"}],"about":[{"href":"https:\/\/www.bastillehostel.com\/es\/wp-json\/wp\/v2\/types\/page"}],"author":[{"embeddable":true,"href":"https:\/\/www.bastillehostel.com\/es\/wp-json\/wp\/v2\/users\/6"}],"replies":[{"embeddable":true,"href":"https:\/\/www.bastillehostel.com\/es\/wp-json\/wp\/v2\/comments?post=5749"}],"version-history":[{"count":5,"href":"https:\/\/www.bastillehostel.com\/es\/wp-json\/wp\/v2\/pages\/5749\/revisions"}],"predecessor-version":[{"id":5760,"href":"https:\/\/www.bastillehostel.com\/es\/wp-json\/wp\/v2\/pages\/5749\/revisions\/5760"}],"up":[{"embeddable":true,"href":"https:\/\/www.bastillehostel.com\/es\/wp-json\/wp\/v2\/pages\/5654"}],"wp:attachment":[{"href":"https:\/\/www.bastillehostel.com\/es\/wp-json\/wp\/v2\/media?parent=5749"}],"curies":[{"name":"wp","href":"https:\/\/api.w.org\/{rel}","templated":true}]}}