{"id":5746,"date":"2023-05-04T14:31:30","date_gmt":"2023-05-04T12:31:30","guid":{"rendered":"https:\/\/www.bastillehostel.com\/?page_id=5746"},"modified":"2023-05-04T14:37:31","modified_gmt":"2023-05-04T12:37:31","slug":"comer-alrededor-del-barrio-latino","status":"publish","type":"page","link":"https:\/\/www.bastillehostel.com\/es\/buenos-planes-en-paris\/discover-latin-quarter\/comer-alrededor-del-barrio-latino\/","title":{"rendered":"Comer alrededor del Barrio Latino"},"content":{"rendered":"<p>Encontrar el lugar adecuado para una comida agradable con amigos no es tan f\u00e1cil aqu\u00ed. Es mejor evitar la rue de la Harpe y Huchette, que han sido invadidas por restaurantes trampa para turistas.<\/p>\n\t\t\t<style type=\"text\/css\">\n\t\t\t\t#content-block-background-1838 { background-image: url(); background-position: 50% 0; background-repeat: repeat; background-color: transparent; background-attachment: scroll; background-size: auto; }\n\t\t\t\t#content-block-body-1838 { padding: 40px 0; color: inherit; }\n\t\t\t\t.content-block-body { margin-left: auto; margin-right: auto; position: relative; }\n\t\t\t<\/style>\n\t\t\t\t\t\t\t<style type=\"text\/css\">\n\t\t\t\t\t#wrapper-1 { overflow-x: hidden; }\n\t\t\t\t\t#content-block-background-1838 { margin: 0 -10000px; padding: 0 10000px; }\n\t\t\t\t<\/style>\n\t\t\t\n\t\t\t\t\t\t<script type=\"text\/javascript\">\n\t\t\t\t\/\/ <![CDATA[\n\t\t\t\tjQuery(document).ready(function($){\n\t\t\t\t\t\"use strict\";\n\t\t\t\t\tif( ! $(\"body\").hasClass( \"mobile-detected\" ) ){\n\t\t\t\t\t\t$(\"#content-block-background-\"+1838).each(function(){\n\t\t\t\t\t\t\tvar $bgobj = $(this); \/\/ Assigning the object.\n\t\t\t\t\t\t\tvar xPos = '50%'; \/\/ x bg position value from the user shortcode.\n\t\t\t\t\t\t\t$(window).scroll(function() {\n\t\t\t\t\t\t\t\tvar yPos = -($(window).scrollTop() \/ 3);\n\t\t\t\t\t\t\t\t\/\/ Put together our final background position.\n\t\t\t\t\t\t\t\tvar coords = xPos+' '+yPos+'px';\n\t\t\t\t\t\t\t\t\/\/ Move the background.\n\t\t\t\t\t\t\t\t$bgobj.css({ backgroundPosition: coords });\n\t\t\t\t\t\t\t});\n\t\t\t\t\t\t});\n\t\t\t\t\t}\n\t\t\t\t});\n\t\t\t\t\/\/ ]]>\n\t\t\t<\/script>\n\t\t\t\n\t\t\t<div class=\"clear\"><\/div>\n\t\t\t<div id=\"content-block-background-1838\" class=\"content-block-background \">\n\t\t\t\t<div id=\"content-block-body-1838\" class=\"content-block-body\">\n\t\t\t\t\t<div class=\"clear\"><\/div>\n\t\t\t\t\t\n<div class=\"one_third\">\n<img decoding=\"async\" class=\"aligncenter size-full wp-image-790\" alt=\"patisserie-viennoise\" src=\"https:\/\/www.bastillehostel.com\/wp-content\/uploads\/2013\/10\/patisserie-viennoise.jpg\" width=\"150\" height=\"150\" \/><\/p>\n<h4 class=\"title\"><a href=\"https:\/\/plus.google.com\/109955611821597846852\/about?gl=fr&amp;hl=fr\" target=\"_blank\" rel=\"noopener\">P\u00e2tisserie viennoise (Gourmandises) <\/a><\/h4>\n<p><strong>8 rue de l&#8217;Ecole-de-M\u00e9decine &#8211; 75006 Par\u00eds &#8211; Metro: Od\u00e9on<\/strong><\/p>\n<p>Desde 1928, este escaparate gourmet de pasteler\u00eda vienesa ha atra\u00eddo constantemente la atenci\u00f3n de los transe\u00fantes. Estudiantes de universidades cercanas se relajan en los bancos de una sala liliputiense, decorada con estilo retro, para degustar el strudel de manzana con canela o la deliciosa tarta Sacher acompa\u00f1ada de una taza de chocolate casero. Hay snacks y bocadillos a la hora del almuerzo y bebidas calientes y boller\u00eda para llevar a cualquier hora. Sin tarjetas de cr\u00e9dito.<\/p>\n<p>&nbsp;<\/p>\n<\/div>\n<div class=\"one_third\">\n<img decoding=\"async\" class=\"aligncenter size-full wp-image-791\" alt=\"i love burger\" src=\"https:\/\/www.bastillehostel.com\/wp-content\/uploads\/2013\/10\/i-love-burger.jpg\" width=\"150\" height=\"150\" \/><\/p>\n<h4 class=\"title\"><a href=\"http:\/\/www.iloveburger.fr\/index.html\" target=\"_blank\" rel=\"noopener\">I Love Burger (Fast food)<\/a><\/h4>\n<p><strong>20 rue des Boulangers &#8211; 75005 Par\u00eds &#8211; Metro: Jussieu<\/strong><\/p>\n<p>Escondido en un callej\u00f3n cerca de Jussieu, I Love Burger es un delicioso restaurante de comida r\u00e1pida creado por el joven equipo de la cercana galerie 24. Capaces de oscilar entre el arte visual y las hamburguesas, los burritos y los tacos, un sonriente Cyril y sus colegas ofrecemos hamburguesas con todas las salsas servidas con una cascada de frituras en sartenes que sirven de platos. Comida y cena a domicilio.<\/p>\n<p>&nbsp;<\/p>\n<\/div>\n<div class=\"one_third last_column\">\n<img decoding=\"async\" class=\"aligncenter size-full wp-image-794\" alt=\"au-ptit-grec\" src=\"https:\/\/www.bastillehostel.com\/wp-content\/uploads\/2013\/10\/au-ptit-grec.jpg\" width=\"150\" height=\"150\" \/><\/p>\n<h4 class=\"title\"><a href=\"https:\/\/auptitgrec.com\/\" target=\"_blank\" rel=\"noopener\">Au p&#8217;tit grec (Cr\u00eaperie) <\/a><\/h4>\n<p><strong>62 Rue Mouffetard &#8211; 75005 Par\u00eds &#8211; Metro: Place-Monge ou Censier-Daubenton<\/strong><\/p>\n<p>Au p&#8217;tit grec es la mejor casa de panqueques en Rue Mouffetard. Lo reconocer\u00e1 por la fila de personas que se desparraman por la acera d\u00eda y noche. Aqu\u00ed, las tortitas y galettes son grandes, bien rellenas y se sirven con ensalada y tomates frescos. La elecci\u00f3n es amplia y la calidad es muy superior a otras tiendas de panqueques-kebabs en el vecindario. Es posible comer en el lugar.<\/p>\n<p>&nbsp;<\/p>\n<\/div>\n\t\t\t\t\t<div class=\"clear\"><\/div>\n\t\t\t\t<\/div>\n\t\t\t<\/div>\n\t\t\t<div class=\"clear\"><\/div>\n\t\t\t\n<div class=\"clear\"><\/div>\n\t\t\t<style type=\"text\/css\">\n\t\t\t\t#content-block-background-1254 { background-image: url(); background-position: 50% 0; background-repeat: repeat; background-color: transparent; background-attachment: scroll; background-size: auto; }\n\t\t\t\t#content-block-body-1254 { padding: 40px 0; color: inherit; }\n\t\t\t\t.content-block-body { margin-left: auto; margin-right: auto; position: relative; }\n\t\t\t<\/style>\n\t\t\t\t\t\t\t<style type=\"text\/css\">\n\t\t\t\t\t#wrapper-1 { overflow-x: hidden; }\n\t\t\t\t\t#content-block-background-1254 { margin: 0 -10000px; padding: 0 10000px; }\n\t\t\t\t<\/style>\n\t\t\t\n\t\t\t\t\t\t<script type=\"text\/javascript\">\n\t\t\t\t\/\/ <![CDATA[\n\t\t\t\tjQuery(document).ready(function($){\n\t\t\t\t\t\"use strict\";\n\t\t\t\t\tif( ! $(\"body\").hasClass( \"mobile-detected\" ) ){\n\t\t\t\t\t\t$(\"#content-block-background-\"+1254).each(function(){\n\t\t\t\t\t\t\tvar $bgobj = $(this); \/\/ Assigning the object.\n\t\t\t\t\t\t\tvar xPos = '50%'; \/\/ x bg position value from the user shortcode.\n\t\t\t\t\t\t\t$(window).scroll(function() {\n\t\t\t\t\t\t\t\tvar yPos = -($(window).scrollTop() \/ 3);\n\t\t\t\t\t\t\t\t\/\/ Put together our final background position.\n\t\t\t\t\t\t\t\tvar coords = xPos+' '+yPos+'px';\n\t\t\t\t\t\t\t\t\/\/ Move the background.\n\t\t\t\t\t\t\t\t$bgobj.css({ backgroundPosition: coords });\n\t\t\t\t\t\t\t});\n\t\t\t\t\t\t});\n\t\t\t\t\t}\n\t\t\t\t});\n\t\t\t\t\/\/ ]]>\n\t\t\t<\/script>\n\t\t\t\n\t\t\t<div class=\"clear\"><\/div>\n\t\t\t<div id=\"content-block-background-1254\" class=\"content-block-background \">\n\t\t\t\t<div id=\"content-block-body-1254\" class=\"content-block-body\">\n\t\t\t\t\t<div class=\"clear\"><\/div>\n\t\t\t\t\t\n<div class=\"one_third\">\n<img decoding=\"async\" class=\"aligncenter size-full wp-image-795\" alt=\"El-Cervantes-1\" src=\"https:\/\/www.bastillehostel.com\/wp-content\/uploads\/2013\/10\/El-Cervantes-1.jpg\" width=\"150\" height=\"150\" \/><\/p>\n<h4 class=\"title\"><a href=\"https:\/\/plus.google.com\/102506975324578205519\/about?gl=fr&amp;hl=fr\" target=\"_blank\" rel=\"noopener\">El cervant\u00e8s (Resto-tapas) <\/a><\/h4>\n<p><strong>46 Rue Daubenton &#8211; 75005 Par\u00eds &#8211; Metro : Censier-Daubenton<\/strong><\/p>\n<p>Los bares de tapas dignos de ese nombre no abundan en la capital, pero este lugar realmente merece una visita. Instalados en una alegre terraza, sin duda notar\u00e1s los jamones colgados del techo y envidiar\u00e1s los platos que llegaban a la mesa de tus vecinos. \u00a1Pero tambi\u00e9n llegar\u00e1 tu turno! Patrick y Luis luchan en la cocina para preparar tortillas, quesadillas, patatas bravas y otras tapas fr\u00edas o calientes para disfrutar con sangr\u00eda o vino espa\u00f1ol. Rico, calentito y bastante econ\u00f3mico (a partir de unos 15\u20ac por persona, bebidas incluidas).<\/p>\n<p>&nbsp;<\/p>\n<\/div>\n<div class=\"one_third\">\n<img decoding=\"async\" class=\"aligncenter size-full wp-image-796\" alt=\"buffet-a-volonte\" src=\"https:\/\/www.bastillehostel.com\/wp-content\/uploads\/2013\/10\/buffet-a-volonte.jpg\" width=\"150\" height=\"150\" \/><\/p>\n<h4 class=\"title\"><a href=\"https:\/\/plus.google.com\/114401988709713030005\/about?gl=fr&amp;hl=fr\" target=\"_blank\" rel=\"noopener\">Rayon de Soleil, Buffet \u00e0 volont\u00e9 (Asiatique) <\/a><\/h4>\n<p><strong>21 Quai Saint-Michel &#8211; 75005 Paris &#8211; M\u00e9tro : Saint-Michel<\/strong><\/p>\n<p>At first glance, this restaurant with a blue front and no sign is nothing more than a banal Asian caterer. Except that everything is unlimited! The buffet has Chinese, Japanese and Thai specialities. In the end, this is a greasy spoon, but for large stomachs!<\/p>\n<p>&nbsp;<\/p>\n<\/div>\n<div class=\"one_third last_column\">\n<img decoding=\"async\" class=\"aligncenter size-full wp-image-797\" alt=\"breakfastInAmerica\" src=\"https:\/\/www.bastillehostel.com\/wp-content\/uploads\/2013\/10\/breakfastInAmerica.jpg\" width=\"150\" height=\"150\" \/><\/p>\n<h4 class=\"title\"><a href=\"https:\/\/www.facebook.com\/BreakfastInAmerica1\/\" target=\"_blank\" rel=\"noopener\">Breakfast In America (American diner) <\/a><\/h4>\n<p><strong>17 rue des \u00e9coles &#8211; 75005 Paris &#8211; M\u00e9tro : Cardinal-Lemoine ou Jussieu<\/strong><\/p>\n<p>Created by American expatriates missing the delights of the U.S., the BIA is a must in the community of burger addicts. Hungry student customers come to stuff themselves on cheeseburgers, decorated with coleslaw and crisp fries. There are also ultra-consistent breakfasts, based on pancakes, tortillas, or bacon and eggs, which are the joy of late risers.<\/p>\n<p>&nbsp;<\/p>\n<\/div>\n\t\t\t\t\t<div class=\"clear\"><\/div>\n\t\t\t\t<\/div>\n\t\t\t<\/div>\n\t\t\t<div class=\"clear\"><\/div>\n\t\t\t\n<div class=\"clear\"><\/div>\n\t\t\t<style type=\"text\/css\">\n\t\t\t\t#content-block-background-1817 { background-image: url(); background-position: 50% 0; background-repeat: repeat; background-color: transparent; background-attachment: scroll; background-size: auto; }\n\t\t\t\t#content-block-body-1817 { padding: 40px 0; color: inherit; }\n\t\t\t\t.content-block-body { margin-left: auto; margin-right: auto; position: relative; }\n\t\t\t<\/style>\n\t\t\t\t\t\t\t<style type=\"text\/css\">\n\t\t\t\t\t#wrapper-1 { overflow-x: hidden; }\n\t\t\t\t\t#content-block-background-1817 { margin: 0 -10000px; padding: 0 10000px; }\n\t\t\t\t<\/style>\n\t\t\t\n\t\t\t\t\t\t<script type=\"text\/javascript\">\n\t\t\t\t\/\/ <![CDATA[\n\t\t\t\tjQuery(document).ready(function($){\n\t\t\t\t\t\"use strict\";\n\t\t\t\t\tif( ! $(\"body\").hasClass( \"mobile-detected\" ) ){\n\t\t\t\t\t\t$(\"#content-block-background-\"+1817).each(function(){\n\t\t\t\t\t\t\tvar $bgobj = $(this); \/\/ Assigning the object.\n\t\t\t\t\t\t\tvar xPos = '50%'; \/\/ x bg position value from the user shortcode.\n\t\t\t\t\t\t\t$(window).scroll(function() {\n\t\t\t\t\t\t\t\tvar yPos = -($(window).scrollTop() \/ 3);\n\t\t\t\t\t\t\t\t\/\/ Put together our final background position.\n\t\t\t\t\t\t\t\tvar coords = xPos+' '+yPos+'px';\n\t\t\t\t\t\t\t\t\/\/ Move the background.\n\t\t\t\t\t\t\t\t$bgobj.css({ backgroundPosition: coords });\n\t\t\t\t\t\t\t});\n\t\t\t\t\t\t});\n\t\t\t\t\t}\n\t\t\t\t});\n\t\t\t\t\/\/ ]]>\n\t\t\t<\/script>\n\t\t\t\n\t\t\t<div class=\"clear\"><\/div>\n\t\t\t<div id=\"content-block-background-1817\" class=\"content-block-background \">\n\t\t\t\t<div id=\"content-block-body-1817\" class=\"content-block-body\">\n\t\t\t\t\t<div class=\"clear\"><\/div>\n\t\t\t\t\t\n<div class=\"one_third\">\n<a class=\"btn orange survol\" href=\"https:\/\/www.bastillehostel.com\/es\/buenos-planes-en-paris\/discover-latin-quarter\/bares-alrededor-del-barrio-latino\/\"> <i class=\"fa fa- glass\" aria-hidden=\"true\"><\/i>\u00a0Bares alrededor del Barrio Latino &gt;<\/a><br \/>\n<a class=\"btn orange survol\" href=\"https:\/\/www.bastillehostel.com\/es\/buenos-planes-en-paris\/discover-latin-quarter\/comer-alrededor-del-barrio-latino\/\"><i class=\"fa fa- cuberter\u00eda\" aria-hidden=\"true\"><\/i>\u00a0Comer en el Barrio Latino &gt;<\/a><br \/>\n<\/div>\n<div class=\"one_third\">\n<a class=\"btn orange survol\" href=\"https:\/\/www.bastillehostel.com\/es\/buenos-planes-en-paris\/discover-latin-quarter\/bailar-por-el-barrio-latino\/\"><i class=\"fa fa- m\u00fasica\" aria-hidden=\"true\"><\/i>\u00a0Baile por el Barrio Latino &gt;<\/a><br \/>\n<a class=\"btn orange survol\" href=\"https:\/\/www.bastillehostel.com\/es\/buenos-planes-en-paris\/discover-latin-quarter\/sala-de-conciertos-en-el-barrio-latino\/\"><i class=\"fa fa-music\" aria-hidden=\"true\"><\/i>\u00a0Salas de conciertos en el Barrio Latino&gt;<\/a><br \/>\n<\/div>\n<div class=\"one_third last_column\">\n<a class=\"btn orange survol\" href=\"https:\/\/www.bastillehostel.com\/es\/buenos-planes-en-paris\/discover-latin-quarter\/muevete-por-el-barrio-latino\/\"><i class=\"fa fa-bicycle\" aria-hidden=\"true\"><\/i>Mu\u00e9vete por el Barrio Latino &gt;<\/a><\/p>\n<\/div>\n\t\t\t\t\t<div class=\"clear\"><\/div>\n\t\t\t\t<\/div>\n\t\t\t<\/div>\n\t\t\t<div class=\"clear\"><\/div>\n\t\t\t\n","protected":false},"excerpt":{"rendered":"<p>Encontrar el lugar adecuado para una comida agradable con amigos no es tan f\u00e1cil aqu\u00ed. Es mejor evitar la rue de la Harpe y Huchette, que han sido invadidas por restaurantes trampa para turistas.<\/p>\n","protected":false},"author":6,"featured_media":0,"parent":5654,"menu_order":0,"comment_status":"closed","ping_status":"closed","template":"","meta":{"footnotes":""},"class_list":["post-5746","page","type-page","status-publish","hentry"],"yoast_head":"<!-- This site is optimized with the Yoast SEO plugin v27.5 - https:\/\/yoast.com\/product\/yoast-seo-wordpress\/ -->\n<title>Comer alrededor del Barrio Latino - Bastille Hostel - Albergue Juvenil en Paris<\/title>\n<meta name=\"robots\" content=\"index, follow, max-snippet:-1, max-image-preview:large, max-video-preview:-1\" \/>\n<link rel=\"canonical\" href=\"https:\/\/www.bastillehostel.com\/es\/buenos-planes-en-paris\/discover-latin-quarter\/comer-alrededor-del-barrio-latino\/\" \/>\n<meta property=\"og:locale\" content=\"es_ES\" \/>\n<meta property=\"og:type\" content=\"article\" \/>\n<meta property=\"og:title\" content=\"Comer alrededor del Barrio Latino - Bastille Hostel - Albergue Juvenil en Paris\" \/>\n<meta property=\"og:description\" content=\"Encontrar el lugar adecuado para una comida agradable con amigos no es tan f\u00e1cil aqu\u00ed. Es mejor evitar la rue de la Harpe y Huchette, que han sido invadidas por restaurantes trampa para turistas.\" \/>\n<meta property=\"og:url\" content=\"https:\/\/www.bastillehostel.com\/es\/buenos-planes-en-paris\/discover-latin-quarter\/comer-alrededor-del-barrio-latino\/\" \/>\n<meta property=\"og:site_name\" content=\"Bastille Hostel - Albergue Juvenil en Paris\" \/>\n<meta property=\"article:modified_time\" content=\"2023-05-04T12:37:31+00:00\" \/>\n<meta property=\"og:image\" content=\"https:\/\/www.bastillehostel.com\/wp-content\/uploads\/2013\/10\/patisserie-viennoise.jpg\" \/>\n<meta name=\"twitter:card\" content=\"summary_large_image\" \/>\n<meta name=\"twitter:label1\" content=\"Tiempo de lectura\" \/>\n\t<meta name=\"twitter:data1\" content=\"4 minutos\" \/>\n<script type=\"application\/ld+json\" class=\"yoast-schema-graph\">{\"@context\":\"https:\\\/\\\/schema.org\",\"@graph\":[{\"@type\":\"WebPage\",\"@id\":\"https:\\\/\\\/www.bastillehostel.com\\\/es\\\/buenos-planes-en-paris\\\/discover-latin-quarter\\\/comer-alrededor-del-barrio-latino\\\/\",\"url\":\"https:\\\/\\\/www.bastillehostel.com\\\/es\\\/buenos-planes-en-paris\\\/discover-latin-quarter\\\/comer-alrededor-del-barrio-latino\\\/\",\"name\":\"Comer alrededor del Barrio Latino - Bastille Hostel - Albergue Juvenil en Paris\",\"isPartOf\":{\"@id\":\"https:\\\/\\\/www.bastillehostel.com\\\/fr\\\/#website\"},\"primaryImageOfPage\":{\"@id\":\"https:\\\/\\\/www.bastillehostel.com\\\/es\\\/buenos-planes-en-paris\\\/discover-latin-quarter\\\/comer-alrededor-del-barrio-latino\\\/#primaryimage\"},\"image\":{\"@id\":\"https:\\\/\\\/www.bastillehostel.com\\\/es\\\/buenos-planes-en-paris\\\/discover-latin-quarter\\\/comer-alrededor-del-barrio-latino\\\/#primaryimage\"},\"thumbnailUrl\":\"https:\\\/\\\/www.bastillehostel.com\\\/wp-content\\\/uploads\\\/2013\\\/10\\\/patisserie-viennoise.jpg\",\"datePublished\":\"2023-05-04T12:31:30+00:00\",\"dateModified\":\"2023-05-04T12:37:31+00:00\",\"breadcrumb\":{\"@id\":\"https:\\\/\\\/www.bastillehostel.com\\\/es\\\/buenos-planes-en-paris\\\/discover-latin-quarter\\\/comer-alrededor-del-barrio-latino\\\/#breadcrumb\"},\"inLanguage\":\"es\",\"potentialAction\":[{\"@type\":\"ReadAction\",\"target\":[\"https:\\\/\\\/www.bastillehostel.com\\\/es\\\/buenos-planes-en-paris\\\/discover-latin-quarter\\\/comer-alrededor-del-barrio-latino\\\/\"]}]},{\"@type\":\"ImageObject\",\"inLanguage\":\"es\",\"@id\":\"https:\\\/\\\/www.bastillehostel.com\\\/es\\\/buenos-planes-en-paris\\\/discover-latin-quarter\\\/comer-alrededor-del-barrio-latino\\\/#primaryimage\",\"url\":\"https:\\\/\\\/www.bastillehostel.com\\\/wp-content\\\/uploads\\\/2013\\\/10\\\/patisserie-viennoise.jpg\",\"contentUrl\":\"https:\\\/\\\/www.bastillehostel.com\\\/wp-content\\\/uploads\\\/2013\\\/10\\\/patisserie-viennoise.jpg\"},{\"@type\":\"BreadcrumbList\",\"@id\":\"https:\\\/\\\/www.bastillehostel.com\\\/es\\\/buenos-planes-en-paris\\\/discover-latin-quarter\\\/comer-alrededor-del-barrio-latino\\\/#breadcrumb\",\"itemListElement\":[{\"@type\":\"ListItem\",\"position\":1,\"name\":\"Home\",\"item\":\"https:\\\/\\\/www.bastillehostel.com\\\/es\\\/\"},{\"@type\":\"ListItem\",\"position\":2,\"name\":\"Los buenos planes en Par\u00eds\",\"item\":\"https:\\\/\\\/www.bastillehostel.com\\\/es\\\/buenos-planes-en-paris\\\/\"},{\"@type\":\"ListItem\",\"position\":3,\"name\":\"Discover Latin Quarter\",\"item\":\"https:\\\/\\\/www.bastillehostel.com\\\/es\\\/buenos-planes-en-paris\\\/discover-latin-quarter\\\/\"},{\"@type\":\"ListItem\",\"position\":4,\"name\":\"Comer alrededor del Barrio Latino\"}]},{\"@type\":\"WebSite\",\"@id\":\"https:\\\/\\\/www.bastillehostel.com\\\/fr\\\/#website\",\"url\":\"https:\\\/\\\/www.bastillehostel.com\\\/fr\\\/\",\"name\":\"Bastille Hostel - Albergue Juvenil en Paris\",\"description\":\"Bastille Hostel - Albergue Juvenil en Paris\",\"potentialAction\":[{\"@type\":\"SearchAction\",\"target\":{\"@type\":\"EntryPoint\",\"urlTemplate\":\"https:\\\/\\\/www.bastillehostel.com\\\/fr\\\/?s={search_term_string}\"},\"query-input\":{\"@type\":\"PropertyValueSpecification\",\"valueRequired\":true,\"valueName\":\"search_term_string\"}}],\"inLanguage\":\"es\"}]}<\/script>\n<!-- \/ Yoast SEO plugin. -->","yoast_head_json":{"title":"Comer alrededor del Barrio Latino - Bastille Hostel - Albergue Juvenil en Paris","robots":{"index":"index","follow":"follow","max-snippet":"max-snippet:-1","max-image-preview":"max-image-preview:large","max-video-preview":"max-video-preview:-1"},"canonical":"https:\/\/www.bastillehostel.com\/es\/buenos-planes-en-paris\/discover-latin-quarter\/comer-alrededor-del-barrio-latino\/","og_locale":"es_ES","og_type":"article","og_title":"Comer alrededor del Barrio Latino - Bastille Hostel - Albergue Juvenil en Paris","og_description":"Encontrar el lugar adecuado para una comida agradable con amigos no es tan f\u00e1cil aqu\u00ed. Es mejor evitar la rue de la Harpe y Huchette, que han sido invadidas por restaurantes trampa para turistas.","og_url":"https:\/\/www.bastillehostel.com\/es\/buenos-planes-en-paris\/discover-latin-quarter\/comer-alrededor-del-barrio-latino\/","og_site_name":"Bastille Hostel - Albergue Juvenil en Paris","article_modified_time":"2023-05-04T12:37:31+00:00","og_image":[{"url":"https:\/\/www.bastillehostel.com\/wp-content\/uploads\/2013\/10\/patisserie-viennoise.jpg","type":"","width":"","height":""}],"twitter_card":"summary_large_image","twitter_misc":{"Tiempo de lectura":"4 minutos"},"schema":{"@context":"https:\/\/schema.org","@graph":[{"@type":"WebPage","@id":"https:\/\/www.bastillehostel.com\/es\/buenos-planes-en-paris\/discover-latin-quarter\/comer-alrededor-del-barrio-latino\/","url":"https:\/\/www.bastillehostel.com\/es\/buenos-planes-en-paris\/discover-latin-quarter\/comer-alrededor-del-barrio-latino\/","name":"Comer alrededor del Barrio Latino - Bastille Hostel - Albergue Juvenil en Paris","isPartOf":{"@id":"https:\/\/www.bastillehostel.com\/fr\/#website"},"primaryImageOfPage":{"@id":"https:\/\/www.bastillehostel.com\/es\/buenos-planes-en-paris\/discover-latin-quarter\/comer-alrededor-del-barrio-latino\/#primaryimage"},"image":{"@id":"https:\/\/www.bastillehostel.com\/es\/buenos-planes-en-paris\/discover-latin-quarter\/comer-alrededor-del-barrio-latino\/#primaryimage"},"thumbnailUrl":"https:\/\/www.bastillehostel.com\/wp-content\/uploads\/2013\/10\/patisserie-viennoise.jpg","datePublished":"2023-05-04T12:31:30+00:00","dateModified":"2023-05-04T12:37:31+00:00","breadcrumb":{"@id":"https:\/\/www.bastillehostel.com\/es\/buenos-planes-en-paris\/discover-latin-quarter\/comer-alrededor-del-barrio-latino\/#breadcrumb"},"inLanguage":"es","potentialAction":[{"@type":"ReadAction","target":["https:\/\/www.bastillehostel.com\/es\/buenos-planes-en-paris\/discover-latin-quarter\/comer-alrededor-del-barrio-latino\/"]}]},{"@type":"ImageObject","inLanguage":"es","@id":"https:\/\/www.bastillehostel.com\/es\/buenos-planes-en-paris\/discover-latin-quarter\/comer-alrededor-del-barrio-latino\/#primaryimage","url":"https:\/\/www.bastillehostel.com\/wp-content\/uploads\/2013\/10\/patisserie-viennoise.jpg","contentUrl":"https:\/\/www.bastillehostel.com\/wp-content\/uploads\/2013\/10\/patisserie-viennoise.jpg"},{"@type":"BreadcrumbList","@id":"https:\/\/www.bastillehostel.com\/es\/buenos-planes-en-paris\/discover-latin-quarter\/comer-alrededor-del-barrio-latino\/#breadcrumb","itemListElement":[{"@type":"ListItem","position":1,"name":"Home","item":"https:\/\/www.bastillehostel.com\/es\/"},{"@type":"ListItem","position":2,"name":"Los buenos planes en Par\u00eds","item":"https:\/\/www.bastillehostel.com\/es\/buenos-planes-en-paris\/"},{"@type":"ListItem","position":3,"name":"Discover Latin Quarter","item":"https:\/\/www.bastillehostel.com\/es\/buenos-planes-en-paris\/discover-latin-quarter\/"},{"@type":"ListItem","position":4,"name":"Comer alrededor del Barrio Latino"}]},{"@type":"WebSite","@id":"https:\/\/www.bastillehostel.com\/fr\/#website","url":"https:\/\/www.bastillehostel.com\/fr\/","name":"Bastille Hostel - Albergue Juvenil en Paris","description":"Bastille Hostel - Albergue Juvenil en Paris","potentialAction":[{"@type":"SearchAction","target":{"@type":"EntryPoint","urlTemplate":"https:\/\/www.bastillehostel.com\/fr\/?s={search_term_string}"},"query-input":{"@type":"PropertyValueSpecification","valueRequired":true,"valueName":"search_term_string"}}],"inLanguage":"es"}]}},"_links":{"self":[{"href":"https:\/\/www.bastillehostel.com\/es\/wp-json\/wp\/v2\/pages\/5746","targetHints":{"allow":["GET"]}}],"collection":[{"href":"https:\/\/www.bastillehostel.com\/es\/wp-json\/wp\/v2\/pages"}],"about":[{"href":"https:\/\/www.bastillehostel.com\/es\/wp-json\/wp\/v2\/types\/page"}],"author":[{"embeddable":true,"href":"https:\/\/www.bastillehostel.com\/es\/wp-json\/wp\/v2\/users\/6"}],"replies":[{"embeddable":true,"href":"https:\/\/www.bastillehostel.com\/es\/wp-json\/wp\/v2\/comments?post=5746"}],"version-history":[{"count":5,"href":"https:\/\/www.bastillehostel.com\/es\/wp-json\/wp\/v2\/pages\/5746\/revisions"}],"predecessor-version":[{"id":5762,"href":"https:\/\/www.bastillehostel.com\/es\/wp-json\/wp\/v2\/pages\/5746\/revisions\/5762"}],"up":[{"embeddable":true,"href":"https:\/\/www.bastillehostel.com\/es\/wp-json\/wp\/v2\/pages\/5654"}],"wp:attachment":[{"href":"https:\/\/www.bastillehostel.com\/es\/wp-json\/wp\/v2\/media?parent=5746"}],"curies":[{"name":"wp","href":"https:\/\/api.w.org\/{rel}","templated":true}]}}