{"id":5740,"date":"2023-05-04T14:30:05","date_gmt":"2023-05-04T12:30:05","guid":{"rendered":"https:\/\/www.bastillehostel.com\/?page_id=5740"},"modified":"2023-05-04T14:38:50","modified_gmt":"2023-05-04T12:38:50","slug":"sala-de-conciertos-en-el-barrio-latino","status":"publish","type":"page","link":"https:\/\/www.bastillehostel.com\/es\/buenos-planes-en-paris\/discover-latin-quarter\/sala-de-conciertos-en-el-barrio-latino\/","title":{"rendered":"Sala de conciertos en el Barrio Latino"},"content":{"rendered":"<p>Las salas de conciertos no tur\u00edsticas del Barrio Latino, con sus ambientes peque\u00f1os y discretos, son la elecci\u00f3n de los asiduos. Las direcciones sugeridas aqu\u00ed son las guaridas de los noct\u00e1mbulos debido a sus altas horas: aqu\u00ed la m\u00fasica comienza cuando todo alrededor se ha detenido.<\/p>\n<div class=\"clear\"><\/div>\n<div class=\"one_half\">\n<h4 class=\"title\"><img decoding=\"async\" class=\"alignleft size-full wp-image-614\" alt=\"la pomme d'\u00e8ve\" src=\"https:\/\/www.bastillehostel.com\/wp-content\/uploads\/2013\/10\/la-pomme-deve.jpg\" width=\"150\" height=\"150\" \/><a href=\"http:\/\/www.lapommedeve.com\/\" target=\"_blank\" rel=\"noopener\">La Pomme d\u2019\u00c8ve\u00a0<\/a><\/h4>\n<p><strong>1 rue Laplace &#8211; 75005 Par\u00eds &#8211; Metro: Maubert-Mutualit\u00e9<br \/><\/strong><\/p>\n<p>El \u00fanico bar sudafricano de la capital cobra vida por la noche cuando su impresionante bodega abovedada del siglo XII, casi desierta a primera hora de la tarde, se llena de j\u00f3venes juerguistas que acuden a tomar una \u00faltima copa en un ambiente g\u00f3tico chic. Es un sports bar \u2013 puedes ver cualquier tipo de evento deportivo en la pantalla grande \u2013 el programa Pomme d\u2019Eve tambi\u00e9n ofrece conciertos de jazz, blues, folk y bossa nova durante la semana.<\/p>\n<p>&nbsp;<\/p>\n<\/div>\n<div class=\"one_half last_column\">\n<h4 class=\"title\"><img decoding=\"async\" class=\"alignleft size-full wp-image-620\" alt=\"polly maggo\" src=\"https:\/\/www.bastillehostel.com\/wp-content\/uploads\/2013\/10\/polly-maggo.jpg\" width=\"150\" height=\"150\" \/><a href=\"http:\/\/pollymaggoo.org\/\" target=\"_blank\" rel=\"noopener\">Polly Maggoo <\/a><\/h4>\n<p><strong>1 rue Laplace &#8211; 75005 Paris &#8211; M\u00e9tro: Maubert-Mutualit\u00e9<br \/><\/strong><\/p>\n<p>Ese insalubre boozer para noct\u00e1mbulos convertido en un bar de tapas lleno de colores vivos y con una fachada hipergestionada. \u00bfPolly Magoo ha traicionado a sus clientes habituales? No, los b\u00fahos siguen siendo bienvenidos en los conciertos (pop rock, latino o franc\u00e9s) los viernes y s\u00e1bados, que a veces duran hasta las 5 de la ma\u00f1ana. En Polly, el ambiente no es puramente estudiantil, pero el sonido es bueno y hay m\u00fasicos talentosos. Para los amantes del jazz, la sesi\u00f3n de c\u00f3ctel de jazz del martes es imperdible.<\/p>\n<p>&nbsp;<\/p>\n<\/div>\n<div class=\"clear\"><\/div>\n<div class=\"clear\"><\/div>\n\t\t\t<style type=\"text\/css\">\n\t\t\t\t#content-block-background-1415 { background-image: url(); background-position: 50% 0; background-repeat: repeat; background-color: transparent; background-attachment: scroll; background-size: auto; }\n\t\t\t\t#content-block-body-1415 { padding: 40px 0; color: inherit; }\n\t\t\t\t.content-block-body { margin-left: auto; margin-right: auto; position: relative; }\n\t\t\t<\/style>\n\t\t\t\t\t\t\t<style type=\"text\/css\">\n\t\t\t\t\t#wrapper-1 { overflow-x: hidden; }\n\t\t\t\t\t#content-block-background-1415 { margin: 0 -10000px; padding: 0 10000px; }\n\t\t\t\t<\/style>\n\t\t\t\n\t\t\t\t\t\t<script type=\"text\/javascript\">\n\t\t\t\t\/\/ <![CDATA[\n\t\t\t\tjQuery(document).ready(function($){\n\t\t\t\t\t\"use strict\";\n\t\t\t\t\tif( ! $(\"body\").hasClass( \"mobile-detected\" ) ){\n\t\t\t\t\t\t$(\"#content-block-background-\"+1415).each(function(){\n\t\t\t\t\t\t\tvar $bgobj = $(this); \/\/ Assigning the object.\n\t\t\t\t\t\t\tvar xPos = '50%'; \/\/ x bg position value from the user shortcode.\n\t\t\t\t\t\t\t$(window).scroll(function() {\n\t\t\t\t\t\t\t\tvar yPos = -($(window).scrollTop() \/ 3);\n\t\t\t\t\t\t\t\t\/\/ Put together our final background position.\n\t\t\t\t\t\t\t\tvar coords = xPos+' '+yPos+'px';\n\t\t\t\t\t\t\t\t\/\/ Move the background.\n\t\t\t\t\t\t\t\t$bgobj.css({ backgroundPosition: coords });\n\t\t\t\t\t\t\t});\n\t\t\t\t\t\t});\n\t\t\t\t\t}\n\t\t\t\t});\n\t\t\t\t\/\/ ]]>\n\t\t\t<\/script>\n\t\t\t\n\t\t\t<div class=\"clear\"><\/div>\n\t\t\t<div id=\"content-block-background-1415\" class=\"content-block-background \">\n\t\t\t\t<div id=\"content-block-body-1415\" class=\"content-block-body\">\n\t\t\t\t\t<div class=\"clear\"><\/div>\n\t\t\t\t\t\n<div class=\"one_third\">\n<a class=\"btn orange survol\" href=\"https:\/\/www.bastillehostel.com\/es\/buenos-planes-en-paris\/discover-latin-quarter\/bares-alrededor-del-barrio-latino\/\"> <i class=\"fa fa- glass\" aria-hidden=\"true\"><\/i>\u00a0Bares alrededor del Barrio Latino &gt;<\/a><br \/>\n<a class=\"btn orange survol\" href=\"https:\/\/www.bastillehostel.com\/es\/buenos-planes-en-paris\/discover-latin-quarter\/comer-alrededor-del-barrio-latino\/\"><i class=\"fa fa- cuberter\u00eda\" aria-hidden=\"true\"><\/i>\u00a0Comer en el Barrio Latino &gt;<\/a><br \/>\n<\/div>\n<div class=\"one_third\">\n<a class=\"btn orange survol\" href=\"https:\/\/www.bastillehostel.com\/es\/buenos-planes-en-paris\/discover-latin-quarter\/bailar-por-el-barrio-latino\/\"><i class=\"fa fa- m\u00fasica\" aria-hidden=\"true\"><\/i>\u00a0Baile por el Barrio Latino &gt;<\/a><br \/>\n<a class=\"btn orange survol\" href=\"https:\/\/www.bastillehostel.com\/es\/buenos-planes-en-paris\/discover-latin-quarter\/sala-de-conciertos-en-el-barrio-latino\/\"><i class=\"fa fa-music\" aria-hidden=\"true\"><\/i>\u00a0Salas de conciertos en el Barrio Latino&gt;<\/a><br \/>\n<\/div>\n<div class=\"one_third last_column\">\n<a class=\"btn orange survol\" href=\"https:\/\/www.bastillehostel.com\/es\/buenos-planes-en-paris\/discover-latin-quarter\/muevete-por-el-barrio-latino\/\"><i class=\"fa fa-bicycle\" aria-hidden=\"true\"><\/i>Mu\u00e9vete por el Barrio Latino &gt;<\/a><\/p>\n<\/div>\n\t\t\t\t\t<div class=\"clear\"><\/div>\n\t\t\t\t<\/div>\n\t\t\t<\/div>\n\t\t\t<div class=\"clear\"><\/div>\n\t\t\t\n","protected":false},"excerpt":{"rendered":"<p>Las salas de conciertos no tur\u00edsticas del Barrio Latino, con sus ambientes peque\u00f1os y discretos, son la elecci\u00f3n de los asiduos. Las direcciones sugeridas aqu\u00ed son las guaridas de los noct\u00e1mbulos debido a sus altas horas: aqu\u00ed la m\u00fasica comienza cuando todo alrededor se ha detenido.<\/p>\n","protected":false},"author":6,"featured_media":0,"parent":5654,"menu_order":0,"comment_status":"closed","ping_status":"closed","template":"","meta":{"footnotes":""},"class_list":["post-5740","page","type-page","status-publish","hentry"],"yoast_head":"<!-- This site is optimized with the Yoast SEO plugin v27.6 - https:\/\/yoast.com\/product\/yoast-seo-wordpress\/ -->\n<title>Sala de conciertos en el Barrio Latino - Bastille Hostel - Albergue Juvenil en Paris<\/title>\n<meta name=\"robots\" content=\"index, follow, max-snippet:-1, max-image-preview:large, max-video-preview:-1\" \/>\n<link rel=\"canonical\" href=\"https:\/\/www.bastillehostel.com\/es\/buenos-planes-en-paris\/discover-latin-quarter\/sala-de-conciertos-en-el-barrio-latino\/\" \/>\n<meta property=\"og:locale\" content=\"es_ES\" \/>\n<meta property=\"og:type\" content=\"article\" \/>\n<meta property=\"og:title\" content=\"Sala de conciertos en el Barrio Latino - Bastille Hostel - Albergue Juvenil en Paris\" \/>\n<meta property=\"og:description\" content=\"Las salas de conciertos no tur\u00edsticas del Barrio Latino, con sus ambientes peque\u00f1os y discretos, son la elecci\u00f3n de los asiduos. Las direcciones sugeridas aqu\u00ed son las guaridas de los noct\u00e1mbulos debido a sus altas horas: aqu\u00ed la m\u00fasica comienza cuando todo alrededor se ha detenido.\" \/>\n<meta property=\"og:url\" content=\"https:\/\/www.bastillehostel.com\/es\/buenos-planes-en-paris\/discover-latin-quarter\/sala-de-conciertos-en-el-barrio-latino\/\" \/>\n<meta property=\"og:site_name\" content=\"Bastille Hostel - Albergue Juvenil en Paris\" \/>\n<meta property=\"article:modified_time\" content=\"2023-05-04T12:38:50+00:00\" \/>\n<meta property=\"og:image\" content=\"https:\/\/www.bastillehostel.com\/wp-content\/uploads\/2013\/10\/la-pomme-deve.jpg\" \/>\n<meta name=\"twitter:card\" content=\"summary_large_image\" \/>\n<meta name=\"twitter:label1\" content=\"Tiempo de lectura\" \/>\n\t<meta name=\"twitter:data1\" content=\"2 minutos\" \/>\n<script type=\"application\/ld+json\" class=\"yoast-schema-graph\">{\"@context\":\"https:\\\/\\\/schema.org\",\"@graph\":[{\"@type\":\"WebPage\",\"@id\":\"https:\\\/\\\/www.bastillehostel.com\\\/es\\\/buenos-planes-en-paris\\\/discover-latin-quarter\\\/sala-de-conciertos-en-el-barrio-latino\\\/\",\"url\":\"https:\\\/\\\/www.bastillehostel.com\\\/es\\\/buenos-planes-en-paris\\\/discover-latin-quarter\\\/sala-de-conciertos-en-el-barrio-latino\\\/\",\"name\":\"Sala de conciertos en el Barrio Latino - Bastille Hostel - Albergue Juvenil en Paris\",\"isPartOf\":{\"@id\":\"https:\\\/\\\/www.bastillehostel.com\\\/fr\\\/#website\"},\"primaryImageOfPage\":{\"@id\":\"https:\\\/\\\/www.bastillehostel.com\\\/es\\\/buenos-planes-en-paris\\\/discover-latin-quarter\\\/sala-de-conciertos-en-el-barrio-latino\\\/#primaryimage\"},\"image\":{\"@id\":\"https:\\\/\\\/www.bastillehostel.com\\\/es\\\/buenos-planes-en-paris\\\/discover-latin-quarter\\\/sala-de-conciertos-en-el-barrio-latino\\\/#primaryimage\"},\"thumbnailUrl\":\"https:\\\/\\\/www.bastillehostel.com\\\/wp-content\\\/uploads\\\/2013\\\/10\\\/la-pomme-deve.jpg\",\"datePublished\":\"2023-05-04T12:30:05+00:00\",\"dateModified\":\"2023-05-04T12:38:50+00:00\",\"breadcrumb\":{\"@id\":\"https:\\\/\\\/www.bastillehostel.com\\\/es\\\/buenos-planes-en-paris\\\/discover-latin-quarter\\\/sala-de-conciertos-en-el-barrio-latino\\\/#breadcrumb\"},\"inLanguage\":\"es\",\"potentialAction\":[{\"@type\":\"ReadAction\",\"target\":[\"https:\\\/\\\/www.bastillehostel.com\\\/es\\\/buenos-planes-en-paris\\\/discover-latin-quarter\\\/sala-de-conciertos-en-el-barrio-latino\\\/\"]}]},{\"@type\":\"ImageObject\",\"inLanguage\":\"es\",\"@id\":\"https:\\\/\\\/www.bastillehostel.com\\\/es\\\/buenos-planes-en-paris\\\/discover-latin-quarter\\\/sala-de-conciertos-en-el-barrio-latino\\\/#primaryimage\",\"url\":\"https:\\\/\\\/www.bastillehostel.com\\\/wp-content\\\/uploads\\\/2013\\\/10\\\/la-pomme-deve.jpg\",\"contentUrl\":\"https:\\\/\\\/www.bastillehostel.com\\\/wp-content\\\/uploads\\\/2013\\\/10\\\/la-pomme-deve.jpg\"},{\"@type\":\"BreadcrumbList\",\"@id\":\"https:\\\/\\\/www.bastillehostel.com\\\/es\\\/buenos-planes-en-paris\\\/discover-latin-quarter\\\/sala-de-conciertos-en-el-barrio-latino\\\/#breadcrumb\",\"itemListElement\":[{\"@type\":\"ListItem\",\"position\":1,\"name\":\"Home\",\"item\":\"https:\\\/\\\/www.bastillehostel.com\\\/es\\\/\"},{\"@type\":\"ListItem\",\"position\":2,\"name\":\"Los buenos planes en Par\u00eds\",\"item\":\"https:\\\/\\\/www.bastillehostel.com\\\/es\\\/buenos-planes-en-paris\\\/\"},{\"@type\":\"ListItem\",\"position\":3,\"name\":\"Discover Latin Quarter\",\"item\":\"https:\\\/\\\/www.bastillehostel.com\\\/es\\\/buenos-planes-en-paris\\\/discover-latin-quarter\\\/\"},{\"@type\":\"ListItem\",\"position\":4,\"name\":\"Sala de conciertos en el Barrio Latino\"}]},{\"@type\":\"WebSite\",\"@id\":\"https:\\\/\\\/www.bastillehostel.com\\\/fr\\\/#website\",\"url\":\"https:\\\/\\\/www.bastillehostel.com\\\/fr\\\/\",\"name\":\"Bastille Hostel - Albergue Juvenil en Paris\",\"description\":\"Bastille Hostel - Albergue Juvenil en Paris\",\"potentialAction\":[{\"@type\":\"SearchAction\",\"target\":{\"@type\":\"EntryPoint\",\"urlTemplate\":\"https:\\\/\\\/www.bastillehostel.com\\\/fr\\\/?s={search_term_string}\"},\"query-input\":{\"@type\":\"PropertyValueSpecification\",\"valueRequired\":true,\"valueName\":\"search_term_string\"}}],\"inLanguage\":\"es\"}]}<\/script>\n<!-- \/ Yoast SEO plugin. -->","yoast_head_json":{"title":"Sala de conciertos en el Barrio Latino - Bastille Hostel - Albergue Juvenil en Paris","robots":{"index":"index","follow":"follow","max-snippet":"max-snippet:-1","max-image-preview":"max-image-preview:large","max-video-preview":"max-video-preview:-1"},"canonical":"https:\/\/www.bastillehostel.com\/es\/buenos-planes-en-paris\/discover-latin-quarter\/sala-de-conciertos-en-el-barrio-latino\/","og_locale":"es_ES","og_type":"article","og_title":"Sala de conciertos en el Barrio Latino - Bastille Hostel - Albergue Juvenil en Paris","og_description":"Las salas de conciertos no tur\u00edsticas del Barrio Latino, con sus ambientes peque\u00f1os y discretos, son la elecci\u00f3n de los asiduos. Las direcciones sugeridas aqu\u00ed son las guaridas de los noct\u00e1mbulos debido a sus altas horas: aqu\u00ed la m\u00fasica comienza cuando todo alrededor se ha detenido.","og_url":"https:\/\/www.bastillehostel.com\/es\/buenos-planes-en-paris\/discover-latin-quarter\/sala-de-conciertos-en-el-barrio-latino\/","og_site_name":"Bastille Hostel - Albergue Juvenil en Paris","article_modified_time":"2023-05-04T12:38:50+00:00","og_image":[{"url":"https:\/\/www.bastillehostel.com\/wp-content\/uploads\/2013\/10\/la-pomme-deve.jpg","type":"","width":"","height":""}],"twitter_card":"summary_large_image","twitter_misc":{"Tiempo de lectura":"2 minutos"},"schema":{"@context":"https:\/\/schema.org","@graph":[{"@type":"WebPage","@id":"https:\/\/www.bastillehostel.com\/es\/buenos-planes-en-paris\/discover-latin-quarter\/sala-de-conciertos-en-el-barrio-latino\/","url":"https:\/\/www.bastillehostel.com\/es\/buenos-planes-en-paris\/discover-latin-quarter\/sala-de-conciertos-en-el-barrio-latino\/","name":"Sala de conciertos en el Barrio Latino - Bastille Hostel - Albergue Juvenil en Paris","isPartOf":{"@id":"https:\/\/www.bastillehostel.com\/fr\/#website"},"primaryImageOfPage":{"@id":"https:\/\/www.bastillehostel.com\/es\/buenos-planes-en-paris\/discover-latin-quarter\/sala-de-conciertos-en-el-barrio-latino\/#primaryimage"},"image":{"@id":"https:\/\/www.bastillehostel.com\/es\/buenos-planes-en-paris\/discover-latin-quarter\/sala-de-conciertos-en-el-barrio-latino\/#primaryimage"},"thumbnailUrl":"https:\/\/www.bastillehostel.com\/wp-content\/uploads\/2013\/10\/la-pomme-deve.jpg","datePublished":"2023-05-04T12:30:05+00:00","dateModified":"2023-05-04T12:38:50+00:00","breadcrumb":{"@id":"https:\/\/www.bastillehostel.com\/es\/buenos-planes-en-paris\/discover-latin-quarter\/sala-de-conciertos-en-el-barrio-latino\/#breadcrumb"},"inLanguage":"es","potentialAction":[{"@type":"ReadAction","target":["https:\/\/www.bastillehostel.com\/es\/buenos-planes-en-paris\/discover-latin-quarter\/sala-de-conciertos-en-el-barrio-latino\/"]}]},{"@type":"ImageObject","inLanguage":"es","@id":"https:\/\/www.bastillehostel.com\/es\/buenos-planes-en-paris\/discover-latin-quarter\/sala-de-conciertos-en-el-barrio-latino\/#primaryimage","url":"https:\/\/www.bastillehostel.com\/wp-content\/uploads\/2013\/10\/la-pomme-deve.jpg","contentUrl":"https:\/\/www.bastillehostel.com\/wp-content\/uploads\/2013\/10\/la-pomme-deve.jpg"},{"@type":"BreadcrumbList","@id":"https:\/\/www.bastillehostel.com\/es\/buenos-planes-en-paris\/discover-latin-quarter\/sala-de-conciertos-en-el-barrio-latino\/#breadcrumb","itemListElement":[{"@type":"ListItem","position":1,"name":"Home","item":"https:\/\/www.bastillehostel.com\/es\/"},{"@type":"ListItem","position":2,"name":"Los buenos planes en Par\u00eds","item":"https:\/\/www.bastillehostel.com\/es\/buenos-planes-en-paris\/"},{"@type":"ListItem","position":3,"name":"Discover Latin Quarter","item":"https:\/\/www.bastillehostel.com\/es\/buenos-planes-en-paris\/discover-latin-quarter\/"},{"@type":"ListItem","position":4,"name":"Sala de conciertos en el Barrio Latino"}]},{"@type":"WebSite","@id":"https:\/\/www.bastillehostel.com\/fr\/#website","url":"https:\/\/www.bastillehostel.com\/fr\/","name":"Bastille Hostel - Albergue Juvenil en Paris","description":"Bastille Hostel - Albergue Juvenil en Paris","potentialAction":[{"@type":"SearchAction","target":{"@type":"EntryPoint","urlTemplate":"https:\/\/www.bastillehostel.com\/fr\/?s={search_term_string}"},"query-input":{"@type":"PropertyValueSpecification","valueRequired":true,"valueName":"search_term_string"}}],"inLanguage":"es"}]}},"_links":{"self":[{"href":"https:\/\/www.bastillehostel.com\/es\/wp-json\/wp\/v2\/pages\/5740","targetHints":{"allow":["GET"]}}],"collection":[{"href":"https:\/\/www.bastillehostel.com\/es\/wp-json\/wp\/v2\/pages"}],"about":[{"href":"https:\/\/www.bastillehostel.com\/es\/wp-json\/wp\/v2\/types\/page"}],"author":[{"embeddable":true,"href":"https:\/\/www.bastillehostel.com\/es\/wp-json\/wp\/v2\/users\/6"}],"replies":[{"embeddable":true,"href":"https:\/\/www.bastillehostel.com\/es\/wp-json\/wp\/v2\/comments?post=5740"}],"version-history":[{"count":5,"href":"https:\/\/www.bastillehostel.com\/es\/wp-json\/wp\/v2\/pages\/5740\/revisions"}],"predecessor-version":[{"id":5766,"href":"https:\/\/www.bastillehostel.com\/es\/wp-json\/wp\/v2\/pages\/5740\/revisions\/5766"}],"up":[{"embeddable":true,"href":"https:\/\/www.bastillehostel.com\/es\/wp-json\/wp\/v2\/pages\/5654"}],"wp:attachment":[{"href":"https:\/\/www.bastillehostel.com\/es\/wp-json\/wp\/v2\/media?parent=5740"}],"curies":[{"name":"wp","href":"https:\/\/api.w.org\/{rel}","templated":true}]}}