{"id":5737,"date":"2023-05-04T14:29:31","date_gmt":"2023-05-04T12:29:31","guid":{"rendered":"https:\/\/www.bastillehostel.com\/?page_id=5737"},"modified":"2023-05-04T14:40:58","modified_gmt":"2023-05-04T12:40:58","slug":"bares-alrededor-del-barrio-latino","status":"publish","type":"page","link":"https:\/\/www.bastillehostel.com\/es\/buenos-planes-en-paris\/discover-latin-quarter\/bares-alrededor-del-barrio-latino\/","title":{"rendered":"Bares alrededor del Barrio Latino"},"content":{"rendered":"<p>\u00a1Tendr\u00e1 muchas opciones para elegir! Bares tem\u00e1ticos, sports bars, pubs tradicionales, tradicionales caf\u00e9s parisinos revestidos de carteles antiguos\u2026 el coraz\u00f3n del barrio estudiantil, la zona entre la Sorbona y el Pante\u00f3n, es el reino de los bares con copas baratas y un ambiente s\u00faper festivo. Los locales nocturnos clave incluyen: rue de la Montagne-Sainte-Genevi\u00e8ve, Rue Mouffetard y, para terminar, place de la Counterscarp con un poco de mousse.<\/p>\n\t\t\t<style type=\"text\/css\">\n\t\t\t\t#content-block-background-1570 { background-image: url(); background-position: 50% 0; background-repeat: repeat; background-color: transparent; background-attachment: scroll; background-size: auto; }\n\t\t\t\t#content-block-body-1570 { padding: 40px 0; color: inherit; }\n\t\t\t\t.content-block-body { margin-left: auto; margin-right: auto; position: relative; }\n\t\t\t<\/style>\n\t\t\t\t\t\t\t<style type=\"text\/css\">\n\t\t\t\t\t#wrapper-1 { overflow-x: hidden; }\n\t\t\t\t\t#content-block-background-1570 { margin: 0 -10000px; padding: 0 10000px; }\n\t\t\t\t<\/style>\n\t\t\t\n\t\t\t\t\t\t<script type=\"text\/javascript\">\n\t\t\t\t\/\/ <![CDATA[\n\t\t\t\tjQuery(document).ready(function($){\n\t\t\t\t\t\"use strict\";\n\t\t\t\t\tif( ! $(\"body\").hasClass( \"mobile-detected\" ) ){\n\t\t\t\t\t\t$(\"#content-block-background-\"+1570).each(function(){\n\t\t\t\t\t\t\tvar $bgobj = $(this); \/\/ Assigning the object.\n\t\t\t\t\t\t\tvar xPos = '50%'; \/\/ x bg position value from the user shortcode.\n\t\t\t\t\t\t\t$(window).scroll(function() {\n\t\t\t\t\t\t\t\tvar yPos = -($(window).scrollTop() \/ 3);\n\t\t\t\t\t\t\t\t\/\/ Put together our final background position.\n\t\t\t\t\t\t\t\tvar coords = xPos+' '+yPos+'px';\n\t\t\t\t\t\t\t\t\/\/ Move the background.\n\t\t\t\t\t\t\t\t$bgobj.css({ backgroundPosition: coords });\n\t\t\t\t\t\t\t});\n\t\t\t\t\t\t});\n\t\t\t\t\t}\n\t\t\t\t});\n\t\t\t\t\/\/ ]]>\n\t\t\t<\/script>\n\t\t\t\n\t\t\t<div class=\"clear\"><\/div>\n\t\t\t<div id=\"content-block-background-1570\" class=\"content-block-background \">\n\t\t\t\t<div id=\"content-block-body-1570\" class=\"content-block-body\">\n\t\t\t\t\t<div class=\"clear\"><\/div>\n\t\t\t\t\t\n<div class=\"one_fourth\">\n<img decoding=\"async\" class=\"aligncenter size-full wp-image-632\" alt=\"le reflet\" src=\"https:\/\/www.bastillehostel.com\/wp-content\/uploads\/2013\/10\/le-reflet.jpg\" width=\"150\" height=\"150\" \/><\/p>\n<h4 class=\"title\"><a href=\"https:\/\/www.google.fr\/maps\/uv?hl=fr&#038;pb=!1s0x47e671dd986aaa5f:0x79c9db9f90b3a764!2m22!2m2!1i80!2i80!3m1!2i20!16m16!1b1!2m2!1m1!1e1!2m2!1m1!1e3!2m2!1m1!1e5!2m2!1m1!1e4!2m2!1m1!1e6!3m1!7e115!4zL21hcHMvcGxhY2UvbGUrcmVmbGV0KzYrUnVlK0NoYW1wb2xsaW9uKyVFMiU4MCU5Mys3NTAwNStQYXJpcyslRTIlODAlOTMrTSVDMyVBOXRybys6K0NsdW55LUxhLVNvcmJvbm5lL0A0OC44NDk2ODgxLDIuMzQyODMzOSwzYSw3NXksMzI0LjczaCw5MHQvZGF0YT0hM200ITFlMSEzbTIhMXNma3NVTHAxdzNVdThKSE4wUldQdTRRITJlMCE0bTIhM20xITFzMHg0N2U2NzFkZDk4NmFhYTVmOjB4NzljOWRiOWY5MGIzYTc2NA!5sle+reflet+6+Rue+Champollion+%E2%80%93+75005+Paris+%E2%80%93+M%C3%A9tro+:+Cluny-La-Sorbonne+-+Recherche+Google&#038;imagekey=!1e2!2sfksULp1w3Uu8JHN0RWPu4Q&#038;sa=X&#038;ved=0ahUKEwju7Kup0bzbAhXJPxQKHd8FCmoQpx8IpAEwCg\" target=\"_blank\" rel=\"noopener\">Le reflet <\/a><\/h4>\n<p><strong>6 Rue Champollion &#8211; 75005 Par\u00eds &#8211; Metro :\u00a0Cluny-La-Sorbonne<\/strong><\/p>\n<p>Si te gusta ser el centro de atenci\u00f3n (\u00a1literalmente!), el Reflet es el lugar para ti. Frente al cine de autor Reflet M\u00e9dici, este peque\u00f1o y acogedor bar, construido a modo de plat\u00f3 de cine, es ideal para tomar una copa, merendar al mediod\u00eda o leer un libro a solas entre clases. En un ambiente vagamente culto, la gente charla sobre arte y pol\u00edtica, rodeada de carteles de pel\u00edculas de culto, fotogramas y retratos de estrellas de cine.<\/p>\n<p>&nbsp;<\/p>\n<\/div>\n<div class=\"one_fourth\">\n <img decoding=\"async\" class=\"aligncenter size-full wp-image-801\" alt=\"le-tabac-de-la-sorbonne\" src=\"https:\/\/www.bastillehostel.com\/wp-content\/uploads\/2013\/10\/le-tabac-de-la-sorbonne.jpg\" width=\"150\" height=\"150\" \/><\/p>\n<h4 class=\"title\">Bar-Tabac de la Sorbonne<\/h4>\n<p><strong>7 place de la Sorbonne &#8211; 75005 Par\u00eds &#8211; Metro :\u00a0Cluny-La-Sorbonne<\/strong><\/p>\n<p>De cara a los primeros rayos del sol primaveral, la terraza del tabac de la Sorbonne es el lugar ideal para relajarse entre clases tomando un caf\u00e9 o un chocolate (olv\u00eddate de las comidas, son demasiado caros) con vistas a la plaza. Los camareros con librea blanca y negra a\u00f1aden una nota decimon\u00f3nica a este local ya cargado de historia.<\/p>\n<p>&nbsp;<\/p>\n<\/div>\n<div class=\"one_fourth\">\n<img decoding=\"async\" class=\"aligncenter size-full wp-image-802\" alt=\"madmakerpub\" src=\"https:\/\/www.bastillehostel.com\/wp-content\/uploads\/2013\/10\/madmakerpub.jpg\" width=\"150\" height=\"150\" \/><\/p>\n<h4 class=\"title\"><a href=\"http:\/\/www.madmaker.fr\/\" target=\"_blank\" rel=\"noopener\">Mad Maker Pub <\/a><\/h4>\n<p><strong>22 rue Cujas &#8211; 75005 Par\u00eds &#8211; Metro :\u00a0Cluny-La-Sorbonne<\/strong><\/p>\n<p>En la cueva oscura del pirata \u00abMad Maker\u00bb, las paredes est\u00e1n cubiertas con cartas n\u00e1uticas sacadas directamente de Treasure Island, las velas de un barco flotan en el techo y los marineros se api\u00f1an alrededor de barriles para beber cerveza. Aqu\u00ed, el mayor peligro viene en forma de taburetes altos que parecen haber sido hechos para provocar mareos. Hay una peque\u00f1a ventaja para los adictos al cigarrillo: una sala para fumadores abre a las 22:30.<\/p>\n<p>&nbsp;<\/p>\n<\/div>\n<div class=\"one_fourth last_column\">\n<img decoding=\"async\" class=\"aligncenter size-full wp-image-803\" alt=\"The Bombardier pub\" src=\"https:\/\/www.bastillehostel.com\/wp-content\/uploads\/2013\/10\/The-Bombardier-pub.jpg\" width=\"150\" height=\"150\" \/><\/p>\n<h4 class=\"title\">The bombardier <\/h4>\n<p><strong>2 place du panth\u00e9on &#8211; 75005 Paris &#8211; M\u00e9tro :\u00a0Cardinal-Lemoine<\/strong><\/p>\n<p>Al pasar por primera vez, los estudiantes del otro lado del Canal no dan cr\u00e9dito a sus ojos: \u00a1un aut\u00e9ntico pub ingl\u00e9s con mesas de madera, moqueta y cerveza fluyendo libremente, justo al lado del Pante\u00f3n&#8230;! En Bombardier, el ambiente es festivo y es f\u00e1cil hacer rondas, especialmente los lunes (hora feliz toda la noche para los estudiantes). Al mediod\u00eda, se ofrece cocina brit\u00e1nica, que incluye hamburguesas, desayunos ingleses y cenas de asado los domingos, \u00a1como en casa!<\/p>\n<p>&nbsp;<\/p>\n<\/div>\n\t\t\t\t\t<div class=\"clear\"><\/div>\n\t\t\t\t<\/div>\n\t\t\t<\/div>\n\t\t\t<div class=\"clear\"><\/div>\n\t\t\t\n<div class=\"clear\"><\/div>\n\t\t\t<style type=\"text\/css\">\n\t\t\t\t#content-block-background-1339 { background-image: url(); background-position: 50% 0; background-repeat: repeat; background-color: transparent; background-attachment: scroll; background-size: auto; }\n\t\t\t\t#content-block-body-1339 { padding: 40px 0; color: inherit; }\n\t\t\t\t.content-block-body { margin-left: auto; margin-right: auto; position: relative; }\n\t\t\t<\/style>\n\t\t\t\t\t\t\t<style type=\"text\/css\">\n\t\t\t\t\t#wrapper-1 { overflow-x: hidden; }\n\t\t\t\t\t#content-block-background-1339 { margin: 0 -10000px; padding: 0 10000px; }\n\t\t\t\t<\/style>\n\t\t\t\n\t\t\t\t\t\t<script type=\"text\/javascript\">\n\t\t\t\t\/\/ <![CDATA[\n\t\t\t\tjQuery(document).ready(function($){\n\t\t\t\t\t\"use strict\";\n\t\t\t\t\tif( ! $(\"body\").hasClass( \"mobile-detected\" ) ){\n\t\t\t\t\t\t$(\"#content-block-background-\"+1339).each(function(){\n\t\t\t\t\t\t\tvar $bgobj = $(this); \/\/ Assigning the object.\n\t\t\t\t\t\t\tvar xPos = '50%'; \/\/ x bg position value from the user shortcode.\n\t\t\t\t\t\t\t$(window).scroll(function() {\n\t\t\t\t\t\t\t\tvar yPos = -($(window).scrollTop() \/ 3);\n\t\t\t\t\t\t\t\t\/\/ Put together our final background position.\n\t\t\t\t\t\t\t\tvar coords = xPos+' '+yPos+'px';\n\t\t\t\t\t\t\t\t\/\/ Move the background.\n\t\t\t\t\t\t\t\t$bgobj.css({ backgroundPosition: coords });\n\t\t\t\t\t\t\t});\n\t\t\t\t\t\t});\n\t\t\t\t\t}\n\t\t\t\t});\n\t\t\t\t\/\/ ]]>\n\t\t\t<\/script>\n\t\t\t\n\t\t\t<div class=\"clear\"><\/div>\n\t\t\t<div id=\"content-block-background-1339\" class=\"content-block-background \">\n\t\t\t\t<div id=\"content-block-body-1339\" class=\"content-block-body\">\n\t\t\t\t\t<div class=\"clear\"><\/div>\n\t\t\t\t\t\n<div class=\"one_fourth\">\n<img decoding=\"async\" class=\"aligncenter size-full wp-image-806\" alt=\"bistrotdesartistes1\" src=\"https:\/\/www.bastillehostel.com\/wp-content\/uploads\/2013\/10\/bistrotdesartistes1.jpg\" width=\"150\" height=\"150\" \/><\/p>\n<h4 class=\"title\"><a href=\"http:\/\/www.bistrot-des-artistes.com\/\" target=\"_blank\" rel=\"noopener\">Le bistrot des artistes<\/a><\/h4>\n<p><strong>6 rue des Anglais &#8211; 75005 Paris &#8211; M\u00e9tro :\u00a0Maubert-Mutualit\u00e9<\/strong><\/p>\n<p>Este diminuto bar de ambiente reggae y afrocubano es conocido por servir el mejor mojito de Par\u00eds. Si los m\u00e1s puristas prefieren lo \u201coriginal\u201d, la carta tiene varias variantes de la cocteler\u00eda cubana, y muchas otras mezclas (batidas, caipirinhas y caipiroskas).<\/p>\n<p>&nbsp;<\/p>\n<\/div>\n<div class=\"one_fourth\">\n<img decoding=\"async\" class=\"aligncenter size-full wp-image-807\" alt=\"bar-zig-zag-paris\" src=\"https:\/\/www.bastillehostel.com\/wp-content\/uploads\/2013\/10\/bar-zig-zag-paris.jpg\" width=\"150\" height=\"150\" \/><\/p>\n<h4 class=\"title\"><a href=\"https:\/\/www.facebook.com\/ZigZagPantheon\/\" target=\"_blank\" rel=\"noopener\">Zigzag caf\u00e9 <\/a><\/h4>\n<p><strong>32 rue des Carmes &#8211; 75005 Paris &#8211; M\u00e9tro :\u00a0Cardinal-Lemoine<\/strong><\/p>\n<p>A pocos pasos de las bibliotecas de Sainte-Barbe y Sainte-Genevi\u00e8ve, este bar est\u00e1 decorado con grandes letras torcidas y atendido por divertidos meseros, lo distraer\u00e1 de sus libros a trav\u00e9s de tentadoras ofertas de \u00abhora feliz\u00bb. Hay una peque\u00f1a habitaci\u00f3n encantadora en el s\u00f3tano, decorada en un estilo burgu\u00e9s compensado (alfombras persas, mesas y sof\u00e1s llamativos). Puedes alquilarlo gratis para celebrar tu cumplea\u00f1os como en casa.<\/p>\n<p>&nbsp;<\/p>\n<\/div>\n<div class=\"one_fourth\">\n<img decoding=\"async\" class=\"aligncenter size-full wp-image-815\" alt=\"bateau ivre\" src=\"https:\/\/www.bastillehostel.com\/wp-content\/uploads\/2013\/10\/bateau-ivre.jpg\" width=\"150\" height=\"150\" \/><\/p>\n<h4 class=\"title\"><a href=\"http:\/\/www.le-bateau-ivre-paris.fr\/\" target=\"_blank\" rel=\"noopener\">Le bateau Ivre <\/a><\/h4>\n<p><strong>40 Rue Descartes &#8211; 75005 Paris &#8211; M\u00e9tro :\u00a0Cardinal-Lemoine<\/strong><\/p>\n<p>Frente a la antigua casa de Verlaine, este es un pub de bolsillo donde el ambiente es joven, relajado y, por supuesto, bohemio. A\u00f1ade 1\u20ac a tu factura y prueba suerte con el sorteo. Si ganas, recibir\u00e1s un chupito gratis con una larga lista de mezclas para elegir, incluido el exquisito Reims Cochon (champ\u00e1n de mel\u00f3n). En cuanto a la cerveza, hay una menci\u00f3n especial para el Chouffe..<\/p>\n<\/div>\n<div class=\"one_fourth last_column\">\n<img decoding=\"async\" class=\"aligncenter size-full wp-image-816\" alt=\"piano-vache\" src=\"https:\/\/www.bastillehostel.com\/wp-content\/uploads\/2013\/10\/piano-vache.jpg\" width=\"150\" height=\"150\" \/><\/p>\n<h4 class=\"title\"><a href=\"https:\/\/www.facebook.com\/Le-Piano-Vache-100684356686008\/\" target=\"_blank\" rel=\"noopener\">Le Piano Vache <\/a><\/h4>\n<p><strong>8 rue Laplace &#8211; 75005 Paris &#8211; M\u00e9tro :\u00a0Cardinal-Lemoine<\/strong><\/p>\n<p>Desde 1969, el Piano Vache ha visto c\u00f3mo sus ruinosas bancas han sido utilizadas por generaciones de estudiantes que han hecho de este oscuro boozer parisino con sus extravagantes habitaciones una verdadera instituci\u00f3n estudiantil. Templo del rock y sus variaciones (pop rock, gothic, punk, etc..), el Piano Vache no ha perdido nada de su encanto y sigue ofreciendo un ambiente salvaje cada noche. Para disfrutar sin moderaci\u00f3n.<\/p>\n<\/div>\n\t\t\t\t\t<div class=\"clear\"><\/div>\n\t\t\t\t<\/div>\n\t\t\t<\/div>\n\t\t\t<div class=\"clear\"><\/div>\n\t\t\t\n<div class=\"clear\"><\/div>\n<div class=\"clear\"><\/div>\n\t\t\t<style type=\"text\/css\">\n\t\t\t\t#content-block-background-1837 { background-image: url(); background-position: 50% 0; background-repeat: repeat; background-color: transparent; background-attachment: scroll; background-size: auto; }\n\t\t\t\t#content-block-body-1837 { padding: 40px 0; color: inherit; }\n\t\t\t\t.content-block-body { margin-left: auto; margin-right: auto; position: relative; }\n\t\t\t<\/style>\n\t\t\t\t\t\t\t<style type=\"text\/css\">\n\t\t\t\t\t#wrapper-1 { overflow-x: hidden; }\n\t\t\t\t\t#content-block-background-1837 { margin: 0 -10000px; padding: 0 10000px; }\n\t\t\t\t<\/style>\n\t\t\t\n\t\t\t\t\t\t<script type=\"text\/javascript\">\n\t\t\t\t\/\/ <![CDATA[\n\t\t\t\tjQuery(document).ready(function($){\n\t\t\t\t\t\"use strict\";\n\t\t\t\t\tif( ! $(\"body\").hasClass( \"mobile-detected\" ) ){\n\t\t\t\t\t\t$(\"#content-block-background-\"+1837).each(function(){\n\t\t\t\t\t\t\tvar $bgobj = $(this); \/\/ Assigning the object.\n\t\t\t\t\t\t\tvar xPos = '50%'; \/\/ x bg position value from the user shortcode.\n\t\t\t\t\t\t\t$(window).scroll(function() {\n\t\t\t\t\t\t\t\tvar yPos = -($(window).scrollTop() \/ 3);\n\t\t\t\t\t\t\t\t\/\/ Put together our final background position.\n\t\t\t\t\t\t\t\tvar coords = xPos+' '+yPos+'px';\n\t\t\t\t\t\t\t\t\/\/ Move the background.\n\t\t\t\t\t\t\t\t$bgobj.css({ backgroundPosition: coords });\n\t\t\t\t\t\t\t});\n\t\t\t\t\t\t});\n\t\t\t\t\t}\n\t\t\t\t});\n\t\t\t\t\/\/ ]]>\n\t\t\t<\/script>\n\t\t\t\n\t\t\t<div class=\"clear\"><\/div>\n\t\t\t<div id=\"content-block-background-1837\" class=\"content-block-background \">\n\t\t\t\t<div id=\"content-block-body-1837\" class=\"content-block-body\">\n\t\t\t\t\t<div class=\"clear\"><\/div>\n\t\t\t\t\t\n<div class=\"one_third\">\n<a class=\"btn orange survol\" href=\"https:\/\/www.bastillehostel.com\/es\/buenos-planes-en-paris\/discover-latin-quarter\/bares-alrededor-del-barrio-latino\/\"> <i class=\"fa fa- glass\" aria-hidden=\"true\"><\/i>\u00a0Bares alrededor del Barrio Latino &gt;<\/a><br \/>\n<a class=\"btn orange survol\" href=\"https:\/\/www.bastillehostel.com\/es\/buenos-planes-en-paris\/discover-latin-quarter\/comer-alrededor-del-barrio-latino\/\"><i class=\"fa fa- cuberter\u00eda\" aria-hidden=\"true\"><\/i>\u00a0Comer en el Barrio Latino &gt;<\/a><br \/>\n<\/div>\n<div class=\"one_third\">\n<a class=\"btn orange survol\" href=\"https:\/\/www.bastillehostel.com\/es\/buenos-planes-en-paris\/discover-latin-quarter\/bailar-por-el-barrio-latino\/\"><i class=\"fa fa- m\u00fasica\" aria-hidden=\"true\"><\/i>\u00a0Baile por el Barrio Latino &gt;<\/a><br \/>\n<a class=\"btn orange survol\" href=\"https:\/\/www.bastillehostel.com\/es\/buenos-planes-en-paris\/discover-latin-quarter\/sala-de-conciertos-en-el-barrio-latino\/\"><i class=\"fa fa-music\" aria-hidden=\"true\"><\/i>\u00a0Salas de conciertos en el Barrio Latino&gt;<\/a><br \/>\n<\/div>\n<div class=\"one_third last_column\">\n<a class=\"btn orange survol\" href=\"https:\/\/www.bastillehostel.com\/es\/buenos-planes-en-paris\/discover-latin-quarter\/muevete-por-el-barrio-latino\/\"><i class=\"fa fa-bicycle\" aria-hidden=\"true\"><\/i>Mu\u00e9vete por el Barrio Latino &gt;<\/a><\/p>\n<\/div>\n\t\t\t\t\t<div class=\"clear\"><\/div>\n\t\t\t\t<\/div>\n\t\t\t<\/div>\n\t\t\t<div class=\"clear\"><\/div>\n\t\t\t\n","protected":false},"excerpt":{"rendered":"<p>\u00a1Tendr\u00e1 muchas opciones para elegir! Bares tem\u00e1ticos, sports bars, pubs tradicionales, tradicionales caf\u00e9s parisinos revestidos de carteles antiguos\u2026 el coraz\u00f3n del barrio estudiantil, la zona entre la Sorbona y el Pante\u00f3n, es el reino de los bares con copas baratas y un ambiente s\u00faper festivo. Los locales<\/p>\n","protected":false},"author":6,"featured_media":0,"parent":5654,"menu_order":0,"comment_status":"closed","ping_status":"closed","template":"","meta":{"footnotes":""},"class_list":["post-5737","page","type-page","status-publish","hentry"],"yoast_head":"<!-- This site is optimized with the Yoast SEO plugin v27.4 - https:\/\/yoast.com\/product\/yoast-seo-wordpress\/ -->\n<title>Bares alrededor del Barrio Latino - Bastille Hostel - Albergue Juvenil en Paris<\/title>\n<meta name=\"robots\" content=\"index, follow, max-snippet:-1, max-image-preview:large, max-video-preview:-1\" \/>\n<link rel=\"canonical\" href=\"https:\/\/www.bastillehostel.com\/es\/buenos-planes-en-paris\/discover-latin-quarter\/bares-alrededor-del-barrio-latino\/\" \/>\n<meta property=\"og:locale\" content=\"es_ES\" \/>\n<meta property=\"og:type\" content=\"article\" \/>\n<meta property=\"og:title\" content=\"Bares alrededor del Barrio Latino - Bastille Hostel - Albergue Juvenil en Paris\" \/>\n<meta property=\"og:description\" content=\"\u00a1Tendr\u00e1 muchas opciones para elegir! Bares tem\u00e1ticos, sports bars, pubs tradicionales, tradicionales caf\u00e9s parisinos revestidos de carteles antiguos\u2026 el coraz\u00f3n del barrio estudiantil, la zona entre la Sorbona y el Pante\u00f3n, es el reino de los bares con copas baratas y un ambiente s\u00faper festivo. Los locales\" \/>\n<meta property=\"og:url\" content=\"https:\/\/www.bastillehostel.com\/es\/buenos-planes-en-paris\/discover-latin-quarter\/bares-alrededor-del-barrio-latino\/\" \/>\n<meta property=\"og:site_name\" content=\"Bastille Hostel - Albergue Juvenil en Paris\" \/>\n<meta property=\"article:modified_time\" content=\"2023-05-04T12:40:58+00:00\" \/>\n<meta property=\"og:image\" content=\"https:\/\/www.bastillehostel.com\/wp-content\/uploads\/2013\/10\/le-reflet.jpg\" \/>\n<meta name=\"twitter:card\" content=\"summary_large_image\" \/>\n<meta name=\"twitter:label1\" content=\"Tiempo de lectura\" \/>\n\t<meta name=\"twitter:data1\" content=\"5 minutos\" \/>\n<script type=\"application\/ld+json\" class=\"yoast-schema-graph\">{\"@context\":\"https:\\\/\\\/schema.org\",\"@graph\":[{\"@type\":\"WebPage\",\"@id\":\"https:\\\/\\\/www.bastillehostel.com\\\/es\\\/buenos-planes-en-paris\\\/discover-latin-quarter\\\/bares-alrededor-del-barrio-latino\\\/\",\"url\":\"https:\\\/\\\/www.bastillehostel.com\\\/es\\\/buenos-planes-en-paris\\\/discover-latin-quarter\\\/bares-alrededor-del-barrio-latino\\\/\",\"name\":\"Bares alrededor del Barrio Latino - Bastille Hostel - Albergue Juvenil en Paris\",\"isPartOf\":{\"@id\":\"https:\\\/\\\/www.bastillehostel.com\\\/fr\\\/#website\"},\"primaryImageOfPage\":{\"@id\":\"https:\\\/\\\/www.bastillehostel.com\\\/es\\\/buenos-planes-en-paris\\\/discover-latin-quarter\\\/bares-alrededor-del-barrio-latino\\\/#primaryimage\"},\"image\":{\"@id\":\"https:\\\/\\\/www.bastillehostel.com\\\/es\\\/buenos-planes-en-paris\\\/discover-latin-quarter\\\/bares-alrededor-del-barrio-latino\\\/#primaryimage\"},\"thumbnailUrl\":\"https:\\\/\\\/www.bastillehostel.com\\\/wp-content\\\/uploads\\\/2013\\\/10\\\/le-reflet.jpg\",\"datePublished\":\"2023-05-04T12:29:31+00:00\",\"dateModified\":\"2023-05-04T12:40:58+00:00\",\"breadcrumb\":{\"@id\":\"https:\\\/\\\/www.bastillehostel.com\\\/es\\\/buenos-planes-en-paris\\\/discover-latin-quarter\\\/bares-alrededor-del-barrio-latino\\\/#breadcrumb\"},\"inLanguage\":\"es\",\"potentialAction\":[{\"@type\":\"ReadAction\",\"target\":[\"https:\\\/\\\/www.bastillehostel.com\\\/es\\\/buenos-planes-en-paris\\\/discover-latin-quarter\\\/bares-alrededor-del-barrio-latino\\\/\"]}]},{\"@type\":\"ImageObject\",\"inLanguage\":\"es\",\"@id\":\"https:\\\/\\\/www.bastillehostel.com\\\/es\\\/buenos-planes-en-paris\\\/discover-latin-quarter\\\/bares-alrededor-del-barrio-latino\\\/#primaryimage\",\"url\":\"https:\\\/\\\/www.bastillehostel.com\\\/wp-content\\\/uploads\\\/2013\\\/10\\\/le-reflet.jpg\",\"contentUrl\":\"https:\\\/\\\/www.bastillehostel.com\\\/wp-content\\\/uploads\\\/2013\\\/10\\\/le-reflet.jpg\"},{\"@type\":\"BreadcrumbList\",\"@id\":\"https:\\\/\\\/www.bastillehostel.com\\\/es\\\/buenos-planes-en-paris\\\/discover-latin-quarter\\\/bares-alrededor-del-barrio-latino\\\/#breadcrumb\",\"itemListElement\":[{\"@type\":\"ListItem\",\"position\":1,\"name\":\"Home\",\"item\":\"https:\\\/\\\/www.bastillehostel.com\\\/es\\\/\"},{\"@type\":\"ListItem\",\"position\":2,\"name\":\"Los buenos planes en Par\u00eds\",\"item\":\"https:\\\/\\\/www.bastillehostel.com\\\/es\\\/buenos-planes-en-paris\\\/\"},{\"@type\":\"ListItem\",\"position\":3,\"name\":\"Discover Latin Quarter\",\"item\":\"https:\\\/\\\/www.bastillehostel.com\\\/es\\\/buenos-planes-en-paris\\\/discover-latin-quarter\\\/\"},{\"@type\":\"ListItem\",\"position\":4,\"name\":\"Bares alrededor del Barrio Latino\"}]},{\"@type\":\"WebSite\",\"@id\":\"https:\\\/\\\/www.bastillehostel.com\\\/fr\\\/#website\",\"url\":\"https:\\\/\\\/www.bastillehostel.com\\\/fr\\\/\",\"name\":\"Bastille Hostel - Albergue Juvenil en Paris\",\"description\":\"Bastille Hostel - Albergue Juvenil en Paris\",\"potentialAction\":[{\"@type\":\"SearchAction\",\"target\":{\"@type\":\"EntryPoint\",\"urlTemplate\":\"https:\\\/\\\/www.bastillehostel.com\\\/fr\\\/?s={search_term_string}\"},\"query-input\":{\"@type\":\"PropertyValueSpecification\",\"valueRequired\":true,\"valueName\":\"search_term_string\"}}],\"inLanguage\":\"es\"}]}<\/script>\n<!-- \/ Yoast SEO plugin. -->","yoast_head_json":{"title":"Bares alrededor del Barrio Latino - Bastille Hostel - Albergue Juvenil en Paris","robots":{"index":"index","follow":"follow","max-snippet":"max-snippet:-1","max-image-preview":"max-image-preview:large","max-video-preview":"max-video-preview:-1"},"canonical":"https:\/\/www.bastillehostel.com\/es\/buenos-planes-en-paris\/discover-latin-quarter\/bares-alrededor-del-barrio-latino\/","og_locale":"es_ES","og_type":"article","og_title":"Bares alrededor del Barrio Latino - Bastille Hostel - Albergue Juvenil en Paris","og_description":"\u00a1Tendr\u00e1 muchas opciones para elegir! Bares tem\u00e1ticos, sports bars, pubs tradicionales, tradicionales caf\u00e9s parisinos revestidos de carteles antiguos\u2026 el coraz\u00f3n del barrio estudiantil, la zona entre la Sorbona y el Pante\u00f3n, es el reino de los bares con copas baratas y un ambiente s\u00faper festivo. Los locales","og_url":"https:\/\/www.bastillehostel.com\/es\/buenos-planes-en-paris\/discover-latin-quarter\/bares-alrededor-del-barrio-latino\/","og_site_name":"Bastille Hostel - Albergue Juvenil en Paris","article_modified_time":"2023-05-04T12:40:58+00:00","og_image":[{"url":"https:\/\/www.bastillehostel.com\/wp-content\/uploads\/2013\/10\/le-reflet.jpg","type":"","width":"","height":""}],"twitter_card":"summary_large_image","twitter_misc":{"Tiempo de lectura":"5 minutos"},"schema":{"@context":"https:\/\/schema.org","@graph":[{"@type":"WebPage","@id":"https:\/\/www.bastillehostel.com\/es\/buenos-planes-en-paris\/discover-latin-quarter\/bares-alrededor-del-barrio-latino\/","url":"https:\/\/www.bastillehostel.com\/es\/buenos-planes-en-paris\/discover-latin-quarter\/bares-alrededor-del-barrio-latino\/","name":"Bares alrededor del Barrio Latino - Bastille Hostel - Albergue Juvenil en Paris","isPartOf":{"@id":"https:\/\/www.bastillehostel.com\/fr\/#website"},"primaryImageOfPage":{"@id":"https:\/\/www.bastillehostel.com\/es\/buenos-planes-en-paris\/discover-latin-quarter\/bares-alrededor-del-barrio-latino\/#primaryimage"},"image":{"@id":"https:\/\/www.bastillehostel.com\/es\/buenos-planes-en-paris\/discover-latin-quarter\/bares-alrededor-del-barrio-latino\/#primaryimage"},"thumbnailUrl":"https:\/\/www.bastillehostel.com\/wp-content\/uploads\/2013\/10\/le-reflet.jpg","datePublished":"2023-05-04T12:29:31+00:00","dateModified":"2023-05-04T12:40:58+00:00","breadcrumb":{"@id":"https:\/\/www.bastillehostel.com\/es\/buenos-planes-en-paris\/discover-latin-quarter\/bares-alrededor-del-barrio-latino\/#breadcrumb"},"inLanguage":"es","potentialAction":[{"@type":"ReadAction","target":["https:\/\/www.bastillehostel.com\/es\/buenos-planes-en-paris\/discover-latin-quarter\/bares-alrededor-del-barrio-latino\/"]}]},{"@type":"ImageObject","inLanguage":"es","@id":"https:\/\/www.bastillehostel.com\/es\/buenos-planes-en-paris\/discover-latin-quarter\/bares-alrededor-del-barrio-latino\/#primaryimage","url":"https:\/\/www.bastillehostel.com\/wp-content\/uploads\/2013\/10\/le-reflet.jpg","contentUrl":"https:\/\/www.bastillehostel.com\/wp-content\/uploads\/2013\/10\/le-reflet.jpg"},{"@type":"BreadcrumbList","@id":"https:\/\/www.bastillehostel.com\/es\/buenos-planes-en-paris\/discover-latin-quarter\/bares-alrededor-del-barrio-latino\/#breadcrumb","itemListElement":[{"@type":"ListItem","position":1,"name":"Home","item":"https:\/\/www.bastillehostel.com\/es\/"},{"@type":"ListItem","position":2,"name":"Los buenos planes en Par\u00eds","item":"https:\/\/www.bastillehostel.com\/es\/buenos-planes-en-paris\/"},{"@type":"ListItem","position":3,"name":"Discover Latin Quarter","item":"https:\/\/www.bastillehostel.com\/es\/buenos-planes-en-paris\/discover-latin-quarter\/"},{"@type":"ListItem","position":4,"name":"Bares alrededor del Barrio Latino"}]},{"@type":"WebSite","@id":"https:\/\/www.bastillehostel.com\/fr\/#website","url":"https:\/\/www.bastillehostel.com\/fr\/","name":"Bastille Hostel - Albergue Juvenil en Paris","description":"Bastille Hostel - Albergue Juvenil en Paris","potentialAction":[{"@type":"SearchAction","target":{"@type":"EntryPoint","urlTemplate":"https:\/\/www.bastillehostel.com\/fr\/?s={search_term_string}"},"query-input":{"@type":"PropertyValueSpecification","valueRequired":true,"valueName":"search_term_string"}}],"inLanguage":"es"}]}},"_links":{"self":[{"href":"https:\/\/www.bastillehostel.com\/es\/wp-json\/wp\/v2\/pages\/5737","targetHints":{"allow":["GET"]}}],"collection":[{"href":"https:\/\/www.bastillehostel.com\/es\/wp-json\/wp\/v2\/pages"}],"about":[{"href":"https:\/\/www.bastillehostel.com\/es\/wp-json\/wp\/v2\/types\/page"}],"author":[{"embeddable":true,"href":"https:\/\/www.bastillehostel.com\/es\/wp-json\/wp\/v2\/users\/6"}],"replies":[{"embeddable":true,"href":"https:\/\/www.bastillehostel.com\/es\/wp-json\/wp\/v2\/comments?post=5737"}],"version-history":[{"count":5,"href":"https:\/\/www.bastillehostel.com\/es\/wp-json\/wp\/v2\/pages\/5737\/revisions"}],"predecessor-version":[{"id":5767,"href":"https:\/\/www.bastillehostel.com\/es\/wp-json\/wp\/v2\/pages\/5737\/revisions\/5767"}],"up":[{"embeddable":true,"href":"https:\/\/www.bastillehostel.com\/es\/wp-json\/wp\/v2\/pages\/5654"}],"wp:attachment":[{"href":"https:\/\/www.bastillehostel.com\/es\/wp-json\/wp\/v2\/media?parent=5737"}],"curies":[{"name":"wp","href":"https:\/\/api.w.org\/{rel}","templated":true}]}}