{"id":5716,"date":"2023-05-04T14:13:20","date_gmt":"2023-05-04T12:13:20","guid":{"rendered":"https:\/\/www.bastillehostel.com\/?page_id=5716"},"modified":"2023-05-04T14:17:01","modified_gmt":"2023-05-04T12:17:01","slug":"mantenerse-en-forma-en-los-marais","status":"publish","type":"page","link":"https:\/\/www.bastillehostel.com\/es\/buenos-planes-en-paris\/descubre-la-zona-del-marais\/mantenerse-en-forma-en-los-marais\/","title":{"rendered":"Mantenerse en forma en los marais"},"content":{"rendered":"<p>Disfrutar del deporte en una de las zonas m\u00e1s de moda de Paree puede parecer una misi\u00f3n imposible. Pero no te rindas, adem\u00e1s de los gimnasios de lujo con sus programas de fitness, ba\u00f1os turcos y salas chill-out, todav\u00eda quedan algunas gangas.<\/p>\n<div class=\"one_half\">\n<img decoding=\"async\" src=\"https:\/\/www.bastillehostel.com\/wp-content\/uploads\/2018\/06\/st-merri.jpg\" alt=\"\" width=\"150\" height=\"150\" class=\"aligncenter size-full wp-image-4136\" \/><\/p>\n<h4><a href=\"http:\/\/equipement.paris.fr\/piscine-saint-merri-2\" target=\"_blank\" class=\"title\" rel=\"noopener\">Piscine Saint-Merri<\/a><\/h4>\n<p><strong>16 rue du Renard &#8211; 75004 Par\u00eds &#8211; Metro: Rambuteau ou H\u00f4tel-de-Ville<\/strong><\/p>\n<p>\u00bfTomar el sol en una piscina en el centro de la ciudad? No es el \u00faltimo plan millonario para hacer del Marais el nuevo L.A., es la piscina de Saint-Merri y est\u00e1 abierta a todos. Por supuesto, la piscina de 25 metros es un poco peque\u00f1a y los dos o tres carriles no ser\u00e1n lo suficientemente buenos para los nadadores campeones, pero el peque\u00f1o sol\u00e1rium es bueno, est\u00e1 frente al Beaubourg y, bueno, \u00a1es mejor que nada!<\/p >\n<\/div>\n<div class=\"one_half last_column\">\n<img decoding=\"async\" src=\"https:\/\/www.bastillehostel.com\/wp-content\/uploads\/2018\/06\/tennis-st-pierre-.jpg\" alt=\"\" width=\"150\" height=\"150\" class=\"aligncenter size-full wp-image-4137\" \/><\/p>\n<h4><a href=\"https:\/\/tennis.paris.fr\/tennis\/\" target=\"_blank\" class=\"title\" rel=\"noopener\">Tennis Neuve-Saint-Pierre<\/a><\/h4>\n<p><strong>5 rue Neuve-Saint-Pierre &#8211; 75004 Par\u00eds &#8211; Metro: Saint-Paul<\/strong><\/p>\n<p>Esta excelente cancha de tenis al aire libre, escondida de las miradas indiscretas por los altos muros de las casas antiguas circundantes, est\u00e1 abierta a todos a 7,50 \u20ac la hora (4,50 \u20ac para cualquier persona que viva en Par\u00eds y sea menor de 26 a\u00f1os) . Las reservas se realizan a trav\u00e9s de la p\u00e1gina web.<\/p>\n<\/div>\n\t\t\t<style type=\"text\/css\">\n\t\t\t\t#content-block-background-1583 { background-image: url(); background-position: 50% 0; background-repeat: repeat; background-color: transparent; background-attachment: scroll; background-size: auto; }\n\t\t\t\t#content-block-body-1583 { padding: 40px 0; color: inherit; }\n\t\t\t\t.content-block-body { margin-left: auto; margin-right: auto; position: relative; }\n\t\t\t<\/style>\n\t\t\t\t\t\t\t<style type=\"text\/css\">\n\t\t\t\t\t#wrapper-1 { overflow-x: hidden; }\n\t\t\t\t\t#content-block-background-1583 { margin: 0 -10000px; padding: 0 10000px; }\n\t\t\t\t<\/style>\n\t\t\t\n\t\t\t\t\t\t<script type=\"text\/javascript\">\n\t\t\t\t\/\/ <![CDATA[\n\t\t\t\tjQuery(document).ready(function($){\n\t\t\t\t\t\"use strict\";\n\t\t\t\t\tif( ! $(\"body\").hasClass( \"mobile-detected\" ) ){\n\t\t\t\t\t\t$(\"#content-block-background-\"+1583).each(function(){\n\t\t\t\t\t\t\tvar $bgobj = $(this); \/\/ Assigning the object.\n\t\t\t\t\t\t\tvar xPos = '50%'; \/\/ x bg position value from the user shortcode.\n\t\t\t\t\t\t\t$(window).scroll(function() {\n\t\t\t\t\t\t\t\tvar yPos = -($(window).scrollTop() \/ 3);\n\t\t\t\t\t\t\t\t\/\/ Put together our final background position.\n\t\t\t\t\t\t\t\tvar coords = xPos+' '+yPos+'px';\n\t\t\t\t\t\t\t\t\/\/ Move the background.\n\t\t\t\t\t\t\t\t$bgobj.css({ backgroundPosition: coords });\n\t\t\t\t\t\t\t});\n\t\t\t\t\t\t});\n\t\t\t\t\t}\n\t\t\t\t});\n\t\t\t\t\/\/ ]]>\n\t\t\t<\/script>\n\t\t\t\n\t\t\t<div class=\"clear\"><\/div>\n\t\t\t<div id=\"content-block-background-1583\" class=\"content-block-background \">\n\t\t\t\t<div id=\"content-block-body-1583\" class=\"content-block-body\">\n\t\t\t\t\t<div class=\"clear\"><\/div>\n\t\t\t\t\t\n<div class=\"one_fourth\">\n<a class=\"btn orange survol\" href=\"https:\/\/www.bastillehostel.com\/es\/buenos-planes-en-paris\/descubre-la-zona-del-marais\/donde-tomar-una-copa-en-el-marais\/\"> <i class=\"fa fa-glass\" aria-hidden=\"true\"><\/i>\u00a0D\u00f3nde tomar<br \/>\nuna copa en el Marais <\/a><br \/>\n<\/div>\n<div class=\"one_fourth\">\n<a class=\"btn orange survol\" href=\"https:\/\/www.bastillehostel.com\/es\/buenos-planes-en-paris\/descubre-la-zona-del-marais\/donde-comer-en-el-marais\/\"><i class=\"fa fa-cutlery\" aria-hidden=\"true\"><\/i>\u00a0 D\u00f3nde comer<br \/>\nen el marais <\/a><br \/>\n<\/div>\n<div class=\"one_fourth\">\n<a class=\"btn orange survol\" href=\"https:\/\/www.bastillehostel.com\/es\/buenos-planes-en-paris\/descubre-la-zona-del-marais\/salas-de-musica-en-el-marais\/\"><i class=\"fa fa-music\" aria-hidden=\"true\"><\/i>\u00a0 Locales de m\u00fasica<br \/>\nMarais <\/a><br \/>\n<\/div>\n<div class=\"one_fourth last_column\">\n<a class=\"btn orange survol\" href=\"https:\/\/www.bastillehostel.com\/es\/buenos-planes-en-paris\/descubre-la-zona-del-marais\/mantenerse-en-forma-en-los-marais\/\"><i class=\"fa fa-bicycle\" aria-hidden=\"true\"><\/i>\u00a0Mantener la forma<br \/>\nen el marais <\/a><br \/>\n<\/div>\n\t\t\t\t\t<div class=\"clear\"><\/div>\n\t\t\t\t<\/div>\n\t\t\t<\/div>\n\t\t\t<div class=\"clear\"><\/div>\n\t\t\t\n","protected":false},"excerpt":{"rendered":"<p>Disfrutar del deporte en una de las zonas m\u00e1s de moda de Paree puede parecer una misi\u00f3n imposible. Pero no te rindas, adem\u00e1s de los gimnasios de lujo con sus programas de fitness, ba\u00f1os turcos y salas chill-out, todav\u00eda quedan algunas gangas.<\/p>\n","protected":false},"author":6,"featured_media":0,"parent":5659,"menu_order":0,"comment_status":"closed","ping_status":"closed","template":"page-FullWidth.php","meta":{"footnotes":""},"class_list":["post-5716","page","type-page","status-publish","hentry"],"yoast_head":"<!-- This site is optimized with the Yoast SEO plugin v27.6 - https:\/\/yoast.com\/product\/yoast-seo-wordpress\/ -->\n<title>Mantenerse en forma en los marais - Bastille Hostel - Albergue Juvenil en Paris<\/title>\n<meta name=\"robots\" content=\"index, follow, max-snippet:-1, max-image-preview:large, max-video-preview:-1\" \/>\n<link rel=\"canonical\" href=\"https:\/\/www.bastillehostel.com\/es\/buenos-planes-en-paris\/descubre-la-zona-del-marais\/mantenerse-en-forma-en-los-marais\/\" \/>\n<meta property=\"og:locale\" content=\"es_ES\" \/>\n<meta property=\"og:type\" content=\"article\" \/>\n<meta property=\"og:title\" content=\"Mantenerse en forma en los marais - Bastille Hostel - Albergue Juvenil en Paris\" \/>\n<meta property=\"og:description\" content=\"Disfrutar del deporte en una de las zonas m\u00e1s de moda de Paree puede parecer una misi\u00f3n imposible. Pero no te rindas, adem\u00e1s de los gimnasios de lujo con sus programas de fitness, ba\u00f1os turcos y salas chill-out, todav\u00eda quedan algunas gangas.\" \/>\n<meta property=\"og:url\" content=\"https:\/\/www.bastillehostel.com\/es\/buenos-planes-en-paris\/descubre-la-zona-del-marais\/mantenerse-en-forma-en-los-marais\/\" \/>\n<meta property=\"og:site_name\" content=\"Bastille Hostel - Albergue Juvenil en Paris\" \/>\n<meta property=\"article:modified_time\" content=\"2023-05-04T12:17:01+00:00\" \/>\n<meta property=\"og:image\" content=\"https:\/\/www.bastillehostel.com\/wp-content\/uploads\/2018\/06\/st-merri.jpg\" \/>\n<meta name=\"twitter:card\" content=\"summary_large_image\" \/>\n<meta name=\"twitter:label1\" content=\"Tiempo de lectura\" \/>\n\t<meta name=\"twitter:data1\" content=\"2 minutos\" \/>\n<script type=\"application\/ld+json\" class=\"yoast-schema-graph\">{\"@context\":\"https:\\\/\\\/schema.org\",\"@graph\":[{\"@type\":\"WebPage\",\"@id\":\"https:\\\/\\\/www.bastillehostel.com\\\/es\\\/buenos-planes-en-paris\\\/descubre-la-zona-del-marais\\\/mantenerse-en-forma-en-los-marais\\\/\",\"url\":\"https:\\\/\\\/www.bastillehostel.com\\\/es\\\/buenos-planes-en-paris\\\/descubre-la-zona-del-marais\\\/mantenerse-en-forma-en-los-marais\\\/\",\"name\":\"Mantenerse en forma en los marais - Bastille Hostel - Albergue Juvenil en Paris\",\"isPartOf\":{\"@id\":\"https:\\\/\\\/www.bastillehostel.com\\\/fr\\\/#website\"},\"primaryImageOfPage\":{\"@id\":\"https:\\\/\\\/www.bastillehostel.com\\\/es\\\/buenos-planes-en-paris\\\/descubre-la-zona-del-marais\\\/mantenerse-en-forma-en-los-marais\\\/#primaryimage\"},\"image\":{\"@id\":\"https:\\\/\\\/www.bastillehostel.com\\\/es\\\/buenos-planes-en-paris\\\/descubre-la-zona-del-marais\\\/mantenerse-en-forma-en-los-marais\\\/#primaryimage\"},\"thumbnailUrl\":\"https:\\\/\\\/www.bastillehostel.com\\\/wp-content\\\/uploads\\\/2018\\\/06\\\/st-merri.jpg\",\"datePublished\":\"2023-05-04T12:13:20+00:00\",\"dateModified\":\"2023-05-04T12:17:01+00:00\",\"breadcrumb\":{\"@id\":\"https:\\\/\\\/www.bastillehostel.com\\\/es\\\/buenos-planes-en-paris\\\/descubre-la-zona-del-marais\\\/mantenerse-en-forma-en-los-marais\\\/#breadcrumb\"},\"inLanguage\":\"es\",\"potentialAction\":[{\"@type\":\"ReadAction\",\"target\":[\"https:\\\/\\\/www.bastillehostel.com\\\/es\\\/buenos-planes-en-paris\\\/descubre-la-zona-del-marais\\\/mantenerse-en-forma-en-los-marais\\\/\"]}]},{\"@type\":\"ImageObject\",\"inLanguage\":\"es\",\"@id\":\"https:\\\/\\\/www.bastillehostel.com\\\/es\\\/buenos-planes-en-paris\\\/descubre-la-zona-del-marais\\\/mantenerse-en-forma-en-los-marais\\\/#primaryimage\",\"url\":\"https:\\\/\\\/www.bastillehostel.com\\\/wp-content\\\/uploads\\\/2018\\\/06\\\/st-merri.jpg\",\"contentUrl\":\"https:\\\/\\\/www.bastillehostel.com\\\/wp-content\\\/uploads\\\/2018\\\/06\\\/st-merri.jpg\"},{\"@type\":\"BreadcrumbList\",\"@id\":\"https:\\\/\\\/www.bastillehostel.com\\\/es\\\/buenos-planes-en-paris\\\/descubre-la-zona-del-marais\\\/mantenerse-en-forma-en-los-marais\\\/#breadcrumb\",\"itemListElement\":[{\"@type\":\"ListItem\",\"position\":1,\"name\":\"Home\",\"item\":\"https:\\\/\\\/www.bastillehostel.com\\\/es\\\/\"},{\"@type\":\"ListItem\",\"position\":2,\"name\":\"Los buenos planes en Par\u00eds\",\"item\":\"https:\\\/\\\/www.bastillehostel.com\\\/es\\\/buenos-planes-en-paris\\\/\"},{\"@type\":\"ListItem\",\"position\":3,\"name\":\"Descubre la zona del \u201cMarais\u201d\",\"item\":\"https:\\\/\\\/www.bastillehostel.com\\\/es\\\/buenos-planes-en-paris\\\/descubre-la-zona-del-marais\\\/\"},{\"@type\":\"ListItem\",\"position\":4,\"name\":\"Mantenerse en forma en los marais\"}]},{\"@type\":\"WebSite\",\"@id\":\"https:\\\/\\\/www.bastillehostel.com\\\/fr\\\/#website\",\"url\":\"https:\\\/\\\/www.bastillehostel.com\\\/fr\\\/\",\"name\":\"Bastille Hostel - Albergue Juvenil en Paris\",\"description\":\"Bastille Hostel - Albergue Juvenil en Paris\",\"potentialAction\":[{\"@type\":\"SearchAction\",\"target\":{\"@type\":\"EntryPoint\",\"urlTemplate\":\"https:\\\/\\\/www.bastillehostel.com\\\/fr\\\/?s={search_term_string}\"},\"query-input\":{\"@type\":\"PropertyValueSpecification\",\"valueRequired\":true,\"valueName\":\"search_term_string\"}}],\"inLanguage\":\"es\"}]}<\/script>\n<!-- \/ Yoast SEO plugin. -->","yoast_head_json":{"title":"Mantenerse en forma en los marais - Bastille Hostel - Albergue Juvenil en Paris","robots":{"index":"index","follow":"follow","max-snippet":"max-snippet:-1","max-image-preview":"max-image-preview:large","max-video-preview":"max-video-preview:-1"},"canonical":"https:\/\/www.bastillehostel.com\/es\/buenos-planes-en-paris\/descubre-la-zona-del-marais\/mantenerse-en-forma-en-los-marais\/","og_locale":"es_ES","og_type":"article","og_title":"Mantenerse en forma en los marais - Bastille Hostel - Albergue Juvenil en Paris","og_description":"Disfrutar del deporte en una de las zonas m\u00e1s de moda de Paree puede parecer una misi\u00f3n imposible. Pero no te rindas, adem\u00e1s de los gimnasios de lujo con sus programas de fitness, ba\u00f1os turcos y salas chill-out, todav\u00eda quedan algunas gangas.","og_url":"https:\/\/www.bastillehostel.com\/es\/buenos-planes-en-paris\/descubre-la-zona-del-marais\/mantenerse-en-forma-en-los-marais\/","og_site_name":"Bastille Hostel - Albergue Juvenil en Paris","article_modified_time":"2023-05-04T12:17:01+00:00","og_image":[{"url":"https:\/\/www.bastillehostel.com\/wp-content\/uploads\/2018\/06\/st-merri.jpg","type":"","width":"","height":""}],"twitter_card":"summary_large_image","twitter_misc":{"Tiempo de lectura":"2 minutos"},"schema":{"@context":"https:\/\/schema.org","@graph":[{"@type":"WebPage","@id":"https:\/\/www.bastillehostel.com\/es\/buenos-planes-en-paris\/descubre-la-zona-del-marais\/mantenerse-en-forma-en-los-marais\/","url":"https:\/\/www.bastillehostel.com\/es\/buenos-planes-en-paris\/descubre-la-zona-del-marais\/mantenerse-en-forma-en-los-marais\/","name":"Mantenerse en forma en los marais - Bastille Hostel - Albergue Juvenil en Paris","isPartOf":{"@id":"https:\/\/www.bastillehostel.com\/fr\/#website"},"primaryImageOfPage":{"@id":"https:\/\/www.bastillehostel.com\/es\/buenos-planes-en-paris\/descubre-la-zona-del-marais\/mantenerse-en-forma-en-los-marais\/#primaryimage"},"image":{"@id":"https:\/\/www.bastillehostel.com\/es\/buenos-planes-en-paris\/descubre-la-zona-del-marais\/mantenerse-en-forma-en-los-marais\/#primaryimage"},"thumbnailUrl":"https:\/\/www.bastillehostel.com\/wp-content\/uploads\/2018\/06\/st-merri.jpg","datePublished":"2023-05-04T12:13:20+00:00","dateModified":"2023-05-04T12:17:01+00:00","breadcrumb":{"@id":"https:\/\/www.bastillehostel.com\/es\/buenos-planes-en-paris\/descubre-la-zona-del-marais\/mantenerse-en-forma-en-los-marais\/#breadcrumb"},"inLanguage":"es","potentialAction":[{"@type":"ReadAction","target":["https:\/\/www.bastillehostel.com\/es\/buenos-planes-en-paris\/descubre-la-zona-del-marais\/mantenerse-en-forma-en-los-marais\/"]}]},{"@type":"ImageObject","inLanguage":"es","@id":"https:\/\/www.bastillehostel.com\/es\/buenos-planes-en-paris\/descubre-la-zona-del-marais\/mantenerse-en-forma-en-los-marais\/#primaryimage","url":"https:\/\/www.bastillehostel.com\/wp-content\/uploads\/2018\/06\/st-merri.jpg","contentUrl":"https:\/\/www.bastillehostel.com\/wp-content\/uploads\/2018\/06\/st-merri.jpg"},{"@type":"BreadcrumbList","@id":"https:\/\/www.bastillehostel.com\/es\/buenos-planes-en-paris\/descubre-la-zona-del-marais\/mantenerse-en-forma-en-los-marais\/#breadcrumb","itemListElement":[{"@type":"ListItem","position":1,"name":"Home","item":"https:\/\/www.bastillehostel.com\/es\/"},{"@type":"ListItem","position":2,"name":"Los buenos planes en Par\u00eds","item":"https:\/\/www.bastillehostel.com\/es\/buenos-planes-en-paris\/"},{"@type":"ListItem","position":3,"name":"Descubre la zona del \u201cMarais\u201d","item":"https:\/\/www.bastillehostel.com\/es\/buenos-planes-en-paris\/descubre-la-zona-del-marais\/"},{"@type":"ListItem","position":4,"name":"Mantenerse en forma en los marais"}]},{"@type":"WebSite","@id":"https:\/\/www.bastillehostel.com\/fr\/#website","url":"https:\/\/www.bastillehostel.com\/fr\/","name":"Bastille Hostel - Albergue Juvenil en Paris","description":"Bastille Hostel - Albergue Juvenil en Paris","potentialAction":[{"@type":"SearchAction","target":{"@type":"EntryPoint","urlTemplate":"https:\/\/www.bastillehostel.com\/fr\/?s={search_term_string}"},"query-input":{"@type":"PropertyValueSpecification","valueRequired":true,"valueName":"search_term_string"}}],"inLanguage":"es"}]}},"_links":{"self":[{"href":"https:\/\/www.bastillehostel.com\/es\/wp-json\/wp\/v2\/pages\/5716","targetHints":{"allow":["GET"]}}],"collection":[{"href":"https:\/\/www.bastillehostel.com\/es\/wp-json\/wp\/v2\/pages"}],"about":[{"href":"https:\/\/www.bastillehostel.com\/es\/wp-json\/wp\/v2\/types\/page"}],"author":[{"embeddable":true,"href":"https:\/\/www.bastillehostel.com\/es\/wp-json\/wp\/v2\/users\/6"}],"replies":[{"embeddable":true,"href":"https:\/\/www.bastillehostel.com\/es\/wp-json\/wp\/v2\/comments?post=5716"}],"version-history":[{"count":5,"href":"https:\/\/www.bastillehostel.com\/es\/wp-json\/wp\/v2\/pages\/5716\/revisions"}],"predecessor-version":[{"id":5725,"href":"https:\/\/www.bastillehostel.com\/es\/wp-json\/wp\/v2\/pages\/5716\/revisions\/5725"}],"up":[{"embeddable":true,"href":"https:\/\/www.bastillehostel.com\/es\/wp-json\/wp\/v2\/pages\/5659"}],"wp:attachment":[{"href":"https:\/\/www.bastillehostel.com\/es\/wp-json\/wp\/v2\/media?parent=5716"}],"curies":[{"name":"wp","href":"https:\/\/api.w.org\/{rel}","templated":true}]}}