{"id":5706,"date":"2023-05-04T14:09:55","date_gmt":"2023-05-04T12:09:55","guid":{"rendered":"https:\/\/www.bastillehostel.com\/?page_id=5706"},"modified":"2023-05-04T14:20:11","modified_gmt":"2023-05-04T12:20:11","slug":"donde-comer-en-el-marais","status":"publish","type":"page","link":"https:\/\/www.bastillehostel.com\/es\/buenos-planes-en-paris\/descubre-la-zona-del-marais\/donde-comer-en-el-marais\/","title":{"rendered":"D\u00f3nde comer en el Marais"},"content":{"rendered":"<p>Brunch de los domingos, falafels en la rue des Rosiers, aut\u00e9nticos bagels jud\u00edos, jardines delanteros de casas antiguas convertidos en terrazas de caf\u00e9&#8230; son solo algunas de las atracciones gastron\u00f3micas del Marais. El almuerzo en este trimestre puede resultar m\u00e1s barato de lo que piensas.<\/p>\n\t\t\t<style type=\"text\/css\">\n\t\t\t\t#content-block-background-1969 { background-image: url(); background-position: 50% 0; background-repeat: repeat; background-color: transparent; background-attachment: scroll; background-size: auto; }\n\t\t\t\t#content-block-body-1969 { padding: 40px 0; color: inherit; }\n\t\t\t\t.content-block-body { margin-left: auto; margin-right: auto; position: relative; }\n\t\t\t<\/style>\n\t\t\t\t\t\t\t<style type=\"text\/css\">\n\t\t\t\t\t#wrapper-1 { overflow-x: hidden; }\n\t\t\t\t\t#content-block-background-1969 { margin: 0 -10000px; padding: 0 10000px; }\n\t\t\t\t<\/style>\n\t\t\t\n\t\t\t\t\t\t<script type=\"text\/javascript\">\n\t\t\t\t\/\/ <![CDATA[\n\t\t\t\tjQuery(document).ready(function($){\n\t\t\t\t\t\"use strict\";\n\t\t\t\t\tif( ! $(\"body\").hasClass( \"mobile-detected\" ) ){\n\t\t\t\t\t\t$(\"#content-block-background-\"+1969).each(function(){\n\t\t\t\t\t\t\tvar $bgobj = $(this); \/\/ Assigning the object.\n\t\t\t\t\t\t\tvar xPos = '50%'; \/\/ x bg position value from the user shortcode.\n\t\t\t\t\t\t\t$(window).scroll(function() {\n\t\t\t\t\t\t\t\tvar yPos = -($(window).scrollTop() \/ 3);\n\t\t\t\t\t\t\t\t\/\/ Put together our final background position.\n\t\t\t\t\t\t\t\tvar coords = xPos+' '+yPos+'px';\n\t\t\t\t\t\t\t\t\/\/ Move the background.\n\t\t\t\t\t\t\t\t$bgobj.css({ backgroundPosition: coords });\n\t\t\t\t\t\t\t});\n\t\t\t\t\t\t});\n\t\t\t\t\t}\n\t\t\t\t});\n\t\t\t\t\/\/ ]]>\n\t\t\t<\/script>\n\t\t\t\n\t\t\t<div class=\"clear\"><\/div>\n\t\t\t<div id=\"content-block-background-1969\" class=\"content-block-background \">\n\t\t\t\t<div id=\"content-block-body-1969\" class=\"content-block-body\">\n\t\t\t\t\t<div class=\"clear\"><\/div>\n\t\t\t\t\t\n<div class=\"one_third\">\n<img decoding=\"async\" src=\"https:\/\/www.bastillehostel.com\/wp-content\/uploads\/2018\/06\/breakfast-in-america.jpg\" alt=\"\" width=\"150\" height=\"150\" class=\"aligncenter size-full wp-image-4111\" \/><\/p>\n<h4 class=\"title\"><a href=\"https:\/\/www.facebook.com\/BreakfastInAmerica1\/\" target=\"_blank\" rel=\"noopener\">Breakfast In America (american diner)<\/a><\/h4>\n<p><strong>17, rue des Ecoles &#8211; 75005 Paris &#8211; M\u00e9tro : Saint-Paul<\/strong><\/p>\n<p>\u00a1Los fans del desayuno al estilo americano deber\u00edan venir aqu\u00ed! El brunch en BIA ha sido famoso durante mucho tiempo, por lo que tendr\u00e1 que hacer cola un domingo, donde se unir\u00e1 a los rezagados de la fiesta de anoche. Sleepyheads, no se preocupen&#8230; \u00a1aqu\u00ed se sirve brunch durante todo el d\u00eda! Es cierto que el comedor es peque\u00f1o y la espera puede ser larga, pero una vez que haya probado los deliciosos panqueques y salchichas con huevos, \u00a1su est\u00f3mago le agradecer\u00e1 su paciencia!<\/p>\n<p>Para completar la experiencia prueba el batido Obama con chocolate y mantequilla de man\u00ed.<\/p>\n<\/div>\n<div class=\"one_third\">\n<img decoding=\"async\" src=\"https:\/\/www.bastillehostel.com\/wp-content\/uploads\/2018\/06\/L_as_du_falafel.jpg\" alt=\"\" width=\"150\" height=\"150\" class=\"aligncenter size-full wp-image-4112\" \/><\/p>\n<h4 class=\"title\"><a href=\"http:\/\/l-as-du-fallafel.zenchef.com\/\" target=\"_blank\" rel=\"noopener\">L&#8217;as du Falafel (falafel)<\/a><\/h4>\n<p><strong>34 Rue des Rosiers &#8211; 75004 Paris &#8211; M\u00e9tro : Saint-Paul<\/strong><\/p>\n<p>La rue des Rosiers est\u00e1 repleta de restaurantes escondidos, pero el ganador por millas es L&#8217;As du Falafel, con su fachada verde, la inevitable cola afuera y su entusiasta bienvenida. La especialidad de la casa es el falafel vegetariano (5\u20ac para llevar y 14\u20ac para comer). Es el mejor de Par\u00eds, si crees en el eslogan \u00abSiempre imitado, nunca igualado\u00bb. \u00a1\u00a1Cuchar\u00f3n!! Lenny Kravitz es un habitual&#8230; Chicas, es posible que ya lo hayan visto en un alquiler de bicicletas Velib<\/p>\n<\/div>\n<div class=\"one_third last_column\">\n<img decoding=\"async\" src=\"https:\/\/www.bastillehostel.com\/wp-content\/uploads\/2018\/06\/institut-suedois-paris.jpg\" alt=\"\" width=\"150\" height=\"150\" class=\"aligncenter size-full wp-image-4116\" \/><\/p>\n<h4 class=\"title\"><a href=\"https:\/\/plus.google.com\/104612720990539068399\/about?gl=fr&amp;hl=fr\" target=\"_blank\" rel=\"noopener\">Caf\u00e9 du centre culturel su\u00e9dois (Salon de th\u00e9)<\/a><\/h4>\n<p><strong>11 rue Payenne &#8211; 75003 Paris &#8211; M\u00e9tro : Saint-Paul<\/strong><\/p>\n<p>Este diminuto caf\u00e9 es un peque\u00f1o para\u00edso con su terraza en el patio empedrado de l&#8217;H\u00f4tel de Marle y su acogedor ambiente n\u00f3rdico. Esto es parte del Centro Cultural Sueco, as\u00ed que no te sorprendas con la decoraci\u00f3n de IKEA en la atractiva sala que a menudo alberga exposiciones. El t\u00e9 y el caf\u00e9 cuestan solo 2 \u20ac por todo lo que puedas beber: \u00a1te aferras a tu taza y te sirves todo lo que quieras! Si decides probar el delicioso pastel de zanahoria y disfrutarlo en el patio soleado, prep\u00e1rate para compartirlo con los gorriones locales, \u00a1no se dan por vencidos f\u00e1cilmente!<\/p>\n<\/div>\n\t\t\t\t\t<div class=\"clear\"><\/div>\n\t\t\t\t<\/div>\n\t\t\t<\/div>\n\t\t\t<div class=\"clear\"><\/div>\n\t\t\t\n<div class=\"clear\"><\/div>\n\t\t\t<style type=\"text\/css\">\n\t\t\t\t#content-block-background-1724 { background-image: url(); background-position: 50% 0; background-repeat: repeat; background-color: transparent; background-attachment: scroll; background-size: auto; }\n\t\t\t\t#content-block-body-1724 { padding: 40px 0; color: inherit; }\n\t\t\t\t.content-block-body { margin-left: auto; margin-right: auto; position: relative; }\n\t\t\t<\/style>\n\t\t\t\t\t\t\t<style type=\"text\/css\">\n\t\t\t\t\t#wrapper-1 { overflow-x: hidden; }\n\t\t\t\t\t#content-block-background-1724 { margin: 0 -10000px; padding: 0 10000px; }\n\t\t\t\t<\/style>\n\t\t\t\n\t\t\t\t\t\t<script type=\"text\/javascript\">\n\t\t\t\t\/\/ <![CDATA[\n\t\t\t\tjQuery(document).ready(function($){\n\t\t\t\t\t\"use strict\";\n\t\t\t\t\tif( ! $(\"body\").hasClass( \"mobile-detected\" ) ){\n\t\t\t\t\t\t$(\"#content-block-background-\"+1724).each(function(){\n\t\t\t\t\t\t\tvar $bgobj = $(this); \/\/ Assigning the object.\n\t\t\t\t\t\t\tvar xPos = '50%'; \/\/ x bg position value from the user shortcode.\n\t\t\t\t\t\t\t$(window).scroll(function() {\n\t\t\t\t\t\t\t\tvar yPos = -($(window).scrollTop() \/ 3);\n\t\t\t\t\t\t\t\t\/\/ Put together our final background position.\n\t\t\t\t\t\t\t\tvar coords = xPos+' '+yPos+'px';\n\t\t\t\t\t\t\t\t\/\/ Move the background.\n\t\t\t\t\t\t\t\t$bgobj.css({ backgroundPosition: coords });\n\t\t\t\t\t\t\t});\n\t\t\t\t\t\t});\n\t\t\t\t\t}\n\t\t\t\t});\n\t\t\t\t\/\/ ]]>\n\t\t\t<\/script>\n\t\t\t\n\t\t\t<div class=\"clear\"><\/div>\n\t\t\t<div id=\"content-block-background-1724\" class=\"content-block-background \">\n\t\t\t\t<div id=\"content-block-body-1724\" class=\"content-block-body\">\n\t\t\t\t\t<div class=\"clear\"><\/div>\n\t\t\t\t\t\n<div class=\"one_third\">\n<img decoding=\"async\" src=\"https:\/\/www.bastillehostel.com\/wp-content\/uploads\/2018\/06\/Pink-Flamingo-pizzeria.jpg\" alt=\"\" width=\"150\" height=\"150\" class=\"aligncenter size-full wp-image-4114\" \/><\/p>\n<h4 class=\"title\"><a href=\"https:\/\/www.facebook.com\/Pink-Flamingo-Canal-Saint-Martin-6134619581\/\" target=\"_blank\" class=\"title\" rel=\"noopener\">Pink Flamingo (pizzeria)<\/a><\/h4>\n<p><strong>105 Rue Vieille du Temple &#8211; 75003 Par\u00eds &#8211; Metro: Saint-S\u00e9bastien-Froissart<\/strong><\/p>\n<p>Entra en una pizzer\u00eda y sal con un globo rosa. Invita a tus compa\u00f1eros a cenar en una aut\u00e9ntica camper flower power; entusiasmarse con un Basquiat comestible. Eso es lo que encontrar\u00e1s en el Pink Flamingo, donde las incre\u00edbles pizzas, elaboradas con ingredientes org\u00e1nicos, tienen nombres como Gandhi, Almod\u00f3var y Obama. Hay varias opciones para comer 1) el comedor estilo a\u00f1os cincuenta, 2) el hippy camper, 3) el Pink-Nik: Pides, coges tu globo rosa y te acomodas en los jardines del museo Picasso. Cuando la pizza est\u00e9 lista, el servidor traer\u00e1 su pizza y la fiesta de la pizza puede comenzar al estilo d\u00e9jeuner sur l&#8217;herbe.<\/p>\n<\/div>\n<div class=\"one_third\">\n<img decoding=\"async\" src=\"https:\/\/www.bastillehostel.com\/wp-content\/uploads\/2018\/06\/Berko_rambuteau.jpg\" alt=\"\" width=\"150\" height=\"150\" class=\"aligncenter size-full wp-image-4110\" \/><\/p>\n<h4 class=\"title\"><a href=\"http:\/\/www.berko.fr\/\" target=\"_blank\" class=\"title\" rel=\"noopener\">Berko (G\u00e2teaux)<\/a><\/h4>\n<p><strong>23 rue Rambuteau &#8211; 75004 Paris &#8211; M\u00e9tro : Rambuteau<\/strong><\/p>\n<p>Give yourself a sweet treat before you head for work at the BPI!  Berko is a hangout for would-be yuppies and American college-girl lookalikes where you\u2019ll get to enjoy the delicious display of row on row of colourful mini cupcakes in a multitude of flavours.  Our top three are: the \u2018Black 70% cream cheese\u2019, the \u2018Orange-chocolate\u2019 and for fans of the TV series, the unmissable \u2018Dexter\u2019 with a raspberry and mascarpone filling.  Nom, nom, nom\u2026<\/p>\n<\/div>\n<div class=\"one_third last_column\">\n<img decoding=\"async\" src=\"https:\/\/www.bastillehostel.com\/wp-content\/uploads\/2018\/06\/mosaique-pat-hot-dog.jpg\" alt=\"\" width=\"150\" height=\"150\" class=\"aligncenter size-full wp-image-4113\" \/><\/p>\n<h4 class=\"title\"><a href=\"https:\/\/www.facebook.com\/pages\/biz\/fast_food_restaurant\/La-Mosa%C3%AFque-Pats-Hot-Dog\/143389242371543\/\" target=\"_blank\" class=\"title\" rel=\"noopener\">La Mosa\u00efque (Hot-dogs)<\/a><\/h4>\n<p>\u00a1Date un dulce capricho antes de ir a trabajar al BPI! Berko es un lugar frecuentado por aspirantes a yuppies y chicas universitarias estadounidenses donde podr\u00e1s disfrutar de la deliciosa exhibici\u00f3n de fila tras fila de coloridos mini cupcakes en una multitud de sabores. Nuestro top tres son: el \u2018Black 70% cream cheese\u2019, el \u2018Naranja-chocolate\u2019 y para los fans de la serie, el imperdible \u2018Dexter\u2019 con relleno de frambuesa y mascarpone. nombre, nombre, nombre\u2026<\/p>\n<\/div>\n\t\t\t\t\t<div class=\"clear\"><\/div>\n\t\t\t\t<\/div>\n\t\t\t<\/div>\n\t\t\t<div class=\"clear\"><\/div>\n\t\t\t\n<div class=\"clear\"><\/div>\n\t\t\t<style type=\"text\/css\">\n\t\t\t\t#content-block-background-1335 { background-image: url(); background-position: 50% 0; background-repeat: repeat; background-color: transparent; background-attachment: scroll; background-size: auto; }\n\t\t\t\t#content-block-body-1335 { padding: 40px 0; color: inherit; }\n\t\t\t\t.content-block-body { margin-left: auto; margin-right: auto; position: relative; }\n\t\t\t<\/style>\n\t\t\t\t\t\t\t<style type=\"text\/css\">\n\t\t\t\t\t#wrapper-1 { overflow-x: hidden; }\n\t\t\t\t\t#content-block-background-1335 { margin: 0 -10000px; padding: 0 10000px; }\n\t\t\t\t<\/style>\n\t\t\t\n\t\t\t\t\t\t<script type=\"text\/javascript\">\n\t\t\t\t\/\/ <![CDATA[\n\t\t\t\tjQuery(document).ready(function($){\n\t\t\t\t\t\"use strict\";\n\t\t\t\t\tif( ! $(\"body\").hasClass( \"mobile-detected\" ) ){\n\t\t\t\t\t\t$(\"#content-block-background-\"+1335).each(function(){\n\t\t\t\t\t\t\tvar $bgobj = $(this); \/\/ Assigning the object.\n\t\t\t\t\t\t\tvar xPos = '50%'; \/\/ x bg position value from the user shortcode.\n\t\t\t\t\t\t\t$(window).scroll(function() {\n\t\t\t\t\t\t\t\tvar yPos = -($(window).scrollTop() \/ 3);\n\t\t\t\t\t\t\t\t\/\/ Put together our final background position.\n\t\t\t\t\t\t\t\tvar coords = xPos+' '+yPos+'px';\n\t\t\t\t\t\t\t\t\/\/ Move the background.\n\t\t\t\t\t\t\t\t$bgobj.css({ backgroundPosition: coords });\n\t\t\t\t\t\t\t});\n\t\t\t\t\t\t});\n\t\t\t\t\t}\n\t\t\t\t});\n\t\t\t\t\/\/ ]]>\n\t\t\t<\/script>\n\t\t\t\n\t\t\t<div class=\"clear\"><\/div>\n\t\t\t<div id=\"content-block-background-1335\" class=\"content-block-background \">\n\t\t\t\t<div id=\"content-block-body-1335\" class=\"content-block-body\">\n\t\t\t\t\t<div class=\"clear\"><\/div>\n\t\t\t\t\t\n<div class=\"one_fourth\">\n<a class=\"btn orange survol\" href=\"https:\/\/www.bastillehostel.com\/es\/buenos-planes-en-paris\/descubre-la-zona-del-marais\/donde-tomar-una-copa-en-el-marais\/\"> <i class=\"fa fa-glass\" aria-hidden=\"true\"><\/i>\u00a0D\u00f3nde tomar<br \/>\nuna copa en el Marais <\/a><br \/>\n<\/div>\n<div class=\"one_fourth\">\n<a class=\"btn orange survol\" href=\"https:\/\/www.bastillehostel.com\/es\/buenos-planes-en-paris\/descubre-la-zona-del-marais\/donde-comer-en-el-marais\/\"><i class=\"fa fa-cutlery\" aria-hidden=\"true\"><\/i>\u00a0 D\u00f3nde comer<br \/>\nen el marais <\/a><br \/>\n<\/div>\n<div class=\"one_fourth\">\n<a class=\"btn orange survol\" href=\"https:\/\/www.bastillehostel.com\/es\/buenos-planes-en-paris\/descubre-la-zona-del-marais\/salas-de-musica-en-el-marais\/\"><i class=\"fa fa-music\" aria-hidden=\"true\"><\/i>\u00a0 Locales de m\u00fasica<br \/>\nMarais <\/a><br \/>\n<\/div>\n<div class=\"one_fourth last_column\">\n<a class=\"btn orange survol\" href=\"https:\/\/www.bastillehostel.com\/es\/buenos-planes-en-paris\/descubre-la-zona-del-marais\/mantenerse-en-forma-en-los-marais\/\"><i class=\"fa fa-bicycle\" aria-hidden=\"true\"><\/i>\u00a0Mantener la forma<br \/>\nen el marais <\/a><br \/>\n<\/div>\n\t\t\t\t\t<div class=\"clear\"><\/div>\n\t\t\t\t<\/div>\n\t\t\t<\/div>\n\t\t\t<div class=\"clear\"><\/div>\n\t\t\t\n","protected":false},"excerpt":{"rendered":"<p>Brunch de los domingos, falafels en la rue des Rosiers, aut\u00e9nticos bagels jud\u00edos, jardines delanteros de casas antiguas convertidos en terrazas de caf\u00e9&#8230; son solo algunas de las atracciones gastron\u00f3micas del Marais. El almuerzo en este trimestre puede resultar m\u00e1s barato de lo que piensas.<\/p>\n","protected":false},"author":6,"featured_media":0,"parent":5659,"menu_order":0,"comment_status":"closed","ping_status":"closed","template":"page-FullWidth.php","meta":{"footnotes":""},"class_list":["post-5706","page","type-page","status-publish","hentry"],"yoast_head":"<!-- This site is optimized with the Yoast SEO plugin v27.6 - https:\/\/yoast.com\/product\/yoast-seo-wordpress\/ -->\n<title>D\u00f3nde comer en el Marais - Bastille Hostel - Albergue Juvenil en Paris<\/title>\n<meta name=\"robots\" content=\"index, follow, max-snippet:-1, max-image-preview:large, max-video-preview:-1\" \/>\n<link rel=\"canonical\" href=\"https:\/\/www.bastillehostel.com\/es\/buenos-planes-en-paris\/descubre-la-zona-del-marais\/donde-comer-en-el-marais\/\" \/>\n<meta property=\"og:locale\" content=\"es_ES\" \/>\n<meta property=\"og:type\" content=\"article\" \/>\n<meta property=\"og:title\" content=\"D\u00f3nde comer en el Marais - Bastille Hostel - Albergue Juvenil en Paris\" \/>\n<meta property=\"og:description\" content=\"Brunch de los domingos, falafels en la rue des Rosiers, aut\u00e9nticos bagels jud\u00edos, jardines delanteros de casas antiguas convertidos en terrazas de caf\u00e9&#8230; son solo algunas de las atracciones gastron\u00f3micas del Marais. El almuerzo en este trimestre puede resultar m\u00e1s barato de lo que piensas.\" \/>\n<meta property=\"og:url\" content=\"https:\/\/www.bastillehostel.com\/es\/buenos-planes-en-paris\/descubre-la-zona-del-marais\/donde-comer-en-el-marais\/\" \/>\n<meta property=\"og:site_name\" content=\"Bastille Hostel - Albergue Juvenil en Paris\" \/>\n<meta property=\"article:modified_time\" content=\"2023-05-04T12:20:11+00:00\" \/>\n<meta property=\"og:image\" content=\"https:\/\/www.bastillehostel.com\/wp-content\/uploads\/2018\/06\/breakfast-in-america.jpg\" \/>\n<meta name=\"twitter:card\" content=\"summary_large_image\" \/>\n<meta name=\"twitter:label1\" content=\"Tiempo de lectura\" \/>\n\t<meta name=\"twitter:data1\" content=\"5 minutos\" \/>\n<script type=\"application\/ld+json\" class=\"yoast-schema-graph\">{\"@context\":\"https:\\\/\\\/schema.org\",\"@graph\":[{\"@type\":\"WebPage\",\"@id\":\"https:\\\/\\\/www.bastillehostel.com\\\/es\\\/buenos-planes-en-paris\\\/descubre-la-zona-del-marais\\\/donde-comer-en-el-marais\\\/\",\"url\":\"https:\\\/\\\/www.bastillehostel.com\\\/es\\\/buenos-planes-en-paris\\\/descubre-la-zona-del-marais\\\/donde-comer-en-el-marais\\\/\",\"name\":\"D\u00f3nde comer en el Marais - Bastille Hostel - Albergue Juvenil en Paris\",\"isPartOf\":{\"@id\":\"https:\\\/\\\/www.bastillehostel.com\\\/fr\\\/#website\"},\"primaryImageOfPage\":{\"@id\":\"https:\\\/\\\/www.bastillehostel.com\\\/es\\\/buenos-planes-en-paris\\\/descubre-la-zona-del-marais\\\/donde-comer-en-el-marais\\\/#primaryimage\"},\"image\":{\"@id\":\"https:\\\/\\\/www.bastillehostel.com\\\/es\\\/buenos-planes-en-paris\\\/descubre-la-zona-del-marais\\\/donde-comer-en-el-marais\\\/#primaryimage\"},\"thumbnailUrl\":\"https:\\\/\\\/www.bastillehostel.com\\\/wp-content\\\/uploads\\\/2018\\\/06\\\/breakfast-in-america.jpg\",\"datePublished\":\"2023-05-04T12:09:55+00:00\",\"dateModified\":\"2023-05-04T12:20:11+00:00\",\"breadcrumb\":{\"@id\":\"https:\\\/\\\/www.bastillehostel.com\\\/es\\\/buenos-planes-en-paris\\\/descubre-la-zona-del-marais\\\/donde-comer-en-el-marais\\\/#breadcrumb\"},\"inLanguage\":\"es\",\"potentialAction\":[{\"@type\":\"ReadAction\",\"target\":[\"https:\\\/\\\/www.bastillehostel.com\\\/es\\\/buenos-planes-en-paris\\\/descubre-la-zona-del-marais\\\/donde-comer-en-el-marais\\\/\"]}]},{\"@type\":\"ImageObject\",\"inLanguage\":\"es\",\"@id\":\"https:\\\/\\\/www.bastillehostel.com\\\/es\\\/buenos-planes-en-paris\\\/descubre-la-zona-del-marais\\\/donde-comer-en-el-marais\\\/#primaryimage\",\"url\":\"https:\\\/\\\/www.bastillehostel.com\\\/wp-content\\\/uploads\\\/2018\\\/06\\\/breakfast-in-america.jpg\",\"contentUrl\":\"https:\\\/\\\/www.bastillehostel.com\\\/wp-content\\\/uploads\\\/2018\\\/06\\\/breakfast-in-america.jpg\"},{\"@type\":\"BreadcrumbList\",\"@id\":\"https:\\\/\\\/www.bastillehostel.com\\\/es\\\/buenos-planes-en-paris\\\/descubre-la-zona-del-marais\\\/donde-comer-en-el-marais\\\/#breadcrumb\",\"itemListElement\":[{\"@type\":\"ListItem\",\"position\":1,\"name\":\"Home\",\"item\":\"https:\\\/\\\/www.bastillehostel.com\\\/es\\\/\"},{\"@type\":\"ListItem\",\"position\":2,\"name\":\"Los buenos planes en Par\u00eds\",\"item\":\"https:\\\/\\\/www.bastillehostel.com\\\/es\\\/buenos-planes-en-paris\\\/\"},{\"@type\":\"ListItem\",\"position\":3,\"name\":\"Descubre la zona del \u201cMarais\u201d\",\"item\":\"https:\\\/\\\/www.bastillehostel.com\\\/es\\\/buenos-planes-en-paris\\\/descubre-la-zona-del-marais\\\/\"},{\"@type\":\"ListItem\",\"position\":4,\"name\":\"D\u00f3nde comer en el Marais\"}]},{\"@type\":\"WebSite\",\"@id\":\"https:\\\/\\\/www.bastillehostel.com\\\/fr\\\/#website\",\"url\":\"https:\\\/\\\/www.bastillehostel.com\\\/fr\\\/\",\"name\":\"Bastille Hostel - Albergue Juvenil en Paris\",\"description\":\"Bastille Hostel - Albergue Juvenil en Paris\",\"potentialAction\":[{\"@type\":\"SearchAction\",\"target\":{\"@type\":\"EntryPoint\",\"urlTemplate\":\"https:\\\/\\\/www.bastillehostel.com\\\/fr\\\/?s={search_term_string}\"},\"query-input\":{\"@type\":\"PropertyValueSpecification\",\"valueRequired\":true,\"valueName\":\"search_term_string\"}}],\"inLanguage\":\"es\"}]}<\/script>\n<!-- \/ Yoast SEO plugin. -->","yoast_head_json":{"title":"D\u00f3nde comer en el Marais - Bastille Hostel - Albergue Juvenil en Paris","robots":{"index":"index","follow":"follow","max-snippet":"max-snippet:-1","max-image-preview":"max-image-preview:large","max-video-preview":"max-video-preview:-1"},"canonical":"https:\/\/www.bastillehostel.com\/es\/buenos-planes-en-paris\/descubre-la-zona-del-marais\/donde-comer-en-el-marais\/","og_locale":"es_ES","og_type":"article","og_title":"D\u00f3nde comer en el Marais - Bastille Hostel - Albergue Juvenil en Paris","og_description":"Brunch de los domingos, falafels en la rue des Rosiers, aut\u00e9nticos bagels jud\u00edos, jardines delanteros de casas antiguas convertidos en terrazas de caf\u00e9&#8230; son solo algunas de las atracciones gastron\u00f3micas del Marais. El almuerzo en este trimestre puede resultar m\u00e1s barato de lo que piensas.","og_url":"https:\/\/www.bastillehostel.com\/es\/buenos-planes-en-paris\/descubre-la-zona-del-marais\/donde-comer-en-el-marais\/","og_site_name":"Bastille Hostel - Albergue Juvenil en Paris","article_modified_time":"2023-05-04T12:20:11+00:00","og_image":[{"url":"https:\/\/www.bastillehostel.com\/wp-content\/uploads\/2018\/06\/breakfast-in-america.jpg","type":"","width":"","height":""}],"twitter_card":"summary_large_image","twitter_misc":{"Tiempo de lectura":"5 minutos"},"schema":{"@context":"https:\/\/schema.org","@graph":[{"@type":"WebPage","@id":"https:\/\/www.bastillehostel.com\/es\/buenos-planes-en-paris\/descubre-la-zona-del-marais\/donde-comer-en-el-marais\/","url":"https:\/\/www.bastillehostel.com\/es\/buenos-planes-en-paris\/descubre-la-zona-del-marais\/donde-comer-en-el-marais\/","name":"D\u00f3nde comer en el Marais - Bastille Hostel - Albergue Juvenil en Paris","isPartOf":{"@id":"https:\/\/www.bastillehostel.com\/fr\/#website"},"primaryImageOfPage":{"@id":"https:\/\/www.bastillehostel.com\/es\/buenos-planes-en-paris\/descubre-la-zona-del-marais\/donde-comer-en-el-marais\/#primaryimage"},"image":{"@id":"https:\/\/www.bastillehostel.com\/es\/buenos-planes-en-paris\/descubre-la-zona-del-marais\/donde-comer-en-el-marais\/#primaryimage"},"thumbnailUrl":"https:\/\/www.bastillehostel.com\/wp-content\/uploads\/2018\/06\/breakfast-in-america.jpg","datePublished":"2023-05-04T12:09:55+00:00","dateModified":"2023-05-04T12:20:11+00:00","breadcrumb":{"@id":"https:\/\/www.bastillehostel.com\/es\/buenos-planes-en-paris\/descubre-la-zona-del-marais\/donde-comer-en-el-marais\/#breadcrumb"},"inLanguage":"es","potentialAction":[{"@type":"ReadAction","target":["https:\/\/www.bastillehostel.com\/es\/buenos-planes-en-paris\/descubre-la-zona-del-marais\/donde-comer-en-el-marais\/"]}]},{"@type":"ImageObject","inLanguage":"es","@id":"https:\/\/www.bastillehostel.com\/es\/buenos-planes-en-paris\/descubre-la-zona-del-marais\/donde-comer-en-el-marais\/#primaryimage","url":"https:\/\/www.bastillehostel.com\/wp-content\/uploads\/2018\/06\/breakfast-in-america.jpg","contentUrl":"https:\/\/www.bastillehostel.com\/wp-content\/uploads\/2018\/06\/breakfast-in-america.jpg"},{"@type":"BreadcrumbList","@id":"https:\/\/www.bastillehostel.com\/es\/buenos-planes-en-paris\/descubre-la-zona-del-marais\/donde-comer-en-el-marais\/#breadcrumb","itemListElement":[{"@type":"ListItem","position":1,"name":"Home","item":"https:\/\/www.bastillehostel.com\/es\/"},{"@type":"ListItem","position":2,"name":"Los buenos planes en Par\u00eds","item":"https:\/\/www.bastillehostel.com\/es\/buenos-planes-en-paris\/"},{"@type":"ListItem","position":3,"name":"Descubre la zona del \u201cMarais\u201d","item":"https:\/\/www.bastillehostel.com\/es\/buenos-planes-en-paris\/descubre-la-zona-del-marais\/"},{"@type":"ListItem","position":4,"name":"D\u00f3nde comer en el Marais"}]},{"@type":"WebSite","@id":"https:\/\/www.bastillehostel.com\/fr\/#website","url":"https:\/\/www.bastillehostel.com\/fr\/","name":"Bastille Hostel - Albergue Juvenil en Paris","description":"Bastille Hostel - Albergue Juvenil en Paris","potentialAction":[{"@type":"SearchAction","target":{"@type":"EntryPoint","urlTemplate":"https:\/\/www.bastillehostel.com\/fr\/?s={search_term_string}"},"query-input":{"@type":"PropertyValueSpecification","valueRequired":true,"valueName":"search_term_string"}}],"inLanguage":"es"}]}},"_links":{"self":[{"href":"https:\/\/www.bastillehostel.com\/es\/wp-json\/wp\/v2\/pages\/5706","targetHints":{"allow":["GET"]}}],"collection":[{"href":"https:\/\/www.bastillehostel.com\/es\/wp-json\/wp\/v2\/pages"}],"about":[{"href":"https:\/\/www.bastillehostel.com\/es\/wp-json\/wp\/v2\/types\/page"}],"author":[{"embeddable":true,"href":"https:\/\/www.bastillehostel.com\/es\/wp-json\/wp\/v2\/users\/6"}],"replies":[{"embeddable":true,"href":"https:\/\/www.bastillehostel.com\/es\/wp-json\/wp\/v2\/comments?post=5706"}],"version-history":[{"count":6,"href":"https:\/\/www.bastillehostel.com\/es\/wp-json\/wp\/v2\/pages\/5706\/revisions"}],"predecessor-version":[{"id":5728,"href":"https:\/\/www.bastillehostel.com\/es\/wp-json\/wp\/v2\/pages\/5706\/revisions\/5728"}],"up":[{"embeddable":true,"href":"https:\/\/www.bastillehostel.com\/es\/wp-json\/wp\/v2\/pages\/5659"}],"wp:attachment":[{"href":"https:\/\/www.bastillehostel.com\/es\/wp-json\/wp\/v2\/media?parent=5706"}],"curies":[{"name":"wp","href":"https:\/\/api.w.org\/{rel}","templated":true}]}}