{"id":5700,"date":"2023-05-04T14:03:05","date_gmt":"2023-05-04T12:03:05","guid":{"rendered":"https:\/\/www.bastillehostel.com\/?page_id=5700"},"modified":"2023-05-04T14:19:28","modified_gmt":"2023-05-04T12:19:28","slug":"donde-tomar-una-copa-en-el-marais","status":"publish","type":"page","link":"https:\/\/www.bastillehostel.com\/es\/buenos-planes-en-paris\/descubre-la-zona-del-marais\/donde-tomar-una-copa-en-el-marais\/","title":{"rendered":"D\u00f3nde tomar una copa en el Marais"},"content":{"rendered":"<p>Desde bares gay-friendly exc\u00e9ntricos y muy animados hasta tranquilas teter\u00edas, desde terrazas de moda hasta pubs de estilo ingl\u00e9s&#8230; \u00a1aqu\u00ed hay algo para todos!<\/p>\n<div class=\"one_third\">\n<img decoding=\"async\" src=\"https:\/\/www.bastillehostel.com\/wp-content\/uploads\/2018\/06\/paris-le-loir-dans-la-theiere-12289.jpg\" alt=\"\" width=\"150\" height=\"150\" class=\"aligncenter size-full wp-image-4012\" \/><\/p>\n<h4 class=\"title\"><a href=\"http:\/\/leloirdanslatheiere.com\/\" target=\"_blank\" rel=\"noopener\">Le Loir Dans La Th\u00e9i\u00e8re<\/a><\/h4>\n<p><strong>3 Rue des Rosiers &#8211; 75004 Par\u00eds &#8211; Metro:\u00a0Saint-Paul<\/strong><br \/>\n\u00bfEst\u00e1s pensando en escribir tus memorias acurrucado en un c\u00f3modo sill\u00f3n en el Loir dans la Th\u00e9i\u00e8re? Bueno, \u00a1aseg\u00farate de estar armado con papel y bol\u00edgrafos porque las computadoras port\u00e1tiles no est\u00e1n permitidas en este sal\u00f3n de t\u00e9 con un toque internacional, muebles antiguos y paredes cubiertas con carteles de teatro! Qu\u00e9 importa eso, cuando puedes burlarte de bizcocho de chocolate y crumble casero. Sin embargo, le recomendamos que evite su brunch de fin de semana. Es v\u00edctima de su propio \u00e9xito y ya no tiene una buena relaci\u00f3n calidad-precio.<br \/>\n<\/div>\n<div class=\"one_third\">\n<img decoding=\"async\" src=\"https:\/\/www.bastillehostel.com\/wp-content\/uploads\/2018\/06\/pick-clops.jpg\" alt=\"\" width=\"150\" height=\"150\" class=\"aligncenter size -imagen-wp-completa-4013\"\/><\/p>\n<h4 class=\"title\"><a href=\"https:\/\/plus.google.com\/109238274748177414050\/about?gl=fr&amp;hl=fr\" target=\"_blank\" rel=\"noopener\">Le Pick Clops<\/a><\/h4>\n<p><strong>16 Rue Vieille du Temple &#8211; 75004 Par\u00eds &#8211; Metro:\u00a0Saint-Paul<\/strong><\/p>\n<p>Tan pronto como cruces el umbral de Pick Clops, te encontrar\u00e1s en un mundo encantado al estilo de los a\u00f1os cincuenta. El olor omnipresente de las palomitas de ma\u00edz (que se sirven con las bebidas), la decoraci\u00f3n en rosa fluorescente y las mesas de f\u00f3rmica multicolor hacen que est\u00e9s esperando que el Fonz entre en cualquier momento. La terraza tiene la ventaja de estar situada en un cruce de caminos muy concurrido y la desventaja, por la misma raz\u00f3n, de estar siempre abarrotada. No dejes de probar los bagels de 11\u20ac.<br \/>\n<\/div>\n<div class=\"one_third last_column\">\n<img decoding=\"async\" src=\"https:\/\/www.bastillehostel.com\/wp-content\/uploads\/2018\/06\/la-perle-bar-paris-marais.jpg\" alt=\"\" width=\"150\" height=\"150 \" class=\"aligncenter size-full wp-image-4009\"\/><\/p>\n<h4 class=\"title\"><a href=\"http:\/\/cafelaperle.com\/\" target=\"_blank\" rel=\"noopener\">La Perle<\/a><\/h4>\n<p><strong>78 rue Vieille du Temple &#8211; 75003 Par\u00eds &#8211; Metro:\u00a0Filles-du-Calvaire<\/strong><br \/>\nTome un bar inmerso en los a\u00f1os setenta, hay mucho para elegir, agregue una terraza realmente bien ubicada, m\u00e9zclese bien con algunos clientes habituales VIP y un tranquilo bar local de repente se convierte en un lugar de moda para estar. Pruebe La Perle un s\u00e1bado para tomar una copa antes de la cena y ver\u00e1 por s\u00ed mismo el fen\u00f3meno que marca tendencia &#8216;hecho en Marais&#8217;. Seguro que conocer\u00e1s gente interesante en esta concurrida calle.<br \/>\n<\/div>\n<div class=\"clear\"><\/div>\n<div class=\"one_third\">\n<img decoding=\"async\" src=\"https:\/\/www.bastillehostel.com\/wp-content\/uploads\/2018\/06\/lattirail.png\" alt=\"\" width=\"150\" height=\"150\" class=\"aligncenter size-full wp-imagen-4010\" \/><\/p>\n<h4 class=\"title\"><a href=\"http:\/\/www.lattirail.fr\/\" target=\"_blank\" rel=\"noopener\">L&#8217;attirail<\/a><\/h4>\n<p><strong>9, rue au Maire &#8211; 75003 Par\u00eds &#8211; Metro:\u00a0Arts-et-M\u00e9tiers<\/strong><br \/>\nEste puerto de escala local de estilo antiguo, sus paredes forradas con carteles y fotos de fotomat\u00f3n, es uno de los aut\u00e9nticos puntos de referencia para los estudiantes de este barrio. Una vez los estudiantes se reun\u00edan para disfrutar de una cerveza y escuchar m\u00fasica. Ahora ya no hay m\u00fasica en vivo, \u00a1pero la cerveza sigue siendo buena! Hora feliz de 3:30 a 8:00 p. m.<br \/>\n<\/div>\n<div class=\"one_third\">\n<img decoding=\"async\" src=\"https:\/\/www.bastillehostel.com\/wp-content\/uploads\/2018\/06\/les-souffleurs-150x150.jpg\" alt=\"\" width=\"150\" height=\"150\" class=\" aligncenter tama\u00f1o-full wp-image-4011\" \/><\/p>\n<h4 class=\"title\"><a href=\"https:\/\/www.facebook.com\/lessouffleursofficiel\" target=\"_blank\" rel=\"noopener\">Les Souffleurs<\/a><\/h4>\n<p><strong>7 Rue de la Verrerie &#8211; 75004 Par\u00eds &#8211; Metro:\u00a0H\u00f4tel-de-ville<\/strong><br \/>\nLes Souffleurs est\u00e1 en la esquina de la rue des Mauvais Gar\u00e7ons (\u00a1la calle de los chicos malos!). \u00a1Tiene un buen nombre porque es un buen lugar gay-friendly! Arriba, puede tomar un c\u00f3ctel en un sill\u00f3n de cuero y en un ambiente acogedor. Abajo, en el s\u00f3tano, el ambiente pronto se pone al rojo vivo, especialmente los fines de semana, cuando varios DJ mantienen la m\u00fasica durante toda la noche. \u00bfNo gay? No se preocupe, todos son bienvenidos aqu\u00ed, homosexuales o heterosexuales.<\/p>\n<\/div>\n<div class=\"one_third last_column\">\n<\/div>\n\t\t\t<style type=\"text\/css\">\n\t\t\t\t#content-block-background-1254 { background-image: url(); background-position: 50% 0; background-repeat: repeat; background-color: transparent; background-attachment: scroll; background-size: auto; }\n\t\t\t\t#content-block-body-1254 { padding: 40px 0; color: inherit; }\n\t\t\t\t.content-block-body { margin-left: auto; margin-right: auto; position: relative; }\n\t\t\t<\/style>\n\t\t\t\t\t\t\t<style type=\"text\/css\">\n\t\t\t\t\t#wrapper-1 { overflow-x: hidden; }\n\t\t\t\t\t#content-block-background-1254 { margin: 0 -10000px; padding: 0 10000px; }\n\t\t\t\t<\/style>\n\t\t\t\n\t\t\t\t\t\t<script type=\"text\/javascript\">\n\t\t\t\t\/\/ <![CDATA[\n\t\t\t\tjQuery(document).ready(function($){\n\t\t\t\t\t\"use strict\";\n\t\t\t\t\tif( ! $(\"body\").hasClass( \"mobile-detected\" ) ){\n\t\t\t\t\t\t$(\"#content-block-background-\"+1254).each(function(){\n\t\t\t\t\t\t\tvar $bgobj = $(this); \/\/ Assigning the object.\n\t\t\t\t\t\t\tvar xPos = '50%'; \/\/ x bg position value from the user shortcode.\n\t\t\t\t\t\t\t$(window).scroll(function() {\n\t\t\t\t\t\t\t\tvar yPos = -($(window).scrollTop() \/ 3);\n\t\t\t\t\t\t\t\t\/\/ Put together our final background position.\n\t\t\t\t\t\t\t\tvar coords = xPos+' '+yPos+'px';\n\t\t\t\t\t\t\t\t\/\/ Move the background.\n\t\t\t\t\t\t\t\t$bgobj.css({ backgroundPosition: coords });\n\t\t\t\t\t\t\t});\n\t\t\t\t\t\t});\n\t\t\t\t\t}\n\t\t\t\t});\n\t\t\t\t\/\/ ]]>\n\t\t\t<\/script>\n\t\t\t\n\t\t\t<div class=\"clear\"><\/div>\n\t\t\t<div id=\"content-block-background-1254\" class=\"content-block-background \">\n\t\t\t\t<div id=\"content-block-body-1254\" class=\"content-block-body\">\n\t\t\t\t\t<div class=\"clear\"><\/div>\n\t\t\t\t\t\n<div class=\"one_fourth\">\n<a class=\"btn orange survol\" href=\"https:\/\/www.bastillehostel.com\/es\/buenos-planes-en-paris\/descubre-la-zona-del-marais\/donde-tomar-una-copa-en-el-marais\/\"> <i class=\"fa fa-glass\" aria-hidden=\"true\"><\/i>\u00a0D\u00f3nde tomar<br \/>\nuna copa en el Marais <\/a><br \/>\n<\/div>\n<div class=\"one_fourth\">\n<a class=\"btn orange survol\" href=\"https:\/\/www.bastillehostel.com\/es\/buenos-planes-en-paris\/descubre-la-zona-del-marais\/donde-comer-en-el-marais\/\"><i class=\"fa fa-cutlery\" aria-hidden=\"true\"><\/i>\u00a0 D\u00f3nde comer<br \/>\nen el marais <\/a><br \/>\n<\/div>\n<div class=\"one_fourth\">\n<a class=\"btn orange survol\" href=\"https:\/\/www.bastillehostel.com\/es\/buenos-planes-en-paris\/descubre-la-zona-del-marais\/salas-de-musica-en-el-marais\/\"><i class=\"fa fa-music\" aria-hidden=\"true\"><\/i>\u00a0 Locales de m\u00fasica<br \/>\nMarais <\/a><br \/>\n<\/div>\n<div class=\"one_fourth last_column\">\n<a class=\"btn orange survol\" href=\"https:\/\/www.bastillehostel.com\/es\/buenos-planes-en-paris\/descubre-la-zona-del-marais\/mantenerse-en-forma-en-los-marais\/\"><i class=\"fa fa-bicycle\" aria-hidden=\"true\"><\/i>\u00a0Mantener la forma<br \/>\nen el marais <\/a><br \/>\n<\/div>\n\t\t\t\t\t<div class=\"clear\"><\/div>\n\t\t\t\t<\/div>\n\t\t\t<\/div>\n\t\t\t<div class=\"clear\"><\/div>\n\t\t\t\n","protected":false},"excerpt":{"rendered":"<p>Desde bares gay-friendly exc\u00e9ntricos y muy animados hasta tranquilas teter\u00edas, desde terrazas de moda hasta pubs de estilo ingl\u00e9s&#8230; \u00a1aqu\u00ed hay algo para todos!<\/p>\n","protected":false},"author":6,"featured_media":0,"parent":5659,"menu_order":0,"comment_status":"closed","ping_status":"closed","template":"page-FullWidth.php","meta":{"footnotes":""},"class_list":["post-5700","page","type-page","status-publish","hentry"],"yoast_head":"<!-- This site is optimized with the Yoast SEO plugin v27.4 - https:\/\/yoast.com\/product\/yoast-seo-wordpress\/ -->\n<title>D\u00f3nde tomar una copa en el Marais - Bastille Hostel - Albergue Juvenil en Paris<\/title>\n<meta name=\"robots\" content=\"index, follow, max-snippet:-1, max-image-preview:large, max-video-preview:-1\" \/>\n<link rel=\"canonical\" href=\"https:\/\/www.bastillehostel.com\/es\/buenos-planes-en-paris\/descubre-la-zona-del-marais\/donde-tomar-una-copa-en-el-marais\/\" \/>\n<meta property=\"og:locale\" content=\"es_ES\" \/>\n<meta property=\"og:type\" content=\"article\" \/>\n<meta property=\"og:title\" content=\"D\u00f3nde tomar una copa en el Marais - Bastille Hostel - Albergue Juvenil en Paris\" \/>\n<meta property=\"og:description\" content=\"Desde bares gay-friendly exc\u00e9ntricos y muy animados hasta tranquilas teter\u00edas, desde terrazas de moda hasta pubs de estilo ingl\u00e9s&#8230; \u00a1aqu\u00ed hay algo para todos!\" \/>\n<meta property=\"og:url\" content=\"https:\/\/www.bastillehostel.com\/es\/buenos-planes-en-paris\/descubre-la-zona-del-marais\/donde-tomar-una-copa-en-el-marais\/\" \/>\n<meta property=\"og:site_name\" content=\"Bastille Hostel - Albergue Juvenil en Paris\" \/>\n<meta property=\"article:modified_time\" content=\"2023-05-04T12:19:28+00:00\" \/>\n<meta property=\"og:image\" content=\"https:\/\/www.bastillehostel.com\/wp-content\/uploads\/2018\/06\/paris-le-loir-dans-la-theiere-12289.jpg\" \/>\n<meta name=\"twitter:card\" content=\"summary_large_image\" \/>\n<meta name=\"twitter:label1\" content=\"Tiempo de lectura\" \/>\n\t<meta name=\"twitter:data1\" content=\"4 minutos\" \/>\n<script type=\"application\/ld+json\" class=\"yoast-schema-graph\">{\"@context\":\"https:\\\/\\\/schema.org\",\"@graph\":[{\"@type\":\"WebPage\",\"@id\":\"https:\\\/\\\/www.bastillehostel.com\\\/es\\\/buenos-planes-en-paris\\\/descubre-la-zona-del-marais\\\/donde-tomar-una-copa-en-el-marais\\\/\",\"url\":\"https:\\\/\\\/www.bastillehostel.com\\\/es\\\/buenos-planes-en-paris\\\/descubre-la-zona-del-marais\\\/donde-tomar-una-copa-en-el-marais\\\/\",\"name\":\"D\u00f3nde tomar una copa en el Marais - Bastille Hostel - Albergue Juvenil en Paris\",\"isPartOf\":{\"@id\":\"https:\\\/\\\/www.bastillehostel.com\\\/fr\\\/#website\"},\"primaryImageOfPage\":{\"@id\":\"https:\\\/\\\/www.bastillehostel.com\\\/es\\\/buenos-planes-en-paris\\\/descubre-la-zona-del-marais\\\/donde-tomar-una-copa-en-el-marais\\\/#primaryimage\"},\"image\":{\"@id\":\"https:\\\/\\\/www.bastillehostel.com\\\/es\\\/buenos-planes-en-paris\\\/descubre-la-zona-del-marais\\\/donde-tomar-una-copa-en-el-marais\\\/#primaryimage\"},\"thumbnailUrl\":\"https:\\\/\\\/www.bastillehostel.com\\\/wp-content\\\/uploads\\\/2018\\\/06\\\/paris-le-loir-dans-la-theiere-12289.jpg\",\"datePublished\":\"2023-05-04T12:03:05+00:00\",\"dateModified\":\"2023-05-04T12:19:28+00:00\",\"breadcrumb\":{\"@id\":\"https:\\\/\\\/www.bastillehostel.com\\\/es\\\/buenos-planes-en-paris\\\/descubre-la-zona-del-marais\\\/donde-tomar-una-copa-en-el-marais\\\/#breadcrumb\"},\"inLanguage\":\"es\",\"potentialAction\":[{\"@type\":\"ReadAction\",\"target\":[\"https:\\\/\\\/www.bastillehostel.com\\\/es\\\/buenos-planes-en-paris\\\/descubre-la-zona-del-marais\\\/donde-tomar-una-copa-en-el-marais\\\/\"]}]},{\"@type\":\"ImageObject\",\"inLanguage\":\"es\",\"@id\":\"https:\\\/\\\/www.bastillehostel.com\\\/es\\\/buenos-planes-en-paris\\\/descubre-la-zona-del-marais\\\/donde-tomar-una-copa-en-el-marais\\\/#primaryimage\",\"url\":\"https:\\\/\\\/www.bastillehostel.com\\\/wp-content\\\/uploads\\\/2018\\\/06\\\/paris-le-loir-dans-la-theiere-12289.jpg\",\"contentUrl\":\"https:\\\/\\\/www.bastillehostel.com\\\/wp-content\\\/uploads\\\/2018\\\/06\\\/paris-le-loir-dans-la-theiere-12289.jpg\"},{\"@type\":\"BreadcrumbList\",\"@id\":\"https:\\\/\\\/www.bastillehostel.com\\\/es\\\/buenos-planes-en-paris\\\/descubre-la-zona-del-marais\\\/donde-tomar-una-copa-en-el-marais\\\/#breadcrumb\",\"itemListElement\":[{\"@type\":\"ListItem\",\"position\":1,\"name\":\"Home\",\"item\":\"https:\\\/\\\/www.bastillehostel.com\\\/es\\\/\"},{\"@type\":\"ListItem\",\"position\":2,\"name\":\"Los buenos planes en Par\u00eds\",\"item\":\"https:\\\/\\\/www.bastillehostel.com\\\/es\\\/buenos-planes-en-paris\\\/\"},{\"@type\":\"ListItem\",\"position\":3,\"name\":\"Descubre la zona del \u201cMarais\u201d\",\"item\":\"https:\\\/\\\/www.bastillehostel.com\\\/es\\\/buenos-planes-en-paris\\\/descubre-la-zona-del-marais\\\/\"},{\"@type\":\"ListItem\",\"position\":4,\"name\":\"D\u00f3nde tomar una copa en el Marais\"}]},{\"@type\":\"WebSite\",\"@id\":\"https:\\\/\\\/www.bastillehostel.com\\\/fr\\\/#website\",\"url\":\"https:\\\/\\\/www.bastillehostel.com\\\/fr\\\/\",\"name\":\"Bastille Hostel - Albergue Juvenil en Paris\",\"description\":\"Bastille Hostel - Albergue Juvenil en Paris\",\"potentialAction\":[{\"@type\":\"SearchAction\",\"target\":{\"@type\":\"EntryPoint\",\"urlTemplate\":\"https:\\\/\\\/www.bastillehostel.com\\\/fr\\\/?s={search_term_string}\"},\"query-input\":{\"@type\":\"PropertyValueSpecification\",\"valueRequired\":true,\"valueName\":\"search_term_string\"}}],\"inLanguage\":\"es\"}]}<\/script>\n<!-- \/ Yoast SEO plugin. -->","yoast_head_json":{"title":"D\u00f3nde tomar una copa en el Marais - Bastille Hostel - Albergue Juvenil en Paris","robots":{"index":"index","follow":"follow","max-snippet":"max-snippet:-1","max-image-preview":"max-image-preview:large","max-video-preview":"max-video-preview:-1"},"canonical":"https:\/\/www.bastillehostel.com\/es\/buenos-planes-en-paris\/descubre-la-zona-del-marais\/donde-tomar-una-copa-en-el-marais\/","og_locale":"es_ES","og_type":"article","og_title":"D\u00f3nde tomar una copa en el Marais - Bastille Hostel - Albergue Juvenil en Paris","og_description":"Desde bares gay-friendly exc\u00e9ntricos y muy animados hasta tranquilas teter\u00edas, desde terrazas de moda hasta pubs de estilo ingl\u00e9s&#8230; \u00a1aqu\u00ed hay algo para todos!","og_url":"https:\/\/www.bastillehostel.com\/es\/buenos-planes-en-paris\/descubre-la-zona-del-marais\/donde-tomar-una-copa-en-el-marais\/","og_site_name":"Bastille Hostel - Albergue Juvenil en Paris","article_modified_time":"2023-05-04T12:19:28+00:00","og_image":[{"url":"https:\/\/www.bastillehostel.com\/wp-content\/uploads\/2018\/06\/paris-le-loir-dans-la-theiere-12289.jpg","type":"","width":"","height":""}],"twitter_card":"summary_large_image","twitter_misc":{"Tiempo de lectura":"4 minutos"},"schema":{"@context":"https:\/\/schema.org","@graph":[{"@type":"WebPage","@id":"https:\/\/www.bastillehostel.com\/es\/buenos-planes-en-paris\/descubre-la-zona-del-marais\/donde-tomar-una-copa-en-el-marais\/","url":"https:\/\/www.bastillehostel.com\/es\/buenos-planes-en-paris\/descubre-la-zona-del-marais\/donde-tomar-una-copa-en-el-marais\/","name":"D\u00f3nde tomar una copa en el Marais - Bastille Hostel - Albergue Juvenil en Paris","isPartOf":{"@id":"https:\/\/www.bastillehostel.com\/fr\/#website"},"primaryImageOfPage":{"@id":"https:\/\/www.bastillehostel.com\/es\/buenos-planes-en-paris\/descubre-la-zona-del-marais\/donde-tomar-una-copa-en-el-marais\/#primaryimage"},"image":{"@id":"https:\/\/www.bastillehostel.com\/es\/buenos-planes-en-paris\/descubre-la-zona-del-marais\/donde-tomar-una-copa-en-el-marais\/#primaryimage"},"thumbnailUrl":"https:\/\/www.bastillehostel.com\/wp-content\/uploads\/2018\/06\/paris-le-loir-dans-la-theiere-12289.jpg","datePublished":"2023-05-04T12:03:05+00:00","dateModified":"2023-05-04T12:19:28+00:00","breadcrumb":{"@id":"https:\/\/www.bastillehostel.com\/es\/buenos-planes-en-paris\/descubre-la-zona-del-marais\/donde-tomar-una-copa-en-el-marais\/#breadcrumb"},"inLanguage":"es","potentialAction":[{"@type":"ReadAction","target":["https:\/\/www.bastillehostel.com\/es\/buenos-planes-en-paris\/descubre-la-zona-del-marais\/donde-tomar-una-copa-en-el-marais\/"]}]},{"@type":"ImageObject","inLanguage":"es","@id":"https:\/\/www.bastillehostel.com\/es\/buenos-planes-en-paris\/descubre-la-zona-del-marais\/donde-tomar-una-copa-en-el-marais\/#primaryimage","url":"https:\/\/www.bastillehostel.com\/wp-content\/uploads\/2018\/06\/paris-le-loir-dans-la-theiere-12289.jpg","contentUrl":"https:\/\/www.bastillehostel.com\/wp-content\/uploads\/2018\/06\/paris-le-loir-dans-la-theiere-12289.jpg"},{"@type":"BreadcrumbList","@id":"https:\/\/www.bastillehostel.com\/es\/buenos-planes-en-paris\/descubre-la-zona-del-marais\/donde-tomar-una-copa-en-el-marais\/#breadcrumb","itemListElement":[{"@type":"ListItem","position":1,"name":"Home","item":"https:\/\/www.bastillehostel.com\/es\/"},{"@type":"ListItem","position":2,"name":"Los buenos planes en Par\u00eds","item":"https:\/\/www.bastillehostel.com\/es\/buenos-planes-en-paris\/"},{"@type":"ListItem","position":3,"name":"Descubre la zona del \u201cMarais\u201d","item":"https:\/\/www.bastillehostel.com\/es\/buenos-planes-en-paris\/descubre-la-zona-del-marais\/"},{"@type":"ListItem","position":4,"name":"D\u00f3nde tomar una copa en el Marais"}]},{"@type":"WebSite","@id":"https:\/\/www.bastillehostel.com\/fr\/#website","url":"https:\/\/www.bastillehostel.com\/fr\/","name":"Bastille Hostel - Albergue Juvenil en Paris","description":"Bastille Hostel - Albergue Juvenil en Paris","potentialAction":[{"@type":"SearchAction","target":{"@type":"EntryPoint","urlTemplate":"https:\/\/www.bastillehostel.com\/fr\/?s={search_term_string}"},"query-input":{"@type":"PropertyValueSpecification","valueRequired":true,"valueName":"search_term_string"}}],"inLanguage":"es"}]}},"_links":{"self":[{"href":"https:\/\/www.bastillehostel.com\/es\/wp-json\/wp\/v2\/pages\/5700","targetHints":{"allow":["GET"]}}],"collection":[{"href":"https:\/\/www.bastillehostel.com\/es\/wp-json\/wp\/v2\/pages"}],"about":[{"href":"https:\/\/www.bastillehostel.com\/es\/wp-json\/wp\/v2\/types\/page"}],"author":[{"embeddable":true,"href":"https:\/\/www.bastillehostel.com\/es\/wp-json\/wp\/v2\/users\/6"}],"replies":[{"embeddable":true,"href":"https:\/\/www.bastillehostel.com\/es\/wp-json\/wp\/v2\/comments?post=5700"}],"version-history":[{"count":5,"href":"https:\/\/www.bastillehostel.com\/es\/wp-json\/wp\/v2\/pages\/5700\/revisions"}],"predecessor-version":[{"id":5727,"href":"https:\/\/www.bastillehostel.com\/es\/wp-json\/wp\/v2\/pages\/5700\/revisions\/5727"}],"up":[{"embeddable":true,"href":"https:\/\/www.bastillehostel.com\/es\/wp-json\/wp\/v2\/pages\/5659"}],"wp:attachment":[{"href":"https:\/\/www.bastillehostel.com\/es\/wp-json\/wp\/v2\/media?parent=5700"}],"curies":[{"name":"wp","href":"https:\/\/api.w.org\/{rel}","templated":true}]}}