{"id":5694,"date":"2023-05-04T13:15:35","date_gmt":"2023-05-04T11:15:35","guid":{"rendered":"https:\/\/www.bastillehostel.com\/?page_id=5694"},"modified":"2023-05-04T14:23:24","modified_gmt":"2023-05-04T12:23:24","slug":"eat-around-bastille-area","status":"publish","type":"page","link":"https:\/\/www.bastillehostel.com\/es\/buenos-planes-en-paris\/descubra-el-barrio-bastilla\/eat-around-bastille-area\/","title":{"rendered":"Comer en la zona de la Bastilla"},"content":{"rendered":"<p>Bastille est\u00e1 llena de caf\u00e9s y cervecer\u00edas de moda (y por moderno tambi\u00e9n queremos decir caros), pero afortunadamente, algunos lugares realmente se destacan. Estos son algunos de nuestros mejores y m\u00e1s econ\u00f3micos lugares para comer en el \u00e1rea de la Bastilla y sus alrededores.<\/p>\n<div class=\"one_half\">\n<div style=\"texto-alinear: justificar;\">\n<h4 class=\"title\"><a href=\"http:\/\/cafedelindustrieparis.fr\/fr\" target=\"_blank\" class=\"title\" rel=\"noopener\"><img decoding=\"async\" src=\"https:\/\/www.bastillehostel.com\/wp-content\/uploads\/2018\/06\/ardoise_restaurant-150x150.jpg\" alt=\"\" width=\"150\" height=\"150\" class=\"alignleft size-full wp-image-4156\" \/>Caf\u00e9 de l&#8217;industrie<\/a><\/h4>\n<p><strong>16 rue Saint Sablin &#8211; 75011 Par\u00eds &#8211; Metro: Bastilla<\/strong><\/p>\n<p style=\"text-align: allow;\">El Caf\u00e9 de l\u2019Industrie (Caf\u00e9 de la Industria) se ha apoderado de todo un cruce de caminos justo en medio del barrio de la Bastilla. Se presenta en tres establecimientos bien diferenciados: un restaurante de fachada roja con un interior de estilo &#8216;casa colonial&#8217; y una terraza llena de gente en los d\u00edas de verano (versi\u00f3n Industry summer), un restaurante con fachada de madera y ventanales altos, plantas y un piano ( Industry versi\u00f3n invierno) y un animado bar (versi\u00f3n Industry night). \u00bfLa ventaja? \u00a1Las camareras, que, cada una a su manera, rompen muchos corazones! \u00a1Ah, y la comida es realmente buena!<\/p>\n<\/div>\n<\/div>\n<div class=\"one_half last_column\">\n<div style=\"text-align: justify;\">\n<h4 class=\"title\"><a href=\"http:\/\/www.lebarasoupes.com\/\" target=\"_blank\" class=\"title\" rel=\"noopener\"><img decoding=\"async\" src=\"https:\/\/www.bastillehostel.com\/wp-content\/uploads\/2018\/06\/bar-soupes.jpg\" alt=\"\" width=\"150\" height=\"150\" class=\"alignleft size-full wp-image-4159\" \/>Bar de sopas<\/a><\/h4>\n<p><strong>33 rue de Charonne &#8211; 75011 &#8211; Par\u00eds &#8211; Metro: Charonne<\/strong><\/p>\n<p style=\"text-align: justify;\">Aqu\u00ed, todo es 100 % natural, con un almuerzo fijo compuesto por sopa, ensalada y una copa de vino (o un t\u00e9 helado) y cenas compuestas por tres peque\u00f1as degustaciones sopas Elaboradas con productos frescos, las recetas de las sopas cambian cada d\u00eda, pero siempre son seis. \u00bfAlgunos ejemplos? Sopa de mercado, gazpacho, lenteja india amarilla\u2026 chicas a dieta, sonr\u00eden: \u00a1qu\u00e9 ricas!<\/p>\n<\/div>\n<\/div>\n<div class=\"clear\"><\/div>\n\t\t\t<style type=\"text\/css\">\n\t\t\t\t#content-block-background-1202 { background-image: url(); background-position: 50% 0; background-repeat: repeat; background-color: transparent; background-attachment: scroll; background-size: auto; }\n\t\t\t\t#content-block-body-1202 { padding: 40px 0; color: inherit; }\n\t\t\t\t.content-block-body { margin-left: auto; margin-right: auto; position: relative; }\n\t\t\t<\/style>\n\t\t\t\t\t\t\t<style type=\"text\/css\">\n\t\t\t\t\t#wrapper-1 { overflow-x: hidden; }\n\t\t\t\t\t#content-block-background-1202 { margin: 0 -10000px; padding: 0 10000px; }\n\t\t\t\t<\/style>\n\t\t\t\n\t\t\t\t\t\t<script type=\"text\/javascript\">\n\t\t\t\t\/\/ <![CDATA[\n\t\t\t\tjQuery(document).ready(function($){\n\t\t\t\t\t\"use strict\";\n\t\t\t\t\tif( ! $(\"body\").hasClass( \"mobile-detected\" ) ){\n\t\t\t\t\t\t$(\"#content-block-background-\"+1202).each(function(){\n\t\t\t\t\t\t\tvar $bgobj = $(this); \/\/ Assigning the object.\n\t\t\t\t\t\t\tvar xPos = '50%'; \/\/ x bg position value from the user shortcode.\n\t\t\t\t\t\t\t$(window).scroll(function() {\n\t\t\t\t\t\t\t\tvar yPos = -($(window).scrollTop() \/ 3);\n\t\t\t\t\t\t\t\t\/\/ Put together our final background position.\n\t\t\t\t\t\t\t\tvar coords = xPos+' '+yPos+'px';\n\t\t\t\t\t\t\t\t\/\/ Move the background.\n\t\t\t\t\t\t\t\t$bgobj.css({ backgroundPosition: coords });\n\t\t\t\t\t\t\t});\n\t\t\t\t\t\t});\n\t\t\t\t\t}\n\t\t\t\t});\n\t\t\t\t\/\/ ]]>\n\t\t\t<\/script>\n\t\t\t\n\t\t\t<div class=\"clear\"><\/div>\n\t\t\t<div id=\"content-block-background-1202\" class=\"content-block-background \">\n\t\t\t\t<div id=\"content-block-body-1202\" class=\"content-block-body\">\n\t\t\t\t\t<div class=\"clear\"><\/div>\n\t\t\t\t\t\n<div class=\"one_third\">\n<a class=\"btn orange survol\" href=\"https:\/\/www.bastillehostel.com\/es\/buenos-planes-en-paris\/descubra-el-barrio-bastilla\/bares-en-la-zona-de-la-bastilla\/\"><i class=\"fa fa-glass\" aria-hidden=\"true\"><\/i>\u00a0Bares en la zona de la Bastilla<\/a><br \/>\n<a class=\"btn orange survol\" href=\"https:\/\/www.bastillehostel.com\/es\/buenos-planes-en-paris\/descubra-el-barrio-bastilla\/eat-around-bastille-area\/\"><i class=\"fa fa-cutlery\" aria-hidden=\"true\"><\/i>\u00a0 Comer en la zona de la Bastilla <\/a><br \/>\n<\/div>\n<div class=\"one_third\">\n<a class=\"btn orange survol\" href=\"https:\/\/www.bastillehostel.com\/es\/buenos-planes-en-paris\/descubra-el-barrio-bastilla\/dance-around-bastille\/\"><i class=\"fa fa-music\" aria-hidden=\"true\"><\/i>\u00a0Baila por la zona de la Bastilla<\/a><br \/>\n<a class=\"btn orange survol\" href=\"https:\/\/www.bastillehostel.com\/es\/buenos-planes-en-paris\/descubra-el-barrio-bastilla\/sala-de-conciertos-en-la-bastilla\/\"><i class=\"fa fa-music\" aria-hidden=\"true\"><\/i>\u00a0 Sala de conciertos alrededor de la Bastilla &gt;<\/a><br \/>\n<\/div>\n<div class=\"one_third last_column\">\n<a class=\"btn orange survol\" href=\"https:\/\/www.bastillehostel.com\/es\/buenos-planes-en-paris\/descubra-el-barrio-bastilla\/muevete-por-la-bastilla\/\"><i class=\"fa fa-bicycle\" aria-hidden=\"true\"><\/i>\u00a0Mu\u00e9vete por la zona de la Bastilla &gt;<\/a><br \/>\n<\/div>\n\t\t\t\t\t<div class=\"clear\"><\/div>\n\t\t\t\t<\/div>\n\t\t\t<\/div>\n\t\t\t<div class=\"clear\"><\/div>\n\t\t\t\n","protected":false},"excerpt":{"rendered":"<p>Bastille est\u00e1 llena de caf\u00e9s y cervecer\u00edas de moda (y por moderno tambi\u00e9n queremos decir caros), pero afortunadamente, algunos lugares realmente se destacan. Estos son algunos de nuestros mejores y m\u00e1s econ\u00f3micos lugares para comer en el \u00e1rea de la Bastilla y sus alrededores.<\/p>\n","protected":false},"author":6,"featured_media":0,"parent":4733,"menu_order":0,"comment_status":"closed","ping_status":"closed","template":"page-FullWidth.php","meta":{"footnotes":""},"class_list":["post-5694","page","type-page","status-publish","hentry"],"yoast_head":"<!-- This site is optimized with the Yoast SEO plugin v27.5 - https:\/\/yoast.com\/product\/yoast-seo-wordpress\/ -->\n<title>Comer en la zona de la Bastilla - Bastille Hostel - Albergue Juvenil en Paris<\/title>\n<meta name=\"robots\" content=\"index, follow, max-snippet:-1, max-image-preview:large, max-video-preview:-1\" \/>\n<link rel=\"canonical\" href=\"https:\/\/www.bastillehostel.com\/es\/buenos-planes-en-paris\/descubra-el-barrio-bastilla\/eat-around-bastille-area\/\" \/>\n<meta property=\"og:locale\" content=\"es_ES\" \/>\n<meta property=\"og:type\" content=\"article\" \/>\n<meta property=\"og:title\" content=\"Comer en la zona de la Bastilla - Bastille Hostel - Albergue Juvenil en Paris\" \/>\n<meta property=\"og:description\" content=\"Bastille est\u00e1 llena de caf\u00e9s y cervecer\u00edas de moda (y por moderno tambi\u00e9n queremos decir caros), pero afortunadamente, algunos lugares realmente se destacan. Estos son algunos de nuestros mejores y m\u00e1s econ\u00f3micos lugares para comer en el \u00e1rea de la Bastilla y sus alrededores.\" \/>\n<meta property=\"og:url\" content=\"https:\/\/www.bastillehostel.com\/es\/buenos-planes-en-paris\/descubra-el-barrio-bastilla\/eat-around-bastille-area\/\" \/>\n<meta property=\"og:site_name\" content=\"Bastille Hostel - Albergue Juvenil en Paris\" \/>\n<meta property=\"article:modified_time\" content=\"2023-05-04T12:23:24+00:00\" \/>\n<meta property=\"og:image\" content=\"https:\/\/www.bastillehostel.com\/wp-content\/uploads\/2018\/06\/ardoise_restaurant-150x150.jpg\" \/>\n<meta name=\"twitter:card\" content=\"summary_large_image\" \/>\n<meta name=\"twitter:label1\" content=\"Tiempo de lectura\" \/>\n\t<meta name=\"twitter:data1\" content=\"2 minutos\" \/>\n<script type=\"application\/ld+json\" class=\"yoast-schema-graph\">{\"@context\":\"https:\\\/\\\/schema.org\",\"@graph\":[{\"@type\":\"WebPage\",\"@id\":\"https:\\\/\\\/www.bastillehostel.com\\\/es\\\/buenos-planes-en-paris\\\/descubra-el-barrio-bastilla\\\/eat-around-bastille-area\\\/\",\"url\":\"https:\\\/\\\/www.bastillehostel.com\\\/es\\\/buenos-planes-en-paris\\\/descubra-el-barrio-bastilla\\\/eat-around-bastille-area\\\/\",\"name\":\"Comer en la zona de la Bastilla - Bastille Hostel - Albergue Juvenil en Paris\",\"isPartOf\":{\"@id\":\"https:\\\/\\\/www.bastillehostel.com\\\/fr\\\/#website\"},\"primaryImageOfPage\":{\"@id\":\"https:\\\/\\\/www.bastillehostel.com\\\/es\\\/buenos-planes-en-paris\\\/descubra-el-barrio-bastilla\\\/eat-around-bastille-area\\\/#primaryimage\"},\"image\":{\"@id\":\"https:\\\/\\\/www.bastillehostel.com\\\/es\\\/buenos-planes-en-paris\\\/descubra-el-barrio-bastilla\\\/eat-around-bastille-area\\\/#primaryimage\"},\"thumbnailUrl\":\"https:\\\/\\\/www.bastillehostel.com\\\/wp-content\\\/uploads\\\/2018\\\/06\\\/ardoise_restaurant-150x150.jpg\",\"datePublished\":\"2023-05-04T11:15:35+00:00\",\"dateModified\":\"2023-05-04T12:23:24+00:00\",\"breadcrumb\":{\"@id\":\"https:\\\/\\\/www.bastillehostel.com\\\/es\\\/buenos-planes-en-paris\\\/descubra-el-barrio-bastilla\\\/eat-around-bastille-area\\\/#breadcrumb\"},\"inLanguage\":\"es\",\"potentialAction\":[{\"@type\":\"ReadAction\",\"target\":[\"https:\\\/\\\/www.bastillehostel.com\\\/es\\\/buenos-planes-en-paris\\\/descubra-el-barrio-bastilla\\\/eat-around-bastille-area\\\/\"]}]},{\"@type\":\"ImageObject\",\"inLanguage\":\"es\",\"@id\":\"https:\\\/\\\/www.bastillehostel.com\\\/es\\\/buenos-planes-en-paris\\\/descubra-el-barrio-bastilla\\\/eat-around-bastille-area\\\/#primaryimage\",\"url\":\"https:\\\/\\\/www.bastillehostel.com\\\/wp-content\\\/uploads\\\/2018\\\/06\\\/ardoise_restaurant-150x150.jpg\",\"contentUrl\":\"https:\\\/\\\/www.bastillehostel.com\\\/wp-content\\\/uploads\\\/2018\\\/06\\\/ardoise_restaurant-150x150.jpg\"},{\"@type\":\"BreadcrumbList\",\"@id\":\"https:\\\/\\\/www.bastillehostel.com\\\/es\\\/buenos-planes-en-paris\\\/descubra-el-barrio-bastilla\\\/eat-around-bastille-area\\\/#breadcrumb\",\"itemListElement\":[{\"@type\":\"ListItem\",\"position\":1,\"name\":\"Home\",\"item\":\"https:\\\/\\\/www.bastillehostel.com\\\/es\\\/\"},{\"@type\":\"ListItem\",\"position\":2,\"name\":\"Los buenos planes en Par\u00eds\",\"item\":\"https:\\\/\\\/www.bastillehostel.com\\\/es\\\/buenos-planes-en-paris\\\/\"},{\"@type\":\"ListItem\",\"position\":3,\"name\":\"\u00a1Descubra el barrio de la Bastilla!\",\"item\":\"https:\\\/\\\/www.bastillehostel.com\\\/es\\\/buenos-planes-en-paris\\\/descubra-el-barrio-bastilla\\\/\"},{\"@type\":\"ListItem\",\"position\":4,\"name\":\"Comer en la zona de la Bastilla\"}]},{\"@type\":\"WebSite\",\"@id\":\"https:\\\/\\\/www.bastillehostel.com\\\/fr\\\/#website\",\"url\":\"https:\\\/\\\/www.bastillehostel.com\\\/fr\\\/\",\"name\":\"Bastille Hostel - Albergue Juvenil en Paris\",\"description\":\"Bastille Hostel - Albergue Juvenil en Paris\",\"potentialAction\":[{\"@type\":\"SearchAction\",\"target\":{\"@type\":\"EntryPoint\",\"urlTemplate\":\"https:\\\/\\\/www.bastillehostel.com\\\/fr\\\/?s={search_term_string}\"},\"query-input\":{\"@type\":\"PropertyValueSpecification\",\"valueRequired\":true,\"valueName\":\"search_term_string\"}}],\"inLanguage\":\"es\"}]}<\/script>\n<!-- \/ Yoast SEO plugin. -->","yoast_head_json":{"title":"Comer en la zona de la Bastilla - Bastille Hostel - Albergue Juvenil en Paris","robots":{"index":"index","follow":"follow","max-snippet":"max-snippet:-1","max-image-preview":"max-image-preview:large","max-video-preview":"max-video-preview:-1"},"canonical":"https:\/\/www.bastillehostel.com\/es\/buenos-planes-en-paris\/descubra-el-barrio-bastilla\/eat-around-bastille-area\/","og_locale":"es_ES","og_type":"article","og_title":"Comer en la zona de la Bastilla - Bastille Hostel - Albergue Juvenil en Paris","og_description":"Bastille est\u00e1 llena de caf\u00e9s y cervecer\u00edas de moda (y por moderno tambi\u00e9n queremos decir caros), pero afortunadamente, algunos lugares realmente se destacan. Estos son algunos de nuestros mejores y m\u00e1s econ\u00f3micos lugares para comer en el \u00e1rea de la Bastilla y sus alrededores.","og_url":"https:\/\/www.bastillehostel.com\/es\/buenos-planes-en-paris\/descubra-el-barrio-bastilla\/eat-around-bastille-area\/","og_site_name":"Bastille Hostel - Albergue Juvenil en Paris","article_modified_time":"2023-05-04T12:23:24+00:00","og_image":[{"url":"https:\/\/www.bastillehostel.com\/wp-content\/uploads\/2018\/06\/ardoise_restaurant-150x150.jpg","type":"","width":"","height":""}],"twitter_card":"summary_large_image","twitter_misc":{"Tiempo de lectura":"2 minutos"},"schema":{"@context":"https:\/\/schema.org","@graph":[{"@type":"WebPage","@id":"https:\/\/www.bastillehostel.com\/es\/buenos-planes-en-paris\/descubra-el-barrio-bastilla\/eat-around-bastille-area\/","url":"https:\/\/www.bastillehostel.com\/es\/buenos-planes-en-paris\/descubra-el-barrio-bastilla\/eat-around-bastille-area\/","name":"Comer en la zona de la Bastilla - Bastille Hostel - Albergue Juvenil en Paris","isPartOf":{"@id":"https:\/\/www.bastillehostel.com\/fr\/#website"},"primaryImageOfPage":{"@id":"https:\/\/www.bastillehostel.com\/es\/buenos-planes-en-paris\/descubra-el-barrio-bastilla\/eat-around-bastille-area\/#primaryimage"},"image":{"@id":"https:\/\/www.bastillehostel.com\/es\/buenos-planes-en-paris\/descubra-el-barrio-bastilla\/eat-around-bastille-area\/#primaryimage"},"thumbnailUrl":"https:\/\/www.bastillehostel.com\/wp-content\/uploads\/2018\/06\/ardoise_restaurant-150x150.jpg","datePublished":"2023-05-04T11:15:35+00:00","dateModified":"2023-05-04T12:23:24+00:00","breadcrumb":{"@id":"https:\/\/www.bastillehostel.com\/es\/buenos-planes-en-paris\/descubra-el-barrio-bastilla\/eat-around-bastille-area\/#breadcrumb"},"inLanguage":"es","potentialAction":[{"@type":"ReadAction","target":["https:\/\/www.bastillehostel.com\/es\/buenos-planes-en-paris\/descubra-el-barrio-bastilla\/eat-around-bastille-area\/"]}]},{"@type":"ImageObject","inLanguage":"es","@id":"https:\/\/www.bastillehostel.com\/es\/buenos-planes-en-paris\/descubra-el-barrio-bastilla\/eat-around-bastille-area\/#primaryimage","url":"https:\/\/www.bastillehostel.com\/wp-content\/uploads\/2018\/06\/ardoise_restaurant-150x150.jpg","contentUrl":"https:\/\/www.bastillehostel.com\/wp-content\/uploads\/2018\/06\/ardoise_restaurant-150x150.jpg"},{"@type":"BreadcrumbList","@id":"https:\/\/www.bastillehostel.com\/es\/buenos-planes-en-paris\/descubra-el-barrio-bastilla\/eat-around-bastille-area\/#breadcrumb","itemListElement":[{"@type":"ListItem","position":1,"name":"Home","item":"https:\/\/www.bastillehostel.com\/es\/"},{"@type":"ListItem","position":2,"name":"Los buenos planes en Par\u00eds","item":"https:\/\/www.bastillehostel.com\/es\/buenos-planes-en-paris\/"},{"@type":"ListItem","position":3,"name":"\u00a1Descubra el barrio de la Bastilla!","item":"https:\/\/www.bastillehostel.com\/es\/buenos-planes-en-paris\/descubra-el-barrio-bastilla\/"},{"@type":"ListItem","position":4,"name":"Comer en la zona de la Bastilla"}]},{"@type":"WebSite","@id":"https:\/\/www.bastillehostel.com\/fr\/#website","url":"https:\/\/www.bastillehostel.com\/fr\/","name":"Bastille Hostel - Albergue Juvenil en Paris","description":"Bastille Hostel - Albergue Juvenil en Paris","potentialAction":[{"@type":"SearchAction","target":{"@type":"EntryPoint","urlTemplate":"https:\/\/www.bastillehostel.com\/fr\/?s={search_term_string}"},"query-input":{"@type":"PropertyValueSpecification","valueRequired":true,"valueName":"search_term_string"}}],"inLanguage":"es"}]}},"_links":{"self":[{"href":"https:\/\/www.bastillehostel.com\/es\/wp-json\/wp\/v2\/pages\/5694","targetHints":{"allow":["GET"]}}],"collection":[{"href":"https:\/\/www.bastillehostel.com\/es\/wp-json\/wp\/v2\/pages"}],"about":[{"href":"https:\/\/www.bastillehostel.com\/es\/wp-json\/wp\/v2\/types\/page"}],"author":[{"embeddable":true,"href":"https:\/\/www.bastillehostel.com\/es\/wp-json\/wp\/v2\/users\/6"}],"replies":[{"embeddable":true,"href":"https:\/\/www.bastillehostel.com\/es\/wp-json\/wp\/v2\/comments?post=5694"}],"version-history":[{"count":5,"href":"https:\/\/www.bastillehostel.com\/es\/wp-json\/wp\/v2\/pages\/5694\/revisions"}],"predecessor-version":[{"id":5732,"href":"https:\/\/www.bastillehostel.com\/es\/wp-json\/wp\/v2\/pages\/5694\/revisions\/5732"}],"up":[{"embeddable":true,"href":"https:\/\/www.bastillehostel.com\/es\/wp-json\/wp\/v2\/pages\/4733"}],"wp:attachment":[{"href":"https:\/\/www.bastillehostel.com\/es\/wp-json\/wp\/v2\/media?parent=5694"}],"curies":[{"name":"wp","href":"https:\/\/api.w.org\/{rel}","templated":true}]}}