{"id":163,"date":"2018-01-23T10:57:51","date_gmt":"2018-01-23T09:57:51","guid":{"rendered":"https:\/\/www.bastillehostel.com\/features\/"},"modified":"2018-07-07T12:56:47","modified_gmt":"2018-07-07T10:56:47","slug":"albergue-juvenil-en-el-centro-paris","status":"publish","type":"page","link":"https:\/\/www.bastillehostel.com\/es\/albergue-juvenil-en-el-centro-paris\/","title":{"rendered":"Albergue juvenil en Par\u00eds"},"content":{"rendered":"\t\t\t<style type=\"text\/css\">\n\t\t\t\t#content-block-background-1153 { background-image: url(); background-position: 50% 0; background-repeat: repeat; background-color: transparent; background-attachment: scroll; background-size: auto; }\n\t\t\t\t#content-block-body-1153 { padding: 40px 0; color: inherit; }\n\t\t\t\t.content-block-body { margin-left: auto; margin-right: auto; position: relative; }\n\t\t\t<\/style>\n\t\t\t\t\t\t\t<style type=\"text\/css\">\n\t\t\t\t\t#wrapper-1 { overflow-x: hidden; }\n\t\t\t\t\t#content-block-background-1153 { margin: 0 -10000px; padding: 0 10000px; }\n\t\t\t\t<\/style>\n\t\t\t\n\t\t\t\t\t\t<script type=\"text\/javascript\">\n\t\t\t\t\/\/ <![CDATA[\n\t\t\t\tjQuery(document).ready(function($){\n\t\t\t\t\t\"use strict\";\n\t\t\t\t\tif( ! $(\"body\").hasClass( \"mobile-detected\" ) ){\n\t\t\t\t\t\t$(\"#content-block-background-\"+1153).each(function(){\n\t\t\t\t\t\t\tvar $bgobj = $(this); \/\/ Assigning the object.\n\t\t\t\t\t\t\tvar xPos = '50%'; \/\/ x bg position value from the user shortcode.\n\t\t\t\t\t\t\t$(window).scroll(function() {\n\t\t\t\t\t\t\t\tvar yPos = -($(window).scrollTop() \/ 3);\n\t\t\t\t\t\t\t\t\/\/ Put together our final background position.\n\t\t\t\t\t\t\t\tvar coords = xPos+' '+yPos+'px';\n\t\t\t\t\t\t\t\t\/\/ Move the background.\n\t\t\t\t\t\t\t\t$bgobj.css({ backgroundPosition: coords });\n\t\t\t\t\t\t\t});\n\t\t\t\t\t\t});\n\t\t\t\t\t}\n\t\t\t\t});\n\t\t\t\t\/\/ ]]>\n\t\t\t<\/script>\n\t\t\t\n\t\t\t<div class=\"clear\"><\/div>\n\t\t\t<div id=\"content-block-background-1153\" class=\"content-block-background \">\n\t\t\t\t<div id=\"content-block-body-1153\" class=\"content-block-body\">\n\t\t\t\t\t<div class=\"clear\"><\/div>\n\t\t\t\t\t\n<h4>Servicios hoteleros<\/h4>\n<p>Bastille Hostel es un albergue juvenil internacional <strong>situado en el centro de Par\u00eds<\/strong>. Durante su viaje, necesitar\u00e1 encontrar un alojamiento econ\u00f3mico en Par\u00eds. Estaremos encantados de acogerle en nuestro albergue juvenil totalmente renovado. Situado en el <strong>barrio de la Bastilla<\/strong>, proponemos a los j\u00f3venes viajeros una estancia en un albergue limpio y moderno, <strong>con los precios m\u00e1s competitivos de Par\u00eds<\/strong>.<br \/>\n\t\t\t\t\t<div class=\"clear\"><\/div>\n\t\t\t\t<\/div>\n\t\t\t<\/div>\n\t\t\t<div class=\"clear\"><\/div>\n\t\t\t\n<div class=\"clear\"><\/div>\n<p>&nbsp;<br \/>\n\t\t\t<style type=\"text\/css\">\n\t\t\t\t#content-block-background-1730 { background-image: url(); background-position: 50% 0; background-repeat: repeat; background-color: transparent; background-attachment: scroll; background-size: auto; }\n\t\t\t\t#content-block-body-1730 { padding: 40px 0; color: inherit; }\n\t\t\t\t.content-block-body { margin-left: auto; margin-right: auto; position: relative; }\n\t\t\t<\/style>\n\t\t\t\t\t\t\t<style type=\"text\/css\">\n\t\t\t\t\t#wrapper-1 { overflow-x: hidden; }\n\t\t\t\t\t#content-block-background-1730 { margin: 0 -10000px; padding: 0 10000px; }\n\t\t\t\t<\/style>\n\t\t\t\n\t\t\t\t\t\t<script type=\"text\/javascript\">\n\t\t\t\t\/\/ <![CDATA[\n\t\t\t\tjQuery(document).ready(function($){\n\t\t\t\t\t\"use strict\";\n\t\t\t\t\tif( ! $(\"body\").hasClass( \"mobile-detected\" ) ){\n\t\t\t\t\t\t$(\"#content-block-background-\"+1730).each(function(){\n\t\t\t\t\t\t\tvar $bgobj = $(this); \/\/ Assigning the object.\n\t\t\t\t\t\t\tvar xPos = '50%'; \/\/ x bg position value from the user shortcode.\n\t\t\t\t\t\t\t$(window).scroll(function() {\n\t\t\t\t\t\t\t\tvar yPos = -($(window).scrollTop() \/ 3);\n\t\t\t\t\t\t\t\t\/\/ Put together our final background position.\n\t\t\t\t\t\t\t\tvar coords = xPos+' '+yPos+'px';\n\t\t\t\t\t\t\t\t\/\/ Move the background.\n\t\t\t\t\t\t\t\t$bgobj.css({ backgroundPosition: coords });\n\t\t\t\t\t\t\t});\n\t\t\t\t\t\t});\n\t\t\t\t\t}\n\t\t\t\t});\n\t\t\t\t\/\/ ]]>\n\t\t\t<\/script>\n\t\t\t\n\t\t\t<div class=\"clear\"><\/div>\n\t\t\t<div id=\"content-block-background-1730\" class=\"content-block-background \">\n\t\t\t\t<div id=\"content-block-body-1730\" class=\"content-block-body\">\n\t\t\t\t\t<div class=\"clear\"><\/div>\n\t\t\t\t\t\n<div class=\"uk-scope\">\n\n    <div id=\"wk-gridfad\" class=\"uk-child-width-1-1 uk-child-width-1-3@m uk-child-width-1-6@l uk-child-width-1-6@xl uk-grid-small \"  uk-grid=\"masonry: next\"  uk-scrollspy=\"cls: uk-animation-fade; target: &gt; div &gt; .uk-panel, &gt; div &gt; .uk-card; delay: 200\" uk-lightbox=\"container: .uk-gallery-container; toggle: a[data-js-lightbox]\">\n\n            \n        <div>\n        \n<div class=\"uk-panel\">\n\n    \n        <div class=\"uk-inline-clip uk-transition-toggle \">\n\n            <img decoding=\"async\" src=\"\/wp-content\/plugins\/widgetkit\/cache\/Bastille-Hostel-PARIS-26-490b79a3ec02d21c5305f1a44184bf29.jpg\" alt=\"Bastille Hostel PARIS\" width=\"250\" height=\"250\">\n            \n                        <div class=\"uk-overlay uk-overlay-primary uk-position-cover uk-transition-fade\"><\/div>\n            \n                            <div class=\"uk-position-center uk-light\">\n                    <span class=\"uk-transition-fade\" uk-overlay-icon><\/span>\n                <\/div>\n            \n                                                                        <a class=\"uk-position-cover\" data-js-lightbox href=\"\/wp-content\/uploads\/2018\/06\/Bastille-Hostel-PARIS-26.jpg\" data-type=\"image\" ><\/a>\n                                                \n        <\/div>\n\n    \n    \n        \n        \n    \n    \n<\/div>\n        <\/div>\n\n                    \n        <div>\n        \n<div class=\"uk-panel\">\n\n    \n        <div class=\"uk-inline-clip uk-transition-toggle \">\n\n            <img decoding=\"async\" src=\"\/wp-content\/plugins\/widgetkit\/cache\/Bastille-Hostel-PARIS-3-bf2be69c1bf0066a05be61faa91fcbd8.jpg\" alt=\"Bastille Hostel PARIS - PDJ\" width=\"250\" height=\"250\">\n            \n                        <div class=\"uk-overlay uk-overlay-primary uk-position-cover uk-transition-fade\"><\/div>\n            \n                            <div class=\"uk-position-center uk-light\">\n                    <span class=\"uk-transition-fade\" uk-overlay-icon><\/span>\n                <\/div>\n            \n                                                                        <a class=\"uk-position-cover\" data-js-lightbox href=\"\/wp-content\/uploads\/2018\/06\/Bastille-Hostel-PARIS-3.jpg\" data-type=\"image\" ><\/a>\n                                                \n        <\/div>\n\n    \n    \n        \n        \n    \n    \n<\/div>\n        <\/div>\n\n                    \n        <div>\n        \n<div class=\"uk-panel\">\n\n    \n        <div class=\"uk-inline-clip uk-transition-toggle \">\n\n            <img decoding=\"async\" src=\"\/wp-content\/plugins\/widgetkit\/cache\/Bastille-Hostel-PARIS-10-b1ab9a22736e1de30e885072d5bf5ef4.jpg\" alt=\"Bastille Hostel PARIS - Chambres\" width=\"250\" height=\"250\">\n            \n                        <div class=\"uk-overlay uk-overlay-primary uk-position-cover uk-transition-fade\"><\/div>\n            \n                            <div class=\"uk-position-center uk-light\">\n                    <span class=\"uk-transition-fade\" uk-overlay-icon><\/span>\n                <\/div>\n            \n                                                                        <a class=\"uk-position-cover\" data-js-lightbox href=\"\/wp-content\/uploads\/2018\/06\/Bastille-Hostel-PARIS-10.jpg\" data-type=\"image\" ><\/a>\n                                                \n        <\/div>\n\n    \n    \n        \n        \n    \n    \n<\/div>\n        <\/div>\n\n                    \n        <div>\n        \n<div class=\"uk-panel\">\n\n    \n        <div class=\"uk-inline-clip uk-transition-toggle \">\n\n            <img decoding=\"async\" src=\"\/wp-content\/plugins\/widgetkit\/cache\/Bastille-Hostel-PARIS-20-514499190c84435d48bda3c6c27005e7.jpg\" alt=\"Bastille Hostel PARIS - Chambres\" width=\"250\" height=\"250\">\n            \n                        <div class=\"uk-overlay uk-overlay-primary uk-position-cover uk-transition-fade\"><\/div>\n            \n                            <div class=\"uk-position-center uk-light\">\n                    <span class=\"uk-transition-fade\" uk-overlay-icon><\/span>\n                <\/div>\n            \n                                                                        <a class=\"uk-position-cover\" data-js-lightbox href=\"\/wp-content\/uploads\/2018\/06\/Bastille-Hostel-PARIS-20.jpg\" data-type=\"image\" ><\/a>\n                                                \n        <\/div>\n\n    \n    \n        \n        \n    \n    \n<\/div>\n        <\/div>\n\n                    \n        <div>\n        \n<div class=\"uk-panel\">\n\n    \n        <div class=\"uk-inline-clip uk-transition-toggle \">\n\n            <img decoding=\"async\" src=\"\/wp-content\/plugins\/widgetkit\/cache\/Bastille-Hostel-PARIS-11-e491f16bc442dd37671734503f1a3e41.jpg\" alt=\"Bastille Hostel PARIS - SDB\" width=\"250\" height=\"250\">\n            \n                        <div class=\"uk-overlay uk-overlay-primary uk-position-cover uk-transition-fade\"><\/div>\n            \n                            <div class=\"uk-position-center uk-light\">\n                    <span class=\"uk-transition-fade\" uk-overlay-icon><\/span>\n                <\/div>\n            \n                                                                        <a class=\"uk-position-cover\" data-js-lightbox href=\"\/wp-content\/uploads\/2018\/06\/Bastille-Hostel-PARIS-11.jpg\" data-type=\"image\" ><\/a>\n                                                \n        <\/div>\n\n    \n    \n        \n        \n    \n    \n<\/div>\n        <\/div>\n\n                    \n        <div>\n        \n<div class=\"uk-panel\">\n\n    \n        <div class=\"uk-inline-clip uk-transition-toggle \">\n\n            <img decoding=\"async\" src=\"\/wp-content\/plugins\/widgetkit\/cache\/Bastille-hostel-paris-25-f16ba71d131e4c260a1de20d062281e5.jpg\" alt=\"Bastille Hotel Paris  - Accueil\" width=\"250\" height=\"250\">\n            \n                        <div class=\"uk-overlay uk-overlay-primary uk-position-cover uk-transition-fade\"><\/div>\n            \n                            <div class=\"uk-position-center uk-light\">\n                    <span class=\"uk-transition-fade\" uk-overlay-icon><\/span>\n                <\/div>\n            \n                                                                        <a class=\"uk-position-cover\" data-js-lightbox href=\"\/wp-content\/uploads\/2018\/06\/Bastille-hostel-paris-25.jpg\" data-type=\"image\" ><\/a>\n                                                \n        <\/div>\n\n    \n    \n        \n        \n    \n    \n<\/div>\n        <\/div>\n\n            \n    <\/div>\n\n\n\n<script>\n\n    (function(UIkit){\n\n        var $ = UIkit.util;\n\n        $.ready(function () {\n            if (!$.$('.uk-gallery-container')) {\n                $.append(document.body, '<div class=\"uk-scope uk-gallery-container\">');\n            }\n        });\n\n    })(window.UIkitwk || window.UIkit);\n\n<\/script>\n<\/div>\n\t\t\t\t\t<div class=\"clear\"><\/div>\n\t\t\t\t<\/div>\n\t\t\t<\/div>\n\t\t\t<div class=\"clear\"><\/div>\n\t\t\t\n<div class=\"clear\"><\/div>\n<p>&nbsp;<\/p>\n\t\t\t<style type=\"text\/css\">\n\t\t\t\t#content-block-background-1898 { background-image: url(); background-position: 50% 0; background-repeat: repeat; background-color: transparent; background-attachment: scroll; background-size: auto; }\n\t\t\t\t#content-block-body-1898 { padding: 40px 0; color: inherit; }\n\t\t\t\t.content-block-body { margin-left: auto; margin-right: auto; position: relative; }\n\t\t\t<\/style>\n\t\t\t\t\t\t\t<style type=\"text\/css\">\n\t\t\t\t\t#wrapper-1 { overflow-x: hidden; }\n\t\t\t\t\t#content-block-background-1898 { margin: 0 -10000px; padding: 0 10000px; }\n\t\t\t\t<\/style>\n\t\t\t\n\t\t\t\t\t\t<script type=\"text\/javascript\">\n\t\t\t\t\/\/ <![CDATA[\n\t\t\t\tjQuery(document).ready(function($){\n\t\t\t\t\t\"use strict\";\n\t\t\t\t\tif( ! $(\"body\").hasClass( \"mobile-detected\" ) ){\n\t\t\t\t\t\t$(\"#content-block-background-\"+1898).each(function(){\n\t\t\t\t\t\t\tvar $bgobj = $(this); \/\/ Assigning the object.\n\t\t\t\t\t\t\tvar xPos = '50%'; \/\/ x bg position value from the user shortcode.\n\t\t\t\t\t\t\t$(window).scroll(function() {\n\t\t\t\t\t\t\t\tvar yPos = -($(window).scrollTop() \/ 3);\n\t\t\t\t\t\t\t\t\/\/ Put together our final background position.\n\t\t\t\t\t\t\t\tvar coords = xPos+' '+yPos+'px';\n\t\t\t\t\t\t\t\t\/\/ Move the background.\n\t\t\t\t\t\t\t\t$bgobj.css({ backgroundPosition: coords });\n\t\t\t\t\t\t\t});\n\t\t\t\t\t\t});\n\t\t\t\t\t}\n\t\t\t\t});\n\t\t\t\t\/\/ ]]>\n\t\t\t<\/script>\n\t\t\t\n\t\t\t<div class=\"clear\"><\/div>\n\t\t\t<div id=\"content-block-background-1898\" class=\"content-block-background \">\n\t\t\t\t<div id=\"content-block-body-1898\" class=\"content-block-body\">\n\t\t\t\t\t<div class=\"clear\"><\/div>\n\t\t\t\t\t\n<div class=\"one_half\">\n<div class=\"simple \" style=\"background-color:#efeee9; color:#0000000;\"><div class=\"inner-padding\">\n<h3>Albergue juvenil<\/h3>\n<h4>Bastille Hostel<\/h4>\n<p>&nbsp;<\/p>\n<ul>\n<li><i class=\"fa fa-arrows-v\" aria-hidden=\"true\"><\/i>Ascensor<\/li>\n<li><i class=\"fa fa-leaf\" aria-hidden=\"true\"><\/i>Ahoro en\u00e9rgirtico, Albergue verde<\/li>\n<li><i class=\"fa fa-clock-o\" aria-hidden=\"true\"><\/i>Abierto 24h no hay horario l\u00edmite<\/li>\n<li><i class=\"fa fa-coffee\" aria-hidden=\"true\"><\/i>Desayuno incluido, servido de 7:00 a 09 :45<\/li>\n<li><i class=\"fa fa-wifi\" aria-hidden=\"true\"><\/i> Acceso a internet, Wifi gratuito<\/li>\n<li><i class=\"fa fa-cutlery\" aria-hidden=\"true\"><\/i>Sala com\u00fan con m\u00e1quina expendedora y microondas (disponibles de 13:30 a 23:30)<\/li>\n<li><i class=\"fa fa-map\" aria-hidden=\"true\"><\/i>Planos de Par\u00eds gratuitos e informaci\u00f3n tur\u00edstica<\/li>\n<li><i class=\"fa fa-wheelchair\" aria-hidden=\"true\"><\/i>Acceso para sillas de ruedas<\/li>\n<li><i class=\"fa fa-building-o\" aria-hidden=\"true\"><\/i>Capacidad de alojamiento: 29 habitaciones<\/li>\n<\/ul>\n<p>&nbsp;<br \/>\n<\/div><\/div>\n<\/div>\n<div class=\"one_half last_column\">\n<div class=\"simple \" style=\"background-color:#f38c13; color:#0000000;\"><div class=\"inner-padding\">\n<h3>Las habitaciones<\/h3>\n<h4>Bastille Hostel<\/h4>\n<p>&nbsp;<\/p>\n<ul>\n<ul>\n<li><i class=\"fa fa-bed\" aria-hidden=\"true\"><\/i>Habitaciones para 1 o 2 personas \u00fanicamente<\/li>\n<li><i class=\"fa fa-wifi\" aria-hidden=\"true\"><\/i>Wifi gratuito<\/li>\n<li><i class=\"fa fa-television\" aria-hidden=\"true\"><\/i>TV<\/li>\n<li><i class=\"fa fa-shower\" aria-hidden=\"true\"><\/i>Una ducha en cada habitaci\u00f3n<\/li>\n<li><i class=\"fa fa-shower\" aria-hidden=\"true\"><\/i>Ducha y aseo en algunas habitaciones<\/li>\n<li><i class=\"fa fa-lock\" aria-hidden=\"true\"><\/i>Caja fuerte en cada habitaci\u00f3n<\/li>\n<li><i class=\"fa fa-clock-o\" aria-hidden=\"true\"><\/i> Habitaciones cerradas de 11:00 a 15:00 para limpieza y mantenimiento<\/li>\n<li><i class=\"fa fa-wheelchair\" aria-hidden=\"true\"><\/i>Habitaciones para discapacitados<\/li>\n<\/ul>\n<li>&nbsp;<\/li>\n<\/ul>\n<p>&nbsp;<br \/>\n<\/div><\/div>\n<\/div>\n\t\t\t\t\t<div class=\"clear\"><\/div>\n\t\t\t\t<\/div>\n\t\t\t<\/div>\n\t\t\t<div class=\"clear\"><\/div>\n\t\t\t\n","protected":false},"excerpt":{"rendered":"<p>&nbsp; &nbsp;<\/p>\n","protected":false},"author":1,"featured_media":0,"parent":0,"menu_order":0,"comment_status":"closed","ping_status":"closed","template":"page-FullWidth.php","meta":{"footnotes":""},"class_list":["post-163","page","type-page","status-publish","hentry"],"yoast_head":"<!-- This site is optimized with the Yoast SEO plugin v27.4 - https:\/\/yoast.com\/product\/yoast-seo-wordpress\/ -->\n<title>Albergue juvenil en Par\u00eds - Bastille Hostel - Albergue Juvenil en Paris<\/title>\n<meta name=\"robots\" content=\"index, follow, max-snippet:-1, max-image-preview:large, max-video-preview:-1\" \/>\n<link rel=\"canonical\" href=\"https:\/\/www.bastillehostel.com\/es\/albergue-juvenil-en-el-centro-paris\/\" \/>\n<meta property=\"og:locale\" content=\"es_ES\" \/>\n<meta property=\"og:type\" content=\"article\" \/>\n<meta property=\"og:title\" content=\"Albergue juvenil en Par\u00eds - Bastille Hostel - Albergue Juvenil en Paris\" \/>\n<meta property=\"og:description\" content=\"&nbsp; &nbsp;\" \/>\n<meta property=\"og:url\" content=\"https:\/\/www.bastillehostel.com\/es\/albergue-juvenil-en-el-centro-paris\/\" \/>\n<meta property=\"og:site_name\" content=\"Bastille Hostel - Albergue Juvenil en Paris\" \/>\n<meta property=\"article:modified_time\" content=\"2018-07-07T10:56:47+00:00\" \/>\n<meta name=\"twitter:card\" content=\"summary_large_image\" \/>\n<meta name=\"twitter:label1\" content=\"Tiempo de lectura\" \/>\n\t<meta name=\"twitter:data1\" content=\"1 minuto\" \/>\n<script type=\"application\/ld+json\" class=\"yoast-schema-graph\">{\"@context\":\"https:\\\/\\\/schema.org\",\"@graph\":[{\"@type\":\"WebPage\",\"@id\":\"https:\\\/\\\/www.bastillehostel.com\\\/es\\\/albergue-juvenil-en-el-centro-paris\\\/\",\"url\":\"https:\\\/\\\/www.bastillehostel.com\\\/es\\\/albergue-juvenil-en-el-centro-paris\\\/\",\"name\":\"Albergue juvenil en Par\u00eds - Bastille Hostel - Albergue Juvenil en Paris\",\"isPartOf\":{\"@id\":\"https:\\\/\\\/www.bastillehostel.com\\\/fr\\\/#website\"},\"datePublished\":\"2018-01-23T09:57:51+00:00\",\"dateModified\":\"2018-07-07T10:56:47+00:00\",\"breadcrumb\":{\"@id\":\"https:\\\/\\\/www.bastillehostel.com\\\/es\\\/albergue-juvenil-en-el-centro-paris\\\/#breadcrumb\"},\"inLanguage\":\"es\",\"potentialAction\":[{\"@type\":\"ReadAction\",\"target\":[\"https:\\\/\\\/www.bastillehostel.com\\\/es\\\/albergue-juvenil-en-el-centro-paris\\\/\"]}]},{\"@type\":\"BreadcrumbList\",\"@id\":\"https:\\\/\\\/www.bastillehostel.com\\\/es\\\/albergue-juvenil-en-el-centro-paris\\\/#breadcrumb\",\"itemListElement\":[{\"@type\":\"ListItem\",\"position\":1,\"name\":\"Home\",\"item\":\"https:\\\/\\\/www.bastillehostel.com\\\/es\\\/\"},{\"@type\":\"ListItem\",\"position\":2,\"name\":\"Albergue juvenil en Par\u00eds\"}]},{\"@type\":\"WebSite\",\"@id\":\"https:\\\/\\\/www.bastillehostel.com\\\/fr\\\/#website\",\"url\":\"https:\\\/\\\/www.bastillehostel.com\\\/fr\\\/\",\"name\":\"Bastille Hostel - Albergue Juvenil en Paris\",\"description\":\"Bastille Hostel - Albergue Juvenil en Paris\",\"potentialAction\":[{\"@type\":\"SearchAction\",\"target\":{\"@type\":\"EntryPoint\",\"urlTemplate\":\"https:\\\/\\\/www.bastillehostel.com\\\/fr\\\/?s={search_term_string}\"},\"query-input\":{\"@type\":\"PropertyValueSpecification\",\"valueRequired\":true,\"valueName\":\"search_term_string\"}}],\"inLanguage\":\"es\"}]}<\/script>\n<!-- \/ Yoast SEO plugin. -->","yoast_head_json":{"title":"Albergue juvenil en Par\u00eds - Bastille Hostel - Albergue Juvenil en Paris","robots":{"index":"index","follow":"follow","max-snippet":"max-snippet:-1","max-image-preview":"max-image-preview:large","max-video-preview":"max-video-preview:-1"},"canonical":"https:\/\/www.bastillehostel.com\/es\/albergue-juvenil-en-el-centro-paris\/","og_locale":"es_ES","og_type":"article","og_title":"Albergue juvenil en Par\u00eds - Bastille Hostel - Albergue Juvenil en Paris","og_description":"&nbsp; &nbsp;","og_url":"https:\/\/www.bastillehostel.com\/es\/albergue-juvenil-en-el-centro-paris\/","og_site_name":"Bastille Hostel - Albergue Juvenil en Paris","article_modified_time":"2018-07-07T10:56:47+00:00","twitter_card":"summary_large_image","twitter_misc":{"Tiempo de lectura":"1 minuto"},"schema":{"@context":"https:\/\/schema.org","@graph":[{"@type":"WebPage","@id":"https:\/\/www.bastillehostel.com\/es\/albergue-juvenil-en-el-centro-paris\/","url":"https:\/\/www.bastillehostel.com\/es\/albergue-juvenil-en-el-centro-paris\/","name":"Albergue juvenil en Par\u00eds - Bastille Hostel - Albergue Juvenil en Paris","isPartOf":{"@id":"https:\/\/www.bastillehostel.com\/fr\/#website"},"datePublished":"2018-01-23T09:57:51+00:00","dateModified":"2018-07-07T10:56:47+00:00","breadcrumb":{"@id":"https:\/\/www.bastillehostel.com\/es\/albergue-juvenil-en-el-centro-paris\/#breadcrumb"},"inLanguage":"es","potentialAction":[{"@type":"ReadAction","target":["https:\/\/www.bastillehostel.com\/es\/albergue-juvenil-en-el-centro-paris\/"]}]},{"@type":"BreadcrumbList","@id":"https:\/\/www.bastillehostel.com\/es\/albergue-juvenil-en-el-centro-paris\/#breadcrumb","itemListElement":[{"@type":"ListItem","position":1,"name":"Home","item":"https:\/\/www.bastillehostel.com\/es\/"},{"@type":"ListItem","position":2,"name":"Albergue juvenil en Par\u00eds"}]},{"@type":"WebSite","@id":"https:\/\/www.bastillehostel.com\/fr\/#website","url":"https:\/\/www.bastillehostel.com\/fr\/","name":"Bastille Hostel - Albergue Juvenil en Paris","description":"Bastille Hostel - Albergue Juvenil en Paris","potentialAction":[{"@type":"SearchAction","target":{"@type":"EntryPoint","urlTemplate":"https:\/\/www.bastillehostel.com\/fr\/?s={search_term_string}"},"query-input":{"@type":"PropertyValueSpecification","valueRequired":true,"valueName":"search_term_string"}}],"inLanguage":"es"}]}},"_links":{"self":[{"href":"https:\/\/www.bastillehostel.com\/es\/wp-json\/wp\/v2\/pages\/163","targetHints":{"allow":["GET"]}}],"collection":[{"href":"https:\/\/www.bastillehostel.com\/es\/wp-json\/wp\/v2\/pages"}],"about":[{"href":"https:\/\/www.bastillehostel.com\/es\/wp-json\/wp\/v2\/types\/page"}],"author":[{"embeddable":true,"href":"https:\/\/www.bastillehostel.com\/es\/wp-json\/wp\/v2\/users\/1"}],"replies":[{"embeddable":true,"href":"https:\/\/www.bastillehostel.com\/es\/wp-json\/wp\/v2\/comments?post=163"}],"version-history":[{"count":8,"href":"https:\/\/www.bastillehostel.com\/es\/wp-json\/wp\/v2\/pages\/163\/revisions"}],"predecessor-version":[{"id":4959,"href":"https:\/\/www.bastillehostel.com\/es\/wp-json\/wp\/v2\/pages\/163\/revisions\/4959"}],"wp:attachment":[{"href":"https:\/\/www.bastillehostel.com\/es\/wp-json\/wp\/v2\/media?parent=163"}],"curies":[{"name":"wp","href":"https:\/\/api.w.org\/{rel}","templated":true}]}}