{"id":142,"date":"2018-01-23T11:07:13","date_gmt":"2018-01-23T10:07:13","guid":{"rendered":"https:\/\/www.bastillehostel.com\/acces\/"},"modified":"2018-06-19T15:40:29","modified_gmt":"2018-06-19T13:40:29","slug":"acceso-situacion-barrio-bastilla","status":"publish","type":"page","link":"https:\/\/www.bastillehostel.com\/es\/acceso-situacion-barrio-bastilla\/","title":{"rendered":"Acceso &#038; situaci\u00f3n: Barrio de la Bastilla"},"content":{"rendered":"\t\t\t<style type=\"text\/css\">\n\t\t\t\t#content-block-background-1646 { background-image: url(); background-position: 50% 0; background-repeat: repeat; background-color: transparent; background-attachment: scroll; background-size: auto; }\n\t\t\t\t#content-block-body-1646 { padding: 40px 0; color: inherit; }\n\t\t\t\t.content-block-body { margin-left: auto; margin-right: auto; position: relative; }\n\t\t\t<\/style>\n\t\t\t\t\t\t\t<style type=\"text\/css\">\n\t\t\t\t\t#wrapper-1 { overflow-x: hidden; }\n\t\t\t\t\t#content-block-background-1646 { margin: 0 -10000px; padding: 0 10000px; }\n\t\t\t\t<\/style>\n\t\t\t\n\t\t\t\t\t\t<script type=\"text\/javascript\">\n\t\t\t\t\/\/ <![CDATA[\n\t\t\t\tjQuery(document).ready(function($){\n\t\t\t\t\t\"use strict\";\n\t\t\t\t\tif( ! $(\"body\").hasClass( \"mobile-detected\" ) ){\n\t\t\t\t\t\t$(\"#content-block-background-\"+1646).each(function(){\n\t\t\t\t\t\t\tvar $bgobj = $(this); \/\/ Assigning the object.\n\t\t\t\t\t\t\tvar xPos = '50%'; \/\/ x bg position value from the user shortcode.\n\t\t\t\t\t\t\t$(window).scroll(function() {\n\t\t\t\t\t\t\t\tvar yPos = -($(window).scrollTop() \/ 3);\n\t\t\t\t\t\t\t\t\/\/ Put together our final background position.\n\t\t\t\t\t\t\t\tvar coords = xPos+' '+yPos+'px';\n\t\t\t\t\t\t\t\t\/\/ Move the background.\n\t\t\t\t\t\t\t\t$bgobj.css({ backgroundPosition: coords });\n\t\t\t\t\t\t\t});\n\t\t\t\t\t\t});\n\t\t\t\t\t}\n\t\t\t\t});\n\t\t\t\t\/\/ ]]>\n\t\t\t<\/script>\n\t\t\t\n\t\t\t<div class=\"clear\"><\/div>\n\t\t\t<div id=\"content-block-background-1646\" class=\"content-block-background \">\n\t\t\t\t<div id=\"content-block-body-1646\" class=\"content-block-body\">\n\t\t\t\t\t<div class=\"clear\"><\/div>\n\t\t\t\t\t\n<p>La estaci\u00f3n m\u00e1s pr\u00f3xima de Bastille hostel es Ledru-Rollin (l\u00ednea 8), a 200 metros del albergue juvenil. Igualmente puede llegar desde la estaci\u00f3n Bastille (l\u00edneas 1-5-8). Para un itinerario personalizado de transporte p\u00fablico, le invitamos a consultar la <a href=\"https:\/\/www.ratp.fr\/\" rel=\"noopener\" target=\"_blank\">p\u00e1gina web de la RATP<\/a>.<\/p>\n\t\t\t\t\t<div class=\"clear\"><\/div>\n\t\t\t\t<\/div>\n\t\t\t<\/div>\n\t\t\t<div class=\"clear\"><\/div>\n\t\t\t\n<div class=\"clear\"><\/div>\n\t\t\t<style type=\"text\/css\">\n\t\t\t\t#content-block-background-1125 { background-image: url(); background-position: 50% 0; background-repeat: repeat; background-color: transparent; background-attachment: scroll; background-size: auto; }\n\t\t\t\t#content-block-body-1125 { padding: 40px 0; color: inherit; }\n\t\t\t\t.content-block-body { margin-left: auto; margin-right: auto; position: relative; }\n\t\t\t<\/style>\n\t\t\t\t\t\t\t<style type=\"text\/css\">\n\t\t\t\t\t#wrapper-1 { overflow-x: hidden; }\n\t\t\t\t\t#content-block-background-1125 { margin: 0 -10000px; padding: 0 10000px; }\n\t\t\t\t<\/style>\n\t\t\t\n\t\t\t\t\t\t<script type=\"text\/javascript\">\n\t\t\t\t\/\/ <![CDATA[\n\t\t\t\tjQuery(document).ready(function($){\n\t\t\t\t\t\"use strict\";\n\t\t\t\t\tif( ! $(\"body\").hasClass( \"mobile-detected\" ) ){\n\t\t\t\t\t\t$(\"#content-block-background-\"+1125).each(function(){\n\t\t\t\t\t\t\tvar $bgobj = $(this); \/\/ Assigning the object.\n\t\t\t\t\t\t\tvar xPos = '50%'; \/\/ x bg position value from the user shortcode.\n\t\t\t\t\t\t\t$(window).scroll(function() {\n\t\t\t\t\t\t\t\tvar yPos = -($(window).scrollTop() \/ 3);\n\t\t\t\t\t\t\t\t\/\/ Put together our final background position.\n\t\t\t\t\t\t\t\tvar coords = xPos+' '+yPos+'px';\n\t\t\t\t\t\t\t\t\/\/ Move the background.\n\t\t\t\t\t\t\t\t$bgobj.css({ backgroundPosition: coords });\n\t\t\t\t\t\t\t});\n\t\t\t\t\t\t});\n\t\t\t\t\t}\n\t\t\t\t});\n\t\t\t\t\/\/ ]]>\n\t\t\t<\/script>\n\t\t\t\n\t\t\t<div class=\"clear\"><\/div>\n\t\t\t<div id=\"content-block-background-1125\" class=\"content-block-background \">\n\t\t\t\t<div id=\"content-block-body-1125\" class=\"content-block-body\">\n\t\t\t\t\t<div class=\"clear\"><\/div>\n\t\t\t\t\t\n<div style=\"margin: 0 -10000px;\">\r\n            \r\n            \r\n            \r\n            <a name='map1'><\/a>\r\n            \r\n            \r\n            \r\n            \r\n            <div class=\"wpgmza_map \"  id=\"wpgmza_map_1\" style=\"display:block; overflow:auto; width:100%; height:400px; float:left;\" data-settings='{\"id\":\"1\",\"map_title\":\"Acc\\u00e8s\",\"map_width\":\"100\",\"map_height\":\"400\",\"map_start_lat\":\"48.855238\",\"map_start_lng\":\"2.349060\",\"map_start_location\":\"48.85523804264698,2.3490595766601263\",\"map_start_zoom\":\"13\",\"default_marker\":\"0\",\"type\":\"1\",\"alignment\":\"1\",\"directions_enabled\":\"0\",\"styling_enabled\":\"0\",\"styling_json\":\"\",\"active\":\"0\",\"kml\":\"\",\"bicycle\":\"0\",\"traffic\":\"0\",\"dbox\":\"1\",\"dbox_width\":\"100\",\"listmarkers\":\"0\",\"listmarkers_advanced\":\"0\",\"filterbycat\":\"0\",\"ugm_enabled\":\"0\",\"ugm_category_enabled\":\"0\",\"fusion\":\"\",\"map_width_type\":\"\\\\%\",\"map_height_type\":\"px\",\"mass_marker_support\":\"1\",\"ugm_access\":\"0\",\"order_markers_by\":\"1\",\"order_markers_choice\":\"2\",\"show_user_location\":\"2\",\"default_to\":\"\",\"other_settings\":{\"wpgmza_store_locator_restrict\":\"\",\"store_locator_bounce\":1,\"store_locator_query_string\":\"Code Postal \\\/ Adresse\",\"store_locator_name_string\":\"Titre \\\/ Description\",\"wpgmza_dbox_width_type\":\"px\",\"map_max_zoom\":\"1\",\"map_min_zoom\":\"21\",\"sl_stroke_color\":\"FF0000\",\"sl_stroke_opacity\":\"0.25\",\"sl_fill_color\":\"FF0000\",\"sl_fill_opacity\":\"0.15\",\"click_open_link\":2,\"transport_layer\":0,\"iw_primary_color\":\"2A3744\",\"iw_accent_color\":\"252F3A\",\"iw_text_color\":\"FFFFFF\",\"wpgmza_iw_type\":\"0\",\"list_markers_by\":\"0\",\"push_in_map\":\"\",\"push_in_map_placement\":\"9\",\"wpgmza_push_in_map_width\":\"\",\"wpgmza_push_in_map_height\":\"\",\"wpgmza_theme_data\":\"\",\"upload_default_ul_marker\":\"\",\"upload_default_sl_marker\":\"\",\"shortcodeAttributes\":{\"id\":\"1\"}}}' data-map-id='1' data-shortcode-attributes='{\"id\":\"1\"}'> <\/div>\r\n            \r\n               \r\n        <\/div>\n\t\t\t\t\t<div class=\"clear\"><\/div>\n\t\t\t\t<\/div>\n\t\t\t<\/div>\n\t\t\t<div class=\"clear\"><\/div>\n\t\t\t\n<div class=\"clear\"><\/div>\n\t\t\t<style type=\"text\/css\">\n\t\t\t\t#content-block-background-1409 { background-image: url(); background-position: 50% 0; background-repeat: repeat; background-color: transparent; background-attachment: scroll; background-size: auto; }\n\t\t\t\t#content-block-body-1409 { padding: 40px 0; color: inherit; }\n\t\t\t\t.content-block-body { margin-left: auto; margin-right: auto; position: relative; }\n\t\t\t<\/style>\n\t\t\t\t\t\t\t<style type=\"text\/css\">\n\t\t\t\t\t#wrapper-1 { overflow-x: hidden; }\n\t\t\t\t\t#content-block-background-1409 { margin: 0 -10000px; padding: 0 10000px; }\n\t\t\t\t<\/style>\n\t\t\t\n\t\t\t\t\t\t<script type=\"text\/javascript\">\n\t\t\t\t\/\/ <![CDATA[\n\t\t\t\tjQuery(document).ready(function($){\n\t\t\t\t\t\"use strict\";\n\t\t\t\t\tif( ! $(\"body\").hasClass( \"mobile-detected\" ) ){\n\t\t\t\t\t\t$(\"#content-block-background-\"+1409).each(function(){\n\t\t\t\t\t\t\tvar $bgobj = $(this); \/\/ Assigning the object.\n\t\t\t\t\t\t\tvar xPos = '50%'; \/\/ x bg position value from the user shortcode.\n\t\t\t\t\t\t\t$(window).scroll(function() {\n\t\t\t\t\t\t\t\tvar yPos = -($(window).scrollTop() \/ 3);\n\t\t\t\t\t\t\t\t\/\/ Put together our final background position.\n\t\t\t\t\t\t\t\tvar coords = xPos+' '+yPos+'px';\n\t\t\t\t\t\t\t\t\/\/ Move the background.\n\t\t\t\t\t\t\t\t$bgobj.css({ backgroundPosition: coords });\n\t\t\t\t\t\t\t});\n\t\t\t\t\t\t});\n\t\t\t\t\t}\n\t\t\t\t});\n\t\t\t\t\/\/ ]]>\n\t\t\t<\/script>\n\t\t\t\n\t\t\t<div class=\"clear\"><\/div>\n\t\t\t<div id=\"content-block-background-1409\" class=\"content-block-background \">\n\t\t\t\t<div id=\"content-block-body-1409\" class=\"content-block-body\">\n\t\t\t\t\t<div class=\"clear\"><\/div>\n\t\t\t\t\t\n<div class=\"clear\"><\/div><div class=\"tabs-wrapper\"><ul class=\"tabs\"><li><a href=\"javascript:void(0)\" class=\"defaulttab\" id=\"tab-1\"><span>Desde los aeropuertos<\/span><\/a><\/li><li><a href=\"javascript:void(0)\" id=\"tab-2\"><span>Desde metro Bastille<\/span><\/a><\/li><li><a href=\"javascript:void(0)\" id=\"tab-3\"><span>Desde Ledru-Rollin<\/span><\/a><\/li><li><a href=\"javascript:void(0)\" id=\"tab-4\"><span>De las estaciones de tren<\/span><\/a><\/li><\/ul><div class=\"tab-content\" id=\"tab-1-content\"><div class=\"tabs-inner-padding\"><p style=\"text-align: left;\"><strong>Desde los dos aeropuertos de Par\u00eds,<\/strong> el modo m\u00e1s simple de llegar al albergue juvenil es <strong>llegar a la estaci\u00f3n Chatelet-les-Halles<\/strong> primero, luego tomar el metro (l\u00ednea 1) direcci\u00f3n Ch\u00e2teau de Vincennes hasta Bastille. En Bastille, coja la l\u00ednea 8 direcci\u00f3n Cr\u00e9teil, para finalmente llegar a la estaci\u00f3n Ledru-Rollin.<\/p>\n<p style=\"text-align: left;\">Le aconsejamos utilizar el Orlyval y despu\u00e9s el RER B si viene del aeropuerto de Orly. Tambi\u00e9n tiene los autobuses Air France y OrlyBus (este \u00faltimo le deja en la estaci\u00f3n Denfert Rochereau).<\/p>\n<p style=\"text-align: left;\">Si llega al aeropuerto de Roissy Charles De Gaulle, tiene que coger el RER B hasta Chatelet-les-Halles, si no, puede igualmente coger el, que le dejar\u00e1 en Op\u00e9ra.<\/p>\n<p style=\"text-align: left;\"><strong>Desde Orly<\/strong><\/p>\n<table>\n<tbody>\n<tr>\n<td>Tomar<\/td>\n<td>RER B<\/td>\n<td>Charles de Gaulle\/ Mitry<\/td>\n<td>A<\/td>\n<td>Ch\u00e2telet Les Halles<\/td>\n<\/tr>\n<tr>\n<td>Cambiar<\/td>\n<td>M\u00e9tro 1<\/td>\n<td>Chateau de Vincennes<\/td>\n<td>A<\/td>\n<td>Bastille<\/td>\n<\/tr>\n<tr>\n<td>Cambiar<\/td>\n<td>M\u00e9tro 8<\/td>\n<td>Cr\u00e9teil<\/td>\n<td>A<\/td>\n<td>Ledru \u2013 Rollin<\/td>\n<\/tr>\n<\/tbody>\n<\/table>\n<p style=\"text-align: left;\"><strong>Desde Charles de Gaulle<\/strong><\/p>\n<table>\n<tbody>\n<tr>\n<td>Tomar<\/td>\n<td>RER B<\/td>\n<td>Robinson \/ Antony \/ St Remy<\/td>\n<td>A<\/td>\n<td>Ch\u00e2telet Les Halles<\/td>\n<\/tr>\n<tr>\n<td>Cambiar<\/td>\n<td>M\u00e9tro 1<\/td>\n<td>Chateau de Vincennes<\/td>\n<td>A<\/td>\n<td>Bastille<\/td>\n<\/tr>\n<tr>\n<td>Cambiar<\/td>\n<td>M\u00e9tro 8<\/td>\n<td>Cr\u00e9teil<\/td>\n<td>A<\/td>\n<td>Ledru \u2013 Rollin<\/td>\n<\/tr>\n<\/tbody>\n<\/table>\n<p><a class=\"btn orange survol\" href=\"http:\/\/www.parisaeroport.fr\/\">Paginan web de Paris Airport<i class=\"fa fa-plus\" aria-hidden=\"true\"><\/i><\/a><\/p><\/div><\/div><div class=\"tab-content\" id=\"tab-2-content\"><div class=\"tabs-inner-padding\"><strong>En la estaci\u00f3n Bastille<\/strong>, tome la salida calle Faubourg Saint-Antoine. Siga despu\u00e9s las instrucciones de m\u00e1s abajo.<\/p>\n<p><img decoding=\"async\" class=\"aligncenter size-full wp-image-3992\" src=\"https:\/\/www.bastillehostel.com\/wp-content\/uploads\/2018\/06\/acces-depuis-metro.jpg\" alt=\"\" width=\"698\" height=\"414\" srcset=\"https:\/\/www.bastillehostel.com\/wp-content\/uploads\/2018\/06\/acces-depuis-metro.jpg 698w, https:\/\/www.bastillehostel.com\/wp-content\/uploads\/2018\/06\/acces-depuis-metro-300x178.jpg 300w\" sizes=\"(max-width: 698px) 100vw, 698px\" \/><br \/><\/div><\/div><div class=\"tab-content\" id=\"tab-3-content\"><div class=\"tabs-inner-padding\">Saliendo de la estaci\u00f3n Ledru-Rollin, estar\u00e1 directamente en la calle Faubourg Saint Antoine. Tiene que caminar por esta calle hasta el n\u00famero 126. En ese n\u00famero, gire a la izquierda: se encontrar\u00e1 en la calle Trousseau. El albergue juvenil Bastille Hostel est\u00e1 en el n\u00famero 6 de esta calle.<\/p>\n<p><img decoding=\"async\" class=\"aligncenter size-full wp-image-3992\" src=\"https:\/\/www.bastillehostel.com\/wp-content\/uploads\/2018\/06\/acces-depuis-metro.jpg\" alt=\"\" width=\"698\" height=\"414\" srcset=\"https:\/\/www.bastillehostel.com\/wp-content\/uploads\/2018\/06\/acces-depuis-metro.jpg 698w, https:\/\/www.bastillehostel.com\/wp-content\/uploads\/2018\/06\/acces-depuis-metro-300x178.jpg 300w\" sizes=\"(max-width: 698px) 100vw, 698px\" \/><br \/><\/div><\/div><div class=\"tab-content\" id=\"tab-4-content\"><div class=\"tabs-inner-padding\"><p style=\"text-align: left;\"><strong>Desde Gare du Nord \/ Gare de l&#8217;Est<\/strong><\/p>\n<table>\n<tbody>\n<tr>\n<td>Tomar<\/td>\n<td>M\u00e9tro 5<\/td>\n<td>Place d\u2019Italie<\/td>\n<td>A<\/td>\n<td>Bastille<\/td>\n<\/tr>\n<tr>\n<td>Cambiar<\/td>\n<td>M\u00e9tro 8<\/td>\n<td>Cr\u00e9teil<\/td>\n<td>A<\/td>\n<td>Ledru \u2013 Rollin<\/td>\n<\/tr>\n<\/tbody>\n<\/table>\n<p style=\"text-align: left;\"><strong>Desde Gare de Lyon<\/strong><\/p>\n<table>\n<tbody>\n<tr>\n<td>Tomar<\/td>\n<td>M\u00e9tro 1<\/td>\n<td>La D\u00e9fense<\/td>\n<td>A<\/td>\n<td>Bastille<\/td>\n<\/tr>\n<tr>\n<td>Cambiar<\/td>\n<td>M\u00e9tro 8<\/td>\n<td>Cr\u00e9teil<\/td>\n<td>A<\/td>\n<td>Ledru \u2013 Rollin<\/td>\n<\/tr>\n<\/tbody>\n<\/table>\n<p>Vous pouvez \u00e9galement venir \u00e0 pied depuis Bastille (10minutes).<br \/><\/div><\/div><\/div><!-- tabs-wrapper end --><div class=\"clear\"><\/div>\n\t\t\t\t\t<div class=\"clear\"><\/div>\n\t\t\t\t<\/div>\n\t\t\t<\/div>\n\t\t\t<div class=\"clear\"><\/div>\n\t\t\t\n","protected":false},"excerpt":{"rendered":"","protected":false},"author":1,"featured_media":0,"parent":0,"menu_order":0,"comment_status":"closed","ping_status":"closed","template":"page-FullWidth.php","meta":{"footnotes":""},"class_list":["post-142","page","type-page","status-publish","hentry"],"yoast_head":"<!-- This site is optimized with the Yoast SEO plugin v27.4 - https:\/\/yoast.com\/product\/yoast-seo-wordpress\/ -->\n<title>Acceso &amp; situaci\u00f3n: Barrio de la Bastilla - Bastille Hostel - Albergue Juvenil en Paris<\/title>\n<meta name=\"robots\" content=\"index, follow, max-snippet:-1, max-image-preview:large, max-video-preview:-1\" \/>\n<link rel=\"canonical\" href=\"https:\/\/www.bastillehostel.com\/es\/acceso-situacion-barrio-bastilla\/\" \/>\n<meta property=\"og:locale\" content=\"es_ES\" \/>\n<meta property=\"og:type\" content=\"article\" \/>\n<meta property=\"og:title\" content=\"Acceso &amp; situaci\u00f3n: Barrio de la Bastilla - Bastille Hostel - Albergue Juvenil en Paris\" \/>\n<meta property=\"og:url\" content=\"https:\/\/www.bastillehostel.com\/es\/acceso-situacion-barrio-bastilla\/\" \/>\n<meta property=\"og:site_name\" content=\"Bastille Hostel - Albergue Juvenil en Paris\" \/>\n<meta property=\"article:modified_time\" content=\"2018-06-19T13:40:29+00:00\" \/>\n<meta property=\"og:image\" content=\"https:\/\/www.bastillehostel.com\/wp-content\/uploads\/2018\/06\/acces-depuis-metro.jpg\" \/>\n<meta name=\"twitter:card\" content=\"summary_large_image\" \/>\n<meta name=\"twitter:label1\" content=\"Tiempo de lectura\" \/>\n\t<meta name=\"twitter:data1\" content=\"2 minutos\" \/>\n<script type=\"application\/ld+json\" class=\"yoast-schema-graph\">{\"@context\":\"https:\\\/\\\/schema.org\",\"@graph\":[{\"@type\":\"WebPage\",\"@id\":\"https:\\\/\\\/www.bastillehostel.com\\\/es\\\/acceso-situacion-barrio-bastilla\\\/\",\"url\":\"https:\\\/\\\/www.bastillehostel.com\\\/es\\\/acceso-situacion-barrio-bastilla\\\/\",\"name\":\"Acceso & situaci\u00f3n: Barrio de la Bastilla - Bastille Hostel - Albergue Juvenil en Paris\",\"isPartOf\":{\"@id\":\"https:\\\/\\\/www.bastillehostel.com\\\/fr\\\/#website\"},\"primaryImageOfPage\":{\"@id\":\"https:\\\/\\\/www.bastillehostel.com\\\/es\\\/acceso-situacion-barrio-bastilla\\\/#primaryimage\"},\"image\":{\"@id\":\"https:\\\/\\\/www.bastillehostel.com\\\/es\\\/acceso-situacion-barrio-bastilla\\\/#primaryimage\"},\"thumbnailUrl\":\"https:\\\/\\\/www.bastillehostel.com\\\/wp-content\\\/uploads\\\/2018\\\/06\\\/acces-depuis-metro.jpg\",\"datePublished\":\"2018-01-23T10:07:13+00:00\",\"dateModified\":\"2018-06-19T13:40:29+00:00\",\"breadcrumb\":{\"@id\":\"https:\\\/\\\/www.bastillehostel.com\\\/es\\\/acceso-situacion-barrio-bastilla\\\/#breadcrumb\"},\"inLanguage\":\"es\",\"potentialAction\":[{\"@type\":\"ReadAction\",\"target\":[\"https:\\\/\\\/www.bastillehostel.com\\\/es\\\/acceso-situacion-barrio-bastilla\\\/\"]}]},{\"@type\":\"ImageObject\",\"inLanguage\":\"es\",\"@id\":\"https:\\\/\\\/www.bastillehostel.com\\\/es\\\/acceso-situacion-barrio-bastilla\\\/#primaryimage\",\"url\":\"https:\\\/\\\/www.bastillehostel.com\\\/wp-content\\\/uploads\\\/2018\\\/06\\\/acces-depuis-metro.jpg\",\"contentUrl\":\"https:\\\/\\\/www.bastillehostel.com\\\/wp-content\\\/uploads\\\/2018\\\/06\\\/acces-depuis-metro.jpg\"},{\"@type\":\"BreadcrumbList\",\"@id\":\"https:\\\/\\\/www.bastillehostel.com\\\/es\\\/acceso-situacion-barrio-bastilla\\\/#breadcrumb\",\"itemListElement\":[{\"@type\":\"ListItem\",\"position\":1,\"name\":\"Home\",\"item\":\"https:\\\/\\\/www.bastillehostel.com\\\/es\\\/\"},{\"@type\":\"ListItem\",\"position\":2,\"name\":\"Acceso &#038; situaci\u00f3n: Barrio de la Bastilla\"}]},{\"@type\":\"WebSite\",\"@id\":\"https:\\\/\\\/www.bastillehostel.com\\\/fr\\\/#website\",\"url\":\"https:\\\/\\\/www.bastillehostel.com\\\/fr\\\/\",\"name\":\"Bastille Hostel - Albergue Juvenil en Paris\",\"description\":\"Bastille Hostel - Albergue Juvenil en Paris\",\"potentialAction\":[{\"@type\":\"SearchAction\",\"target\":{\"@type\":\"EntryPoint\",\"urlTemplate\":\"https:\\\/\\\/www.bastillehostel.com\\\/fr\\\/?s={search_term_string}\"},\"query-input\":{\"@type\":\"PropertyValueSpecification\",\"valueRequired\":true,\"valueName\":\"search_term_string\"}}],\"inLanguage\":\"es\"}]}<\/script>\n<!-- \/ Yoast SEO plugin. -->","yoast_head_json":{"title":"Acceso & situaci\u00f3n: Barrio de la Bastilla - Bastille Hostel - Albergue Juvenil en Paris","robots":{"index":"index","follow":"follow","max-snippet":"max-snippet:-1","max-image-preview":"max-image-preview:large","max-video-preview":"max-video-preview:-1"},"canonical":"https:\/\/www.bastillehostel.com\/es\/acceso-situacion-barrio-bastilla\/","og_locale":"es_ES","og_type":"article","og_title":"Acceso & situaci\u00f3n: Barrio de la Bastilla - Bastille Hostel - Albergue Juvenil en Paris","og_url":"https:\/\/www.bastillehostel.com\/es\/acceso-situacion-barrio-bastilla\/","og_site_name":"Bastille Hostel - Albergue Juvenil en Paris","article_modified_time":"2018-06-19T13:40:29+00:00","og_image":[{"url":"https:\/\/www.bastillehostel.com\/wp-content\/uploads\/2018\/06\/acces-depuis-metro.jpg","type":"","width":"","height":""}],"twitter_card":"summary_large_image","twitter_misc":{"Tiempo de lectura":"2 minutos"},"schema":{"@context":"https:\/\/schema.org","@graph":[{"@type":"WebPage","@id":"https:\/\/www.bastillehostel.com\/es\/acceso-situacion-barrio-bastilla\/","url":"https:\/\/www.bastillehostel.com\/es\/acceso-situacion-barrio-bastilla\/","name":"Acceso & situaci\u00f3n: Barrio de la Bastilla - Bastille Hostel - Albergue Juvenil en Paris","isPartOf":{"@id":"https:\/\/www.bastillehostel.com\/fr\/#website"},"primaryImageOfPage":{"@id":"https:\/\/www.bastillehostel.com\/es\/acceso-situacion-barrio-bastilla\/#primaryimage"},"image":{"@id":"https:\/\/www.bastillehostel.com\/es\/acceso-situacion-barrio-bastilla\/#primaryimage"},"thumbnailUrl":"https:\/\/www.bastillehostel.com\/wp-content\/uploads\/2018\/06\/acces-depuis-metro.jpg","datePublished":"2018-01-23T10:07:13+00:00","dateModified":"2018-06-19T13:40:29+00:00","breadcrumb":{"@id":"https:\/\/www.bastillehostel.com\/es\/acceso-situacion-barrio-bastilla\/#breadcrumb"},"inLanguage":"es","potentialAction":[{"@type":"ReadAction","target":["https:\/\/www.bastillehostel.com\/es\/acceso-situacion-barrio-bastilla\/"]}]},{"@type":"ImageObject","inLanguage":"es","@id":"https:\/\/www.bastillehostel.com\/es\/acceso-situacion-barrio-bastilla\/#primaryimage","url":"https:\/\/www.bastillehostel.com\/wp-content\/uploads\/2018\/06\/acces-depuis-metro.jpg","contentUrl":"https:\/\/www.bastillehostel.com\/wp-content\/uploads\/2018\/06\/acces-depuis-metro.jpg"},{"@type":"BreadcrumbList","@id":"https:\/\/www.bastillehostel.com\/es\/acceso-situacion-barrio-bastilla\/#breadcrumb","itemListElement":[{"@type":"ListItem","position":1,"name":"Home","item":"https:\/\/www.bastillehostel.com\/es\/"},{"@type":"ListItem","position":2,"name":"Acceso &#038; situaci\u00f3n: Barrio de la Bastilla"}]},{"@type":"WebSite","@id":"https:\/\/www.bastillehostel.com\/fr\/#website","url":"https:\/\/www.bastillehostel.com\/fr\/","name":"Bastille Hostel - Albergue Juvenil en Paris","description":"Bastille Hostel - Albergue Juvenil en Paris","potentialAction":[{"@type":"SearchAction","target":{"@type":"EntryPoint","urlTemplate":"https:\/\/www.bastillehostel.com\/fr\/?s={search_term_string}"},"query-input":{"@type":"PropertyValueSpecification","valueRequired":true,"valueName":"search_term_string"}}],"inLanguage":"es"}]}},"_links":{"self":[{"href":"https:\/\/www.bastillehostel.com\/es\/wp-json\/wp\/v2\/pages\/142","targetHints":{"allow":["GET"]}}],"collection":[{"href":"https:\/\/www.bastillehostel.com\/es\/wp-json\/wp\/v2\/pages"}],"about":[{"href":"https:\/\/www.bastillehostel.com\/es\/wp-json\/wp\/v2\/types\/page"}],"author":[{"embeddable":true,"href":"https:\/\/www.bastillehostel.com\/es\/wp-json\/wp\/v2\/users\/1"}],"replies":[{"embeddable":true,"href":"https:\/\/www.bastillehostel.com\/es\/wp-json\/wp\/v2\/comments?post=142"}],"version-history":[{"count":25,"href":"https:\/\/www.bastillehostel.com\/es\/wp-json\/wp\/v2\/pages\/142\/revisions"}],"predecessor-version":[{"id":4694,"href":"https:\/\/www.bastillehostel.com\/es\/wp-json\/wp\/v2\/pages\/142\/revisions\/4694"}],"wp:attachment":[{"href":"https:\/\/www.bastillehostel.com\/es\/wp-json\/wp\/v2\/media?parent=142"}],"curies":[{"name":"wp","href":"https:\/\/api.w.org\/{rel}","templated":true}]}}